{"id":129674,"date":"2023-05-14T13:51:09","date_gmt":"2023-05-14T13:51:09","guid":{"rendered":"http:\/\/talkpal.ai\/jaapani-keele-grammatika\/"},"modified":"2025-12-11T16:44:50","modified_gmt":"2025-12-11T16:44:50","slug":"jaapani-keele-grammatika","status":"publish","type":"page","link":"https:\/\/talkpal.ai\/et\/jaapani-keele-grammatika\/","title":{"rendered":"Jaapani keele grammatika"},"content":{"rendered":"\r\n\r\n\r\n<section class=\"languageChallengeSection\">\r\n    <div class=\"languageInfoWrapper\">\r\n        \r\n        <h1>Jaapani keele grammatika<\/h1>\r\n        <p>T\u00f5hustage oma <a href=\"https:\/\/talkpal.ai\/learn-japanese\/\">jaapani<\/a> keele oskust, omandades selgete selgituste ja n\u00e4idete abil olulisi grammatikapunkte. Alusta oma teekonda keeleoskuseni &#8211; sukeldu <a href=\"https:\/\/talkpal.ai\/et\/opi-jaapani-keel\/\">jaapani keele<\/a> grammatikasse juba t\u00e4na!<\/p>\r\n\r\n                            <a class=\"getStartedHidden\" href=\"https:\/\/app.talkpal.ai\/et\/signup?lng=\">Alusta<\/a>\r\n        \r\n    <\/div>\r\n\r\n    <figure>\r\n    <img decoding=\"async\" width=\"768\" height=\"768\" src=\"https:\/\/talkpal.ai\/wp-content\/uploads\/2023\/06\/japanese-768x768.png\" class=\"languageImage no-lazy\" alt=\"Language learning for world travelers\" fetchpriority=\"high\" sizes=\"(max-width: 768px) 150px, 768px\" srcset=\"https:\/\/talkpal.ai\/wp-content\/uploads\/2023\/06\/japanese-768x768.png 768w, https:\/\/talkpal.ai\/wp-content\/uploads\/2023\/06\/japanese-300x300.png 300w\" \/>\r\n    \r\n\r\n    <\/figure>\r\n\r\n            <a class=\"getStartedVisible\" href=\"https:\/\/app.talkpal.ai\/et\/signup?lng=\">Alusta<\/a>\r\n    \r\n<\/section>\r\n<section class=\"promotionalBanner\">\r\n    <p class=\"promotionalText\">K\u00f5ige t\u00f5husam viis keele \u00f5ppimiseks<\/p>\r\n    <a class=\"promotionalLink\" href=\"https:\/\/app.talkpal.ai\/et\/signup?lng=\">Proovige Talkpal tasuta<\/a>\r\n<\/section>\n<div class=\"wp-block-group pageContainerStyle\"><div class=\"wp-block-group__inner-container is-layout-constrained wp-block-group-is-layout-constrained\">\n<h2 class=\"wp-block-heading\" id=\"h-mastering-the-intricacies-of-japanese-grammar\">Jaapani grammatika keerukuste omandamine<\/h2>\n\n\n\n<p><a href=\"https:\/\/talkpal.ai\/talkpal-discount-for-language-enthusiasts\/\">Keelehuvilised<\/a> leiavad sageli, et jaapani keel on p\u00f5nev ja keeruline keel, mida \u00f5ppida, suuresti t\u00e4nu oma ainulaadsele grammatikas\u00fcsteemile. Sellest hoolimata v\u00f5ib <a href=\"https:\/\/talkpal.ai\/japanese-grammar\/\">Jaapani grammatika<\/a> m\u00f5istmine oluliselt parandada teie suhtlemisoskust ja kultuurilist m\u00f5istmist. Selles artiklis k\u00e4sitleme jaapani keele <a href=\"https:\/\/talkpal.ai\/greek-grammar\/\">grammatika<\/a> mitmeid olulisi aspekte, mis aitavad teil keele\u00f5ppe teekonnal. Niisiis, pange kinni ja sukeldume jaapani keele grammatika paeluvasse maailma.<\/p>\n\n\n\n<h3 class=\"wp-block-heading\" id=\"h-1-sentence-structure-sov\">1. Lauseehitus: SOV<\/h3>\n\n\n\n<p>Erinevalt <a href=\"https:\/\/talkpal.ai\/learn-english\/\">inglise<\/a> keelest (subjekt &#8211; verb &#8211; objekt ehk SVO) j\u00e4rgib jaapani keel subjekt &#8211; objekt &#8211; verb (SOV) lause struktuuri. See t\u00e4hendab, et tegus\u00f5na on lauses tavaliselt viimane. Selle ainulaadse s\u00f5nade j\u00e4rjekorra riputamine on jaapani keeles arusaadavate lausete moodustamisel \u00fclioluline.<\/p>\n\n\n\n<p>N\u00e4ide:  <\/p>\n\n\n\n<p>&#8211; \u308f\u305f\u3057\u306f\u308a\u3093\u3054\u3092\u305f\u3079\u307e\u3059\u3002 (Ma s\u00f6\u00f6n \u00f5una)<\/p>\n\n\n\n<p>&#8211; Watashi wa ringo o tabemasu. (valgustatud. Ma \u00f5unas\u00f6\u00f6n)<\/p>\n\n\n\n<h3 class=\"wp-block-heading\" id=\"h-2-particles-the-sentence-connectors\">2. Osakesed: lause\u00fchendused<\/h3>\n\n\n\n<p>Partiklid m\u00e4ngivad jaapani keele grammatikas olulist rolli, t\u00e4histades s\u00f5na funktsiooni lauses. M\u00f5ned tavalised osakesed on \u306f (wa), \u3092 (o), \u304c (ga), \u3067 (de) ja \u306b (ni). Kui m\u00f5istate, kuidas need osakesed toimivad, leiate, et jaapani keele lausete de\u0161ifreerimine ja koostamine muutub oluliselt lihtsamaks.<\/p>\n\n\n\n<h3 class=\"wp-block-heading\" id=\"h-3-verbs-an-introduction-to-conjugation\">3. Tegus\u00f5nad: sissejuhatus konjugatsiooni<\/h3>\n\n\n\n<p>Jaapani verbidel on kolm peamist r\u00fchma, mida eristatakse nende p\u00f5hivormi l\u00f5pu j\u00e4rgi. Neid r\u00fchmi arvestatakse pinge, viisakuse ja meeleolu konjugeerimisel. Hea uudis on see, et Jaapani verbid ei muutu teema p\u00f5hjal, muutes need v\u00e4hem keeruliseks kui m\u00f5nes teises keeles.<\/p>\n\n\n\n<p>&#8211; R\u00fchm 1: U-verbid<\/p>\n\n\n\n<p>&#8211; R\u00fchm 2: Ru-verbid<\/p>\n\n\n\n<p>&#8211; R\u00fchm 3: ebaregulaarsed verbid (ainult kaks verbi &#8211; \u3059\u308b (suru) ja \u6765\u308b (kuru))<\/p>\n\n\n\n<h3 class=\"wp-block-heading\" id=\"h-4-politeness-levels\">4. Viisakuse tase<\/h3>\n\n\n\n<p>Jaapani keel on rikas viisakuskeel ja seda peegeldab ka keele grammatika. On kolm peamist viisakustaset: juhuslik, viisakas ja auv\u00e4\u00e4rne. Nende n\u00f5uetekohane \u00e4ratundmine ja kasutamine on loomuliku ja lugupidava suhtluse jaoks h\u00e4davajalik.<\/p>\n\n\n\n<p>&#8211; Casual: lihtsad verbivormid (nt \u98df\u3079\u308b &#8211; taberu &#8211; s\u00fc\u00fca)<\/p>\n\n\n\n<p>&#8211; viisakas: \u307e\u3059 (masu) konjugatsioon (nt \u98df\u3079\u307e\u3059 &#8211; tabemasu &#8211; s\u00fc\u00fca (viisakalt))<\/p>\n\n\n\n<p>&#8211; aunimetus: spetsiaalsed liits\u00f5nad ja eesliited (nt \u304a\u53ec\u3057\u4e0a\u304c\u308a\u306b\u306a\u308b &#8211; omeshiagari ni naru &#8211; s\u00fc\u00fca (aunimetus))<\/p>\n\n\n\n<h3 class=\"wp-block-heading\" id=\"h-5-japanese-adjectives\">5. Jaapani omaduss\u00f5nad<\/h3>\n\n\n\n<p>Jaapani omaduss\u00f5nu on kahte t\u00fc\u00fcpi: i-omaduss\u00f5nad ja na-omaduss\u00f5nad. M\u00f5lemal t\u00fc\u00fcbil on unikaalsed konjugatsioonireeglid ja nad suhtlevad nimis\u00f5nadega erinevalt. Nende kahe omaduss\u00f5na t\u00fc\u00fcbi kasutamise valdamine on jaapani keeles t\u00f5husa suhtluse jaoks kriitilise t\u00e4htsusega.<\/p>\n\n\n\n<h3 class=\"wp-block-heading\" id=\"h-6-engaging-with-the-language\">6. Keelega tegelemine<\/h3>\n\n\n\n<p>\u00dcks t\u00f5husamaid viise Jaapani grammatika \u00f5ppimiseks on keelega j\u00e4rjepidevalt suhelda. Alates Jaapani filmide ja anime vaatamisest kuni emakeelena k\u00f5nelejatega vestlusvahetuses osalemiseni aitab keele sukeldumine tugevdada grammatikakontseptsioone ja laiendada oma s\u00f5navara.<\/p>\n\n\n\n<h3 class=\"wp-block-heading\" id=\"h-conclusion\">Kokkuv\u00f5te<\/h3>\n\n\n\n<p>Ehkki jaapani keele grammatika v\u00f5ib alguses tunduda \u00fcle j\u00f5u k\u00e4ivana, leiad end p\u00fchendumise ja ajaga h\u00f5lpsasti selle keerukuses orienteerumas. Oluline on j\u00e4\u00e4da uudishimulikuks ja harjutada regulaarselt. \u00d5nn oma teekonnal jaapani keele grammatika omandamise poole ja nautige keelelist seiklust!<\/p>\n<\/div><\/div>\n\r\n<section class=\"learnNavigationSection\">\r\n            \r\n        <a href=\"https:\/\/talkpal.ai\/et\/opi-jaapani-keel\/\">\r\n            <div class=\"learnNavigationWrapper\">\r\n                <div class=\"learnNavigationContent\">\r\n                    <img decoding=\"async\" src=\"https:\/\/talkpal.ai\/wp-content\/uploads\/2024\/08\/Japanese.jpg\" alt=\"Japanese Flag\">\r\n                    <div>\r\n                        <h4>Jaapani keele \u00f5ppimisest<\/h4>\r\n                        <p>Uuri k\u00f5ike jaapani keele grammatika kohta.<\/p>\r\n                    <\/div>\r\n                <\/div>\r\n            <\/div>\r\n        <\/a>\r\n\r\n        \r\n        <a href=\"https:\/\/talkpal.ai\/et\/jaapani-keele-grammatika-harjutused\/\">\r\n            <div class=\"learnNavigationWrapper\">\r\n                <div class=\"learnNavigationContent\">\r\n                    <img decoding=\"async\" src=\"https:\/\/talkpal.ai\/wp-content\/uploads\/2024\/08\/Japanese.jpg\" alt=\"Japanese Flag\">\r\n                    <div>\r\n                        <h4>Jaapani keele grammatika harjutus<\/h4>\r\n                        <p>Harjutage jaapani keele grammatikat.<\/p>\r\n                    <\/div>\r\n                <\/div>\r\n            <\/div>\r\n        <\/a>\r\n\r\n        \r\n        <a href=\"https:\/\/talkpal.ai\/vocabulary_language\/japanese\/\">\r\n            <div class=\"learnNavigationWrapper\">\r\n                <div class=\"learnNavigationContent\">\r\n                    <img decoding=\"async\" src=\"https:\/\/talkpal.ai\/wp-content\/uploads\/2024\/08\/Japanese.jpg\" alt=\"Japanese Flag\">\r\n                    <div>\r\n                        <h4>Jaapani s\u00f5navara<\/h4>\r\n                        <p>Laiendage oma jaapani keele s\u00f5navara.<\/p>\r\n                    <\/div>\r\n                <\/div>\r\n            <\/div>\r\n        <\/a>\r\n\r\n            <\/section>","protected":false},"excerpt":{"rendered":"<p>Jaapani grammatika keerukuste omandamine Keelehuvilised leiavad sageli, et jaapani keel on p\u00f5nev ja keeruline keel, mida \u00f5ppida, suuresti t\u00e4nu oma ainulaadsele grammatikas\u00fcsteemile. Sellest hoolimata v\u00f5ib Jaapani grammatika m\u00f5istmine oluliselt parandada teie suhtlemisoskust ja kultuurilist m\u00f5istmist. Selles artiklis k\u00e4sitleme jaapani keele grammatika mitmeid olulisi aspekte, mis aitavad teil keele\u00f5ppe teekonnal. Niisiis, pange kinni ja sukeldume jaapani [&hellip;]<\/p>\n","protected":false},"author":1,"featured_media":107305,"parent":0,"menu_order":0,"comment_status":"closed","ping_status":"closed","template":"LearningContentPage.php","meta":{"_acf_changed":false,"footnotes":""},"class_list":["post-129674","page","type-page","status-publish","has-post-thumbnail","hentry"],"acf":[],"yoast_head":"<!-- This site is optimized with the Yoast SEO Premium plugin v27.2 (Yoast SEO v27.2) - https:\/\/yoast.com\/product\/yoast-seo-premium-wordpress\/ -->\n<title>Jaapani keele grammatika - Talkpal<\/title>\n<meta name=\"description\" content=\"\u00d5ppige jaapani keele grammatikat meie tehisintellekti keele\u00f5ppe rakendusega. Parandage oma keeleoskust h\u00f5lpsasti l\u00e4bi Talkpaltehisintellekti toega.\" \/>\n<meta name=\"robots\" content=\"index, follow, max-snippet:-1, max-image-preview:large, max-video-preview:-1\" \/>\n<link rel=\"canonical\" href=\"https:\/\/talkpal.ai\/et\/jaapani-keele-grammatika\/\" \/>\n<meta property=\"og:locale\" content=\"et_EE\" \/>\n<meta property=\"og:type\" content=\"article\" \/>\n<meta property=\"og:title\" content=\"Jaapani keele grammatika\" \/>\n<meta property=\"og:description\" content=\"Jaapani grammatika keerukuste omandamine Keelehuvilised leiavad sageli, et jaapani keel on p\u00f5nev ja keeruline keel, mida \u00f5ppida, suuresti t\u00e4nu oma\" \/>\n<meta property=\"og:url\" content=\"https:\/\/talkpal.ai\/et\/jaapani-keele-grammatika\/\" \/>\n<meta property=\"og:site_name\" content=\"Talkpal\" \/>\n<meta property=\"article:publisher\" content=\"https:\/\/www.facebook.com\/profile.php?id=100090733639311\" \/>\n<meta property=\"article:modified_time\" content=\"2025-12-11T16:44:50+00:00\" \/>\n<meta property=\"og:image\" content=\"https:\/\/talkpal.ai\/wp-content\/uploads\/2023\/04\/japan.png\" \/>\n\t<meta property=\"og:image:width\" content=\"512\" \/>\n\t<meta property=\"og:image:height\" content=\"512\" \/>\n\t<meta property=\"og:image:type\" content=\"image\/png\" \/>\n<meta name=\"twitter:card\" content=\"summary_large_image\" \/>\n<meta name=\"twitter:site\" content=\"@talkpalai\" \/>\n<meta name=\"twitter:label1\" content=\"Est. reading time\" \/>\n\t<meta name=\"twitter:data1\" content=\"2 minutit\" \/>\n<script type=\"application\/ld+json\" class=\"yoast-schema-graph\">{\"@context\":\"https:\/\/schema.org\",\"@graph\":[{\"@type\":\"WebPage\",\"@id\":\"https:\/\/talkpal.ai\/et\/jaapani-keele-grammatika\/\",\"url\":\"https:\/\/talkpal.ai\/et\/jaapani-keele-grammatika\/\",\"name\":\"Jaapani keele grammatika - Talkpal\",\"isPartOf\":{\"@id\":\"https:\/\/talkpal.ai\/et\/#website\"},\"primaryImageOfPage\":{\"@id\":\"https:\/\/talkpal.ai\/et\/jaapani-keele-grammatika\/#primaryimage\"},\"image\":{\"@id\":\"https:\/\/talkpal.ai\/et\/jaapani-keele-grammatika\/#primaryimage\"},\"thumbnailUrl\":\"https:\/\/talkpal.ai\/wp-content\/uploads\/2023\/04\/japan.png\",\"datePublished\":\"2023-05-14T13:51:09+00:00\",\"dateModified\":\"2025-12-11T16:44:50+00:00\",\"description\":\"\u00d5ppige jaapani keele grammatikat meie tehisintellekti keele\u00f5ppe rakendusega. Parandage oma keeleoskust h\u00f5lpsasti l\u00e4bi Talkpaltehisintellekti toega.\",\"breadcrumb\":{\"@id\":\"https:\/\/talkpal.ai\/et\/jaapani-keele-grammatika\/#breadcrumb\"},\"inLanguage\":\"et\",\"potentialAction\":[{\"@type\":\"ReadAction\",\"target\":[\"https:\/\/talkpal.ai\/et\/jaapani-keele-grammatika\/\"]}]},{\"@type\":\"ImageObject\",\"inLanguage\":\"et\",\"@id\":\"https:\/\/talkpal.ai\/et\/jaapani-keele-grammatika\/#primaryimage\",\"url\":\"https:\/\/talkpal.ai\/wp-content\/uploads\/2023\/04\/japan.png\",\"contentUrl\":\"https:\/\/talkpal.ai\/wp-content\/uploads\/2023\/04\/japan.png\",\"width\":512,\"height\":512},{\"@type\":\"BreadcrumbList\",\"@id\":\"https:\/\/talkpal.ai\/et\/jaapani-keele-grammatika\/#breadcrumb\",\"itemListElement\":[{\"@type\":\"ListItem\",\"position\":1,\"name\":\"Homepage\",\"item\":\"https:\/\/talkpal.ai\/et\/\"},{\"@type\":\"ListItem\",\"position\":2,\"name\":\"Jaapani keele grammatika\"}]},{\"@type\":\"WebSite\",\"@id\":\"https:\/\/talkpal.ai\/et\/#website\",\"url\":\"https:\/\/talkpal.ai\/et\/\",\"name\":\"Talkpal\",\"description\":\"AI Language Learning\",\"publisher\":{\"@id\":\"https:\/\/talkpal.ai\/et\/#organization\"},\"alternateName\":\"Talkpal AI\",\"potentialAction\":[{\"@type\":\"SearchAction\",\"target\":{\"@type\":\"EntryPoint\",\"urlTemplate\":\"https:\/\/talkpal.ai\/et\/?s={search_term_string}\"},\"query-input\":{\"@type\":\"PropertyValueSpecification\",\"valueRequired\":true,\"valueName\":\"search_term_string\"}}],\"inLanguage\":\"et\"},{\"@type\":\"Organization\",\"@id\":\"https:\/\/talkpal.ai\/et\/#organization\",\"name\":\"Talkpal, Inc.\",\"alternateName\":\"Talkpal AI\",\"url\":\"https:\/\/talkpal.ai\/et\/\",\"logo\":{\"@type\":\"ImageObject\",\"inLanguage\":\"et\",\"@id\":\"https:\/\/talkpal.ai\/et\/#\/schema\/logo\/image\/\",\"url\":\"https:\/\/talkpal.ai\/wp-content\/uploads\/2024\/03\/Talkpal-Logo-Icon.png\",\"contentUrl\":\"https:\/\/talkpal.ai\/wp-content\/uploads\/2024\/03\/Talkpal-Logo-Icon.png\",\"width\":2880,\"height\":2880,\"caption\":\"Talkpal, Inc.\"},\"image\":{\"@id\":\"https:\/\/talkpal.ai\/et\/#\/schema\/logo\/image\/\"},\"sameAs\":[\"https:\/\/www.facebook.com\/profile.php?id=100090733639311\",\"https:\/\/x.com\/talkpalai\",\"https:\/\/www.linkedin.com\/company\/talkpal\/\",\"https:\/\/www.youtube.com\/@TalkPal\/\",\"https:\/\/www.tiktok.com\/@talkpal\",\"https:\/\/www.instagram.com\/talkpal_ai\/\",\"https:\/\/www.crunchbase.com\/organization\/talkpal-9cde\",\"https:\/\/www.g2.com\/products\/talkpal-for-business\/\",\"https:\/\/www.trustpilot.com\/review\/talkpal.ai\",\"https:\/\/www.capterra.com\/p\/10006800\/TalkPal\/\"],\"description\":\"Talkpal is a language learning web and mobile education app, powered by the latest AI technologies, that provides engaging experiences to its customers in many different languages to help them improve their language skills. Users can chat about unlimited amount of topics with the app and use other modes to practice their language learning.\",\"email\":\"support@talkpal.ai\",\"legalName\":\"Talkpal, Inc.\",\"foundingDate\":\"2023-04-03\",\"duns\":\"118989042\",\"numberOfEmployees\":{\"@type\":\"QuantitativeValue\",\"minValue\":\"11\",\"maxValue\":\"50\"},\"publishingPrinciples\":\"https:\/\/talkpal.ai\/publishing-principles\/\",\"actionableFeedbackPolicy\":\"https:\/\/talkpal.ai\/actionable-feedback-policy\/\",\"correctionsPolicy\":\"https:\/\/talkpal.ai\/corrections-policy\/\",\"ethicsPolicy\":\"https:\/\/talkpal.ai\/ethics-policy\/\",\"diversityPolicy\":\"https:\/\/talkpal.ai\/diversity-policy\/\",\"diversityStaffingReport\":\"https:\/\/talkpal.ai\/diversity-policy\/\"}]}<\/script>\n<!-- \/ Yoast SEO Premium plugin. -->","yoast_head_json":{"title":"Jaapani keele grammatika - Talkpal","description":"\u00d5ppige jaapani keele grammatikat meie tehisintellekti keele\u00f5ppe rakendusega. Parandage oma keeleoskust h\u00f5lpsasti l\u00e4bi Talkpaltehisintellekti toega.","robots":{"index":"index","follow":"follow","max-snippet":"max-snippet:-1","max-image-preview":"max-image-preview:large","max-video-preview":"max-video-preview:-1"},"canonical":"https:\/\/talkpal.ai\/et\/jaapani-keele-grammatika\/","og_locale":"et_EE","og_type":"article","og_title":"Jaapani keele grammatika","og_description":"Jaapani grammatika keerukuste omandamine Keelehuvilised leiavad sageli, et jaapani keel on p\u00f5nev ja keeruline keel, mida \u00f5ppida, suuresti t\u00e4nu oma","og_url":"https:\/\/talkpal.ai\/et\/jaapani-keele-grammatika\/","og_site_name":"Talkpal","article_publisher":"https:\/\/www.facebook.com\/profile.php?id=100090733639311","article_modified_time":"2025-12-11T16:44:50+00:00","og_image":[{"width":512,"height":512,"url":"https:\/\/talkpal.ai\/wp-content\/uploads\/2023\/04\/japan.png","type":"image\/png"}],"twitter_card":"summary_large_image","twitter_site":"@talkpalai","twitter_misc":{"Est. reading time":"2 minutit"},"schema":{"@context":"https:\/\/schema.org","@graph":[{"@type":"WebPage","@id":"https:\/\/talkpal.ai\/et\/jaapani-keele-grammatika\/","url":"https:\/\/talkpal.ai\/et\/jaapani-keele-grammatika\/","name":"Jaapani keele grammatika - Talkpal","isPartOf":{"@id":"https:\/\/talkpal.ai\/et\/#website"},"primaryImageOfPage":{"@id":"https:\/\/talkpal.ai\/et\/jaapani-keele-grammatika\/#primaryimage"},"image":{"@id":"https:\/\/talkpal.ai\/et\/jaapani-keele-grammatika\/#primaryimage"},"thumbnailUrl":"https:\/\/talkpal.ai\/wp-content\/uploads\/2023\/04\/japan.png","datePublished":"2023-05-14T13:51:09+00:00","dateModified":"2025-12-11T16:44:50+00:00","description":"\u00d5ppige jaapani keele grammatikat meie tehisintellekti keele\u00f5ppe rakendusega. Parandage oma keeleoskust h\u00f5lpsasti l\u00e4bi Talkpaltehisintellekti toega.","breadcrumb":{"@id":"https:\/\/talkpal.ai\/et\/jaapani-keele-grammatika\/#breadcrumb"},"inLanguage":"et","potentialAction":[{"@type":"ReadAction","target":["https:\/\/talkpal.ai\/et\/jaapani-keele-grammatika\/"]}]},{"@type":"ImageObject","inLanguage":"et","@id":"https:\/\/talkpal.ai\/et\/jaapani-keele-grammatika\/#primaryimage","url":"https:\/\/talkpal.ai\/wp-content\/uploads\/2023\/04\/japan.png","contentUrl":"https:\/\/talkpal.ai\/wp-content\/uploads\/2023\/04\/japan.png","width":512,"height":512},{"@type":"BreadcrumbList","@id":"https:\/\/talkpal.ai\/et\/jaapani-keele-grammatika\/#breadcrumb","itemListElement":[{"@type":"ListItem","position":1,"name":"Homepage","item":"https:\/\/talkpal.ai\/et\/"},{"@type":"ListItem","position":2,"name":"Jaapani keele grammatika"}]},{"@type":"WebSite","@id":"https:\/\/talkpal.ai\/et\/#website","url":"https:\/\/talkpal.ai\/et\/","name":"Talkpal","description":"AI Language Learning","publisher":{"@id":"https:\/\/talkpal.ai\/et\/#organization"},"alternateName":"Talkpal AI","potentialAction":[{"@type":"SearchAction","target":{"@type":"EntryPoint","urlTemplate":"https:\/\/talkpal.ai\/et\/?s={search_term_string}"},"query-input":{"@type":"PropertyValueSpecification","valueRequired":true,"valueName":"search_term_string"}}],"inLanguage":"et"},{"@type":"Organization","@id":"https:\/\/talkpal.ai\/et\/#organization","name":"Talkpal, Inc.","alternateName":"Talkpal AI","url":"https:\/\/talkpal.ai\/et\/","logo":{"@type":"ImageObject","inLanguage":"et","@id":"https:\/\/talkpal.ai\/et\/#\/schema\/logo\/image\/","url":"https:\/\/talkpal.ai\/wp-content\/uploads\/2024\/03\/Talkpal-Logo-Icon.png","contentUrl":"https:\/\/talkpal.ai\/wp-content\/uploads\/2024\/03\/Talkpal-Logo-Icon.png","width":2880,"height":2880,"caption":"Talkpal, Inc."},"image":{"@id":"https:\/\/talkpal.ai\/et\/#\/schema\/logo\/image\/"},"sameAs":["https:\/\/www.facebook.com\/profile.php?id=100090733639311","https:\/\/x.com\/talkpalai","https:\/\/www.linkedin.com\/company\/talkpal\/","https:\/\/www.youtube.com\/@TalkPal\/","https:\/\/www.tiktok.com\/@talkpal","https:\/\/www.instagram.com\/talkpal_ai\/","https:\/\/www.crunchbase.com\/organization\/talkpal-9cde","https:\/\/www.g2.com\/products\/talkpal-for-business\/","https:\/\/www.trustpilot.com\/review\/talkpal.ai","https:\/\/www.capterra.com\/p\/10006800\/TalkPal\/"],"description":"Talkpal is a language learning web and mobile education app, powered by the latest AI technologies, that provides engaging experiences to its customers in many different languages to help them improve their language skills. Users can chat about unlimited amount of topics with the app and use other modes to practice their language learning.","email":"support@talkpal.ai","legalName":"Talkpal, Inc.","foundingDate":"2023-04-03","duns":"118989042","numberOfEmployees":{"@type":"QuantitativeValue","minValue":"11","maxValue":"50"},"publishingPrinciples":"https:\/\/talkpal.ai\/publishing-principles\/","actionableFeedbackPolicy":"https:\/\/talkpal.ai\/actionable-feedback-policy\/","correctionsPolicy":"https:\/\/talkpal.ai\/corrections-policy\/","ethicsPolicy":"https:\/\/talkpal.ai\/ethics-policy\/","diversityPolicy":"https:\/\/talkpal.ai\/diversity-policy\/","diversityStaffingReport":"https:\/\/talkpal.ai\/diversity-policy\/"}]}},"_links":{"self":[{"href":"https:\/\/talkpal.ai\/et\/wp-json\/wp\/v2\/pages\/129674","targetHints":{"allow":["GET"]}}],"collection":[{"href":"https:\/\/talkpal.ai\/et\/wp-json\/wp\/v2\/pages"}],"about":[{"href":"https:\/\/talkpal.ai\/et\/wp-json\/wp\/v2\/types\/page"}],"author":[{"embeddable":true,"href":"https:\/\/talkpal.ai\/et\/wp-json\/wp\/v2\/users\/1"}],"replies":[{"embeddable":true,"href":"https:\/\/talkpal.ai\/et\/wp-json\/wp\/v2\/comments?post=129674"}],"version-history":[{"count":0,"href":"https:\/\/talkpal.ai\/et\/wp-json\/wp\/v2\/pages\/129674\/revisions"}],"wp:featuredmedia":[{"embeddable":true,"href":"https:\/\/talkpal.ai\/et\/wp-json\/wp\/v2\/media\/107305"}],"wp:attachment":[{"href":"https:\/\/talkpal.ai\/et\/wp-json\/wp\/v2\/media?parent=129674"}],"curies":[{"name":"wp","href":"https:\/\/api.w.org\/{rel}","templated":true}]}}