{"id":129389,"date":"2023-05-14T13:50:44","date_gmt":"2023-05-14T13:50:44","guid":{"rendered":"http:\/\/talkpal.ai\/hindi-grammatika\/"},"modified":"2025-12-13T15:12:59","modified_gmt":"2025-12-13T15:12:59","slug":"hindi-grammatika","status":"publish","type":"page","link":"https:\/\/talkpal.ai\/et\/hindi-grammatika\/","title":{"rendered":"Hindi grammatika"},"content":{"rendered":"\r\n\r\n\r\n<section class=\"languageChallengeSection\">\r\n    <div class=\"languageInfoWrapper\">\r\n        \r\n        <h1>Hindi grammatika<\/h1>\r\n        <p>Kas oled valmis <a href=\"https:\/\/talkpal.ai\/learn-hindi\/\">hindi<\/a> keelt \u00f5ppima? Sukeldu hindi keele grammatikasse, kus soop\u00f5hised nimis\u00f5nad, subjekti-objekti-verbi lausekonstruktsioon ja v\u00e4ljendusrikkad verbi\u00fchendid annavad keelele elu. Alustage oma hindi keele teekonda juba t\u00e4na &#8211; selle <a href=\"https:\/\/talkpal.ai\/greek-grammar\/\">grammatika<\/a> omandamine annab teile v\u00f5imaluse enesekindlalt suhelda ja luua side India elava kultuuri ja traditsioonidega!<\/p>\r\n\r\n                            <a class=\"getStartedHidden\" href=\"https:\/\/app.talkpal.ai\/et\/signup?lng=\">Alusta<\/a>\r\n        \r\n    <\/div>\r\n\r\n    <figure>\r\n    <img decoding=\"async\" width=\"768\" height=\"768\" src=\"https:\/\/talkpal.ai\/wp-content\/uploads\/2023\/06\/hindi-768x768.png\" class=\"languageImage no-lazy\" alt=\"Language learning for mental agility\" fetchpriority=\"high\" sizes=\"(max-width: 768px) 150px, 768px\" srcset=\"https:\/\/talkpal.ai\/wp-content\/uploads\/2023\/06\/hindi-768x768.png 768w, https:\/\/talkpal.ai\/wp-content\/uploads\/2023\/06\/hindi-300x300.png 300w\" \/>\r\n    \r\n\r\n    <\/figure>\r\n\r\n            <a class=\"getStartedVisible\" href=\"https:\/\/app.talkpal.ai\/et\/signup?lng=\">Alusta<\/a>\r\n    \r\n<\/section>\r\n<section class=\"promotionalBanner\">\r\n    <p class=\"promotionalText\">K\u00f5ige t\u00f5husam viis keele \u00f5ppimiseks<\/p>\r\n    <a class=\"promotionalLink\" href=\"https:\/\/app.talkpal.ai\/et\/signup?lng=\">Proovige Talkpal tasuta<\/a>\r\n<\/section>\n<div class=\"wp-block-group pageContainerStyle\"><div class=\"wp-block-group__inner-container is-layout-constrained wp-block-group-is-layout-constrained\">\n<h2 class=\"wp-block-heading\" id=\"h-mastering-hindi-grammar-your-ultimate-guide\">Hindi grammatika valdamine: teie \u00fclim juhend<\/h2>\n\n\n\n<p>Namaste, <a href=\"https:\/\/talkpal.ai\/talkpal-discount-for-language-enthusiasts\/\">keelehuvilised<\/a>! Kas olete valmis uurima <a href=\"https:\/\/talkpal.ai\/hindi-grammar\/\">hindi grammatika<\/a> maailma? Olete j\u00f5udnud \u00f5igesse kohta. See artikkel, mis on t\u00e4is kergesti m\u00f5istetavat teavet ja vestluslikku tooni, juhatab teid l\u00e4bi <a href=\"https:\/\/talkpal.ai\/hindi-grammar\/\">hindi grammatika<\/a> p\u00f5neva valdkonna. Peagi suudate te luua lauseid ja pidada emakeelena k\u00f5nelejatega sisukaid vestlusi. Niisiis, sukeldume kohe sisse!<\/p>\n\n\n\n<p><strong>Aga k\u00f5igepealt, miks hindi grammatika?<\/strong><\/p>\n\n\n\n<p>Kui \u00f5pid <a href=\"https:\/\/talkpal.ai\/et\/opi-hindi-keelt\/\">hindi keelt<\/a>, on tugev grammatika baas v\u00e4ga oluline, et r\u00e4\u00e4kida, lugeda ja kirjutada vabalt. Kuigi hindi grammatika v\u00f5ib esialgu tunduda keeruline, muutub see v\u00e4iksemateks, hallatavateks segmentideks jagatuna ligip\u00e4\u00e4setavamaks. See artikkel on ideaalne koht, kus alustada oma teekonda hindi grammatika omandamise suunas!<\/p>\n\n\n\n<h3 class=\"wp-block-heading\" id=\"h-1-nouns-gender-and-cases\">1. Nimis\u00f5nad, sugu ja juhtumid<\/h3>\n\n\n\n<p>Hindi nimis\u00f5nad on kahes soos: mehelik ja naiselik. Oluline on tuvastada nimis\u00f5nade sugu, sest see m\u00f5jutab teisi s\u00f5naliike, n\u00e4iteks omaduss\u00f5nu ja verbe.  <\/p>\n\n\n\n<p>Lihtne rusikareegel: kui nimis\u00f5na l\u00f5peb \u201e-aa\u201c (\u201e\u0906\u201c), siis on see tavaliselt mehelik, samas kui nimis\u00f5na, mis l\u00f5peb \u201e-ii\u201c (\u201e\u0908\u201c), on tavaliselt naiselik. Kuid pidage meeles &#8211; nagu alati, erandid on olemas!  <\/p>\n\n\n\n<p>Hindi nimis\u00f5nad on erinevates vormides s\u00f5ltuvalt nende rollist lauses (subjekt, objekt, omastav jne). Neid vorme nimetatakse juhtumiteks. Hindi keeles on p\u00f5hilised k\u00e4\u00e4ndejuhud otsene (\u201e\u0906\u092e \u0915\u094d\u0930\u092e\u201c), kalduv (\u201e\u0909\u092a \u0935\u093f\u0932\u094b\u092e\u201c) ja vokaat (\u201e\u0938\u0902\u092c\u094b\u0927\u0928\u201c).<\/p>\n\n\n\n<h3 class=\"wp-block-heading\" id=\"h-2-pronouns-and-agreement\">2. Ases\u00f5nad ja kokkulepe<\/h3>\n\n\n\n<p>Hindi ases\u00f5nad (mina, sina, ta, ta jne) muutuvad vastavalt soole ja hierarhiale. N\u00e4iteks: \u092e\u0948\u0902 (main &#8211; mina), \u0924\u0941\u092e (tum &#8211; sina, mitteametlik), \u0906\u092a (aap &#8211; sina, ametlik), \u0935\u0939 (vah &#8211; ta\/seda), \u0939\u092e (hum &#8211; me) ja \u0935\u0947 (ve &#8211; nad).  <\/p>\n\n\n\n<p>Pronoomenite kasutamisel on oluline olla teadlik hierarhiast. N\u00e4iteks kui \u201e\u0924\u0941\u092e\u201c v\u00f5ib olla asjakohane s\u00f5prade seas, siis \u201e\u0906\u092a\u201c kasutamine n\u00e4itab austust, kui p\u00f6\u00f6rdutakse vanemate v\u00f5i v\u00f5\u00f5raste <a href=\"https:\/\/talkpal.ai\/locations\/learn-english-in-poole\/\">poole<\/a>.<\/p>\n\n\n\n<h3 class=\"wp-block-heading\" id=\"h-3-verbs-tense-and-conjugation\">3. Verbid, ajavormid ja konjugatsioon<\/h3>\n\n\n\n<p>Verbid moodustavad hindi grammatika selgroo ja nende m\u00f5istmine on lausete konstrueerimisel \u00fclioluline. Hindi verbid jagunevad laias laastus transitiivseteks (\u201e\u0938\u0915\u0930\u094d\u092e\u0915\u201c) ja intransitiivseteks (\u201e\u0905\u0915\u0930\u094d\u092e\u0915\u201c), mille puhul kehtivad erinevad konjugatsioonireeglid.  <\/p>\n\n\n\n<p>Et anda teile kiire \u00fclevaade, arutleme tavaliste verbide oleviku liits\u00f5nade konjugatsiooni \u00fcle:<\/p>\n\n\n\n<p>&#8211; \u092e\u0948\u0902 \u092a\u0922\u093c\u0924\u093e \u0939\u0942\u0901 (main padhta hoon &#8211; ma loen, maskuliin)<\/p>\n\n\n\n<p>&#8211; \u092e\u0948\u0902 \u092a\u0922\u093c\u0924\u0940 \u0939\u0942\u0901 (main padhti hoon &#8211; ma loen, feminiinne)<\/p>\n\n\n\n<p>&#8211; \u0924\u0941\u092e \u092a\u0922\u093c\u0924\u0947 \u0939\u094b (tum padhte ho &#8211; sa loed, mitteametlik, maskuliin)<\/p>\n\n\n\n<p>&#8211; \u0924\u0941\u092e \u092a\u0922\u093c\u0924\u0940 \u0939\u094b (tum padhti ho &#8211; sa loed, mitteametlik, naiselik)<\/p>\n\n\n\n<p>Pidage meeles, et see on alles algus! Valdamiseks on palju ajastusi ja ebaregulaarseid tegus\u00f5nu, kuid <a href=\"https:\/\/talkpal.ai\/locations\/language-courses-in-iga\/\">iga<\/a> uus samm toob teid l\u00e4hemale sujuvusele.<\/p>\n\n\n\n<h3 class=\"wp-block-heading\" id=\"h-4-adjectives-adverbs-and-more\">4. Omaduss\u00f5nad, m\u00e4\u00e4rs\u00f5nad ja palju muud!<\/h3>\n\n\n\n<p>Hindi grammatika sisaldab muid komponente, nagu omaduss\u00f5nad (mis peavad n\u00f5ustuma nimis\u00f5nadega soos ja arvus), m\u00e4\u00e4rs\u00f5nad, eess\u00f5nad ja idiomaatilised v\u00e4ljendid. Iga element on hindi keele valdamise v\u00f5ti, nii et tegelege nendega \u00fcks samm korraga.<\/p>\n\n\n\n<p>Kokkuv\u00f5tteks, hindi keele grammatika omandamiseks ei ole mingit otseteed. See n\u00f5uab p\u00fcsivust, harjutamist ja kannatlikkust. Kuid kui olete selle m\u00f5istnud, suudate hindi keeles vestlemise n\u00fcansse hinnata, avastada selle rikkalikku kultuuri ja ajalugu ning s\u00fcvendada oma armastust selle keele vastu. \u0936\u0941\u092d\u0915\u093e\u092e\u0928\u093e\u090f\u0901 (shubhkaamnaayein &#8211; parimad soovid)!<\/p>\n<\/div><\/div>\n\r\n<section class=\"learnNavigationSection\">\r\n            \r\n        <a href=\"https:\/\/talkpal.ai\/et\/opi-hindi-keelt\/\">\r\n            <div class=\"learnNavigationWrapper\">\r\n                <div class=\"learnNavigationContent\">\r\n                    <img decoding=\"async\" src=\"https:\/\/talkpal.ai\/wp-content\/uploads\/2024\/08\/Hindi.jpg\" alt=\"Indian Flag\">\r\n                    <div>\r\n                        <h4>Hindi keele \u00f5ppimise kohta<\/h4>\r\n                        <p>Uuri k\u00f5ike hindi grammatika kohta.<\/p>\r\n                    <\/div>\r\n                <\/div>\r\n            <\/div>\r\n        <\/a>\r\n\r\n        \r\n        <a href=\"https:\/\/talkpal.ai\/et\/hindi-grammatika-harjutused\/\">\r\n            <div class=\"learnNavigationWrapper\">\r\n                <div class=\"learnNavigationContent\">\r\n                    <img decoding=\"async\" src=\"https:\/\/talkpal.ai\/wp-content\/uploads\/2024\/08\/Hindi.jpg\" alt=\"Indian Flag\">\r\n                    <div>\r\n                        <h4>Hindi keele grammatika harjutus<\/h4>\r\n                        <p>Harjutage hindi grammatikat.<\/p>\r\n                    <\/div>\r\n                <\/div>\r\n            <\/div>\r\n        <\/a>\r\n\r\n        \r\n        <a href=\"https:\/\/talkpal.ai\/vocabulary_language\/hindi\/\">\r\n            <div class=\"learnNavigationWrapper\">\r\n                <div class=\"learnNavigationContent\">\r\n                    <img decoding=\"async\" src=\"https:\/\/talkpal.ai\/wp-content\/uploads\/2024\/08\/Hindi.jpg\" alt=\"Indian Flag\">\r\n                    <div>\r\n                        <h4>Hindi keele s\u00f5navara<\/h4>\r\n                        <p>Laiendage oma hindi keele s\u00f5navara.<\/p>\r\n                    <\/div>\r\n                <\/div>\r\n            <\/div>\r\n        <\/a>\r\n\r\n            <\/section>","protected":false},"excerpt":{"rendered":"<p>Hindi grammatika valdamine: teie \u00fclim juhend Namaste, keelehuvilised! Kas olete valmis uurima hindi grammatika maailma? Olete j\u00f5udnud \u00f5igesse kohta. See artikkel, mis on t\u00e4is kergesti m\u00f5istetavat teavet ja vestluslikku tooni, juhatab teid l\u00e4bi hindi grammatika p\u00f5neva valdkonna. Peagi suudate te luua lauseid ja pidada emakeelena k\u00f5nelejatega sisukaid vestlusi. Niisiis, sukeldume kohe sisse! Aga k\u00f5igepealt, miks [&hellip;]<\/p>\n","protected":false},"author":1,"featured_media":188203,"parent":0,"menu_order":0,"comment_status":"closed","ping_status":"closed","template":"LearningContentPage.php","meta":{"_acf_changed":false,"footnotes":""},"class_list":["post-129389","page","type-page","status-publish","has-post-thumbnail","hentry"],"acf":[],"yoast_head":"<!-- This site is optimized with the Yoast SEO Premium plugin v27.2 (Yoast SEO v27.2) - https:\/\/yoast.com\/product\/yoast-seo-premium-wordpress\/ -->\n<title>Hindi grammatika - Talkpal<\/title>\n<meta name=\"description\" content=\"Meisterda hindi keele grammatika kindlalt - \u00f5pi selged reeglid, moodusta \u00f5iged laused ja r\u00e4\u00e4gi paremini lihtsate juhiste abil. Talkpal AI.\" \/>\n<meta name=\"robots\" content=\"index, follow, max-snippet:-1, max-image-preview:large, max-video-preview:-1\" \/>\n<link rel=\"canonical\" href=\"https:\/\/talkpal.ai\/et\/hindi-grammatika\/\" \/>\n<meta property=\"og:locale\" content=\"et_EE\" \/>\n<meta property=\"og:type\" content=\"article\" \/>\n<meta property=\"og:title\" content=\"Hindi grammatika\" \/>\n<meta property=\"og:description\" content=\"Hindi grammatika valdamine: teie \u00fclim juhend Namaste, keelehuvilised! Kas olete valmis uurima hindi grammatika maailma? Olete j\u00f5udnud \u00f5igesse kohta. See\" \/>\n<meta property=\"og:url\" content=\"https:\/\/talkpal.ai\/et\/hindi-grammatika\/\" \/>\n<meta property=\"og:site_name\" content=\"Talkpal\" \/>\n<meta property=\"article:publisher\" content=\"https:\/\/www.facebook.com\/profile.php?id=100090733639311\" \/>\n<meta property=\"article:modified_time\" content=\"2025-12-13T15:12:59+00:00\" \/>\n<meta property=\"og:image\" content=\"https:\/\/talkpal.ai\/wp-content\/uploads\/2024\/02\/india.png\" \/>\n\t<meta property=\"og:image:width\" content=\"517\" \/>\n\t<meta property=\"og:image:height\" content=\"517\" \/>\n\t<meta property=\"og:image:type\" content=\"image\/png\" \/>\n<meta name=\"twitter:card\" content=\"summary_large_image\" \/>\n<meta name=\"twitter:site\" content=\"@talkpalai\" \/>\n<meta name=\"twitter:label1\" content=\"Est. reading time\" \/>\n\t<meta name=\"twitter:data1\" content=\"2 minutit\" \/>\n<script type=\"application\/ld+json\" class=\"yoast-schema-graph\">{\"@context\":\"https:\/\/schema.org\",\"@graph\":[{\"@type\":\"WebPage\",\"@id\":\"https:\/\/talkpal.ai\/et\/hindi-grammatika\/\",\"url\":\"https:\/\/talkpal.ai\/et\/hindi-grammatika\/\",\"name\":\"Hindi grammatika - Talkpal\",\"isPartOf\":{\"@id\":\"https:\/\/talkpal.ai\/et\/#website\"},\"primaryImageOfPage\":{\"@id\":\"https:\/\/talkpal.ai\/et\/hindi-grammatika\/#primaryimage\"},\"image\":{\"@id\":\"https:\/\/talkpal.ai\/et\/hindi-grammatika\/#primaryimage\"},\"thumbnailUrl\":\"https:\/\/talkpal.ai\/wp-content\/uploads\/2024\/02\/india.png\",\"datePublished\":\"2023-05-14T13:50:44+00:00\",\"dateModified\":\"2025-12-13T15:12:59+00:00\",\"description\":\"Meisterda hindi keele grammatika kindlalt - \u00f5pi selged reeglid, moodusta \u00f5iged laused ja r\u00e4\u00e4gi paremini lihtsate juhiste abil. Talkpal AI.\",\"breadcrumb\":{\"@id\":\"https:\/\/talkpal.ai\/et\/hindi-grammatika\/#breadcrumb\"},\"inLanguage\":\"et\",\"potentialAction\":[{\"@type\":\"ReadAction\",\"target\":[\"https:\/\/talkpal.ai\/et\/hindi-grammatika\/\"]}]},{\"@type\":\"ImageObject\",\"inLanguage\":\"et\",\"@id\":\"https:\/\/talkpal.ai\/et\/hindi-grammatika\/#primaryimage\",\"url\":\"https:\/\/talkpal.ai\/wp-content\/uploads\/2024\/02\/india.png\",\"contentUrl\":\"https:\/\/talkpal.ai\/wp-content\/uploads\/2024\/02\/india.png\",\"width\":517,\"height\":517,\"caption\":\"TalkPal Indian Flag\"},{\"@type\":\"BreadcrumbList\",\"@id\":\"https:\/\/talkpal.ai\/et\/hindi-grammatika\/#breadcrumb\",\"itemListElement\":[{\"@type\":\"ListItem\",\"position\":1,\"name\":\"Homepage\",\"item\":\"https:\/\/talkpal.ai\/et\/\"},{\"@type\":\"ListItem\",\"position\":2,\"name\":\"Hindi grammatika\"}]},{\"@type\":\"WebSite\",\"@id\":\"https:\/\/talkpal.ai\/et\/#website\",\"url\":\"https:\/\/talkpal.ai\/et\/\",\"name\":\"Talkpal\",\"description\":\"AI Language Learning\",\"publisher\":{\"@id\":\"https:\/\/talkpal.ai\/et\/#organization\"},\"alternateName\":\"Talkpal AI\",\"potentialAction\":[{\"@type\":\"SearchAction\",\"target\":{\"@type\":\"EntryPoint\",\"urlTemplate\":\"https:\/\/talkpal.ai\/et\/?s={search_term_string}\"},\"query-input\":{\"@type\":\"PropertyValueSpecification\",\"valueRequired\":true,\"valueName\":\"search_term_string\"}}],\"inLanguage\":\"et\"},{\"@type\":\"Organization\",\"@id\":\"https:\/\/talkpal.ai\/et\/#organization\",\"name\":\"Talkpal, Inc.\",\"alternateName\":\"Talkpal AI\",\"url\":\"https:\/\/talkpal.ai\/et\/\",\"logo\":{\"@type\":\"ImageObject\",\"inLanguage\":\"et\",\"@id\":\"https:\/\/talkpal.ai\/et\/#\/schema\/logo\/image\/\",\"url\":\"https:\/\/talkpal.ai\/wp-content\/uploads\/2024\/03\/Talkpal-Logo-Icon.png\",\"contentUrl\":\"https:\/\/talkpal.ai\/wp-content\/uploads\/2024\/03\/Talkpal-Logo-Icon.png\",\"width\":2880,\"height\":2880,\"caption\":\"Talkpal, Inc.\"},\"image\":{\"@id\":\"https:\/\/talkpal.ai\/et\/#\/schema\/logo\/image\/\"},\"sameAs\":[\"https:\/\/www.facebook.com\/profile.php?id=100090733639311\",\"https:\/\/x.com\/talkpalai\",\"https:\/\/www.linkedin.com\/company\/talkpal\/\",\"https:\/\/www.youtube.com\/@TalkPal\/\",\"https:\/\/www.tiktok.com\/@talkpal\",\"https:\/\/www.instagram.com\/talkpal_ai\/\",\"https:\/\/www.crunchbase.com\/organization\/talkpal-9cde\",\"https:\/\/www.g2.com\/products\/talkpal-for-business\/\",\"https:\/\/www.trustpilot.com\/review\/talkpal.ai\",\"https:\/\/www.capterra.com\/p\/10006800\/TalkPal\/\"],\"description\":\"Talkpal is a language learning web and mobile education app, powered by the latest AI technologies, that provides engaging experiences to its customers in many different languages to help them improve their language skills. Users can chat about unlimited amount of topics with the app and use other modes to practice their language learning.\",\"email\":\"support@talkpal.ai\",\"legalName\":\"Talkpal, Inc.\",\"foundingDate\":\"2023-04-03\",\"duns\":\"118989042\",\"numberOfEmployees\":{\"@type\":\"QuantitativeValue\",\"minValue\":\"11\",\"maxValue\":\"50\"},\"publishingPrinciples\":\"https:\/\/talkpal.ai\/publishing-principles\/\",\"actionableFeedbackPolicy\":\"https:\/\/talkpal.ai\/actionable-feedback-policy\/\",\"correctionsPolicy\":\"https:\/\/talkpal.ai\/corrections-policy\/\",\"ethicsPolicy\":\"https:\/\/talkpal.ai\/ethics-policy\/\",\"diversityPolicy\":\"https:\/\/talkpal.ai\/diversity-policy\/\",\"diversityStaffingReport\":\"https:\/\/talkpal.ai\/diversity-policy\/\"}]}<\/script>\n<!-- \/ Yoast SEO Premium plugin. -->","yoast_head_json":{"title":"Hindi grammatika - Talkpal","description":"Meisterda hindi keele grammatika kindlalt - \u00f5pi selged reeglid, moodusta \u00f5iged laused ja r\u00e4\u00e4gi paremini lihtsate juhiste abil. Talkpal AI.","robots":{"index":"index","follow":"follow","max-snippet":"max-snippet:-1","max-image-preview":"max-image-preview:large","max-video-preview":"max-video-preview:-1"},"canonical":"https:\/\/talkpal.ai\/et\/hindi-grammatika\/","og_locale":"et_EE","og_type":"article","og_title":"Hindi grammatika","og_description":"Hindi grammatika valdamine: teie \u00fclim juhend Namaste, keelehuvilised! Kas olete valmis uurima hindi grammatika maailma? Olete j\u00f5udnud \u00f5igesse kohta. See","og_url":"https:\/\/talkpal.ai\/et\/hindi-grammatika\/","og_site_name":"Talkpal","article_publisher":"https:\/\/www.facebook.com\/profile.php?id=100090733639311","article_modified_time":"2025-12-13T15:12:59+00:00","og_image":[{"width":517,"height":517,"url":"https:\/\/talkpal.ai\/wp-content\/uploads\/2024\/02\/india.png","type":"image\/png"}],"twitter_card":"summary_large_image","twitter_site":"@talkpalai","twitter_misc":{"Est. reading time":"2 minutit"},"schema":{"@context":"https:\/\/schema.org","@graph":[{"@type":"WebPage","@id":"https:\/\/talkpal.ai\/et\/hindi-grammatika\/","url":"https:\/\/talkpal.ai\/et\/hindi-grammatika\/","name":"Hindi grammatika - Talkpal","isPartOf":{"@id":"https:\/\/talkpal.ai\/et\/#website"},"primaryImageOfPage":{"@id":"https:\/\/talkpal.ai\/et\/hindi-grammatika\/#primaryimage"},"image":{"@id":"https:\/\/talkpal.ai\/et\/hindi-grammatika\/#primaryimage"},"thumbnailUrl":"https:\/\/talkpal.ai\/wp-content\/uploads\/2024\/02\/india.png","datePublished":"2023-05-14T13:50:44+00:00","dateModified":"2025-12-13T15:12:59+00:00","description":"Meisterda hindi keele grammatika kindlalt - \u00f5pi selged reeglid, moodusta \u00f5iged laused ja r\u00e4\u00e4gi paremini lihtsate juhiste abil. Talkpal AI.","breadcrumb":{"@id":"https:\/\/talkpal.ai\/et\/hindi-grammatika\/#breadcrumb"},"inLanguage":"et","potentialAction":[{"@type":"ReadAction","target":["https:\/\/talkpal.ai\/et\/hindi-grammatika\/"]}]},{"@type":"ImageObject","inLanguage":"et","@id":"https:\/\/talkpal.ai\/et\/hindi-grammatika\/#primaryimage","url":"https:\/\/talkpal.ai\/wp-content\/uploads\/2024\/02\/india.png","contentUrl":"https:\/\/talkpal.ai\/wp-content\/uploads\/2024\/02\/india.png","width":517,"height":517,"caption":"TalkPal Indian Flag"},{"@type":"BreadcrumbList","@id":"https:\/\/talkpal.ai\/et\/hindi-grammatika\/#breadcrumb","itemListElement":[{"@type":"ListItem","position":1,"name":"Homepage","item":"https:\/\/talkpal.ai\/et\/"},{"@type":"ListItem","position":2,"name":"Hindi grammatika"}]},{"@type":"WebSite","@id":"https:\/\/talkpal.ai\/et\/#website","url":"https:\/\/talkpal.ai\/et\/","name":"Talkpal","description":"AI Language Learning","publisher":{"@id":"https:\/\/talkpal.ai\/et\/#organization"},"alternateName":"Talkpal AI","potentialAction":[{"@type":"SearchAction","target":{"@type":"EntryPoint","urlTemplate":"https:\/\/talkpal.ai\/et\/?s={search_term_string}"},"query-input":{"@type":"PropertyValueSpecification","valueRequired":true,"valueName":"search_term_string"}}],"inLanguage":"et"},{"@type":"Organization","@id":"https:\/\/talkpal.ai\/et\/#organization","name":"Talkpal, Inc.","alternateName":"Talkpal AI","url":"https:\/\/talkpal.ai\/et\/","logo":{"@type":"ImageObject","inLanguage":"et","@id":"https:\/\/talkpal.ai\/et\/#\/schema\/logo\/image\/","url":"https:\/\/talkpal.ai\/wp-content\/uploads\/2024\/03\/Talkpal-Logo-Icon.png","contentUrl":"https:\/\/talkpal.ai\/wp-content\/uploads\/2024\/03\/Talkpal-Logo-Icon.png","width":2880,"height":2880,"caption":"Talkpal, Inc."},"image":{"@id":"https:\/\/talkpal.ai\/et\/#\/schema\/logo\/image\/"},"sameAs":["https:\/\/www.facebook.com\/profile.php?id=100090733639311","https:\/\/x.com\/talkpalai","https:\/\/www.linkedin.com\/company\/talkpal\/","https:\/\/www.youtube.com\/@TalkPal\/","https:\/\/www.tiktok.com\/@talkpal","https:\/\/www.instagram.com\/talkpal_ai\/","https:\/\/www.crunchbase.com\/organization\/talkpal-9cde","https:\/\/www.g2.com\/products\/talkpal-for-business\/","https:\/\/www.trustpilot.com\/review\/talkpal.ai","https:\/\/www.capterra.com\/p\/10006800\/TalkPal\/"],"description":"Talkpal is a language learning web and mobile education app, powered by the latest AI technologies, that provides engaging experiences to its customers in many different languages to help them improve their language skills. Users can chat about unlimited amount of topics with the app and use other modes to practice their language learning.","email":"support@talkpal.ai","legalName":"Talkpal, Inc.","foundingDate":"2023-04-03","duns":"118989042","numberOfEmployees":{"@type":"QuantitativeValue","minValue":"11","maxValue":"50"},"publishingPrinciples":"https:\/\/talkpal.ai\/publishing-principles\/","actionableFeedbackPolicy":"https:\/\/talkpal.ai\/actionable-feedback-policy\/","correctionsPolicy":"https:\/\/talkpal.ai\/corrections-policy\/","ethicsPolicy":"https:\/\/talkpal.ai\/ethics-policy\/","diversityPolicy":"https:\/\/talkpal.ai\/diversity-policy\/","diversityStaffingReport":"https:\/\/talkpal.ai\/diversity-policy\/"}]}},"_links":{"self":[{"href":"https:\/\/talkpal.ai\/et\/wp-json\/wp\/v2\/pages\/129389","targetHints":{"allow":["GET"]}}],"collection":[{"href":"https:\/\/talkpal.ai\/et\/wp-json\/wp\/v2\/pages"}],"about":[{"href":"https:\/\/talkpal.ai\/et\/wp-json\/wp\/v2\/types\/page"}],"author":[{"embeddable":true,"href":"https:\/\/talkpal.ai\/et\/wp-json\/wp\/v2\/users\/1"}],"replies":[{"embeddable":true,"href":"https:\/\/talkpal.ai\/et\/wp-json\/wp\/v2\/comments?post=129389"}],"version-history":[{"count":0,"href":"https:\/\/talkpal.ai\/et\/wp-json\/wp\/v2\/pages\/129389\/revisions"}],"wp:featuredmedia":[{"embeddable":true,"href":"https:\/\/talkpal.ai\/et\/wp-json\/wp\/v2\/media\/188203"}],"wp:attachment":[{"href":"https:\/\/talkpal.ai\/et\/wp-json\/wp\/v2\/media?parent=129389"}],"curies":[{"name":"wp","href":"https:\/\/api.w.org\/{rel}","templated":true}]}}