{"id":129051,"date":"2023-05-14T13:50:21","date_gmt":"2023-05-14T13:50:21","guid":{"rendered":"http:\/\/talkpal.ai\/soome-keele-grammatika\/"},"modified":"2025-12-11T17:00:56","modified_gmt":"2025-12-11T17:00:56","slug":"soome-keele-grammatika","status":"publish","type":"page","link":"https:\/\/talkpal.ai\/et\/soome-keele-grammatika\/","title":{"rendered":"Soome keele grammatika"},"content":{"rendered":"\r\n\r\n\r\n<section class=\"languageChallengeSection\">\r\n    <div class=\"languageInfoWrapper\">\r\n        \r\n        <h1>Soome keele grammatika<\/h1>\r\n        <p>Kas olete valmis avastama soome keele saladusi? Sukeldu soome keele grammatikasse, mis on kuulus oma loogilise struktuuri, h\u00e4\u00e4likuharmoonia ja muljetavaldava hulga juhtude poolest. Alusta \u00f5ppimist juba t\u00e4na &#8211; <a href=\"https:\/\/talkpal.ai\/finnish-grammar\/\">soome keele grammatika<\/a> omandamine annab sulle enesekindlust r\u00e4\u00e4kida ja suhelda, avades samal ajal ukse Soome rikkalikule kultuurile ja traditsioonidele!<\/p>\r\n\r\n                            <a class=\"getStartedHidden\" href=\"https:\/\/app.talkpal.ai\/et\/signup?lng=\">Alusta<\/a>\r\n        \r\n    <\/div>\r\n\r\n    <figure>\r\n    <img decoding=\"async\" width=\"768\" height=\"768\" src=\"https:\/\/talkpal.ai\/wp-content\/uploads\/2023\/06\/Finnish-768x768.png\" class=\"languageImage no-lazy\" alt=\"Develop your language aptitude learning\" fetchpriority=\"high\" sizes=\"(max-width: 768px) 150px, 768px\" srcset=\"https:\/\/talkpal.ai\/wp-content\/uploads\/2023\/06\/Finnish-768x768.png 768w, https:\/\/talkpal.ai\/wp-content\/uploads\/2023\/06\/Finnish-300x300.png 300w\" \/>\r\n    \r\n\r\n    <\/figure>\r\n\r\n            <a class=\"getStartedVisible\" href=\"https:\/\/app.talkpal.ai\/et\/signup?lng=\">Alusta<\/a>\r\n    \r\n<\/section>\r\n<section class=\"promotionalBanner\">\r\n    <p class=\"promotionalText\">K\u00f5ige t\u00f5husam viis keele \u00f5ppimiseks<\/p>\r\n    <a class=\"promotionalLink\" href=\"https:\/\/app.talkpal.ai\/et\/signup?lng=\">Proovige Talkpal tasuta<\/a>\r\n<\/section>\n<div class=\"wp-block-group pageContainerStyle\"><div class=\"wp-block-group__inner-container is-layout-constrained wp-block-group-is-layout-constrained\">\n<h2 class=\"wp-block-heading\" id=\"h-finnish-grammar-a-guide-to-mastering-the-complexities-of-the-finnish-language\">Soome keele grammatika: juhend soome keele keerukuse omandamiseks<\/h2>\n\n\n\n<p><a href=\"https:\/\/talkpal.ai\/learn-finnish\/\">Soome keel<\/a>, ainulaadne ja p\u00f5nev keel, mida r\u00e4\u00e4gib umbes 5 miljonit inimest, on tuntud oma keerukuse ja erip\u00e4rase grammatikas\u00fcsteemi poolest. Esmapilgul v\u00f5ivad <a href=\"https:\/\/talkpal.ai\/finnish-grammar\/\">soome keele grammatika<\/a> reeglid ja struktuurid tunduda hirmutavad, kuid \u00e4rge kartke! Kannatlikkuse, harjutamise ja juhendamisega saate paljastada soome keele <a href=\"https:\/\/talkpal.ai\/greek-grammar\/\">grammatika<\/a> saladused ja parandada oma keeleoskust. Selles artiklis anname \u00fclevaate soome keele grammatikast ja jagame m\u00f5ned n\u00f5uanded, mis muudavad teie \u00f5ppimise sujuvamaks.<\/p>\n\n\n\n<h3 class=\"wp-block-heading\" id=\"h-the-basics-of-finnish-grammar\">Soome keele grammatika alused:<\/h3>\n\n\n\n<p>Soome keele grammatikat, mis erineb <a href=\"https:\/\/talkpal.ai\/learn-english\/\">inglise<\/a> keele grammatikast, iseloomustab rikkalik juhtumite kasutamine, grammatilise soo puudumine ja ainulaadne verbi konjugatsioonis\u00fcsteem. Siin on m\u00f5ned soome keele grammatika olulised aspektid, mida peaksite tundma:<\/p>\n\n\n\n<p><strong>1. Nimis\u00f5na juhtumid:<\/strong> soome keeles on 15 nimis\u00f5na k\u00e4\u00e4net, mis t\u00e4histab nimis\u00f5na ja teiste lause koostisosade vahelist seost. Igal nimis\u00f5na juhtumil on konkreetne l\u00f5pp, mis kinnitub nimis\u00f5na t\u00fcvele. M\u00f5ned n\u00e4ited nimis\u00f5najuhtumitest h\u00f5lmavad nominatiivset, genitiivset, akusatiivset ja partitiivset.<\/p>\n\n\n\n<p><strong>2. Grammatiline sugu puudub:<\/strong> Erinevalt paljudest keeltest ei m\u00e4\u00e4ra <a href=\"https:\/\/talkpal.ai\/learn-finnish\/\">soome keel<\/a> nimis\u00f5nadele sugu. Selle asemel kasutatakse keeles \u00fchte s\u00f5na &#8211; h\u00e4n &#8211; nii &#8220;ta&#8221; kui ka &#8220;naine&#8221; t\u00e4histamiseks. See funktsioon lihtsustab soome keele \u00f5ppimist ja v\u00e4listab vajaduse meelde j\u00e4tta soop\u00f5hiseid artikleid v\u00f5i pronoomeni vorme.<\/p>\n\n\n\n<p><strong>3. Verbi konjugatsioon:<\/strong> soome verbid konjugeeritakse pinge, meeleolu ja h\u00e4\u00e4le alusel. Soome keeles on neli verbi ajavormi: olevik, minevik, t\u00e4iuslik ja pluperfektne. Lisaks on soome verbidel viis meeleolu: soovituslik, tingimuslik, potentsiaalne, h\u00e4davajalik ja s\u00fcndmuslik.<\/p>\n\n\n\n<p><strong>4. Vokaalide harmoonia<\/strong> : soome keeles jagunevad t\u00e4ish\u00e4\u00e4likud kolme r\u00fchma: ees (\u00e4, \u00f6, y), taga (a, o, u) ja neutraalne (i, e). Vokaalide harmoonia t\u00f5ttu ei saa esi- ja tagavokaalid tavaliselt samas s\u00f5nas esineda, v\u00e4lja arvatud liits\u00f5nad ja m\u00f5ned laens\u00f5nad.<\/p>\n\n\n\n<h3 class=\"wp-block-heading\" id=\"h-strategies-for-learning-finnish-grammar\">Soome keele grammatika \u00f5ppimise strateegiad:<\/h3>\n\n\n\n<p>Soome keele grammatika m\u00f5istmine v\u00f5ib tunduda \u00fcle j\u00f5u k\u00e4ivana, kuid \u00f5ige m\u00f5tteviisi ja \u00f5ppimisstrateegiate abil saate sellega hakkama. Siin on m\u00f5ned kasulikud n\u00e4pun\u00e4ited oma uuringu suunamiseks:<\/p>\n\n\n\n<p><strong>1. Astuge beebisamme:<\/strong> Alustage soome keele grammatika p\u00f5hit\u00f5dedest, nagu nimis\u00f5najuhtumid ja verbi konjugatsioon. Kui jaotate keerulised reeglid v\u00e4iksemateks, seeditavateks t\u00fckkideks, saate pidevalt edasi liikuda ja luua tugeva aluse.<\/p>\n\n\n\n<p><strong>2. Harjutage regulaarselt:<\/strong> j\u00e4rjepidevus on keele \u00f5ppimisel v\u00f5tmet\u00e4htsusega. Eraldage <a href=\"https:\/\/talkpal.ai\/locations\/language-courses-in-iga\/\">iga<\/a> p\u00e4ev v\u00f5i n\u00e4dal aega grammatika harjutamiseks soome keeles harjutuste, lugemise ja kirjutamise kaudu.<\/p>\n\n\n\n<p><strong>3. Kasutage kohalikke ressursse:<\/strong> Soome keele grammatika paremaks m\u00f5istmiseks kontekstis sukelduge kohalikesse materjalidesse, nagu kirjandus, uudisteartiklid ja taskuh\u00e4\u00e4lingusaated. See aitab teil reegleid omaks v\u00f5tta ning parandada oma kuulamis- ja lugemisoskust.<\/p>\n\n\n\n<p><strong>4. V\u00f5tke \u00fchendust emakeelena k\u00f5nelejatega:<\/strong> <a href=\"https:\/\/talkpal.ai\/et\/opi-soome-keel\/\">soome keelt<\/a> emakeelena r\u00e4\u00e4kivate inimestega vestlemine on suurep\u00e4rane viis grammatika harjutamiseks ja v\u00e4\u00e4rtusliku <a href=\"https:\/\/talkpal.ai\/contact\/\">tagasiside<\/a> saamiseks. Kaaluge liitumist keelevahetusr\u00fchmade v\u00f5i veebifoorumitega, kus saate suhelda soome keelt k\u00f5nelevate inimestega.<\/p>\n\n\n\n<p><strong>5. Olge kannatlik ja j\u00e4rjekindel:<\/strong> Soome keele grammatika \u00f5ppimine on keeruline teekond, kuid kannatlikkuse ja p\u00fchendumusega saad selle keerukuse lahti ja hakkad keelt valdama.<\/p>\n\n\n\n<h3 class=\"wp-block-heading\" id=\"h-conclusion\">J\u00e4reldus:<\/h3>\n\n\n\n<p>Soome keele grammatika maailm, kuigi keeruline, on intrigeeriv, mida saab sihikindluse ja harjutamise abil lahti harutada. Tutvudes soome keele grammatika p\u00f5hielementidega ja j\u00e4rgides meie \u00f5pistrateegiaid, sillutate teed selle keele sujuvale valdamisele ja selle keele s\u00fcgavamale hindamisele. Niisiis, sukelduge soome keele grammatika keerdk\u00e4ikudesse positiivse meelelaadiga ja enne kui sa seda m\u00e4rkad, liigud sa kindlalt soome keele maastikul!<\/p>\n<\/div><\/div>\n\r\n<section class=\"learnNavigationSection\">\r\n            \r\n        <a href=\"https:\/\/talkpal.ai\/et\/opi-soome-keel\/\">\r\n            <div class=\"learnNavigationWrapper\">\r\n                <div class=\"learnNavigationContent\">\r\n                    <img decoding=\"async\" src=\"https:\/\/talkpal.ai\/wp-content\/uploads\/2024\/08\/Finnish.jpg\" alt=\"Finnish Flag\">\r\n                    <div>\r\n                        <h4>Soome \u00f5ppimise kohta<\/h4>\r\n                        <p>Uuri k\u00f5ike soome keele grammatika kohta.<\/p>\r\n                    <\/div>\r\n                <\/div>\r\n            <\/div>\r\n        <\/a>\r\n\r\n        \r\n        <a href=\"https:\/\/talkpal.ai\/et\/soome-keele-grammatika-harjutused\/\">\r\n            <div class=\"learnNavigationWrapper\">\r\n                <div class=\"learnNavigationContent\">\r\n                    <img decoding=\"async\" src=\"https:\/\/talkpal.ai\/wp-content\/uploads\/2024\/08\/Finnish.jpg\" alt=\"Finnish Flag\">\r\n                    <div>\r\n                        <h4>Soome keele grammatika harjutus<\/h4>\r\n                        <p>Harjutage soome keele grammatikat.<\/p>\r\n                    <\/div>\r\n                <\/div>\r\n            <\/div>\r\n        <\/a>\r\n\r\n        \r\n        <a href=\"https:\/\/talkpal.ai\/vocabulary_language\/finnish\/\">\r\n            <div class=\"learnNavigationWrapper\">\r\n                <div class=\"learnNavigationContent\">\r\n                    <img decoding=\"async\" src=\"https:\/\/talkpal.ai\/wp-content\/uploads\/2024\/08\/Finnish.jpg\" alt=\"Finnish Flag\">\r\n                    <div>\r\n                        <h4>Soome s\u00f5navara<\/h4>\r\n                        <p>Laiendage oma soome keele s\u00f5navara.<\/p>\r\n                    <\/div>\r\n                <\/div>\r\n            <\/div>\r\n        <\/a>\r\n\r\n            <\/section>","protected":false},"excerpt":{"rendered":"<p>Soome keele grammatika: juhend soome keele keerukuse omandamiseks Soome keel, ainulaadne ja p\u00f5nev keel, mida r\u00e4\u00e4gib umbes 5 miljonit inimest, on tuntud oma keerukuse ja erip\u00e4rase grammatikas\u00fcsteemi poolest. Esmapilgul v\u00f5ivad soome keele grammatika reeglid ja struktuurid tunduda hirmutavad, kuid \u00e4rge kartke! Kannatlikkuse, harjutamise ja juhendamisega saate paljastada soome keele grammatika saladused ja parandada oma keeleoskust. [&hellip;]<\/p>\n","protected":false},"author":1,"featured_media":106708,"parent":0,"menu_order":0,"comment_status":"closed","ping_status":"closed","template":"LearningContentPage.php","meta":{"_acf_changed":false,"footnotes":""},"class_list":["post-129051","page","type-page","status-publish","has-post-thumbnail","hentry"],"acf":[],"yoast_head":"<!-- This site is optimized with the Yoast SEO Premium plugin v27.2 (Yoast SEO v27.2) - https:\/\/yoast.com\/product\/yoast-seo-premium-wordpress\/ -->\n<title>Soome keele grammatika - Talkpal<\/title>\n<meta name=\"description\" content=\"\u00d5ppige soome keele grammatika p\u00f5hiaspekte, sealhulgas juhtumeid, verbe, lauseehitust ja h\u00e4\u00e4ldusn\u00f5uandeid soome keele omandamiseks.\" \/>\n<meta name=\"robots\" content=\"index, follow, max-snippet:-1, max-image-preview:large, max-video-preview:-1\" \/>\n<link rel=\"canonical\" href=\"https:\/\/talkpal.ai\/et\/soome-keele-grammatika\/\" \/>\n<meta property=\"og:locale\" content=\"et_EE\" \/>\n<meta property=\"og:type\" content=\"article\" \/>\n<meta property=\"og:title\" content=\"Soome keele grammatika\" \/>\n<meta property=\"og:description\" content=\"Soome keele grammatika: juhend soome keele keerukuse omandamiseks Soome keel, ainulaadne ja p\u00f5nev keel, mida r\u00e4\u00e4gib umbes 5 miljonit inimest, on tuntud\" \/>\n<meta property=\"og:url\" content=\"https:\/\/talkpal.ai\/et\/soome-keele-grammatika\/\" \/>\n<meta property=\"og:site_name\" content=\"Talkpal\" \/>\n<meta property=\"article:publisher\" content=\"https:\/\/www.facebook.com\/profile.php?id=100090733639311\" \/>\n<meta property=\"article:modified_time\" content=\"2025-12-11T17:00:56+00:00\" \/>\n<meta property=\"og:image\" content=\"https:\/\/talkpal.ai\/wp-content\/uploads\/2023\/04\/finland.png\" \/>\n\t<meta property=\"og:image:width\" content=\"512\" \/>\n\t<meta property=\"og:image:height\" content=\"512\" \/>\n\t<meta property=\"og:image:type\" content=\"image\/png\" \/>\n<meta name=\"twitter:card\" content=\"summary_large_image\" \/>\n<meta name=\"twitter:site\" content=\"@talkpalai\" \/>\n<meta name=\"twitter:label1\" content=\"Est. reading time\" \/>\n\t<meta name=\"twitter:data1\" content=\"3 minutit\" \/>\n<script type=\"application\/ld+json\" class=\"yoast-schema-graph\">{\"@context\":\"https:\/\/schema.org\",\"@graph\":[{\"@type\":\"WebPage\",\"@id\":\"https:\/\/talkpal.ai\/et\/soome-keele-grammatika\/\",\"url\":\"https:\/\/talkpal.ai\/et\/soome-keele-grammatika\/\",\"name\":\"Soome keele grammatika - Talkpal\",\"isPartOf\":{\"@id\":\"https:\/\/talkpal.ai\/et\/#website\"},\"primaryImageOfPage\":{\"@id\":\"https:\/\/talkpal.ai\/et\/soome-keele-grammatika\/#primaryimage\"},\"image\":{\"@id\":\"https:\/\/talkpal.ai\/et\/soome-keele-grammatika\/#primaryimage\"},\"thumbnailUrl\":\"https:\/\/talkpal.ai\/wp-content\/uploads\/2023\/04\/finland.png\",\"datePublished\":\"2023-05-14T13:50:21+00:00\",\"dateModified\":\"2025-12-11T17:00:56+00:00\",\"description\":\"\u00d5ppige soome keele grammatika p\u00f5hiaspekte, sealhulgas juhtumeid, verbe, lauseehitust ja h\u00e4\u00e4ldusn\u00f5uandeid soome keele omandamiseks.\",\"breadcrumb\":{\"@id\":\"https:\/\/talkpal.ai\/et\/soome-keele-grammatika\/#breadcrumb\"},\"inLanguage\":\"et\",\"potentialAction\":[{\"@type\":\"ReadAction\",\"target\":[\"https:\/\/talkpal.ai\/et\/soome-keele-grammatika\/\"]}]},{\"@type\":\"ImageObject\",\"inLanguage\":\"et\",\"@id\":\"https:\/\/talkpal.ai\/et\/soome-keele-grammatika\/#primaryimage\",\"url\":\"https:\/\/talkpal.ai\/wp-content\/uploads\/2023\/04\/finland.png\",\"contentUrl\":\"https:\/\/talkpal.ai\/wp-content\/uploads\/2023\/04\/finland.png\",\"width\":512,\"height\":512,\"caption\":\"TalkPal finland Flag\"},{\"@type\":\"BreadcrumbList\",\"@id\":\"https:\/\/talkpal.ai\/et\/soome-keele-grammatika\/#breadcrumb\",\"itemListElement\":[{\"@type\":\"ListItem\",\"position\":1,\"name\":\"Homepage\",\"item\":\"https:\/\/talkpal.ai\/et\/\"},{\"@type\":\"ListItem\",\"position\":2,\"name\":\"Soome keele grammatika\"}]},{\"@type\":\"WebSite\",\"@id\":\"https:\/\/talkpal.ai\/et\/#website\",\"url\":\"https:\/\/talkpal.ai\/et\/\",\"name\":\"Talkpal\",\"description\":\"AI Language Learning\",\"publisher\":{\"@id\":\"https:\/\/talkpal.ai\/et\/#organization\"},\"alternateName\":\"Talkpal AI\",\"potentialAction\":[{\"@type\":\"SearchAction\",\"target\":{\"@type\":\"EntryPoint\",\"urlTemplate\":\"https:\/\/talkpal.ai\/et\/?s={search_term_string}\"},\"query-input\":{\"@type\":\"PropertyValueSpecification\",\"valueRequired\":true,\"valueName\":\"search_term_string\"}}],\"inLanguage\":\"et\"},{\"@type\":\"Organization\",\"@id\":\"https:\/\/talkpal.ai\/et\/#organization\",\"name\":\"Talkpal, Inc.\",\"alternateName\":\"Talkpal AI\",\"url\":\"https:\/\/talkpal.ai\/et\/\",\"logo\":{\"@type\":\"ImageObject\",\"inLanguage\":\"et\",\"@id\":\"https:\/\/talkpal.ai\/et\/#\/schema\/logo\/image\/\",\"url\":\"https:\/\/talkpal.ai\/wp-content\/uploads\/2024\/03\/Talkpal-Logo-Icon.png\",\"contentUrl\":\"https:\/\/talkpal.ai\/wp-content\/uploads\/2024\/03\/Talkpal-Logo-Icon.png\",\"width\":2880,\"height\":2880,\"caption\":\"Talkpal, Inc.\"},\"image\":{\"@id\":\"https:\/\/talkpal.ai\/et\/#\/schema\/logo\/image\/\"},\"sameAs\":[\"https:\/\/www.facebook.com\/profile.php?id=100090733639311\",\"https:\/\/x.com\/talkpalai\",\"https:\/\/www.linkedin.com\/company\/talkpal\/\",\"https:\/\/www.youtube.com\/@TalkPal\/\",\"https:\/\/www.tiktok.com\/@talkpal\",\"https:\/\/www.instagram.com\/talkpal_ai\/\",\"https:\/\/www.crunchbase.com\/organization\/talkpal-9cde\",\"https:\/\/www.g2.com\/products\/talkpal-for-business\/\",\"https:\/\/www.trustpilot.com\/review\/talkpal.ai\",\"https:\/\/www.capterra.com\/p\/10006800\/TalkPal\/\"],\"description\":\"Talkpal is a language learning web and mobile education app, powered by the latest AI technologies, that provides engaging experiences to its customers in many different languages to help them improve their language skills. Users can chat about unlimited amount of topics with the app and use other modes to practice their language learning.\",\"email\":\"support@talkpal.ai\",\"legalName\":\"Talkpal, Inc.\",\"foundingDate\":\"2023-04-03\",\"duns\":\"118989042\",\"numberOfEmployees\":{\"@type\":\"QuantitativeValue\",\"minValue\":\"11\",\"maxValue\":\"50\"},\"publishingPrinciples\":\"https:\/\/talkpal.ai\/publishing-principles\/\",\"actionableFeedbackPolicy\":\"https:\/\/talkpal.ai\/actionable-feedback-policy\/\",\"correctionsPolicy\":\"https:\/\/talkpal.ai\/corrections-policy\/\",\"ethicsPolicy\":\"https:\/\/talkpal.ai\/ethics-policy\/\",\"diversityPolicy\":\"https:\/\/talkpal.ai\/diversity-policy\/\",\"diversityStaffingReport\":\"https:\/\/talkpal.ai\/diversity-policy\/\"}]}<\/script>\n<!-- \/ Yoast SEO Premium plugin. -->","yoast_head_json":{"title":"Soome keele grammatika - Talkpal","description":"\u00d5ppige soome keele grammatika p\u00f5hiaspekte, sealhulgas juhtumeid, verbe, lauseehitust ja h\u00e4\u00e4ldusn\u00f5uandeid soome keele omandamiseks.","robots":{"index":"index","follow":"follow","max-snippet":"max-snippet:-1","max-image-preview":"max-image-preview:large","max-video-preview":"max-video-preview:-1"},"canonical":"https:\/\/talkpal.ai\/et\/soome-keele-grammatika\/","og_locale":"et_EE","og_type":"article","og_title":"Soome keele grammatika","og_description":"Soome keele grammatika: juhend soome keele keerukuse omandamiseks Soome keel, ainulaadne ja p\u00f5nev keel, mida r\u00e4\u00e4gib umbes 5 miljonit inimest, on tuntud","og_url":"https:\/\/talkpal.ai\/et\/soome-keele-grammatika\/","og_site_name":"Talkpal","article_publisher":"https:\/\/www.facebook.com\/profile.php?id=100090733639311","article_modified_time":"2025-12-11T17:00:56+00:00","og_image":[{"width":512,"height":512,"url":"https:\/\/talkpal.ai\/wp-content\/uploads\/2023\/04\/finland.png","type":"image\/png"}],"twitter_card":"summary_large_image","twitter_site":"@talkpalai","twitter_misc":{"Est. reading time":"3 minutit"},"schema":{"@context":"https:\/\/schema.org","@graph":[{"@type":"WebPage","@id":"https:\/\/talkpal.ai\/et\/soome-keele-grammatika\/","url":"https:\/\/talkpal.ai\/et\/soome-keele-grammatika\/","name":"Soome keele grammatika - Talkpal","isPartOf":{"@id":"https:\/\/talkpal.ai\/et\/#website"},"primaryImageOfPage":{"@id":"https:\/\/talkpal.ai\/et\/soome-keele-grammatika\/#primaryimage"},"image":{"@id":"https:\/\/talkpal.ai\/et\/soome-keele-grammatika\/#primaryimage"},"thumbnailUrl":"https:\/\/talkpal.ai\/wp-content\/uploads\/2023\/04\/finland.png","datePublished":"2023-05-14T13:50:21+00:00","dateModified":"2025-12-11T17:00:56+00:00","description":"\u00d5ppige soome keele grammatika p\u00f5hiaspekte, sealhulgas juhtumeid, verbe, lauseehitust ja h\u00e4\u00e4ldusn\u00f5uandeid soome keele omandamiseks.","breadcrumb":{"@id":"https:\/\/talkpal.ai\/et\/soome-keele-grammatika\/#breadcrumb"},"inLanguage":"et","potentialAction":[{"@type":"ReadAction","target":["https:\/\/talkpal.ai\/et\/soome-keele-grammatika\/"]}]},{"@type":"ImageObject","inLanguage":"et","@id":"https:\/\/talkpal.ai\/et\/soome-keele-grammatika\/#primaryimage","url":"https:\/\/talkpal.ai\/wp-content\/uploads\/2023\/04\/finland.png","contentUrl":"https:\/\/talkpal.ai\/wp-content\/uploads\/2023\/04\/finland.png","width":512,"height":512,"caption":"TalkPal finland Flag"},{"@type":"BreadcrumbList","@id":"https:\/\/talkpal.ai\/et\/soome-keele-grammatika\/#breadcrumb","itemListElement":[{"@type":"ListItem","position":1,"name":"Homepage","item":"https:\/\/talkpal.ai\/et\/"},{"@type":"ListItem","position":2,"name":"Soome keele grammatika"}]},{"@type":"WebSite","@id":"https:\/\/talkpal.ai\/et\/#website","url":"https:\/\/talkpal.ai\/et\/","name":"Talkpal","description":"AI Language Learning","publisher":{"@id":"https:\/\/talkpal.ai\/et\/#organization"},"alternateName":"Talkpal AI","potentialAction":[{"@type":"SearchAction","target":{"@type":"EntryPoint","urlTemplate":"https:\/\/talkpal.ai\/et\/?s={search_term_string}"},"query-input":{"@type":"PropertyValueSpecification","valueRequired":true,"valueName":"search_term_string"}}],"inLanguage":"et"},{"@type":"Organization","@id":"https:\/\/talkpal.ai\/et\/#organization","name":"Talkpal, Inc.","alternateName":"Talkpal AI","url":"https:\/\/talkpal.ai\/et\/","logo":{"@type":"ImageObject","inLanguage":"et","@id":"https:\/\/talkpal.ai\/et\/#\/schema\/logo\/image\/","url":"https:\/\/talkpal.ai\/wp-content\/uploads\/2024\/03\/Talkpal-Logo-Icon.png","contentUrl":"https:\/\/talkpal.ai\/wp-content\/uploads\/2024\/03\/Talkpal-Logo-Icon.png","width":2880,"height":2880,"caption":"Talkpal, Inc."},"image":{"@id":"https:\/\/talkpal.ai\/et\/#\/schema\/logo\/image\/"},"sameAs":["https:\/\/www.facebook.com\/profile.php?id=100090733639311","https:\/\/x.com\/talkpalai","https:\/\/www.linkedin.com\/company\/talkpal\/","https:\/\/www.youtube.com\/@TalkPal\/","https:\/\/www.tiktok.com\/@talkpal","https:\/\/www.instagram.com\/talkpal_ai\/","https:\/\/www.crunchbase.com\/organization\/talkpal-9cde","https:\/\/www.g2.com\/products\/talkpal-for-business\/","https:\/\/www.trustpilot.com\/review\/talkpal.ai","https:\/\/www.capterra.com\/p\/10006800\/TalkPal\/"],"description":"Talkpal is a language learning web and mobile education app, powered by the latest AI technologies, that provides engaging experiences to its customers in many different languages to help them improve their language skills. Users can chat about unlimited amount of topics with the app and use other modes to practice their language learning.","email":"support@talkpal.ai","legalName":"Talkpal, Inc.","foundingDate":"2023-04-03","duns":"118989042","numberOfEmployees":{"@type":"QuantitativeValue","minValue":"11","maxValue":"50"},"publishingPrinciples":"https:\/\/talkpal.ai\/publishing-principles\/","actionableFeedbackPolicy":"https:\/\/talkpal.ai\/actionable-feedback-policy\/","correctionsPolicy":"https:\/\/talkpal.ai\/corrections-policy\/","ethicsPolicy":"https:\/\/talkpal.ai\/ethics-policy\/","diversityPolicy":"https:\/\/talkpal.ai\/diversity-policy\/","diversityStaffingReport":"https:\/\/talkpal.ai\/diversity-policy\/"}]}},"_links":{"self":[{"href":"https:\/\/talkpal.ai\/et\/wp-json\/wp\/v2\/pages\/129051","targetHints":{"allow":["GET"]}}],"collection":[{"href":"https:\/\/talkpal.ai\/et\/wp-json\/wp\/v2\/pages"}],"about":[{"href":"https:\/\/talkpal.ai\/et\/wp-json\/wp\/v2\/types\/page"}],"author":[{"embeddable":true,"href":"https:\/\/talkpal.ai\/et\/wp-json\/wp\/v2\/users\/1"}],"replies":[{"embeddable":true,"href":"https:\/\/talkpal.ai\/et\/wp-json\/wp\/v2\/comments?post=129051"}],"version-history":[{"count":0,"href":"https:\/\/talkpal.ai\/et\/wp-json\/wp\/v2\/pages\/129051\/revisions"}],"wp:featuredmedia":[{"embeddable":true,"href":"https:\/\/talkpal.ai\/et\/wp-json\/wp\/v2\/media\/106708"}],"wp:attachment":[{"href":"https:\/\/talkpal.ai\/et\/wp-json\/wp\/v2\/media?parent=129051"}],"curies":[{"name":"wp","href":"https:\/\/api.w.org\/{rel}","templated":true}]}}