{"id":128679,"date":"2023-05-14T13:49:38","date_gmt":"2023-05-14T13:49:38","guid":{"rendered":"http:\/\/talkpal.ai\/hollandi-keele-grammatika\/"},"modified":"2025-12-11T17:00:15","modified_gmt":"2025-12-11T17:00:15","slug":"hollandi-keele-grammatika","status":"publish","type":"page","link":"https:\/\/talkpal.ai\/et\/hollandi-keele-grammatika\/","title":{"rendered":"Hollandi keele grammatika"},"content":{"rendered":"\r\n\r\n\r\n<section class=\"languageChallengeSection\">\r\n    <div class=\"languageInfoWrapper\">\r\n        \r\n        <h1>Hollandi keele grammatika<\/h1>\r\n        <p>Tutvuge <a href=\"https:\/\/talkpal.ai\/learn-dutch\/\">hollandi<\/a> keele p\u00f5hialustega, \u00f5ppides selle p\u00f5hilisi grammatikareegleid. <a href=\"https:\/\/talkpal.ai\/dutch-grammar\/\">Hollandi keele grammatika<\/a> valdamine aitab teil t\u00f5husalt suhelda ja saada s\u00fcgavamaid teadmisi hollandi kultuurist. Alusta <a href=\"https:\/\/talkpal.ai\/dutch-grammar\/\">hollandi keele grammatika<\/a> \u00f5ppimist juba t\u00e4na ja astu esimene samm sujuva keeleoskuse suunas!\n<\/p>\r\n\r\n                            <a class=\"getStartedHidden\" href=\"https:\/\/app.talkpal.ai\/et\/signup?lng=\">Alusta<\/a>\r\n        \r\n    <\/div>\r\n\r\n    <figure>\r\n    <img decoding=\"async\" width=\"768\" height=\"768\" src=\"https:\/\/talkpal.ai\/wp-content\/uploads\/2023\/06\/Dutch-768x768.png\" class=\"languageImage no-lazy\" alt=\"Developing skills through language learning\" fetchpriority=\"high\" sizes=\"(max-width: 768px) 150px, 768px\" srcset=\"https:\/\/talkpal.ai\/wp-content\/uploads\/2023\/06\/Dutch-768x768.png 768w, https:\/\/talkpal.ai\/wp-content\/uploads\/2023\/06\/Dutch-300x300.png 300w\" \/>\r\n    \r\n\r\n    <\/figure>\r\n\r\n            <a class=\"getStartedVisible\" href=\"https:\/\/app.talkpal.ai\/et\/signup?lng=\">Alusta<\/a>\r\n    \r\n<\/section>\r\n<section class=\"promotionalBanner\">\r\n    <p class=\"promotionalText\">K\u00f5ige t\u00f5husam viis keele \u00f5ppimiseks<\/p>\r\n    <a class=\"promotionalLink\" href=\"https:\/\/app.talkpal.ai\/et\/signup?lng=\">Proovige Talkpal tasuta<\/a>\r\n<\/section>\n<div class=\"wp-block-group pageContainerStyle\"><div class=\"wp-block-group__inner-container is-layout-constrained wp-block-group-is-layout-constrained\">\n<h2 class=\"wp-block-heading\" id=\"h-dutch-grammar-master-the-mechanics-of-the-dutch-language\">Hollandi keele grammatika: \u00f5ppige hollandi keele mehaanikat<\/h2>\n\n\n\n<p>Kui olete v\u00f5tnud suuna hollandi keele \u00f5ppimisele, siis ootab teid ees p\u00f5nev s\u00f5it! \u00dcle 23 miljoni k\u00f5nelejaga kogu maailmas on <a href=\"https:\/\/talkpal.ai\/et\/opi-hollandi-keel\/\">hollandi keel<\/a> fantastiline keel, mis tugevdab teie keelelist v\u00f5imekust ja avardab silmaringi. V\u00f5ib-olla olete kuulnud sosinaid hollandi keele <a href=\"https:\/\/talkpal.ai\/greek-grammar\/\">grammatika<\/a> keerukuse kohta, kuid \u00e4rge kartke! See artikkel on s\u00f5bralik algajale m\u00f5eldud juhend, mis tutvustab hollandi keele grammatikat meelelahutuslikul, kuid samas p\u00f5hjalikul viisil.<\/p>\n\n\n\n<h3 class=\"wp-block-heading\" id=\"h-1-the-pillar-of-dutch-grammar-word-order\">1. Hollandi keele grammatika sammas: s\u00f5nade j\u00e4rjekord<\/h3>\n\n\n\n<p>Hollandi keele grammatika tugineb suuresti s\u00f5nade j\u00e4rjekorrale. \u00dcldiselt j\u00e4rgib see &#8220;subjekt-verb-objekt&#8221; struktuuri, mis sarnaneb <a href=\"https:\/\/talkpal.ai\/learn-english\/\">inglise<\/a> keelele. Hollandi keelel on aga ainulaadne omadus: verbi teine (V2) s\u00f5nade j\u00e4rjekord. Lauses, kus on rohkem kui \u00fcks tegus\u00f5na, l\u00fckatakse teine verb l\u00f5puni. N\u00e4iteks:<\/p>\n\n\n\n<p><a href=\"https:\/\/talkpal.ai\/learn-english-with-ai\/\">Inglise keel<\/a>: Ma pean t\u00e4na t\u00f6\u00f6tama.<\/p>\n\n\n\n<p>Hollandi keeles: Ik moet vandaag werken. (s\u00f5na-s\u00f5nalt: &#8220;Ma pean t\u00e4na t\u00f6\u00f6le.&#8221;)<\/p>\n\n\n\n<p>V2-s\u00f5nade j\u00e4rjekorra omandamine on hollandi keele grammatika \u00f5ppimisel h\u00e4davajalik.<\/p>\n\n\n\n<h3 class=\"wp-block-heading\" id=\"h-2-get-to-know-your-articles\">2. Tutvuge oma artiklitega<\/h3>\n\n\n\n<p>Hollandi keeles on kaks kindlat artiklit (&#8220;de&#8221; ja &#8220;het&#8221;) ja m\u00e4\u00e4ramata artikkel (&#8220;een&#8221;). Kahe kindla artikli vahel valimine v\u00f5ib olla keeruline, ilma kindla reeglita, mida j\u00e4rgida. Algajana on parim viis nende \u00f5ppimiseks praktika ja konteksti kaudu. N\u00e4iteks:<\/p>\n\n\n\n<p>De man &#8211; Mees<\/p>\n\n\n\n<p>Het meisje &#8211; T\u00fcdruk<\/p>\n\n\n\n<p>Een hond &#8211; koer<\/p>\n\n\n\n<h3 class=\"wp-block-heading\" id=\"h-3-the-dance-of-dutch-conjugations\">3. Hollandi konjugatsioonide tants<\/h3>\n\n\n\n<p>Nagu <a href=\"https:\/\/talkpal.ai\/learn-english-with-ai\/\">inglise keel<\/a>, muudavad hollandi verbid vormi, et edastada pinget ja meeleolu. Hollandi keeles on verbi konjugatsioonide kolm peamist r\u00fchma: n\u00f5rgad verbid, tugevad verbid ja ebaregulaarsed verbid.<\/p>\n\n\n\n<p>N\u00f5rgad verbid j\u00e4rgivad kindlaid konjugatsioonireegleid, mist\u00f5ttu on neid \u00fcsna lihtne \u00f5ppida.  <\/p>\n\n\n\n<p>N\u00e4ide (Present tense): Ik werk, jij werkt, hij\/zij\/u werkt, wij\/jullie\/zij werken<\/p>\n\n\n\n<p>Tugevad tegus\u00f5nad h\u00f5lmavad vokaalimuutusi, mis sageli viivad \u00f5ppijad neid individuaalselt meelde j\u00e4tma.<\/p>\n\n\n\n<p>N\u00e4ide (olevik): Ik zing, jij zingt, hij\/zij\/u zingt, wij\/jullie\/zij zingen<\/p>\n\n\n\n<p>Ebaregulaarsed verbid, nagu nimigi \u00fctleb, ei j\u00e4rgi mingit kindlat k\u00e4\u00e4ndemustrit ja neid tuleb \u00f5ppida iseseisvalt.<\/p>\n\n\n\n<p>N\u00e4ide (Olevik): Ik ben, jij bent, hij\/zij\/u is, wij\/jullie\/zij zijn<\/p>\n\n\n\n<h3 class=\"wp-block-heading\" id=\"h-4-a-flair-for-pronouns\">4. Ases\u00f5nade elegants<\/h3>\n\n\n\n<p>Hollandi grammatika ases\u00f5nad asendavad nimis\u00f5nu ja on olulised teie k\u00f5ne d\u00fcnaamilisemaks ja sujuvamaks muutmiseks. On isiklikke ases\u00f5nu, omastavaid ases\u00f5nu, demonstreerivaid ases\u00f5nu ja refleksiivseid ases\u00f5nu. Algajana on isiklike ja omastavate ases\u00f5nade m\u00f5istmine \u00fclioluline.<\/p>\n\n\n\n<p>Isikulised ases\u00f5nad: ik (I), jij\/je (sina), hij\/zij\/ze (ta\/ta), wij\/we (meie), jullie (te k\u00f5ik), zij\/ze (nad)<\/p>\n\n\n\n<p>Omastavad ases\u00f5nad: mijn (minu), jouw\/je (ur), zijn\/haar (tema), ons\/onze (meie), jullie (sinu), hun\/kana (nende)<\/p>\n\n\n\n<h3 class=\"wp-block-heading\" id=\"h-5-cases-no-more-mostly\">5. Juhtumid mitte enam (enamasti)<\/h3>\n\n\n\n<p>Erinevalt saksa keelest ei kasuta hollandi keel igap\u00e4evaelus enam juhtumis\u00fcsteemi, pakkudes m\u00f5ningast leevendust keelelistele teet\u00f5ketele. Erandiks on vaid hollandi keele variandid \u201ekes\u201c ja \u201ekellele\u201c (vastavalt wie ja wie) ning m\u00f5ned fikseeritud v\u00e4ljendid (n\u00e4iteks te allen tijde, mis t\u00e4hendab \u201eigal ajal\u201c).  <\/p>\n\n\n\n<p>Palju \u00f5nne! Olete astunud esimesed sammud hollandi keele grammatika omandamiseks. Pidage meeles, et harjutamine on v\u00f5ti, seega \u00e4rge kartke s\u00fcveneda, suhelda emakeelek\u00f5nelejatega ja luua tugev alus. Veel succes! (\u00d5nn kaasa!)<\/p>\n<\/div><\/div>\n\r\n<section class=\"learnNavigationSection\">\r\n            \r\n        <a href=\"https:\/\/talkpal.ai\/et\/opi-hollandi-keel\/\">\r\n            <div class=\"learnNavigationWrapper\">\r\n                <div class=\"learnNavigationContent\">\r\n                    <img decoding=\"async\" src=\"https:\/\/talkpal.ai\/wp-content\/uploads\/2024\/08\/Dutch.jpg\" alt=\"Netherlands Flag\">\r\n                    <div>\r\n                        <h4>Hollandi \u00f5ppimise kohta<\/h4>\r\n                        <p>Uuri k\u00f5ike hollandi keele grammatika kohta.<\/p>\r\n                    <\/div>\r\n                <\/div>\r\n            <\/div>\r\n        <\/a>\r\n\r\n        \r\n        <a href=\"https:\/\/talkpal.ai\/et\/hollandi-keele-grammatikaharjutused\/\">\r\n            <div class=\"learnNavigationWrapper\">\r\n                <div class=\"learnNavigationContent\">\r\n                    <img decoding=\"async\" src=\"https:\/\/talkpal.ai\/wp-content\/uploads\/2024\/08\/Dutch.jpg\" alt=\"Netherlands Flag\">\r\n                    <div>\r\n                        <h4>Hollandi keele grammatika harjutus<\/h4>\r\n                        <p>Harjutage hollandi keele grammatikat.<\/p>\r\n                    <\/div>\r\n                <\/div>\r\n            <\/div>\r\n        <\/a>\r\n\r\n        \r\n        <a href=\"https:\/\/talkpal.ai\/vocabulary_language\/dutch\/\">\r\n            <div class=\"learnNavigationWrapper\">\r\n                <div class=\"learnNavigationContent\">\r\n                    <img decoding=\"async\" src=\"https:\/\/talkpal.ai\/wp-content\/uploads\/2024\/08\/Dutch.jpg\" alt=\"Netherlands Flag\">\r\n                    <div>\r\n                        <h4>Hollandi keele s\u00f5navara<\/h4>\r\n                        <p>Laiendage oma hollandi keele s\u00f5navara.<\/p>\r\n                    <\/div>\r\n                <\/div>\r\n            <\/div>\r\n        <\/a>\r\n\r\n            <\/section>","protected":false},"excerpt":{"rendered":"<p>Hollandi keele grammatika: \u00f5ppige hollandi keele mehaanikat Kui olete v\u00f5tnud suuna hollandi keele \u00f5ppimisele, siis ootab teid ees p\u00f5nev s\u00f5it! \u00dcle 23 miljoni k\u00f5nelejaga kogu maailmas on hollandi keel fantastiline keel, mis tugevdab teie keelelist v\u00f5imekust ja avardab silmaringi. V\u00f5ib-olla olete kuulnud sosinaid hollandi keele grammatika keerukuse kohta, kuid \u00e4rge kartke! See artikkel on s\u00f5bralik [&hellip;]<\/p>\n","protected":false},"author":1,"featured_media":106376,"parent":0,"menu_order":0,"comment_status":"closed","ping_status":"closed","template":"LearningContentPage.php","meta":{"_acf_changed":false,"footnotes":""},"class_list":["post-128679","page","type-page","status-publish","has-post-thumbnail","hentry"],"acf":[],"yoast_head":"<!-- This site is optimized with the Yoast SEO Premium plugin v27.2 (Yoast SEO v27.2) - https:\/\/yoast.com\/product\/yoast-seo-premium-wordpress\/ -->\n<title>Hollandi keele grammatika - Talkpal<\/title>\n<meta name=\"description\" content=\"Hollandi keele grammatika omandamine koos Talkpal, teie tehisintellektip\u00f5hine keele\u00f5petaja. Juurdep\u00e4\u00e4s selgetele selgitustele, praktilistele n\u00e4idetele ja interaktiivsetele harjutustele!\" \/>\n<meta name=\"robots\" content=\"index, follow, max-snippet:-1, max-image-preview:large, max-video-preview:-1\" \/>\n<link rel=\"canonical\" href=\"https:\/\/talkpal.ai\/et\/hollandi-keele-grammatika\/\" \/>\n<meta property=\"og:locale\" content=\"et_EE\" \/>\n<meta property=\"og:type\" content=\"article\" \/>\n<meta property=\"og:title\" content=\"Hollandi keele grammatika\" \/>\n<meta property=\"og:description\" content=\"Hollandi keele grammatika: \u00f5ppige hollandi keele mehaanikat Kui olete v\u00f5tnud suuna hollandi keele \u00f5ppimisele, siis ootab teid ees p\u00f5nev s\u00f5it! \u00dcle 23\" \/>\n<meta property=\"og:url\" content=\"https:\/\/talkpal.ai\/et\/hollandi-keele-grammatika\/\" \/>\n<meta property=\"og:site_name\" content=\"Talkpal\" \/>\n<meta property=\"article:publisher\" content=\"https:\/\/www.facebook.com\/profile.php?id=100090733639311\" \/>\n<meta property=\"article:modified_time\" content=\"2025-12-11T17:00:15+00:00\" \/>\n<meta property=\"og:image\" content=\"https:\/\/talkpal.ai\/wp-content\/uploads\/2023\/04\/netherlands-dutch.png\" \/>\n\t<meta property=\"og:image:width\" content=\"512\" \/>\n\t<meta property=\"og:image:height\" content=\"512\" \/>\n\t<meta property=\"og:image:type\" content=\"image\/png\" \/>\n<meta name=\"twitter:card\" content=\"summary_large_image\" \/>\n<meta name=\"twitter:site\" content=\"@talkpalai\" \/>\n<meta name=\"twitter:label1\" content=\"Est. reading time\" \/>\n\t<meta name=\"twitter:data1\" content=\"3 minutit\" \/>\n<script type=\"application\/ld+json\" class=\"yoast-schema-graph\">{\"@context\":\"https:\/\/schema.org\",\"@graph\":[{\"@type\":\"WebPage\",\"@id\":\"https:\/\/talkpal.ai\/et\/hollandi-keele-grammatika\/\",\"url\":\"https:\/\/talkpal.ai\/et\/hollandi-keele-grammatika\/\",\"name\":\"Hollandi keele grammatika - Talkpal\",\"isPartOf\":{\"@id\":\"https:\/\/talkpal.ai\/et\/#website\"},\"primaryImageOfPage\":{\"@id\":\"https:\/\/talkpal.ai\/et\/hollandi-keele-grammatika\/#primaryimage\"},\"image\":{\"@id\":\"https:\/\/talkpal.ai\/et\/hollandi-keele-grammatika\/#primaryimage\"},\"thumbnailUrl\":\"https:\/\/talkpal.ai\/wp-content\/uploads\/2023\/04\/netherlands-dutch.png\",\"datePublished\":\"2023-05-14T13:49:38+00:00\",\"dateModified\":\"2025-12-11T17:00:15+00:00\",\"description\":\"Hollandi keele grammatika omandamine koos Talkpal, teie tehisintellektip\u00f5hine keele\u00f5petaja. Juurdep\u00e4\u00e4s selgetele selgitustele, praktilistele n\u00e4idetele ja interaktiivsetele harjutustele!\",\"breadcrumb\":{\"@id\":\"https:\/\/talkpal.ai\/et\/hollandi-keele-grammatika\/#breadcrumb\"},\"inLanguage\":\"et\",\"potentialAction\":[{\"@type\":\"ReadAction\",\"target\":[\"https:\/\/talkpal.ai\/et\/hollandi-keele-grammatika\/\"]}]},{\"@type\":\"ImageObject\",\"inLanguage\":\"et\",\"@id\":\"https:\/\/talkpal.ai\/et\/hollandi-keele-grammatika\/#primaryimage\",\"url\":\"https:\/\/talkpal.ai\/wp-content\/uploads\/2023\/04\/netherlands-dutch.png\",\"contentUrl\":\"https:\/\/talkpal.ai\/wp-content\/uploads\/2023\/04\/netherlands-dutch.png\",\"width\":512,\"height\":512},{\"@type\":\"BreadcrumbList\",\"@id\":\"https:\/\/talkpal.ai\/et\/hollandi-keele-grammatika\/#breadcrumb\",\"itemListElement\":[{\"@type\":\"ListItem\",\"position\":1,\"name\":\"Homepage\",\"item\":\"https:\/\/talkpal.ai\/et\/\"},{\"@type\":\"ListItem\",\"position\":2,\"name\":\"Hollandi keele grammatika\"}]},{\"@type\":\"WebSite\",\"@id\":\"https:\/\/talkpal.ai\/et\/#website\",\"url\":\"https:\/\/talkpal.ai\/et\/\",\"name\":\"Talkpal\",\"description\":\"AI Language Learning\",\"publisher\":{\"@id\":\"https:\/\/talkpal.ai\/et\/#organization\"},\"alternateName\":\"Talkpal AI\",\"potentialAction\":[{\"@type\":\"SearchAction\",\"target\":{\"@type\":\"EntryPoint\",\"urlTemplate\":\"https:\/\/talkpal.ai\/et\/?s={search_term_string}\"},\"query-input\":{\"@type\":\"PropertyValueSpecification\",\"valueRequired\":true,\"valueName\":\"search_term_string\"}}],\"inLanguage\":\"et\"},{\"@type\":\"Organization\",\"@id\":\"https:\/\/talkpal.ai\/et\/#organization\",\"name\":\"Talkpal, Inc.\",\"alternateName\":\"Talkpal AI\",\"url\":\"https:\/\/talkpal.ai\/et\/\",\"logo\":{\"@type\":\"ImageObject\",\"inLanguage\":\"et\",\"@id\":\"https:\/\/talkpal.ai\/et\/#\/schema\/logo\/image\/\",\"url\":\"https:\/\/talkpal.ai\/wp-content\/uploads\/2024\/03\/Talkpal-Logo-Icon.png\",\"contentUrl\":\"https:\/\/talkpal.ai\/wp-content\/uploads\/2024\/03\/Talkpal-Logo-Icon.png\",\"width\":2880,\"height\":2880,\"caption\":\"Talkpal, Inc.\"},\"image\":{\"@id\":\"https:\/\/talkpal.ai\/et\/#\/schema\/logo\/image\/\"},\"sameAs\":[\"https:\/\/www.facebook.com\/profile.php?id=100090733639311\",\"https:\/\/x.com\/talkpalai\",\"https:\/\/www.linkedin.com\/company\/talkpal\/\",\"https:\/\/www.youtube.com\/@TalkPal\/\",\"https:\/\/www.tiktok.com\/@talkpal\",\"https:\/\/www.instagram.com\/talkpal_ai\/\",\"https:\/\/www.crunchbase.com\/organization\/talkpal-9cde\",\"https:\/\/www.g2.com\/products\/talkpal-for-business\/\",\"https:\/\/www.trustpilot.com\/review\/talkpal.ai\",\"https:\/\/www.capterra.com\/p\/10006800\/TalkPal\/\"],\"description\":\"Talkpal is a language learning web and mobile education app, powered by the latest AI technologies, that provides engaging experiences to its customers in many different languages to help them improve their language skills. Users can chat about unlimited amount of topics with the app and use other modes to practice their language learning.\",\"email\":\"support@talkpal.ai\",\"legalName\":\"Talkpal, Inc.\",\"foundingDate\":\"2023-04-03\",\"duns\":\"118989042\",\"numberOfEmployees\":{\"@type\":\"QuantitativeValue\",\"minValue\":\"11\",\"maxValue\":\"50\"},\"publishingPrinciples\":\"https:\/\/talkpal.ai\/publishing-principles\/\",\"actionableFeedbackPolicy\":\"https:\/\/talkpal.ai\/actionable-feedback-policy\/\",\"correctionsPolicy\":\"https:\/\/talkpal.ai\/corrections-policy\/\",\"ethicsPolicy\":\"https:\/\/talkpal.ai\/ethics-policy\/\",\"diversityPolicy\":\"https:\/\/talkpal.ai\/diversity-policy\/\",\"diversityStaffingReport\":\"https:\/\/talkpal.ai\/diversity-policy\/\"}]}<\/script>\n<!-- \/ Yoast SEO Premium plugin. -->","yoast_head_json":{"title":"Hollandi keele grammatika - Talkpal","description":"Hollandi keele grammatika omandamine koos Talkpal, teie tehisintellektip\u00f5hine keele\u00f5petaja. Juurdep\u00e4\u00e4s selgetele selgitustele, praktilistele n\u00e4idetele ja interaktiivsetele harjutustele!","robots":{"index":"index","follow":"follow","max-snippet":"max-snippet:-1","max-image-preview":"max-image-preview:large","max-video-preview":"max-video-preview:-1"},"canonical":"https:\/\/talkpal.ai\/et\/hollandi-keele-grammatika\/","og_locale":"et_EE","og_type":"article","og_title":"Hollandi keele grammatika","og_description":"Hollandi keele grammatika: \u00f5ppige hollandi keele mehaanikat Kui olete v\u00f5tnud suuna hollandi keele \u00f5ppimisele, siis ootab teid ees p\u00f5nev s\u00f5it! \u00dcle 23","og_url":"https:\/\/talkpal.ai\/et\/hollandi-keele-grammatika\/","og_site_name":"Talkpal","article_publisher":"https:\/\/www.facebook.com\/profile.php?id=100090733639311","article_modified_time":"2025-12-11T17:00:15+00:00","og_image":[{"width":512,"height":512,"url":"https:\/\/talkpal.ai\/wp-content\/uploads\/2023\/04\/netherlands-dutch.png","type":"image\/png"}],"twitter_card":"summary_large_image","twitter_site":"@talkpalai","twitter_misc":{"Est. reading time":"3 minutit"},"schema":{"@context":"https:\/\/schema.org","@graph":[{"@type":"WebPage","@id":"https:\/\/talkpal.ai\/et\/hollandi-keele-grammatika\/","url":"https:\/\/talkpal.ai\/et\/hollandi-keele-grammatika\/","name":"Hollandi keele grammatika - Talkpal","isPartOf":{"@id":"https:\/\/talkpal.ai\/et\/#website"},"primaryImageOfPage":{"@id":"https:\/\/talkpal.ai\/et\/hollandi-keele-grammatika\/#primaryimage"},"image":{"@id":"https:\/\/talkpal.ai\/et\/hollandi-keele-grammatika\/#primaryimage"},"thumbnailUrl":"https:\/\/talkpal.ai\/wp-content\/uploads\/2023\/04\/netherlands-dutch.png","datePublished":"2023-05-14T13:49:38+00:00","dateModified":"2025-12-11T17:00:15+00:00","description":"Hollandi keele grammatika omandamine koos Talkpal, teie tehisintellektip\u00f5hine keele\u00f5petaja. Juurdep\u00e4\u00e4s selgetele selgitustele, praktilistele n\u00e4idetele ja interaktiivsetele harjutustele!","breadcrumb":{"@id":"https:\/\/talkpal.ai\/et\/hollandi-keele-grammatika\/#breadcrumb"},"inLanguage":"et","potentialAction":[{"@type":"ReadAction","target":["https:\/\/talkpal.ai\/et\/hollandi-keele-grammatika\/"]}]},{"@type":"ImageObject","inLanguage":"et","@id":"https:\/\/talkpal.ai\/et\/hollandi-keele-grammatika\/#primaryimage","url":"https:\/\/talkpal.ai\/wp-content\/uploads\/2023\/04\/netherlands-dutch.png","contentUrl":"https:\/\/talkpal.ai\/wp-content\/uploads\/2023\/04\/netherlands-dutch.png","width":512,"height":512},{"@type":"BreadcrumbList","@id":"https:\/\/talkpal.ai\/et\/hollandi-keele-grammatika\/#breadcrumb","itemListElement":[{"@type":"ListItem","position":1,"name":"Homepage","item":"https:\/\/talkpal.ai\/et\/"},{"@type":"ListItem","position":2,"name":"Hollandi keele grammatika"}]},{"@type":"WebSite","@id":"https:\/\/talkpal.ai\/et\/#website","url":"https:\/\/talkpal.ai\/et\/","name":"Talkpal","description":"AI Language Learning","publisher":{"@id":"https:\/\/talkpal.ai\/et\/#organization"},"alternateName":"Talkpal AI","potentialAction":[{"@type":"SearchAction","target":{"@type":"EntryPoint","urlTemplate":"https:\/\/talkpal.ai\/et\/?s={search_term_string}"},"query-input":{"@type":"PropertyValueSpecification","valueRequired":true,"valueName":"search_term_string"}}],"inLanguage":"et"},{"@type":"Organization","@id":"https:\/\/talkpal.ai\/et\/#organization","name":"Talkpal, Inc.","alternateName":"Talkpal AI","url":"https:\/\/talkpal.ai\/et\/","logo":{"@type":"ImageObject","inLanguage":"et","@id":"https:\/\/talkpal.ai\/et\/#\/schema\/logo\/image\/","url":"https:\/\/talkpal.ai\/wp-content\/uploads\/2024\/03\/Talkpal-Logo-Icon.png","contentUrl":"https:\/\/talkpal.ai\/wp-content\/uploads\/2024\/03\/Talkpal-Logo-Icon.png","width":2880,"height":2880,"caption":"Talkpal, Inc."},"image":{"@id":"https:\/\/talkpal.ai\/et\/#\/schema\/logo\/image\/"},"sameAs":["https:\/\/www.facebook.com\/profile.php?id=100090733639311","https:\/\/x.com\/talkpalai","https:\/\/www.linkedin.com\/company\/talkpal\/","https:\/\/www.youtube.com\/@TalkPal\/","https:\/\/www.tiktok.com\/@talkpal","https:\/\/www.instagram.com\/talkpal_ai\/","https:\/\/www.crunchbase.com\/organization\/talkpal-9cde","https:\/\/www.g2.com\/products\/talkpal-for-business\/","https:\/\/www.trustpilot.com\/review\/talkpal.ai","https:\/\/www.capterra.com\/p\/10006800\/TalkPal\/"],"description":"Talkpal is a language learning web and mobile education app, powered by the latest AI technologies, that provides engaging experiences to its customers in many different languages to help them improve their language skills. Users can chat about unlimited amount of topics with the app and use other modes to practice their language learning.","email":"support@talkpal.ai","legalName":"Talkpal, Inc.","foundingDate":"2023-04-03","duns":"118989042","numberOfEmployees":{"@type":"QuantitativeValue","minValue":"11","maxValue":"50"},"publishingPrinciples":"https:\/\/talkpal.ai\/publishing-principles\/","actionableFeedbackPolicy":"https:\/\/talkpal.ai\/actionable-feedback-policy\/","correctionsPolicy":"https:\/\/talkpal.ai\/corrections-policy\/","ethicsPolicy":"https:\/\/talkpal.ai\/ethics-policy\/","diversityPolicy":"https:\/\/talkpal.ai\/diversity-policy\/","diversityStaffingReport":"https:\/\/talkpal.ai\/diversity-policy\/"}]}},"_links":{"self":[{"href":"https:\/\/talkpal.ai\/et\/wp-json\/wp\/v2\/pages\/128679","targetHints":{"allow":["GET"]}}],"collection":[{"href":"https:\/\/talkpal.ai\/et\/wp-json\/wp\/v2\/pages"}],"about":[{"href":"https:\/\/talkpal.ai\/et\/wp-json\/wp\/v2\/types\/page"}],"author":[{"embeddable":true,"href":"https:\/\/talkpal.ai\/et\/wp-json\/wp\/v2\/users\/1"}],"replies":[{"embeddable":true,"href":"https:\/\/talkpal.ai\/et\/wp-json\/wp\/v2\/comments?post=128679"}],"version-history":[{"count":0,"href":"https:\/\/talkpal.ai\/et\/wp-json\/wp\/v2\/pages\/128679\/revisions"}],"wp:featuredmedia":[{"embeddable":true,"href":"https:\/\/talkpal.ai\/et\/wp-json\/wp\/v2\/media\/106376"}],"wp:attachment":[{"href":"https:\/\/talkpal.ai\/et\/wp-json\/wp\/v2\/media?parent=128679"}],"curies":[{"name":"wp","href":"https:\/\/api.w.org\/{rel}","templated":true}]}}