{"id":128238,"date":"2023-05-14T13:48:36","date_gmt":"2023-05-14T13:48:36","guid":{"rendered":"http:\/\/talkpal.ai\/hiina-keele-grammatika\/"},"modified":"2025-06-17T16:40:04","modified_gmt":"2025-06-17T16:40:04","slug":"hiina-keele-grammatika","status":"publish","type":"page","link":"https:\/\/talkpal.ai\/et\/hiina-keele-grammatika\/","title":{"rendered":"Hiina keele grammatika"},"content":{"rendered":"\r\n\r\n\r\n<section class=\"languageChallengeSection\">\r\n    <div class=\"languageInfoWrapper\">\r\n        \r\n        <h1>Hiina keele grammatika<\/h1>\r\n        <p>Tugevdage oma <a href=\"https:\/\/talkpal.ai\/learn-chinese\/\">hiina<\/a> keele oskust, \u00f5ppides peamisi grammatikastruktuure ja kasutusmustreid. Alustage oma <a href=\"https:\/\/talkpal.ai\/learn-chinese\/\">hiina<\/a> keele <a href=\"https:\/\/talkpal.ai\/greek-grammar\/\">grammatika<\/a> parandamist juba t\u00e4na ja suhelge enesekindlalt!<\/p>\r\n\r\n                            <a class=\"getStartedHidden\" href=\"https:\/\/app.talkpal.ai\/et\/signup?lng=\">Alusta<\/a>\r\n        \r\n    <\/div>\r\n\r\n    <figure>\r\n    <img decoding=\"async\" width=\"768\" height=\"768\" src=\"https:\/\/talkpal.ai\/wp-content\/uploads\/2023\/06\/chinese-768x768.png\" class=\"languageImage no-lazy\" alt=\"Language learning for flexible communication\" fetchpriority=\"high\" sizes=\"(max-width: 768px) 150px, 768px\" srcset=\"https:\/\/talkpal.ai\/wp-content\/uploads\/2023\/06\/chinese-768x768.png 768w, https:\/\/talkpal.ai\/wp-content\/uploads\/2023\/06\/chinese-300x300.png 300w\" \/>\r\n    \r\n\r\n    <\/figure>\r\n\r\n            <a class=\"getStartedVisible\" href=\"https:\/\/app.talkpal.ai\/et\/signup?lng=\">Alusta<\/a>\r\n    \r\n<\/section>\r\n<section class=\"promotionalBanner\">\r\n    <p class=\"promotionalText\">K\u00f5ige t\u00f5husam viis keele \u00f5ppimiseks<\/p>\r\n    <a class=\"promotionalLink\" href=\"https:\/\/app.talkpal.ai\/et\/signup?lng=\">Proovige Talkpal tasuta<\/a>\r\n<\/section>\n<div class=\"wp-block-group pageContainerStyle\"><div class=\"wp-block-group__inner-container is-layout-constrained wp-block-group-is-layout-constrained\">\n<h2 class=\"wp-block-heading\" id=\"h-chinese-grammar-the-key-to-mastering-mandarin\">Hiina grammatika: mandariini keele valdamise v\u00f5ti<\/h2>\n\n\n\n<p>Kas olete ambitsioonikas keele\u00f5ppija, kes on seadnud oma sihid mandariini keele omandamisele? Kui jah, siis palju \u00f5nne! Hiina keelega tegelemine on fantastiline viis laiendada oma globaalset m\u00f5tteviisi, suhelda paljude k\u00f5nelejatega ja panna end intellektuaalselt proovile. Kuid 1,2 miljardi emakeelena k\u00f5neleja ja l\u00e4\u00e4ne keeltest tohutult erineva keeles\u00fcsteemiga v\u00f5ib hiina keele grammatika tunduda \u00fcsna hirmutav. \u00c4ra karda! Lugege edasi, et saada algajatele sobiv kiirkursus hiina keele grammatikast, mis on nii kaasahaarav kui ka informatiivne.<\/p>\n\n\n\n<p><strong>K\u00f5igepealt k\u00f5igepealt: unustage, mida te teate Euroopa keelte kohta!<\/strong><\/p>\n\n\n\n<p>\u00dcks peamine p\u00f5hjus, miks keele\u00f5ppijaid hirmutab hiina keele grammatika, on see, et see erineb radikaalselt &#8220;subjekt-verb-objekt&#8221; struktuurist, millega me oleme harjunud sellistes keeltes nagu <a href=\"https:\/\/talkpal.ai\/learn-english\/\">inglise<\/a>, hispaania v\u00f5i <a href=\"https:\/\/talkpal.ai\/learn-french\/\">prantsuse keel<\/a>. Nii et hingake s\u00fcgavalt sisse ja sukeldume t\u00e4iesti uude keelereeglite ja m\u00f5istete universumisse!<\/p>\n\n\n\n<h3 class=\"wp-block-heading\" id=\"h-1-word-order-is-king\">1. S\u00f5nade j\u00e4rjekord on kuningas<\/h3>\n\n\n\n<p>Kuigi hiina keele grammatikas pole ajavorme, verbi konjugatsioone ega mitmusi, on \u00f5ige lauseehitus \u00fclimalt t\u00e4htis. Niisiis, kuidas saavutatakse \u00f5ige s\u00f5nade j\u00e4rjekord? Enamikul juhtudel j\u00e4rgige lihtsalt &#8220;subjekt-verb-objekt&#8221; mustrit (sarnane inglise keelega). N\u00e4iteks:<\/p>\n\n\n\n<p><a href=\"https:\/\/talkpal.ai\/learn-english-with-ai\/\">Inglise keel<\/a>: Ma armastan sind.<br\/>Hiina keel: \u6211\u7231\u4f60\u3002 W\u01d2 \u00e0i n\u01d0.<\/p>\n\n\n\n<p>On keerukamaid struktuure, kuid tugeva aluse arendamine muudab need edenedes h\u00f5lpsamini haaratavaks.<\/p>\n\n\n\n<h3 class=\"wp-block-heading\" id=\"h-2-particles-particles-everywhere\">2. Osakesed, osakesed k\u00f5ikjal!<\/h3>\n\n\n\n<p>Hiina grammatikas m\u00e4ngivad osakesed t\u00e4henduse edastamisel kriitilist rolli. \u00dcks levinumaid partikleid on &#8220;\u4e86 (le)&#8221;, mis annab m\u00e4rku l\u00f5petatud tegevusest. N\u00e4iteks:<\/p>\n\n\n\n<p>\u6211\u5403\u4e86\u3002W\u01d2 ch\u012b le. &#8211; &#8220;Ma olen s\u00f6\u00f6nud.&#8221;<\/p>\n\n\n\n<p>Teine levinud partikkel on &#8220;\u5427 (ba)&#8221;, mis muudab avalduse ettepanekuks v\u00f5i k\u00fcsimuseks:<\/p>\n\n\n\n<p>\u8d70\u5427\uff01Z\u01d2u ba! &#8211; &#8220;L\u00e4hme!&#8221;<\/p>\n\n\n\n<p>Erinevate osakeste funktsioonide m\u00f5istmine on <a href=\"https:\/\/talkpal.ai\/chinese-grammar\/\">hiina grammatika<\/a> n\u00fcansside omandamise v\u00f5ti.<\/p>\n\n\n\n<h3 class=\"wp-block-heading\" id=\"h-3-measure-words-quality-not-quantity\">3. M\u00f5\u00f5tke s\u00f5nu: kvaliteet, mitte kvantiteet<\/h3>\n\n\n\n<p>Hiina keeles ei ole nimis\u00f5nadel mitmus. Selle asemel kasutavad nad koguse v\u00e4ljendamiseks m\u00f5\u00f5ts\u00f5nu (tuntud ka kui klassifikaatorid). Arvu ja nimis\u00f5na vahele lisatakse m\u00f5\u00f5dus\u00f5nad. N\u00e4iteks:<\/p>\n\n\n\n<p>\u4e00\u672c\u4e66 &#8211; Y\u012b b\u011bn sh\u016b &#8211; &#8220;\u00fcks raamat&#8221;<\/p>\n\n\n\n<p>Pange t\u00e4hele \u672c (b\u011bn) kasutamist raamatute m\u00f5\u00f5dus\u00f5nana. Erinevad nimis\u00f5nad n\u00f5uavad erinevaid m\u00f5\u00f5tes\u00f5nu, ja kuigi see v\u00f5ib alguses tunduda segadusttekitav, muutub see harjutamise k\u00e4igus loomulikuks.<\/p>\n\n\n\n<h3 class=\"wp-block-heading\" id=\"h-4-the-magic-of-compound-words\">4. Liits\u00f5nade maagia<\/h3>\n\n\n\n<p>Hiina keel on t\u00e4is liits\u00f5nu, mis on moodustatud kahe v\u00f5i enama t\u00e4hem\u00e4rgi \u00fchendamisel. See mitte ainult ei lihtsusta s\u00f5navara \u00f5ppimist, vaid v\u00f5imaldab ka erksaid kujundeid ja konteksti. N\u00e4iteks:<\/p>\n\n\n\n<p>\u706b\u8f66 &#8211; Hu\u01d2ch\u0113 &#8211; &#8220;rong&#8221; (s\u00f5na-s\u00f5nalt: &#8220;tulet\u00f5rjeauto&#8221;)<br\/>\u7535\u8bdd &#8211; Di\u00e0nhu\u00e0 &#8211; &#8220;telefon&#8221; (s\u00f5na-s\u00f5nalt: &#8220;elektriline k\u00f5ne&#8221;)<\/p>\n\n\n\n<p>M\u00f5istes \u00fcksikute t\u00e4hem\u00e4rkide t\u00e4hendust, saate h\u00f5lpsasti j\u00e4reldada selliste liits\u00f5nade t\u00e4henduse, millega te varem ei ole kokku puutunud.<\/p>\n\n\n\n<h3 class=\"wp-block-heading\" id=\"h-5-no-tenses-no-problem\">5. Pole ajavorme? Pole probleemi!<\/h3>\n\n\n\n<p>Hiina keele \u00fcks v\u00e4rskendavamaid aspekte on verbi konjugatsioonide puudumine erinevate aegade jaoks. Aga kuidas te aega v\u00e4ljendate? Lihtne! Lisage lihtsalt s\u00f5nad, mis n\u00e4itavad ajakava, n\u00e4iteks:<\/p>\n\n\n\n<p>\u6628\u5929 &#8211; Zu\u00f3ti\u0101n &#8211; &#8220;eile&#8221;<br\/>\u660e\u5929 &#8211; M\u00edngti\u0101n &#8211; &#8220;homme&#8221;<\/p>\n\n\n\n<p><strong>N\u00e4iteks:<\/strong><\/p>\n\n\n\n<p>\u6211\u6628\u5929\u5403\u4e86\u996d\u3002W\u01d2 zu\u00f3ti\u0101n ch\u012b le f\u00e0n. &#8211; &#8220;Ma s\u00f5in eile toitu.&#8221;<br\/>\u6211\u660e\u5929\u5403\u996d\u3002W\u01d2 m\u00edngti\u0101n ch\u012b f\u00e0n. &#8211; &#8220;Ma s\u00f6\u00f6n homme toitu.&#8221;<\/p>\n\n\n\n<p>Palju \u00f5nne! Olete astunud esimesed sammud hiina keele grammatika omandamise suunas. Pidage meeles: harjutamine teeb meistriks. Niisiis, \u00e4rge kartke uusi grammatilisi struktuure uurida, emakeelek\u00f5nelejatega vestelda ja oma aluseid tugevdada. Mandariini keele maailm ootab teid &#8211; head \u00f5ppimist!<\/p>\n<\/div><\/div>\n\r\n<section class=\"learnNavigationSection\">\r\n            \r\n        <a href=\"https:\/\/talkpal.ai\/et\/opi-hiina-keel\/\">\r\n            <div class=\"learnNavigationWrapper\">\r\n                <div class=\"learnNavigationContent\">\r\n                    <img decoding=\"async\" src=\"https:\/\/talkpal.ai\/wp-content\/uploads\/2024\/08\/Chinese.jpg\" alt=\"Chinese Flag\u00a0\">\r\n                    <div>\r\n                        <h4>Hiina \u00f5ppimise kohta<\/h4>\r\n                        <p>Uuri k\u00f5ike hiina keele grammatika kohta.<\/p>\r\n                    <\/div>\r\n                <\/div>\r\n            <\/div>\r\n        <\/a>\r\n\r\n        \r\n        <a href=\"https:\/\/talkpal.ai\/et\/hiina-keele-grammatika-harjutused\/\">\r\n            <div class=\"learnNavigationWrapper\">\r\n                <div class=\"learnNavigationContent\">\r\n                    <img decoding=\"async\" src=\"https:\/\/talkpal.ai\/wp-content\/uploads\/2024\/08\/Chinese.jpg\" alt=\"Chinese Flag\u00a0\">\r\n                    <div>\r\n                        <h4>Hiina keele grammatika harjutus<\/h4>\r\n                        <p>Harjutage hiina grammatikat.<\/p>\r\n                    <\/div>\r\n                <\/div>\r\n            <\/div>\r\n        <\/a>\r\n\r\n        \r\n        <a href=\"https:\/\/talkpal.ai\/vocabulary_language\/chinese\/\">\r\n            <div class=\"learnNavigationWrapper\">\r\n                <div class=\"learnNavigationContent\">\r\n                    <img decoding=\"async\" src=\"https:\/\/talkpal.ai\/wp-content\/uploads\/2024\/08\/Chinese.jpg\" alt=\"Chinese Flag\u00a0\">\r\n                    <div>\r\n                        <h4>Hiina s\u00f5navara<\/h4>\r\n                        <p>Laiendage oma hiina keele s\u00f5navara.<\/p>\r\n                    <\/div>\r\n                <\/div>\r\n            <\/div>\r\n        <\/a>\r\n\r\n            <\/section>","protected":false},"excerpt":{"rendered":"<p>Hiina grammatika: mandariini keele valdamise v\u00f5ti Kas olete ambitsioonikas keele\u00f5ppija, kes on seadnud oma sihid mandariini keele omandamisele? Kui jah, siis palju \u00f5nne! Hiina keelega tegelemine on fantastiline viis laiendada oma globaalset m\u00f5tteviisi, suhelda paljude k\u00f5nelejatega ja panna end intellektuaalselt proovile. Kuid 1,2 miljardi emakeelena k\u00f5neleja ja l\u00e4\u00e4ne keeltest tohutult erineva keeles\u00fcsteemiga v\u00f5ib hiina keele [&hellip;]<\/p>\n","protected":false},"author":1,"featured_media":106102,"parent":0,"menu_order":0,"comment_status":"closed","ping_status":"closed","template":"LearningContentPage.php","meta":{"_acf_changed":false,"footnotes":""},"class_list":["post-128238","page","type-page","status-publish","has-post-thumbnail","hentry"],"acf":[],"yoast_head":"<!-- This site is optimized with the Yoast SEO Premium plugin v27.2 (Yoast SEO v27.2) - https:\/\/yoast.com\/product\/yoast-seo-premium-wordpress\/ -->\n<title>Hiina keele grammatika - Talkpal<\/title>\n<meta name=\"description\" content=\"Avage hiina keele ja kultuuri paremaks m\u00f5istmiseks hiina keele ja kultuuri saladused.\" \/>\n<meta name=\"robots\" content=\"index, follow, max-snippet:-1, max-image-preview:large, max-video-preview:-1\" \/>\n<link rel=\"canonical\" href=\"https:\/\/talkpal.ai\/et\/hiina-keele-grammatika\/\" \/>\n<meta property=\"og:locale\" content=\"et_EE\" \/>\n<meta property=\"og:type\" content=\"article\" \/>\n<meta property=\"og:title\" content=\"Hiina keele grammatika\" \/>\n<meta property=\"og:description\" content=\"Hiina grammatika: mandariini keele valdamise v\u00f5ti Kas olete ambitsioonikas keele\u00f5ppija, kes on seadnud oma sihid mandariini keele omandamisele? Kui jah,\" \/>\n<meta property=\"og:url\" content=\"https:\/\/talkpal.ai\/et\/hiina-keele-grammatika\/\" \/>\n<meta property=\"og:site_name\" content=\"Talkpal\" \/>\n<meta property=\"article:publisher\" content=\"https:\/\/www.facebook.com\/profile.php?id=100090733639311\" \/>\n<meta property=\"article:modified_time\" content=\"2025-06-17T16:40:04+00:00\" \/>\n<meta property=\"og:image\" content=\"https:\/\/talkpal.ai\/wp-content\/uploads\/2023\/04\/china.png\" \/>\n\t<meta property=\"og:image:width\" content=\"512\" \/>\n\t<meta property=\"og:image:height\" content=\"512\" \/>\n\t<meta property=\"og:image:type\" content=\"image\/png\" \/>\n<meta name=\"twitter:card\" content=\"summary_large_image\" \/>\n<meta name=\"twitter:site\" content=\"@talkpalai\" \/>\n<meta name=\"twitter:label1\" content=\"Est. reading time\" \/>\n\t<meta name=\"twitter:data1\" content=\"3 minutit\" \/>\n<script type=\"application\/ld+json\" class=\"yoast-schema-graph\">{\"@context\":\"https:\/\/schema.org\",\"@graph\":[{\"@type\":\"WebPage\",\"@id\":\"https:\/\/talkpal.ai\/et\/hiina-keele-grammatika\/\",\"url\":\"https:\/\/talkpal.ai\/et\/hiina-keele-grammatika\/\",\"name\":\"Hiina keele grammatika - Talkpal\",\"isPartOf\":{\"@id\":\"https:\/\/talkpal.ai\/et\/#website\"},\"primaryImageOfPage\":{\"@id\":\"https:\/\/talkpal.ai\/et\/hiina-keele-grammatika\/#primaryimage\"},\"image\":{\"@id\":\"https:\/\/talkpal.ai\/et\/hiina-keele-grammatika\/#primaryimage\"},\"thumbnailUrl\":\"https:\/\/talkpal.ai\/wp-content\/uploads\/2023\/04\/china.png\",\"datePublished\":\"2023-05-14T13:48:36+00:00\",\"dateModified\":\"2025-06-17T16:40:04+00:00\",\"description\":\"Avage hiina keele ja kultuuri paremaks m\u00f5istmiseks hiina keele ja kultuuri saladused.\",\"breadcrumb\":{\"@id\":\"https:\/\/talkpal.ai\/et\/hiina-keele-grammatika\/#breadcrumb\"},\"inLanguage\":\"et\",\"potentialAction\":[{\"@type\":\"ReadAction\",\"target\":[\"https:\/\/talkpal.ai\/et\/hiina-keele-grammatika\/\"]}]},{\"@type\":\"ImageObject\",\"inLanguage\":\"et\",\"@id\":\"https:\/\/talkpal.ai\/et\/hiina-keele-grammatika\/#primaryimage\",\"url\":\"https:\/\/talkpal.ai\/wp-content\/uploads\/2023\/04\/china.png\",\"contentUrl\":\"https:\/\/talkpal.ai\/wp-content\/uploads\/2023\/04\/china.png\",\"width\":512,\"height\":512},{\"@type\":\"BreadcrumbList\",\"@id\":\"https:\/\/talkpal.ai\/et\/hiina-keele-grammatika\/#breadcrumb\",\"itemListElement\":[{\"@type\":\"ListItem\",\"position\":1,\"name\":\"Homepage\",\"item\":\"https:\/\/talkpal.ai\/et\/\"},{\"@type\":\"ListItem\",\"position\":2,\"name\":\"Hiina keele grammatika\"}]},{\"@type\":\"WebSite\",\"@id\":\"https:\/\/talkpal.ai\/et\/#website\",\"url\":\"https:\/\/talkpal.ai\/et\/\",\"name\":\"Talkpal\",\"description\":\"AI Language Learning\",\"publisher\":{\"@id\":\"https:\/\/talkpal.ai\/et\/#organization\"},\"alternateName\":\"Talkpal AI\",\"potentialAction\":[{\"@type\":\"SearchAction\",\"target\":{\"@type\":\"EntryPoint\",\"urlTemplate\":\"https:\/\/talkpal.ai\/et\/?s={search_term_string}\"},\"query-input\":{\"@type\":\"PropertyValueSpecification\",\"valueRequired\":true,\"valueName\":\"search_term_string\"}}],\"inLanguage\":\"et\"},{\"@type\":\"Organization\",\"@id\":\"https:\/\/talkpal.ai\/et\/#organization\",\"name\":\"Talkpal, Inc.\",\"alternateName\":\"Talkpal AI\",\"url\":\"https:\/\/talkpal.ai\/et\/\",\"logo\":{\"@type\":\"ImageObject\",\"inLanguage\":\"et\",\"@id\":\"https:\/\/talkpal.ai\/et\/#\/schema\/logo\/image\/\",\"url\":\"https:\/\/talkpal.ai\/wp-content\/uploads\/2024\/03\/Talkpal-Logo-Icon.png\",\"contentUrl\":\"https:\/\/talkpal.ai\/wp-content\/uploads\/2024\/03\/Talkpal-Logo-Icon.png\",\"width\":2880,\"height\":2880,\"caption\":\"Talkpal, Inc.\"},\"image\":{\"@id\":\"https:\/\/talkpal.ai\/et\/#\/schema\/logo\/image\/\"},\"sameAs\":[\"https:\/\/www.facebook.com\/profile.php?id=100090733639311\",\"https:\/\/x.com\/talkpalai\",\"https:\/\/www.linkedin.com\/company\/talkpal\/\",\"https:\/\/www.youtube.com\/@TalkPal\/\",\"https:\/\/www.tiktok.com\/@talkpal\",\"https:\/\/www.instagram.com\/talkpal_ai\/\",\"https:\/\/www.crunchbase.com\/organization\/talkpal-9cde\",\"https:\/\/www.g2.com\/products\/talkpal-for-business\/\",\"https:\/\/www.trustpilot.com\/review\/talkpal.ai\",\"https:\/\/www.capterra.com\/p\/10006800\/TalkPal\/\"],\"description\":\"Talkpal is a language learning web and mobile education app, powered by the latest AI technologies, that provides engaging experiences to its customers in many different languages to help them improve their language skills. Users can chat about unlimited amount of topics with the app and use other modes to practice their language learning.\",\"email\":\"support@talkpal.ai\",\"legalName\":\"Talkpal, Inc.\",\"foundingDate\":\"2023-04-03\",\"duns\":\"118989042\",\"numberOfEmployees\":{\"@type\":\"QuantitativeValue\",\"minValue\":\"11\",\"maxValue\":\"50\"},\"publishingPrinciples\":\"https:\/\/talkpal.ai\/publishing-principles\/\",\"actionableFeedbackPolicy\":\"https:\/\/talkpal.ai\/actionable-feedback-policy\/\",\"correctionsPolicy\":\"https:\/\/talkpal.ai\/corrections-policy\/\",\"ethicsPolicy\":\"https:\/\/talkpal.ai\/ethics-policy\/\",\"diversityPolicy\":\"https:\/\/talkpal.ai\/diversity-policy\/\",\"diversityStaffingReport\":\"https:\/\/talkpal.ai\/diversity-policy\/\"}]}<\/script>\n<!-- \/ Yoast SEO Premium plugin. -->","yoast_head_json":{"title":"Hiina keele grammatika - Talkpal","description":"Avage hiina keele ja kultuuri paremaks m\u00f5istmiseks hiina keele ja kultuuri saladused.","robots":{"index":"index","follow":"follow","max-snippet":"max-snippet:-1","max-image-preview":"max-image-preview:large","max-video-preview":"max-video-preview:-1"},"canonical":"https:\/\/talkpal.ai\/et\/hiina-keele-grammatika\/","og_locale":"et_EE","og_type":"article","og_title":"Hiina keele grammatika","og_description":"Hiina grammatika: mandariini keele valdamise v\u00f5ti Kas olete ambitsioonikas keele\u00f5ppija, kes on seadnud oma sihid mandariini keele omandamisele? Kui jah,","og_url":"https:\/\/talkpal.ai\/et\/hiina-keele-grammatika\/","og_site_name":"Talkpal","article_publisher":"https:\/\/www.facebook.com\/profile.php?id=100090733639311","article_modified_time":"2025-06-17T16:40:04+00:00","og_image":[{"width":512,"height":512,"url":"https:\/\/talkpal.ai\/wp-content\/uploads\/2023\/04\/china.png","type":"image\/png"}],"twitter_card":"summary_large_image","twitter_site":"@talkpalai","twitter_misc":{"Est. reading time":"3 minutit"},"schema":{"@context":"https:\/\/schema.org","@graph":[{"@type":"WebPage","@id":"https:\/\/talkpal.ai\/et\/hiina-keele-grammatika\/","url":"https:\/\/talkpal.ai\/et\/hiina-keele-grammatika\/","name":"Hiina keele grammatika - Talkpal","isPartOf":{"@id":"https:\/\/talkpal.ai\/et\/#website"},"primaryImageOfPage":{"@id":"https:\/\/talkpal.ai\/et\/hiina-keele-grammatika\/#primaryimage"},"image":{"@id":"https:\/\/talkpal.ai\/et\/hiina-keele-grammatika\/#primaryimage"},"thumbnailUrl":"https:\/\/talkpal.ai\/wp-content\/uploads\/2023\/04\/china.png","datePublished":"2023-05-14T13:48:36+00:00","dateModified":"2025-06-17T16:40:04+00:00","description":"Avage hiina keele ja kultuuri paremaks m\u00f5istmiseks hiina keele ja kultuuri saladused.","breadcrumb":{"@id":"https:\/\/talkpal.ai\/et\/hiina-keele-grammatika\/#breadcrumb"},"inLanguage":"et","potentialAction":[{"@type":"ReadAction","target":["https:\/\/talkpal.ai\/et\/hiina-keele-grammatika\/"]}]},{"@type":"ImageObject","inLanguage":"et","@id":"https:\/\/talkpal.ai\/et\/hiina-keele-grammatika\/#primaryimage","url":"https:\/\/talkpal.ai\/wp-content\/uploads\/2023\/04\/china.png","contentUrl":"https:\/\/talkpal.ai\/wp-content\/uploads\/2023\/04\/china.png","width":512,"height":512},{"@type":"BreadcrumbList","@id":"https:\/\/talkpal.ai\/et\/hiina-keele-grammatika\/#breadcrumb","itemListElement":[{"@type":"ListItem","position":1,"name":"Homepage","item":"https:\/\/talkpal.ai\/et\/"},{"@type":"ListItem","position":2,"name":"Hiina keele grammatika"}]},{"@type":"WebSite","@id":"https:\/\/talkpal.ai\/et\/#website","url":"https:\/\/talkpal.ai\/et\/","name":"Talkpal","description":"AI Language Learning","publisher":{"@id":"https:\/\/talkpal.ai\/et\/#organization"},"alternateName":"Talkpal AI","potentialAction":[{"@type":"SearchAction","target":{"@type":"EntryPoint","urlTemplate":"https:\/\/talkpal.ai\/et\/?s={search_term_string}"},"query-input":{"@type":"PropertyValueSpecification","valueRequired":true,"valueName":"search_term_string"}}],"inLanguage":"et"},{"@type":"Organization","@id":"https:\/\/talkpal.ai\/et\/#organization","name":"Talkpal, Inc.","alternateName":"Talkpal AI","url":"https:\/\/talkpal.ai\/et\/","logo":{"@type":"ImageObject","inLanguage":"et","@id":"https:\/\/talkpal.ai\/et\/#\/schema\/logo\/image\/","url":"https:\/\/talkpal.ai\/wp-content\/uploads\/2024\/03\/Talkpal-Logo-Icon.png","contentUrl":"https:\/\/talkpal.ai\/wp-content\/uploads\/2024\/03\/Talkpal-Logo-Icon.png","width":2880,"height":2880,"caption":"Talkpal, Inc."},"image":{"@id":"https:\/\/talkpal.ai\/et\/#\/schema\/logo\/image\/"},"sameAs":["https:\/\/www.facebook.com\/profile.php?id=100090733639311","https:\/\/x.com\/talkpalai","https:\/\/www.linkedin.com\/company\/talkpal\/","https:\/\/www.youtube.com\/@TalkPal\/","https:\/\/www.tiktok.com\/@talkpal","https:\/\/www.instagram.com\/talkpal_ai\/","https:\/\/www.crunchbase.com\/organization\/talkpal-9cde","https:\/\/www.g2.com\/products\/talkpal-for-business\/","https:\/\/www.trustpilot.com\/review\/talkpal.ai","https:\/\/www.capterra.com\/p\/10006800\/TalkPal\/"],"description":"Talkpal is a language learning web and mobile education app, powered by the latest AI technologies, that provides engaging experiences to its customers in many different languages to help them improve their language skills. Users can chat about unlimited amount of topics with the app and use other modes to practice their language learning.","email":"support@talkpal.ai","legalName":"Talkpal, Inc.","foundingDate":"2023-04-03","duns":"118989042","numberOfEmployees":{"@type":"QuantitativeValue","minValue":"11","maxValue":"50"},"publishingPrinciples":"https:\/\/talkpal.ai\/publishing-principles\/","actionableFeedbackPolicy":"https:\/\/talkpal.ai\/actionable-feedback-policy\/","correctionsPolicy":"https:\/\/talkpal.ai\/corrections-policy\/","ethicsPolicy":"https:\/\/talkpal.ai\/ethics-policy\/","diversityPolicy":"https:\/\/talkpal.ai\/diversity-policy\/","diversityStaffingReport":"https:\/\/talkpal.ai\/diversity-policy\/"}]}},"_links":{"self":[{"href":"https:\/\/talkpal.ai\/et\/wp-json\/wp\/v2\/pages\/128238","targetHints":{"allow":["GET"]}}],"collection":[{"href":"https:\/\/talkpal.ai\/et\/wp-json\/wp\/v2\/pages"}],"about":[{"href":"https:\/\/talkpal.ai\/et\/wp-json\/wp\/v2\/types\/page"}],"author":[{"embeddable":true,"href":"https:\/\/talkpal.ai\/et\/wp-json\/wp\/v2\/users\/1"}],"replies":[{"embeddable":true,"href":"https:\/\/talkpal.ai\/et\/wp-json\/wp\/v2\/comments?post=128238"}],"version-history":[{"count":0,"href":"https:\/\/talkpal.ai\/et\/wp-json\/wp\/v2\/pages\/128238\/revisions"}],"wp:featuredmedia":[{"embeddable":true,"href":"https:\/\/talkpal.ai\/et\/wp-json\/wp\/v2\/media\/106102"}],"wp:attachment":[{"href":"https:\/\/talkpal.ai\/et\/wp-json\/wp\/v2\/media?parent=128238"}],"curies":[{"name":"wp","href":"https:\/\/api.w.org\/{rel}","templated":true}]}}