{"id":127837,"date":"2023-05-14T13:43:38","date_gmt":"2023-05-14T13:43:38","guid":{"rendered":"http:\/\/talkpal.ai\/araabia-keele-grammatika\/"},"modified":"2025-05-21T11:48:47","modified_gmt":"2025-05-21T11:48:47","slug":"araabia-keele-grammatika","status":"publish","type":"page","link":"https:\/\/talkpal.ai\/et\/araabia-keele-grammatika\/","title":{"rendered":"Araabia keele grammatika"},"content":{"rendered":"\r\n\r\n\r\n<section class=\"languageChallengeSection\">\r\n    <div class=\"languageInfoWrapper\">\r\n        \r\n        <h1>Araabia keele grammatika<\/h1>\r\n        <p>Parandage oma araabia keele oskust, uurides olulisi grammatikam\u00f5isteid ja selgeid, samm-sammulisi selgitusi. Alusta araabia keele <a href=\"https:\/\/talkpal.ai\/greek-grammar\/\">grammatika<\/a> omandamist kohe ja suhtle sujuvamalt ja enesekindlamalt!<\/p>\r\n\r\n                            <a class=\"getStartedHidden\" href=\"https:\/\/app.talkpal.ai\/et\/signup?lng=\">Alusta<\/a>\r\n        \r\n    <\/div>\r\n\r\n    <figure>\r\n    <img decoding=\"async\" width=\"768\" height=\"768\" src=\"https:\/\/talkpal.ai\/wp-content\/uploads\/2023\/06\/arabic-768x768.png\" class=\"languageImage no-lazy\" alt=\"Language learning for linguistic diversity\" fetchpriority=\"high\" sizes=\"(max-width: 768px) 150px, 768px\" srcset=\"https:\/\/talkpal.ai\/wp-content\/uploads\/2023\/06\/arabic-768x768.png 768w, https:\/\/talkpal.ai\/wp-content\/uploads\/2023\/06\/arabic-300x300.png 300w\" \/>\r\n    \r\n\r\n    <\/figure>\r\n\r\n            <a class=\"getStartedVisible\" href=\"https:\/\/app.talkpal.ai\/et\/signup?lng=\">Alusta<\/a>\r\n    \r\n<\/section>\r\n<section class=\"promotionalBanner\">\r\n    <p class=\"promotionalText\">K\u00f5ige t\u00f5husam viis keele \u00f5ppimiseks<\/p>\r\n    <a class=\"promotionalLink\" href=\"https:\/\/app.talkpal.ai\/et\/signup?lng=\">Proovige Talkpal tasuta<\/a>\r\n<\/section>\n<div class=\"wp-block-group pageContainerStyle\"><div class=\"wp-block-group__inner-container is-layout-constrained wp-block-group-is-layout-constrained\">\n<h2 class=\"wp-block-heading\" id=\"h-the-intricacies-of-arabic-grammar-a-journey-through-its-roots-and-beauty\">Araabia grammatika keerukused: teekond l\u00e4bi selle juurte ja ilu<\/h2>\n\n\n\n<p><strong>Kas m\u00e4letate, kui hakkasite esimest korda inglise keele grammatikat \u00f5ppima?<\/strong>  Pealtn\u00e4ha l\u00f5putud reeglid, erandid ja terminoloogiad v\u00f5isid j\u00e4tta teid kohati \u00fclekoormatuks. Kui m\u00f5tlete araabia keele \u00f5ppimisele, v\u00f5ite olla kindel, et ka sellel keelel on ainulaadne ja keerukas grammatikas\u00fcsteem. Niisiis, teeme l\u00fchikese, kuid valgustava reisi <a href=\"https:\/\/talkpal.ai\/arabic-grammar\/\">araabia keele grammatika<\/a> juurte ja ilu kaudu.<\/p>\n\n\n\n<p>Alustuseks teeme kindlaks m\u00f5ned <strong>peamised erinevused araabia ja inglise keele grammatika vahel<\/strong>. Araabia keeles jagunevad s\u00f5nad kolme kategooriasse: nimis\u00f5nad, verbid ja partiklid. Erinevalt <a href=\"https:\/\/talkpal.ai\/learn-english\/\">inglise<\/a> keelest j\u00e4rgivad araabia s\u00f5nad juurestikku, mis t\u00e4hendab, et saate j\u00e4lgida s\u00f5na p\u00f5hilist t\u00e4hendust, tuvastades selle juure. See juurestik annab araabia keelele erakordse s\u00fcgavuse ja rikkuse. Araabia grammatika uskumatu asi on selle tuginemine mustritele, mis v\u00f5imaldab k\u00f5nelejatel sageli luua uusi s\u00f5nu, j\u00e4rgides teatud struktuure.<\/p>\n\n\n\n<p>Teine oluline aspekt <strong>araabia keele grammatikas on see, et see on sooline keel<\/strong>, mis t\u00e4hendab, et nimis\u00f5nadel ja omaduss\u00f5nadel on soospetsiifilised vormid. Kas teadsite, et araabia keelel on lisaks ainsuse ja mitmuse vormidele isegi kahekordne vorm? See on t\u00f5si! Araabia topeltvormi kasutatakse paaride, n\u00e4iteks silmade, k\u00e4te v\u00f5i vanemate t\u00e4histamiseks. See lisab t\u00e4iendava spetsiifilisuse kihi, mis inglise keelel puudub.<\/p>\n\n\n\n<p>R\u00e4\u00e4gime n\u00fc\u00fcd <strong>araabia keele verbide konjugatsioonist<\/strong>, mis on iseenesest t\u00e4iesti uus maailm. Araabia verbid p\u00f5hinevad juurte s\u00fcsteemil, mis koosneb tavaliselt kolmest p\u00f5hikaash\u00e4\u00e4likust. Juur m\u00e4\u00e4rab verbi p\u00f5hilise t\u00e4henduse ja vokaalimustrite lisamisega loote verbi erinevad vormid, mis v\u00e4ljendavad erinevaid t\u00e4hendusi ja ajastusi. N\u00e4iteks v\u00f5ib t\u00e4ish\u00e4\u00e4likute muutmine juurest muuta pinget minevikust olevikku v\u00f5i muuta aktiivse verbi passiivseks. P\u00e4ris h\u00e4mmastav, eks?<\/p>\n\n\n\n<p>Veel \u00fcks araabia keele grammatika p\u00f5nev aspekt, millest peame r\u00e4\u00e4kima, on <strong>kindlus<\/strong>. Inglise keeles kasutame s\u00f5na &#8220;the&#8221;, et n\u00e4idata, et tegus\u00f5na on l\u00f5plik. Araabia keeles on see m\u00f5iste keelde p\u00f5imitud v\u00e4ikese partikli &#8220;Al-&#8221; kaudu, mis lisatakse s\u00f5na algusesse. Kui nimis\u00f5na ees on s\u00f5na &#8220;Al-&#8220;, muutub see ilma t\u00e4iendavate omaduss\u00f5nadeta kindlas\u00f5naliseks. Seega, selle asemel, et \u00f6elda araabia keeles &#8220;maja on suur&#8221;, \u00fctleksite &#8220;Al-baytu kabir&#8221;, kus &#8220;Al-baytu&#8221; t\u00e4hendab &#8220;maja&#8221;.<\/p>\n\n\n\n<p><strong>Vestluslik<\/strong> araabia keel on d\u00fcnaamilisem ja sujuvam kui ametlik araabia keel, nagu <a href=\"https:\/\/talkpal.ai\/locations\/language-courses-in-iga\/\">iga<\/a> keele puhul. Araabia grammatika p\u00f5hiprintsiipide valdamine on aga keele t\u00f5eliseks m\u00f5istmiseks ja hindamiseks h\u00e4davajalik. Kui olete saanud juurmustrite, soovormide ja verbi konjugatsioonide riputamise, muutub uute s\u00f5nade \u00e4ratundmine ja <a href=\"https:\/\/talkpal.ai\/et\/oppimine\/\">\u00f5ppimine<\/a> palju lihtsamaks.<\/p>\n\n\n\n<p><strong>Araabia keele grammatika \u00f5ppimine<\/strong> v\u00f5ib esialgu tunduda hirmutav, kuid visaduse ja p\u00fchendumusega suudate hinnata selle keerulise keele ilu. Nii nagu keeruka m\u00f5istatuse lahendamine v\u00f5i kr\u00fcpteeritud koodi de\u0161ifreerimine, seisneb tasu ka araabia keele saladuste avamise rahulolus ja selle rikkaliku kultuuri, ajaloo ja kirjandusega sukeldumises. Mida sa siis ootad? Sukelduge araabia grammatika lummavasse maailma ja avastage enda jaoks selle t\u00f5eline olemus.<\/p>\n<\/div><\/div>\n\r\n<section class=\"learnNavigationSection\">\r\n            \r\n        <a href=\"https:\/\/talkpal.ai\/et\/opi-araabia-keel\/\">\r\n            <div class=\"learnNavigationWrapper\">\r\n                <div class=\"learnNavigationContent\">\r\n                    <img decoding=\"async\" src=\"https:\/\/talkpal.ai\/wp-content\/uploads\/2024\/08\/Arabic.jpg\" alt=\"Arabic Flag\">\r\n                    <div>\r\n                        <h4>Araabia keele \u00f5ppimisest<\/h4>\r\n                        <p>Uuri k\u00f5ike araabia keele grammatika kohta.<\/p>\r\n                    <\/div>\r\n                <\/div>\r\n            <\/div>\r\n        <\/a>\r\n\r\n        \r\n        <a href=\"https:\/\/talkpal.ai\/et\/araabia-keele-grammatika-harjutused\/\">\r\n            <div class=\"learnNavigationWrapper\">\r\n                <div class=\"learnNavigationContent\">\r\n                    <img decoding=\"async\" src=\"https:\/\/talkpal.ai\/wp-content\/uploads\/2024\/08\/Arabic.jpg\" alt=\"Arabic Flag\">\r\n                    <div>\r\n                        <h4>Araabia keele grammatika harjutus<\/h4>\r\n                        <p>Harjutage araabia grammatikat.<\/p>\r\n                    <\/div>\r\n                <\/div>\r\n            <\/div>\r\n        <\/a>\r\n\r\n        \r\n        <a href=\"https:\/\/talkpal.ai\/vocabulary_language\/arabic\/\">\r\n            <div class=\"learnNavigationWrapper\">\r\n                <div class=\"learnNavigationContent\">\r\n                    <img decoding=\"async\" src=\"https:\/\/talkpal.ai\/wp-content\/uploads\/2024\/08\/Arabic.jpg\" alt=\"Arabic Flag\">\r\n                    <div>\r\n                        <h4>Araabia keele s\u00f5navara<\/h4>\r\n                        <p>Laiendage oma araabia keele s\u00f5navara.<\/p>\r\n                    <\/div>\r\n                <\/div>\r\n            <\/div>\r\n        <\/a>\r\n\r\n            <\/section>","protected":false},"excerpt":{"rendered":"<p>Araabia grammatika keerukused: teekond l\u00e4bi selle juurte ja ilu Kas m\u00e4letate, kui hakkasite esimest korda inglise keele grammatikat \u00f5ppima? Pealtn\u00e4ha l\u00f5putud reeglid, erandid ja terminoloogiad v\u00f5isid j\u00e4tta teid kohati \u00fclekoormatuks. Kui m\u00f5tlete araabia keele \u00f5ppimisele, v\u00f5ite olla kindel, et ka sellel keelel on ainulaadne ja keerukas grammatikas\u00fcsteem. Niisiis, teeme l\u00fchikese, kuid valgustava reisi araabia keele [&hellip;]<\/p>\n","protected":false},"author":1,"featured_media":105909,"parent":0,"menu_order":0,"comment_status":"closed","ping_status":"closed","template":"LearningContentPage.php","meta":{"_acf_changed":false,"footnotes":""},"class_list":["post-127837","page","type-page","status-publish","has-post-thumbnail","hentry"],"acf":[],"yoast_head":"<!-- This site is optimized with the Yoast SEO Premium plugin v27.2 (Yoast SEO v27.2) - https:\/\/yoast.com\/product\/yoast-seo-premium-wordpress\/ -->\n<title>Araabia keele grammatika - Talkpal<\/title>\n<meta name=\"description\" content=\"Tutvuge araabia keele grammatika keerukusega ja avastage selle ainulaadne struktuur v\u00f5rreldes inglise keele grammatikaga.\" \/>\n<meta name=\"robots\" content=\"index, follow, max-snippet:-1, max-image-preview:large, max-video-preview:-1\" \/>\n<link rel=\"canonical\" href=\"https:\/\/talkpal.ai\/et\/araabia-keele-grammatika\/\" \/>\n<meta property=\"og:locale\" content=\"et_EE\" \/>\n<meta property=\"og:type\" content=\"article\" \/>\n<meta property=\"og:title\" content=\"Araabia keele grammatika\" \/>\n<meta property=\"og:description\" content=\"Araabia grammatika keerukused: teekond l\u00e4bi selle juurte ja ilu Kas m\u00e4letate, kui hakkasite esimest korda inglise keele grammatikat \u00f5ppima? Pealtn\u00e4ha\" \/>\n<meta property=\"og:url\" content=\"https:\/\/talkpal.ai\/et\/araabia-keele-grammatika\/\" \/>\n<meta property=\"og:site_name\" content=\"Talkpal\" \/>\n<meta property=\"article:publisher\" content=\"https:\/\/www.facebook.com\/profile.php?id=100090733639311\" \/>\n<meta property=\"article:modified_time\" content=\"2025-05-21T11:48:47+00:00\" \/>\n<meta property=\"og:image\" content=\"https:\/\/talkpal.ai\/wp-content\/uploads\/2023\/04\/arabic-united-arab-emirates.png\" \/>\n\t<meta property=\"og:image:width\" content=\"512\" \/>\n\t<meta property=\"og:image:height\" content=\"512\" \/>\n\t<meta property=\"og:image:type\" content=\"image\/png\" \/>\n<meta name=\"twitter:card\" content=\"summary_large_image\" \/>\n<meta name=\"twitter:site\" content=\"@talkpalai\" \/>\n<meta name=\"twitter:label1\" content=\"Est. reading time\" \/>\n\t<meta name=\"twitter:data1\" content=\"2 minutit\" \/>\n<script type=\"application\/ld+json\" class=\"yoast-schema-graph\">{\"@context\":\"https:\/\/schema.org\",\"@graph\":[{\"@type\":\"WebPage\",\"@id\":\"https:\/\/talkpal.ai\/et\/araabia-keele-grammatika\/\",\"url\":\"https:\/\/talkpal.ai\/et\/araabia-keele-grammatika\/\",\"name\":\"Araabia keele grammatika - Talkpal\",\"isPartOf\":{\"@id\":\"https:\/\/talkpal.ai\/et\/#website\"},\"primaryImageOfPage\":{\"@id\":\"https:\/\/talkpal.ai\/et\/araabia-keele-grammatika\/#primaryimage\"},\"image\":{\"@id\":\"https:\/\/talkpal.ai\/et\/araabia-keele-grammatika\/#primaryimage\"},\"thumbnailUrl\":\"https:\/\/talkpal.ai\/wp-content\/uploads\/2023\/04\/arabic-united-arab-emirates.png\",\"datePublished\":\"2023-05-14T13:43:38+00:00\",\"dateModified\":\"2025-05-21T11:48:47+00:00\",\"description\":\"Tutvuge araabia keele grammatika keerukusega ja avastage selle ainulaadne struktuur v\u00f5rreldes inglise keele grammatikaga.\",\"breadcrumb\":{\"@id\":\"https:\/\/talkpal.ai\/et\/araabia-keele-grammatika\/#breadcrumb\"},\"inLanguage\":\"et\",\"potentialAction\":[{\"@type\":\"ReadAction\",\"target\":[\"https:\/\/talkpal.ai\/et\/araabia-keele-grammatika\/\"]}]},{\"@type\":\"ImageObject\",\"inLanguage\":\"et\",\"@id\":\"https:\/\/talkpal.ai\/et\/araabia-keele-grammatika\/#primaryimage\",\"url\":\"https:\/\/talkpal.ai\/wp-content\/uploads\/2023\/04\/arabic-united-arab-emirates.png\",\"contentUrl\":\"https:\/\/talkpal.ai\/wp-content\/uploads\/2023\/04\/arabic-united-arab-emirates.png\",\"width\":512,\"height\":512},{\"@type\":\"BreadcrumbList\",\"@id\":\"https:\/\/talkpal.ai\/et\/araabia-keele-grammatika\/#breadcrumb\",\"itemListElement\":[{\"@type\":\"ListItem\",\"position\":1,\"name\":\"Homepage\",\"item\":\"https:\/\/talkpal.ai\/et\/\"},{\"@type\":\"ListItem\",\"position\":2,\"name\":\"Araabia keele grammatika\"}]},{\"@type\":\"WebSite\",\"@id\":\"https:\/\/talkpal.ai\/et\/#website\",\"url\":\"https:\/\/talkpal.ai\/et\/\",\"name\":\"Talkpal\",\"description\":\"AI Language Learning\",\"publisher\":{\"@id\":\"https:\/\/talkpal.ai\/et\/#organization\"},\"alternateName\":\"Talkpal AI\",\"potentialAction\":[{\"@type\":\"SearchAction\",\"target\":{\"@type\":\"EntryPoint\",\"urlTemplate\":\"https:\/\/talkpal.ai\/et\/?s={search_term_string}\"},\"query-input\":{\"@type\":\"PropertyValueSpecification\",\"valueRequired\":true,\"valueName\":\"search_term_string\"}}],\"inLanguage\":\"et\"},{\"@type\":\"Organization\",\"@id\":\"https:\/\/talkpal.ai\/et\/#organization\",\"name\":\"Talkpal, Inc.\",\"alternateName\":\"Talkpal AI\",\"url\":\"https:\/\/talkpal.ai\/et\/\",\"logo\":{\"@type\":\"ImageObject\",\"inLanguage\":\"et\",\"@id\":\"https:\/\/talkpal.ai\/et\/#\/schema\/logo\/image\/\",\"url\":\"https:\/\/talkpal.ai\/wp-content\/uploads\/2024\/03\/Talkpal-Logo-Icon.png\",\"contentUrl\":\"https:\/\/talkpal.ai\/wp-content\/uploads\/2024\/03\/Talkpal-Logo-Icon.png\",\"width\":2880,\"height\":2880,\"caption\":\"Talkpal, Inc.\"},\"image\":{\"@id\":\"https:\/\/talkpal.ai\/et\/#\/schema\/logo\/image\/\"},\"sameAs\":[\"https:\/\/www.facebook.com\/profile.php?id=100090733639311\",\"https:\/\/x.com\/talkpalai\",\"https:\/\/www.linkedin.com\/company\/talkpal\/\",\"https:\/\/www.youtube.com\/@TalkPal\/\",\"https:\/\/www.tiktok.com\/@talkpal\",\"https:\/\/www.instagram.com\/talkpal_ai\/\",\"https:\/\/www.crunchbase.com\/organization\/talkpal-9cde\",\"https:\/\/www.g2.com\/products\/talkpal-for-business\/\",\"https:\/\/www.trustpilot.com\/review\/talkpal.ai\",\"https:\/\/www.capterra.com\/p\/10006800\/TalkPal\/\"],\"description\":\"Talkpal is a language learning web and mobile education app, powered by the latest AI technologies, that provides engaging experiences to its customers in many different languages to help them improve their language skills. Users can chat about unlimited amount of topics with the app and use other modes to practice their language learning.\",\"email\":\"support@talkpal.ai\",\"legalName\":\"Talkpal, Inc.\",\"foundingDate\":\"2023-04-03\",\"duns\":\"118989042\",\"numberOfEmployees\":{\"@type\":\"QuantitativeValue\",\"minValue\":\"11\",\"maxValue\":\"50\"},\"publishingPrinciples\":\"https:\/\/talkpal.ai\/publishing-principles\/\",\"actionableFeedbackPolicy\":\"https:\/\/talkpal.ai\/actionable-feedback-policy\/\",\"correctionsPolicy\":\"https:\/\/talkpal.ai\/corrections-policy\/\",\"ethicsPolicy\":\"https:\/\/talkpal.ai\/ethics-policy\/\",\"diversityPolicy\":\"https:\/\/talkpal.ai\/diversity-policy\/\",\"diversityStaffingReport\":\"https:\/\/talkpal.ai\/diversity-policy\/\"}]}<\/script>\n<!-- \/ Yoast SEO Premium plugin. -->","yoast_head_json":{"title":"Araabia keele grammatika - Talkpal","description":"Tutvuge araabia keele grammatika keerukusega ja avastage selle ainulaadne struktuur v\u00f5rreldes inglise keele grammatikaga.","robots":{"index":"index","follow":"follow","max-snippet":"max-snippet:-1","max-image-preview":"max-image-preview:large","max-video-preview":"max-video-preview:-1"},"canonical":"https:\/\/talkpal.ai\/et\/araabia-keele-grammatika\/","og_locale":"et_EE","og_type":"article","og_title":"Araabia keele grammatika","og_description":"Araabia grammatika keerukused: teekond l\u00e4bi selle juurte ja ilu Kas m\u00e4letate, kui hakkasite esimest korda inglise keele grammatikat \u00f5ppima? Pealtn\u00e4ha","og_url":"https:\/\/talkpal.ai\/et\/araabia-keele-grammatika\/","og_site_name":"Talkpal","article_publisher":"https:\/\/www.facebook.com\/profile.php?id=100090733639311","article_modified_time":"2025-05-21T11:48:47+00:00","og_image":[{"width":512,"height":512,"url":"https:\/\/talkpal.ai\/wp-content\/uploads\/2023\/04\/arabic-united-arab-emirates.png","type":"image\/png"}],"twitter_card":"summary_large_image","twitter_site":"@talkpalai","twitter_misc":{"Est. reading time":"2 minutit"},"schema":{"@context":"https:\/\/schema.org","@graph":[{"@type":"WebPage","@id":"https:\/\/talkpal.ai\/et\/araabia-keele-grammatika\/","url":"https:\/\/talkpal.ai\/et\/araabia-keele-grammatika\/","name":"Araabia keele grammatika - Talkpal","isPartOf":{"@id":"https:\/\/talkpal.ai\/et\/#website"},"primaryImageOfPage":{"@id":"https:\/\/talkpal.ai\/et\/araabia-keele-grammatika\/#primaryimage"},"image":{"@id":"https:\/\/talkpal.ai\/et\/araabia-keele-grammatika\/#primaryimage"},"thumbnailUrl":"https:\/\/talkpal.ai\/wp-content\/uploads\/2023\/04\/arabic-united-arab-emirates.png","datePublished":"2023-05-14T13:43:38+00:00","dateModified":"2025-05-21T11:48:47+00:00","description":"Tutvuge araabia keele grammatika keerukusega ja avastage selle ainulaadne struktuur v\u00f5rreldes inglise keele grammatikaga.","breadcrumb":{"@id":"https:\/\/talkpal.ai\/et\/araabia-keele-grammatika\/#breadcrumb"},"inLanguage":"et","potentialAction":[{"@type":"ReadAction","target":["https:\/\/talkpal.ai\/et\/araabia-keele-grammatika\/"]}]},{"@type":"ImageObject","inLanguage":"et","@id":"https:\/\/talkpal.ai\/et\/araabia-keele-grammatika\/#primaryimage","url":"https:\/\/talkpal.ai\/wp-content\/uploads\/2023\/04\/arabic-united-arab-emirates.png","contentUrl":"https:\/\/talkpal.ai\/wp-content\/uploads\/2023\/04\/arabic-united-arab-emirates.png","width":512,"height":512},{"@type":"BreadcrumbList","@id":"https:\/\/talkpal.ai\/et\/araabia-keele-grammatika\/#breadcrumb","itemListElement":[{"@type":"ListItem","position":1,"name":"Homepage","item":"https:\/\/talkpal.ai\/et\/"},{"@type":"ListItem","position":2,"name":"Araabia keele grammatika"}]},{"@type":"WebSite","@id":"https:\/\/talkpal.ai\/et\/#website","url":"https:\/\/talkpal.ai\/et\/","name":"Talkpal","description":"AI Language Learning","publisher":{"@id":"https:\/\/talkpal.ai\/et\/#organization"},"alternateName":"Talkpal AI","potentialAction":[{"@type":"SearchAction","target":{"@type":"EntryPoint","urlTemplate":"https:\/\/talkpal.ai\/et\/?s={search_term_string}"},"query-input":{"@type":"PropertyValueSpecification","valueRequired":true,"valueName":"search_term_string"}}],"inLanguage":"et"},{"@type":"Organization","@id":"https:\/\/talkpal.ai\/et\/#organization","name":"Talkpal, Inc.","alternateName":"Talkpal AI","url":"https:\/\/talkpal.ai\/et\/","logo":{"@type":"ImageObject","inLanguage":"et","@id":"https:\/\/talkpal.ai\/et\/#\/schema\/logo\/image\/","url":"https:\/\/talkpal.ai\/wp-content\/uploads\/2024\/03\/Talkpal-Logo-Icon.png","contentUrl":"https:\/\/talkpal.ai\/wp-content\/uploads\/2024\/03\/Talkpal-Logo-Icon.png","width":2880,"height":2880,"caption":"Talkpal, Inc."},"image":{"@id":"https:\/\/talkpal.ai\/et\/#\/schema\/logo\/image\/"},"sameAs":["https:\/\/www.facebook.com\/profile.php?id=100090733639311","https:\/\/x.com\/talkpalai","https:\/\/www.linkedin.com\/company\/talkpal\/","https:\/\/www.youtube.com\/@TalkPal\/","https:\/\/www.tiktok.com\/@talkpal","https:\/\/www.instagram.com\/talkpal_ai\/","https:\/\/www.crunchbase.com\/organization\/talkpal-9cde","https:\/\/www.g2.com\/products\/talkpal-for-business\/","https:\/\/www.trustpilot.com\/review\/talkpal.ai","https:\/\/www.capterra.com\/p\/10006800\/TalkPal\/"],"description":"Talkpal is a language learning web and mobile education app, powered by the latest AI technologies, that provides engaging experiences to its customers in many different languages to help them improve their language skills. Users can chat about unlimited amount of topics with the app and use other modes to practice their language learning.","email":"support@talkpal.ai","legalName":"Talkpal, Inc.","foundingDate":"2023-04-03","duns":"118989042","numberOfEmployees":{"@type":"QuantitativeValue","minValue":"11","maxValue":"50"},"publishingPrinciples":"https:\/\/talkpal.ai\/publishing-principles\/","actionableFeedbackPolicy":"https:\/\/talkpal.ai\/actionable-feedback-policy\/","correctionsPolicy":"https:\/\/talkpal.ai\/corrections-policy\/","ethicsPolicy":"https:\/\/talkpal.ai\/ethics-policy\/","diversityPolicy":"https:\/\/talkpal.ai\/diversity-policy\/","diversityStaffingReport":"https:\/\/talkpal.ai\/diversity-policy\/"}]}},"_links":{"self":[{"href":"https:\/\/talkpal.ai\/et\/wp-json\/wp\/v2\/pages\/127837","targetHints":{"allow":["GET"]}}],"collection":[{"href":"https:\/\/talkpal.ai\/et\/wp-json\/wp\/v2\/pages"}],"about":[{"href":"https:\/\/talkpal.ai\/et\/wp-json\/wp\/v2\/types\/page"}],"author":[{"embeddable":true,"href":"https:\/\/talkpal.ai\/et\/wp-json\/wp\/v2\/users\/1"}],"replies":[{"embeddable":true,"href":"https:\/\/talkpal.ai\/et\/wp-json\/wp\/v2\/comments?post=127837"}],"version-history":[{"count":0,"href":"https:\/\/talkpal.ai\/et\/wp-json\/wp\/v2\/pages\/127837\/revisions"}],"wp:featuredmedia":[{"embeddable":true,"href":"https:\/\/talkpal.ai\/et\/wp-json\/wp\/v2\/media\/105909"}],"wp:attachment":[{"href":"https:\/\/talkpal.ai\/et\/wp-json\/wp\/v2\/media?parent=127837"}],"curies":[{"name":"wp","href":"https:\/\/api.w.org\/{rel}","templated":true}]}}