{"id":126835,"date":"2023-03-26T12:27:22","date_gmt":"2023-03-26T12:27:22","guid":{"rendered":"http:\/\/talkpal.ai\/itaalia-keele-grammatika\/"},"modified":"2025-05-22T18:44:31","modified_gmt":"2025-05-22T18:44:31","slug":"itaalia-keele-grammatika","status":"publish","type":"page","link":"https:\/\/talkpal.ai\/et\/itaalia-keele-grammatika\/","title":{"rendered":"Itaalia keele grammatika"},"content":{"rendered":"\r\n\r\n\r\n<section class=\"languageChallengeSection\">\r\n    <div class=\"languageInfoWrapper\">\r\n        \r\n        <h1>Itaalia keele grammatika<\/h1>\r\n        <p>Avastage <a href=\"https:\/\/talkpal.ai\/et\/oppige-itaalia-keelt-internetis\/\">itaalia keele<\/a> alused, \u00f5ppides selle p\u00f5hilisi grammatikareegleid. <a href=\"https:\/\/talkpal.ai\/et\/grammar\/mitmus-itaalia-keele-grammatikas\/\">Itaalia keele grammatika<\/a> valdamine aitab teil ennast enesekindlalt v\u00e4ljendada ja luua s\u00fcgavamaid sidemeid Itaalia rikkaliku kultuuriga. Alusta <a href=\"https:\/\/talkpal.ai\/et\/oppige-itaalia-keelt-internetis\/\">itaalia keele<\/a> <a href=\"https:\/\/talkpal.ai\/greek-grammar\/\">grammatika<\/a> \u00f5ppimist juba t\u00e4na ja astu esimene samm sujuva keeleoskuse suunas!<\/p>\r\n\r\n                            <a class=\"getStartedHidden\" href=\"https:\/\/app.talkpal.ai\/et\/signup?lng=\">Alusta<\/a>\r\n        \r\n    <\/div>\r\n\r\n    <figure>\r\n    <img decoding=\"async\" width=\"768\" height=\"768\" src=\"https:\/\/talkpal.ai\/wp-content\/uploads\/2023\/06\/italian-768x768.png\" class=\"languageImage no-lazy\" alt=\"Language learning for increased memory capacity\" fetchpriority=\"high\" sizes=\"(max-width: 768px) 150px, 768px\" srcset=\"https:\/\/talkpal.ai\/wp-content\/uploads\/2023\/06\/italian-768x768.png 768w, https:\/\/talkpal.ai\/wp-content\/uploads\/2023\/06\/italian-300x300.png 300w\" \/>\r\n    \r\n\r\n    <\/figure>\r\n\r\n            <a class=\"getStartedVisible\" href=\"https:\/\/app.talkpal.ai\/et\/signup?lng=\">Alusta<\/a>\r\n    \r\n<\/section>\r\n        <section class=\"grammarSection\">\r\n            <div class=\"grammarLinks\">\r\n                <a href=\"https:\/\/talkpal.ai\/et\/language\/asesonad-itaalia-keele-grammatika\/\">Ases\u00f5nad <\/a><a href=\"https:\/\/talkpal.ai\/et\/language\/eessonad-itaalia-keele-grammatika\/\">Eess\u00f5nad <\/a><a href=\"https:\/\/talkpal.ai\/et\/language\/eitus-ja-kusitlemine-itaalia-grammatika\/\">Eitus ja k\u00fcsitlemine <\/a><a href=\"https:\/\/talkpal.ai\/et\/language\/maarsonad-itaalia-keele-grammatika\/\">M\u00e4\u00e4rs\u00f5nad <\/a><a href=\"https:\/\/talkpal.ai\/et\/language\/nimisonad-itaalia-keele-grammatika\/\">Nimis\u00f5nad <\/a><a href=\"https:\/\/talkpal.ai\/et\/language\/omadussonad-itaalia-keele-grammatika\/\">Omaduss\u00f5nad <\/a><a href=\"https:\/\/talkpal.ai\/et\/language\/sidesonad-itaalia-keele-grammatika\/\">Sides\u00f5nad <\/a><a href=\"https:\/\/talkpal.ai\/et\/language\/suntaks-ja-lauseehitus-itaalia-keele-grammatika\/\">S\u00fcntaks ja lauseehitus <\/a><a href=\"https:\/\/talkpal.ai\/et\/language\/tegusonad-itaalia-keele-grammatika\/\">Tegus\u00f5nad <\/a>            <\/div>\r\n        <\/section>\r\n    <section class=\"promotionalBanner\">\r\n    <p class=\"promotionalText\">K\u00f5ige t\u00f5husam viis keele \u00f5ppimiseks<\/p>\r\n    <a class=\"promotionalLink\" href=\"https:\/\/app.talkpal.ai\/et\/signup?lng=\">Proovige Talkpal tasuta<\/a>\r\n<\/section>\n<div class=\"wp-block-group pageContainerStyle\"><div class=\"wp-block-group__inner-container is-layout-constrained wp-block-group-is-layout-constrained\">\n<h2 class=\"wp-block-heading\" id=\"h-mastering-the-art-of-italian-grammar-your-ultimate-guide\">Itaalia keele grammatikakunsti omandamine: teie \u00fclim juhend<\/h2>\n\n\n\n<p>Ciao, <a href=\"https:\/\/talkpal.ai\/talkpal-discount-for-language-enthusiasts\/\">keelehuvilised<\/a>! Kas olete valmis sukelduma itaalia keele grammatika maailma? Olete j\u00f5udnud \u00f5igesse kohta. See artikkel, mis on t\u00e4is kergesti seeditavat ja vestluslikku teavet, juhatab teid l\u00e4bi itaalia keele grammatika p\u00f5neva (ja m\u00f5nikord keerulise) maailma, et saaksite enesekindlalt luua lauseid ja pidada emakeelena k\u00f5nelejatega sisukaid vestlusi. Niisiis, kinnitage turvav\u00f6\u00f6 ja alustame!<\/p>\n\n\n\n<h3 class=\"wp-block-heading\" id=\"h-but-first-why-italian-grammar\">Aga k\u00f5igepealt, miks itaalia keele grammatika?<\/h3>\n\n\n\n<p>Kui \u00f5pid <a href=\"https:\/\/talkpal.ai\/et\/oppige-itaalia-keelt\/\">itaalia keelt<\/a>, on oluline, et r\u00e4\u00e4kida, lugeda ja kirjutada ladusalt, omada tugevat grammatika alusp\u00f5him\u00f5tet. Itaalia keele grammatika v\u00f5ib esialgu tunduda keeruline, kuid see on suhteliselt lihtne, kui seda v\u00e4iksemateks, paremini hallatavateks t\u00fckkideks jagada. Nii et alustame oma teekonda itaalia keele grammatika omandamise suunas!<\/p>\n\n\n\n<h3 class=\"wp-block-heading\" id=\"h-1-nouns-articles-and-gender\">1. Nomenid, artiklid ja sugu<\/h3>\n\n\n\n<p>Itaalia keele nimis\u00f5nadel on kaks sugu: maskuliinne ja feminiinne. Erinevalt <a href=\"https:\/\/talkpal.ai\/learn-english\/\">inglise<\/a> keelest, kus nimis\u00f5na sugu ei ole oluline, on itaalia keele puhul vajalik \u00f5ige sugu korrektse lauseehituse jaoks. Kas oskate \u00e4ra arvata selliste nimis\u00f5nade nagu &#8220;tavolo&#8221; (laud) v\u00f5i &#8220;casa&#8221; (maja) sugu? Kui sa arvasid, et &#8220;tavolo&#8221; on maskuliinne ja &#8220;casa&#8221; feminiinne, siis bravo!<\/p>\n\n\n\n<p>Itaalia keeles l\u00f5pevad nimis\u00f5nad tavaliselt &#8220;-o&#8221; maskuliinseks ja &#8220;-a&#8221; feminiinseks. On erandeid &#8211; m\u00f5ned s\u00f5nad l\u00f5pevad &#8220;-e&#8221; ja v\u00f5ivad olla m\u00f5lemast soost -, kuid hoidkem praegu seda p\u00f5hiprintsiipi meeles.<\/p>\n\n\n\n<p>R\u00e4\u00e4gime n\u00fc\u00fcd artiklitest. Nii nagu inglise keeles, on meil vaja artikleid enne nimis\u00f5nu. Itaalia keeles on olemas l\u00f5plikud (il, lo, la, i, gli, le) ja m\u00e4\u00e4ramata artiklid (un, uno, una).<\/p>\n\n\n\n<p>Kuidas me siis valime, millist kindlat artiklit kasutada?<\/p>\n\n\n\n<p>&#8211; &#8220;il&#8221; ja &#8220;i&#8221; maskuliinsete nimis\u00f5nade puhul, mis algavad konsonandiga, nt il libro (raamat), i libri (raamatud).<br\/>&#8211; &#8220;lo&#8221; ja &#8220;gli&#8221; maskuliinsete nimis\u00f5nade puhul, mis algavad &#8220;s&#8221;-ga, millele j\u00e4rgneb konsonant, vokaal (v\u00e4lja arvatud &#8220;u&#8221;) v\u00f5i &#8220;z&#8221;, nt lo studente (\u00fcli\u00f5pilane), gli studenti (\u00fcli\u00f5pilased).<br\/>&#8211; &#8220;la&#8221; ja &#8220;le&#8221; feminiinsete nimis\u00f5nade puhul, nt la casa (maja), le case (majad).<\/p>\n\n\n\n<h3 class=\"wp-block-heading\" id=\"h-2-adjectives-and-agreement\">2. Adjektiivid ja kokkulepe<\/h3>\n\n\n\n<p>Itaalia keele omaduss\u00f5nad peavad soost ja arvust l\u00e4htuvalt n\u00f5ustuma substantiiviga, mida nad modifitseerivad. N\u00e4iteks \u00fctleksite maitsva pizza kirjeldamiseks &#8220;una pizza deliziosa&#8221;, mitte &#8220;delizioso&#8221;. Pidage meeles, et itaalia keeles j\u00e4rgneb omaduss\u00f5na tavaliselt nimis\u00f5nale.<\/p>\n\n\n\n<h3 class=\"wp-block-heading\" id=\"h-3-verbs-tense-and-conjugation\">3. Verbid, ajavormid ja konjugatsioon<\/h3>\n\n\n\n<p>Itaalia keele verbid on grammatika oluline osa. Meil on kolm verbi kategooriat (-are, -ere ja -ire) ja hulgaliselt ebaregulaarseid verbe, nii et meil on palju t\u00f6\u00f6d! Et anda teile kiire \u00fclevaade, k\u00e4sitleme tavaliste verbide olevikuvormi.<\/p>\n\n\n\n<p>&#8211; &#8220;-are&#8221; verbid: nt parlare (r\u00e4\u00e4kida): io parlo, tu parli, lui\/lei parla, noi parliamo, voi parlate, loro parlano.<br\/>&#8211; &#8220;-ere&#8221; verbid: nt leggere (lugeda): io leggo, tu leggi, lui\/lei legge, noi leggiamo, voi leggete, loro leggono.<br\/>&#8211; &#8220;-ire&#8221; verbid: nt finire (l\u00f5petada): io finisco, tu finisci, lui\/lei finisce, noi finiamo, voi finite, loro finiscono.<\/p>\n\n\n\n<p>Pidage meeles, et see on vaid j\u00e4\u00e4m\u00e4e tipp! On veel palju teisi ajavorme ja ebaregulaarseid verbe, mida \u00f5ppida, kuid iga teekond algab \u00fche sammuga.<\/p>\n\n\n\n<h3 class=\"wp-block-heading\" id=\"h-4-prepositions-pronouns-and-more\">4. Prepositsioonid, pronoomenid ja palju muud!<\/h3>\n\n\n\n<p>Itaalia keele grammatikas on palju muid komponente, nagu prepositsioonid (di, a, da, in, su jne.), pronoomenid (io, tu, lui\/lei jne.), refleksiivsed verbid ja idiomaatilised v\u00e4ljendid. Iga komponent on sujuva keeleoskuse saavutamise v\u00f5ti, nii et astuge samm-sammult.<\/p>\n\n\n\n<p>Kokkuv\u00f5tteks, itaalia keele grammatika omandamiseks ei ole mingit otseteed. See n\u00f5uab p\u00fcsivust, harjutamist ja kannatlikkust. Aga kui sa kord hakkama saad, saad kogeda itaalia keeles vestlemise ilu, avastada rikkalikku kultuuri ja ajalugu ning s\u00fcvendada oma tunnustust keele vastu. Buona fortuna!<\/p>\n<\/div><\/div>\n\r\n<section class=\"learnNavigationSection\">\r\n            \r\n        <a href=\"https:\/\/talkpal.ai\/et\/oppige-itaalia-keelt\/\">\r\n            <div class=\"learnNavigationWrapper\">\r\n                <div class=\"learnNavigationContent\">\r\n                    <img decoding=\"async\" src=\"https:\/\/talkpal.ai\/wp-content\/uploads\/2024\/08\/Italian.jpg\" alt=\"Italian Flag\">\r\n                    <div>\r\n                        <h4>Itaalia keele \u00f5ppimisest<\/h4>\r\n                        <p>Uuri k\u00f5ike itaalia keele grammatika kohta.<\/p>\r\n                    <\/div>\r\n                <\/div>\r\n            <\/div>\r\n        <\/a>\r\n\r\n        \r\n        <a href=\"https:\/\/talkpal.ai\/et\/itaalia-keele-grammatikaharjutused\/\">\r\n            <div class=\"learnNavigationWrapper\">\r\n                <div class=\"learnNavigationContent\">\r\n                    <img decoding=\"async\" src=\"https:\/\/talkpal.ai\/wp-content\/uploads\/2024\/08\/Italian.jpg\" alt=\"Italian Flag\">\r\n                    <div>\r\n                        <h4>Itaalia keele grammatika harjutus<\/h4>\r\n                        <p>Harjutage itaalia keele grammatikat.<\/p>\r\n                    <\/div>\r\n                <\/div>\r\n            <\/div>\r\n        <\/a>\r\n\r\n        \r\n        <a href=\"https:\/\/talkpal.ai\/vocabulary_language\/italian\/\">\r\n            <div class=\"learnNavigationWrapper\">\r\n                <div class=\"learnNavigationContent\">\r\n                    <img decoding=\"async\" src=\"https:\/\/talkpal.ai\/wp-content\/uploads\/2024\/08\/Italian.jpg\" alt=\"Italian Flag\">\r\n                    <div>\r\n                        <h4>Itaalia keele s\u00f5navara<\/h4>\r\n                        <p>Laiendage oma itaalia keele s\u00f5navara.<\/p>\r\n                    <\/div>\r\n                <\/div>\r\n            <\/div>\r\n        <\/a>\r\n\r\n            <\/section>","protected":false},"excerpt":{"rendered":"<p>Itaalia keele grammatikakunsti omandamine: teie \u00fclim juhend Ciao, keelehuvilised! Kas olete valmis sukelduma itaalia keele grammatika maailma? Olete j\u00f5udnud \u00f5igesse kohta. See artikkel, mis on t\u00e4is kergesti seeditavat ja vestluslikku teavet, juhatab teid l\u00e4bi itaalia keele grammatika p\u00f5neva (ja m\u00f5nikord keerulise) maailma, et saaksite enesekindlalt luua lauseid ja pidada emakeelena k\u00f5nelejatega sisukaid vestlusi. Niisiis, kinnitage [&hellip;]<\/p>\n","protected":false},"author":1,"featured_media":76227,"parent":0,"menu_order":0,"comment_status":"closed","ping_status":"closed","template":"LearningContentPage.php","meta":{"_acf_changed":false,"footnotes":""},"class_list":["post-126835","page","type-page","status-publish","has-post-thumbnail","hentry"],"acf":[],"yoast_head":"<!-- This site is optimized with the Yoast SEO Premium plugin v27.2 (Yoast SEO v27.2) - https:\/\/yoast.com\/product\/yoast-seo-premium-wordpress\/ -->\n<title>Itaalia keele grammatika - Talkpal<\/title>\n<meta name=\"description\" content=\"\u00d5ppige itaalia keele grammatikat h\u00f5lpsasti - harjutage selgelt, m\u00f5istke reegleid ja r\u00e4\u00e4kige paremini lihtsate juhiste abil. Talkpal AI.\" \/>\n<meta name=\"robots\" content=\"index, follow, max-snippet:-1, max-image-preview:large, max-video-preview:-1\" \/>\n<link rel=\"canonical\" href=\"https:\/\/talkpal.ai\/et\/itaalia-keele-grammatika\/\" \/>\n<meta property=\"og:locale\" content=\"et_EE\" \/>\n<meta property=\"og:type\" content=\"article\" \/>\n<meta property=\"og:title\" content=\"Itaalia keele grammatika\" \/>\n<meta property=\"og:description\" content=\"Itaalia keele grammatikakunsti omandamine: teie \u00fclim juhend Ciao, keelehuvilised! Kas olete valmis sukelduma itaalia keele grammatika maailma? Olete\" \/>\n<meta property=\"og:url\" content=\"https:\/\/talkpal.ai\/et\/itaalia-keele-grammatika\/\" \/>\n<meta property=\"og:site_name\" content=\"Talkpal\" \/>\n<meta property=\"article:publisher\" content=\"https:\/\/www.facebook.com\/profile.php?id=100090733639311\" \/>\n<meta property=\"article:modified_time\" content=\"2025-05-22T18:44:31+00:00\" \/>\n<meta property=\"og:image\" content=\"https:\/\/talkpal.ai\/wp-content\/uploads\/2023\/03\/italy.png\" \/>\n\t<meta property=\"og:image:width\" content=\"512\" \/>\n\t<meta property=\"og:image:height\" content=\"512\" \/>\n\t<meta property=\"og:image:type\" content=\"image\/png\" \/>\n<meta name=\"twitter:card\" content=\"summary_large_image\" \/>\n<meta name=\"twitter:site\" content=\"@talkpalai\" \/>\n<meta name=\"twitter:label1\" content=\"Est. reading time\" \/>\n\t<meta name=\"twitter:data1\" content=\"3 minutit\" \/>\n<script type=\"application\/ld+json\" class=\"yoast-schema-graph\">{\"@context\":\"https:\/\/schema.org\",\"@graph\":[{\"@type\":\"WebPage\",\"@id\":\"https:\/\/talkpal.ai\/et\/itaalia-keele-grammatika\/\",\"url\":\"https:\/\/talkpal.ai\/et\/itaalia-keele-grammatika\/\",\"name\":\"Itaalia keele grammatika - Talkpal\",\"isPartOf\":{\"@id\":\"https:\/\/talkpal.ai\/et\/#website\"},\"primaryImageOfPage\":{\"@id\":\"https:\/\/talkpal.ai\/et\/itaalia-keele-grammatika\/#primaryimage\"},\"image\":{\"@id\":\"https:\/\/talkpal.ai\/et\/itaalia-keele-grammatika\/#primaryimage\"},\"thumbnailUrl\":\"https:\/\/talkpal.ai\/wp-content\/uploads\/2023\/03\/italy.png\",\"datePublished\":\"2023-03-26T12:27:22+00:00\",\"dateModified\":\"2025-05-22T18:44:31+00:00\",\"description\":\"\u00d5ppige itaalia keele grammatikat h\u00f5lpsasti - harjutage selgelt, m\u00f5istke reegleid ja r\u00e4\u00e4kige paremini lihtsate juhiste abil. Talkpal AI.\",\"breadcrumb\":{\"@id\":\"https:\/\/talkpal.ai\/et\/itaalia-keele-grammatika\/#breadcrumb\"},\"inLanguage\":\"et\",\"potentialAction\":[{\"@type\":\"ReadAction\",\"target\":[\"https:\/\/talkpal.ai\/et\/itaalia-keele-grammatika\/\"]}]},{\"@type\":\"ImageObject\",\"inLanguage\":\"et\",\"@id\":\"https:\/\/talkpal.ai\/et\/itaalia-keele-grammatika\/#primaryimage\",\"url\":\"https:\/\/talkpal.ai\/wp-content\/uploads\/2023\/03\/italy.png\",\"contentUrl\":\"https:\/\/talkpal.ai\/wp-content\/uploads\/2023\/03\/italy.png\",\"width\":512,\"height\":512,\"caption\":\"TalkPal AI learn Italian\"},{\"@type\":\"BreadcrumbList\",\"@id\":\"https:\/\/talkpal.ai\/et\/itaalia-keele-grammatika\/#breadcrumb\",\"itemListElement\":[{\"@type\":\"ListItem\",\"position\":1,\"name\":\"Homepage\",\"item\":\"https:\/\/talkpal.ai\/et\/\"},{\"@type\":\"ListItem\",\"position\":2,\"name\":\"Itaalia keele grammatika\"}]},{\"@type\":\"WebSite\",\"@id\":\"https:\/\/talkpal.ai\/et\/#website\",\"url\":\"https:\/\/talkpal.ai\/et\/\",\"name\":\"Talkpal\",\"description\":\"AI Language Learning\",\"publisher\":{\"@id\":\"https:\/\/talkpal.ai\/et\/#organization\"},\"alternateName\":\"Talkpal AI\",\"potentialAction\":[{\"@type\":\"SearchAction\",\"target\":{\"@type\":\"EntryPoint\",\"urlTemplate\":\"https:\/\/talkpal.ai\/et\/?s={search_term_string}\"},\"query-input\":{\"@type\":\"PropertyValueSpecification\",\"valueRequired\":true,\"valueName\":\"search_term_string\"}}],\"inLanguage\":\"et\"},{\"@type\":\"Organization\",\"@id\":\"https:\/\/talkpal.ai\/et\/#organization\",\"name\":\"Talkpal, Inc.\",\"alternateName\":\"Talkpal AI\",\"url\":\"https:\/\/talkpal.ai\/et\/\",\"logo\":{\"@type\":\"ImageObject\",\"inLanguage\":\"et\",\"@id\":\"https:\/\/talkpal.ai\/et\/#\/schema\/logo\/image\/\",\"url\":\"https:\/\/talkpal.ai\/wp-content\/uploads\/2024\/03\/Talkpal-Logo-Icon.png\",\"contentUrl\":\"https:\/\/talkpal.ai\/wp-content\/uploads\/2024\/03\/Talkpal-Logo-Icon.png\",\"width\":2880,\"height\":2880,\"caption\":\"Talkpal, Inc.\"},\"image\":{\"@id\":\"https:\/\/talkpal.ai\/et\/#\/schema\/logo\/image\/\"},\"sameAs\":[\"https:\/\/www.facebook.com\/profile.php?id=100090733639311\",\"https:\/\/x.com\/talkpalai\",\"https:\/\/www.linkedin.com\/company\/talkpal\/\",\"https:\/\/www.youtube.com\/@TalkPal\/\",\"https:\/\/www.tiktok.com\/@talkpal\",\"https:\/\/www.instagram.com\/talkpal_ai\/\",\"https:\/\/www.crunchbase.com\/organization\/talkpal-9cde\",\"https:\/\/www.g2.com\/products\/talkpal-for-business\/\",\"https:\/\/www.trustpilot.com\/review\/talkpal.ai\",\"https:\/\/www.capterra.com\/p\/10006800\/TalkPal\/\"],\"description\":\"Talkpal is a language learning web and mobile education app, powered by the latest AI technologies, that provides engaging experiences to its customers in many different languages to help them improve their language skills. Users can chat about unlimited amount of topics with the app and use other modes to practice their language learning.\",\"email\":\"support@talkpal.ai\",\"legalName\":\"Talkpal, Inc.\",\"foundingDate\":\"2023-04-03\",\"duns\":\"118989042\",\"numberOfEmployees\":{\"@type\":\"QuantitativeValue\",\"minValue\":\"11\",\"maxValue\":\"50\"},\"publishingPrinciples\":\"https:\/\/talkpal.ai\/publishing-principles\/\",\"actionableFeedbackPolicy\":\"https:\/\/talkpal.ai\/actionable-feedback-policy\/\",\"correctionsPolicy\":\"https:\/\/talkpal.ai\/corrections-policy\/\",\"ethicsPolicy\":\"https:\/\/talkpal.ai\/ethics-policy\/\",\"diversityPolicy\":\"https:\/\/talkpal.ai\/diversity-policy\/\",\"diversityStaffingReport\":\"https:\/\/talkpal.ai\/diversity-policy\/\"}]}<\/script>\n<!-- \/ Yoast SEO Premium plugin. -->","yoast_head_json":{"title":"Itaalia keele grammatika - Talkpal","description":"\u00d5ppige itaalia keele grammatikat h\u00f5lpsasti - harjutage selgelt, m\u00f5istke reegleid ja r\u00e4\u00e4kige paremini lihtsate juhiste abil. Talkpal AI.","robots":{"index":"index","follow":"follow","max-snippet":"max-snippet:-1","max-image-preview":"max-image-preview:large","max-video-preview":"max-video-preview:-1"},"canonical":"https:\/\/talkpal.ai\/et\/itaalia-keele-grammatika\/","og_locale":"et_EE","og_type":"article","og_title":"Itaalia keele grammatika","og_description":"Itaalia keele grammatikakunsti omandamine: teie \u00fclim juhend Ciao, keelehuvilised! Kas olete valmis sukelduma itaalia keele grammatika maailma? Olete","og_url":"https:\/\/talkpal.ai\/et\/itaalia-keele-grammatika\/","og_site_name":"Talkpal","article_publisher":"https:\/\/www.facebook.com\/profile.php?id=100090733639311","article_modified_time":"2025-05-22T18:44:31+00:00","og_image":[{"width":512,"height":512,"url":"https:\/\/talkpal.ai\/wp-content\/uploads\/2023\/03\/italy.png","type":"image\/png"}],"twitter_card":"summary_large_image","twitter_site":"@talkpalai","twitter_misc":{"Est. reading time":"3 minutit"},"schema":{"@context":"https:\/\/schema.org","@graph":[{"@type":"WebPage","@id":"https:\/\/talkpal.ai\/et\/itaalia-keele-grammatika\/","url":"https:\/\/talkpal.ai\/et\/itaalia-keele-grammatika\/","name":"Itaalia keele grammatika - Talkpal","isPartOf":{"@id":"https:\/\/talkpal.ai\/et\/#website"},"primaryImageOfPage":{"@id":"https:\/\/talkpal.ai\/et\/itaalia-keele-grammatika\/#primaryimage"},"image":{"@id":"https:\/\/talkpal.ai\/et\/itaalia-keele-grammatika\/#primaryimage"},"thumbnailUrl":"https:\/\/talkpal.ai\/wp-content\/uploads\/2023\/03\/italy.png","datePublished":"2023-03-26T12:27:22+00:00","dateModified":"2025-05-22T18:44:31+00:00","description":"\u00d5ppige itaalia keele grammatikat h\u00f5lpsasti - harjutage selgelt, m\u00f5istke reegleid ja r\u00e4\u00e4kige paremini lihtsate juhiste abil. Talkpal AI.","breadcrumb":{"@id":"https:\/\/talkpal.ai\/et\/itaalia-keele-grammatika\/#breadcrumb"},"inLanguage":"et","potentialAction":[{"@type":"ReadAction","target":["https:\/\/talkpal.ai\/et\/itaalia-keele-grammatika\/"]}]},{"@type":"ImageObject","inLanguage":"et","@id":"https:\/\/talkpal.ai\/et\/itaalia-keele-grammatika\/#primaryimage","url":"https:\/\/talkpal.ai\/wp-content\/uploads\/2023\/03\/italy.png","contentUrl":"https:\/\/talkpal.ai\/wp-content\/uploads\/2023\/03\/italy.png","width":512,"height":512,"caption":"TalkPal AI learn Italian"},{"@type":"BreadcrumbList","@id":"https:\/\/talkpal.ai\/et\/itaalia-keele-grammatika\/#breadcrumb","itemListElement":[{"@type":"ListItem","position":1,"name":"Homepage","item":"https:\/\/talkpal.ai\/et\/"},{"@type":"ListItem","position":2,"name":"Itaalia keele grammatika"}]},{"@type":"WebSite","@id":"https:\/\/talkpal.ai\/et\/#website","url":"https:\/\/talkpal.ai\/et\/","name":"Talkpal","description":"AI Language Learning","publisher":{"@id":"https:\/\/talkpal.ai\/et\/#organization"},"alternateName":"Talkpal AI","potentialAction":[{"@type":"SearchAction","target":{"@type":"EntryPoint","urlTemplate":"https:\/\/talkpal.ai\/et\/?s={search_term_string}"},"query-input":{"@type":"PropertyValueSpecification","valueRequired":true,"valueName":"search_term_string"}}],"inLanguage":"et"},{"@type":"Organization","@id":"https:\/\/talkpal.ai\/et\/#organization","name":"Talkpal, Inc.","alternateName":"Talkpal AI","url":"https:\/\/talkpal.ai\/et\/","logo":{"@type":"ImageObject","inLanguage":"et","@id":"https:\/\/talkpal.ai\/et\/#\/schema\/logo\/image\/","url":"https:\/\/talkpal.ai\/wp-content\/uploads\/2024\/03\/Talkpal-Logo-Icon.png","contentUrl":"https:\/\/talkpal.ai\/wp-content\/uploads\/2024\/03\/Talkpal-Logo-Icon.png","width":2880,"height":2880,"caption":"Talkpal, Inc."},"image":{"@id":"https:\/\/talkpal.ai\/et\/#\/schema\/logo\/image\/"},"sameAs":["https:\/\/www.facebook.com\/profile.php?id=100090733639311","https:\/\/x.com\/talkpalai","https:\/\/www.linkedin.com\/company\/talkpal\/","https:\/\/www.youtube.com\/@TalkPal\/","https:\/\/www.tiktok.com\/@talkpal","https:\/\/www.instagram.com\/talkpal_ai\/","https:\/\/www.crunchbase.com\/organization\/talkpal-9cde","https:\/\/www.g2.com\/products\/talkpal-for-business\/","https:\/\/www.trustpilot.com\/review\/talkpal.ai","https:\/\/www.capterra.com\/p\/10006800\/TalkPal\/"],"description":"Talkpal is a language learning web and mobile education app, powered by the latest AI technologies, that provides engaging experiences to its customers in many different languages to help them improve their language skills. Users can chat about unlimited amount of topics with the app and use other modes to practice their language learning.","email":"support@talkpal.ai","legalName":"Talkpal, Inc.","foundingDate":"2023-04-03","duns":"118989042","numberOfEmployees":{"@type":"QuantitativeValue","minValue":"11","maxValue":"50"},"publishingPrinciples":"https:\/\/talkpal.ai\/publishing-principles\/","actionableFeedbackPolicy":"https:\/\/talkpal.ai\/actionable-feedback-policy\/","correctionsPolicy":"https:\/\/talkpal.ai\/corrections-policy\/","ethicsPolicy":"https:\/\/talkpal.ai\/ethics-policy\/","diversityPolicy":"https:\/\/talkpal.ai\/diversity-policy\/","diversityStaffingReport":"https:\/\/talkpal.ai\/diversity-policy\/"}]}},"_links":{"self":[{"href":"https:\/\/talkpal.ai\/et\/wp-json\/wp\/v2\/pages\/126835","targetHints":{"allow":["GET"]}}],"collection":[{"href":"https:\/\/talkpal.ai\/et\/wp-json\/wp\/v2\/pages"}],"about":[{"href":"https:\/\/talkpal.ai\/et\/wp-json\/wp\/v2\/types\/page"}],"author":[{"embeddable":true,"href":"https:\/\/talkpal.ai\/et\/wp-json\/wp\/v2\/users\/1"}],"replies":[{"embeddable":true,"href":"https:\/\/talkpal.ai\/et\/wp-json\/wp\/v2\/comments?post=126835"}],"version-history":[{"count":0,"href":"https:\/\/talkpal.ai\/et\/wp-json\/wp\/v2\/pages\/126835\/revisions"}],"wp:featuredmedia":[{"embeddable":true,"href":"https:\/\/talkpal.ai\/et\/wp-json\/wp\/v2\/media\/76227"}],"wp:attachment":[{"href":"https:\/\/talkpal.ai\/et\/wp-json\/wp\/v2\/media?parent=126835"}],"curies":[{"name":"wp","href":"https:\/\/api.w.org\/{rel}","templated":true}]}}