{"id":124537,"date":"2023-03-26T11:55:54","date_gmt":"2023-03-26T11:55:54","guid":{"rendered":"http:\/\/talkpal.ai\/hispaania-keele-grammatika\/"},"modified":"2025-05-22T18:51:14","modified_gmt":"2025-05-22T18:51:14","slug":"hispaania-keele-grammatika","status":"publish","type":"page","link":"https:\/\/talkpal.ai\/et\/hispaania-keele-grammatika\/","title":{"rendered":"Hispaania keele grammatika"},"content":{"rendered":"\r\n\r\n\r\n<section class=\"languageChallengeSection\">\r\n    <div class=\"languageInfoWrapper\">\r\n        \r\n        <h1>Hispaania keele grammatika<\/h1>\r\n        <p>Sukeldu <a href=\"https:\/\/talkpal.ai\/et\/hispaania-keele-oppetunnid\/\">hispaania keele<\/a> elavasse maailma, omandades selle p\u00f5hilised grammatikareeglid. <a href=\"https:\/\/talkpal.ai\/et\/grammar\/esitlus-hispaania-keele-grammatikas\/\">Hispaania keele grammatika<\/a> m\u00f5istmine aitab teil enesekindlalt suhelda ja avada uusi sidemeid miljonite keelt k\u00f5nelevate inimestega kogu maailmas. Alusta hispaania keele <a href=\"https:\/\/talkpal.ai\/greek-grammar\/\">grammatika<\/a> \u00f5ppimist juba t\u00e4na ja tee esimene samm sujuva keeleoskuse suunas!<\/p>\r\n\r\n                            <a class=\"getStartedHidden\" href=\"https:\/\/app.talkpal.ai\/et\/signup?lng=\">Alusta<\/a>\r\n        \r\n    <\/div>\r\n\r\n    <figure>\r\n    <img decoding=\"async\" width=\"768\" height=\"768\" src=\"https:\/\/talkpal.ai\/wp-content\/uploads\/2023\/06\/Spanish-768x768.png\" class=\"languageImage no-lazy\" alt=\"Practical application of language learning\" fetchpriority=\"high\" sizes=\"(max-width: 768px) 150px, 768px\" srcset=\"https:\/\/talkpal.ai\/wp-content\/uploads\/2023\/06\/Spanish-768x768.png 768w, https:\/\/talkpal.ai\/wp-content\/uploads\/2023\/06\/Spanish-300x300.png 300w\" \/>\r\n    \r\n\r\n    <\/figure>\r\n\r\n            <a class=\"getStartedVisible\" href=\"https:\/\/app.talkpal.ai\/et\/signup?lng=\">Alusta<\/a>\r\n    \r\n<\/section>\r\n        <section class=\"grammarSection\">\r\n            <div class=\"grammarLinks\">\r\n                <a href=\"https:\/\/talkpal.ai\/et\/language\/ajavormid-sidesonad-hispaania-keele-grammatika\/\">Ajavormid Sides\u00f5nad <\/a><a href=\"https:\/\/talkpal.ai\/et\/language\/artiklid-hispaania-keele-grammatika\/\">Artiklid <\/a><a href=\"https:\/\/talkpal.ai\/et\/language\/asesonad-hispaania-keele-grammatika\/\">Ases\u00f5nad <\/a><a href=\"https:\/\/talkpal.ai\/et\/language\/eessonad-hispaania-keele-grammatika\/\">Eess\u00f5nad <\/a><a href=\"https:\/\/talkpal.ai\/et\/language\/indikatiivsed-ajavormid-hispaania-keele-grammatika\/\">Indikatiivsed ajavormid <\/a><a href=\"https:\/\/talkpal.ai\/et\/language\/lauseehitus-hispaania-keele-grammatika\/\">Lauseehitus <\/a><a href=\"https:\/\/talkpal.ai\/et\/language\/maarsonad-hispaania-keele-grammatika\/\">M\u00e4\u00e4rs\u00f5nad <\/a><a href=\"https:\/\/talkpal.ai\/et\/language\/nimisonad-hispaania-keele-grammatika\/\">Nimis\u00f5nad <\/a><a href=\"https:\/\/talkpal.ai\/et\/language\/omadussonad-hispaania-keele-grammatika\/\">Omaduss\u00f5nad <\/a><a href=\"https:\/\/talkpal.ai\/et\/language\/tegusonad-hispaania-keele-grammatika\/\">Tegus\u00f5nad <\/a>            <\/div>\r\n        <\/section>\r\n    <section class=\"promotionalBanner\">\r\n    <p class=\"promotionalText\"><\/p>\r\n    <a class=\"promotionalLink\" href=\"https:\/\/app.talkpal.ai\/et\/signup?lng=\"><\/a>\r\n<\/section>\n<div class=\"wp-block-group pageContainerStyle\"><div class=\"wp-block-group__inner-container is-layout-constrained wp-block-group-is-layout-constrained\">\n<h2 class=\"wp-block-heading\" id=\"h-a-quick-guide-to-learning-spanish-grammar\">L\u00fchijuhend hispaania keele grammatika \u00f5ppimiseks<\/h2>\n\n\n\n<p>Kui te olete kunagi m\u00f5elnud uue keele \u00f5ppimisele, siis on suur t\u00f5en\u00e4osus, et <a href=\"https:\/\/talkpal.ai\/et\/opi-hispaania-keelt\/\">hispaania keel<\/a> on teile p\u00e4he tulnud. Kuna hispaania keel on \u00fcks enim r\u00e4\u00e4gitud keeli kogu maailmas, pakub see arvukalt eeliseid isiklikuks ja professionaalseks kasvuks. <a href=\"https:\/\/talkpal.ai\/et\/hispaania-keele-oppimine-kiire-ja-lihtne-viis-suhelda-maailmas\/\">Hispaania keele \u00f5ppimine<\/a> ei anna teile mitte ainult juurdep\u00e4\u00e4su uutele kultuuridele, vaid parandab ka teie suhtlemisoskust. Kuigi paljud inimesed kardavad grammatikareeglitesse sassi minna, v\u00f5ite kergendatult hingata, kuna hispaania keele grammatika on suhteliselt lihtne. Selles artiklis anname teile kiire juhendi, mis aitab teil navigeerida hispaania keele grammatika p\u00f5nevas maailmas nagu profi!<\/p>\n\n\n\n<h3 class=\"wp-block-heading\" id=\"h-1-understanding-spanish-nouns-and-articles\">1. Hispaania nimis\u00f5nade ja artiklite m\u00f5istmine<\/h3>\n\n\n\n<p>Hispaania nimis\u00f5nu, nagu <a href=\"https:\/\/talkpal.ai\/learn-english\/\">inglise<\/a> keeles, kasutatakse inimeste, kohtade, objektide, ideede ja tunnete tuvastamiseks. Esimene reegel, mida hispaania nimis\u00f5nade kohta meeles pidada, on see, et neil on sugu. Hispaania nimis\u00f5nad on kas mehelikud v\u00f5i naiselikud. N\u00e4iteks &#8220;libro&#8221; (raamat) on maskuliinne ja &#8220;casa&#8221; (maja) on feminiinne. Sageli on o-l\u00f5pulised nimis\u00f5nad maskuliinsed, samas kui a-l\u00f5pulised on feminiinsed.<\/p>\n\n\n\n<p><a href=\"https:\/\/talkpal.ai\/et\/grammar\/articulos-hispaania-keele-grammatikas\/\">Hispaania keele artiklid<\/a> on sarnased inglise keele &#8216;the&#8217;, &#8216;a&#8217; v\u00f5i &#8216;an&#8217;. Need on keele oluline osa, kuna nad peavad n\u00f5ustuma kirjeldatava nimis\u00f5na soo ja arvuga. Hispaania artikleid on nelja t\u00fc\u00fcpi:<\/p>\n\n\n\n<p>&#8211; <strong>M\u00e4\u00e4ratlusartiklid:<\/strong> el (ainsuse mees), la (ainsuse naissoost), los (ainsuse mees) ja las (ainsuse naissoost).<br\/>&#8211; <strong>M\u00e4\u00e4ratlemata artiklid:<\/strong> un (a\/an ainsuses), una (a\/an ainsuses), unos (m\u00f5ned ainsuses) ja unas (m\u00f5ned ainsuses).<\/p>\n\n\n\n<h3 class=\"wp-block-heading\" id=\"h-2-slaying-spanish-verbs-conjugation-and-tenses\">2. Hispaania verbide tapmine: konjugatsioon ja ajad<\/h3>\n\n\n\n<p>Hispaania keele grammatika \u00f5ppimise \u00fcks olulisemaid aspekte on verbi konjugatsiooni m\u00f5istmine. Konjugatsioon t\u00e4hendab lihtsalt verbi algvormi muutmist vastavalt subjektile ja ajavormile. N\u00e4iteks hispaania keeles \u00f6eldakse &#8220;Yo como&#8221; (ma s\u00f6\u00f6n) ja &#8220;\u00e9l come&#8221; (ta s\u00f6\u00f6b). Pange t\u00e4hele, et verbi tulija (s\u00fc\u00fca) muudab teema muutmisel oma vormi.<\/p>\n\n\n\n<p><strong>M\u00f5ned tavalised regulaarsed tegus\u00f5nad hispaania keeles on j\u00e4rgmised:<\/strong><\/p>\n\n\n\n<p>&#8211; AR-verbid: hablar (r\u00e4\u00e4kida), amar (armastada) ja bailar (tantsida).<br\/>&#8211; ER-verbid: comer (s\u00fc\u00fca), aprender (\u00f5ppida) ja vender (m\u00fc\u00fca).<br\/>&#8211; IR-verbid: vivir (elada), escribir (kirjutada) ja descubrir (avastada).<\/p>\n\n\n\n<p>Nii nagu inglise keeles, on ka hispaania keeles mitu verbi ajastust, et t\u00e4histada aega, mil tegevus toimub. K\u00f5ige olulisemad neist on:<\/p>\n\n\n\n<p><strong>&#8211; Olemasolevad<\/strong><br\/><strong>&#8211; Preterite<\/strong><br\/><strong>&#8211; Ebat\u00e4iuslik<\/strong><br\/><strong>&#8211; Tulevik<\/strong><br\/><strong>&#8211; Tingimuslik<\/strong><br\/><strong>&#8211; Konjunktiivi olevik<\/strong><br\/><strong>&#8211; Konjunktiivi imperfekt<\/strong><\/p>\n\n\n\n<p>\u00c4rge stressige k\u00f5igi verbide aegade korraga \u00f5ppimisega. Tegelege nendega \u00fckshaaval ja harjutage, kuni teil on mugav neid kasutada.<\/p>\n\n\n\n<h3 class=\"wp-block-heading\" id=\"h-3-creating-sentences-with-spanish-adjectives-and-adverbs\">3. Lausete loomine hispaania omaduss\u00f5nade ja m\u00e4\u00e4rs\u00f5nadega<\/h3>\n\n\n\n<p>Omaduss\u00f5nad ja m\u00e4\u00e4rs\u00f5nad m\u00e4ngivad olulist rolli teie hispaaniakeelsete lausete v\u00fcrtsitamisel. Omaduss\u00f5nad kirjeldavad nimis\u00f5nade omadusi v\u00f5i omadusi, samas kui adverbid kirjeldavad tegevusi v\u00f5i tegus\u00f5nu. Hispaania keeles peavad omaduss\u00f5nad n\u00f5ustuma nimis\u00f5naga, mida nad kirjeldavad, nii soo kui ka arvu poolest.<\/p>\n\n\n\n<p>\u00dcks oluline erinevus hispaania ja inglise keele vahel on omaduss\u00f5nade j\u00e4rjekord. Hispaania keele omaduss\u00f5nad tulevad tavaliselt p\u00f5his\u00f5na j\u00e4rel, nt &#8220;un coche rojo&#8221; (punane auto).<\/p>\n\n\n\n<p>Hispaania adverbid seevastu ei muutu kunagi soo ega arvu poolest. Nii nagu inglise keeles, tulevad adverbid tavaliselt p\u00e4rast verbi, mida nad modifitseerivad, nt &#8220;Ella habla r\u00e1pidamente&#8221; (Ta r\u00e4\u00e4gib kiiresti).<\/p>\n\n\n\n<h3 class=\"wp-block-heading\" id=\"h-conclusion\">Kokkuv\u00f5te<\/h3>\n\n\n\n<p>Hispaania keele grammatika ei tohiks teid hirmutada! T\u00f5si, see n\u00f5uab harjutamist, kuid j\u00e4rgides neid lihtsaid juhiseid, olete teel erakordseks hispaania keele k\u00f5nelejaks. Pidage meeles, et alati suhtlete keelega l\u00f5busal ja vestluslikul viisil, kui uurite nimis\u00f5nu, tegus\u00f5nu, omaduss\u00f5nu ja m\u00e4\u00e4rs\u00f5nu. J\u00e4tkake harjutamist, v\u00f5tke omaks kultuur ja laske oma Hispaania reisil avaneda. \u00a1Buena suerte!<\/p>\n<\/div><\/div>\n\r\n<section class=\"learnNavigationSection\">\r\n            \r\n        <a href=\"https:\/\/talkpal.ai\/et\/opi-hispaania-keelt\/\">\r\n            <div class=\"learnNavigationWrapper\">\r\n                <div class=\"learnNavigationContent\">\r\n                    <img decoding=\"async\" src=\"https:\/\/talkpal.ai\/wp-content\/uploads\/2024\/08\/Spanish.jpg\" alt=\"Spanish Flag\">\r\n                    <div>\r\n                        <h4>Hispaania keele \u00f5ppimise kohta<\/h4>\r\n                        <p>Uuri k\u00f5ike hispaania keele grammatika kohta.<\/p>\r\n                    <\/div>\r\n                <\/div>\r\n            <\/div>\r\n        <\/a>\r\n\r\n        \r\n        <a href=\"https:\/\/talkpal.ai\/et\/hispaania-keele-grammatika-harjutused\/\">\r\n            <div class=\"learnNavigationWrapper\">\r\n                <div class=\"learnNavigationContent\">\r\n                    <img decoding=\"async\" src=\"https:\/\/talkpal.ai\/wp-content\/uploads\/2024\/08\/Spanish.jpg\" alt=\"Spanish Flag\">\r\n                    <div>\r\n                        <h4>Hispaania keele grammatika harjutus<\/h4>\r\n                        <p>Harjutage hispaania keele grammatikat.<\/p>\r\n                    <\/div>\r\n                <\/div>\r\n            <\/div>\r\n        <\/a>\r\n\r\n        \r\n        <a href=\"https:\/\/talkpal.ai\/vocabulary_language\/spanish\/\">\r\n            <div class=\"learnNavigationWrapper\">\r\n                <div class=\"learnNavigationContent\">\r\n                    <img decoding=\"async\" src=\"https:\/\/talkpal.ai\/wp-content\/uploads\/2024\/08\/Spanish.jpg\" alt=\"Spanish Flag\">\r\n                    <div>\r\n                        <h4>Hispaania keele s\u00f5navara<\/h4>\r\n                        <p>Laiendage oma hispaania keele s\u00f5navara.<\/p>\r\n                    <\/div>\r\n                <\/div>\r\n            <\/div>\r\n        <\/a>\r\n\r\n            <\/section>","protected":false},"excerpt":{"rendered":"<p>L\u00fchijuhend hispaania keele grammatika \u00f5ppimiseks Kui te olete kunagi m\u00f5elnud uue keele \u00f5ppimisele, siis on suur t\u00f5en\u00e4osus, et hispaania keel on teile p\u00e4he tulnud. Kuna hispaania keel on \u00fcks enim r\u00e4\u00e4gitud keeli kogu maailmas, pakub see arvukalt eeliseid isiklikuks ja professionaalseks kasvuks. Hispaania keele \u00f5ppimine ei anna teile mitte ainult juurdep\u00e4\u00e4su uutele kultuuridele, vaid parandab [&hellip;]<\/p>\n","protected":false},"author":1,"featured_media":75382,"parent":0,"menu_order":0,"comment_status":"closed","ping_status":"closed","template":"LearningContentPage.php","meta":{"_acf_changed":false,"footnotes":""},"class_list":["post-124537","page","type-page","status-publish","has-post-thumbnail","hentry"],"acf":[],"yoast_head":"<!-- This site is optimized with the Yoast SEO Premium plugin v27.2 (Yoast SEO v27.2) - https:\/\/yoast.com\/product\/yoast-seo-premium-wordpress\/ -->\n<title>Hispaania keele grammatika - Talkpal<\/title>\n<meta name=\"description\" content=\"Parandage oma hispaania keele grammatikaoskust interaktiivsete harjutustega, mis on m\u00f5eldud k\u00f5ikidele tasemetele. Harjuta hispaania keelt t\u00f5husalt!\" \/>\n<meta name=\"robots\" content=\"index, follow, max-snippet:-1, max-image-preview:large, max-video-preview:-1\" \/>\n<link rel=\"canonical\" href=\"https:\/\/talkpal.ai\/et\/hispaania-keele-grammatika\/\" \/>\n<meta property=\"og:locale\" content=\"et_EE\" \/>\n<meta property=\"og:type\" content=\"article\" \/>\n<meta property=\"og:title\" content=\"Hispaania keele grammatika\" \/>\n<meta property=\"og:description\" content=\"L\u00fchijuhend hispaania keele grammatika \u00f5ppimiseks Kui te olete kunagi m\u00f5elnud uue keele \u00f5ppimisele, siis on suur t\u00f5en\u00e4osus, et hispaania keel on teile p\u00e4he\" \/>\n<meta property=\"og:url\" content=\"https:\/\/talkpal.ai\/et\/hispaania-keele-grammatika\/\" \/>\n<meta property=\"og:site_name\" content=\"Talkpal\" \/>\n<meta property=\"article:publisher\" content=\"https:\/\/www.facebook.com\/profile.php?id=100090733639311\" \/>\n<meta property=\"article:modified_time\" content=\"2025-05-22T18:51:14+00:00\" \/>\n<meta property=\"og:image\" content=\"https:\/\/talkpal.ai\/wp-content\/uploads\/2023\/03\/spain.png\" \/>\n\t<meta property=\"og:image:width\" content=\"512\" \/>\n\t<meta property=\"og:image:height\" content=\"512\" \/>\n\t<meta property=\"og:image:type\" content=\"image\/png\" \/>\n<meta name=\"twitter:card\" content=\"summary_large_image\" \/>\n<meta name=\"twitter:site\" content=\"@talkpalai\" \/>\n<meta name=\"twitter:label1\" content=\"Est. reading time\" \/>\n\t<meta name=\"twitter:data1\" content=\"3 minutit\" \/>\n<script type=\"application\/ld+json\" class=\"yoast-schema-graph\">{\"@context\":\"https:\/\/schema.org\",\"@graph\":[{\"@type\":\"WebPage\",\"@id\":\"https:\/\/talkpal.ai\/et\/hispaania-keele-grammatika\/\",\"url\":\"https:\/\/talkpal.ai\/et\/hispaania-keele-grammatika\/\",\"name\":\"Hispaania keele grammatika - Talkpal\",\"isPartOf\":{\"@id\":\"https:\/\/talkpal.ai\/et\/#website\"},\"primaryImageOfPage\":{\"@id\":\"https:\/\/talkpal.ai\/et\/hispaania-keele-grammatika\/#primaryimage\"},\"image\":{\"@id\":\"https:\/\/talkpal.ai\/et\/hispaania-keele-grammatika\/#primaryimage\"},\"thumbnailUrl\":\"https:\/\/talkpal.ai\/wp-content\/uploads\/2023\/03\/spain.png\",\"datePublished\":\"2023-03-26T11:55:54+00:00\",\"dateModified\":\"2025-05-22T18:51:14+00:00\",\"description\":\"Parandage oma hispaania keele grammatikaoskust interaktiivsete harjutustega, mis on m\u00f5eldud k\u00f5ikidele tasemetele. Harjuta hispaania keelt t\u00f5husalt!\",\"breadcrumb\":{\"@id\":\"https:\/\/talkpal.ai\/et\/hispaania-keele-grammatika\/#breadcrumb\"},\"inLanguage\":\"et\",\"potentialAction\":[{\"@type\":\"ReadAction\",\"target\":[\"https:\/\/talkpal.ai\/et\/hispaania-keele-grammatika\/\"]}]},{\"@type\":\"ImageObject\",\"inLanguage\":\"et\",\"@id\":\"https:\/\/talkpal.ai\/et\/hispaania-keele-grammatika\/#primaryimage\",\"url\":\"https:\/\/talkpal.ai\/wp-content\/uploads\/2023\/03\/spain.png\",\"contentUrl\":\"https:\/\/talkpal.ai\/wp-content\/uploads\/2023\/03\/spain.png\",\"width\":512,\"height\":512,\"caption\":\"TalkPal AI learn Spanish\"},{\"@type\":\"BreadcrumbList\",\"@id\":\"https:\/\/talkpal.ai\/et\/hispaania-keele-grammatika\/#breadcrumb\",\"itemListElement\":[{\"@type\":\"ListItem\",\"position\":1,\"name\":\"Homepage\",\"item\":\"https:\/\/talkpal.ai\/et\/\"},{\"@type\":\"ListItem\",\"position\":2,\"name\":\"Hispaania keele grammatika\"}]},{\"@type\":\"WebSite\",\"@id\":\"https:\/\/talkpal.ai\/et\/#website\",\"url\":\"https:\/\/talkpal.ai\/et\/\",\"name\":\"Talkpal\",\"description\":\"AI Language Learning\",\"publisher\":{\"@id\":\"https:\/\/talkpal.ai\/et\/#organization\"},\"alternateName\":\"Talkpal AI\",\"potentialAction\":[{\"@type\":\"SearchAction\",\"target\":{\"@type\":\"EntryPoint\",\"urlTemplate\":\"https:\/\/talkpal.ai\/et\/?s={search_term_string}\"},\"query-input\":{\"@type\":\"PropertyValueSpecification\",\"valueRequired\":true,\"valueName\":\"search_term_string\"}}],\"inLanguage\":\"et\"},{\"@type\":\"Organization\",\"@id\":\"https:\/\/talkpal.ai\/et\/#organization\",\"name\":\"Talkpal, Inc.\",\"alternateName\":\"Talkpal AI\",\"url\":\"https:\/\/talkpal.ai\/et\/\",\"logo\":{\"@type\":\"ImageObject\",\"inLanguage\":\"et\",\"@id\":\"https:\/\/talkpal.ai\/et\/#\/schema\/logo\/image\/\",\"url\":\"https:\/\/talkpal.ai\/wp-content\/uploads\/2024\/03\/Talkpal-Logo-Icon.png\",\"contentUrl\":\"https:\/\/talkpal.ai\/wp-content\/uploads\/2024\/03\/Talkpal-Logo-Icon.png\",\"width\":2880,\"height\":2880,\"caption\":\"Talkpal, Inc.\"},\"image\":{\"@id\":\"https:\/\/talkpal.ai\/et\/#\/schema\/logo\/image\/\"},\"sameAs\":[\"https:\/\/www.facebook.com\/profile.php?id=100090733639311\",\"https:\/\/x.com\/talkpalai\",\"https:\/\/www.linkedin.com\/company\/talkpal\/\",\"https:\/\/www.youtube.com\/@TalkPal\/\",\"https:\/\/www.tiktok.com\/@talkpal\",\"https:\/\/www.instagram.com\/talkpal_ai\/\",\"https:\/\/www.crunchbase.com\/organization\/talkpal-9cde\",\"https:\/\/www.g2.com\/products\/talkpal-for-business\/\",\"https:\/\/www.trustpilot.com\/review\/talkpal.ai\",\"https:\/\/www.capterra.com\/p\/10006800\/TalkPal\/\"],\"description\":\"Talkpal is a language learning web and mobile education app, powered by the latest AI technologies, that provides engaging experiences to its customers in many different languages to help them improve their language skills. Users can chat about unlimited amount of topics with the app and use other modes to practice their language learning.\",\"email\":\"support@talkpal.ai\",\"legalName\":\"Talkpal, Inc.\",\"foundingDate\":\"2023-04-03\",\"duns\":\"118989042\",\"numberOfEmployees\":{\"@type\":\"QuantitativeValue\",\"minValue\":\"11\",\"maxValue\":\"50\"},\"publishingPrinciples\":\"https:\/\/talkpal.ai\/publishing-principles\/\",\"actionableFeedbackPolicy\":\"https:\/\/talkpal.ai\/actionable-feedback-policy\/\",\"correctionsPolicy\":\"https:\/\/talkpal.ai\/corrections-policy\/\",\"ethicsPolicy\":\"https:\/\/talkpal.ai\/ethics-policy\/\",\"diversityPolicy\":\"https:\/\/talkpal.ai\/diversity-policy\/\",\"diversityStaffingReport\":\"https:\/\/talkpal.ai\/diversity-policy\/\"}]}<\/script>\n<!-- \/ Yoast SEO Premium plugin. -->","yoast_head_json":{"title":"Hispaania keele grammatika - Talkpal","description":"Parandage oma hispaania keele grammatikaoskust interaktiivsete harjutustega, mis on m\u00f5eldud k\u00f5ikidele tasemetele. Harjuta hispaania keelt t\u00f5husalt!","robots":{"index":"index","follow":"follow","max-snippet":"max-snippet:-1","max-image-preview":"max-image-preview:large","max-video-preview":"max-video-preview:-1"},"canonical":"https:\/\/talkpal.ai\/et\/hispaania-keele-grammatika\/","og_locale":"et_EE","og_type":"article","og_title":"Hispaania keele grammatika","og_description":"L\u00fchijuhend hispaania keele grammatika \u00f5ppimiseks Kui te olete kunagi m\u00f5elnud uue keele \u00f5ppimisele, siis on suur t\u00f5en\u00e4osus, et hispaania keel on teile p\u00e4he","og_url":"https:\/\/talkpal.ai\/et\/hispaania-keele-grammatika\/","og_site_name":"Talkpal","article_publisher":"https:\/\/www.facebook.com\/profile.php?id=100090733639311","article_modified_time":"2025-05-22T18:51:14+00:00","og_image":[{"width":512,"height":512,"url":"https:\/\/talkpal.ai\/wp-content\/uploads\/2023\/03\/spain.png","type":"image\/png"}],"twitter_card":"summary_large_image","twitter_site":"@talkpalai","twitter_misc":{"Est. reading time":"3 minutit"},"schema":{"@context":"https:\/\/schema.org","@graph":[{"@type":"WebPage","@id":"https:\/\/talkpal.ai\/et\/hispaania-keele-grammatika\/","url":"https:\/\/talkpal.ai\/et\/hispaania-keele-grammatika\/","name":"Hispaania keele grammatika - Talkpal","isPartOf":{"@id":"https:\/\/talkpal.ai\/et\/#website"},"primaryImageOfPage":{"@id":"https:\/\/talkpal.ai\/et\/hispaania-keele-grammatika\/#primaryimage"},"image":{"@id":"https:\/\/talkpal.ai\/et\/hispaania-keele-grammatika\/#primaryimage"},"thumbnailUrl":"https:\/\/talkpal.ai\/wp-content\/uploads\/2023\/03\/spain.png","datePublished":"2023-03-26T11:55:54+00:00","dateModified":"2025-05-22T18:51:14+00:00","description":"Parandage oma hispaania keele grammatikaoskust interaktiivsete harjutustega, mis on m\u00f5eldud k\u00f5ikidele tasemetele. Harjuta hispaania keelt t\u00f5husalt!","breadcrumb":{"@id":"https:\/\/talkpal.ai\/et\/hispaania-keele-grammatika\/#breadcrumb"},"inLanguage":"et","potentialAction":[{"@type":"ReadAction","target":["https:\/\/talkpal.ai\/et\/hispaania-keele-grammatika\/"]}]},{"@type":"ImageObject","inLanguage":"et","@id":"https:\/\/talkpal.ai\/et\/hispaania-keele-grammatika\/#primaryimage","url":"https:\/\/talkpal.ai\/wp-content\/uploads\/2023\/03\/spain.png","contentUrl":"https:\/\/talkpal.ai\/wp-content\/uploads\/2023\/03\/spain.png","width":512,"height":512,"caption":"TalkPal AI learn Spanish"},{"@type":"BreadcrumbList","@id":"https:\/\/talkpal.ai\/et\/hispaania-keele-grammatika\/#breadcrumb","itemListElement":[{"@type":"ListItem","position":1,"name":"Homepage","item":"https:\/\/talkpal.ai\/et\/"},{"@type":"ListItem","position":2,"name":"Hispaania keele grammatika"}]},{"@type":"WebSite","@id":"https:\/\/talkpal.ai\/et\/#website","url":"https:\/\/talkpal.ai\/et\/","name":"Talkpal","description":"AI Language Learning","publisher":{"@id":"https:\/\/talkpal.ai\/et\/#organization"},"alternateName":"Talkpal AI","potentialAction":[{"@type":"SearchAction","target":{"@type":"EntryPoint","urlTemplate":"https:\/\/talkpal.ai\/et\/?s={search_term_string}"},"query-input":{"@type":"PropertyValueSpecification","valueRequired":true,"valueName":"search_term_string"}}],"inLanguage":"et"},{"@type":"Organization","@id":"https:\/\/talkpal.ai\/et\/#organization","name":"Talkpal, Inc.","alternateName":"Talkpal AI","url":"https:\/\/talkpal.ai\/et\/","logo":{"@type":"ImageObject","inLanguage":"et","@id":"https:\/\/talkpal.ai\/et\/#\/schema\/logo\/image\/","url":"https:\/\/talkpal.ai\/wp-content\/uploads\/2024\/03\/Talkpal-Logo-Icon.png","contentUrl":"https:\/\/talkpal.ai\/wp-content\/uploads\/2024\/03\/Talkpal-Logo-Icon.png","width":2880,"height":2880,"caption":"Talkpal, Inc."},"image":{"@id":"https:\/\/talkpal.ai\/et\/#\/schema\/logo\/image\/"},"sameAs":["https:\/\/www.facebook.com\/profile.php?id=100090733639311","https:\/\/x.com\/talkpalai","https:\/\/www.linkedin.com\/company\/talkpal\/","https:\/\/www.youtube.com\/@TalkPal\/","https:\/\/www.tiktok.com\/@talkpal","https:\/\/www.instagram.com\/talkpal_ai\/","https:\/\/www.crunchbase.com\/organization\/talkpal-9cde","https:\/\/www.g2.com\/products\/talkpal-for-business\/","https:\/\/www.trustpilot.com\/review\/talkpal.ai","https:\/\/www.capterra.com\/p\/10006800\/TalkPal\/"],"description":"Talkpal is a language learning web and mobile education app, powered by the latest AI technologies, that provides engaging experiences to its customers in many different languages to help them improve their language skills. Users can chat about unlimited amount of topics with the app and use other modes to practice their language learning.","email":"support@talkpal.ai","legalName":"Talkpal, Inc.","foundingDate":"2023-04-03","duns":"118989042","numberOfEmployees":{"@type":"QuantitativeValue","minValue":"11","maxValue":"50"},"publishingPrinciples":"https:\/\/talkpal.ai\/publishing-principles\/","actionableFeedbackPolicy":"https:\/\/talkpal.ai\/actionable-feedback-policy\/","correctionsPolicy":"https:\/\/talkpal.ai\/corrections-policy\/","ethicsPolicy":"https:\/\/talkpal.ai\/ethics-policy\/","diversityPolicy":"https:\/\/talkpal.ai\/diversity-policy\/","diversityStaffingReport":"https:\/\/talkpal.ai\/diversity-policy\/"}]}},"_links":{"self":[{"href":"https:\/\/talkpal.ai\/et\/wp-json\/wp\/v2\/pages\/124537","targetHints":{"allow":["GET"]}}],"collection":[{"href":"https:\/\/talkpal.ai\/et\/wp-json\/wp\/v2\/pages"}],"about":[{"href":"https:\/\/talkpal.ai\/et\/wp-json\/wp\/v2\/types\/page"}],"author":[{"embeddable":true,"href":"https:\/\/talkpal.ai\/et\/wp-json\/wp\/v2\/users\/1"}],"replies":[{"embeddable":true,"href":"https:\/\/talkpal.ai\/et\/wp-json\/wp\/v2\/comments?post=124537"}],"version-history":[{"count":0,"href":"https:\/\/talkpal.ai\/et\/wp-json\/wp\/v2\/pages\/124537\/revisions"}],"wp:featuredmedia":[{"embeddable":true,"href":"https:\/\/talkpal.ai\/et\/wp-json\/wp\/v2\/media\/75382"}],"wp:attachment":[{"href":"https:\/\/talkpal.ai\/et\/wp-json\/wp\/v2\/media?parent=124537"}],"curies":[{"name":"wp","href":"https:\/\/api.w.org\/{rel}","templated":true}]}}