{"id":124325,"date":"2023-03-26T11:45:19","date_gmt":"2023-03-26T11:45:19","guid":{"rendered":"http:\/\/talkpal.ai\/prantsuse-keele-grammatika\/"},"modified":"2025-05-22T18:47:32","modified_gmt":"2025-05-22T18:47:32","slug":"prantsuse-keele-grammatika","status":"publish","type":"page","link":"https:\/\/talkpal.ai\/et\/prantsuse-keele-grammatika\/","title":{"rendered":"Prantsuse keele grammatika"},"content":{"rendered":"\r\n\r\n\r\n<section class=\"languageChallengeSection\">\r\n    <div class=\"languageInfoWrapper\">\r\n        \r\n        <h1>Prantsuse keele grammatika<\/h1>\r\n        <p>Avage <a href=\"https:\/\/talkpal.ai\/et\/oppige-prantsuse-keelt\/\">prantsuse keele<\/a> elegants, omandades selle p\u00f5hilised grammatikareeglid. <a href=\"https:\/\/talkpal.ai\/et\/grammar\/esineb-prantsuse-keele-grammatikas\/\">Prantsuse keele grammatika<\/a> hea tundmine aitab teil h\u00f5lpsasti suhelda ja hinnata prantsuse kultuuri rikkust. Alustage <a href=\"https:\/\/talkpal.ai\/et\/grammar\/esineb-prantsuse-keele-grammatikas\/\">prantsuse keele grammatika<\/a> \u00f5ppimist juba t\u00e4na ja alustage oma teekonda sujuva keeleoskuse suunas!<\/p>\r\n\r\n                            <a class=\"getStartedHidden\" href=\"https:\/\/app.talkpal.ai\/et\/signup?lng=\">Alusta<\/a>\r\n        \r\n    <\/div>\r\n\r\n    <figure>\r\n    <img decoding=\"async\" width=\"768\" height=\"768\" src=\"https:\/\/talkpal.ai\/wp-content\/uploads\/2023\/06\/french-768x768.png\" class=\"languageImage no-lazy\" alt=\"Language learning strategies for professionals\" fetchpriority=\"high\" sizes=\"(max-width: 768px) 150px, 768px\" srcset=\"https:\/\/talkpal.ai\/wp-content\/uploads\/2023\/06\/french-768x768.png 768w, https:\/\/talkpal.ai\/wp-content\/uploads\/2023\/06\/french-300x300.png 300w\" \/>\r\n    \r\n\r\n    <\/figure>\r\n\r\n            <a class=\"getStartedVisible\" href=\"https:\/\/app.talkpal.ai\/et\/signup?lng=\">Alusta<\/a>\r\n    \r\n<\/section>\r\n        <section class=\"grammarSection\">\r\n            <div class=\"grammarLinks\">\r\n                <a href=\"https:\/\/talkpal.ai\/et\/language\/artiklid-prantsuse-keele-grammatika\/\">Artiklid <\/a><a href=\"https:\/\/talkpal.ai\/et\/language\/asesonad-ja-maarajad-prantsuse-keele-grammatika\/\">Ases\u00f5nad ja m\u00e4\u00e4rajad <\/a><a href=\"https:\/\/talkpal.ai\/et\/language\/eessonad-prantsuse-grammatika\/\">Eess\u00f5nad <\/a><a href=\"https:\/\/talkpal.ai\/et\/language\/indikatiivsed-ajavormid-prantsuse-grammatika\/\">Indikatiivsed ajavormid <\/a><a href=\"https:\/\/talkpal.ai\/et\/language\/lauseehitus-prantsuse-grammatika\/\">Lauseehitus <\/a><a href=\"https:\/\/talkpal.ai\/et\/language\/maarsonad-prantsuse-keele-grammatika\/\">M\u00e4\u00e4rs\u00f5nad <\/a><a href=\"https:\/\/talkpal.ai\/et\/language\/nimisonad-prantsuse-keele-grammatika\/\">Nimis\u00f5nad <\/a><a href=\"https:\/\/talkpal.ai\/et\/language\/omadussonad-prantsuse-grammatika\/\">Omaduss\u00f5nad <\/a><a href=\"https:\/\/talkpal.ai\/et\/language\/tegusonad-prantsuse-keele-grammatika\/\">Tegus\u00f5nad <\/a>            <\/div>\r\n        <\/section>\r\n    <section class=\"promotionalBanner\">\r\n    <p class=\"promotionalText\"><\/p>\r\n    <a class=\"promotionalLink\" href=\"https:\/\/app.talkpal.ai\/et\/signup?lng=\"><\/a>\r\n<\/section>\n<div class=\"wp-block-group pageContainerStyle\"><div class=\"wp-block-group__inner-container is-layout-constrained wp-block-group-is-layout-constrained\">\n<h2 class=\"wp-block-heading\" id=\"h-a-beginner-s-guide-to-french-grammar\">Algaja prantsuse keele grammatika k\u00e4siraamat<\/h2>\n\n\n\n<p><a href=\"https:\/\/talkpal.ai\/et\/oppige-prantsuse-keelt\/\">Prantsuse keele<\/a> <a href=\"https:\/\/talkpal.ai\/et\/oppimine\/\">\u00f5ppimine<\/a> v\u00f5ib olla p\u00f5nev ja rahuldust pakkuv kogemus. Prantsuse keele <a href=\"https:\/\/talkpal.ai\/greek-grammar\/\">grammatika<\/a> valdamine v\u00f5ib aga olla keeruline isegi neile, kes valdavad <a href=\"https:\/\/talkpal.ai\/learn-english\/\">inglise<\/a> keelt. Selles artiklis arutame m\u00f5ningaid olulisi prantsuse keele grammatika n\u00f5uandeid, mis aitavad teil oma keeleoskust parandada. Tutvudes nende reeglitega ja harjutades neid regulaarselt, oled sa teel prantsuse keele grammatika eksperdiks.<\/p>\n\n\n\n<h3 class=\"wp-block-heading\" id=\"h-1-the-importance-of-gender-in-french-nouns\">1. Soo t\u00e4htsus prantsuse nimis\u00f5nades<\/h3>\n\n\n\n<p>\u00dcks olulisemaid erinevusi prantsuse ja <a href=\"https:\/\/talkpal.ai\/et\/grammar\/abitegusonad-inglise-keele-grammatikas\/\">inglise keele grammatika<\/a> vahel on soo m\u00f5iste. K\u00f5ik prantsuse nimis\u00f5nad on kas mehelikud v\u00f5i naiselikud, mis m\u00f5jutab nendega kasutatavaid artikleid ja omaduss\u00f5nu. N\u00e4iteks &#8220;le&#8221; ja &#8220;la&#8221; on vastavalt maskuliinsete ja feminiinsete nimis\u00f5nade l\u00f5plikud artiklid. Kui te kohtate uut tegus\u00f5na, on oluline meeles pidada selle sugu, et v\u00e4ltida grammatilisi vigu.<\/p>\n\n\n\n<h3 class=\"wp-block-heading\" id=\"h-2-mastering-verb-conjugations\">2. Verbi konjugatsioonide valdamine<\/h3>\n\n\n\n<p>Prantsuse verbidel on arvukalt konjugatsioone, mis p\u00f5hinevad pingelistel, meeleolu- ja subjekti ases\u00f5nadel. See v\u00f5ib tunduda valdav, kuid protsessi lihtsustamiseks saate kasutada mustreid ja otseteid. Regulaarsed verbid kuuluvad \u00fchte kolmest r\u00fchmast, mis p\u00f5hinevad nende infinitiivsetel l\u00f5ppudel (-er, -ir ja -re) ning igal r\u00fchmal on oma konjugatsioonireeglid. Kui olete need reeglid \u00f5ppinud, saate h\u00f5lpsasti konjugeerida m\u00e4rkimisv\u00e4\u00e4rse hulga prantsuse tegus\u00f5nu.<\/p>\n\n\n\n<h3 class=\"wp-block-heading\" id=\"h-3-the-partitive-article-du-de-la-and-de-l\">3. Partitiivne artikkel: du, de la ja de l&#8217;.<\/h3>\n\n\n\n<p>Kui r\u00e4\u00e4gite osast v\u00f5i m\u00e4\u00e4ramata kogusest, peate kasutama partitiivartiklit. Partitiivartikkel muutub vastavalt nimis\u00f5na soole ja sellele, kas see algab vokaali v\u00f5i konsonandiga. Meessoost nimis\u00f5nade puhul kasutage &#8220;du&#8221;, naissoost nimis\u00f5nade puhul &#8220;de la&#8221; ja vokaaliga v\u00f5i h\u00e4\u00e4lega &#8220;h&#8221; algavate nimis\u00f5nade puhul &#8220;de l&#8221;.<\/p>\n\n\n\n<h3 class=\"wp-block-heading\" id=\"h-4-adjective-agreement-and-placement\">4. Omaduss\u00f5na kokkulepe ja paigutus<\/h3>\n\n\n\n<p>Prantsuse grammatikas peavad omaduss\u00f5nad n\u00f5ustuma nimis\u00f5naga, mida nad soo ja arvu poolest muudavad. Sageli t\u00e4hendab see, et peate lisama omaduss\u00f5nale &#8220;e&#8221;, et muuta see naiselikuks, ja &#8220;s&#8221;, et muuta see mitmuslikuks. Lisaks sellele j\u00e4rgnevad omaduss\u00f5nad tavaliselt p\u00f5his\u00f5nale, mida nad modifitseerivad, v\u00e4lja arvatud l\u00fchikesed ja tavalised omaduss\u00f5nad nagu &#8220;beau&#8221;, &#8220;vieil&#8221; ja &#8220;grand&#8221;.<\/p>\n\n\n\n<p>N\u00e4ited:<br\/>&#8211; Un chat noir (Must kass)<br\/>&#8211; Une voiture noire (Must auto)<br\/>&#8211; Deux chats noirs (Kaks musta kassi)<\/p>\n\n\n\n<h3 class=\"wp-block-heading\" id=\"h-5-passe-compose-past-tense-made-easy\">5. Passe Compose &#8211; mineviku ajavormid lihtsaks tehtud<\/h3>\n\n\n\n<p>Kuigi mineviku pingete v\u00e4ljendamiseks prantsuse keeles on palju v\u00f5imalusi, on pass\u00e8 compos\u00e9 \u00fcks kasulikumaid ja lihtsamini \u00f5pitavaid. <a href=\"https:\/\/talkpal.ai\/ar\/grammar_exercises\/passe-compose-%d8%aa%d9%85%d8%a7%d8%b1%d9%8a%d9%86-%d9%84%d9%84%d9%82%d9%88%d8%a7%d8%b9%d8%af-%d8%a7%d9%84%d9%81%d8%b1%d9%86%d8%b3%d9%8a%d8%a9\/\">Pass\u00e9 compos\u00e9<\/a> moodustamiseks on vaja abiverbi &#8220;avoir&#8221; v\u00f5i &#8220;\u00eatre&#8221; oleviku aega, millele j\u00e4rgneb p\u00f5hiverbi minevikuosa. Enamik verbe kasutab abiverbina s\u00f5na &#8220;avoir&#8221;, samas kui m\u00f5ned, peamiselt liikumis- ja refleksiivverbidega seotud verbid kasutavad s\u00f5na &#8220;\u00eatre&#8221;.<\/p>\n\n\n\n<p>N\u00e4ide:<br\/>&#8211; J&#8217;ai mang\u00e9 (ma s\u00f5in)<br\/>&#8211; Nous sommes all\u00e9s (Me l\u00e4ksime)<\/p>\n\n\n\n<h3 class=\"wp-block-heading\" id=\"h-6-engaging-with-the-language\">6. Keelega tegelemine<\/h3>\n\n\n\n<p>\u00dcks parimaid viise oma prantsuse keele grammatika parandamiseks on keelega regulaarselt tegelemine. Olgu see siis prantsuse ajalehtede lugemine, prantsuse filmide vaatamine v\u00f5i emakeelek\u00f5nelejaga r\u00e4\u00e4kimine, keele tundmine erinevates kontekstides aitab teil tugevdada oma arusaamist grammatikast ja laiendada s\u00f5navara.<\/p>\n\n\n\n<h3 class=\"wp-block-heading\" id=\"h-conclusion\">Kokkuv\u00f5te<\/h3>\n\n\n\n<p>Prantsuse keele grammatika valdamine v\u00f5ib tunduda hirmutav, kuid j\u00e4rjepideva harjutamise ja p\u00fchendumisega saate seda kaunist keelt vabalt tunda. Keskendudes \u00fclaltoodud olulistele reeglitele ja suheldes keelega erinevates kontekstides, paraneb teie prantsuse keele grammatikaoskus kiiresti. Bonne&#8217;i v\u00f5imalus teie teekonnal prantsuse keele grammatika omandamiseni!<\/p>\n<\/div><\/div>\n\r\n<section class=\"learnNavigationSection\">\r\n            \r\n        <a href=\"https:\/\/talkpal.ai\/et\/oppige-prantsuse-keelt\/\">\r\n            <div class=\"learnNavigationWrapper\">\r\n                <div class=\"learnNavigationContent\">\r\n                    <img decoding=\"async\" src=\"https:\/\/talkpal.ai\/wp-content\/uploads\/2024\/08\/French.jpg\" alt=\"French Flag\">\r\n                    <div>\r\n                        <h4>Prantsuse keele \u00f5ppimise kohta<\/h4>\r\n                        <p>Uuri k\u00f5ike prantsuse keele grammatika kohta.<\/p>\r\n                    <\/div>\r\n                <\/div>\r\n            <\/div>\r\n        <\/a>\r\n\r\n        \r\n        <a href=\"https:\/\/talkpal.ai\/et\/prantsuse-keele-grammatikaharjutused\/\">\r\n            <div class=\"learnNavigationWrapper\">\r\n                <div class=\"learnNavigationContent\">\r\n                    <img decoding=\"async\" src=\"https:\/\/talkpal.ai\/wp-content\/uploads\/2024\/08\/French.jpg\" alt=\"French Flag\">\r\n                    <div>\r\n                        <h4>Prantsuse keele grammatika harjutus<\/h4>\r\n                        <p>Harjutage prantsuse grammatikat.<\/p>\r\n                    <\/div>\r\n                <\/div>\r\n            <\/div>\r\n        <\/a>\r\n\r\n        \r\n        <a href=\"https:\/\/talkpal.ai\/vocabulary_language\/french\/\">\r\n            <div class=\"learnNavigationWrapper\">\r\n                <div class=\"learnNavigationContent\">\r\n                    <img decoding=\"async\" src=\"https:\/\/talkpal.ai\/wp-content\/uploads\/2024\/08\/French.jpg\" alt=\"French Flag\">\r\n                    <div>\r\n                        <h4>Prantsuse keele s\u00f5navara<\/h4>\r\n                        <p>Laiendage oma prantsuse keele s\u00f5navara.<\/p>\r\n                    <\/div>\r\n                <\/div>\r\n            <\/div>\r\n        <\/a>\r\n\r\n            <\/section>","protected":false},"excerpt":{"rendered":"<p>Algaja prantsuse keele grammatika k\u00e4siraamat Prantsuse keele \u00f5ppimine v\u00f5ib olla p\u00f5nev ja rahuldust pakkuv kogemus. Prantsuse keele grammatika valdamine v\u00f5ib aga olla keeruline isegi neile, kes valdavad inglise keelt. Selles artiklis arutame m\u00f5ningaid olulisi prantsuse keele grammatika n\u00f5uandeid, mis aitavad teil oma keeleoskust parandada. Tutvudes nende reeglitega ja harjutades neid regulaarselt, oled sa teel prantsuse [&hellip;]<\/p>\n","protected":false},"author":1,"featured_media":75921,"parent":0,"menu_order":0,"comment_status":"closed","ping_status":"closed","template":"LearningContentPage.php","meta":{"_acf_changed":false,"footnotes":""},"class_list":["post-124325","page","type-page","status-publish","has-post-thumbnail","hentry"],"acf":[],"yoast_head":"<!-- This site is optimized with the Yoast SEO Premium plugin v27.2 (Yoast SEO v27.2) - https:\/\/yoast.com\/product\/yoast-seo-premium-wordpress\/ -->\n<title>Prantsuse keele grammatika - Talkpal<\/title>\n<meta name=\"description\" content=\"P\u00f5hilised prantsuse keele grammatika m\u00f5isted, mis h\u00f5lmavad verbe, liits\u00f5nu, ajavormi, nimis\u00f5nu, artikleid, omaduss\u00f5nu, nimis\u00f5nu ja lauseehitust.\" \/>\n<meta name=\"robots\" content=\"index, follow, max-snippet:-1, max-image-preview:large, max-video-preview:-1\" \/>\n<link rel=\"canonical\" href=\"https:\/\/talkpal.ai\/et\/prantsuse-keele-grammatika\/\" \/>\n<meta property=\"og:locale\" content=\"et_EE\" \/>\n<meta property=\"og:type\" content=\"article\" \/>\n<meta property=\"og:title\" content=\"Prantsuse keele grammatika\" \/>\n<meta property=\"og:description\" content=\"Algaja prantsuse keele grammatika k\u00e4siraamat Prantsuse keele \u00f5ppimine v\u00f5ib olla p\u00f5nev ja rahuldust pakkuv kogemus. Prantsuse keele grammatika valdamine\" \/>\n<meta property=\"og:url\" content=\"https:\/\/talkpal.ai\/et\/prantsuse-keele-grammatika\/\" \/>\n<meta property=\"og:site_name\" content=\"Talkpal\" \/>\n<meta property=\"article:publisher\" content=\"https:\/\/www.facebook.com\/profile.php?id=100090733639311\" \/>\n<meta property=\"article:modified_time\" content=\"2025-05-22T18:47:32+00:00\" \/>\n<meta property=\"og:image\" content=\"https:\/\/talkpal.ai\/wp-content\/uploads\/2023\/03\/france.png\" \/>\n\t<meta property=\"og:image:width\" content=\"512\" \/>\n\t<meta property=\"og:image:height\" content=\"512\" \/>\n\t<meta property=\"og:image:type\" content=\"image\/png\" \/>\n<meta name=\"twitter:card\" content=\"summary_large_image\" \/>\n<meta name=\"twitter:site\" content=\"@talkpalai\" \/>\n<meta name=\"twitter:label1\" content=\"Est. reading time\" \/>\n\t<meta name=\"twitter:data1\" content=\"3 minutit\" \/>\n<script type=\"application\/ld+json\" class=\"yoast-schema-graph\">{\"@context\":\"https:\/\/schema.org\",\"@graph\":[{\"@type\":\"WebPage\",\"@id\":\"https:\/\/talkpal.ai\/et\/prantsuse-keele-grammatika\/\",\"url\":\"https:\/\/talkpal.ai\/et\/prantsuse-keele-grammatika\/\",\"name\":\"Prantsuse keele grammatika - Talkpal\",\"isPartOf\":{\"@id\":\"https:\/\/talkpal.ai\/et\/#website\"},\"primaryImageOfPage\":{\"@id\":\"https:\/\/talkpal.ai\/et\/prantsuse-keele-grammatika\/#primaryimage\"},\"image\":{\"@id\":\"https:\/\/talkpal.ai\/et\/prantsuse-keele-grammatika\/#primaryimage\"},\"thumbnailUrl\":\"https:\/\/talkpal.ai\/wp-content\/uploads\/2023\/03\/france.png\",\"datePublished\":\"2023-03-26T11:45:19+00:00\",\"dateModified\":\"2025-05-22T18:47:32+00:00\",\"description\":\"P\u00f5hilised prantsuse keele grammatika m\u00f5isted, mis h\u00f5lmavad verbe, liits\u00f5nu, ajavormi, nimis\u00f5nu, artikleid, omaduss\u00f5nu, nimis\u00f5nu ja lauseehitust.\",\"breadcrumb\":{\"@id\":\"https:\/\/talkpal.ai\/et\/prantsuse-keele-grammatika\/#breadcrumb\"},\"inLanguage\":\"et\",\"potentialAction\":[{\"@type\":\"ReadAction\",\"target\":[\"https:\/\/talkpal.ai\/et\/prantsuse-keele-grammatika\/\"]}]},{\"@type\":\"ImageObject\",\"inLanguage\":\"et\",\"@id\":\"https:\/\/talkpal.ai\/et\/prantsuse-keele-grammatika\/#primaryimage\",\"url\":\"https:\/\/talkpal.ai\/wp-content\/uploads\/2023\/03\/france.png\",\"contentUrl\":\"https:\/\/talkpal.ai\/wp-content\/uploads\/2023\/03\/france.png\",\"width\":512,\"height\":512,\"caption\":\"TalkPal AI learn French\"},{\"@type\":\"BreadcrumbList\",\"@id\":\"https:\/\/talkpal.ai\/et\/prantsuse-keele-grammatika\/#breadcrumb\",\"itemListElement\":[{\"@type\":\"ListItem\",\"position\":1,\"name\":\"Homepage\",\"item\":\"https:\/\/talkpal.ai\/et\/\"},{\"@type\":\"ListItem\",\"position\":2,\"name\":\"Prantsuse keele grammatika\"}]},{\"@type\":\"WebSite\",\"@id\":\"https:\/\/talkpal.ai\/et\/#website\",\"url\":\"https:\/\/talkpal.ai\/et\/\",\"name\":\"Talkpal\",\"description\":\"AI Language Learning\",\"publisher\":{\"@id\":\"https:\/\/talkpal.ai\/et\/#organization\"},\"alternateName\":\"Talkpal AI\",\"potentialAction\":[{\"@type\":\"SearchAction\",\"target\":{\"@type\":\"EntryPoint\",\"urlTemplate\":\"https:\/\/talkpal.ai\/et\/?s={search_term_string}\"},\"query-input\":{\"@type\":\"PropertyValueSpecification\",\"valueRequired\":true,\"valueName\":\"search_term_string\"}}],\"inLanguage\":\"et\"},{\"@type\":\"Organization\",\"@id\":\"https:\/\/talkpal.ai\/et\/#organization\",\"name\":\"Talkpal, Inc.\",\"alternateName\":\"Talkpal AI\",\"url\":\"https:\/\/talkpal.ai\/et\/\",\"logo\":{\"@type\":\"ImageObject\",\"inLanguage\":\"et\",\"@id\":\"https:\/\/talkpal.ai\/et\/#\/schema\/logo\/image\/\",\"url\":\"https:\/\/talkpal.ai\/wp-content\/uploads\/2024\/03\/Talkpal-Logo-Icon.png\",\"contentUrl\":\"https:\/\/talkpal.ai\/wp-content\/uploads\/2024\/03\/Talkpal-Logo-Icon.png\",\"width\":2880,\"height\":2880,\"caption\":\"Talkpal, Inc.\"},\"image\":{\"@id\":\"https:\/\/talkpal.ai\/et\/#\/schema\/logo\/image\/\"},\"sameAs\":[\"https:\/\/www.facebook.com\/profile.php?id=100090733639311\",\"https:\/\/x.com\/talkpalai\",\"https:\/\/www.linkedin.com\/company\/talkpal\/\",\"https:\/\/www.youtube.com\/@TalkPal\/\",\"https:\/\/www.tiktok.com\/@talkpal\",\"https:\/\/www.instagram.com\/talkpal_ai\/\",\"https:\/\/www.crunchbase.com\/organization\/talkpal-9cde\",\"https:\/\/www.g2.com\/products\/talkpal-for-business\/\",\"https:\/\/www.trustpilot.com\/review\/talkpal.ai\",\"https:\/\/www.capterra.com\/p\/10006800\/TalkPal\/\"],\"description\":\"Talkpal is a language learning web and mobile education app, powered by the latest AI technologies, that provides engaging experiences to its customers in many different languages to help them improve their language skills. Users can chat about unlimited amount of topics with the app and use other modes to practice their language learning.\",\"email\":\"support@talkpal.ai\",\"legalName\":\"Talkpal, Inc.\",\"foundingDate\":\"2023-04-03\",\"duns\":\"118989042\",\"numberOfEmployees\":{\"@type\":\"QuantitativeValue\",\"minValue\":\"11\",\"maxValue\":\"50\"},\"publishingPrinciples\":\"https:\/\/talkpal.ai\/publishing-principles\/\",\"actionableFeedbackPolicy\":\"https:\/\/talkpal.ai\/actionable-feedback-policy\/\",\"correctionsPolicy\":\"https:\/\/talkpal.ai\/corrections-policy\/\",\"ethicsPolicy\":\"https:\/\/talkpal.ai\/ethics-policy\/\",\"diversityPolicy\":\"https:\/\/talkpal.ai\/diversity-policy\/\",\"diversityStaffingReport\":\"https:\/\/talkpal.ai\/diversity-policy\/\"}]}<\/script>\n<!-- \/ Yoast SEO Premium plugin. -->","yoast_head_json":{"title":"Prantsuse keele grammatika - Talkpal","description":"P\u00f5hilised prantsuse keele grammatika m\u00f5isted, mis h\u00f5lmavad verbe, liits\u00f5nu, ajavormi, nimis\u00f5nu, artikleid, omaduss\u00f5nu, nimis\u00f5nu ja lauseehitust.","robots":{"index":"index","follow":"follow","max-snippet":"max-snippet:-1","max-image-preview":"max-image-preview:large","max-video-preview":"max-video-preview:-1"},"canonical":"https:\/\/talkpal.ai\/et\/prantsuse-keele-grammatika\/","og_locale":"et_EE","og_type":"article","og_title":"Prantsuse keele grammatika","og_description":"Algaja prantsuse keele grammatika k\u00e4siraamat Prantsuse keele \u00f5ppimine v\u00f5ib olla p\u00f5nev ja rahuldust pakkuv kogemus. Prantsuse keele grammatika valdamine","og_url":"https:\/\/talkpal.ai\/et\/prantsuse-keele-grammatika\/","og_site_name":"Talkpal","article_publisher":"https:\/\/www.facebook.com\/profile.php?id=100090733639311","article_modified_time":"2025-05-22T18:47:32+00:00","og_image":[{"width":512,"height":512,"url":"https:\/\/talkpal.ai\/wp-content\/uploads\/2023\/03\/france.png","type":"image\/png"}],"twitter_card":"summary_large_image","twitter_site":"@talkpalai","twitter_misc":{"Est. reading time":"3 minutit"},"schema":{"@context":"https:\/\/schema.org","@graph":[{"@type":"WebPage","@id":"https:\/\/talkpal.ai\/et\/prantsuse-keele-grammatika\/","url":"https:\/\/talkpal.ai\/et\/prantsuse-keele-grammatika\/","name":"Prantsuse keele grammatika - Talkpal","isPartOf":{"@id":"https:\/\/talkpal.ai\/et\/#website"},"primaryImageOfPage":{"@id":"https:\/\/talkpal.ai\/et\/prantsuse-keele-grammatika\/#primaryimage"},"image":{"@id":"https:\/\/talkpal.ai\/et\/prantsuse-keele-grammatika\/#primaryimage"},"thumbnailUrl":"https:\/\/talkpal.ai\/wp-content\/uploads\/2023\/03\/france.png","datePublished":"2023-03-26T11:45:19+00:00","dateModified":"2025-05-22T18:47:32+00:00","description":"P\u00f5hilised prantsuse keele grammatika m\u00f5isted, mis h\u00f5lmavad verbe, liits\u00f5nu, ajavormi, nimis\u00f5nu, artikleid, omaduss\u00f5nu, nimis\u00f5nu ja lauseehitust.","breadcrumb":{"@id":"https:\/\/talkpal.ai\/et\/prantsuse-keele-grammatika\/#breadcrumb"},"inLanguage":"et","potentialAction":[{"@type":"ReadAction","target":["https:\/\/talkpal.ai\/et\/prantsuse-keele-grammatika\/"]}]},{"@type":"ImageObject","inLanguage":"et","@id":"https:\/\/talkpal.ai\/et\/prantsuse-keele-grammatika\/#primaryimage","url":"https:\/\/talkpal.ai\/wp-content\/uploads\/2023\/03\/france.png","contentUrl":"https:\/\/talkpal.ai\/wp-content\/uploads\/2023\/03\/france.png","width":512,"height":512,"caption":"TalkPal AI learn French"},{"@type":"BreadcrumbList","@id":"https:\/\/talkpal.ai\/et\/prantsuse-keele-grammatika\/#breadcrumb","itemListElement":[{"@type":"ListItem","position":1,"name":"Homepage","item":"https:\/\/talkpal.ai\/et\/"},{"@type":"ListItem","position":2,"name":"Prantsuse keele grammatika"}]},{"@type":"WebSite","@id":"https:\/\/talkpal.ai\/et\/#website","url":"https:\/\/talkpal.ai\/et\/","name":"Talkpal","description":"AI Language Learning","publisher":{"@id":"https:\/\/talkpal.ai\/et\/#organization"},"alternateName":"Talkpal AI","potentialAction":[{"@type":"SearchAction","target":{"@type":"EntryPoint","urlTemplate":"https:\/\/talkpal.ai\/et\/?s={search_term_string}"},"query-input":{"@type":"PropertyValueSpecification","valueRequired":true,"valueName":"search_term_string"}}],"inLanguage":"et"},{"@type":"Organization","@id":"https:\/\/talkpal.ai\/et\/#organization","name":"Talkpal, Inc.","alternateName":"Talkpal AI","url":"https:\/\/talkpal.ai\/et\/","logo":{"@type":"ImageObject","inLanguage":"et","@id":"https:\/\/talkpal.ai\/et\/#\/schema\/logo\/image\/","url":"https:\/\/talkpal.ai\/wp-content\/uploads\/2024\/03\/Talkpal-Logo-Icon.png","contentUrl":"https:\/\/talkpal.ai\/wp-content\/uploads\/2024\/03\/Talkpal-Logo-Icon.png","width":2880,"height":2880,"caption":"Talkpal, Inc."},"image":{"@id":"https:\/\/talkpal.ai\/et\/#\/schema\/logo\/image\/"},"sameAs":["https:\/\/www.facebook.com\/profile.php?id=100090733639311","https:\/\/x.com\/talkpalai","https:\/\/www.linkedin.com\/company\/talkpal\/","https:\/\/www.youtube.com\/@TalkPal\/","https:\/\/www.tiktok.com\/@talkpal","https:\/\/www.instagram.com\/talkpal_ai\/","https:\/\/www.crunchbase.com\/organization\/talkpal-9cde","https:\/\/www.g2.com\/products\/talkpal-for-business\/","https:\/\/www.trustpilot.com\/review\/talkpal.ai","https:\/\/www.capterra.com\/p\/10006800\/TalkPal\/"],"description":"Talkpal is a language learning web and mobile education app, powered by the latest AI technologies, that provides engaging experiences to its customers in many different languages to help them improve their language skills. Users can chat about unlimited amount of topics with the app and use other modes to practice their language learning.","email":"support@talkpal.ai","legalName":"Talkpal, Inc.","foundingDate":"2023-04-03","duns":"118989042","numberOfEmployees":{"@type":"QuantitativeValue","minValue":"11","maxValue":"50"},"publishingPrinciples":"https:\/\/talkpal.ai\/publishing-principles\/","actionableFeedbackPolicy":"https:\/\/talkpal.ai\/actionable-feedback-policy\/","correctionsPolicy":"https:\/\/talkpal.ai\/corrections-policy\/","ethicsPolicy":"https:\/\/talkpal.ai\/ethics-policy\/","diversityPolicy":"https:\/\/talkpal.ai\/diversity-policy\/","diversityStaffingReport":"https:\/\/talkpal.ai\/diversity-policy\/"}]}},"_links":{"self":[{"href":"https:\/\/talkpal.ai\/et\/wp-json\/wp\/v2\/pages\/124325","targetHints":{"allow":["GET"]}}],"collection":[{"href":"https:\/\/talkpal.ai\/et\/wp-json\/wp\/v2\/pages"}],"about":[{"href":"https:\/\/talkpal.ai\/et\/wp-json\/wp\/v2\/types\/page"}],"author":[{"embeddable":true,"href":"https:\/\/talkpal.ai\/et\/wp-json\/wp\/v2\/users\/1"}],"replies":[{"embeddable":true,"href":"https:\/\/talkpal.ai\/et\/wp-json\/wp\/v2\/comments?post=124325"}],"version-history":[{"count":0,"href":"https:\/\/talkpal.ai\/et\/wp-json\/wp\/v2\/pages\/124325\/revisions"}],"wp:featuredmedia":[{"embeddable":true,"href":"https:\/\/talkpal.ai\/et\/wp-json\/wp\/v2\/media\/75921"}],"wp:attachment":[{"href":"https:\/\/talkpal.ai\/et\/wp-json\/wp\/v2\/media?parent=124325"}],"curies":[{"name":"wp","href":"https:\/\/api.w.org\/{rel}","templated":true}]}}