{"id":124056,"date":"2023-03-26T11:40:15","date_gmt":"2023-03-26T11:40:15","guid":{"rendered":"http:\/\/talkpal.ai\/saksa-keele-grammatika\/"},"modified":"2025-05-22T19:21:22","modified_gmt":"2025-05-22T19:21:22","slug":"saksa-keele-grammatika","status":"publish","type":"page","link":"https:\/\/talkpal.ai\/et\/saksa-keele-grammatika\/","title":{"rendered":"Saksa keele grammatika"},"content":{"rendered":"\r\n\r\n\r\n<section class=\"languageChallengeSection\">\r\n    <div class=\"languageInfoWrapper\">\r\n        \r\n        <h1>Saksa keele grammatika<\/h1>\r\n        <p>Avage <a href=\"https:\/\/talkpal.ai\/et\/saksa-keele-oppetunnid\/\">saksa keele<\/a> struktuur, omandades selle p\u00f5hilised grammatikareeglid. <a href=\"https:\/\/talkpal.ai\/et\/grammar\/taiuslik-saksa-keele-grammatikas\/\">Saksa keele grammatika<\/a> m\u00f5istmine aitab teil enesekindlalt suhelda ja t\u00e4ielikult hinnata saksakeelse kultuuri rikkust. Alusta <a href=\"https:\/\/talkpal.ai\/et\/saksa-keele-oppetunnid\/\">saksa keele<\/a> <a href=\"https:\/\/talkpal.ai\/greek-grammar\/\">grammatika<\/a> \u00f5ppimist juba t\u00e4na ja astu esimene samm sujuva keeleoskuse suunas!\n\n<\/p>\r\n\r\n                            <a class=\"getStartedHidden\" href=\"https:\/\/app.talkpal.ai\/et\/signup?lng=\">Alusta<\/a>\r\n        \r\n    <\/div>\r\n\r\n    <figure>\r\n    <img decoding=\"async\" width=\"768\" height=\"768\" src=\"https:\/\/talkpal.ai\/wp-content\/uploads\/2023\/06\/german-768x768.png\" class=\"languageImage no-lazy\" alt=\"Language learning for global networking\" fetchpriority=\"high\" sizes=\"(max-width: 768px) 150px, 768px\" srcset=\"https:\/\/talkpal.ai\/wp-content\/uploads\/2023\/06\/german-768x768.png 768w, https:\/\/talkpal.ai\/wp-content\/uploads\/2023\/06\/german-300x300.png 300w\" \/>\r\n    \r\n\r\n    <\/figure>\r\n\r\n            <a class=\"getStartedVisible\" href=\"https:\/\/app.talkpal.ai\/et\/signup?lng=\">Alusta<\/a>\r\n    \r\n<\/section>\r\n        <section class=\"grammarSection\">\r\n            <div class=\"grammarLinks\">\r\n                <a href=\"https:\/\/talkpal.ai\/et\/language\/ajavormid-saksa-keele-grammatika\/\">Ajavormid <\/a><a href=\"https:\/\/talkpal.ai\/et\/language\/asesonad-saksa-keele-grammatika\/\">Ases\u00f5nad <\/a><a href=\"https:\/\/talkpal.ai\/et\/language\/eessonad-saksa-keele-grammatika\/\">Eess\u00f5nad <\/a><a href=\"https:\/\/talkpal.ai\/et\/language\/kaanamine-saksa-keele-grammatika\/\">K\u00e4\u00e4namine <\/a><a href=\"https:\/\/talkpal.ai\/et\/language\/lauseehitus-saksa-keele-grammatika\/\">Lauseehitus <\/a><a href=\"https:\/\/talkpal.ai\/et\/language\/maarsonad-saksa-keele-grammatika\/\">M\u00e4\u00e4rs\u00f5nad <\/a><a href=\"https:\/\/talkpal.ai\/et\/language\/nimisonad-ja-artiklid-saksa-grammatika\/\">Nimis\u00f5nad ja artiklid <\/a><a href=\"https:\/\/talkpal.ai\/et\/language\/omadussonad-saksa-keele-grammatika\/\">Omaduss\u00f5nad <\/a><a href=\"https:\/\/talkpal.ai\/et\/language\/tegusonad-saksa-keele-grammatika\/\">Tegus\u00f5nad <\/a>            <\/div>\r\n        <\/section>\r\n    <section class=\"promotionalBanner\">\r\n    <p class=\"promotionalText\">K\u00f5ige t\u00f5husam viis keele \u00f5ppimiseks<\/p>\r\n    <a class=\"promotionalLink\" href=\"https:\/\/app.talkpal.ai\/et\/signup?lng=\">Proovige Talkpal tasuta<\/a>\r\n<\/section>\n<div class=\"wp-block-group pageContainerStyle\"><div class=\"wp-block-group__inner-container is-layout-constrained wp-block-group-is-layout-constrained\">\n<h2 class=\"wp-block-heading\" id=\"h-unraveling-the-intricacies-of-german-grammar\">Saksa keele grammatika keerukuse lahtiharutamine<\/h2>\n\n\n\n<p>Saksa keele <a href=\"https:\/\/talkpal.ai\/et\/oppimine\/\">\u00f5ppimine<\/a> v\u00f5ib olla p\u00f5nev ja rahuldust pakkuv ettev\u00f5tmine. Sa ei saa mitte ainult r\u00e4\u00e4kida enam kui 130 miljoni inimesega \u00fcle maailma, vaid sul on ka juurdep\u00e4\u00e4s rikkalikule kirjandusele, muusikale ja kultuuriajaloole. Nagu <a href=\"https:\/\/talkpal.ai\/locations\/language-courses-in-iga\/\">iga<\/a> keele puhul, n\u00f5uab ka saksa keele valdamine p\u00fchendumist ja kannatlikkust \u2013 eriti kui tegemist on selle grammatikaga. Hea uudis on see, et paljud <a href=\"https:\/\/talkpal.ai\/et\/grammar\/taiuslik-saksa-keele-grammatikas\/\">saksa keele grammatika<\/a> aspektid on \u00fcsna sarnased <a href=\"https:\/\/talkpal.ai\/learn-english\/\">inglise<\/a> keele grammatikaga, mist\u00f5ttu on inglise keele k\u00f5nelejatel lihtsam oma pead \u00fcmber m\u00e4hkida. Selles artiklis uurime m\u00f5ningaid saksa keele grammatika p\u00f5hijooni ning anname kasulikke n\u00e4pun\u00e4iteid ja nippe, mis aitavad teil seda ilusat ja keerulist keelt omandada.<\/p>\n\n\n\n<h3 class=\"wp-block-heading\" id=\"h-1-nouns-and-articles-get-your-cases-right\">1. Nimis\u00f5nad ja artiklid &#8211; tehke oma juhtumid korda!<\/h3>\n\n\n\n<p>\u00dcks esimesi takistusi inglise keele k\u00f5nelejatele, kes \u00f5pivad <a href=\"https:\/\/talkpal.ai\/et\/oppige-saksa-keelt-internetis\/\">saksa keelt<\/a>, on nelja juhtumi m\u00f5istmine: nominatiivne, akusatiivne, datiivne ja genitiivne. Iga juhtum annab m\u00e4rku nimis\u00f5na erinevast funktsioonist lauses, n\u00e4iteks subjektist, otsesest objektist v\u00f5i kaudsest objektist. Lisaks on saksa keeles kolm grammatilist sugu (mehelik, naiselik ja neuter) ning iga soo artiklid muutuvad s\u00f5ltuvalt juhtumist. K\u00f5lab segaselt? \u00c4rge muretsege! Saksa keelega paremini tuttavaks saades hakkate \u00e4ra tundma mustreid ja oskate ette n\u00e4ha, millist k\u00e4\u00e4ndes\u00f5na ja sugu tuleb kasutada.<\/p>\n\n\n\n<p>N\u00e4pun\u00e4ide: Koostage tabel kindlatest artiklitest (der, die, das) ja m\u00e4\u00e4ramata artiklitest (ein, eine, ein) iga soo ja juhtumi kohta. J\u00e4tke need k\u00f5igepealt meelde, kuna need on teie aluseks saksa lauseehituse m\u00f5istmisel.<\/p>\n\n\n\n<h3 class=\"wp-block-heading\" id=\"h-2-verbs-conjugate-and-dominate\">2. Tegus\u00f5nad \u2013 Konjugeeri ja domineeri!<\/h3>\n\n\n\n<p>Saksa keeles on tegus\u00f5nad olulised mitte ainult tegevuse v\u00e4ljendamiseks, vaid ka pinge ja meeleolu n\u00e4itamiseks. Nii nagu inglise keeles, tuleb ka saksa verbid konjugeerida, et need vastaksid lause teemale. Siiski on m\u00f5ned olulised erinevused, sealhulgas regulaarsete (n\u00f5rkade) ja ebaregulaarsete (tugevate) verbide kasutamine, samuti abistavate verbide kasutamine teatud aegade jaoks. Hea uudis on see, et m\u00f5ned saksa keele verbide konjugatsiooni aspektid on lihtsamad kui inglise keeles, n\u00e4iteks ei n\u00f5uta &#8220;do&#8221; kasutamist k\u00fcsimuste v\u00f5i eituste puhul.<\/p>\n\n\n\n<p>N\u00e4pun\u00e4ide: Alustage regulaarse verbi konjugatsiooni omandamisest ja seej\u00e4rel tegelege k\u00f5ige tavalisemate ebaregulaarsete verbidega. Harjutage abiverbide kasutamist mineviku ja tuleviku ajaga ning peagi saate moodustada keerulisemaid lauseid.<\/p>\n\n\n\n<h3 class=\"wp-block-heading\" id=\"h-3-adjectives-show-your-agreement\">3. Omaduss\u00f5nad \u2013 n\u00e4ita oma n\u00f5usolekut!<\/h3>\n\n\n\n<p>Kui kasutate saksa keeles omaduss\u00f5nu substantiivide kirjeldamiseks, on oluline m\u00f5ista omaduss\u00f5nade kokkuleppimist. See t\u00e4hendab, et omaduss\u00f5nad peavad olema vastavuses nimis\u00f5na soo ja k\u00e4\u00e4nds\u00f5naga. M\u00f5nel juhul on selleks vaja lisada omaduss\u00f5nale l\u00f5pp, mis p\u00f5hineb nimis\u00f5na artiklil ja k\u00e4\u00e4ndes\u00f5nal.<\/p>\n\n\n\n<p>N\u00f5uanne: Kasutage oma varasemat artiklitabelit, et aidata teil meeles pidada \u00f5igeid omaduss\u00f5nade l\u00f5ppu. Kui harjutate omaduss\u00f5nade kasutamist lausetes, tehke vaimne m\u00e4rkus l\u00f5pumustrite kohta ja selle kohta, kuidas need on seotud nimis\u00f5na soo ja juhtumiga.<\/p>\n\n\n\n<h3 class=\"wp-block-heading\" id=\"h-4-word-order-embrace-the-flexibility\">4. S\u00f5nade j\u00e4rjekord &#8211; v\u00f5tke omaks paindlikkus!<\/h3>\n\n\n\n<p>\u00dcks paljudest saksa keele grammatika r\u00f5\u00f5mudest on selle paindlik s\u00f5nade j\u00e4rjekord. Erinevalt inglise keelest, mis \u00fcldiselt j\u00e4rgib ranget subjekti-verbi-objekti mustrit, v\u00f5ivad saksa laused oma struktuuris erineda. Oluline on m\u00f5ista verbi positsiooni t\u00e4htsust, mis on tavaliselt p\u00f5hilauses teisel kohal ja k\u00f5rvallauses viimasel kohal.<\/p>\n\n\n\n<p>N\u00e4pun\u00e4ide: Erinevate s\u00f5nade j\u00e4rjekorramustritega mugavaks muutmiseks proovige t\u00f5lkida lihtsad ingliskeelsed laused saksa keelde ja seej\u00e4rel lause \u00fcmber korraldada, hoides verbi \u00f5iges kohas. See aitab teil saksa keeles n\u00fcansirikkaid ja v\u00e4ljendusrikkaid lauseid meisterdada.<\/p>\n\n\n\n<h3 class=\"wp-block-heading\" id=\"h-5-prepositions-think-in-german\">5. Eess\u00f5nad \u2013 m\u00f5tle saksa keeles!<\/h3>\n\n\n\n<p>Vaieldamatult on saksa keele grammatika \u00f5ppimise k\u00f5ige keerulisem osa eess\u00f5nade valdamine. Ehkki inglise keeles on olemas prepositsioonid ja neil on sarnane eesm\u00e4rk, on nende kasutamine saksa keeles erinev ja n\u00f5uab sageli &#8220;saksa keeles m\u00f5tlemist&#8221;, et valida \u00f5ige prepositsioon. N\u00e4iteks ingliskeelne prepositsioon &#8220;in&#8221; v\u00f5ib saksa keeles olla &#8220;in&#8221;, &#8220;an&#8221; v\u00f5i &#8220;auf&#8221;, s\u00f5ltuvalt kontekstist.<\/p>\n\n\n\n<p>N\u00e4pun\u00e4ide: looge tavaliste eess\u00f5nade ja nende ingliskeelsete kolleegidega m\u00e4lukaardid. Harjutage nende kasutamist lausetes ja keskenduge konkreetsetele kontekstidele, milles iga eess\u00f5na kasutatakse.<\/p>\n\n\n\n<h3 class=\"wp-block-heading\" id=\"h-conclusion\">J\u00e4reldus:<\/h3>\n\n\n\n<p>Saksa keele grammatika v\u00f5ib esialgu tunduda hirmutav, kuid p\u00fchendunud harjutamise, kannatlikkuse ja p\u00f5hireeglite ja -mustrite m\u00f5istmisele keskendumise abil suudate peagi h\u00f5lpsasti keerulisi lauseid koostada. M\u00f5istes saksa keele grammatika keerukust, ei paranda inglise keele k\u00f5nelejad mitte ainult oma keeleoskust, vaid arendavad ka uut arusaama sellest ilusast ja keerulisest keelest. N\u00fc\u00fcd, auf geht&#8217;s! Aeg sukelduda saksa keele grammatika maailma ja avada oma t\u00e4ielik keele\u00f5ppepotentsiaal.<\/p>\n<\/div><\/div>\n\r\n<section class=\"learnNavigationSection\">\r\n            \r\n        <a href=\"https:\/\/talkpal.ai\/et\/oppige-saksa-keelt\/\">\r\n            <div class=\"learnNavigationWrapper\">\r\n                <div class=\"learnNavigationContent\">\r\n                    <img decoding=\"async\" src=\"https:\/\/talkpal.ai\/wp-content\/uploads\/2024\/08\/German.jpg\" alt=\"German Flag\">\r\n                    <div>\r\n                        <h4>Saksa keele \u00f5ppimisest<\/h4>\r\n                        <p>Uuri k\u00f5ike saksa keele grammatika kohta.<\/p>\r\n                    <\/div>\r\n                <\/div>\r\n            <\/div>\r\n        <\/a>\r\n\r\n        \r\n        <a href=\"https:\/\/talkpal.ai\/et\/saksa-keele-grammatika-harjutused\/\">\r\n            <div class=\"learnNavigationWrapper\">\r\n                <div class=\"learnNavigationContent\">\r\n                    <img decoding=\"async\" src=\"https:\/\/talkpal.ai\/wp-content\/uploads\/2024\/08\/German.jpg\" alt=\"German Flag\">\r\n                    <div>\r\n                        <h4>Saksa keele grammatika harjutus<\/h4>\r\n                        <p>Harjutage saksa keele grammatikat.<\/p>\r\n                    <\/div>\r\n                <\/div>\r\n            <\/div>\r\n        <\/a>\r\n\r\n        \r\n        <a href=\"https:\/\/talkpal.ai\/vocabulary_language\/german\/\">\r\n            <div class=\"learnNavigationWrapper\">\r\n                <div class=\"learnNavigationContent\">\r\n                    <img decoding=\"async\" src=\"https:\/\/talkpal.ai\/wp-content\/uploads\/2024\/08\/German.jpg\" alt=\"German Flag\">\r\n                    <div>\r\n                        <h4>Saksa keele s\u00f5navara<\/h4>\r\n                        <p>Laiendage oma saksa keele s\u00f5navara.<\/p>\r\n                    <\/div>\r\n                <\/div>\r\n            <\/div>\r\n        <\/a>\r\n\r\n            <\/section>","protected":false},"excerpt":{"rendered":"<p>Saksa keele grammatika keerukuse lahtiharutamine Saksa keele \u00f5ppimine v\u00f5ib olla p\u00f5nev ja rahuldust pakkuv ettev\u00f5tmine. Sa ei saa mitte ainult r\u00e4\u00e4kida enam kui 130 miljoni inimesega \u00fcle maailma, vaid sul on ka juurdep\u00e4\u00e4s rikkalikule kirjandusele, muusikale ja kultuuriajaloole. Nagu iga keele puhul, n\u00f5uab ka saksa keele valdamine p\u00fchendumist ja kannatlikkust \u2013 eriti kui tegemist on [&hellip;]<\/p>\n","protected":false},"author":1,"featured_media":75607,"parent":0,"menu_order":0,"comment_status":"closed","ping_status":"closed","template":"LearningContentPage.php","meta":{"_acf_changed":false,"footnotes":""},"class_list":["post-124056","page","type-page","status-publish","has-post-thumbnail","hentry"],"acf":[],"yoast_head":"<!-- This site is optimized with the Yoast SEO Premium plugin v27.2 (Yoast SEO v27.2) - https:\/\/yoast.com\/product\/yoast-seo-premium-wordpress\/ -->\n<title>Saksa keele grammatika - Talkpal<\/title>\n<meta name=\"description\" content=\"\u00d5ppige saksa keele grammatikat h\u00f5lpsasti - m\u00f5istke p\u00f5hireegleid, harjutage lauseehitust ja r\u00e4\u00e4kige selgelt koos Talkpaltehisintellekti abil.\" \/>\n<meta name=\"robots\" content=\"index, follow, max-snippet:-1, max-image-preview:large, max-video-preview:-1\" \/>\n<link rel=\"canonical\" href=\"https:\/\/talkpal.ai\/et\/saksa-keele-grammatika\/\" \/>\n<meta property=\"og:locale\" content=\"et_EE\" \/>\n<meta property=\"og:type\" content=\"article\" \/>\n<meta property=\"og:title\" content=\"Saksa keele grammatika\" \/>\n<meta property=\"og:description\" content=\"Saksa keele grammatika keerukuse lahtiharutamine Saksa keele \u00f5ppimine v\u00f5ib olla p\u00f5nev ja rahuldust pakkuv ettev\u00f5tmine. Sa ei saa mitte ainult r\u00e4\u00e4kida enam\" \/>\n<meta property=\"og:url\" content=\"https:\/\/talkpal.ai\/et\/saksa-keele-grammatika\/\" \/>\n<meta property=\"og:site_name\" content=\"Talkpal\" \/>\n<meta property=\"article:publisher\" content=\"https:\/\/www.facebook.com\/profile.php?id=100090733639311\" \/>\n<meta property=\"article:modified_time\" content=\"2025-05-22T19:21:22+00:00\" \/>\n<meta property=\"og:image\" content=\"https:\/\/talkpal.ai\/wp-content\/uploads\/2023\/03\/germany.png\" \/>\n\t<meta property=\"og:image:width\" content=\"512\" \/>\n\t<meta property=\"og:image:height\" content=\"512\" \/>\n\t<meta property=\"og:image:type\" content=\"image\/png\" \/>\n<meta name=\"twitter:card\" content=\"summary_large_image\" \/>\n<meta name=\"twitter:site\" content=\"@talkpalai\" \/>\n<meta name=\"twitter:label1\" content=\"Est. reading time\" \/>\n\t<meta name=\"twitter:data1\" content=\"4 minutit\" \/>\n<script type=\"application\/ld+json\" class=\"yoast-schema-graph\">{\"@context\":\"https:\/\/schema.org\",\"@graph\":[{\"@type\":\"WebPage\",\"@id\":\"https:\/\/talkpal.ai\/et\/saksa-keele-grammatika\/\",\"url\":\"https:\/\/talkpal.ai\/et\/saksa-keele-grammatika\/\",\"name\":\"Saksa keele grammatika - Talkpal\",\"isPartOf\":{\"@id\":\"https:\/\/talkpal.ai\/et\/#website\"},\"primaryImageOfPage\":{\"@id\":\"https:\/\/talkpal.ai\/et\/saksa-keele-grammatika\/#primaryimage\"},\"image\":{\"@id\":\"https:\/\/talkpal.ai\/et\/saksa-keele-grammatika\/#primaryimage\"},\"thumbnailUrl\":\"https:\/\/talkpal.ai\/wp-content\/uploads\/2023\/03\/germany.png\",\"datePublished\":\"2023-03-26T11:40:15+00:00\",\"dateModified\":\"2025-05-22T19:21:22+00:00\",\"description\":\"\u00d5ppige saksa keele grammatikat h\u00f5lpsasti - m\u00f5istke p\u00f5hireegleid, harjutage lauseehitust ja r\u00e4\u00e4kige selgelt koos Talkpaltehisintellekti abil.\",\"breadcrumb\":{\"@id\":\"https:\/\/talkpal.ai\/et\/saksa-keele-grammatika\/#breadcrumb\"},\"inLanguage\":\"et\",\"potentialAction\":[{\"@type\":\"ReadAction\",\"target\":[\"https:\/\/talkpal.ai\/et\/saksa-keele-grammatika\/\"]}]},{\"@type\":\"ImageObject\",\"inLanguage\":\"et\",\"@id\":\"https:\/\/talkpal.ai\/et\/saksa-keele-grammatika\/#primaryimage\",\"url\":\"https:\/\/talkpal.ai\/wp-content\/uploads\/2023\/03\/germany.png\",\"contentUrl\":\"https:\/\/talkpal.ai\/wp-content\/uploads\/2023\/03\/germany.png\",\"width\":512,\"height\":512,\"caption\":\"TalkPal AI learn German\"},{\"@type\":\"BreadcrumbList\",\"@id\":\"https:\/\/talkpal.ai\/et\/saksa-keele-grammatika\/#breadcrumb\",\"itemListElement\":[{\"@type\":\"ListItem\",\"position\":1,\"name\":\"Homepage\",\"item\":\"https:\/\/talkpal.ai\/et\/\"},{\"@type\":\"ListItem\",\"position\":2,\"name\":\"Saksa keele grammatika\"}]},{\"@type\":\"WebSite\",\"@id\":\"https:\/\/talkpal.ai\/et\/#website\",\"url\":\"https:\/\/talkpal.ai\/et\/\",\"name\":\"Talkpal\",\"description\":\"AI Language Learning\",\"publisher\":{\"@id\":\"https:\/\/talkpal.ai\/et\/#organization\"},\"alternateName\":\"Talkpal AI\",\"potentialAction\":[{\"@type\":\"SearchAction\",\"target\":{\"@type\":\"EntryPoint\",\"urlTemplate\":\"https:\/\/talkpal.ai\/et\/?s={search_term_string}\"},\"query-input\":{\"@type\":\"PropertyValueSpecification\",\"valueRequired\":true,\"valueName\":\"search_term_string\"}}],\"inLanguage\":\"et\"},{\"@type\":\"Organization\",\"@id\":\"https:\/\/talkpal.ai\/et\/#organization\",\"name\":\"Talkpal, Inc.\",\"alternateName\":\"Talkpal AI\",\"url\":\"https:\/\/talkpal.ai\/et\/\",\"logo\":{\"@type\":\"ImageObject\",\"inLanguage\":\"et\",\"@id\":\"https:\/\/talkpal.ai\/et\/#\/schema\/logo\/image\/\",\"url\":\"https:\/\/talkpal.ai\/wp-content\/uploads\/2024\/03\/Talkpal-Logo-Icon.png\",\"contentUrl\":\"https:\/\/talkpal.ai\/wp-content\/uploads\/2024\/03\/Talkpal-Logo-Icon.png\",\"width\":2880,\"height\":2880,\"caption\":\"Talkpal, Inc.\"},\"image\":{\"@id\":\"https:\/\/talkpal.ai\/et\/#\/schema\/logo\/image\/\"},\"sameAs\":[\"https:\/\/www.facebook.com\/profile.php?id=100090733639311\",\"https:\/\/x.com\/talkpalai\",\"https:\/\/www.linkedin.com\/company\/talkpal\/\",\"https:\/\/www.youtube.com\/@TalkPal\/\",\"https:\/\/www.tiktok.com\/@talkpal\",\"https:\/\/www.instagram.com\/talkpal_ai\/\",\"https:\/\/www.crunchbase.com\/organization\/talkpal-9cde\",\"https:\/\/www.g2.com\/products\/talkpal-for-business\/\",\"https:\/\/www.trustpilot.com\/review\/talkpal.ai\",\"https:\/\/www.capterra.com\/p\/10006800\/TalkPal\/\"],\"description\":\"Talkpal is a language learning web and mobile education app, powered by the latest AI technologies, that provides engaging experiences to its customers in many different languages to help them improve their language skills. Users can chat about unlimited amount of topics with the app and use other modes to practice their language learning.\",\"email\":\"support@talkpal.ai\",\"legalName\":\"Talkpal, Inc.\",\"foundingDate\":\"2023-04-03\",\"duns\":\"118989042\",\"numberOfEmployees\":{\"@type\":\"QuantitativeValue\",\"minValue\":\"11\",\"maxValue\":\"50\"},\"publishingPrinciples\":\"https:\/\/talkpal.ai\/publishing-principles\/\",\"actionableFeedbackPolicy\":\"https:\/\/talkpal.ai\/actionable-feedback-policy\/\",\"correctionsPolicy\":\"https:\/\/talkpal.ai\/corrections-policy\/\",\"ethicsPolicy\":\"https:\/\/talkpal.ai\/ethics-policy\/\",\"diversityPolicy\":\"https:\/\/talkpal.ai\/diversity-policy\/\",\"diversityStaffingReport\":\"https:\/\/talkpal.ai\/diversity-policy\/\"}]}<\/script>\n<!-- \/ Yoast SEO Premium plugin. -->","yoast_head_json":{"title":"Saksa keele grammatika - Talkpal","description":"\u00d5ppige saksa keele grammatikat h\u00f5lpsasti - m\u00f5istke p\u00f5hireegleid, harjutage lauseehitust ja r\u00e4\u00e4kige selgelt koos Talkpaltehisintellekti abil.","robots":{"index":"index","follow":"follow","max-snippet":"max-snippet:-1","max-image-preview":"max-image-preview:large","max-video-preview":"max-video-preview:-1"},"canonical":"https:\/\/talkpal.ai\/et\/saksa-keele-grammatika\/","og_locale":"et_EE","og_type":"article","og_title":"Saksa keele grammatika","og_description":"Saksa keele grammatika keerukuse lahtiharutamine Saksa keele \u00f5ppimine v\u00f5ib olla p\u00f5nev ja rahuldust pakkuv ettev\u00f5tmine. Sa ei saa mitte ainult r\u00e4\u00e4kida enam","og_url":"https:\/\/talkpal.ai\/et\/saksa-keele-grammatika\/","og_site_name":"Talkpal","article_publisher":"https:\/\/www.facebook.com\/profile.php?id=100090733639311","article_modified_time":"2025-05-22T19:21:22+00:00","og_image":[{"width":512,"height":512,"url":"https:\/\/talkpal.ai\/wp-content\/uploads\/2023\/03\/germany.png","type":"image\/png"}],"twitter_card":"summary_large_image","twitter_site":"@talkpalai","twitter_misc":{"Est. reading time":"4 minutit"},"schema":{"@context":"https:\/\/schema.org","@graph":[{"@type":"WebPage","@id":"https:\/\/talkpal.ai\/et\/saksa-keele-grammatika\/","url":"https:\/\/talkpal.ai\/et\/saksa-keele-grammatika\/","name":"Saksa keele grammatika - Talkpal","isPartOf":{"@id":"https:\/\/talkpal.ai\/et\/#website"},"primaryImageOfPage":{"@id":"https:\/\/talkpal.ai\/et\/saksa-keele-grammatika\/#primaryimage"},"image":{"@id":"https:\/\/talkpal.ai\/et\/saksa-keele-grammatika\/#primaryimage"},"thumbnailUrl":"https:\/\/talkpal.ai\/wp-content\/uploads\/2023\/03\/germany.png","datePublished":"2023-03-26T11:40:15+00:00","dateModified":"2025-05-22T19:21:22+00:00","description":"\u00d5ppige saksa keele grammatikat h\u00f5lpsasti - m\u00f5istke p\u00f5hireegleid, harjutage lauseehitust ja r\u00e4\u00e4kige selgelt koos Talkpaltehisintellekti abil.","breadcrumb":{"@id":"https:\/\/talkpal.ai\/et\/saksa-keele-grammatika\/#breadcrumb"},"inLanguage":"et","potentialAction":[{"@type":"ReadAction","target":["https:\/\/talkpal.ai\/et\/saksa-keele-grammatika\/"]}]},{"@type":"ImageObject","inLanguage":"et","@id":"https:\/\/talkpal.ai\/et\/saksa-keele-grammatika\/#primaryimage","url":"https:\/\/talkpal.ai\/wp-content\/uploads\/2023\/03\/germany.png","contentUrl":"https:\/\/talkpal.ai\/wp-content\/uploads\/2023\/03\/germany.png","width":512,"height":512,"caption":"TalkPal AI learn German"},{"@type":"BreadcrumbList","@id":"https:\/\/talkpal.ai\/et\/saksa-keele-grammatika\/#breadcrumb","itemListElement":[{"@type":"ListItem","position":1,"name":"Homepage","item":"https:\/\/talkpal.ai\/et\/"},{"@type":"ListItem","position":2,"name":"Saksa keele grammatika"}]},{"@type":"WebSite","@id":"https:\/\/talkpal.ai\/et\/#website","url":"https:\/\/talkpal.ai\/et\/","name":"Talkpal","description":"AI Language Learning","publisher":{"@id":"https:\/\/talkpal.ai\/et\/#organization"},"alternateName":"Talkpal AI","potentialAction":[{"@type":"SearchAction","target":{"@type":"EntryPoint","urlTemplate":"https:\/\/talkpal.ai\/et\/?s={search_term_string}"},"query-input":{"@type":"PropertyValueSpecification","valueRequired":true,"valueName":"search_term_string"}}],"inLanguage":"et"},{"@type":"Organization","@id":"https:\/\/talkpal.ai\/et\/#organization","name":"Talkpal, Inc.","alternateName":"Talkpal AI","url":"https:\/\/talkpal.ai\/et\/","logo":{"@type":"ImageObject","inLanguage":"et","@id":"https:\/\/talkpal.ai\/et\/#\/schema\/logo\/image\/","url":"https:\/\/talkpal.ai\/wp-content\/uploads\/2024\/03\/Talkpal-Logo-Icon.png","contentUrl":"https:\/\/talkpal.ai\/wp-content\/uploads\/2024\/03\/Talkpal-Logo-Icon.png","width":2880,"height":2880,"caption":"Talkpal, Inc."},"image":{"@id":"https:\/\/talkpal.ai\/et\/#\/schema\/logo\/image\/"},"sameAs":["https:\/\/www.facebook.com\/profile.php?id=100090733639311","https:\/\/x.com\/talkpalai","https:\/\/www.linkedin.com\/company\/talkpal\/","https:\/\/www.youtube.com\/@TalkPal\/","https:\/\/www.tiktok.com\/@talkpal","https:\/\/www.instagram.com\/talkpal_ai\/","https:\/\/www.crunchbase.com\/organization\/talkpal-9cde","https:\/\/www.g2.com\/products\/talkpal-for-business\/","https:\/\/www.trustpilot.com\/review\/talkpal.ai","https:\/\/www.capterra.com\/p\/10006800\/TalkPal\/"],"description":"Talkpal is a language learning web and mobile education app, powered by the latest AI technologies, that provides engaging experiences to its customers in many different languages to help them improve their language skills. Users can chat about unlimited amount of topics with the app and use other modes to practice their language learning.","email":"support@talkpal.ai","legalName":"Talkpal, Inc.","foundingDate":"2023-04-03","duns":"118989042","numberOfEmployees":{"@type":"QuantitativeValue","minValue":"11","maxValue":"50"},"publishingPrinciples":"https:\/\/talkpal.ai\/publishing-principles\/","actionableFeedbackPolicy":"https:\/\/talkpal.ai\/actionable-feedback-policy\/","correctionsPolicy":"https:\/\/talkpal.ai\/corrections-policy\/","ethicsPolicy":"https:\/\/talkpal.ai\/ethics-policy\/","diversityPolicy":"https:\/\/talkpal.ai\/diversity-policy\/","diversityStaffingReport":"https:\/\/talkpal.ai\/diversity-policy\/"}]}},"_links":{"self":[{"href":"https:\/\/talkpal.ai\/et\/wp-json\/wp\/v2\/pages\/124056","targetHints":{"allow":["GET"]}}],"collection":[{"href":"https:\/\/talkpal.ai\/et\/wp-json\/wp\/v2\/pages"}],"about":[{"href":"https:\/\/talkpal.ai\/et\/wp-json\/wp\/v2\/types\/page"}],"author":[{"embeddable":true,"href":"https:\/\/talkpal.ai\/et\/wp-json\/wp\/v2\/users\/1"}],"replies":[{"embeddable":true,"href":"https:\/\/talkpal.ai\/et\/wp-json\/wp\/v2\/comments?post=124056"}],"version-history":[{"count":0,"href":"https:\/\/talkpal.ai\/et\/wp-json\/wp\/v2\/pages\/124056\/revisions"}],"wp:featuredmedia":[{"embeddable":true,"href":"https:\/\/talkpal.ai\/et\/wp-json\/wp\/v2\/media\/75607"}],"wp:attachment":[{"href":"https:\/\/talkpal.ai\/et\/wp-json\/wp\/v2\/media?parent=124056"}],"curies":[{"name":"wp","href":"https:\/\/api.w.org\/{rel}","templated":true}]}}