{"id":997878,"date":"2023-10-09T10:03:45","date_gmt":"2023-10-09T10:03:45","guid":{"rendered":"https:\/\/talkpal.ai\/instrucciones-para-la-gestion-de-suscripciones\/"},"modified":"2025-07-12T09:46:08","modified_gmt":"2025-07-12T09:46:08","slug":"instrucciones-para-la-gestion-de-suscripciones","status":"publish","type":"page","link":"https:\/\/talkpal.ai\/es\/instrucciones-para-la-gestion-de-suscripciones\/","title":{"rendered":"Instrucciones para la gesti\u00f3n de suscripciones"},"content":{"rendered":"\n<p>Puedes gestionar tus suscripciones en nuestras aplicaciones <a href=\"https:\/\/talkpal.ai\/es\/descargar-la-aplicacion-talkpal-para-android-e-ios\/\">App Store<\/a> (Apple <a href=\"https:\/\/talkpal.ai\/es\/descargar-la-aplicacion-talkpal-para-android-e-ios\/\">iOS<\/a>), Google Play (Android) o Sitio web.<\/p>\n\n<h2 class=\"wp-block-heading\" id=\"h-app-store-apple-ios\">App Store (Apple iOS)<\/h2>\n\n<p>Tenga en cuenta: Debe cancelar su suscripci\u00f3n o prueba de Apple al menos 24 horas antes de que finalice. Si lo cancelas el \u00faltimo d\u00eda, se renovar\u00e1 autom\u00e1ticamente.<\/p>\n\n<p>Para cancelar tu suscripci\u00f3n a <a href=\"https:\/\/talkpal.ai\/ko\/ai-%ec%96%b8%ec%96%b4-%ea%b5%90%ec%82%ac\/\">Talkpal<\/a> a trav\u00e9s de la App Store, sigue estos pasos en tu dispositivo iOS:<\/p>\n\n<p><strong>Paso 1<\/strong> &#8211; Abre la app Ajustes.<\/p>\n\n<p><strong>Paso 2<\/strong> &#8211; Selecciona tu ID de Apple situado en la parte <a href=\"https:\/\/talkpal.ai\/locations\/learn-english-in-superior\/\">superior<\/a> de la p\u00e1gina.<\/p>\n\n<p><strong>Paso 3<\/strong> &#8211; Elige \u00abVer ID de Apple\u00bb.<\/p>\n\n<p><strong>Paso 4<\/strong> &#8211; Ve a \u00abSuscripciones\u00bb y selecciona la que quieras cancelar.<\/p>\n\n<p><strong>Paso 5<\/strong> &#8211; Toca en \u00abCancelar suscripci\u00f3n\u00bb.<\/p>\n\n<h2 class=\"wp-block-heading\" id=\"h-google-play-android\">Google Play (Android)<\/h2>\n\n<p><b>Paso 1<\/b> &#8211; En tu dispositivo Android, ve a tus suscripciones en Google Play.<\/p>\n\n<p><b>Paso 2<\/b> &#8211; Elige la suscripci\u00f3n que quieres cancelar.<\/p>\n\n<p><b>Paso 3<\/b> &#8211; Pulsa Cancelar suscripci\u00f3n.<\/p>\n\n<h2 class=\"wp-block-heading\" id=\"h-website\">P\u00e1gina web<\/h2>\n\n<p><b>Paso 1<\/b> &#8211; Ve a la p\u00e1gina de tu cuenta.<\/p>\n\n<p><b>Paso 2<\/b> &#8211; Despl\u00e1zate hasta la secci\u00f3n \u00abSuscripci\u00f3n\u00bb.<\/p>\n\n<p><b>Paso 3<\/b> &#8211; Haz clic en \u00abCancelar suscripci\u00f3n\u00bb.<\/p>\n","protected":false},"excerpt":{"rendered":"<p>Puedes gestionar tus suscripciones en nuestras aplicaciones App Store (Apple iOS), Google Play (Android) o Sitio web. App Store (Apple iOS) Tenga en cuenta: Debe cancelar su suscripci\u00f3n o prueba de Apple al menos 24 horas antes de que finalice. Si lo cancelas el \u00faltimo d\u00eda, se renovar\u00e1 autom\u00e1ticamente. Para cancelar tu suscripci\u00f3n a Talkpal [&hellip;]<\/p>\n","protected":false},"author":10,"featured_media":197981,"parent":0,"menu_order":0,"comment_status":"closed","ping_status":"closed","template":"","meta":{"_acf_changed":false,"footnotes":""},"class_list":["post-997878","page","type-page","status-publish","has-post-thumbnail","hentry"],"acf":[],"yoast_head":"<!-- This site is optimized with the Yoast SEO Premium plugin v27.2 (Yoast SEO v27.2) - https:\/\/yoast.com\/product\/yoast-seo-premium-wordpress\/ -->\n<title>Instrucciones para la gesti\u00f3n de suscripciones - Talkpal<\/title>\n<meta name=\"description\" content=\"Siga estas instrucciones de administraci\u00f3n de suscripciones para cancelar f\u00e1cilmente sus suscripciones en las aplicaciones de Apple o Google Play.\" \/>\n<meta name=\"robots\" content=\"index, follow, max-snippet:-1, max-image-preview:large, max-video-preview:-1\" \/>\n<link rel=\"canonical\" href=\"https:\/\/talkpal.ai\/es\/instrucciones-para-la-gestion-de-suscripciones\/\" \/>\n<meta property=\"og:locale\" content=\"es_ES\" \/>\n<meta property=\"og:type\" content=\"article\" \/>\n<meta property=\"og:title\" content=\"Instrucciones para la gesti\u00f3n de suscripciones\" \/>\n<meta property=\"og:description\" content=\"Puedes gestionar tus suscripciones en nuestras aplicaciones App Store (Apple iOS), Google Play (Android) o Sitio web. App Store (Apple iOS) Tenga en\" \/>\n<meta property=\"og:url\" content=\"https:\/\/talkpal.ai\/es\/instrucciones-para-la-gestion-de-suscripciones\/\" \/>\n<meta property=\"og:site_name\" content=\"Talkpal\" \/>\n<meta property=\"article:publisher\" content=\"https:\/\/www.facebook.com\/profile.php?id=100090733639311\" \/>\n<meta property=\"article:modified_time\" content=\"2025-07-12T09:46:08+00:00\" \/>\n<meta property=\"og:image\" content=\"https:\/\/talkpal.ai\/wp-content\/uploads\/2024\/03\/Talkpal-Logo-Icon.png\" \/>\n\t<meta property=\"og:image:width\" content=\"5000\" \/>\n\t<meta property=\"og:image:height\" content=\"5000\" \/>\n\t<meta property=\"og:image:type\" content=\"image\/png\" \/>\n<meta name=\"twitter:card\" content=\"summary_large_image\" \/>\n<meta name=\"twitter:site\" content=\"@talkpalai\" \/>\n<meta name=\"twitter:label1\" content=\"Tiempo de lectura\" \/>\n\t<meta name=\"twitter:data1\" content=\"1 minuto\" \/>\n<script type=\"application\/ld+json\" class=\"yoast-schema-graph\">{\"@context\":\"https:\/\/schema.org\",\"@graph\":[{\"@type\":\"WebPage\",\"@id\":\"https:\/\/talkpal.ai\/es\/instrucciones-para-la-gestion-de-suscripciones\/\",\"url\":\"https:\/\/talkpal.ai\/es\/instrucciones-para-la-gestion-de-suscripciones\/\",\"name\":\"Instrucciones para la gesti\u00f3n de suscripciones - Talkpal\",\"isPartOf\":{\"@id\":\"https:\/\/talkpal.ai\/es\/#website\"},\"primaryImageOfPage\":{\"@id\":\"https:\/\/talkpal.ai\/es\/instrucciones-para-la-gestion-de-suscripciones\/#primaryimage\"},\"image\":{\"@id\":\"https:\/\/talkpal.ai\/es\/instrucciones-para-la-gestion-de-suscripciones\/#primaryimage\"},\"thumbnailUrl\":\"https:\/\/talkpal.ai\/wp-content\/uploads\/2024\/03\/Talkpal-Logo-Icon.png\",\"datePublished\":\"2023-10-09T10:03:45+00:00\",\"dateModified\":\"2025-07-12T09:46:08+00:00\",\"description\":\"Siga estas instrucciones de administraci\u00f3n de suscripciones para cancelar f\u00e1cilmente sus suscripciones en las aplicaciones de Apple o Google Play.\",\"breadcrumb\":{\"@id\":\"https:\/\/talkpal.ai\/es\/instrucciones-para-la-gestion-de-suscripciones\/#breadcrumb\"},\"inLanguage\":\"es\",\"potentialAction\":[{\"@type\":\"ReadAction\",\"target\":[\"https:\/\/talkpal.ai\/es\/instrucciones-para-la-gestion-de-suscripciones\/\"]}]},{\"@type\":\"ImageObject\",\"inLanguage\":\"es\",\"@id\":\"https:\/\/talkpal.ai\/es\/instrucciones-para-la-gestion-de-suscripciones\/#primaryimage\",\"url\":\"https:\/\/talkpal.ai\/wp-content\/uploads\/2024\/03\/Talkpal-Logo-Icon.png\",\"contentUrl\":\"https:\/\/talkpal.ai\/wp-content\/uploads\/2024\/03\/Talkpal-Logo-Icon.png\",\"width\":5000,\"height\":5000,\"caption\":\"Logotipo de Talkpal sin marca de palabra\"},{\"@type\":\"BreadcrumbList\",\"@id\":\"https:\/\/talkpal.ai\/es\/instrucciones-para-la-gestion-de-suscripciones\/#breadcrumb\",\"itemListElement\":[{\"@type\":\"ListItem\",\"position\":1,\"name\":\"Homepage\",\"item\":\"https:\/\/talkpal.ai\/es\/\"},{\"@type\":\"ListItem\",\"position\":2,\"name\":\"Instrucciones para la gesti\u00f3n de suscripciones\"}]},{\"@type\":\"WebSite\",\"@id\":\"https:\/\/talkpal.ai\/es\/#website\",\"url\":\"https:\/\/talkpal.ai\/es\/\",\"name\":\"Talkpal\",\"description\":\"AI Language Learning\",\"publisher\":{\"@id\":\"https:\/\/talkpal.ai\/es\/#organization\"},\"alternateName\":\"Talkpal AI\",\"potentialAction\":[{\"@type\":\"SearchAction\",\"target\":{\"@type\":\"EntryPoint\",\"urlTemplate\":\"https:\/\/talkpal.ai\/es\/?s={search_term_string}\"},\"query-input\":{\"@type\":\"PropertyValueSpecification\",\"valueRequired\":true,\"valueName\":\"search_term_string\"}}],\"inLanguage\":\"es\"},{\"@type\":\"Organization\",\"@id\":\"https:\/\/talkpal.ai\/es\/#organization\",\"name\":\"Talkpal, Inc.\",\"alternateName\":\"Talkpal AI\",\"url\":\"https:\/\/talkpal.ai\/es\/\",\"logo\":{\"@type\":\"ImageObject\",\"inLanguage\":\"es\",\"@id\":\"https:\/\/talkpal.ai\/es\/#\/schema\/logo\/image\/\",\"url\":\"https:\/\/talkpal.ai\/wp-content\/uploads\/2024\/03\/Talkpal-Logo-Icon.png\",\"contentUrl\":\"https:\/\/talkpal.ai\/wp-content\/uploads\/2024\/03\/Talkpal-Logo-Icon.png\",\"width\":2880,\"height\":2880,\"caption\":\"Talkpal, Inc.\"},\"image\":{\"@id\":\"https:\/\/talkpal.ai\/es\/#\/schema\/logo\/image\/\"},\"sameAs\":[\"https:\/\/www.facebook.com\/profile.php?id=100090733639311\",\"https:\/\/x.com\/talkpalai\",\"https:\/\/www.linkedin.com\/company\/talkpal\/\",\"https:\/\/www.youtube.com\/@TalkPal\/\",\"https:\/\/www.tiktok.com\/@talkpal\",\"https:\/\/www.instagram.com\/talkpal_ai\/\",\"https:\/\/www.crunchbase.com\/organization\/talkpal-9cde\",\"https:\/\/www.g2.com\/products\/talkpal-for-business\/\",\"https:\/\/www.trustpilot.com\/review\/talkpal.ai\",\"https:\/\/www.capterra.com\/p\/10006800\/TalkPal\/\"],\"description\":\"Talkpal is a language learning web and mobile education app, powered by the latest AI technologies, that provides engaging experiences to its customers in many different languages to help them improve their language skills. Users can chat about unlimited amount of topics with the app and use other modes to practice their language learning.\",\"email\":\"support@talkpal.ai\",\"legalName\":\"Talkpal, Inc.\",\"foundingDate\":\"2023-04-03\",\"duns\":\"118989042\",\"numberOfEmployees\":{\"@type\":\"QuantitativeValue\",\"minValue\":\"11\",\"maxValue\":\"50\"},\"publishingPrinciples\":\"https:\/\/talkpal.ai\/publishing-principles\/\",\"actionableFeedbackPolicy\":\"https:\/\/talkpal.ai\/actionable-feedback-policy\/\",\"correctionsPolicy\":\"https:\/\/talkpal.ai\/corrections-policy\/\",\"ethicsPolicy\":\"https:\/\/talkpal.ai\/ethics-policy\/\",\"diversityPolicy\":\"https:\/\/talkpal.ai\/diversity-policy\/\",\"diversityStaffingReport\":\"https:\/\/talkpal.ai\/diversity-policy\/\"}]}<\/script>\n<!-- \/ Yoast SEO Premium plugin. -->","yoast_head_json":{"title":"Instrucciones para la gesti\u00f3n de suscripciones - Talkpal","description":"Siga estas instrucciones de administraci\u00f3n de suscripciones para cancelar f\u00e1cilmente sus suscripciones en las aplicaciones de Apple o Google Play.","robots":{"index":"index","follow":"follow","max-snippet":"max-snippet:-1","max-image-preview":"max-image-preview:large","max-video-preview":"max-video-preview:-1"},"canonical":"https:\/\/talkpal.ai\/es\/instrucciones-para-la-gestion-de-suscripciones\/","og_locale":"es_ES","og_type":"article","og_title":"Instrucciones para la gesti\u00f3n de suscripciones","og_description":"Puedes gestionar tus suscripciones en nuestras aplicaciones App Store (Apple iOS), Google Play (Android) o Sitio web. App Store (Apple iOS) Tenga en","og_url":"https:\/\/talkpal.ai\/es\/instrucciones-para-la-gestion-de-suscripciones\/","og_site_name":"Talkpal","article_publisher":"https:\/\/www.facebook.com\/profile.php?id=100090733639311","article_modified_time":"2025-07-12T09:46:08+00:00","og_image":[{"width":5000,"height":5000,"url":"https:\/\/talkpal.ai\/wp-content\/uploads\/2024\/03\/Talkpal-Logo-Icon.png","type":"image\/png"}],"twitter_card":"summary_large_image","twitter_site":"@talkpalai","twitter_misc":{"Tiempo de lectura":"1 minuto"},"schema":{"@context":"https:\/\/schema.org","@graph":[{"@type":"WebPage","@id":"https:\/\/talkpal.ai\/es\/instrucciones-para-la-gestion-de-suscripciones\/","url":"https:\/\/talkpal.ai\/es\/instrucciones-para-la-gestion-de-suscripciones\/","name":"Instrucciones para la gesti\u00f3n de suscripciones - Talkpal","isPartOf":{"@id":"https:\/\/talkpal.ai\/es\/#website"},"primaryImageOfPage":{"@id":"https:\/\/talkpal.ai\/es\/instrucciones-para-la-gestion-de-suscripciones\/#primaryimage"},"image":{"@id":"https:\/\/talkpal.ai\/es\/instrucciones-para-la-gestion-de-suscripciones\/#primaryimage"},"thumbnailUrl":"https:\/\/talkpal.ai\/wp-content\/uploads\/2024\/03\/Talkpal-Logo-Icon.png","datePublished":"2023-10-09T10:03:45+00:00","dateModified":"2025-07-12T09:46:08+00:00","description":"Siga estas instrucciones de administraci\u00f3n de suscripciones para cancelar f\u00e1cilmente sus suscripciones en las aplicaciones de Apple o Google Play.","breadcrumb":{"@id":"https:\/\/talkpal.ai\/es\/instrucciones-para-la-gestion-de-suscripciones\/#breadcrumb"},"inLanguage":"es","potentialAction":[{"@type":"ReadAction","target":["https:\/\/talkpal.ai\/es\/instrucciones-para-la-gestion-de-suscripciones\/"]}]},{"@type":"ImageObject","inLanguage":"es","@id":"https:\/\/talkpal.ai\/es\/instrucciones-para-la-gestion-de-suscripciones\/#primaryimage","url":"https:\/\/talkpal.ai\/wp-content\/uploads\/2024\/03\/Talkpal-Logo-Icon.png","contentUrl":"https:\/\/talkpal.ai\/wp-content\/uploads\/2024\/03\/Talkpal-Logo-Icon.png","width":5000,"height":5000,"caption":"Logotipo de Talkpal sin marca de palabra"},{"@type":"BreadcrumbList","@id":"https:\/\/talkpal.ai\/es\/instrucciones-para-la-gestion-de-suscripciones\/#breadcrumb","itemListElement":[{"@type":"ListItem","position":1,"name":"Homepage","item":"https:\/\/talkpal.ai\/es\/"},{"@type":"ListItem","position":2,"name":"Instrucciones para la gesti\u00f3n de suscripciones"}]},{"@type":"WebSite","@id":"https:\/\/talkpal.ai\/es\/#website","url":"https:\/\/talkpal.ai\/es\/","name":"Talkpal","description":"AI Language Learning","publisher":{"@id":"https:\/\/talkpal.ai\/es\/#organization"},"alternateName":"Talkpal AI","potentialAction":[{"@type":"SearchAction","target":{"@type":"EntryPoint","urlTemplate":"https:\/\/talkpal.ai\/es\/?s={search_term_string}"},"query-input":{"@type":"PropertyValueSpecification","valueRequired":true,"valueName":"search_term_string"}}],"inLanguage":"es"},{"@type":"Organization","@id":"https:\/\/talkpal.ai\/es\/#organization","name":"Talkpal, Inc.","alternateName":"Talkpal AI","url":"https:\/\/talkpal.ai\/es\/","logo":{"@type":"ImageObject","inLanguage":"es","@id":"https:\/\/talkpal.ai\/es\/#\/schema\/logo\/image\/","url":"https:\/\/talkpal.ai\/wp-content\/uploads\/2024\/03\/Talkpal-Logo-Icon.png","contentUrl":"https:\/\/talkpal.ai\/wp-content\/uploads\/2024\/03\/Talkpal-Logo-Icon.png","width":2880,"height":2880,"caption":"Talkpal, Inc."},"image":{"@id":"https:\/\/talkpal.ai\/es\/#\/schema\/logo\/image\/"},"sameAs":["https:\/\/www.facebook.com\/profile.php?id=100090733639311","https:\/\/x.com\/talkpalai","https:\/\/www.linkedin.com\/company\/talkpal\/","https:\/\/www.youtube.com\/@TalkPal\/","https:\/\/www.tiktok.com\/@talkpal","https:\/\/www.instagram.com\/talkpal_ai\/","https:\/\/www.crunchbase.com\/organization\/talkpal-9cde","https:\/\/www.g2.com\/products\/talkpal-for-business\/","https:\/\/www.trustpilot.com\/review\/talkpal.ai","https:\/\/www.capterra.com\/p\/10006800\/TalkPal\/"],"description":"Talkpal is a language learning web and mobile education app, powered by the latest AI technologies, that provides engaging experiences to its customers in many different languages to help them improve their language skills. Users can chat about unlimited amount of topics with the app and use other modes to practice their language learning.","email":"support@talkpal.ai","legalName":"Talkpal, Inc.","foundingDate":"2023-04-03","duns":"118989042","numberOfEmployees":{"@type":"QuantitativeValue","minValue":"11","maxValue":"50"},"publishingPrinciples":"https:\/\/talkpal.ai\/publishing-principles\/","actionableFeedbackPolicy":"https:\/\/talkpal.ai\/actionable-feedback-policy\/","correctionsPolicy":"https:\/\/talkpal.ai\/corrections-policy\/","ethicsPolicy":"https:\/\/talkpal.ai\/ethics-policy\/","diversityPolicy":"https:\/\/talkpal.ai\/diversity-policy\/","diversityStaffingReport":"https:\/\/talkpal.ai\/diversity-policy\/"}]}},"_links":{"self":[{"href":"https:\/\/talkpal.ai\/es\/wp-json\/wp\/v2\/pages\/997878","targetHints":{"allow":["GET"]}}],"collection":[{"href":"https:\/\/talkpal.ai\/es\/wp-json\/wp\/v2\/pages"}],"about":[{"href":"https:\/\/talkpal.ai\/es\/wp-json\/wp\/v2\/types\/page"}],"author":[{"embeddable":true,"href":"https:\/\/talkpal.ai\/es\/wp-json\/wp\/v2\/users\/10"}],"replies":[{"embeddable":true,"href":"https:\/\/talkpal.ai\/es\/wp-json\/wp\/v2\/comments?post=997878"}],"version-history":[{"count":0,"href":"https:\/\/talkpal.ai\/es\/wp-json\/wp\/v2\/pages\/997878\/revisions"}],"wp:featuredmedia":[{"embeddable":true,"href":"https:\/\/talkpal.ai\/es\/wp-json\/wp\/v2\/media\/197981"}],"wp:attachment":[{"href":"https:\/\/talkpal.ai\/es\/wp-json\/wp\/v2\/media?parent=997878"}],"curies":[{"name":"wp","href":"https:\/\/api.w.org\/{rel}","templated":true}]}}