{"id":994593,"date":"2023-12-20T15:42:12","date_gmt":"2023-12-20T15:42:12","guid":{"rendered":"https:\/\/talkpal.ai\/instrucciones-para-anadir-un-codigo-de-cupon-en-stripe-checkout\/"},"modified":"2025-06-19T18:07:47","modified_gmt":"2025-06-19T18:07:47","slug":"instrucciones-para-anadir-un-codigo-de-cupon-en-stripe-checkout","status":"publish","type":"page","link":"https:\/\/talkpal.ai\/es\/instrucciones-para-anadir-un-codigo-de-cupon-en-stripe-checkout\/","title":{"rendered":"Instrucciones para a\u00f1adir un c\u00f3digo de cup\u00f3n en Stripe Checkout"},"content":{"rendered":"\n<p>A\u00f1ade un c\u00f3digo de cup\u00f3n y obt\u00e9n un descuento.<\/p>\n\n<h2 class=\"wp-block-heading\" id=\"h-follow-the-steps\">Sigue los pasos<\/h2>\n\n<h3 class=\"wp-block-heading\" id=\"h-step-1\">Paso 1:<\/h3>\n\n<p>Elige un plan preferente.<\/p>\n\n<figure class=\"wp-block-image\"><img decoding=\"async\" src=\"https:\/\/talkpal.ai\/wp-content\/uploads\/2024\/12\/Choos-plan-screen-768x389.png\" alt=\"\"\/><\/figure>\n\n<h3 class=\"wp-block-heading\" id=\"h-step-2\">Paso 2:<\/h3>\n\n<p>Elige la opci\u00f3n de pagar con tarjeta y pulsa el bot\u00f3n de inicio.<\/p>\n\n<figure class=\"wp-block-image\"><img decoding=\"async\" src=\"https:\/\/talkpal.ai\/wp-content\/uploads\/2024\/12\/Payment-method-screen-768x389.png\" alt=\"\"\/><\/figure>\n\n<h3 class=\"wp-block-heading\" id=\"h-step-3\">Paso 3:<\/h3>\n\n<p>Ser\u00e1s redirigido a la p\u00e1gina de pago de Stripe.<\/p>\n\n<h3 class=\"wp-block-heading\" id=\"h-step-4\">Paso 4:<\/h3>\n\n<p>Pulsa \u201cA\u00f1adir c\u00f3digo promocional\u201d e introduce el c\u00f3digo, por ejemplo <strong>JOIN25<\/strong> y pulsa \u201cAplicar\u201d.<\/p>\n\n<figure class=\"wp-block-image\"><img decoding=\"async\" src=\"https:\/\/talkpal.ai\/wp-content\/uploads\/2024\/05\/Talkpal-Stripe-instructions-1024x593.png\" alt=\"\"\/><\/figure>\n\n<h3 class=\"wp-block-heading\" id=\"h-step-5\">Paso 5:<\/h3>\n\n<p>Rellena los datos de tu tarjeta y empieza a explorar tu cuenta Premium.<\/p>\n\n<p><\/p>\n","protected":false},"excerpt":{"rendered":"<p>A\u00f1ade un c\u00f3digo de cup\u00f3n y obt\u00e9n un descuento. Sigue los pasos Paso 1: Elige un plan preferente. Paso 2: Elige la opci\u00f3n de pagar con tarjeta y pulsa el bot\u00f3n de inicio. Paso 3: Ser\u00e1s redirigido a la p\u00e1gina de pago de Stripe. Paso 4: Pulsa \u201cA\u00f1adir c\u00f3digo promocional\u201d e introduce el c\u00f3digo, por [&hellip;]<\/p>\n","protected":false},"author":6,"featured_media":197981,"parent":0,"menu_order":0,"comment_status":"closed","ping_status":"closed","template":"","meta":{"_acf_changed":false,"footnotes":""},"class_list":["post-994593","page","type-page","status-publish","has-post-thumbnail","hentry"],"acf":[],"yoast_head":"<!-- This site is optimized with the Yoast SEO Premium plugin v27.2 (Yoast SEO v27.2) - https:\/\/yoast.com\/product\/yoast-seo-premium-wordpress\/ -->\n<title>Instrucciones para a\u00f1adir un c\u00f3digo de cup\u00f3n en Stripe Checkout - Talkpal<\/title>\n<meta name=\"description\" content=\"Aprende a a\u00f1adir f\u00e1cilmente c\u00f3digos de cup\u00f3n en Stripe Checkout. Sigue unos sencillos pasos para mejorar la experiencia de pago del cliente.\" \/>\n<meta name=\"robots\" content=\"index, follow, max-snippet:-1, max-image-preview:large, max-video-preview:-1\" \/>\n<link rel=\"canonical\" href=\"https:\/\/talkpal.ai\/es\/instrucciones-para-anadir-un-codigo-de-cupon-en-stripe-checkout\/\" \/>\n<meta property=\"og:locale\" content=\"es_ES\" \/>\n<meta property=\"og:type\" content=\"article\" \/>\n<meta property=\"og:title\" content=\"Instrucciones para a\u00f1adir un c\u00f3digo de cup\u00f3n en Stripe Checkout\" \/>\n<meta property=\"og:description\" content=\"A\u00f1ade un c\u00f3digo de cup\u00f3n y obt\u00e9n un descuento. Sigue los pasos Paso 1: Elige un plan preferente. Paso 2: Elige la opci\u00f3n de pagar con tarjeta y pulsa el\" \/>\n<meta property=\"og:url\" content=\"https:\/\/talkpal.ai\/es\/instrucciones-para-anadir-un-codigo-de-cupon-en-stripe-checkout\/\" \/>\n<meta property=\"og:site_name\" content=\"Talkpal\" \/>\n<meta property=\"article:publisher\" content=\"https:\/\/www.facebook.com\/profile.php?id=100090733639311\" \/>\n<meta property=\"article:modified_time\" content=\"2025-06-19T18:07:47+00:00\" \/>\n<meta property=\"og:image\" content=\"https:\/\/talkpal.ai\/wp-content\/uploads\/2024\/03\/Talkpal-Logo-Icon.png\" \/>\n\t<meta property=\"og:image:width\" content=\"5000\" \/>\n\t<meta property=\"og:image:height\" content=\"5000\" \/>\n\t<meta property=\"og:image:type\" content=\"image\/png\" \/>\n<meta name=\"twitter:card\" content=\"summary_large_image\" \/>\n<meta name=\"twitter:site\" content=\"@talkpalai\" \/>\n<script type=\"application\/ld+json\" class=\"yoast-schema-graph\">{\"@context\":\"https:\/\/schema.org\",\"@graph\":[{\"@type\":\"WebPage\",\"@id\":\"https:\/\/talkpal.ai\/es\/instrucciones-para-anadir-un-codigo-de-cupon-en-stripe-checkout\/\",\"url\":\"https:\/\/talkpal.ai\/es\/instrucciones-para-anadir-un-codigo-de-cupon-en-stripe-checkout\/\",\"name\":\"Instrucciones para a\u00f1adir un c\u00f3digo de cup\u00f3n en Stripe Checkout - Talkpal\",\"isPartOf\":{\"@id\":\"https:\/\/talkpal.ai\/es\/#website\"},\"primaryImageOfPage\":{\"@id\":\"https:\/\/talkpal.ai\/es\/instrucciones-para-anadir-un-codigo-de-cupon-en-stripe-checkout\/#primaryimage\"},\"image\":{\"@id\":\"https:\/\/talkpal.ai\/es\/instrucciones-para-anadir-un-codigo-de-cupon-en-stripe-checkout\/#primaryimage\"},\"thumbnailUrl\":\"https:\/\/talkpal.ai\/wp-content\/uploads\/2024\/03\/Talkpal-Logo-Icon.png\",\"datePublished\":\"2023-12-20T15:42:12+00:00\",\"dateModified\":\"2025-06-19T18:07:47+00:00\",\"description\":\"Aprende a a\u00f1adir f\u00e1cilmente c\u00f3digos de cup\u00f3n en Stripe Checkout. Sigue unos sencillos pasos para mejorar la experiencia de pago del cliente.\",\"breadcrumb\":{\"@id\":\"https:\/\/talkpal.ai\/es\/instrucciones-para-anadir-un-codigo-de-cupon-en-stripe-checkout\/#breadcrumb\"},\"inLanguage\":\"es\",\"potentialAction\":[{\"@type\":\"ReadAction\",\"target\":[\"https:\/\/talkpal.ai\/es\/instrucciones-para-anadir-un-codigo-de-cupon-en-stripe-checkout\/\"]}]},{\"@type\":\"ImageObject\",\"inLanguage\":\"es\",\"@id\":\"https:\/\/talkpal.ai\/es\/instrucciones-para-anadir-un-codigo-de-cupon-en-stripe-checkout\/#primaryimage\",\"url\":\"https:\/\/talkpal.ai\/wp-content\/uploads\/2024\/03\/Talkpal-Logo-Icon.png\",\"contentUrl\":\"https:\/\/talkpal.ai\/wp-content\/uploads\/2024\/03\/Talkpal-Logo-Icon.png\",\"width\":5000,\"height\":5000,\"caption\":\"talkpal logo\"},{\"@type\":\"BreadcrumbList\",\"@id\":\"https:\/\/talkpal.ai\/es\/instrucciones-para-anadir-un-codigo-de-cupon-en-stripe-checkout\/#breadcrumb\",\"itemListElement\":[{\"@type\":\"ListItem\",\"position\":1,\"name\":\"Homepage\",\"item\":\"https:\/\/talkpal.ai\/es\/\"},{\"@type\":\"ListItem\",\"position\":2,\"name\":\"Instrucciones para a\u00f1adir un c\u00f3digo de cup\u00f3n en Stripe Checkout\"}]},{\"@type\":\"WebSite\",\"@id\":\"https:\/\/talkpal.ai\/es\/#website\",\"url\":\"https:\/\/talkpal.ai\/es\/\",\"name\":\"Talkpal\",\"description\":\"AI Language Learning\",\"publisher\":{\"@id\":\"https:\/\/talkpal.ai\/es\/#organization\"},\"alternateName\":\"Talkpal AI\",\"potentialAction\":[{\"@type\":\"SearchAction\",\"target\":{\"@type\":\"EntryPoint\",\"urlTemplate\":\"https:\/\/talkpal.ai\/es\/?s={search_term_string}\"},\"query-input\":{\"@type\":\"PropertyValueSpecification\",\"valueRequired\":true,\"valueName\":\"search_term_string\"}}],\"inLanguage\":\"es\"},{\"@type\":\"Organization\",\"@id\":\"https:\/\/talkpal.ai\/es\/#organization\",\"name\":\"Talkpal, Inc.\",\"alternateName\":\"Talkpal AI\",\"url\":\"https:\/\/talkpal.ai\/es\/\",\"logo\":{\"@type\":\"ImageObject\",\"inLanguage\":\"es\",\"@id\":\"https:\/\/talkpal.ai\/es\/#\/schema\/logo\/image\/\",\"url\":\"https:\/\/talkpal.ai\/wp-content\/uploads\/2024\/03\/Talkpal-Logo-Icon.png\",\"contentUrl\":\"https:\/\/talkpal.ai\/wp-content\/uploads\/2024\/03\/Talkpal-Logo-Icon.png\",\"width\":2880,\"height\":2880,\"caption\":\"Talkpal, Inc.\"},\"image\":{\"@id\":\"https:\/\/talkpal.ai\/es\/#\/schema\/logo\/image\/\"},\"sameAs\":[\"https:\/\/www.facebook.com\/profile.php?id=100090733639311\",\"https:\/\/x.com\/talkpalai\",\"https:\/\/www.linkedin.com\/company\/talkpal\/\",\"https:\/\/www.youtube.com\/@TalkPal\/\",\"https:\/\/www.tiktok.com\/@talkpal\",\"https:\/\/www.instagram.com\/talkpal_ai\/\",\"https:\/\/www.crunchbase.com\/organization\/talkpal-9cde\",\"https:\/\/www.g2.com\/products\/talkpal-for-business\/\",\"https:\/\/www.trustpilot.com\/review\/talkpal.ai\",\"https:\/\/www.capterra.com\/p\/10006800\/TalkPal\/\"],\"description\":\"Talkpal is a language learning web and mobile education app, powered by the latest AI technologies, that provides engaging experiences to its customers in many different languages to help them improve their language skills. Users can chat about unlimited amount of topics with the app and use other modes to practice their language learning.\",\"email\":\"support@talkpal.ai\",\"legalName\":\"Talkpal, Inc.\",\"foundingDate\":\"2023-04-03\",\"duns\":\"118989042\",\"numberOfEmployees\":{\"@type\":\"QuantitativeValue\",\"minValue\":\"11\",\"maxValue\":\"50\"},\"publishingPrinciples\":\"https:\/\/talkpal.ai\/publishing-principles\/\",\"actionableFeedbackPolicy\":\"https:\/\/talkpal.ai\/actionable-feedback-policy\/\",\"correctionsPolicy\":\"https:\/\/talkpal.ai\/corrections-policy\/\",\"ethicsPolicy\":\"https:\/\/talkpal.ai\/ethics-policy\/\",\"diversityPolicy\":\"https:\/\/talkpal.ai\/diversity-policy\/\",\"diversityStaffingReport\":\"https:\/\/talkpal.ai\/diversity-policy\/\"}]}<\/script>\n<!-- \/ Yoast SEO Premium plugin. -->","yoast_head_json":{"title":"Instrucciones para a\u00f1adir un c\u00f3digo de cup\u00f3n en Stripe Checkout - Talkpal","description":"Aprende a a\u00f1adir f\u00e1cilmente c\u00f3digos de cup\u00f3n en Stripe Checkout. Sigue unos sencillos pasos para mejorar la experiencia de pago del cliente.","robots":{"index":"index","follow":"follow","max-snippet":"max-snippet:-1","max-image-preview":"max-image-preview:large","max-video-preview":"max-video-preview:-1"},"canonical":"https:\/\/talkpal.ai\/es\/instrucciones-para-anadir-un-codigo-de-cupon-en-stripe-checkout\/","og_locale":"es_ES","og_type":"article","og_title":"Instrucciones para a\u00f1adir un c\u00f3digo de cup\u00f3n en Stripe Checkout","og_description":"A\u00f1ade un c\u00f3digo de cup\u00f3n y obt\u00e9n un descuento. Sigue los pasos Paso 1: Elige un plan preferente. Paso 2: Elige la opci\u00f3n de pagar con tarjeta y pulsa el","og_url":"https:\/\/talkpal.ai\/es\/instrucciones-para-anadir-un-codigo-de-cupon-en-stripe-checkout\/","og_site_name":"Talkpal","article_publisher":"https:\/\/www.facebook.com\/profile.php?id=100090733639311","article_modified_time":"2025-06-19T18:07:47+00:00","og_image":[{"width":5000,"height":5000,"url":"https:\/\/talkpal.ai\/wp-content\/uploads\/2024\/03\/Talkpal-Logo-Icon.png","type":"image\/png"}],"twitter_card":"summary_large_image","twitter_site":"@talkpalai","schema":{"@context":"https:\/\/schema.org","@graph":[{"@type":"WebPage","@id":"https:\/\/talkpal.ai\/es\/instrucciones-para-anadir-un-codigo-de-cupon-en-stripe-checkout\/","url":"https:\/\/talkpal.ai\/es\/instrucciones-para-anadir-un-codigo-de-cupon-en-stripe-checkout\/","name":"Instrucciones para a\u00f1adir un c\u00f3digo de cup\u00f3n en Stripe Checkout - Talkpal","isPartOf":{"@id":"https:\/\/talkpal.ai\/es\/#website"},"primaryImageOfPage":{"@id":"https:\/\/talkpal.ai\/es\/instrucciones-para-anadir-un-codigo-de-cupon-en-stripe-checkout\/#primaryimage"},"image":{"@id":"https:\/\/talkpal.ai\/es\/instrucciones-para-anadir-un-codigo-de-cupon-en-stripe-checkout\/#primaryimage"},"thumbnailUrl":"https:\/\/talkpal.ai\/wp-content\/uploads\/2024\/03\/Talkpal-Logo-Icon.png","datePublished":"2023-12-20T15:42:12+00:00","dateModified":"2025-06-19T18:07:47+00:00","description":"Aprende a a\u00f1adir f\u00e1cilmente c\u00f3digos de cup\u00f3n en Stripe Checkout. Sigue unos sencillos pasos para mejorar la experiencia de pago del cliente.","breadcrumb":{"@id":"https:\/\/talkpal.ai\/es\/instrucciones-para-anadir-un-codigo-de-cupon-en-stripe-checkout\/#breadcrumb"},"inLanguage":"es","potentialAction":[{"@type":"ReadAction","target":["https:\/\/talkpal.ai\/es\/instrucciones-para-anadir-un-codigo-de-cupon-en-stripe-checkout\/"]}]},{"@type":"ImageObject","inLanguage":"es","@id":"https:\/\/talkpal.ai\/es\/instrucciones-para-anadir-un-codigo-de-cupon-en-stripe-checkout\/#primaryimage","url":"https:\/\/talkpal.ai\/wp-content\/uploads\/2024\/03\/Talkpal-Logo-Icon.png","contentUrl":"https:\/\/talkpal.ai\/wp-content\/uploads\/2024\/03\/Talkpal-Logo-Icon.png","width":5000,"height":5000,"caption":"talkpal logo"},{"@type":"BreadcrumbList","@id":"https:\/\/talkpal.ai\/es\/instrucciones-para-anadir-un-codigo-de-cupon-en-stripe-checkout\/#breadcrumb","itemListElement":[{"@type":"ListItem","position":1,"name":"Homepage","item":"https:\/\/talkpal.ai\/es\/"},{"@type":"ListItem","position":2,"name":"Instrucciones para a\u00f1adir un c\u00f3digo de cup\u00f3n en Stripe Checkout"}]},{"@type":"WebSite","@id":"https:\/\/talkpal.ai\/es\/#website","url":"https:\/\/talkpal.ai\/es\/","name":"Talkpal","description":"AI Language Learning","publisher":{"@id":"https:\/\/talkpal.ai\/es\/#organization"},"alternateName":"Talkpal AI","potentialAction":[{"@type":"SearchAction","target":{"@type":"EntryPoint","urlTemplate":"https:\/\/talkpal.ai\/es\/?s={search_term_string}"},"query-input":{"@type":"PropertyValueSpecification","valueRequired":true,"valueName":"search_term_string"}}],"inLanguage":"es"},{"@type":"Organization","@id":"https:\/\/talkpal.ai\/es\/#organization","name":"Talkpal, Inc.","alternateName":"Talkpal AI","url":"https:\/\/talkpal.ai\/es\/","logo":{"@type":"ImageObject","inLanguage":"es","@id":"https:\/\/talkpal.ai\/es\/#\/schema\/logo\/image\/","url":"https:\/\/talkpal.ai\/wp-content\/uploads\/2024\/03\/Talkpal-Logo-Icon.png","contentUrl":"https:\/\/talkpal.ai\/wp-content\/uploads\/2024\/03\/Talkpal-Logo-Icon.png","width":2880,"height":2880,"caption":"Talkpal, Inc."},"image":{"@id":"https:\/\/talkpal.ai\/es\/#\/schema\/logo\/image\/"},"sameAs":["https:\/\/www.facebook.com\/profile.php?id=100090733639311","https:\/\/x.com\/talkpalai","https:\/\/www.linkedin.com\/company\/talkpal\/","https:\/\/www.youtube.com\/@TalkPal\/","https:\/\/www.tiktok.com\/@talkpal","https:\/\/www.instagram.com\/talkpal_ai\/","https:\/\/www.crunchbase.com\/organization\/talkpal-9cde","https:\/\/www.g2.com\/products\/talkpal-for-business\/","https:\/\/www.trustpilot.com\/review\/talkpal.ai","https:\/\/www.capterra.com\/p\/10006800\/TalkPal\/"],"description":"Talkpal is a language learning web and mobile education app, powered by the latest AI technologies, that provides engaging experiences to its customers in many different languages to help them improve their language skills. Users can chat about unlimited amount of topics with the app and use other modes to practice their language learning.","email":"support@talkpal.ai","legalName":"Talkpal, Inc.","foundingDate":"2023-04-03","duns":"118989042","numberOfEmployees":{"@type":"QuantitativeValue","minValue":"11","maxValue":"50"},"publishingPrinciples":"https:\/\/talkpal.ai\/publishing-principles\/","actionableFeedbackPolicy":"https:\/\/talkpal.ai\/actionable-feedback-policy\/","correctionsPolicy":"https:\/\/talkpal.ai\/corrections-policy\/","ethicsPolicy":"https:\/\/talkpal.ai\/ethics-policy\/","diversityPolicy":"https:\/\/talkpal.ai\/diversity-policy\/","diversityStaffingReport":"https:\/\/talkpal.ai\/diversity-policy\/"}]}},"_links":{"self":[{"href":"https:\/\/talkpal.ai\/es\/wp-json\/wp\/v2\/pages\/994593","targetHints":{"allow":["GET"]}}],"collection":[{"href":"https:\/\/talkpal.ai\/es\/wp-json\/wp\/v2\/pages"}],"about":[{"href":"https:\/\/talkpal.ai\/es\/wp-json\/wp\/v2\/types\/page"}],"author":[{"embeddable":true,"href":"https:\/\/talkpal.ai\/es\/wp-json\/wp\/v2\/users\/6"}],"replies":[{"embeddable":true,"href":"https:\/\/talkpal.ai\/es\/wp-json\/wp\/v2\/comments?post=994593"}],"version-history":[{"count":0,"href":"https:\/\/talkpal.ai\/es\/wp-json\/wp\/v2\/pages\/994593\/revisions"}],"wp:featuredmedia":[{"embeddable":true,"href":"https:\/\/talkpal.ai\/es\/wp-json\/wp\/v2\/media\/197981"}],"wp:attachment":[{"href":"https:\/\/talkpal.ai\/es\/wp-json\/wp\/v2\/media?parent=994593"}],"curies":[{"name":"wp","href":"https:\/\/api.w.org\/{rel}","templated":true}]}}