{"id":9438,"date":"2023-04-03T14:56:00","date_gmt":"2023-04-03T14:56:00","guid":{"rendered":"http:\/\/talkpal.ai\/acerca-de\/"},"modified":"2026-03-06T16:33:36","modified_gmt":"2026-03-06T16:33:36","slug":"acerca-de","status":"publish","type":"page","link":"https:\/\/talkpal.ai\/es\/acerca-de\/","title":{"rendered":"Acerca de"},"content":{"rendered":"\n<p id=\"h-\"><a href=\"https:\/\/talkpal.ai\/ko\/ai-%ec%96%b8%ec%96%b4-%ea%b5%90%ec%82%ac\/\">Talkpal<\/a>, Inc. es una empresa de <a href=\"https:\/\/talkpal.ai\/es\/el-aprendizaje-de-idiomas-en-el-aula-vs-el-autoaprendizaje\/\">aprendizaje de idiomas<\/a> impulsada por IA, cuya misi\u00f3n es hacer que hablar cualquier idioma sea accesible para todos, en todas partes. Talkpal desarrolla una de las plataformas de tutor\u00eda ling\u00fc\u00edstica con IA m\u00e1s avanzadas del mundo, que ayuda a millones de alumnos a practicar conversaciones reales con confianza.<\/p>\n\n<p>Fundada en 2023, Talkpal se bas\u00f3 en una creencia simple pero poderosa: el aprendizaje de idiomas no debe ser un privilegio y debe ser accesible para todos. Al combinar la <a href=\"https:\/\/talkpal.ai\/es\/descubre-el-futuro-con-la-mejor-inteligencia-artificial-talk\/\">inteligencia artificial<\/a> de vanguardia con la experiencia y la investigaci\u00f3n ling\u00fc\u00edsticas, Talkpal elimina barreras tradicionales <a href=\"https:\/\/talkpal.ai\/locations\/language-courses-in-como\/\">como<\/a> el coste, el tiempo y el miedo a hablar, sustituy\u00e9ndolas por una pr\u00e1ctica personalizada y sin presiones, disponible en multiplataforma 24 horas al d\u00eda, 7 d\u00edas a la semana.<\/p>\n\n<p>En la actualidad, Talkpal es compatible con m\u00e1s de 80 idiomas, da servicio a millones de alumnos de m\u00e1s de 180 pa\u00edses y est\u00e1 disponible en Internet, <a href=\"https:\/\/talkpal.ai\/es\/descargar-la-aplicacion-talkpal-para-android-e-ios\/\">iOS<\/a> y <a href=\"https:\/\/talkpal.ai\/es\/descargar-la-aplicacion-talkpal-para-android-e-ios\/\">Android<\/a>.<\/p>\n\n<h2 class=\"wp-block-heading\" id=\"h-our-mission\">Nuestra misi\u00f3n<\/h2>\n\n<p>Nuestra misi\u00f3n es revolucionar el aprendizaje de idiomas proporcionando una experiencia de tutor\u00eda ling\u00fc\u00edstica atractiva, interactiva y personalizada impulsada por la IA.<br\/><br\/>Nos esforzamos por derribar las barreras ling\u00fc\u00edsticas, fomentar las conexiones globales y cultivar una comunidad de <a href=\"https:\/\/talkpal.ai\/talkpal-discount-for-students\/\">estudiantes<\/a> apasionados, capacit\u00e1ndoles para comunicarse con confianza y fluidez en el idioma elegido.<\/p>\n\n<h2 class=\"wp-block-heading\" id=\"h-our-vision\">Nuestra visi\u00f3n<\/h2>\n\n<p>Nuestra visi\u00f3n es convertirnos en el principal tutor ling\u00fc\u00edstico de IA del mundo, transformando la forma en que las personas aprenden idiomas mediante conversaciones inmersivas basadas en el contexto y tecnolog\u00eda de aprendizaje adaptativo.<br\/><br\/>Nuestro objetivo es inspirar y alimentar el amor por el aprendizaje de idiomas, fomentando el intercambio cultural y colmando las lagunas de comunicaci\u00f3n entre fronteras para, en \u00faltima instancia, dar forma a un mundo m\u00e1s conectado y comprensivo.<\/p>\n\n<h2 class=\"wp-block-heading\" id=\"h-our-story\">Nuestra historia<\/h2>\n\n<p>Talkpal fue fundada por <a href=\"https:\/\/talkpal.ai\/locations\/language-courses-in-david\/\">David<\/a> Gegechkori (foto de la izquierda) y Dimitri Dekanozishvili (foto de la derecha), impulsados por una frustraci\u00f3n compartida con los m\u00e9todos tradicionales de aprendizaje de idiomas, que a menudo no preparan a los alumnos para hablar en el mundo real.<\/p>\n\n<div class=\"wp-block-columns is-layout-flex wp-container-core-columns-is-layout-9d6595d7 wp-block-columns-is-layout-flex\">\n<div class=\"wp-block-column is-layout-flow wp-block-column-is-layout-flow\" style=\"flex-basis:50%\"><div class=\"wp-block-image\">\n<figure class=\"alignleft size-large\"><img decoding=\"async\" width=\"1024\" height=\"683\" src=\"https:\/\/talkpal.ai\/wp-content\/uploads\/2025\/12\/Talkpal-Entrepreneur-1024x683.jpg\" alt=\"\" class=\"wp-image-1557444\" style=\"aspect-ratio:1.4992888417882142\" srcset=\"https:\/\/talkpal.ai\/wp-content\/uploads\/2025\/12\/Talkpal-Entrepreneur-1024x683.jpg 1024w, https:\/\/talkpal.ai\/wp-content\/uploads\/2025\/12\/Talkpal-Entrepreneur-300x200.jpg 300w, https:\/\/talkpal.ai\/wp-content\/uploads\/2025\/12\/Talkpal-Entrepreneur-768x512.jpg 768w, https:\/\/talkpal.ai\/wp-content\/uploads\/2025\/12\/Talkpal-Entrepreneur.jpg 1344w\" sizes=\"(max-width: 1024px) 100vw, 1024px\" \/><\/figure>\n<\/div><\/div>\n\n\n\n<div class=\"wp-block-column is-layout-flow wp-block-column-is-layout-flow\" style=\"flex-basis:50%\">\n<p>Desde el principio, el objetivo estaba claro: crear un compa\u00f1ero de idiomas con inteligencia artificial que se pareciera menos a un libro de texto y m\u00e1s a un compa\u00f1ero de conversaci\u00f3n que te apoyara. El nombre \u00abTalkpal\u00bb refleja esta filosof\u00eda: un compa\u00f1ero amable y siempre disponible que anima a los alumnos a practicar la expresi\u00f3n oral sin miedo a ser juzgados.<\/p>\n\n\n\n<p>Talkpal, que empez\u00f3 como un producto basado en la web, se expandi\u00f3 r\u00e1pidamente a las plataformas m\u00f3viles, reuniendo a un equipo mundial de ingenieros de IA, ling\u00fcistas, educadores, comercializadores y dise\u00f1adores de productos. Mediante la iteraci\u00f3n continua, la investigaci\u00f3n y los comentarios de los usuarios, Talkpal evolucion\u00f3 hasta convertirse en una completa plataforma de aprendizaje de idiomas con IA en la que conf\u00edan millones de personas de todo el mundo.<\/p>\n<\/div>\n<\/div>\n\n<h2 class=\"wp-block-heading\" id=\"h-what-we-do\">Qu\u00e9 hacemos<\/h2>\n\n<p>Talkpal proporciona experiencias de aprendizaje de texto y voz basadas en IA y dise\u00f1adas para simular la interacci\u00f3n humana real. Nuestra plataforma se adapta din\u00e1micamente al nivel, los objetivos y el estilo de aprendizaje de cada alumno.<\/p>\n\n<p>Las capacidades clave incluyen:<\/p>\n\n<ul class=\"wp-block-list\">\n<li>Conversaciones naturales con IA para practicar la expresi\u00f3n oral<\/li>\n\n\n\n<li>Comentarios en tiempo real sobre pronunciaci\u00f3n, gram\u00e1tica y fluidez<\/li>\n\n\n\n<li>Ayuda para principiantes y avanzados<\/li>\n\n\n\n<li>Lecciones en m\u00e1s de 80 lenguas de todo el mundo, como ingl\u00e9s, espa\u00f1ol, alem\u00e1n, franc\u00e9s, italiano, japon\u00e9s, chino, coreano, \u00e1rabe, neerland\u00e9s, portugu\u00e9s, sueco, hebreo, griego, turco, fin\u00e9s y afrikaans, alban\u00e9s, armenio, asam\u00e9s, azerbaiyano, vasco, bielorruso, bengal\u00ed, bosnio, b\u00falgaro, birmano, canton\u00e9s, catal\u00e1n, croata, checo, dan\u00e9s, estonio, gallego, georgiano, gujarati, hindi, h\u00fangaro, island\u00e9s, indonesio, irland\u00e9s, javan\u00e9s, canar\u00e9s, kazajo, jemer, lao, let\u00f3n, lituano, macedonio, malayo, malayalam, malt\u00e9s, maor\u00ed, marathi, mongol, nepal\u00ed, noruego, odia, past\u00fan, persa, polaco, punyab\u00ed, rumano, ruso, serbio, cingal\u00e9s, eslovaco, esloveno, somal\u00ed, suajili, tagalo, tamil, telugu, tailand\u00e9s, ucraniano, urdu, uzbeko, vietnamita, gal\u00e9s, zul\u00fa y muchos m\u00e1s.<\/li>\n\n\n\n<li>Un modelo freemium con planes de suscripci\u00f3n flexibles<\/li>\n\n\n\n<li>Soluciones empresariales espec\u00edficas para universidades, escuelas de idiomas, empresas y otras organizaciones<\/li>\n<\/ul>\n\n<p>Nuestros contenidos y sistemas se desarrollan en colaboraci\u00f3n con expertos en idiomas e investigadores en IA, lo que garantiza tanto la solidez pedag\u00f3gica como la excelencia t\u00e9cnica.<\/p>\n\n<h2 class=\"wp-block-heading\" id=\"h-research-backed-learning\">Aprendizaje basado en la investigaci\u00f3n<\/h2>\n\n<p>La eficacia de Talkpal se ha examinado en m\u00faltiples estudios acad\u00e9micos, sobre todo en contextos de ESL y EFL. Las investigaciones han demostrado mejoras estad\u00edsticamente significativas en la fluidez, la pronunciaci\u00f3n, la gram\u00e1tica y la confianza de los alumnos cuando utilizan herramientas conversacionales basadas en IA, como Talkpal.<\/p>\n\n<p>Este enfoque basado en la investigaci\u00f3n sustenta nuestro compromiso de crear no s\u00f3lo tecnolog\u00eda innovadora, sino experiencias de aprendizaje de idiomas mensurablemente eficaces.<\/p>\n\n<h2 class=\"wp-block-heading\" id=\"h-trusted-by-learners-worldwide\">Con la confianza de estudiantes de todo el mundo<\/h2>\n\n<p>Millones de usuarios de todo el mundo conf\u00edan en Talkpal, que siempre recibe buenas puntuaciones en las tiendas de aplicaciones y en las plataformas de evaluaci\u00f3n. Los alumnos destacan con frecuencia:<\/p>\n\n<ul class=\"wp-block-list\">\n<li>Un entorno sin presiones para practicar la expresi\u00f3n oral<\/li>\n\n\n\n<li>Informaci\u00f3n inmediata y pr\u00e1ctica<\/li>\n\n\n\n<li>Flexibilidad para aprender en cualquier momento y lugar<\/li>\n\n\n\n<li>La posibilidad de practicar sin necesidad de un compa\u00f1ero ling\u00fc\u00edstico humano<\/li>\n<\/ul>\n\n<h2 class=\"wp-block-heading\" id=\"h-our-commitment\">Nuestro compromiso<\/h2>\n\n<p>En Talkpal, nos comprometemos a:<\/p>\n\n<ul class=\"wp-block-list\">\n<li><strong>Innovaci\u00f3n<\/strong>: avances continuos en IA y tecnolog\u00eda educativa<\/li>\n\n\n\n<li><strong>Calidad<\/strong>: experiencias de aprendizaje respaldadas por la investigaci\u00f3n<\/li>\n\n\n\n<li><strong>Accesibilidad<\/strong>: aprendizaje de idiomas asequible e inclusivo para todos<\/li>\n\n\n\n<li><strong>Impacto global<\/strong>: potenciar la comunicaci\u00f3n entre culturas<\/li>\n<\/ul>\n\n<p>Creemos que el lenguaje tiene el poder de cambiar vidas, y con la IA, ese poder puede llegar a todos.<\/p>\n\n<p><\/p>\n","protected":false},"excerpt":{"rendered":"<p>Talkpal, Inc. es una empresa de aprendizaje de idiomas impulsada por IA, cuya misi\u00f3n es hacer que hablar cualquier idioma sea accesible para todos, en todas partes. Talkpal desarrolla una de las plataformas de tutor\u00eda ling\u00fc\u00edstica con IA m\u00e1s avanzadas del mundo, que ayuda a millones de alumnos a practicar conversaciones reales con confianza. Fundada [&hellip;]<\/p>\n","protected":false},"author":1,"featured_media":197981,"parent":0,"menu_order":0,"comment_status":"closed","ping_status":"closed","template":"","meta":{"_acf_changed":false,"footnotes":""},"class_list":["post-9438","page","type-page","status-publish","has-post-thumbnail","hentry"],"acf":[],"yoast_head":"<!-- This site is optimized with the Yoast SEO Premium plugin v27.2 (Yoast SEO v27.2) - https:\/\/yoast.com\/product\/yoast-seo-premium-wordpress\/ -->\n<title>Acerca de - Talkpal<\/title>\n<meta name=\"description\" content=\"Talkpal es un tutor de idiomas basado en IA impulsado por GPT, fundado con la convicci\u00f3n de que el aprendizaje de idiomas debe ser accesible para todos.\" \/>\n<meta name=\"robots\" content=\"index, follow, max-snippet:-1, max-image-preview:large, max-video-preview:-1\" \/>\n<link rel=\"canonical\" href=\"https:\/\/talkpal.ai\/es\/acerca-de\/\" \/>\n<meta property=\"og:locale\" content=\"es_ES\" \/>\n<meta property=\"og:type\" content=\"article\" \/>\n<meta property=\"og:title\" content=\"Acerca de\" \/>\n<meta property=\"og:description\" content=\"Talkpal, Inc. es una empresa de aprendizaje de idiomas impulsada por IA, cuya misi\u00f3n es hacer que hablar cualquier idioma sea accesible para todos, en\" \/>\n<meta property=\"og:url\" content=\"https:\/\/talkpal.ai\/es\/acerca-de\/\" \/>\n<meta property=\"og:site_name\" content=\"Talkpal\" \/>\n<meta property=\"article:publisher\" content=\"https:\/\/www.facebook.com\/profile.php?id=100090733639311\" \/>\n<meta property=\"article:modified_time\" content=\"2026-03-06T16:33:36+00:00\" \/>\n<meta property=\"og:image\" content=\"https:\/\/talkpal.ai\/wp-content\/uploads\/2024\/03\/Talkpal-Logo-Icon.png\" \/>\n\t<meta property=\"og:image:width\" content=\"5000\" \/>\n\t<meta property=\"og:image:height\" content=\"5000\" \/>\n\t<meta property=\"og:image:type\" content=\"image\/png\" \/>\n<meta name=\"twitter:card\" content=\"summary_large_image\" \/>\n<meta name=\"twitter:site\" content=\"@talkpalai\" \/>\n<meta name=\"twitter:label1\" content=\"Tiempo de lectura\" \/>\n\t<meta name=\"twitter:data1\" content=\"5 minutos\" \/>\n<script type=\"application\/ld+json\" class=\"yoast-schema-graph\">{\"@context\":\"https:\/\/schema.org\",\"@graph\":[{\"@type\":\"WebPage\",\"@id\":\"https:\/\/talkpal.ai\/es\/acerca-de\/\",\"url\":\"https:\/\/talkpal.ai\/es\/acerca-de\/\",\"name\":\"Acerca de - Talkpal\",\"isPartOf\":{\"@id\":\"https:\/\/talkpal.ai\/es\/#website\"},\"primaryImageOfPage\":{\"@id\":\"https:\/\/talkpal.ai\/es\/acerca-de\/#primaryimage\"},\"image\":{\"@id\":\"https:\/\/talkpal.ai\/es\/acerca-de\/#primaryimage\"},\"thumbnailUrl\":\"https:\/\/talkpal.ai\/wp-content\/uploads\/2024\/03\/Talkpal-Logo-Icon.png\",\"datePublished\":\"2023-04-03T14:56:00+00:00\",\"dateModified\":\"2026-03-06T16:33:36+00:00\",\"description\":\"Talkpal es un tutor de idiomas basado en IA impulsado por GPT, fundado con la convicci\u00f3n de que el aprendizaje de idiomas debe ser accesible para todos.\",\"breadcrumb\":{\"@id\":\"https:\/\/talkpal.ai\/es\/acerca-de\/#breadcrumb\"},\"inLanguage\":\"es\",\"potentialAction\":[{\"@type\":\"ReadAction\",\"target\":[\"https:\/\/talkpal.ai\/es\/acerca-de\/\"]}]},{\"@type\":\"ImageObject\",\"inLanguage\":\"es\",\"@id\":\"https:\/\/talkpal.ai\/es\/acerca-de\/#primaryimage\",\"url\":\"https:\/\/talkpal.ai\/wp-content\/uploads\/2024\/03\/Talkpal-Logo-Icon.png\",\"contentUrl\":\"https:\/\/talkpal.ai\/wp-content\/uploads\/2024\/03\/Talkpal-Logo-Icon.png\",\"width\":5000,\"height\":5000,\"caption\":\"Logotipo de Talkpal sin marca de palabra\"},{\"@type\":\"BreadcrumbList\",\"@id\":\"https:\/\/talkpal.ai\/es\/acerca-de\/#breadcrumb\",\"itemListElement\":[{\"@type\":\"ListItem\",\"position\":1,\"name\":\"Homepage\",\"item\":\"https:\/\/talkpal.ai\/es\/\"},{\"@type\":\"ListItem\",\"position\":2,\"name\":\"Acerca de\"}]},{\"@type\":\"WebSite\",\"@id\":\"https:\/\/talkpal.ai\/es\/#website\",\"url\":\"https:\/\/talkpal.ai\/es\/\",\"name\":\"Talkpal\",\"description\":\"AI Language Learning\",\"publisher\":{\"@id\":\"https:\/\/talkpal.ai\/es\/#organization\"},\"alternateName\":\"Talkpal AI\",\"potentialAction\":[{\"@type\":\"SearchAction\",\"target\":{\"@type\":\"EntryPoint\",\"urlTemplate\":\"https:\/\/talkpal.ai\/es\/?s={search_term_string}\"},\"query-input\":{\"@type\":\"PropertyValueSpecification\",\"valueRequired\":true,\"valueName\":\"search_term_string\"}}],\"inLanguage\":\"es\"},{\"@type\":\"Organization\",\"@id\":\"https:\/\/talkpal.ai\/es\/#organization\",\"name\":\"Talkpal, Inc.\",\"alternateName\":\"Talkpal AI\",\"url\":\"https:\/\/talkpal.ai\/es\/\",\"logo\":{\"@type\":\"ImageObject\",\"inLanguage\":\"es\",\"@id\":\"https:\/\/talkpal.ai\/es\/#\/schema\/logo\/image\/\",\"url\":\"https:\/\/talkpal.ai\/wp-content\/uploads\/2024\/03\/Talkpal-Logo-Icon.png\",\"contentUrl\":\"https:\/\/talkpal.ai\/wp-content\/uploads\/2024\/03\/Talkpal-Logo-Icon.png\",\"width\":2880,\"height\":2880,\"caption\":\"Talkpal, Inc.\"},\"image\":{\"@id\":\"https:\/\/talkpal.ai\/es\/#\/schema\/logo\/image\/\"},\"sameAs\":[\"https:\/\/www.facebook.com\/profile.php?id=100090733639311\",\"https:\/\/x.com\/talkpalai\",\"https:\/\/www.linkedin.com\/company\/talkpal\/\",\"https:\/\/www.youtube.com\/@TalkPal\/\",\"https:\/\/www.tiktok.com\/@talkpal\",\"https:\/\/www.instagram.com\/talkpal_ai\/\",\"https:\/\/www.crunchbase.com\/organization\/talkpal-9cde\",\"https:\/\/www.g2.com\/products\/talkpal-for-business\/\",\"https:\/\/www.trustpilot.com\/review\/talkpal.ai\",\"https:\/\/www.capterra.com\/p\/10006800\/TalkPal\/\"],\"description\":\"Talkpal is a language learning web and mobile education app, powered by the latest AI technologies, that provides engaging experiences to its customers in many different languages to help them improve their language skills. Users can chat about unlimited amount of topics with the app and use other modes to practice their language learning.\",\"email\":\"support@talkpal.ai\",\"legalName\":\"Talkpal, Inc.\",\"foundingDate\":\"2023-04-03\",\"duns\":\"118989042\",\"numberOfEmployees\":{\"@type\":\"QuantitativeValue\",\"minValue\":\"11\",\"maxValue\":\"50\"},\"publishingPrinciples\":\"https:\/\/talkpal.ai\/publishing-principles\/\",\"actionableFeedbackPolicy\":\"https:\/\/talkpal.ai\/actionable-feedback-policy\/\",\"correctionsPolicy\":\"https:\/\/talkpal.ai\/corrections-policy\/\",\"ethicsPolicy\":\"https:\/\/talkpal.ai\/ethics-policy\/\",\"diversityPolicy\":\"https:\/\/talkpal.ai\/diversity-policy\/\",\"diversityStaffingReport\":\"https:\/\/talkpal.ai\/diversity-policy\/\"}]}<\/script>\n<!-- \/ Yoast SEO Premium plugin. -->","yoast_head_json":{"title":"Acerca de - Talkpal","description":"Talkpal es un tutor de idiomas basado en IA impulsado por GPT, fundado con la convicci\u00f3n de que el aprendizaje de idiomas debe ser accesible para todos.","robots":{"index":"index","follow":"follow","max-snippet":"max-snippet:-1","max-image-preview":"max-image-preview:large","max-video-preview":"max-video-preview:-1"},"canonical":"https:\/\/talkpal.ai\/es\/acerca-de\/","og_locale":"es_ES","og_type":"article","og_title":"Acerca de","og_description":"Talkpal, Inc. es una empresa de aprendizaje de idiomas impulsada por IA, cuya misi\u00f3n es hacer que hablar cualquier idioma sea accesible para todos, en","og_url":"https:\/\/talkpal.ai\/es\/acerca-de\/","og_site_name":"Talkpal","article_publisher":"https:\/\/www.facebook.com\/profile.php?id=100090733639311","article_modified_time":"2026-03-06T16:33:36+00:00","og_image":[{"width":5000,"height":5000,"url":"https:\/\/talkpal.ai\/wp-content\/uploads\/2024\/03\/Talkpal-Logo-Icon.png","type":"image\/png"}],"twitter_card":"summary_large_image","twitter_site":"@talkpalai","twitter_misc":{"Tiempo de lectura":"5 minutos"},"schema":{"@context":"https:\/\/schema.org","@graph":[{"@type":"WebPage","@id":"https:\/\/talkpal.ai\/es\/acerca-de\/","url":"https:\/\/talkpal.ai\/es\/acerca-de\/","name":"Acerca de - Talkpal","isPartOf":{"@id":"https:\/\/talkpal.ai\/es\/#website"},"primaryImageOfPage":{"@id":"https:\/\/talkpal.ai\/es\/acerca-de\/#primaryimage"},"image":{"@id":"https:\/\/talkpal.ai\/es\/acerca-de\/#primaryimage"},"thumbnailUrl":"https:\/\/talkpal.ai\/wp-content\/uploads\/2024\/03\/Talkpal-Logo-Icon.png","datePublished":"2023-04-03T14:56:00+00:00","dateModified":"2026-03-06T16:33:36+00:00","description":"Talkpal es un tutor de idiomas basado en IA impulsado por GPT, fundado con la convicci\u00f3n de que el aprendizaje de idiomas debe ser accesible para todos.","breadcrumb":{"@id":"https:\/\/talkpal.ai\/es\/acerca-de\/#breadcrumb"},"inLanguage":"es","potentialAction":[{"@type":"ReadAction","target":["https:\/\/talkpal.ai\/es\/acerca-de\/"]}]},{"@type":"ImageObject","inLanguage":"es","@id":"https:\/\/talkpal.ai\/es\/acerca-de\/#primaryimage","url":"https:\/\/talkpal.ai\/wp-content\/uploads\/2024\/03\/Talkpal-Logo-Icon.png","contentUrl":"https:\/\/talkpal.ai\/wp-content\/uploads\/2024\/03\/Talkpal-Logo-Icon.png","width":5000,"height":5000,"caption":"Logotipo de Talkpal sin marca de palabra"},{"@type":"BreadcrumbList","@id":"https:\/\/talkpal.ai\/es\/acerca-de\/#breadcrumb","itemListElement":[{"@type":"ListItem","position":1,"name":"Homepage","item":"https:\/\/talkpal.ai\/es\/"},{"@type":"ListItem","position":2,"name":"Acerca de"}]},{"@type":"WebSite","@id":"https:\/\/talkpal.ai\/es\/#website","url":"https:\/\/talkpal.ai\/es\/","name":"Talkpal","description":"AI Language Learning","publisher":{"@id":"https:\/\/talkpal.ai\/es\/#organization"},"alternateName":"Talkpal AI","potentialAction":[{"@type":"SearchAction","target":{"@type":"EntryPoint","urlTemplate":"https:\/\/talkpal.ai\/es\/?s={search_term_string}"},"query-input":{"@type":"PropertyValueSpecification","valueRequired":true,"valueName":"search_term_string"}}],"inLanguage":"es"},{"@type":"Organization","@id":"https:\/\/talkpal.ai\/es\/#organization","name":"Talkpal, Inc.","alternateName":"Talkpal AI","url":"https:\/\/talkpal.ai\/es\/","logo":{"@type":"ImageObject","inLanguage":"es","@id":"https:\/\/talkpal.ai\/es\/#\/schema\/logo\/image\/","url":"https:\/\/talkpal.ai\/wp-content\/uploads\/2024\/03\/Talkpal-Logo-Icon.png","contentUrl":"https:\/\/talkpal.ai\/wp-content\/uploads\/2024\/03\/Talkpal-Logo-Icon.png","width":2880,"height":2880,"caption":"Talkpal, Inc."},"image":{"@id":"https:\/\/talkpal.ai\/es\/#\/schema\/logo\/image\/"},"sameAs":["https:\/\/www.facebook.com\/profile.php?id=100090733639311","https:\/\/x.com\/talkpalai","https:\/\/www.linkedin.com\/company\/talkpal\/","https:\/\/www.youtube.com\/@TalkPal\/","https:\/\/www.tiktok.com\/@talkpal","https:\/\/www.instagram.com\/talkpal_ai\/","https:\/\/www.crunchbase.com\/organization\/talkpal-9cde","https:\/\/www.g2.com\/products\/talkpal-for-business\/","https:\/\/www.trustpilot.com\/review\/talkpal.ai","https:\/\/www.capterra.com\/p\/10006800\/TalkPal\/"],"description":"Talkpal is a language learning web and mobile education app, powered by the latest AI technologies, that provides engaging experiences to its customers in many different languages to help them improve their language skills. Users can chat about unlimited amount of topics with the app and use other modes to practice their language learning.","email":"support@talkpal.ai","legalName":"Talkpal, Inc.","foundingDate":"2023-04-03","duns":"118989042","numberOfEmployees":{"@type":"QuantitativeValue","minValue":"11","maxValue":"50"},"publishingPrinciples":"https:\/\/talkpal.ai\/publishing-principles\/","actionableFeedbackPolicy":"https:\/\/talkpal.ai\/actionable-feedback-policy\/","correctionsPolicy":"https:\/\/talkpal.ai\/corrections-policy\/","ethicsPolicy":"https:\/\/talkpal.ai\/ethics-policy\/","diversityPolicy":"https:\/\/talkpal.ai\/diversity-policy\/","diversityStaffingReport":"https:\/\/talkpal.ai\/diversity-policy\/"}]}},"_links":{"self":[{"href":"https:\/\/talkpal.ai\/es\/wp-json\/wp\/v2\/pages\/9438","targetHints":{"allow":["GET"]}}],"collection":[{"href":"https:\/\/talkpal.ai\/es\/wp-json\/wp\/v2\/pages"}],"about":[{"href":"https:\/\/talkpal.ai\/es\/wp-json\/wp\/v2\/types\/page"}],"author":[{"embeddable":true,"href":"https:\/\/talkpal.ai\/es\/wp-json\/wp\/v2\/users\/1"}],"replies":[{"embeddable":true,"href":"https:\/\/talkpal.ai\/es\/wp-json\/wp\/v2\/comments?post=9438"}],"version-history":[{"count":0,"href":"https:\/\/talkpal.ai\/es\/wp-json\/wp\/v2\/pages\/9438\/revisions"}],"wp:featuredmedia":[{"embeddable":true,"href":"https:\/\/talkpal.ai\/es\/wp-json\/wp\/v2\/media\/197981"}],"wp:attachment":[{"href":"https:\/\/talkpal.ai\/es\/wp-json\/wp\/v2\/media?parent=9438"}],"curies":[{"name":"wp","href":"https:\/\/api.w.org\/{rel}","templated":true}]}}