{"id":85210,"date":"2023-12-05T11:40:43","date_gmt":"2023-12-05T11:40:43","guid":{"rendered":"http:\/\/talkpal.ai\/certificados-de-idioma-aleman\/"},"modified":"2026-01-07T15:05:11","modified_gmt":"2026-01-07T15:05:11","slug":"certificados-de-idioma-aleman","status":"publish","type":"page","link":"https:\/\/talkpal.ai\/es\/certificados-de-idioma-aleman\/","title":{"rendered":"Certificados de Idioma Alem\u00e1n"},"content":{"rendered":"\r\n\r\n\r\n<section class=\"languageChallengeSection\">\r\n    <div class=\"languageInfoWrapper\">\r\n        \r\n        <h1>Certificados de Idioma Alem\u00e1n<\/h1>\r\n        <p>Talkpal es una aplicaci\u00f3n de aprendizaje de idiomas generada por IA que puede ayudar a los usuarios a prepararse para estos ex\u00e1menes de ingl\u00e9s. Con un enfoque principal en mejorar las habilidades de habla y escucha, Talkpal proporciona conversaciones interactivas realistas y pr\u00e1ctica de pronunciaci\u00f3n. Su naturaleza de IA permite un feedback personalizado, ayudando a los usuarios a comprender sus progresos y las \u00e1reas en las que deben mejorar. El dominio del idioma alem\u00e1n a menudo se eval\u00faa a trav\u00e9s de varios ex\u00e1menes como el TestDaF, Goethe-Zertifikat, DSH, \u00d6SD y telc. Estos ex\u00e1menes proporcionan una evaluaci\u00f3n de las capacidades de un hablante no nativo en el idioma alem\u00e1n y son ampliamente reconocidos como certificados formales de competencia. Cada prueba tiene caracter\u00edsticas espec\u00edficas que la diferencian de otras en t\u00e9rminos del nivel de competencia ling\u00fc\u00edstica, el uso de la aplicaci\u00f3n y el sistema de puntuaci\u00f3n.<\/p>\r\n\r\n                \r\n    <\/div>\r\n\r\n    <figure>\r\n    <img decoding=\"async\" width=\"768\" height=\"768\" src=\"https:\/\/talkpal.ai\/wp-content\/uploads\/2026\/01\/group-with-phone-in-circle-768x768.webp\" class=\"languageImage no-lazy\" alt=\"Default alt text\" fetchpriority=\"high\" sizes=\"(max-width: 768px) 150px, 768px\" srcset=\"https:\/\/talkpal.ai\/wp-content\/uploads\/2026\/01\/group-with-phone-in-circle-768x768.webp 768w, https:\/\/talkpal.ai\/wp-content\/uploads\/2026\/01\/group-with-phone-in-circle-300x300.webp 300w\" \/>\r\n    \r\n\r\n    <\/figure>\r\n\r\n    \r\n<\/section>\n<div class=\"wp-block-group pageContainerStyle\"><div class=\"wp-block-group__inner-container is-layout-constrained wp-block-group-is-layout-constrained\">\n<h2 class=\"wp-block-heading\" id=\"h-german-language-certificates\">Certificados de Idioma Alem\u00e1n<\/h2>\n\n\n\r\n                    <div class=\"methodWraper\">\r\n            <div class=\"methodContent\">\r\n                <img decoding=\"async\" src=\"https:\/\/talkpal.ai\/wp-content\/uploads\/2025\/05\/check_icon.png\" alt=\"Checkmark Icon\">\r\n                <h3>TestDaF:<\/h3>\r\n            <\/div>\r\n            <p>TestDaF (Test Deutsch als Fremdsprache): Se trata de una prueba estandarizada dise\u00f1ada para estudiantes extranjeros de alem\u00e1n que planean estudiar o realizar investigaciones en Alemania. El examen eval\u00faa la competencia del candidato en los cuatro aspectos del aprendizaje de idiomas: lectura, escritura, comprensi\u00f3n auditiva y expresi\u00f3n oral.<\/p>\r\n        <\/div>\r\n                    <div class=\"methodWraper\">\r\n            <div class=\"methodContent\">\r\n                <img decoding=\"async\" src=\"https:\/\/talkpal.ai\/wp-content\/uploads\/2025\/05\/check_icon.png\" alt=\"Checkmark Icon\">\r\n                <h3>Goethe-Zertifikat:<\/h3>\r\n            <\/div>\r\n            <p>Goethe-Zertifikat es reconocido en todo el mundo, la prueba Goethe-Zertifikat tiene varios niveles diferentes para adaptarse al nivel de competencia de diferentes alumnos. Se divide a su vez en seis m\u00f3dulos: A1 (principiante), A2, B1, B2, C1 y C2 (superior).<\/p>\r\n        <\/div>\r\n                    <div class=\"methodWraper\">\r\n            <div class=\"methodContent\">\r\n                <img decoding=\"async\" src=\"https:\/\/talkpal.ai\/wp-content\/uploads\/2025\/05\/check_icon.png\" alt=\"Checkmark Icon\">\r\n                <h3>DSH:<\/h3>\r\n            <\/div>\r\n            <p>DSH (Deutsche Sprachpr\u00fcfung f\u00fcr den Hochschulzugang): Este examen est\u00e1 dirigido a aquellos que desean estudiar en una universidad alemana y necesitan demostrar su dominio del idioma. Por lo general, el DSH se ofrece a trav\u00e9s de las universidades, y la nota de aprobaci\u00f3n suele ser bastante alta.<\/p>\r\n        <\/div>\r\n                    <div class=\"methodWraper\">\r\n            <div class=\"methodContent\">\r\n                <img decoding=\"async\" src=\"https:\/\/talkpal.ai\/wp-content\/uploads\/2025\/05\/check_icon.png\" alt=\"Checkmark Icon\">\r\n                <h3>\u00d6SD:<\/h3>\r\n            <\/div>\r\n            <p>\u00d6SD (\u00d6sterreichisches Sprachdiplom Deutsch): Un certificado \u00d6SD proporciona una prueba reconocida internacionalmente de la capacidad ling\u00fc\u00edstica de alem\u00e1n. Con diferentes ex\u00e1menes para adaptarse a diferentes niveles de competencia, es una opci\u00f3n popular entre los estudiantes que buscan una amplia comprensi\u00f3n del idioma alem\u00e1n.<\/p>\r\n        <\/div>\r\n                    <div class=\"methodWraper\">\r\n            <div class=\"methodContent\">\r\n                <img decoding=\"async\" src=\"https:\/\/talkpal.ai\/wp-content\/uploads\/2025\/05\/check_icon.png\" alt=\"Checkmark Icon\">\r\n                <h3>Telc:<\/h3>\r\n            <\/div>\r\n            <p>telc (Los Certificados Europeos de Idiomas): Este es otro sistema estandarizado internacional para examinar la competencia ling\u00fc\u00edstica. telc ofrece certificaciones para todos los niveles, que van desde A1 hasta C2. La atenci\u00f3n se centra en la vida cotidiana y en los escenarios laborales, lo que hace que el certificado sea especialmente \u00fatil para quienes buscan empleo en pa\u00edses de habla alemana.<\/p>\r\n        <\/div>\r\n    <\/div><\/div>\n","protected":false},"excerpt":{"rendered":"<p>Certificados de Idioma Alem\u00e1n<\/p>\n","protected":false},"author":8,"featured_media":665,"parent":0,"menu_order":0,"comment_status":"closed","ping_status":"closed","template":"simpleContentPage.php","meta":{"_acf_changed":false,"footnotes":""},"class_list":["post-85210","page","type-page","status-publish","has-post-thumbnail","hentry"],"acf":[],"yoast_head":"<!-- This site is optimized with the Yoast SEO Premium plugin v27.2 (Yoast SEO v27.2) - https:\/\/yoast.com\/product\/yoast-seo-premium-wordpress\/ -->\n<title>Certificados de Idioma Alem\u00e1n - Talkpal<\/title>\n<meta name=\"description\" content=\"Obtenga certificados de alem\u00e1n reconocidos: valide sus habilidades y acelere su carrera.\" \/>\n<meta name=\"robots\" content=\"index, follow, max-snippet:-1, max-image-preview:large, max-video-preview:-1\" \/>\n<link rel=\"canonical\" href=\"https:\/\/talkpal.ai\/es\/certificados-de-idioma-aleman\/\" \/>\n<meta property=\"og:locale\" content=\"es_ES\" \/>\n<meta property=\"og:type\" content=\"article\" \/>\n<meta property=\"og:title\" content=\"Certificados de Idioma Alem\u00e1n\" \/>\n<meta property=\"og:description\" content=\"Certificados de Idioma Alem\u00e1n\" \/>\n<meta property=\"og:url\" content=\"https:\/\/talkpal.ai\/es\/certificados-de-idioma-aleman\/\" \/>\n<meta property=\"og:site_name\" content=\"Talkpal\" \/>\n<meta property=\"article:publisher\" content=\"https:\/\/www.facebook.com\/profile.php?id=100090733639311\" \/>\n<meta property=\"article:modified_time\" content=\"2026-01-07T15:05:11+00:00\" \/>\n<meta property=\"og:image\" content=\"https:\/\/talkpal.ai\/wp-content\/uploads\/2023\/03\/germany.png\" \/>\n\t<meta property=\"og:image:width\" content=\"512\" \/>\n\t<meta property=\"og:image:height\" content=\"512\" \/>\n\t<meta property=\"og:image:type\" content=\"image\/png\" \/>\n<meta name=\"twitter:card\" content=\"summary_large_image\" \/>\n<meta name=\"twitter:site\" content=\"@talkpalai\" \/>\n<script type=\"application\/ld+json\" class=\"yoast-schema-graph\">{\"@context\":\"https:\/\/schema.org\",\"@graph\":[{\"@type\":\"WebPage\",\"@id\":\"https:\/\/talkpal.ai\/es\/certificados-de-idioma-aleman\/\",\"url\":\"https:\/\/talkpal.ai\/es\/certificados-de-idioma-aleman\/\",\"name\":\"Certificados de Idioma Alem\u00e1n - Talkpal\",\"isPartOf\":{\"@id\":\"https:\/\/talkpal.ai\/es\/#website\"},\"primaryImageOfPage\":{\"@id\":\"https:\/\/talkpal.ai\/es\/certificados-de-idioma-aleman\/#primaryimage\"},\"image\":{\"@id\":\"https:\/\/talkpal.ai\/es\/certificados-de-idioma-aleman\/#primaryimage\"},\"thumbnailUrl\":\"https:\/\/talkpal.ai\/wp-content\/uploads\/2023\/03\/germany.png\",\"datePublished\":\"2023-12-05T11:40:43+00:00\",\"dateModified\":\"2026-01-07T15:05:11+00:00\",\"description\":\"Obtenga certificados de alem\u00e1n reconocidos: valide sus habilidades y acelere su carrera.\",\"breadcrumb\":{\"@id\":\"https:\/\/talkpal.ai\/es\/certificados-de-idioma-aleman\/#breadcrumb\"},\"inLanguage\":\"es\",\"potentialAction\":[{\"@type\":\"ReadAction\",\"target\":[\"https:\/\/talkpal.ai\/es\/certificados-de-idioma-aleman\/\"]}]},{\"@type\":\"ImageObject\",\"inLanguage\":\"es\",\"@id\":\"https:\/\/talkpal.ai\/es\/certificados-de-idioma-aleman\/#primaryimage\",\"url\":\"https:\/\/talkpal.ai\/wp-content\/uploads\/2023\/03\/germany.png\",\"contentUrl\":\"https:\/\/talkpal.ai\/wp-content\/uploads\/2023\/03\/germany.png\",\"width\":512,\"height\":512,\"caption\":\"TalkPal AI learn German\"},{\"@type\":\"BreadcrumbList\",\"@id\":\"https:\/\/talkpal.ai\/es\/certificados-de-idioma-aleman\/#breadcrumb\",\"itemListElement\":[{\"@type\":\"ListItem\",\"position\":1,\"name\":\"Homepage\",\"item\":\"https:\/\/talkpal.ai\/es\/\"},{\"@type\":\"ListItem\",\"position\":2,\"name\":\"Certificados de Idioma Alem\u00e1n\"}]},{\"@type\":\"WebSite\",\"@id\":\"https:\/\/talkpal.ai\/es\/#website\",\"url\":\"https:\/\/talkpal.ai\/es\/\",\"name\":\"Talkpal\",\"description\":\"AI Language Learning\",\"publisher\":{\"@id\":\"https:\/\/talkpal.ai\/es\/#organization\"},\"alternateName\":\"Talkpal AI\",\"potentialAction\":[{\"@type\":\"SearchAction\",\"target\":{\"@type\":\"EntryPoint\",\"urlTemplate\":\"https:\/\/talkpal.ai\/es\/?s={search_term_string}\"},\"query-input\":{\"@type\":\"PropertyValueSpecification\",\"valueRequired\":true,\"valueName\":\"search_term_string\"}}],\"inLanguage\":\"es\"},{\"@type\":\"Organization\",\"@id\":\"https:\/\/talkpal.ai\/es\/#organization\",\"name\":\"Talkpal, Inc.\",\"alternateName\":\"Talkpal AI\",\"url\":\"https:\/\/talkpal.ai\/es\/\",\"logo\":{\"@type\":\"ImageObject\",\"inLanguage\":\"es\",\"@id\":\"https:\/\/talkpal.ai\/es\/#\/schema\/logo\/image\/\",\"url\":\"https:\/\/talkpal.ai\/wp-content\/uploads\/2024\/03\/Talkpal-Logo-Icon.png\",\"contentUrl\":\"https:\/\/talkpal.ai\/wp-content\/uploads\/2024\/03\/Talkpal-Logo-Icon.png\",\"width\":2880,\"height\":2880,\"caption\":\"Talkpal, Inc.\"},\"image\":{\"@id\":\"https:\/\/talkpal.ai\/es\/#\/schema\/logo\/image\/\"},\"sameAs\":[\"https:\/\/www.facebook.com\/profile.php?id=100090733639311\",\"https:\/\/x.com\/talkpalai\",\"https:\/\/www.linkedin.com\/company\/talkpal\/\",\"https:\/\/www.youtube.com\/@TalkPal\/\",\"https:\/\/www.tiktok.com\/@talkpal\",\"https:\/\/www.instagram.com\/talkpal_ai\/\",\"https:\/\/www.crunchbase.com\/organization\/talkpal-9cde\",\"https:\/\/www.g2.com\/products\/talkpal-for-business\/\",\"https:\/\/www.trustpilot.com\/review\/talkpal.ai\",\"https:\/\/www.capterra.com\/p\/10006800\/TalkPal\/\"],\"description\":\"Talkpal is a language learning web and mobile education app, powered by the latest AI technologies, that provides engaging experiences to its customers in many different languages to help them improve their language skills. Users can chat about unlimited amount of topics with the app and use other modes to practice their language learning.\",\"email\":\"support@talkpal.ai\",\"legalName\":\"Talkpal, Inc.\",\"foundingDate\":\"2023-04-03\",\"duns\":\"118989042\",\"numberOfEmployees\":{\"@type\":\"QuantitativeValue\",\"minValue\":\"11\",\"maxValue\":\"50\"},\"publishingPrinciples\":\"https:\/\/talkpal.ai\/publishing-principles\/\",\"actionableFeedbackPolicy\":\"https:\/\/talkpal.ai\/actionable-feedback-policy\/\",\"correctionsPolicy\":\"https:\/\/talkpal.ai\/corrections-policy\/\",\"ethicsPolicy\":\"https:\/\/talkpal.ai\/ethics-policy\/\",\"diversityPolicy\":\"https:\/\/talkpal.ai\/diversity-policy\/\",\"diversityStaffingReport\":\"https:\/\/talkpal.ai\/diversity-policy\/\"}]}<\/script>\n<!-- \/ Yoast SEO Premium plugin. -->","yoast_head_json":{"title":"Certificados de Idioma Alem\u00e1n - Talkpal","description":"Obtenga certificados de alem\u00e1n reconocidos: valide sus habilidades y acelere su carrera.","robots":{"index":"index","follow":"follow","max-snippet":"max-snippet:-1","max-image-preview":"max-image-preview:large","max-video-preview":"max-video-preview:-1"},"canonical":"https:\/\/talkpal.ai\/es\/certificados-de-idioma-aleman\/","og_locale":"es_ES","og_type":"article","og_title":"Certificados de Idioma Alem\u00e1n","og_description":"Certificados de Idioma Alem\u00e1n","og_url":"https:\/\/talkpal.ai\/es\/certificados-de-idioma-aleman\/","og_site_name":"Talkpal","article_publisher":"https:\/\/www.facebook.com\/profile.php?id=100090733639311","article_modified_time":"2026-01-07T15:05:11+00:00","og_image":[{"width":512,"height":512,"url":"https:\/\/talkpal.ai\/wp-content\/uploads\/2023\/03\/germany.png","type":"image\/png"}],"twitter_card":"summary_large_image","twitter_site":"@talkpalai","schema":{"@context":"https:\/\/schema.org","@graph":[{"@type":"WebPage","@id":"https:\/\/talkpal.ai\/es\/certificados-de-idioma-aleman\/","url":"https:\/\/talkpal.ai\/es\/certificados-de-idioma-aleman\/","name":"Certificados de Idioma Alem\u00e1n - Talkpal","isPartOf":{"@id":"https:\/\/talkpal.ai\/es\/#website"},"primaryImageOfPage":{"@id":"https:\/\/talkpal.ai\/es\/certificados-de-idioma-aleman\/#primaryimage"},"image":{"@id":"https:\/\/talkpal.ai\/es\/certificados-de-idioma-aleman\/#primaryimage"},"thumbnailUrl":"https:\/\/talkpal.ai\/wp-content\/uploads\/2023\/03\/germany.png","datePublished":"2023-12-05T11:40:43+00:00","dateModified":"2026-01-07T15:05:11+00:00","description":"Obtenga certificados de alem\u00e1n reconocidos: valide sus habilidades y acelere su carrera.","breadcrumb":{"@id":"https:\/\/talkpal.ai\/es\/certificados-de-idioma-aleman\/#breadcrumb"},"inLanguage":"es","potentialAction":[{"@type":"ReadAction","target":["https:\/\/talkpal.ai\/es\/certificados-de-idioma-aleman\/"]}]},{"@type":"ImageObject","inLanguage":"es","@id":"https:\/\/talkpal.ai\/es\/certificados-de-idioma-aleman\/#primaryimage","url":"https:\/\/talkpal.ai\/wp-content\/uploads\/2023\/03\/germany.png","contentUrl":"https:\/\/talkpal.ai\/wp-content\/uploads\/2023\/03\/germany.png","width":512,"height":512,"caption":"TalkPal AI learn German"},{"@type":"BreadcrumbList","@id":"https:\/\/talkpal.ai\/es\/certificados-de-idioma-aleman\/#breadcrumb","itemListElement":[{"@type":"ListItem","position":1,"name":"Homepage","item":"https:\/\/talkpal.ai\/es\/"},{"@type":"ListItem","position":2,"name":"Certificados de Idioma Alem\u00e1n"}]},{"@type":"WebSite","@id":"https:\/\/talkpal.ai\/es\/#website","url":"https:\/\/talkpal.ai\/es\/","name":"Talkpal","description":"AI Language Learning","publisher":{"@id":"https:\/\/talkpal.ai\/es\/#organization"},"alternateName":"Talkpal AI","potentialAction":[{"@type":"SearchAction","target":{"@type":"EntryPoint","urlTemplate":"https:\/\/talkpal.ai\/es\/?s={search_term_string}"},"query-input":{"@type":"PropertyValueSpecification","valueRequired":true,"valueName":"search_term_string"}}],"inLanguage":"es"},{"@type":"Organization","@id":"https:\/\/talkpal.ai\/es\/#organization","name":"Talkpal, Inc.","alternateName":"Talkpal AI","url":"https:\/\/talkpal.ai\/es\/","logo":{"@type":"ImageObject","inLanguage":"es","@id":"https:\/\/talkpal.ai\/es\/#\/schema\/logo\/image\/","url":"https:\/\/talkpal.ai\/wp-content\/uploads\/2024\/03\/Talkpal-Logo-Icon.png","contentUrl":"https:\/\/talkpal.ai\/wp-content\/uploads\/2024\/03\/Talkpal-Logo-Icon.png","width":2880,"height":2880,"caption":"Talkpal, Inc."},"image":{"@id":"https:\/\/talkpal.ai\/es\/#\/schema\/logo\/image\/"},"sameAs":["https:\/\/www.facebook.com\/profile.php?id=100090733639311","https:\/\/x.com\/talkpalai","https:\/\/www.linkedin.com\/company\/talkpal\/","https:\/\/www.youtube.com\/@TalkPal\/","https:\/\/www.tiktok.com\/@talkpal","https:\/\/www.instagram.com\/talkpal_ai\/","https:\/\/www.crunchbase.com\/organization\/talkpal-9cde","https:\/\/www.g2.com\/products\/talkpal-for-business\/","https:\/\/www.trustpilot.com\/review\/talkpal.ai","https:\/\/www.capterra.com\/p\/10006800\/TalkPal\/"],"description":"Talkpal is a language learning web and mobile education app, powered by the latest AI technologies, that provides engaging experiences to its customers in many different languages to help them improve their language skills. Users can chat about unlimited amount of topics with the app and use other modes to practice their language learning.","email":"support@talkpal.ai","legalName":"Talkpal, Inc.","foundingDate":"2023-04-03","duns":"118989042","numberOfEmployees":{"@type":"QuantitativeValue","minValue":"11","maxValue":"50"},"publishingPrinciples":"https:\/\/talkpal.ai\/publishing-principles\/","actionableFeedbackPolicy":"https:\/\/talkpal.ai\/actionable-feedback-policy\/","correctionsPolicy":"https:\/\/talkpal.ai\/corrections-policy\/","ethicsPolicy":"https:\/\/talkpal.ai\/ethics-policy\/","diversityPolicy":"https:\/\/talkpal.ai\/diversity-policy\/","diversityStaffingReport":"https:\/\/talkpal.ai\/diversity-policy\/"}]}},"_links":{"self":[{"href":"https:\/\/talkpal.ai\/es\/wp-json\/wp\/v2\/pages\/85210","targetHints":{"allow":["GET"]}}],"collection":[{"href":"https:\/\/talkpal.ai\/es\/wp-json\/wp\/v2\/pages"}],"about":[{"href":"https:\/\/talkpal.ai\/es\/wp-json\/wp\/v2\/types\/page"}],"author":[{"embeddable":true,"href":"https:\/\/talkpal.ai\/es\/wp-json\/wp\/v2\/users\/8"}],"replies":[{"embeddable":true,"href":"https:\/\/talkpal.ai\/es\/wp-json\/wp\/v2\/comments?post=85210"}],"version-history":[{"count":0,"href":"https:\/\/talkpal.ai\/es\/wp-json\/wp\/v2\/pages\/85210\/revisions"}],"wp:featuredmedia":[{"embeddable":true,"href":"https:\/\/talkpal.ai\/es\/wp-json\/wp\/v2\/media\/665"}],"wp:attachment":[{"href":"https:\/\/talkpal.ai\/es\/wp-json\/wp\/v2\/media?parent=85210"}],"curies":[{"name":"wp","href":"https:\/\/api.w.org\/{rel}","templated":true}]}}