{"id":46516,"date":"2023-06-16T09:14:18","date_gmt":"2023-06-16T09:14:18","guid":{"rendered":"http:\/\/talkpal.ai\/ejercicios-de-gramatica-alemana\/"},"modified":"2025-12-17T16:11:10","modified_gmt":"2025-12-17T16:11:10","slug":"ejercicios-de-gramatica-alemana","status":"publish","type":"page","link":"https:\/\/talkpal.ai\/es\/ejercicios-de-gramatica-alemana\/","title":{"rendered":"Ejercicios de gram\u00e1tica alemana"},"content":{"rendered":"\r\n\r\n\r\n<section class=\"languageChallengeSection\">\r\n    <div class=\"languageInfoWrapper\">\r\n        \r\n        <h1>Ejercicios de gram\u00e1tica alemana<\/h1>\r\n        <p>\u00bfPreparado para reforzar tu <a href=\"https:\/\/talkpal.ai\/german-grammar\/\">gram\u00e1tica alemana<\/a>? Practicar ejercicios de gram\u00e1tica es la forma perfecta de dominar la lengua alemana. \u00a1Empieza a trabajar en ello hoy mismo y ver\u00e1s c\u00f3mo tu confianza y fluidez aumentan con cada ejercicio!\n\n<\/p>\r\n\r\n                            <a class=\"getStartedHidden\" href=\"https:\/\/app.talkpal.ai\/es-es\/signup?lng=\">Comenzar<\/a>\r\n        \r\n    <\/div>\r\n\r\n    <figure>\r\n    <img decoding=\"async\" width=\"768\" height=\"768\" src=\"https:\/\/talkpal.ai\/wp-content\/uploads\/2023\/06\/german-768x768.png\" class=\"languageImage no-lazy\" alt=\"Default alt text\" fetchpriority=\"high\" sizes=\"(max-width: 768px) 150px, 768px\" srcset=\"https:\/\/talkpal.ai\/wp-content\/uploads\/2023\/06\/german-768x768.png 768w, https:\/\/talkpal.ai\/wp-content\/uploads\/2023\/06\/german-300x300.png 300w\" \/>\r\n    \r\n\r\n    <\/figure>\r\n\r\n            <a class=\"getStartedVisible\" href=\"https:\/\/app.talkpal.ai\/es-es\/signup?lng=\">Comenzar<\/a>\r\n    \r\n<\/section>\r\n\r\n\r\n<!-- <section class=\"grammarSection\">\r\n    <div class=\"grammarLinks\">\r\n        <a href=\"https:\/\/talkpal.ai\/es\/exercise_language\/adjetivos-gramatica-alemana\/\">Adjetivos <\/a><a href=\"https:\/\/talkpal.ai\/es\/exercise_language\/adverbios-gramatica-alemana\/\">Adverbios <\/a><a href=\"https:\/\/talkpal.ai\/es\/exercise_language\/declinacion-gramatica-alemana\/\">Declinaci\u00f3n <\/a><a href=\"https:\/\/talkpal.ai\/es\/exercise_language\/estructura-de-las-oraciones-gramatica-alemana\/\">Estructura de las oraciones <\/a><a href=\"https:\/\/talkpal.ai\/es\/exercise_language\/preposiciones-gramatica-alemana\/\">Preposiciones <\/a><a href=\"https:\/\/talkpal.ai\/es\/exercise_language\/pronombres-gramatica-alemana\/\">Pronombres <\/a><a href=\"https:\/\/talkpal.ai\/es\/exercise_language\/sustantivos-y-articulos-gramatica-alemana\/\">Sustantivos y art\u00edculos <\/a><a href=\"https:\/\/talkpal.ai\/es\/exercise_language\/tiempos-verbales-gramatica-alemana\/\">Tiempos verbales <\/a><a href=\"https:\/\/talkpal.ai\/es\/exercise_language\/verbos-gramatica-alemana\/\">Verbos <\/a>    <\/div>\r\n<\/section> -->\r\n\r\n\r\n\r\n\r\n        <section class=\"grammarSection\">\r\n            <div class=\"grammarLinks\">\r\n                <a href=\"https:\/\/talkpal.ai\/es\/exercise_language\/adjetivos-gramatica-alemana\/\">Adjetivos <\/a><a href=\"https:\/\/talkpal.ai\/es\/exercise_language\/adverbios-gramatica-alemana\/\">Adverbios <\/a><a href=\"https:\/\/talkpal.ai\/es\/exercise_language\/declinacion-gramatica-alemana\/\">Declinaci\u00f3n <\/a><a href=\"https:\/\/talkpal.ai\/es\/exercise_language\/estructura-de-las-oraciones-gramatica-alemana\/\">Estructura de las oraciones <\/a><a href=\"https:\/\/talkpal.ai\/es\/exercise_language\/preposiciones-gramatica-alemana\/\">Preposiciones <\/a><a href=\"https:\/\/talkpal.ai\/es\/exercise_language\/pronombres-gramatica-alemana\/\">Pronombres <\/a><a href=\"https:\/\/talkpal.ai\/es\/exercise_language\/sustantivos-y-articulos-gramatica-alemana\/\">Sustantivos y art\u00edculos <\/a><a href=\"https:\/\/talkpal.ai\/es\/exercise_language\/tiempos-verbales-gramatica-alemana\/\">Tiempos verbales <\/a><a href=\"https:\/\/talkpal.ai\/es\/exercise_language\/verbos-gramatica-alemana\/\">Verbos <\/a>            <\/div>\r\n        <\/section>\r\n<section class=\"promotionalBanner\">\r\n    <p class=\"promotionalText\">La forma m\u00e1s eficiente de aprender un idioma<\/p>\r\n    <a class=\"promotionalLink\" href=\"https:\/\/app.talkpal.ai\/es-es\/signup?lng=\">Prueba Talkpal gratis<\/a>\r\n<\/section>\n<div class=\"wp-block-group pageContainerStyle\"><div class=\"wp-block-group__inner-container is-layout-constrained wp-block-group-is-layout-constrained\">\n<h2 class=\"wp-block-heading\" id=\"h-german-grammar-topics\">Temas de gram\u00e1tica alemana<\/h2>\n\n\n\n<p>Aprender un nuevo idioma puede ser una tarea desalentadora, pero con el enfoque correcto, puede ser una experiencia emocionante y gratificante. El <a href=\"https:\/\/talkpal.ai\/learn-german\/\">alem\u00e1n<\/a> es un idioma altamente estructurado y l\u00f3gico, <a href=\"https:\/\/talkpal.ai\/culture\/how-do-i-use-lo-que-in-a-sentence\/\">lo que<\/a> hace que sea m\u00e1s f\u00e1cil de aprender si tienes una comprensi\u00f3n clara de sus reglas gramaticales. Esta gu\u00eda le ayudar\u00e1 a comprender los aspectos clave de la gram\u00e1tica alemana, <a href=\"https:\/\/talkpal.ai\/locations\/language-courses-in-como\/\">como<\/a> <a href=\"https:\/\/talkpal.ai\/zh-hans\/grammar_exercises\/tiempos-%e8%a5%bf%e7%8f%ad%e7%89%99%e8%af%ad%e6%b3%95%e7%bb%83%e4%b9%a0\/\">tiempos verbales<\/a>, verbos, sustantivos y art\u00edculos, pronombres, adjetivos, declinaci\u00f3n, adverbios, <a href=\"https:\/\/talkpal.ai\/zh-hans\/grammar_exercises\/preposiciones-%e8%a5%bf%e7%8f%ad%e7%89%99%e8%af%ad%e6%b3%95%e7%bb%83%e4%b9%a0\/\">preposiciones<\/a> y estructura de oraciones. Siguiendo esta secuencia, podr\u00e1 progresar en su viaje de aprendizaje del idioma alem\u00e1n de manera efectiva y eficiente.<\/p>\n\n\n\n<h3 class=\"wp-block-heading\" id=\"h-1-nouns-and-articles\">1. Sustantivos y art\u00edculos:<\/h3>\n\n\n\n<p>Comience por aprender los conceptos b\u00e1sicos de los sustantivos alemanes y los art\u00edculos que los acompa\u00f1an. El alem\u00e1n tiene tres g\u00e9neros (masculino, femenino y neutro) y cuatro casos (nominativo, acusativo, dativo y genitivo). Comprender estas reglas te ayudar\u00e1 a determinar el art\u00edculo correcto para cada sustantivo y sentar las bases para tus conocimientos de gram\u00e1tica alemana.<\/p>\n\n\n\n<h3 class=\"wp-block-heading\" id=\"h-2-pronouns\">2. Pronombres:<\/h3>\n\n\n\n<p>Los pronombres reemplazan a los sustantivos en una oraci\u00f3n y <a href=\"https:\/\/talkpal.ai\/locations\/language-courses-in-tienen\/\">tienen<\/a> diferentes formas dependiendo de su g\u00e9nero, n\u00famero y caso. Familiar\u00edcese con los <a href=\"https:\/\/talkpal.ai\/es\/pronombres-aleman-guia-esencial-para-dominar-su-uso-facil-y-rapido\/\">pronombres alemanes<\/a>, como los pronombres personales, posesivos, reflexivos y relativos, para crear oraciones m\u00e1s complejas y expresar sus pensamientos con mayor precisi\u00f3n.<\/p>\n\n\n\n<h3 class=\"wp-block-heading\" id=\"h-3-verbs\">3. Verbos:<\/h3>\n\n\n\n<p>Los verbos son cruciales en la formaci\u00f3n de oraciones, ya que expresan acciones y estados. Aprende los diferentes tipos de verbos alemanes, como los verbos regulares, irregulares, modales y reflexivos, junto con sus conjugaciones en los tiempos presente, pasado y futuro. Esto le permitir\u00e1 comunicarse de manera efectiva en diversas situaciones.<\/p>\n\n\n\n<h3 class=\"wp-block-heading\" id=\"h-4-tenses\">4. Tiempos verbales:<\/h3>\n\n\n\n<p>Los tiempos verbales indican el momento en que ocurre una acci\u00f3n. En alem\u00e1n, hay seis tiempos: presente, pasado simple, presente perfecto, pasado perfecto, futuro y futuros tiempos perfectos. Comprender las reglas y el uso de estos tiempos verbales te ayudar\u00e1 a expresarte de manera clara y precisa.<\/p>\n\n\n\n<h3 class=\"wp-block-heading\" id=\"h-5-adjectives\">5. Adjetivos:<\/h3>\n\n\n\n<p>Los adjetivos describen las cualidades de los sustantivos y pronombres y concuerdan en g\u00e9nero, n\u00famero y caso con el sustantivo que modifican. Aprenda las reglas para la declinaci\u00f3n de adjetivos, as\u00ed como las formas comparativas y superlativas, para mejorar sus descripciones y hacer que su discurso sea m\u00e1s colorido.<\/p>\n\n\n\n<h3 class=\"wp-block-heading\" id=\"h-6-declension\">6. Declinaci\u00f3n:<\/h3>\n\n\n\n<p>La declinaci\u00f3n es el proceso de cambiar sustantivos, pronombres y adjetivos para indicar su funci\u00f3n gramatical en una oraci\u00f3n. Familiar\u00edcese con los cuatro casos alemanes y c\u00f3mo afectan las terminaciones de las palabras, lo que le permitir\u00e1 construir oraciones gramaticalmente correctas.<\/p>\n\n\n\n<h3 class=\"wp-block-heading\" id=\"h-7-adverbs\">7. Adverbios:<\/h3>\n\n\n\n<p>Los adverbios proporcionan informaci\u00f3n adicional sobre verbos, adjetivos u otros adverbios. Aprenda los diferentes tipos de adverbios alemanes, como los que indican la hora, la forma y el lugar, y c\u00f3mo usarlos de manera efectiva para agregar matices y precisi\u00f3n a su discurso.<\/p>\n\n\n\n<h3 class=\"wp-block-heading\" id=\"h-8-prepositions\">8. Preposiciones:<\/h3>\n\n\n\n<p>Las preposiciones se utilizan para indicar la relaci\u00f3n entre sustantivos o pronombres y otros elementos en una oraci\u00f3n. Estudie las diversas preposiciones alemanas y su uso en diferentes casos para desarrollar una mejor comprensi\u00f3n de c\u00f3mo se construyen las oraciones.<\/p>\n\n\n\n<h3 class=\"wp-block-heading\" id=\"h-9-sentence-structure\">9. Estructura de la oraci\u00f3n:<\/h3>\n\n\n\n<p>Finalmente, familiar\u00edcese con la estructura de las oraciones en alem\u00e1n, incluido el orden de las palabras, las cl\u00e1usulas subordinadas y las conjunciones. Comprender estas reglas te ayudar\u00e1 a crear oraciones coherentes y bien estructuradas, permiti\u00e9ndote expresar tus pensamientos de manera clara y efectiva en alem\u00e1n.<\/p>\n<\/div><\/div>\n\r\n<section class=\"learnNavigationSection\">\r\n            \r\n        <a href=\"https:\/\/talkpal.ai\/es\/aprender-aleman\/\">\r\n            <div class=\"learnNavigationWrapper\">\r\n                <div class=\"learnNavigationContent\">\r\n                    <img decoding=\"async\" src=\"https:\/\/talkpal.ai\/wp-content\/uploads\/2024\/08\/German.jpg\" alt=\"German Flag\">\r\n                    <div>\r\n                        <h4>Sobre el aprendizaje del alem\u00e1n<\/h4>\r\n                        <p>Desc\u00fabrelo todo sobre la gram\u00e1tica alemana.<\/p>\r\n                    <\/div>\r\n                <\/div>\r\n            <\/div>\r\n        <\/a>\r\n\r\n        \r\n        <a href=\"https:\/\/talkpal.ai\/es\/gramatica-alemana\/\">\r\n            <div class=\"learnNavigationWrapper\">\r\n                <div class=\"learnNavigationContent\">\r\n                    <img decoding=\"async\" src=\"https:\/\/talkpal.ai\/wp-content\/uploads\/2024\/08\/German.jpg\" alt=\"German Flag\">\r\n                    <div>\r\n                        <h4>Lecciones de gram\u00e1tica alemana<\/h4>\r\n                        <p>Practicar la gram\u00e1tica alemana.<\/p>\r\n                    <\/div>\r\n                <\/div>\r\n            <\/div>\r\n        <\/a>\r\n\r\n        \r\n        <a href=\"https:\/\/talkpal.ai\/vocabulary_language\/german\/\">\r\n            <div class=\"learnNavigationWrapper\">\r\n                <div class=\"learnNavigationContent\">\r\n                    <img decoding=\"async\" src=\"https:\/\/talkpal.ai\/wp-content\/uploads\/2024\/08\/German.jpg\" alt=\"German Flag\">\r\n                    <div>\r\n                        <h4>Vocabulario alem\u00e1n<\/h4>\r\n                        <p>Ampl\u00eda tu vocabulario de alem\u00e1n.<\/p>\r\n                    <\/div>\r\n                <\/div>\r\n            <\/div>\r\n        <\/a>\r\n\r\n            <\/section>","protected":false},"excerpt":{"rendered":"<p>Temas de gram\u00e1tica alemana Aprender un nuevo idioma puede ser una tarea desalentadora, pero con el enfoque correcto, puede ser una experiencia emocionante y gratificante. El alem\u00e1n es un idioma altamente estructurado y l\u00f3gico, lo que hace que sea m\u00e1s f\u00e1cil de aprender si tienes una comprensi\u00f3n clara de sus reglas gramaticales. Esta gu\u00eda le [&hellip;]<\/p>\n","protected":false},"author":6,"featured_media":665,"parent":0,"menu_order":0,"comment_status":"closed","ping_status":"closed","template":"LearningContentPage.php","meta":{"_acf_changed":false,"footnotes":""},"class_list":["post-46516","page","type-page","status-publish","has-post-thumbnail","hentry"],"acf":[],"yoast_head":"<!-- This site is optimized with the Yoast SEO Premium plugin v27.2 (Yoast SEO v27.2) - https:\/\/yoast.com\/product\/yoast-seo-premium-wordpress\/ -->\n<title>Ejercicios de gram\u00e1tica alemana - Talkpal<\/title>\n<meta name=\"description\" content=\"Refuerza tu gram\u00e1tica alemana con ejercicios pr\u00e1cticos: mejora r\u00e1pidamente, practica de forma interactiva y gana confianza en el idioma utilizando Talkpal IA.\" \/>\n<meta name=\"robots\" content=\"index, follow, max-snippet:-1, max-image-preview:large, max-video-preview:-1\" \/>\n<link rel=\"canonical\" href=\"https:\/\/talkpal.ai\/es\/ejercicios-de-gramatica-alemana\/\" \/>\n<meta property=\"og:locale\" content=\"es_ES\" \/>\n<meta property=\"og:type\" content=\"article\" \/>\n<meta property=\"og:title\" content=\"Ejercicios de gram\u00e1tica alemana\" \/>\n<meta property=\"og:description\" content=\"Temas de gram\u00e1tica alemana Aprender un nuevo idioma puede ser una tarea desalentadora, pero con el enfoque correcto, puede ser una experiencia emocionante\" \/>\n<meta property=\"og:url\" content=\"https:\/\/talkpal.ai\/es\/ejercicios-de-gramatica-alemana\/\" \/>\n<meta property=\"og:site_name\" content=\"Talkpal\" \/>\n<meta property=\"article:publisher\" content=\"https:\/\/www.facebook.com\/profile.php?id=100090733639311\" \/>\n<meta property=\"article:modified_time\" content=\"2025-12-17T16:11:10+00:00\" \/>\n<meta property=\"og:image\" content=\"https:\/\/talkpal.ai\/wp-content\/uploads\/2023\/03\/germany.png\" \/>\n\t<meta property=\"og:image:width\" content=\"512\" \/>\n\t<meta property=\"og:image:height\" content=\"512\" \/>\n\t<meta property=\"og:image:type\" content=\"image\/png\" \/>\n<meta name=\"twitter:card\" content=\"summary_large_image\" \/>\n<meta name=\"twitter:site\" content=\"@talkpalai\" \/>\n<meta name=\"twitter:label1\" content=\"Tiempo de lectura\" \/>\n\t<meta name=\"twitter:data1\" content=\"3 minutos\" \/>\n<script type=\"application\/ld+json\" class=\"yoast-schema-graph\">{\"@context\":\"https:\/\/schema.org\",\"@graph\":[{\"@type\":\"WebPage\",\"@id\":\"https:\/\/talkpal.ai\/es\/ejercicios-de-gramatica-alemana\/\",\"url\":\"https:\/\/talkpal.ai\/es\/ejercicios-de-gramatica-alemana\/\",\"name\":\"Ejercicios de gram\u00e1tica alemana - Talkpal\",\"isPartOf\":{\"@id\":\"https:\/\/talkpal.ai\/es\/#website\"},\"primaryImageOfPage\":{\"@id\":\"https:\/\/talkpal.ai\/es\/ejercicios-de-gramatica-alemana\/#primaryimage\"},\"image\":{\"@id\":\"https:\/\/talkpal.ai\/es\/ejercicios-de-gramatica-alemana\/#primaryimage\"},\"thumbnailUrl\":\"https:\/\/talkpal.ai\/wp-content\/uploads\/2023\/03\/germany.png\",\"datePublished\":\"2023-06-16T09:14:18+00:00\",\"dateModified\":\"2025-12-17T16:11:10+00:00\",\"description\":\"Refuerza tu gram\u00e1tica alemana con ejercicios pr\u00e1cticos: mejora r\u00e1pidamente, practica de forma interactiva y gana confianza en el idioma utilizando Talkpal IA.\",\"breadcrumb\":{\"@id\":\"https:\/\/talkpal.ai\/es\/ejercicios-de-gramatica-alemana\/#breadcrumb\"},\"inLanguage\":\"es\",\"potentialAction\":[{\"@type\":\"ReadAction\",\"target\":[\"https:\/\/talkpal.ai\/es\/ejercicios-de-gramatica-alemana\/\"]}]},{\"@type\":\"ImageObject\",\"inLanguage\":\"es\",\"@id\":\"https:\/\/talkpal.ai\/es\/ejercicios-de-gramatica-alemana\/#primaryimage\",\"url\":\"https:\/\/talkpal.ai\/wp-content\/uploads\/2023\/03\/germany.png\",\"contentUrl\":\"https:\/\/talkpal.ai\/wp-content\/uploads\/2023\/03\/germany.png\",\"width\":512,\"height\":512,\"caption\":\"TalkPal AI learn German\"},{\"@type\":\"BreadcrumbList\",\"@id\":\"https:\/\/talkpal.ai\/es\/ejercicios-de-gramatica-alemana\/#breadcrumb\",\"itemListElement\":[{\"@type\":\"ListItem\",\"position\":1,\"name\":\"Homepage\",\"item\":\"https:\/\/talkpal.ai\/es\/\"},{\"@type\":\"ListItem\",\"position\":2,\"name\":\"Ejercicios de gram\u00e1tica alemana\"}]},{\"@type\":\"WebSite\",\"@id\":\"https:\/\/talkpal.ai\/es\/#website\",\"url\":\"https:\/\/talkpal.ai\/es\/\",\"name\":\"Talkpal\",\"description\":\"AI Language Learning\",\"publisher\":{\"@id\":\"https:\/\/talkpal.ai\/es\/#organization\"},\"alternateName\":\"Talkpal AI\",\"potentialAction\":[{\"@type\":\"SearchAction\",\"target\":{\"@type\":\"EntryPoint\",\"urlTemplate\":\"https:\/\/talkpal.ai\/es\/?s={search_term_string}\"},\"query-input\":{\"@type\":\"PropertyValueSpecification\",\"valueRequired\":true,\"valueName\":\"search_term_string\"}}],\"inLanguage\":\"es\"},{\"@type\":\"Organization\",\"@id\":\"https:\/\/talkpal.ai\/es\/#organization\",\"name\":\"Talkpal, Inc.\",\"alternateName\":\"Talkpal AI\",\"url\":\"https:\/\/talkpal.ai\/es\/\",\"logo\":{\"@type\":\"ImageObject\",\"inLanguage\":\"es\",\"@id\":\"https:\/\/talkpal.ai\/es\/#\/schema\/logo\/image\/\",\"url\":\"https:\/\/talkpal.ai\/wp-content\/uploads\/2024\/03\/Talkpal-Logo-Icon.png\",\"contentUrl\":\"https:\/\/talkpal.ai\/wp-content\/uploads\/2024\/03\/Talkpal-Logo-Icon.png\",\"width\":2880,\"height\":2880,\"caption\":\"Talkpal, Inc.\"},\"image\":{\"@id\":\"https:\/\/talkpal.ai\/es\/#\/schema\/logo\/image\/\"},\"sameAs\":[\"https:\/\/www.facebook.com\/profile.php?id=100090733639311\",\"https:\/\/x.com\/talkpalai\",\"https:\/\/www.linkedin.com\/company\/talkpal\/\",\"https:\/\/www.youtube.com\/@TalkPal\/\",\"https:\/\/www.tiktok.com\/@talkpal\",\"https:\/\/www.instagram.com\/talkpal_ai\/\",\"https:\/\/www.crunchbase.com\/organization\/talkpal-9cde\",\"https:\/\/www.g2.com\/products\/talkpal-for-business\/\",\"https:\/\/www.trustpilot.com\/review\/talkpal.ai\",\"https:\/\/www.capterra.com\/p\/10006800\/TalkPal\/\"],\"description\":\"Talkpal is a language learning web and mobile education app, powered by the latest AI technologies, that provides engaging experiences to its customers in many different languages to help them improve their language skills. Users can chat about unlimited amount of topics with the app and use other modes to practice their language learning.\",\"email\":\"support@talkpal.ai\",\"legalName\":\"Talkpal, Inc.\",\"foundingDate\":\"2023-04-03\",\"duns\":\"118989042\",\"numberOfEmployees\":{\"@type\":\"QuantitativeValue\",\"minValue\":\"11\",\"maxValue\":\"50\"},\"publishingPrinciples\":\"https:\/\/talkpal.ai\/publishing-principles\/\",\"actionableFeedbackPolicy\":\"https:\/\/talkpal.ai\/actionable-feedback-policy\/\",\"correctionsPolicy\":\"https:\/\/talkpal.ai\/corrections-policy\/\",\"ethicsPolicy\":\"https:\/\/talkpal.ai\/ethics-policy\/\",\"diversityPolicy\":\"https:\/\/talkpal.ai\/diversity-policy\/\",\"diversityStaffingReport\":\"https:\/\/talkpal.ai\/diversity-policy\/\"}]}<\/script>\n<!-- \/ Yoast SEO Premium plugin. -->","yoast_head_json":{"title":"Ejercicios de gram\u00e1tica alemana - Talkpal","description":"Refuerza tu gram\u00e1tica alemana con ejercicios pr\u00e1cticos: mejora r\u00e1pidamente, practica de forma interactiva y gana confianza en el idioma utilizando Talkpal IA.","robots":{"index":"index","follow":"follow","max-snippet":"max-snippet:-1","max-image-preview":"max-image-preview:large","max-video-preview":"max-video-preview:-1"},"canonical":"https:\/\/talkpal.ai\/es\/ejercicios-de-gramatica-alemana\/","og_locale":"es_ES","og_type":"article","og_title":"Ejercicios de gram\u00e1tica alemana","og_description":"Temas de gram\u00e1tica alemana Aprender un nuevo idioma puede ser una tarea desalentadora, pero con el enfoque correcto, puede ser una experiencia emocionante","og_url":"https:\/\/talkpal.ai\/es\/ejercicios-de-gramatica-alemana\/","og_site_name":"Talkpal","article_publisher":"https:\/\/www.facebook.com\/profile.php?id=100090733639311","article_modified_time":"2025-12-17T16:11:10+00:00","og_image":[{"width":512,"height":512,"url":"https:\/\/talkpal.ai\/wp-content\/uploads\/2023\/03\/germany.png","type":"image\/png"}],"twitter_card":"summary_large_image","twitter_site":"@talkpalai","twitter_misc":{"Tiempo de lectura":"3 minutos"},"schema":{"@context":"https:\/\/schema.org","@graph":[{"@type":"WebPage","@id":"https:\/\/talkpal.ai\/es\/ejercicios-de-gramatica-alemana\/","url":"https:\/\/talkpal.ai\/es\/ejercicios-de-gramatica-alemana\/","name":"Ejercicios de gram\u00e1tica alemana - Talkpal","isPartOf":{"@id":"https:\/\/talkpal.ai\/es\/#website"},"primaryImageOfPage":{"@id":"https:\/\/talkpal.ai\/es\/ejercicios-de-gramatica-alemana\/#primaryimage"},"image":{"@id":"https:\/\/talkpal.ai\/es\/ejercicios-de-gramatica-alemana\/#primaryimage"},"thumbnailUrl":"https:\/\/talkpal.ai\/wp-content\/uploads\/2023\/03\/germany.png","datePublished":"2023-06-16T09:14:18+00:00","dateModified":"2025-12-17T16:11:10+00:00","description":"Refuerza tu gram\u00e1tica alemana con ejercicios pr\u00e1cticos: mejora r\u00e1pidamente, practica de forma interactiva y gana confianza en el idioma utilizando Talkpal IA.","breadcrumb":{"@id":"https:\/\/talkpal.ai\/es\/ejercicios-de-gramatica-alemana\/#breadcrumb"},"inLanguage":"es","potentialAction":[{"@type":"ReadAction","target":["https:\/\/talkpal.ai\/es\/ejercicios-de-gramatica-alemana\/"]}]},{"@type":"ImageObject","inLanguage":"es","@id":"https:\/\/talkpal.ai\/es\/ejercicios-de-gramatica-alemana\/#primaryimage","url":"https:\/\/talkpal.ai\/wp-content\/uploads\/2023\/03\/germany.png","contentUrl":"https:\/\/talkpal.ai\/wp-content\/uploads\/2023\/03\/germany.png","width":512,"height":512,"caption":"TalkPal AI learn German"},{"@type":"BreadcrumbList","@id":"https:\/\/talkpal.ai\/es\/ejercicios-de-gramatica-alemana\/#breadcrumb","itemListElement":[{"@type":"ListItem","position":1,"name":"Homepage","item":"https:\/\/talkpal.ai\/es\/"},{"@type":"ListItem","position":2,"name":"Ejercicios de gram\u00e1tica alemana"}]},{"@type":"WebSite","@id":"https:\/\/talkpal.ai\/es\/#website","url":"https:\/\/talkpal.ai\/es\/","name":"Talkpal","description":"AI Language Learning","publisher":{"@id":"https:\/\/talkpal.ai\/es\/#organization"},"alternateName":"Talkpal AI","potentialAction":[{"@type":"SearchAction","target":{"@type":"EntryPoint","urlTemplate":"https:\/\/talkpal.ai\/es\/?s={search_term_string}"},"query-input":{"@type":"PropertyValueSpecification","valueRequired":true,"valueName":"search_term_string"}}],"inLanguage":"es"},{"@type":"Organization","@id":"https:\/\/talkpal.ai\/es\/#organization","name":"Talkpal, Inc.","alternateName":"Talkpal AI","url":"https:\/\/talkpal.ai\/es\/","logo":{"@type":"ImageObject","inLanguage":"es","@id":"https:\/\/talkpal.ai\/es\/#\/schema\/logo\/image\/","url":"https:\/\/talkpal.ai\/wp-content\/uploads\/2024\/03\/Talkpal-Logo-Icon.png","contentUrl":"https:\/\/talkpal.ai\/wp-content\/uploads\/2024\/03\/Talkpal-Logo-Icon.png","width":2880,"height":2880,"caption":"Talkpal, Inc."},"image":{"@id":"https:\/\/talkpal.ai\/es\/#\/schema\/logo\/image\/"},"sameAs":["https:\/\/www.facebook.com\/profile.php?id=100090733639311","https:\/\/x.com\/talkpalai","https:\/\/www.linkedin.com\/company\/talkpal\/","https:\/\/www.youtube.com\/@TalkPal\/","https:\/\/www.tiktok.com\/@talkpal","https:\/\/www.instagram.com\/talkpal_ai\/","https:\/\/www.crunchbase.com\/organization\/talkpal-9cde","https:\/\/www.g2.com\/products\/talkpal-for-business\/","https:\/\/www.trustpilot.com\/review\/talkpal.ai","https:\/\/www.capterra.com\/p\/10006800\/TalkPal\/"],"description":"Talkpal is a language learning web and mobile education app, powered by the latest AI technologies, that provides engaging experiences to its customers in many different languages to help them improve their language skills. Users can chat about unlimited amount of topics with the app and use other modes to practice their language learning.","email":"support@talkpal.ai","legalName":"Talkpal, Inc.","foundingDate":"2023-04-03","duns":"118989042","numberOfEmployees":{"@type":"QuantitativeValue","minValue":"11","maxValue":"50"},"publishingPrinciples":"https:\/\/talkpal.ai\/publishing-principles\/","actionableFeedbackPolicy":"https:\/\/talkpal.ai\/actionable-feedback-policy\/","correctionsPolicy":"https:\/\/talkpal.ai\/corrections-policy\/","ethicsPolicy":"https:\/\/talkpal.ai\/ethics-policy\/","diversityPolicy":"https:\/\/talkpal.ai\/diversity-policy\/","diversityStaffingReport":"https:\/\/talkpal.ai\/diversity-policy\/"}]}},"_links":{"self":[{"href":"https:\/\/talkpal.ai\/es\/wp-json\/wp\/v2\/pages\/46516","targetHints":{"allow":["GET"]}}],"collection":[{"href":"https:\/\/talkpal.ai\/es\/wp-json\/wp\/v2\/pages"}],"about":[{"href":"https:\/\/talkpal.ai\/es\/wp-json\/wp\/v2\/types\/page"}],"author":[{"embeddable":true,"href":"https:\/\/talkpal.ai\/es\/wp-json\/wp\/v2\/users\/6"}],"replies":[{"embeddable":true,"href":"https:\/\/talkpal.ai\/es\/wp-json\/wp\/v2\/comments?post=46516"}],"version-history":[{"count":0,"href":"https:\/\/talkpal.ai\/es\/wp-json\/wp\/v2\/pages\/46516\/revisions"}],"wp:featuredmedia":[{"embeddable":true,"href":"https:\/\/talkpal.ai\/es\/wp-json\/wp\/v2\/media\/665"}],"wp:attachment":[{"href":"https:\/\/talkpal.ai\/es\/wp-json\/wp\/v2\/media?parent=46516"}],"curies":[{"name":"wp","href":"https:\/\/api.w.org\/{rel}","templated":true}]}}