{"id":46485,"date":"2023-06-16T10:21:59","date_gmt":"2023-06-16T10:21:59","guid":{"rendered":"http:\/\/talkpal.ai\/ejercicios-de-gramatica-japonesa\/"},"modified":"2025-12-17T16:55:34","modified_gmt":"2025-12-17T16:55:34","slug":"ejercicios-de-gramatica-japonesa","status":"publish","type":"page","link":"https:\/\/talkpal.ai\/es\/ejercicios-de-gramatica-japonesa\/","title":{"rendered":"Ejercicios de gram\u00e1tica japonesa"},"content":{"rendered":"\r\n\r\n\r\n<section class=\"languageChallengeSection\">\r\n    <div class=\"languageInfoWrapper\">\r\n        \r\n        <h1>Ejercicios de gram\u00e1tica japonesa<\/h1>\r\n        <p>\u00bfListo para llevar tu <a href=\"https:\/\/talkpal.ai\/learn-japanese\/\">japon\u00e9s<\/a> al siguiente nivel? Practicar ejercicios de gram\u00e1tica es una forma fant\u00e1stica de comprender los patrones oracionales, utilizar correctamente las part\u00edculas y sentirte m\u00e1s a gusto con la lengua. Sum\u00e9rgete, prueba nuevos puntos gramaticales y comprueba c\u00f3mo cada ejercicio te acerca a la fluidez: \u00a1empieza a practicar <a href=\"https:\/\/talkpal.ai\/es\/gramatica-japonesa\/\">gram\u00e1tica japonesa<\/a> hoy mismo!<\/p>\r\n\r\n                            <a class=\"getStartedHidden\" href=\"https:\/\/app.talkpal.ai\/es-es\/signup?lng=\">Comenzar<\/a>\r\n        \r\n    <\/div>\r\n\r\n    <figure>\r\n    <img decoding=\"async\" width=\"768\" height=\"768\" src=\"https:\/\/talkpal.ai\/wp-content\/uploads\/2023\/06\/japanese-768x768.png\" class=\"languageImage no-lazy\" alt=\"Default alt text\" fetchpriority=\"high\" sizes=\"(max-width: 768px) 150px, 768px\" srcset=\"https:\/\/talkpal.ai\/wp-content\/uploads\/2023\/06\/japanese-768x768.png 768w, https:\/\/talkpal.ai\/wp-content\/uploads\/2023\/06\/japanese-300x300.png 300w\" \/>\r\n    \r\n\r\n    <\/figure>\r\n\r\n            <a class=\"getStartedVisible\" href=\"https:\/\/app.talkpal.ai\/es-es\/signup?lng=\">Comenzar<\/a>\r\n    \r\n<\/section>\r\n\r\n\r\n<!-- <section class=\"grammarSection\">\r\n    <div class=\"grammarLinks\">\r\n        <a href=\"https:\/\/talkpal.ai\/es\/exercise_language\/adjetivos-gramatica-japonesa\/\">Adjetivos <\/a><a href=\"https:\/\/talkpal.ai\/es\/exercise_language\/adverbios-gramatica-japonesa\/\">Adverbios <\/a><a href=\"https:\/\/talkpal.ai\/es\/exercise_language\/conjugacion-de-verbos-gramatica-japonesa\/\">Conjugaci\u00f3n de verbos <\/a><a href=\"https:\/\/talkpal.ai\/es\/exercise_language\/conjunciones-gramatica-japonesa\/\">Conjunciones <\/a><a href=\"https:\/\/talkpal.ai\/es\/exercise_language\/estructura-de-la-oracion-gramatica-japonesa\/\">Estructura de la oraci\u00f3n <\/a><a href=\"https:\/\/talkpal.ai\/es\/exercise_language\/expresiones-gramatica-japonesa\/\">Expresiones \u2013 Gram\u00e1tica japonesa<\/a><a href=\"https:\/\/talkpal.ai\/es\/exercise_language\/honorificos-gramatica-japonesa\/\">Honor\u00edficos <\/a><a href=\"https:\/\/talkpal.ai\/es\/exercise_language\/numeros-gramatica-japonesa\/\">N\u00fameros <\/a><a href=\"https:\/\/talkpal.ai\/es\/exercise_language\/particulas-gramatica-japonesa\/\">Part\u00edculas <\/a><a href=\"https:\/\/talkpal.ai\/es\/exercise_language\/preposiciones-gramatica-japonesa\/\">Preposiciones <\/a><a href=\"https:\/\/talkpal.ai\/es\/exercise_language\/pronombres-gramatica-japonesa\/\">Pronombres <\/a><a href=\"https:\/\/talkpal.ai\/es\/exercise_language\/sustantivos-gramatica-japonesa\/\">Sustantivos <\/a><a href=\"https:\/\/talkpal.ai\/es\/exercise_language\/tiempos-verbales-gramatica-japonesa\/\">Tiempos verbales <\/a><a href=\"https:\/\/talkpal.ai\/es\/exercise_language\/verbos-gramatica-japonesa\/\">Verbos <\/a>    <\/div>\r\n<\/section> -->\r\n\r\n\r\n\r\n\r\n        <section class=\"grammarSection\">\r\n            <div class=\"grammarLinks\">\r\n                <a href=\"https:\/\/talkpal.ai\/es\/exercise_language\/adjetivos-gramatica-japonesa\/\">Adjetivos <\/a><a href=\"https:\/\/talkpal.ai\/es\/exercise_language\/adverbios-gramatica-japonesa\/\">Adverbios <\/a><a href=\"https:\/\/talkpal.ai\/es\/exercise_language\/conjugacion-de-verbos-gramatica-japonesa\/\">Conjugaci\u00f3n de verbos <\/a><a href=\"https:\/\/talkpal.ai\/es\/exercise_language\/conjunciones-gramatica-japonesa\/\">Conjunciones <\/a><a href=\"https:\/\/talkpal.ai\/es\/exercise_language\/estructura-de-la-oracion-gramatica-japonesa\/\">Estructura de la oraci\u00f3n <\/a><a href=\"https:\/\/talkpal.ai\/es\/exercise_language\/expresiones-gramatica-japonesa\/\">Expresiones \u2013 Gram\u00e1tica japonesa<\/a><a href=\"https:\/\/talkpal.ai\/es\/exercise_language\/honorificos-gramatica-japonesa\/\">Honor\u00edficos <\/a><a href=\"https:\/\/talkpal.ai\/es\/exercise_language\/numeros-gramatica-japonesa\/\">N\u00fameros <\/a><a href=\"https:\/\/talkpal.ai\/es\/exercise_language\/particulas-gramatica-japonesa\/\">Part\u00edculas <\/a><a href=\"https:\/\/talkpal.ai\/es\/exercise_language\/preposiciones-gramatica-japonesa\/\">Preposiciones <\/a><a href=\"https:\/\/talkpal.ai\/es\/exercise_language\/pronombres-gramatica-japonesa\/\">Pronombres <\/a><a href=\"https:\/\/talkpal.ai\/es\/exercise_language\/sustantivos-gramatica-japonesa\/\">Sustantivos <\/a><a href=\"https:\/\/talkpal.ai\/es\/exercise_language\/tiempos-verbales-gramatica-japonesa\/\">Tiempos verbales <\/a><a href=\"https:\/\/talkpal.ai\/es\/exercise_language\/verbos-gramatica-japonesa\/\">Verbos <\/a>            <\/div>\r\n        <\/section>\r\n<section class=\"promotionalBanner\">\r\n    <p class=\"promotionalText\">La forma m\u00e1s eficiente de aprender un idioma<\/p>\r\n    <a class=\"promotionalLink\" href=\"https:\/\/app.talkpal.ai\/es-es\/signup?lng=\">Prueba Talkpal gratis<\/a>\r\n<\/section>\n<div class=\"wp-block-group pageContainerStyle\"><div class=\"wp-block-group__inner-container is-layout-constrained wp-block-group-is-layout-constrained\">\n<h2 class=\"wp-block-heading\" id=\"h-japanese-grammar-topics\">Temas de gram\u00e1tica japonesa<\/h2>\n\n\n\n<p><a href=\"https:\/\/talkpal.ai\/es\/libros-para-aprender-japones\/\">Aprender japon\u00e9s<\/a> puede ser una experiencia emocionante y gratificante, ya que abre un mundo completamente nuevo de cultura, comunicaci\u00f3n y crecimiento personal. El <a href=\"https:\/\/talkpal.ai\/es\/descubre-nihongokyoukai-tu-puerta-al-mundo-del-idioma-japones\/\">idioma japon\u00e9s<\/a> tiene una estructura y un sistema gramatical \u00fanicos, que pueden parecer desalentadores al principio, pero se pueden dominar a trav\u00e9s de una pr\u00e1ctica consistente y un plan de aprendizaje bien organizado. Con el <a href=\"https:\/\/talkpal.ai\/learn-finnish\/\">fin<\/a> de facilitar su viaje en el mundo del japon\u00e9s, hemos agrupado los temas gramaticales esenciales en una secuencia que le ayudar\u00e1 a construir una base s\u00f3lida y progresar sin problemas. Al centrarse en estos elementos gramaticales, estar\u00e1 bien encaminado para lograr el dominio del japon\u00e9s.<\/p>\n\n\n\n<h3 class=\"wp-block-heading\" id=\"h-1-particles\">1. Part\u00edculas:<\/h3>\n\n\n\n<p>Las part\u00edculas son esenciales en japon\u00e9s, ya que indican la relaci\u00f3n entre las palabras en una oraci\u00f3n. Funcionan <a href=\"https:\/\/talkpal.ai\/locations\/language-courses-in-como\/\">como<\/a> <a href=\"https:\/\/talkpal.ai\/zh-hans\/grammar_exercises\/preposiciones-%e8%a5%bf%e7%8f%ad%e7%89%99%e8%af%ad%e6%b3%95%e7%bb%83%e4%b9%a0\/\">preposiciones<\/a> y postposiciones en otros idiomas. Aprender part\u00edculas como \u306f (wa), \u304c (ga), \u3092 (wo), \u306b (ni), \u3067 (de) y \u3068 (to) te ayudar\u00e1n a formar oraciones b\u00e1sicas y comprender la funci\u00f3n de cada palabra.<\/p>\n\n\n\n<h3 class=\"wp-block-heading\" id=\"h-2-nouns\">2. Sustantivos:<\/h3>\n\n\n\n<p>Familiarizarte con sustantivos comunes te permitir\u00e1 comenzar a construir tu vocabulario. Los sustantivos japoneses no <a href=\"https:\/\/talkpal.ai\/locations\/language-courses-in-tienen\/\">tienen<\/a> g\u00e9nero, n\u00famero o art\u00edculos, lo que simplifica el proceso de aprendizaje.<\/p>\n\n\n\n<h3 class=\"wp-block-heading\" id=\"h-3-pronouns\">3. Pronombres:<\/h3>\n\n\n\n<p>Los pronombres japoneses se usan para referirse a personas y cosas. Algunos pronombres comunes son \u79c1 (watashi &#8211; yo), \u3042\u306a\u305f (anata &#8211; t\u00fa), \u5f7c (kare &#8211; \u00e9l), \u5f7c\u5973 (kanojo &#8211; ella) y \u305d\u308c (sore &#8211; eso).<\/p>\n\n\n\n<h3 class=\"wp-block-heading\" id=\"h-4-verb-conjugation\">4. Conjugaci\u00f3n verbal:<\/h3>\n\n\n\n<p>Los verbos japoneses tienen diferentes conjugaciones basadas en el tiempo, la cortes\u00eda y otros factores. Aprender las formas verbales b\u00e1sicas, como la forma del diccionario, la forma -masu y la forma -te, te ayudar\u00e1 a expresar varias acciones y estados.<\/p>\n\n\n\n<h3 class=\"wp-block-heading\" id=\"h-5-tenses\">5. Tiempos verbales:<\/h3>\n\n\n\n<p>El japon\u00e9s tiene tiempos pasados y no pasados, y este \u00faltimo se usa para acciones presentes y futuras. Comprender c\u00f3mo conjugar verbos en estos tiempos te ayudar\u00e1 a expresar el tiempo con precisi\u00f3n.<\/p>\n\n\n\n<h3 class=\"wp-block-heading\" id=\"h-6-adjectives\">6. Adjetivos:<\/h3>\n\n\n\n<p>Los adjetivos japoneses se dividen en dos grupos: i-adjetivos y na-adjetivos. Aprender sus reglas de conjugaci\u00f3n y c\u00f3mo usarlas en oraciones te ayudar\u00e1 a describir objetos, personas y situaciones.<\/p>\n\n\n\n<h3 class=\"wp-block-heading\" id=\"h-7-adverbs\">7. Adverbios:<\/h3>\n\n\n\n<p>Los adverbios modifican verbos, adjetivos y otros adverbios, agregando matices a sus oraciones. Los adverbios japoneses m\u00e1s comunes son \u901f\u304f (hayaku &#8211; r\u00e1pidamente), \u3086\u3063\u304f\u308a (yukkuri &#8211; lentamente) y \u3068\u3066\u3082 (totemo &#8211; muy).<\/p>\n\n\n\n<h3 class=\"wp-block-heading\" id=\"h-8-prepositions\">8. Preposiciones:<\/h3>\n\n\n\n<p>Aunque el japon\u00e9s no tiene preposiciones como el espa\u00f1ol, algunas part\u00edculas funcionan de forma similar. Aprender estas part\u00edculas y sus usos te ayudar\u00e1 a expresar las relaciones espaciales y temporales.<\/p>\n\n\n\n<h3 class=\"wp-block-heading\" id=\"h-9-conjunctions\">9. Conjunciones:<\/h3>\n\n\n\n<p>Las conjunciones se utilizan para conectar palabras, frases y cl\u00e1usulas. Las conjunciones japonesas m\u00e1s comunes son \u305d\u3057\u3066 (soshite &#8211; y), \u3057\u304b\u3057 (shikashi &#8211; sin embargo) y \u3060\u304b\u3089 (dakara &#8211; por tanto).<\/p>\n\n\n\n<h3 class=\"wp-block-heading\" id=\"h-10-sentence-structure\">10. Estructura de la oraci\u00f3n:<\/h3>\n\n\n\n<p>El japon\u00e9s sigue una estructura de oraci\u00f3n sujeto-objeto-verbo (SOV). Comprender esta estructura y otros patrones de oraciones te ayudar\u00e1 a crear oraciones precisas y complejas.<\/p>\n\n\n\n<h3 class=\"wp-block-heading\" id=\"h-11-honorifics\">11. Honor\u00edficos:<\/h3>\n\n\n\n<p>El japon\u00e9s tiene un complejo sistema de honor\u00edficos que expresan cortes\u00eda y respeto. Aprender los conceptos b\u00e1sicos del discurso honor\u00edfico, como el uso de \u3067\u3059 (desu) y \u307e\u3059 (masu), te ayudar\u00e1 a navegar situaciones sociales.<\/p>\n\n\n\n<h3 class=\"wp-block-heading\" id=\"h-12-expressions\">12. Expresiones:<\/h3>\n\n\n\n<p>Familiarizarte con expresiones y modismos japoneses comunes te ayudar\u00e1 a sonar m\u00e1s natural y fluido en la conversaci\u00f3n.<\/p>\n\n\n\n<h3 class=\"wp-block-heading\" id=\"h-13-numbers\">13. N\u00fameros:<\/h3>\n\n\n\n<p>El japon\u00e9s tiene un sistema num\u00e9rico \u00fanico, con diferentes contadores para varios objetos. Aprender a contar y usar n\u00fameros en contexto es esencial para la comunicaci\u00f3n diaria.<\/p>\n\n\n\n<h3 class=\"wp-block-heading\" id=\"h-14-verbs\">14. Verbos:<\/h3>\n\n\n\n<p>Finalmente, ampliar tu vocabulario verbal te permitir\u00e1 expresar una amplia gama de acciones y estados, lo que te permitir\u00e1 comunicarte de manera m\u00e1s efectiva en japon\u00e9s.<\/p>\n<\/div><\/div>\n\r\n<section class=\"learnNavigationSection\">\r\n            \r\n        <a href=\"https:\/\/talkpal.ai\/es\/aprender-japones\/\">\r\n            <div class=\"learnNavigationWrapper\">\r\n                <div class=\"learnNavigationContent\">\r\n                    <img decoding=\"async\" src=\"https:\/\/talkpal.ai\/wp-content\/uploads\/2024\/08\/Japanese.jpg\" alt=\"Japanese Flag\">\r\n                    <div>\r\n                        <h4>Sobre el aprendizaje del japon\u00e9s<\/h4>\r\n                        <p>Desc\u00fabrelo todo sobre la gram\u00e1tica japonesa.<\/p>\r\n                    <\/div>\r\n                <\/div>\r\n            <\/div>\r\n        <\/a>\r\n\r\n        \r\n        <a href=\"https:\/\/talkpal.ai\/es\/gramatica-japonesa\/\">\r\n            <div class=\"learnNavigationWrapper\">\r\n                <div class=\"learnNavigationContent\">\r\n                    <img decoding=\"async\" src=\"https:\/\/talkpal.ai\/wp-content\/uploads\/2024\/08\/Japanese.jpg\" alt=\"Japanese Flag\">\r\n                    <div>\r\n                        <h4>Lecciones de gram\u00e1tica japonesa<\/h4>\r\n                        <p>Practica la gram\u00e1tica japonesa.<\/p>\r\n                    <\/div>\r\n                <\/div>\r\n            <\/div>\r\n        <\/a>\r\n\r\n        \r\n        <a href=\"https:\/\/talkpal.ai\/vocabulary_language\/japanese\/\">\r\n            <div class=\"learnNavigationWrapper\">\r\n                <div class=\"learnNavigationContent\">\r\n                    <img decoding=\"async\" src=\"https:\/\/talkpal.ai\/wp-content\/uploads\/2024\/08\/Japanese.jpg\" alt=\"Japanese Flag\">\r\n                    <div>\r\n                        <h4>Vocabulario japon\u00e9s<\/h4>\r\n                        <p>Ampl\u00eda tu vocabulario de japon\u00e9s.<\/p>\r\n                    <\/div>\r\n                <\/div>\r\n            <\/div>\r\n        <\/a>\r\n\r\n            <\/section>","protected":false},"excerpt":{"rendered":"<p>Temas de gram\u00e1tica japonesa Aprender japon\u00e9s puede ser una experiencia emocionante y gratificante, ya que abre un mundo completamente nuevo de cultura, comunicaci\u00f3n y crecimiento personal. El idioma japon\u00e9s tiene una estructura y un sistema gramatical \u00fanicos, que pueden parecer desalentadores al principio, pero se pueden dominar a trav\u00e9s de una pr\u00e1ctica consistente y un [&hellip;]<\/p>\n","protected":false},"author":6,"featured_media":11582,"parent":0,"menu_order":0,"comment_status":"closed","ping_status":"closed","template":"LearningContentPage.php","meta":{"_acf_changed":false,"footnotes":""},"class_list":["post-46485","page","type-page","status-publish","has-post-thumbnail","hentry"],"acf":[],"yoast_head":"<!-- This site is optimized with the Yoast SEO Premium plugin v27.2 (Yoast SEO v27.2) - https:\/\/yoast.com\/product\/yoast-seo-premium-wordpress\/ -->\n<title>Ejercicios de gram\u00e1tica japonesa - Talkpal<\/title>\n<meta name=\"description\" content=\"Mejora tus conocimientos de gram\u00e1tica japonesa: domina las estructuras oracionales, practica actividades interactivas y aumenta la fluidez\" \/>\n<meta name=\"robots\" content=\"index, follow, max-snippet:-1, max-image-preview:large, max-video-preview:-1\" \/>\n<link rel=\"canonical\" href=\"https:\/\/talkpal.ai\/es\/ejercicios-de-gramatica-japonesa\/\" \/>\n<meta property=\"og:locale\" content=\"es_ES\" \/>\n<meta property=\"og:type\" content=\"article\" \/>\n<meta property=\"og:title\" content=\"Ejercicios de gram\u00e1tica japonesa\" \/>\n<meta property=\"og:description\" content=\"Temas de gram\u00e1tica japonesa Aprender japon\u00e9s puede ser una experiencia emocionante y gratificante, ya que abre un mundo completamente nuevo de cultura,\" \/>\n<meta property=\"og:url\" content=\"https:\/\/talkpal.ai\/es\/ejercicios-de-gramatica-japonesa\/\" \/>\n<meta property=\"og:site_name\" content=\"Talkpal\" \/>\n<meta property=\"article:publisher\" content=\"https:\/\/www.facebook.com\/profile.php?id=100090733639311\" \/>\n<meta property=\"article:modified_time\" content=\"2025-12-17T16:55:34+00:00\" \/>\n<meta property=\"og:image\" content=\"https:\/\/talkpal.ai\/wp-content\/uploads\/2023\/04\/japan.png\" \/>\n\t<meta property=\"og:image:width\" content=\"512\" \/>\n\t<meta property=\"og:image:height\" content=\"512\" \/>\n\t<meta property=\"og:image:type\" content=\"image\/png\" \/>\n<meta name=\"twitter:card\" content=\"summary_large_image\" \/>\n<meta name=\"twitter:site\" content=\"@talkpalai\" \/>\n<meta name=\"twitter:label1\" content=\"Tiempo de lectura\" \/>\n\t<meta name=\"twitter:data1\" content=\"3 minutos\" \/>\n<script type=\"application\/ld+json\" class=\"yoast-schema-graph\">{\"@context\":\"https:\/\/schema.org\",\"@graph\":[{\"@type\":\"WebPage\",\"@id\":\"https:\/\/talkpal.ai\/es\/ejercicios-de-gramatica-japonesa\/\",\"url\":\"https:\/\/talkpal.ai\/es\/ejercicios-de-gramatica-japonesa\/\",\"name\":\"Ejercicios de gram\u00e1tica japonesa - Talkpal\",\"isPartOf\":{\"@id\":\"https:\/\/talkpal.ai\/es\/#website\"},\"primaryImageOfPage\":{\"@id\":\"https:\/\/talkpal.ai\/es\/ejercicios-de-gramatica-japonesa\/#primaryimage\"},\"image\":{\"@id\":\"https:\/\/talkpal.ai\/es\/ejercicios-de-gramatica-japonesa\/#primaryimage\"},\"thumbnailUrl\":\"https:\/\/talkpal.ai\/wp-content\/uploads\/2023\/04\/japan.png\",\"datePublished\":\"2023-06-16T10:21:59+00:00\",\"dateModified\":\"2025-12-17T16:55:34+00:00\",\"description\":\"Mejora tus conocimientos de gram\u00e1tica japonesa: domina las estructuras oracionales, practica actividades interactivas y aumenta la fluidez\",\"breadcrumb\":{\"@id\":\"https:\/\/talkpal.ai\/es\/ejercicios-de-gramatica-japonesa\/#breadcrumb\"},\"inLanguage\":\"es\",\"potentialAction\":[{\"@type\":\"ReadAction\",\"target\":[\"https:\/\/talkpal.ai\/es\/ejercicios-de-gramatica-japonesa\/\"]}]},{\"@type\":\"ImageObject\",\"inLanguage\":\"es\",\"@id\":\"https:\/\/talkpal.ai\/es\/ejercicios-de-gramatica-japonesa\/#primaryimage\",\"url\":\"https:\/\/talkpal.ai\/wp-content\/uploads\/2023\/04\/japan.png\",\"contentUrl\":\"https:\/\/talkpal.ai\/wp-content\/uploads\/2023\/04\/japan.png\",\"width\":512,\"height\":512},{\"@type\":\"BreadcrumbList\",\"@id\":\"https:\/\/talkpal.ai\/es\/ejercicios-de-gramatica-japonesa\/#breadcrumb\",\"itemListElement\":[{\"@type\":\"ListItem\",\"position\":1,\"name\":\"Homepage\",\"item\":\"https:\/\/talkpal.ai\/es\/\"},{\"@type\":\"ListItem\",\"position\":2,\"name\":\"Ejercicios de gram\u00e1tica japonesa\"}]},{\"@type\":\"WebSite\",\"@id\":\"https:\/\/talkpal.ai\/es\/#website\",\"url\":\"https:\/\/talkpal.ai\/es\/\",\"name\":\"Talkpal\",\"description\":\"AI Language Learning\",\"publisher\":{\"@id\":\"https:\/\/talkpal.ai\/es\/#organization\"},\"alternateName\":\"Talkpal AI\",\"potentialAction\":[{\"@type\":\"SearchAction\",\"target\":{\"@type\":\"EntryPoint\",\"urlTemplate\":\"https:\/\/talkpal.ai\/es\/?s={search_term_string}\"},\"query-input\":{\"@type\":\"PropertyValueSpecification\",\"valueRequired\":true,\"valueName\":\"search_term_string\"}}],\"inLanguage\":\"es\"},{\"@type\":\"Organization\",\"@id\":\"https:\/\/talkpal.ai\/es\/#organization\",\"name\":\"Talkpal, Inc.\",\"alternateName\":\"Talkpal AI\",\"url\":\"https:\/\/talkpal.ai\/es\/\",\"logo\":{\"@type\":\"ImageObject\",\"inLanguage\":\"es\",\"@id\":\"https:\/\/talkpal.ai\/es\/#\/schema\/logo\/image\/\",\"url\":\"https:\/\/talkpal.ai\/wp-content\/uploads\/2024\/03\/Talkpal-Logo-Icon.png\",\"contentUrl\":\"https:\/\/talkpal.ai\/wp-content\/uploads\/2024\/03\/Talkpal-Logo-Icon.png\",\"width\":2880,\"height\":2880,\"caption\":\"Talkpal, Inc.\"},\"image\":{\"@id\":\"https:\/\/talkpal.ai\/es\/#\/schema\/logo\/image\/\"},\"sameAs\":[\"https:\/\/www.facebook.com\/profile.php?id=100090733639311\",\"https:\/\/x.com\/talkpalai\",\"https:\/\/www.linkedin.com\/company\/talkpal\/\",\"https:\/\/www.youtube.com\/@TalkPal\/\",\"https:\/\/www.tiktok.com\/@talkpal\",\"https:\/\/www.instagram.com\/talkpal_ai\/\",\"https:\/\/www.crunchbase.com\/organization\/talkpal-9cde\",\"https:\/\/www.g2.com\/products\/talkpal-for-business\/\",\"https:\/\/www.trustpilot.com\/review\/talkpal.ai\",\"https:\/\/www.capterra.com\/p\/10006800\/TalkPal\/\"],\"description\":\"Talkpal is a language learning web and mobile education app, powered by the latest AI technologies, that provides engaging experiences to its customers in many different languages to help them improve their language skills. Users can chat about unlimited amount of topics with the app and use other modes to practice their language learning.\",\"email\":\"support@talkpal.ai\",\"legalName\":\"Talkpal, Inc.\",\"foundingDate\":\"2023-04-03\",\"duns\":\"118989042\",\"numberOfEmployees\":{\"@type\":\"QuantitativeValue\",\"minValue\":\"11\",\"maxValue\":\"50\"},\"publishingPrinciples\":\"https:\/\/talkpal.ai\/publishing-principles\/\",\"actionableFeedbackPolicy\":\"https:\/\/talkpal.ai\/actionable-feedback-policy\/\",\"correctionsPolicy\":\"https:\/\/talkpal.ai\/corrections-policy\/\",\"ethicsPolicy\":\"https:\/\/talkpal.ai\/ethics-policy\/\",\"diversityPolicy\":\"https:\/\/talkpal.ai\/diversity-policy\/\",\"diversityStaffingReport\":\"https:\/\/talkpal.ai\/diversity-policy\/\"}]}<\/script>\n<!-- \/ Yoast SEO Premium plugin. -->","yoast_head_json":{"title":"Ejercicios de gram\u00e1tica japonesa - Talkpal","description":"Mejora tus conocimientos de gram\u00e1tica japonesa: domina las estructuras oracionales, practica actividades interactivas y aumenta la fluidez","robots":{"index":"index","follow":"follow","max-snippet":"max-snippet:-1","max-image-preview":"max-image-preview:large","max-video-preview":"max-video-preview:-1"},"canonical":"https:\/\/talkpal.ai\/es\/ejercicios-de-gramatica-japonesa\/","og_locale":"es_ES","og_type":"article","og_title":"Ejercicios de gram\u00e1tica japonesa","og_description":"Temas de gram\u00e1tica japonesa Aprender japon\u00e9s puede ser una experiencia emocionante y gratificante, ya que abre un mundo completamente nuevo de cultura,","og_url":"https:\/\/talkpal.ai\/es\/ejercicios-de-gramatica-japonesa\/","og_site_name":"Talkpal","article_publisher":"https:\/\/www.facebook.com\/profile.php?id=100090733639311","article_modified_time":"2025-12-17T16:55:34+00:00","og_image":[{"width":512,"height":512,"url":"https:\/\/talkpal.ai\/wp-content\/uploads\/2023\/04\/japan.png","type":"image\/png"}],"twitter_card":"summary_large_image","twitter_site":"@talkpalai","twitter_misc":{"Tiempo de lectura":"3 minutos"},"schema":{"@context":"https:\/\/schema.org","@graph":[{"@type":"WebPage","@id":"https:\/\/talkpal.ai\/es\/ejercicios-de-gramatica-japonesa\/","url":"https:\/\/talkpal.ai\/es\/ejercicios-de-gramatica-japonesa\/","name":"Ejercicios de gram\u00e1tica japonesa - Talkpal","isPartOf":{"@id":"https:\/\/talkpal.ai\/es\/#website"},"primaryImageOfPage":{"@id":"https:\/\/talkpal.ai\/es\/ejercicios-de-gramatica-japonesa\/#primaryimage"},"image":{"@id":"https:\/\/talkpal.ai\/es\/ejercicios-de-gramatica-japonesa\/#primaryimage"},"thumbnailUrl":"https:\/\/talkpal.ai\/wp-content\/uploads\/2023\/04\/japan.png","datePublished":"2023-06-16T10:21:59+00:00","dateModified":"2025-12-17T16:55:34+00:00","description":"Mejora tus conocimientos de gram\u00e1tica japonesa: domina las estructuras oracionales, practica actividades interactivas y aumenta la fluidez","breadcrumb":{"@id":"https:\/\/talkpal.ai\/es\/ejercicios-de-gramatica-japonesa\/#breadcrumb"},"inLanguage":"es","potentialAction":[{"@type":"ReadAction","target":["https:\/\/talkpal.ai\/es\/ejercicios-de-gramatica-japonesa\/"]}]},{"@type":"ImageObject","inLanguage":"es","@id":"https:\/\/talkpal.ai\/es\/ejercicios-de-gramatica-japonesa\/#primaryimage","url":"https:\/\/talkpal.ai\/wp-content\/uploads\/2023\/04\/japan.png","contentUrl":"https:\/\/talkpal.ai\/wp-content\/uploads\/2023\/04\/japan.png","width":512,"height":512},{"@type":"BreadcrumbList","@id":"https:\/\/talkpal.ai\/es\/ejercicios-de-gramatica-japonesa\/#breadcrumb","itemListElement":[{"@type":"ListItem","position":1,"name":"Homepage","item":"https:\/\/talkpal.ai\/es\/"},{"@type":"ListItem","position":2,"name":"Ejercicios de gram\u00e1tica japonesa"}]},{"@type":"WebSite","@id":"https:\/\/talkpal.ai\/es\/#website","url":"https:\/\/talkpal.ai\/es\/","name":"Talkpal","description":"AI Language Learning","publisher":{"@id":"https:\/\/talkpal.ai\/es\/#organization"},"alternateName":"Talkpal AI","potentialAction":[{"@type":"SearchAction","target":{"@type":"EntryPoint","urlTemplate":"https:\/\/talkpal.ai\/es\/?s={search_term_string}"},"query-input":{"@type":"PropertyValueSpecification","valueRequired":true,"valueName":"search_term_string"}}],"inLanguage":"es"},{"@type":"Organization","@id":"https:\/\/talkpal.ai\/es\/#organization","name":"Talkpal, Inc.","alternateName":"Talkpal AI","url":"https:\/\/talkpal.ai\/es\/","logo":{"@type":"ImageObject","inLanguage":"es","@id":"https:\/\/talkpal.ai\/es\/#\/schema\/logo\/image\/","url":"https:\/\/talkpal.ai\/wp-content\/uploads\/2024\/03\/Talkpal-Logo-Icon.png","contentUrl":"https:\/\/talkpal.ai\/wp-content\/uploads\/2024\/03\/Talkpal-Logo-Icon.png","width":2880,"height":2880,"caption":"Talkpal, Inc."},"image":{"@id":"https:\/\/talkpal.ai\/es\/#\/schema\/logo\/image\/"},"sameAs":["https:\/\/www.facebook.com\/profile.php?id=100090733639311","https:\/\/x.com\/talkpalai","https:\/\/www.linkedin.com\/company\/talkpal\/","https:\/\/www.youtube.com\/@TalkPal\/","https:\/\/www.tiktok.com\/@talkpal","https:\/\/www.instagram.com\/talkpal_ai\/","https:\/\/www.crunchbase.com\/organization\/talkpal-9cde","https:\/\/www.g2.com\/products\/talkpal-for-business\/","https:\/\/www.trustpilot.com\/review\/talkpal.ai","https:\/\/www.capterra.com\/p\/10006800\/TalkPal\/"],"description":"Talkpal is a language learning web and mobile education app, powered by the latest AI technologies, that provides engaging experiences to its customers in many different languages to help them improve their language skills. Users can chat about unlimited amount of topics with the app and use other modes to practice their language learning.","email":"support@talkpal.ai","legalName":"Talkpal, Inc.","foundingDate":"2023-04-03","duns":"118989042","numberOfEmployees":{"@type":"QuantitativeValue","minValue":"11","maxValue":"50"},"publishingPrinciples":"https:\/\/talkpal.ai\/publishing-principles\/","actionableFeedbackPolicy":"https:\/\/talkpal.ai\/actionable-feedback-policy\/","correctionsPolicy":"https:\/\/talkpal.ai\/corrections-policy\/","ethicsPolicy":"https:\/\/talkpal.ai\/ethics-policy\/","diversityPolicy":"https:\/\/talkpal.ai\/diversity-policy\/","diversityStaffingReport":"https:\/\/talkpal.ai\/diversity-policy\/"}]}},"_links":{"self":[{"href":"https:\/\/talkpal.ai\/es\/wp-json\/wp\/v2\/pages\/46485","targetHints":{"allow":["GET"]}}],"collection":[{"href":"https:\/\/talkpal.ai\/es\/wp-json\/wp\/v2\/pages"}],"about":[{"href":"https:\/\/talkpal.ai\/es\/wp-json\/wp\/v2\/types\/page"}],"author":[{"embeddable":true,"href":"https:\/\/talkpal.ai\/es\/wp-json\/wp\/v2\/users\/6"}],"replies":[{"embeddable":true,"href":"https:\/\/talkpal.ai\/es\/wp-json\/wp\/v2\/comments?post=46485"}],"version-history":[{"count":0,"href":"https:\/\/talkpal.ai\/es\/wp-json\/wp\/v2\/pages\/46485\/revisions"}],"wp:featuredmedia":[{"embeddable":true,"href":"https:\/\/talkpal.ai\/es\/wp-json\/wp\/v2\/media\/11582"}],"wp:attachment":[{"href":"https:\/\/talkpal.ai\/es\/wp-json\/wp\/v2\/media?parent=46485"}],"curies":[{"name":"wp","href":"https:\/\/api.w.org\/{rel}","templated":true}]}}