{"id":46475,"date":"2023-06-16T09:41:10","date_gmt":"2023-06-16T09:41:10","guid":{"rendered":"http:\/\/talkpal.ai\/ejercicios-de-gramatica-neerlandesa\/"},"modified":"2025-12-17T15:27:15","modified_gmt":"2025-12-17T15:27:15","slug":"ejercicios-de-gramatica-neerlandesa","status":"publish","type":"page","link":"https:\/\/talkpal.ai\/es\/ejercicios-de-gramatica-neerlandesa\/","title":{"rendered":"Ejercicios de gram\u00e1tica neerlandesa"},"content":{"rendered":"\r\n\r\n\r\n<section class=\"languageChallengeSection\">\r\n    <div class=\"languageInfoWrapper\">\r\n        \r\n        <h1>Ejercicios de gram\u00e1tica neerlandesa<\/h1>\r\n        <p>\u00bfQuieres tener m\u00e1s confianza en holand\u00e9s? Practicar ejercicios de gram\u00e1tica es una forma estupenda de dominar la estructura de las frases, las conjugaciones verbales y los patrones \u00fanicos de la lengua neerlandesa. \u00a1Empieza a trabajar la gram\u00e1tica holandesa hoy mismo y observa c\u00f3mo crecen tus habilidades y tu fluidez con cada ejercicio!\n\n<\/p>\r\n\r\n                            <a class=\"getStartedHidden\" href=\"https:\/\/app.talkpal.ai\/es-es\/signup?lng=\">Comenzar<\/a>\r\n        \r\n    <\/div>\r\n\r\n    <figure>\r\n    <img decoding=\"async\" width=\"768\" height=\"768\" src=\"https:\/\/talkpal.ai\/wp-content\/uploads\/2023\/06\/Dutch-768x768.png\" class=\"languageImage no-lazy\" alt=\"Default alt text\" fetchpriority=\"high\" sizes=\"(max-width: 768px) 150px, 768px\" srcset=\"https:\/\/talkpal.ai\/wp-content\/uploads\/2023\/06\/Dutch-768x768.png 768w, https:\/\/talkpal.ai\/wp-content\/uploads\/2023\/06\/Dutch-300x300.png 300w\" \/>\r\n    \r\n\r\n    <\/figure>\r\n\r\n            <a class=\"getStartedVisible\" href=\"https:\/\/app.talkpal.ai\/es-es\/signup?lng=\">Comenzar<\/a>\r\n    \r\n<\/section>\r\n\r\n\r\n<!-- <section class=\"grammarSection\">\r\n    <div class=\"grammarLinks\">\r\n        <a href=\"https:\/\/talkpal.ai\/es\/exercise_language\/adjetivos-gramatica-holandesa\/\">Adjetivos <\/a><a href=\"https:\/\/talkpal.ai\/es\/exercise_language\/adverbios-gramatica-holandesa\/\">Adverbios <\/a><a href=\"https:\/\/talkpal.ai\/es\/exercise_language\/articulos-gramatica-holandesa\/\">Art\u00edculos <\/a><a href=\"https:\/\/talkpal.ai\/es\/exercise_language\/comparacion-de-tiempos-gramatica-holandesa\/\">Comparaci\u00f3n de tiempos <\/a><a href=\"https:\/\/talkpal.ai\/es\/exercise_language\/estructura-de-la-oracion-gramatica-holandesa\/\">Estructura de la oraci\u00f3n<\/a><a href=\"https:\/\/talkpal.ai\/es\/exercise_language\/preposiciones-gramatica-holandesa\/\">Preposiciones <\/a><a href=\"https:\/\/talkpal.ai\/es\/exercise_language\/pronombres-gramatica-holandesa\/\">Pronombres <\/a><a href=\"https:\/\/talkpal.ai\/es\/exercise_language\/sustantivos-gramatica-holandesa\/\">Sustantivos <\/a><a href=\"https:\/\/talkpal.ai\/es\/exercise_language\/tiempos-subjuntivos-gramatica-holandesa\/\">Tiempos subjuntivos <\/a><a href=\"https:\/\/talkpal.ai\/es\/exercise_language\/tiempos-verbales-indicativos-gramatica-holandesa\/\">Tiempos verbales indicativos <\/a><a href=\"https:\/\/talkpal.ai\/es\/exercise_language\/verbos-gramatica-holandesa\/\">Verbos <\/a>    <\/div>\r\n<\/section> -->\r\n\r\n\r\n\r\n\r\n        <section class=\"grammarSection\">\r\n            <div class=\"grammarLinks\">\r\n                <a href=\"https:\/\/talkpal.ai\/es\/exercise_language\/adjetivos-gramatica-holandesa\/\">Adjetivos <\/a><a href=\"https:\/\/talkpal.ai\/es\/exercise_language\/adverbios-gramatica-holandesa\/\">Adverbios <\/a><a href=\"https:\/\/talkpal.ai\/es\/exercise_language\/articulos-gramatica-holandesa\/\">Art\u00edculos <\/a><a href=\"https:\/\/talkpal.ai\/es\/exercise_language\/comparacion-de-tiempos-gramatica-holandesa\/\">Comparaci\u00f3n de tiempos <\/a><a href=\"https:\/\/talkpal.ai\/es\/exercise_language\/estructura-de-la-oracion-gramatica-holandesa\/\">Estructura de la oraci\u00f3n<\/a><a href=\"https:\/\/talkpal.ai\/es\/exercise_language\/preposiciones-gramatica-holandesa\/\">Preposiciones <\/a><a href=\"https:\/\/talkpal.ai\/es\/exercise_language\/pronombres-gramatica-holandesa\/\">Pronombres <\/a><a href=\"https:\/\/talkpal.ai\/es\/exercise_language\/sustantivos-gramatica-holandesa\/\">Sustantivos <\/a><a href=\"https:\/\/talkpal.ai\/es\/exercise_language\/tiempos-subjuntivos-gramatica-holandesa\/\">Tiempos subjuntivos <\/a><a href=\"https:\/\/talkpal.ai\/es\/exercise_language\/tiempos-verbales-indicativos-gramatica-holandesa\/\">Tiempos verbales indicativos <\/a><a href=\"https:\/\/talkpal.ai\/es\/exercise_language\/verbos-gramatica-holandesa\/\">Verbos <\/a>            <\/div>\r\n        <\/section>\r\n<section class=\"promotionalBanner\">\r\n    <p class=\"promotionalText\">La forma m\u00e1s eficiente de aprender un idioma<\/p>\r\n    <a class=\"promotionalLink\" href=\"https:\/\/app.talkpal.ai\/es-es\/signup?lng=\">Prueba Talkpal gratis<\/a>\r\n<\/section>\n<div class=\"wp-block-group pageContainerStyle\"><div class=\"wp-block-group__inner-container is-layout-constrained wp-block-group-is-layout-constrained\">\n<h2 class=\"wp-block-heading\" id=\"h-dutch-grammar-topics\">Temas de gram\u00e1tica neerlandesa<\/h2>\n\n\n\n<p>Aprender neerland\u00e9s puede ser una experiencia emocionante y gratificante, ya que abre las puertas a una rica cultura, historia y oportunidades de crecimiento personal y profesional. El neerland\u00e9s, aunque estrechamente emparentado con el <a href=\"https:\/\/talkpal.ai\/es\/locations\/aprende-ingles-en-orange\/\">ingl\u00e9s<\/a> y el <a href=\"https:\/\/talkpal.ai\/learn-german\/\">alem\u00e1n<\/a>, tiene sus propias reglas gramaticales y estructuras, que pueden parecer dif\u00edciles al principio. <a href=\"https:\/\/talkpal.ai\/culture\/how-do-i-use-the-expression-sin-embargo\/\">Sin embargo<\/a>, con dedicaci\u00f3n y el enfoque adecuado, podr\u00e1 dominar la lengua neerlandesa y comunicarse con fluidez con hablantes nativos. En esta gu\u00eda, exploraremos algunos temas esenciales de la <a href=\"https:\/\/talkpal.ai\/dutch-grammar\/\">gram\u00e1tica neerlandesa<\/a>, agrupados en una secuencia que le ayudar\u00e1 a <a href=\"https:\/\/talkpal.ai\/learn-languages-with-ai\/\">aprender el idioma<\/a> de forma sistem\u00e1tica y eficaz.<\/p>\n\n\n\n<h3 class=\"wp-block-heading\" id=\"h-1-nouns-and-articles\">1. Sustantivos y art\u00edculos:<\/h3>\n\n\n\n<p>Empiece por familiarizarse con los sustantivos neerlandeses y su clasificaci\u00f3n por g\u00e9nero (com\u00fan y neutro). Aprende los <a href=\"https:\/\/talkpal.ai\/es\/grammar\/articulos-definidos-en-gramatica-china\/\">art\u00edculos definidos<\/a> e indefinidos que los acompa\u00f1an, as\u00ed <a href=\"https:\/\/talkpal.ai\/locations\/language-courses-in-como\/\">como<\/a> las formas plurales y las <a href=\"https:\/\/talkpal.ai\/zh-hans\/grammar_exercises\/terminaciones-%e8%a5%bf%e7%8f%ad%e7%89%99%e8%af%ad%e6%b3%95%e7%bb%83%e4%b9%a0\/\">terminaciones<\/a> diminutivas.<\/p>\n\n\n\n<h3 class=\"wp-block-heading\" id=\"h-2-adjectives\">2. Adjetivos:<\/h3>\n\n\n\n<p>A continuaci\u00f3n, estudia las reglas de concordancia de los adjetivos con los sustantivos en cuanto a g\u00e9nero, n\u00famero y presencia de art\u00edculos definidos. Aprende c\u00f3mo se declinan los adjetivos en funci\u00f3n de estos factores y a utilizar las formas comparativa y superlativa.<\/p>\n\n\n\n<h3 class=\"wp-block-heading\" id=\"h-3-pronouns\">3. Pronombres:<\/h3>\n\n\n\n<p>Sum\u00e9rjase en el mundo de los pronombres holandeses: personales, posesivos, demostrativos, reflexivos y relativos. Comprender c\u00f3mo sustituyen a los sustantivos y c\u00f3mo concuerdan con ellos en g\u00e9nero y n\u00famero.<\/p>\n\n\n\n<h3 class=\"wp-block-heading\" id=\"h-4-verbs\">4. Verbos:<\/h3>\n\n\n\n<p>Ahora, conc\u00e9ntrese en los verbos holandeses y sus patrones de conjugaci\u00f3n en los tiempos presente, pasado y futuro. Aprende la diferencia entre verbos fuertes, d\u00e9biles e irregulares, y familiar\u00edzate con las reglas para formar los tiempos perfecto y pluscuamperfecto.<\/p>\n\n\n\n<h3 class=\"wp-block-heading\" id=\"h-5-tenses-indicative\">5. Tiempos verbales Indicativo:<\/h3>\n\n\n\n<p>Estudia el modo indicativo en neerland\u00e9s, que se utiliza para expresar afirmaciones de hecho y probabilidad. Aprenda a conjugar los verbos en presente, pasado y futuro en este modo, as\u00ed como las formas condicional e imperativa.<\/p>\n\n\n\n<h3 class=\"wp-block-heading\" id=\"h-6-tenses-subjunctive\">6. Tiempos Subjuntivo:<\/h3>\n\n\n\n<p>Aunque menos com\u00fan en el neerland\u00e9s moderno, el modo subjuntivo es esencial para comprender textos antiguos y el lenguaje formal. Aprende a formar el modo subjuntivo en neerland\u00e9s y cu\u00e1ndo utilizarlo.<\/p>\n\n\n\n<h3 class=\"wp-block-heading\" id=\"h-7-tense-comparison\">7. Comparaci\u00f3n de tiempos:<\/h3>\n\n\n\n<p>Despu\u00e9s de dominar los distintos tiempos verbales, c\u00e9ntrate en comprender las diferencias y similitudes entre ellos. Aprenda a utilizar correctamente cada tiempo verbal en su contexto y c\u00f3mo interact\u00faan entre s\u00ed.<\/p>\n\n\n\n<h3 class=\"wp-block-heading\" id=\"h-8-adverbs\">8. Adverbios:<\/h3>\n\n\n\n<p>Estudiar los adverbios neerlandeses y sus distintas funciones en las frases. Aprende a formar adverbios a partir de adjetivos y a utilizarlos para modificar verbos, adjetivos y otros adverbios.<\/p>\n\n\n\n<h3 class=\"wp-block-heading\" id=\"h-9-prepositions\">9. Preposiciones:<\/h3>\n\n\n\n<p>Desarrollar una s\u00f3lida comprensi\u00f3n de las preposiciones holandesas y su uso con sustantivos, pronombres y verbos. Aprende c\u00f3mo expresan las relaciones en el tiempo, el espacio y otros contextos.<\/p>\n\n\n\n<h3 class=\"wp-block-heading\" id=\"h-10-sentence-structure\">10. Estructura de la oraci\u00f3n:<\/h3>\n\n\n\n<p>Por \u00faltimo, re\u00fanalo todo estudiando la estructura de las frases y el orden de las palabras en neerland\u00e9s. Aprender las reglas de construcci\u00f3n de oraciones simples y complejas, incluidas las oraciones declarativas, interrogativas, imperativas y exclamativas.<\/p>\n\n\n\n<p>Siguiendo esta secuencia de temas gramaticales y dedicando tiempo a la pr\u00e1ctica y al repaso, estar\u00e1s en el buen camino para dominar la lengua neerlandesa. Recuerde que la constancia y la paciencia son fundamentales para aprender un nuevo idioma. Buena suerte y disfrute del viaje.<\/p>\n<\/div><\/div>\n\r\n<section class=\"learnNavigationSection\">\r\n            \r\n        <a href=\"https:\/\/talkpal.ai\/es\/aprender-neerlandes\/\">\r\n            <div class=\"learnNavigationWrapper\">\r\n                <div class=\"learnNavigationContent\">\r\n                    <img decoding=\"async\" src=\"https:\/\/talkpal.ai\/wp-content\/uploads\/2024\/08\/Dutch.jpg\" alt=\"Netherlands Flag\">\r\n                    <div>\r\n                        <h4>Acerca de Dutch Learning<\/h4>\r\n                        <p>Descubra todo sobre la gram\u00e1tica neerlandesa.<\/p>\r\n                    <\/div>\r\n                <\/div>\r\n            <\/div>\r\n        <\/a>\r\n\r\n        \r\n        <a href=\"https:\/\/talkpal.ai\/es\/gramatica-holandesa\/\">\r\n            <div class=\"learnNavigationWrapper\">\r\n                <div class=\"learnNavigationContent\">\r\n                    <img decoding=\"async\" src=\"https:\/\/talkpal.ai\/wp-content\/uploads\/2024\/08\/Dutch.jpg\" alt=\"Netherlands Flag\">\r\n                    <div>\r\n                        <h4>Lecciones de gram\u00e1tica neerlandesa<\/h4>\r\n                        <p>Practica la gram\u00e1tica holandesa.<\/p>\r\n                    <\/div>\r\n                <\/div>\r\n            <\/div>\r\n        <\/a>\r\n\r\n        \r\n        <a href=\"https:\/\/talkpal.ai\/vocabulary_language\/dutch\/\">\r\n            <div class=\"learnNavigationWrapper\">\r\n                <div class=\"learnNavigationContent\">\r\n                    <img decoding=\"async\" src=\"https:\/\/talkpal.ai\/wp-content\/uploads\/2024\/08\/Dutch.jpg\" alt=\"Netherlands Flag\">\r\n                    <div>\r\n                        <h4>Vocabulario neerland\u00e9s<\/h4>\r\n                        <p>Ampl\u00eda tu vocabulario de neerland\u00e9s.<\/p>\r\n                    <\/div>\r\n                <\/div>\r\n            <\/div>\r\n        <\/a>\r\n\r\n            <\/section>","protected":false},"excerpt":{"rendered":"<p>Temas de gram\u00e1tica neerlandesa Aprender neerland\u00e9s puede ser una experiencia emocionante y gratificante, ya que abre las puertas a una rica cultura, historia y oportunidades de crecimiento personal y profesional. El neerland\u00e9s, aunque estrechamente emparentado con el ingl\u00e9s y el alem\u00e1n, tiene sus propias reglas gramaticales y estructuras, que pueden parecer dif\u00edciles al principio. Sin [&hellip;]<\/p>\n","protected":false},"author":6,"featured_media":11589,"parent":0,"menu_order":0,"comment_status":"closed","ping_status":"closed","template":"LearningContentPage.php","meta":{"_acf_changed":false,"footnotes":""},"class_list":["post-46475","page","type-page","status-publish","has-post-thumbnail","hentry"],"acf":[],"yoast_head":"<!-- This site is optimized with the Yoast SEO Premium plugin v27.2 (Yoast SEO v27.2) - https:\/\/yoast.com\/product\/yoast-seo-premium-wordpress\/ -->\n<title>Ejercicios de gram\u00e1tica neerlandesa - Talkpal<\/title>\n<meta name=\"description\" content=\"Mejora tus habilidades ling\u00fc\u00edsticas con los ejercicios interactivos de gram\u00e1tica holandesa de Talkpaltu tutor de idiomas con inteligencia artificial.\" \/>\n<meta name=\"robots\" content=\"index, follow, max-snippet:-1, max-image-preview:large, max-video-preview:-1\" \/>\n<link rel=\"canonical\" href=\"https:\/\/talkpal.ai\/es\/ejercicios-de-gramatica-neerlandesa\/\" \/>\n<meta property=\"og:locale\" content=\"es_ES\" \/>\n<meta property=\"og:type\" content=\"article\" \/>\n<meta property=\"og:title\" content=\"Ejercicios de gram\u00e1tica neerlandesa\" \/>\n<meta property=\"og:description\" content=\"Temas de gram\u00e1tica neerlandesa Aprender neerland\u00e9s puede ser una experiencia emocionante y gratificante, ya que abre las puertas a una rica cultura,\" \/>\n<meta property=\"og:url\" content=\"https:\/\/talkpal.ai\/es\/ejercicios-de-gramatica-neerlandesa\/\" \/>\n<meta property=\"og:site_name\" content=\"Talkpal\" \/>\n<meta property=\"article:publisher\" content=\"https:\/\/www.facebook.com\/profile.php?id=100090733639311\" \/>\n<meta property=\"article:modified_time\" content=\"2025-12-17T15:27:15+00:00\" \/>\n<meta property=\"og:image\" content=\"https:\/\/talkpal.ai\/wp-content\/uploads\/2023\/04\/netherlands-dutch.png\" \/>\n\t<meta property=\"og:image:width\" content=\"512\" \/>\n\t<meta property=\"og:image:height\" content=\"512\" \/>\n\t<meta property=\"og:image:type\" content=\"image\/png\" \/>\n<meta name=\"twitter:card\" content=\"summary_large_image\" \/>\n<meta name=\"twitter:site\" content=\"@talkpalai\" \/>\n<meta name=\"twitter:label1\" content=\"Tiempo de lectura\" \/>\n\t<meta name=\"twitter:data1\" content=\"3 minutos\" \/>\n<script type=\"application\/ld+json\" class=\"yoast-schema-graph\">{\"@context\":\"https:\/\/schema.org\",\"@graph\":[{\"@type\":\"WebPage\",\"@id\":\"https:\/\/talkpal.ai\/es\/ejercicios-de-gramatica-neerlandesa\/\",\"url\":\"https:\/\/talkpal.ai\/es\/ejercicios-de-gramatica-neerlandesa\/\",\"name\":\"Ejercicios de gram\u00e1tica neerlandesa - Talkpal\",\"isPartOf\":{\"@id\":\"https:\/\/talkpal.ai\/es\/#website\"},\"primaryImageOfPage\":{\"@id\":\"https:\/\/talkpal.ai\/es\/ejercicios-de-gramatica-neerlandesa\/#primaryimage\"},\"image\":{\"@id\":\"https:\/\/talkpal.ai\/es\/ejercicios-de-gramatica-neerlandesa\/#primaryimage\"},\"thumbnailUrl\":\"https:\/\/talkpal.ai\/wp-content\/uploads\/2023\/04\/netherlands-dutch.png\",\"datePublished\":\"2023-06-16T09:41:10+00:00\",\"dateModified\":\"2025-12-17T15:27:15+00:00\",\"description\":\"Mejora tus habilidades ling\u00fc\u00edsticas con los ejercicios interactivos de gram\u00e1tica holandesa de Talkpaltu tutor de idiomas con inteligencia artificial.\",\"breadcrumb\":{\"@id\":\"https:\/\/talkpal.ai\/es\/ejercicios-de-gramatica-neerlandesa\/#breadcrumb\"},\"inLanguage\":\"es\",\"potentialAction\":[{\"@type\":\"ReadAction\",\"target\":[\"https:\/\/talkpal.ai\/es\/ejercicios-de-gramatica-neerlandesa\/\"]}]},{\"@type\":\"ImageObject\",\"inLanguage\":\"es\",\"@id\":\"https:\/\/talkpal.ai\/es\/ejercicios-de-gramatica-neerlandesa\/#primaryimage\",\"url\":\"https:\/\/talkpal.ai\/wp-content\/uploads\/2023\/04\/netherlands-dutch.png\",\"contentUrl\":\"https:\/\/talkpal.ai\/wp-content\/uploads\/2023\/04\/netherlands-dutch.png\",\"width\":512,\"height\":512},{\"@type\":\"BreadcrumbList\",\"@id\":\"https:\/\/talkpal.ai\/es\/ejercicios-de-gramatica-neerlandesa\/#breadcrumb\",\"itemListElement\":[{\"@type\":\"ListItem\",\"position\":1,\"name\":\"Homepage\",\"item\":\"https:\/\/talkpal.ai\/es\/\"},{\"@type\":\"ListItem\",\"position\":2,\"name\":\"Ejercicios de gram\u00e1tica neerlandesa\"}]},{\"@type\":\"WebSite\",\"@id\":\"https:\/\/talkpal.ai\/es\/#website\",\"url\":\"https:\/\/talkpal.ai\/es\/\",\"name\":\"Talkpal\",\"description\":\"AI Language Learning\",\"publisher\":{\"@id\":\"https:\/\/talkpal.ai\/es\/#organization\"},\"alternateName\":\"Talkpal AI\",\"potentialAction\":[{\"@type\":\"SearchAction\",\"target\":{\"@type\":\"EntryPoint\",\"urlTemplate\":\"https:\/\/talkpal.ai\/es\/?s={search_term_string}\"},\"query-input\":{\"@type\":\"PropertyValueSpecification\",\"valueRequired\":true,\"valueName\":\"search_term_string\"}}],\"inLanguage\":\"es\"},{\"@type\":\"Organization\",\"@id\":\"https:\/\/talkpal.ai\/es\/#organization\",\"name\":\"Talkpal, Inc.\",\"alternateName\":\"Talkpal AI\",\"url\":\"https:\/\/talkpal.ai\/es\/\",\"logo\":{\"@type\":\"ImageObject\",\"inLanguage\":\"es\",\"@id\":\"https:\/\/talkpal.ai\/es\/#\/schema\/logo\/image\/\",\"url\":\"https:\/\/talkpal.ai\/wp-content\/uploads\/2024\/03\/Talkpal-Logo-Icon.png\",\"contentUrl\":\"https:\/\/talkpal.ai\/wp-content\/uploads\/2024\/03\/Talkpal-Logo-Icon.png\",\"width\":2880,\"height\":2880,\"caption\":\"Talkpal, Inc.\"},\"image\":{\"@id\":\"https:\/\/talkpal.ai\/es\/#\/schema\/logo\/image\/\"},\"sameAs\":[\"https:\/\/www.facebook.com\/profile.php?id=100090733639311\",\"https:\/\/x.com\/talkpalai\",\"https:\/\/www.linkedin.com\/company\/talkpal\/\",\"https:\/\/www.youtube.com\/@TalkPal\/\",\"https:\/\/www.tiktok.com\/@talkpal\",\"https:\/\/www.instagram.com\/talkpal_ai\/\",\"https:\/\/www.crunchbase.com\/organization\/talkpal-9cde\",\"https:\/\/www.g2.com\/products\/talkpal-for-business\/\",\"https:\/\/www.trustpilot.com\/review\/talkpal.ai\",\"https:\/\/www.capterra.com\/p\/10006800\/TalkPal\/\"],\"description\":\"Talkpal is a language learning web and mobile education app, powered by the latest AI technologies, that provides engaging experiences to its customers in many different languages to help them improve their language skills. Users can chat about unlimited amount of topics with the app and use other modes to practice their language learning.\",\"email\":\"support@talkpal.ai\",\"legalName\":\"Talkpal, Inc.\",\"foundingDate\":\"2023-04-03\",\"duns\":\"118989042\",\"numberOfEmployees\":{\"@type\":\"QuantitativeValue\",\"minValue\":\"11\",\"maxValue\":\"50\"},\"publishingPrinciples\":\"https:\/\/talkpal.ai\/publishing-principles\/\",\"actionableFeedbackPolicy\":\"https:\/\/talkpal.ai\/actionable-feedback-policy\/\",\"correctionsPolicy\":\"https:\/\/talkpal.ai\/corrections-policy\/\",\"ethicsPolicy\":\"https:\/\/talkpal.ai\/ethics-policy\/\",\"diversityPolicy\":\"https:\/\/talkpal.ai\/diversity-policy\/\",\"diversityStaffingReport\":\"https:\/\/talkpal.ai\/diversity-policy\/\"}]}<\/script>\n<!-- \/ Yoast SEO Premium plugin. -->","yoast_head_json":{"title":"Ejercicios de gram\u00e1tica neerlandesa - Talkpal","description":"Mejora tus habilidades ling\u00fc\u00edsticas con los ejercicios interactivos de gram\u00e1tica holandesa de Talkpaltu tutor de idiomas con inteligencia artificial.","robots":{"index":"index","follow":"follow","max-snippet":"max-snippet:-1","max-image-preview":"max-image-preview:large","max-video-preview":"max-video-preview:-1"},"canonical":"https:\/\/talkpal.ai\/es\/ejercicios-de-gramatica-neerlandesa\/","og_locale":"es_ES","og_type":"article","og_title":"Ejercicios de gram\u00e1tica neerlandesa","og_description":"Temas de gram\u00e1tica neerlandesa Aprender neerland\u00e9s puede ser una experiencia emocionante y gratificante, ya que abre las puertas a una rica cultura,","og_url":"https:\/\/talkpal.ai\/es\/ejercicios-de-gramatica-neerlandesa\/","og_site_name":"Talkpal","article_publisher":"https:\/\/www.facebook.com\/profile.php?id=100090733639311","article_modified_time":"2025-12-17T15:27:15+00:00","og_image":[{"width":512,"height":512,"url":"https:\/\/talkpal.ai\/wp-content\/uploads\/2023\/04\/netherlands-dutch.png","type":"image\/png"}],"twitter_card":"summary_large_image","twitter_site":"@talkpalai","twitter_misc":{"Tiempo de lectura":"3 minutos"},"schema":{"@context":"https:\/\/schema.org","@graph":[{"@type":"WebPage","@id":"https:\/\/talkpal.ai\/es\/ejercicios-de-gramatica-neerlandesa\/","url":"https:\/\/talkpal.ai\/es\/ejercicios-de-gramatica-neerlandesa\/","name":"Ejercicios de gram\u00e1tica neerlandesa - Talkpal","isPartOf":{"@id":"https:\/\/talkpal.ai\/es\/#website"},"primaryImageOfPage":{"@id":"https:\/\/talkpal.ai\/es\/ejercicios-de-gramatica-neerlandesa\/#primaryimage"},"image":{"@id":"https:\/\/talkpal.ai\/es\/ejercicios-de-gramatica-neerlandesa\/#primaryimage"},"thumbnailUrl":"https:\/\/talkpal.ai\/wp-content\/uploads\/2023\/04\/netherlands-dutch.png","datePublished":"2023-06-16T09:41:10+00:00","dateModified":"2025-12-17T15:27:15+00:00","description":"Mejora tus habilidades ling\u00fc\u00edsticas con los ejercicios interactivos de gram\u00e1tica holandesa de Talkpaltu tutor de idiomas con inteligencia artificial.","breadcrumb":{"@id":"https:\/\/talkpal.ai\/es\/ejercicios-de-gramatica-neerlandesa\/#breadcrumb"},"inLanguage":"es","potentialAction":[{"@type":"ReadAction","target":["https:\/\/talkpal.ai\/es\/ejercicios-de-gramatica-neerlandesa\/"]}]},{"@type":"ImageObject","inLanguage":"es","@id":"https:\/\/talkpal.ai\/es\/ejercicios-de-gramatica-neerlandesa\/#primaryimage","url":"https:\/\/talkpal.ai\/wp-content\/uploads\/2023\/04\/netherlands-dutch.png","contentUrl":"https:\/\/talkpal.ai\/wp-content\/uploads\/2023\/04\/netherlands-dutch.png","width":512,"height":512},{"@type":"BreadcrumbList","@id":"https:\/\/talkpal.ai\/es\/ejercicios-de-gramatica-neerlandesa\/#breadcrumb","itemListElement":[{"@type":"ListItem","position":1,"name":"Homepage","item":"https:\/\/talkpal.ai\/es\/"},{"@type":"ListItem","position":2,"name":"Ejercicios de gram\u00e1tica neerlandesa"}]},{"@type":"WebSite","@id":"https:\/\/talkpal.ai\/es\/#website","url":"https:\/\/talkpal.ai\/es\/","name":"Talkpal","description":"AI Language Learning","publisher":{"@id":"https:\/\/talkpal.ai\/es\/#organization"},"alternateName":"Talkpal AI","potentialAction":[{"@type":"SearchAction","target":{"@type":"EntryPoint","urlTemplate":"https:\/\/talkpal.ai\/es\/?s={search_term_string}"},"query-input":{"@type":"PropertyValueSpecification","valueRequired":true,"valueName":"search_term_string"}}],"inLanguage":"es"},{"@type":"Organization","@id":"https:\/\/talkpal.ai\/es\/#organization","name":"Talkpal, Inc.","alternateName":"Talkpal AI","url":"https:\/\/talkpal.ai\/es\/","logo":{"@type":"ImageObject","inLanguage":"es","@id":"https:\/\/talkpal.ai\/es\/#\/schema\/logo\/image\/","url":"https:\/\/talkpal.ai\/wp-content\/uploads\/2024\/03\/Talkpal-Logo-Icon.png","contentUrl":"https:\/\/talkpal.ai\/wp-content\/uploads\/2024\/03\/Talkpal-Logo-Icon.png","width":2880,"height":2880,"caption":"Talkpal, Inc."},"image":{"@id":"https:\/\/talkpal.ai\/es\/#\/schema\/logo\/image\/"},"sameAs":["https:\/\/www.facebook.com\/profile.php?id=100090733639311","https:\/\/x.com\/talkpalai","https:\/\/www.linkedin.com\/company\/talkpal\/","https:\/\/www.youtube.com\/@TalkPal\/","https:\/\/www.tiktok.com\/@talkpal","https:\/\/www.instagram.com\/talkpal_ai\/","https:\/\/www.crunchbase.com\/organization\/talkpal-9cde","https:\/\/www.g2.com\/products\/talkpal-for-business\/","https:\/\/www.trustpilot.com\/review\/talkpal.ai","https:\/\/www.capterra.com\/p\/10006800\/TalkPal\/"],"description":"Talkpal is a language learning web and mobile education app, powered by the latest AI technologies, that provides engaging experiences to its customers in many different languages to help them improve their language skills. Users can chat about unlimited amount of topics with the app and use other modes to practice their language learning.","email":"support@talkpal.ai","legalName":"Talkpal, Inc.","foundingDate":"2023-04-03","duns":"118989042","numberOfEmployees":{"@type":"QuantitativeValue","minValue":"11","maxValue":"50"},"publishingPrinciples":"https:\/\/talkpal.ai\/publishing-principles\/","actionableFeedbackPolicy":"https:\/\/talkpal.ai\/actionable-feedback-policy\/","correctionsPolicy":"https:\/\/talkpal.ai\/corrections-policy\/","ethicsPolicy":"https:\/\/talkpal.ai\/ethics-policy\/","diversityPolicy":"https:\/\/talkpal.ai\/diversity-policy\/","diversityStaffingReport":"https:\/\/talkpal.ai\/diversity-policy\/"}]}},"_links":{"self":[{"href":"https:\/\/talkpal.ai\/es\/wp-json\/wp\/v2\/pages\/46475","targetHints":{"allow":["GET"]}}],"collection":[{"href":"https:\/\/talkpal.ai\/es\/wp-json\/wp\/v2\/pages"}],"about":[{"href":"https:\/\/talkpal.ai\/es\/wp-json\/wp\/v2\/types\/page"}],"author":[{"embeddable":true,"href":"https:\/\/talkpal.ai\/es\/wp-json\/wp\/v2\/users\/6"}],"replies":[{"embeddable":true,"href":"https:\/\/talkpal.ai\/es\/wp-json\/wp\/v2\/comments?post=46475"}],"version-history":[{"count":0,"href":"https:\/\/talkpal.ai\/es\/wp-json\/wp\/v2\/pages\/46475\/revisions"}],"wp:featuredmedia":[{"embeddable":true,"href":"https:\/\/talkpal.ai\/es\/wp-json\/wp\/v2\/media\/11589"}],"wp:attachment":[{"href":"https:\/\/talkpal.ai\/es\/wp-json\/wp\/v2\/media?parent=46475"}],"curies":[{"name":"wp","href":"https:\/\/api.w.org\/{rel}","templated":true}]}}