{"id":46412,"date":"2023-06-16T11:55:18","date_gmt":"2023-06-16T11:55:18","guid":{"rendered":"http:\/\/talkpal.ai\/ejercicios-de-gramatica-bielorrusa\/"},"modified":"2025-05-23T11:19:39","modified_gmt":"2025-05-23T11:19:39","slug":"ejercicios-de-gramatica-bielorrusa","status":"publish","type":"page","link":"https:\/\/talkpal.ai\/es\/ejercicios-de-gramatica-bielorrusa\/","title":{"rendered":"Ejercicios de gram\u00e1tica bielorrusa"},"content":{"rendered":"\r\n\r\n\r\n<section class=\"languageChallengeSection\">\r\n    <div class=\"languageInfoWrapper\">\r\n        \r\n        <h1>Ejercicios de gram\u00e1tica bielorrusa<\/h1>\r\n        <p>\u00bfQuieres mejorar tus conocimientos de <a href=\"https:\/\/talkpal.ai\/learn-belarusian\/\">bielorruso<\/a>? Practicar ejercicios de gram\u00e1tica es una forma estupenda de dominar la estructura de las frases, las formas verbales y los rasgos distintivos de la lengua bielorrusa. Empieza a explorar la <a href=\"https:\/\/talkpal.ai\/belarusian-grammar\/\">gram\u00e1tica bielorrusa<\/a> hoy mismo y observa c\u00f3mo aumentan tu comprensi\u00f3n y fluidez con cada ejercicio.<\/p>\r\n\r\n                            <a class=\"getStartedHidden\" href=\"https:\/\/app.talkpal.ai\/es-es\/signup?lng=\">Comenzar<\/a>\r\n        \r\n    <\/div>\r\n\r\n    <figure>\r\n    <img decoding=\"async\" width=\"768\" height=\"768\" src=\"https:\/\/talkpal.ai\/wp-content\/uploads\/2023\/06\/belarusian-768x768.png\" class=\"languageImage no-lazy\" alt=\"Default alt text\" fetchpriority=\"high\" sizes=\"(max-width: 768px) 150px, 768px\" srcset=\"https:\/\/talkpal.ai\/wp-content\/uploads\/2023\/06\/belarusian-768x768.png 768w, https:\/\/talkpal.ai\/wp-content\/uploads\/2023\/06\/belarusian-300x300.png 300w\" \/>\r\n    \r\n\r\n    <\/figure>\r\n\r\n            <a class=\"getStartedVisible\" href=\"https:\/\/app.talkpal.ai\/es-es\/signup?lng=\">Comenzar<\/a>\r\n    \r\n<\/section>\r\n\r\n\r\n<!-- <section class=\"grammarSection\">\r\n    <div class=\"grammarLinks\">\r\n        <a href=\"https:\/\/talkpal.ai\/es\/exercise_language\/adjetivos-gramatica-bielorrusa\/\">Adjetivos <\/a><a href=\"https:\/\/talkpal.ai\/es\/exercise_language\/adverbios-gramatica-bielorrusa\/\">Adverbios <\/a><a href=\"https:\/\/talkpal.ai\/es\/exercise_language\/articulos-gramatica-bielorrusa\/\">Art\u00edculos <\/a><a href=\"https:\/\/talkpal.ai\/es\/exercise_language\/comparacion-de-tiempos-gramatica-bielorrusa\/\">Comparaci\u00f3n de tiempos <\/a><a href=\"https:\/\/talkpal.ai\/es\/exercise_language\/condicionales-gramatica-bielorrusa\/\">Condicionales <\/a><a href=\"https:\/\/talkpal.ai\/es\/exercise_language\/oraciones-gramatica-bielorrusa\/\">Oraciones <\/a><a href=\"https:\/\/talkpal.ai\/es\/exercise_language\/perfecto-progresivo-gramatica-bielorrusa\/\">Perfecto Progresivo <\/a><a href=\"https:\/\/talkpal.ai\/es\/exercise_language\/preposiciones-gramatica-bielorrusa\/\">Preposiciones <\/a><a href=\"https:\/\/talkpal.ai\/es\/exercise_language\/progresivo-gramatica-bielorrusa\/\">Progresivo <\/a><a href=\"https:\/\/talkpal.ai\/es\/exercise_language\/pronombres-determinantes-gramatica-bielorrusa\/\">Pronombres\/Determinantes <\/a><a href=\"https:\/\/talkpal.ai\/es\/exercise_language\/sustantivos-gramatica-bielorrusa\/\">Sustantivos <\/a><a href=\"https:\/\/talkpal.ai\/es\/exercise_language\/tiempos-verbales-gramatica-bielorrusa\/\">Tiempos verbales <\/a><a href=\"https:\/\/talkpal.ai\/es\/exercise_language\/verbos-gramatica-bielorrusa\/\">Verbos <\/a>    <\/div>\r\n<\/section> -->\r\n\r\n\r\n\r\n\r\n        <section class=\"grammarSection\">\r\n            <div class=\"grammarLinks\">\r\n                <a href=\"https:\/\/talkpal.ai\/es\/exercise_language\/adjetivos-gramatica-bielorrusa\/\">Adjetivos <\/a><a href=\"https:\/\/talkpal.ai\/es\/exercise_language\/adverbios-gramatica-bielorrusa\/\">Adverbios <\/a><a href=\"https:\/\/talkpal.ai\/es\/exercise_language\/articulos-gramatica-bielorrusa\/\">Art\u00edculos <\/a><a href=\"https:\/\/talkpal.ai\/es\/exercise_language\/comparacion-de-tiempos-gramatica-bielorrusa\/\">Comparaci\u00f3n de tiempos <\/a><a href=\"https:\/\/talkpal.ai\/es\/exercise_language\/condicionales-gramatica-bielorrusa\/\">Condicionales <\/a><a href=\"https:\/\/talkpal.ai\/es\/exercise_language\/oraciones-gramatica-bielorrusa\/\">Oraciones <\/a><a href=\"https:\/\/talkpal.ai\/es\/exercise_language\/perfecto-progresivo-gramatica-bielorrusa\/\">Perfecto Progresivo <\/a><a href=\"https:\/\/talkpal.ai\/es\/exercise_language\/preposiciones-gramatica-bielorrusa\/\">Preposiciones <\/a><a href=\"https:\/\/talkpal.ai\/es\/exercise_language\/progresivo-gramatica-bielorrusa\/\">Progresivo <\/a><a href=\"https:\/\/talkpal.ai\/es\/exercise_language\/pronombres-determinantes-gramatica-bielorrusa\/\">Pronombres\/Determinantes <\/a><a href=\"https:\/\/talkpal.ai\/es\/exercise_language\/sustantivos-gramatica-bielorrusa\/\">Sustantivos <\/a><a href=\"https:\/\/talkpal.ai\/es\/exercise_language\/tiempos-verbales-gramatica-bielorrusa\/\">Tiempos verbales <\/a><a href=\"https:\/\/talkpal.ai\/es\/exercise_language\/verbos-gramatica-bielorrusa\/\">Verbos <\/a>            <\/div>\r\n        <\/section>\r\n<section class=\"promotionalBanner\">\r\n    <p class=\"promotionalText\">La forma m\u00e1s eficiente de aprender un idioma<\/p>\r\n    <a class=\"promotionalLink\" href=\"https:\/\/app.talkpal.ai\/es-es\/signup?lng=\">Prueba Talkpal gratis<\/a>\r\n<\/section>\n<div class=\"wp-block-group pageContainerStyle\"><div class=\"wp-block-group__inner-container is-layout-constrained wp-block-group-is-layout-constrained\">\n<h2 class=\"wp-block-heading\" id=\"h-belarusian-grammar-topics\">Temas de gram\u00e1tica bielorrusa<\/h2>\n\n\n\n<p>El bielorruso es una lengua eslava oriental hablada predominantemente en Bielorrusia por alrededor del 70% de la poblaci\u00f3n. <a href=\"https:\/\/talkpal.ai\/locations\/language-courses-in-como\/\">Como<\/a> lengua eslava, comparte similitudes con el <a href=\"https:\/\/talkpal.ai\/learn-russian\/\">ruso<\/a> y el <a href=\"https:\/\/talkpal.ai\/learn-ukrainian\/\">ucraniano<\/a>, <a href=\"https:\/\/talkpal.ai\/culture\/how-do-i-use-lo-que-in-a-sentence\/\">lo que<\/a> facilita a los hablantes de estos idiomas <a href=\"https:\/\/talkpal.ai\/learn-belarusian\/\">aprender bielorruso<\/a>. <a href=\"https:\/\/talkpal.ai\/culture\/how-do-i-use-the-expression-sin-embargo\/\">Sin embargo<\/a>, tiene sus caracter\u00edsticas \u00fanicas, y aprender su gram\u00e1tica puede ser una experiencia gratificante para los entusiastas del idioma. En este art\u00edculo, exploraremos los temas esenciales de gram\u00e1tica bielorrusa en una secuencia que lo ayudar\u00e1 a <a href=\"https:\/\/talkpal.ai\/learn-languages-with-ai\/\">aprender el idioma<\/a> de manera m\u00e1s efectiva.<\/p>\n\n\n\n<h3 class=\"wp-block-heading\" id=\"h-1-nouns\">1. Sustantivos:<\/h3>\n\n\n\n<p>Comience por aprender sustantivos bielorrusos, que pueden ser masculinos, femeninos o neutros. Tienen seis casos: nominativo, acusativo, genitivo, dativo, instrumental y preposicional, que determinan la funci\u00f3n del sustantivo en una frase. Presta atenci\u00f3n a las terminaciones de sustantivos y los patrones de declinaci\u00f3n, ya que te ayudar\u00e1n a comprender c\u00f3mo cambian los sustantivos en diferentes casos.<\/p>\n\n\n\n<h3 class=\"wp-block-heading\" id=\"h-2-articles\">2. Art\u00edculos:<\/h3>\n\n\n\n<p>A diferencia del ingl\u00e9s, el bielorruso no tiene art\u00edculos. Por lo tanto, puede centrarse en aprender otros aspectos del idioma sin preocuparse por este tema.<\/p>\n\n\n\n<h3 class=\"wp-block-heading\" id=\"h-3-pronouns-determiners\">3. Pronombres\/Determinantes:<\/h3>\n\n\n\n<p>A continuaci\u00f3n, aprenda los pronombres y determinantes, que funcionan de manera similar a sus equivalentes en ingl\u00e9s. Reemplazan a los sustantivos y transmiten informaci\u00f3n sobre posesi\u00f3n, cantidad o identidad. Hay pronombres personales, posesivos, demostrativos, interrogativos y relativos en bielorruso, y es necesario memorizar sus formas y uso.<\/p>\n\n\n\n<h3 class=\"wp-block-heading\" id=\"h-4-adjectives\">4. Adjetivos:<\/h3>\n\n\n\n<p>Los adjetivos en bielorruso est\u00e1n de acuerdo con el sustantivo que modifican en g\u00e9nero, n\u00famero y caso. Aprende las terminaciones adjetivas y c\u00f3mo formar grados comparativos y superlativos para expresar diferentes niveles de comparaci\u00f3n.<\/p>\n\n\n\n<h3 class=\"wp-block-heading\" id=\"h-5-verbs\">5. Verbos:<\/h3>\n\n\n\n<p>Los verbos son cruciales en bielorruso, ya que transmiten acciones, estados y eventos. Aprende sobre la conjugaci\u00f3n verbal, que consta de dos grupos: la primera conjugaci\u00f3n (principalmente verbos masculinos) y la segunda conjugaci\u00f3n (principalmente verbos femeninos). Adem\u00e1s, estudie los estados de \u00e1nimo imperativos y subjuntivos y c\u00f3mo formarlos.<\/p>\n\n\n\n<h3 class=\"wp-block-heading\" id=\"h-6-tenses\">6. Tiempos verbales:<\/h3>\n\n\n\n<p>El bielorruso tiene tres tiempos principales: pasado, presente y futuro. Aprenda a formar y usar estos tiempos verbales para hablar sobre eventos y acciones en diferentes momentos.<\/p>\n\n\n\n<h3 class=\"wp-block-heading\" id=\"h-7-tense-comparison\">7. Comparaci\u00f3n de tiempos:<\/h3>\n\n\n\n<p>Comparar los tiempos verbales en bielorruso es esencial para comprender la relaci\u00f3n entre los eventos pasados, presentes y futuros. Estudia la secuencia de tiempos verbales y c\u00f3mo usarlos en oraciones complejas.<\/p>\n\n\n\n<h3 class=\"wp-block-heading\" id=\"h-8-progressive\">8. Progresivo:<\/h3>\n\n\n\n<p>El bielorruso utiliza la forma progresiva para expresar las acciones en curso. Aprende a formar este aspecto con la conjugaci\u00f3n verbal apropiada y los verbos auxiliares.<\/p>\n\n\n\n<h3 class=\"wp-block-heading\" id=\"h-9-perfect-progressive\">9. Perfecto progresivo:<\/h3>\n\n\n\n<p>El aspecto progresivo perfecto en bielorruso combina los conceptos de finalizaci\u00f3n y duraci\u00f3n. Aprende a formar este aspecto usando verbos auxiliares y las formas verbales correctas.<\/p>\n\n\n\n<h3 class=\"wp-block-heading\" id=\"h-10-adverbs\">10. Adverbios:<\/h3>\n\n\n\n<p>Los adverbios modifican verbos, adjetivos y otros adverbios, agregando m\u00e1s informaci\u00f3n a la oraci\u00f3n. Aprende los diferentes tipos de adverbios en bielorruso, su formaci\u00f3n y su ubicaci\u00f3n en la oraci\u00f3n.<\/p>\n\n\n\n<h3 class=\"wp-block-heading\" id=\"h-11-prepositions\">11. Preposiciones:<\/h3>\n\n\n\n<p>Las preposiciones son esenciales para expresar las relaciones entre las palabras de una oraci\u00f3n. Aprende las preposiciones bielorrusas m\u00e1s comunes, sus casos y c\u00f3mo usarlas con sustantivos y pronombres.<\/p>\n\n\n\n<h3 class=\"wp-block-heading\" id=\"h-12-conditionals\">12. Condicionales:<\/h3>\n\n\n\n<p>Los condicionales expresan situaciones hipot\u00e9ticas y sus consecuencias. Estudie los tres tipos de condicionales en bielorruso: real, irreal y mixto, y sus correspondientes formas verbales.<\/p>\n\n\n\n<h3 class=\"wp-block-heading\" id=\"h-13-sentences\">13. Sentencias:<\/h3>\n\n\n\n<p>Finalmente, aprenda sobre las estructuras de oraciones bielorrusas, incluidas las oraciones simples, compuestas y complejas. Practica la combinaci\u00f3n de diferentes elementos gramaticales para construir oraciones y mejorar tus habilidades ling\u00fc\u00edsticas generales.<\/p>\n<\/div><\/div>\n\r\n<section class=\"learnNavigationSection\">\r\n            \r\n        <a href=\"https:\/\/talkpal.ai\/es\/aprender-bielorruso\/\">\r\n            <div class=\"learnNavigationWrapper\">\r\n                <div class=\"learnNavigationContent\">\r\n                    <img decoding=\"async\" src=\"https:\/\/talkpal.ai\/wp-content\/uploads\/2024\/08\/Belarusian.jpg\" alt=\"Belarusian Flag\">\r\n                    <div>\r\n                        <h4>Sobre el aprendizaje bielorruso<\/h4>\r\n                        <p>Descubra todo sobre la gram\u00e1tica bielorrusa.<\/p>\r\n                    <\/div>\r\n                <\/div>\r\n            <\/div>\r\n        <\/a>\r\n\r\n        \r\n        <a href=\"https:\/\/talkpal.ai\/es\/gramatica-bielorrusa\/\">\r\n            <div class=\"learnNavigationWrapper\">\r\n                <div class=\"learnNavigationContent\">\r\n                    <img decoding=\"async\" src=\"https:\/\/talkpal.ai\/wp-content\/uploads\/2024\/08\/Belarusian.jpg\" alt=\"Belarusian Flag\">\r\n                    <div>\r\n                        <h4>Lecciones de gram\u00e1tica bielorrusa<\/h4>\r\n                        <p>Practicar la gram\u00e1tica bielorrusa.<\/p>\r\n                    <\/div>\r\n                <\/div>\r\n            <\/div>\r\n        <\/a>\r\n\r\n        \r\n        <a href=\"https:\/\/talkpal.ai\/vocabulary_language\/belarusian\/\">\r\n            <div class=\"learnNavigationWrapper\">\r\n                <div class=\"learnNavigationContent\">\r\n                    <img decoding=\"async\" src=\"https:\/\/talkpal.ai\/wp-content\/uploads\/2024\/08\/Belarusian.jpg\" alt=\"Belarusian Flag\">\r\n                    <div>\r\n                        <h4>Vocabulario bielorruso<\/h4>\r\n                        <p>Ampl\u00eda tu vocabulario bielorruso.<\/p>\r\n                    <\/div>\r\n                <\/div>\r\n            <\/div>\r\n        <\/a>\r\n\r\n            <\/section>","protected":false},"excerpt":{"rendered":"<p>Temas de gram\u00e1tica bielorrusa El bielorruso es una lengua eslava oriental hablada predominantemente en Bielorrusia por alrededor del 70% de la poblaci\u00f3n. Como lengua eslava, comparte similitudes con el ruso y el ucraniano, lo que facilita a los hablantes de estos idiomas aprender bielorruso. Sin embargo, tiene sus caracter\u00edsticas \u00fanicas, y aprender su gram\u00e1tica puede [&hellip;]<\/p>\n","protected":false},"author":6,"featured_media":28196,"parent":0,"menu_order":0,"comment_status":"closed","ping_status":"closed","template":"LearningContentPage.php","meta":{"_acf_changed":false,"footnotes":""},"class_list":["post-46412","page","type-page","status-publish","has-post-thumbnail","hentry"],"acf":[],"yoast_head":"<!-- This site is optimized with the Yoast SEO Premium plugin v27.2 (Yoast SEO v27.2) - https:\/\/yoast.com\/product\/yoast-seo-premium-wordpress\/ -->\n<title>Ejercicios de gram\u00e1tica bielorrusa - Talkpal<\/title>\n<meta name=\"description\" content=\"Refuerza tus conocimientos de bielorruso con los ejercicios interactivos de gram\u00e1tica bielorrusa de Talkpaltu tutor ling\u00fc\u00edstico con inteligencia artificial.\" \/>\n<meta name=\"robots\" content=\"index, follow, max-snippet:-1, max-image-preview:large, max-video-preview:-1\" \/>\n<link rel=\"canonical\" href=\"https:\/\/talkpal.ai\/es\/ejercicios-de-gramatica-bielorrusa\/\" \/>\n<meta property=\"og:locale\" content=\"es_ES\" \/>\n<meta property=\"og:type\" content=\"article\" \/>\n<meta property=\"og:title\" content=\"Ejercicios de gram\u00e1tica bielorrusa\" \/>\n<meta property=\"og:description\" content=\"Temas de gram\u00e1tica bielorrusa El bielorruso es una lengua eslava oriental hablada predominantemente en Bielorrusia por alrededor del 70% de la poblaci\u00f3n.\" \/>\n<meta property=\"og:url\" content=\"https:\/\/talkpal.ai\/es\/ejercicios-de-gramatica-bielorrusa\/\" \/>\n<meta property=\"og:site_name\" content=\"Talkpal\" \/>\n<meta property=\"article:publisher\" content=\"https:\/\/www.facebook.com\/profile.php?id=100090733639311\" \/>\n<meta property=\"article:modified_time\" content=\"2025-05-23T11:19:39+00:00\" \/>\n<meta property=\"og:image\" content=\"https:\/\/talkpal.ai\/wp-content\/uploads\/2023\/05\/belarus.png\" \/>\n\t<meta property=\"og:image:width\" content=\"512\" \/>\n\t<meta property=\"og:image:height\" content=\"512\" \/>\n\t<meta property=\"og:image:type\" content=\"image\/png\" \/>\n<meta name=\"twitter:card\" content=\"summary_large_image\" \/>\n<meta name=\"twitter:site\" content=\"@talkpalai\" \/>\n<meta name=\"twitter:label1\" content=\"Tiempo de lectura\" \/>\n\t<meta name=\"twitter:data1\" content=\"3 minutos\" \/>\n<script type=\"application\/ld+json\" class=\"yoast-schema-graph\">{\"@context\":\"https:\/\/schema.org\",\"@graph\":[{\"@type\":\"WebPage\",\"@id\":\"https:\/\/talkpal.ai\/es\/ejercicios-de-gramatica-bielorrusa\/\",\"url\":\"https:\/\/talkpal.ai\/es\/ejercicios-de-gramatica-bielorrusa\/\",\"name\":\"Ejercicios de gram\u00e1tica bielorrusa - Talkpal\",\"isPartOf\":{\"@id\":\"https:\/\/talkpal.ai\/es\/#website\"},\"primaryImageOfPage\":{\"@id\":\"https:\/\/talkpal.ai\/es\/ejercicios-de-gramatica-bielorrusa\/#primaryimage\"},\"image\":{\"@id\":\"https:\/\/talkpal.ai\/es\/ejercicios-de-gramatica-bielorrusa\/#primaryimage\"},\"thumbnailUrl\":\"https:\/\/talkpal.ai\/wp-content\/uploads\/2023\/05\/belarus.png\",\"datePublished\":\"2023-06-16T11:55:18+00:00\",\"dateModified\":\"2025-05-23T11:19:39+00:00\",\"description\":\"Refuerza tus conocimientos de bielorruso con los ejercicios interactivos de gram\u00e1tica bielorrusa de Talkpaltu tutor ling\u00fc\u00edstico con inteligencia artificial.\",\"breadcrumb\":{\"@id\":\"https:\/\/talkpal.ai\/es\/ejercicios-de-gramatica-bielorrusa\/#breadcrumb\"},\"inLanguage\":\"es\",\"potentialAction\":[{\"@type\":\"ReadAction\",\"target\":[\"https:\/\/talkpal.ai\/es\/ejercicios-de-gramatica-bielorrusa\/\"]}]},{\"@type\":\"ImageObject\",\"inLanguage\":\"es\",\"@id\":\"https:\/\/talkpal.ai\/es\/ejercicios-de-gramatica-bielorrusa\/#primaryimage\",\"url\":\"https:\/\/talkpal.ai\/wp-content\/uploads\/2023\/05\/belarus.png\",\"contentUrl\":\"https:\/\/talkpal.ai\/wp-content\/uploads\/2023\/05\/belarus.png\",\"width\":512,\"height\":512},{\"@type\":\"BreadcrumbList\",\"@id\":\"https:\/\/talkpal.ai\/es\/ejercicios-de-gramatica-bielorrusa\/#breadcrumb\",\"itemListElement\":[{\"@type\":\"ListItem\",\"position\":1,\"name\":\"Homepage\",\"item\":\"https:\/\/talkpal.ai\/es\/\"},{\"@type\":\"ListItem\",\"position\":2,\"name\":\"Ejercicios de gram\u00e1tica bielorrusa\"}]},{\"@type\":\"WebSite\",\"@id\":\"https:\/\/talkpal.ai\/es\/#website\",\"url\":\"https:\/\/talkpal.ai\/es\/\",\"name\":\"Talkpal\",\"description\":\"AI Language Learning\",\"publisher\":{\"@id\":\"https:\/\/talkpal.ai\/es\/#organization\"},\"alternateName\":\"Talkpal AI\",\"potentialAction\":[{\"@type\":\"SearchAction\",\"target\":{\"@type\":\"EntryPoint\",\"urlTemplate\":\"https:\/\/talkpal.ai\/es\/?s={search_term_string}\"},\"query-input\":{\"@type\":\"PropertyValueSpecification\",\"valueRequired\":true,\"valueName\":\"search_term_string\"}}],\"inLanguage\":\"es\"},{\"@type\":\"Organization\",\"@id\":\"https:\/\/talkpal.ai\/es\/#organization\",\"name\":\"Talkpal, Inc.\",\"alternateName\":\"Talkpal AI\",\"url\":\"https:\/\/talkpal.ai\/es\/\",\"logo\":{\"@type\":\"ImageObject\",\"inLanguage\":\"es\",\"@id\":\"https:\/\/talkpal.ai\/es\/#\/schema\/logo\/image\/\",\"url\":\"https:\/\/talkpal.ai\/wp-content\/uploads\/2024\/03\/Talkpal-Logo-Icon.png\",\"contentUrl\":\"https:\/\/talkpal.ai\/wp-content\/uploads\/2024\/03\/Talkpal-Logo-Icon.png\",\"width\":2880,\"height\":2880,\"caption\":\"Talkpal, Inc.\"},\"image\":{\"@id\":\"https:\/\/talkpal.ai\/es\/#\/schema\/logo\/image\/\"},\"sameAs\":[\"https:\/\/www.facebook.com\/profile.php?id=100090733639311\",\"https:\/\/x.com\/talkpalai\",\"https:\/\/www.linkedin.com\/company\/talkpal\/\",\"https:\/\/www.youtube.com\/@TalkPal\/\",\"https:\/\/www.tiktok.com\/@talkpal\",\"https:\/\/www.instagram.com\/talkpal_ai\/\",\"https:\/\/www.crunchbase.com\/organization\/talkpal-9cde\",\"https:\/\/www.g2.com\/products\/talkpal-for-business\/\",\"https:\/\/www.trustpilot.com\/review\/talkpal.ai\",\"https:\/\/www.capterra.com\/p\/10006800\/TalkPal\/\"],\"description\":\"Talkpal is a language learning web and mobile education app, powered by the latest AI technologies, that provides engaging experiences to its customers in many different languages to help them improve their language skills. Users can chat about unlimited amount of topics with the app and use other modes to practice their language learning.\",\"email\":\"support@talkpal.ai\",\"legalName\":\"Talkpal, Inc.\",\"foundingDate\":\"2023-04-03\",\"duns\":\"118989042\",\"numberOfEmployees\":{\"@type\":\"QuantitativeValue\",\"minValue\":\"11\",\"maxValue\":\"50\"},\"publishingPrinciples\":\"https:\/\/talkpal.ai\/publishing-principles\/\",\"actionableFeedbackPolicy\":\"https:\/\/talkpal.ai\/actionable-feedback-policy\/\",\"correctionsPolicy\":\"https:\/\/talkpal.ai\/corrections-policy\/\",\"ethicsPolicy\":\"https:\/\/talkpal.ai\/ethics-policy\/\",\"diversityPolicy\":\"https:\/\/talkpal.ai\/diversity-policy\/\",\"diversityStaffingReport\":\"https:\/\/talkpal.ai\/diversity-policy\/\"}]}<\/script>\n<!-- \/ Yoast SEO Premium plugin. -->","yoast_head_json":{"title":"Ejercicios de gram\u00e1tica bielorrusa - Talkpal","description":"Refuerza tus conocimientos de bielorruso con los ejercicios interactivos de gram\u00e1tica bielorrusa de Talkpaltu tutor ling\u00fc\u00edstico con inteligencia artificial.","robots":{"index":"index","follow":"follow","max-snippet":"max-snippet:-1","max-image-preview":"max-image-preview:large","max-video-preview":"max-video-preview:-1"},"canonical":"https:\/\/talkpal.ai\/es\/ejercicios-de-gramatica-bielorrusa\/","og_locale":"es_ES","og_type":"article","og_title":"Ejercicios de gram\u00e1tica bielorrusa","og_description":"Temas de gram\u00e1tica bielorrusa El bielorruso es una lengua eslava oriental hablada predominantemente en Bielorrusia por alrededor del 70% de la poblaci\u00f3n.","og_url":"https:\/\/talkpal.ai\/es\/ejercicios-de-gramatica-bielorrusa\/","og_site_name":"Talkpal","article_publisher":"https:\/\/www.facebook.com\/profile.php?id=100090733639311","article_modified_time":"2025-05-23T11:19:39+00:00","og_image":[{"width":512,"height":512,"url":"https:\/\/talkpal.ai\/wp-content\/uploads\/2023\/05\/belarus.png","type":"image\/png"}],"twitter_card":"summary_large_image","twitter_site":"@talkpalai","twitter_misc":{"Tiempo de lectura":"3 minutos"},"schema":{"@context":"https:\/\/schema.org","@graph":[{"@type":"WebPage","@id":"https:\/\/talkpal.ai\/es\/ejercicios-de-gramatica-bielorrusa\/","url":"https:\/\/talkpal.ai\/es\/ejercicios-de-gramatica-bielorrusa\/","name":"Ejercicios de gram\u00e1tica bielorrusa - Talkpal","isPartOf":{"@id":"https:\/\/talkpal.ai\/es\/#website"},"primaryImageOfPage":{"@id":"https:\/\/talkpal.ai\/es\/ejercicios-de-gramatica-bielorrusa\/#primaryimage"},"image":{"@id":"https:\/\/talkpal.ai\/es\/ejercicios-de-gramatica-bielorrusa\/#primaryimage"},"thumbnailUrl":"https:\/\/talkpal.ai\/wp-content\/uploads\/2023\/05\/belarus.png","datePublished":"2023-06-16T11:55:18+00:00","dateModified":"2025-05-23T11:19:39+00:00","description":"Refuerza tus conocimientos de bielorruso con los ejercicios interactivos de gram\u00e1tica bielorrusa de Talkpaltu tutor ling\u00fc\u00edstico con inteligencia artificial.","breadcrumb":{"@id":"https:\/\/talkpal.ai\/es\/ejercicios-de-gramatica-bielorrusa\/#breadcrumb"},"inLanguage":"es","potentialAction":[{"@type":"ReadAction","target":["https:\/\/talkpal.ai\/es\/ejercicios-de-gramatica-bielorrusa\/"]}]},{"@type":"ImageObject","inLanguage":"es","@id":"https:\/\/talkpal.ai\/es\/ejercicios-de-gramatica-bielorrusa\/#primaryimage","url":"https:\/\/talkpal.ai\/wp-content\/uploads\/2023\/05\/belarus.png","contentUrl":"https:\/\/talkpal.ai\/wp-content\/uploads\/2023\/05\/belarus.png","width":512,"height":512},{"@type":"BreadcrumbList","@id":"https:\/\/talkpal.ai\/es\/ejercicios-de-gramatica-bielorrusa\/#breadcrumb","itemListElement":[{"@type":"ListItem","position":1,"name":"Homepage","item":"https:\/\/talkpal.ai\/es\/"},{"@type":"ListItem","position":2,"name":"Ejercicios de gram\u00e1tica bielorrusa"}]},{"@type":"WebSite","@id":"https:\/\/talkpal.ai\/es\/#website","url":"https:\/\/talkpal.ai\/es\/","name":"Talkpal","description":"AI Language Learning","publisher":{"@id":"https:\/\/talkpal.ai\/es\/#organization"},"alternateName":"Talkpal AI","potentialAction":[{"@type":"SearchAction","target":{"@type":"EntryPoint","urlTemplate":"https:\/\/talkpal.ai\/es\/?s={search_term_string}"},"query-input":{"@type":"PropertyValueSpecification","valueRequired":true,"valueName":"search_term_string"}}],"inLanguage":"es"},{"@type":"Organization","@id":"https:\/\/talkpal.ai\/es\/#organization","name":"Talkpal, Inc.","alternateName":"Talkpal AI","url":"https:\/\/talkpal.ai\/es\/","logo":{"@type":"ImageObject","inLanguage":"es","@id":"https:\/\/talkpal.ai\/es\/#\/schema\/logo\/image\/","url":"https:\/\/talkpal.ai\/wp-content\/uploads\/2024\/03\/Talkpal-Logo-Icon.png","contentUrl":"https:\/\/talkpal.ai\/wp-content\/uploads\/2024\/03\/Talkpal-Logo-Icon.png","width":2880,"height":2880,"caption":"Talkpal, Inc."},"image":{"@id":"https:\/\/talkpal.ai\/es\/#\/schema\/logo\/image\/"},"sameAs":["https:\/\/www.facebook.com\/profile.php?id=100090733639311","https:\/\/x.com\/talkpalai","https:\/\/www.linkedin.com\/company\/talkpal\/","https:\/\/www.youtube.com\/@TalkPal\/","https:\/\/www.tiktok.com\/@talkpal","https:\/\/www.instagram.com\/talkpal_ai\/","https:\/\/www.crunchbase.com\/organization\/talkpal-9cde","https:\/\/www.g2.com\/products\/talkpal-for-business\/","https:\/\/www.trustpilot.com\/review\/talkpal.ai","https:\/\/www.capterra.com\/p\/10006800\/TalkPal\/"],"description":"Talkpal is a language learning web and mobile education app, powered by the latest AI technologies, that provides engaging experiences to its customers in many different languages to help them improve their language skills. Users can chat about unlimited amount of topics with the app and use other modes to practice their language learning.","email":"support@talkpal.ai","legalName":"Talkpal, Inc.","foundingDate":"2023-04-03","duns":"118989042","numberOfEmployees":{"@type":"QuantitativeValue","minValue":"11","maxValue":"50"},"publishingPrinciples":"https:\/\/talkpal.ai\/publishing-principles\/","actionableFeedbackPolicy":"https:\/\/talkpal.ai\/actionable-feedback-policy\/","correctionsPolicy":"https:\/\/talkpal.ai\/corrections-policy\/","ethicsPolicy":"https:\/\/talkpal.ai\/ethics-policy\/","diversityPolicy":"https:\/\/talkpal.ai\/diversity-policy\/","diversityStaffingReport":"https:\/\/talkpal.ai\/diversity-policy\/"}]}},"_links":{"self":[{"href":"https:\/\/talkpal.ai\/es\/wp-json\/wp\/v2\/pages\/46412","targetHints":{"allow":["GET"]}}],"collection":[{"href":"https:\/\/talkpal.ai\/es\/wp-json\/wp\/v2\/pages"}],"about":[{"href":"https:\/\/talkpal.ai\/es\/wp-json\/wp\/v2\/types\/page"}],"author":[{"embeddable":true,"href":"https:\/\/talkpal.ai\/es\/wp-json\/wp\/v2\/users\/6"}],"replies":[{"embeddable":true,"href":"https:\/\/talkpal.ai\/es\/wp-json\/wp\/v2\/comments?post=46412"}],"version-history":[{"count":0,"href":"https:\/\/talkpal.ai\/es\/wp-json\/wp\/v2\/pages\/46412\/revisions"}],"wp:featuredmedia":[{"embeddable":true,"href":"https:\/\/talkpal.ai\/es\/wp-json\/wp\/v2\/media\/28196"}],"wp:attachment":[{"href":"https:\/\/talkpal.ai\/es\/wp-json\/wp\/v2\/media?parent=46412"}],"curies":[{"name":"wp","href":"https:\/\/api.w.org\/{rel}","templated":true}]}}