{"id":46411,"date":"2023-06-16T10:51:16","date_gmt":"2023-06-16T10:51:16","guid":{"rendered":"http:\/\/talkpal.ai\/ejercicios-de-gramatica-ucraniana\/"},"modified":"2025-12-17T16:20:57","modified_gmt":"2025-12-17T16:20:57","slug":"ejercicios-de-gramatica-ucraniana","status":"publish","type":"page","link":"https:\/\/talkpal.ai\/es\/ejercicios-de-gramatica-ucraniana\/","title":{"rendered":"Ejercicios de gram\u00e1tica ucraniana"},"content":{"rendered":"\r\n\r\n\r\n<section class=\"languageChallengeSection\">\r\n    <div class=\"languageInfoWrapper\">\r\n        \r\n        <h1>Ejercicios de gram\u00e1tica ucraniana<\/h1>\r\n        <p>\u00bfQuieres llevar tus habilidades ucranianas al siguiente nivel? Practicar ejercicios de gram\u00e1tica es una forma clave de dominar la estructura de las frases, las formas verbales y los patrones \u00fanicos de la lengua ucraniana. \u00a1Empieza a trabajar la <a href=\"https:\/\/talkpal.ai\/pt-pt\/o-que-ha-de-especial-na-gramatica-ucraniana\/\">gram\u00e1tica ucraniana<\/a> hoy mismo y observa c\u00f3mo aumentan tu confianza y fluidez con cada ejercicio!<\/p>\r\n\r\n                            <a class=\"getStartedHidden\" href=\"https:\/\/app.talkpal.ai\/es-es\/signup?lng=\">Comenzar<\/a>\r\n        \r\n    <\/div>\r\n\r\n    <figure>\r\n    <img decoding=\"async\" width=\"768\" height=\"768\" src=\"https:\/\/talkpal.ai\/wp-content\/uploads\/2023\/06\/Ukrainian-768x768.png\" class=\"languageImage no-lazy\" alt=\"Default alt text\" fetchpriority=\"high\" sizes=\"(max-width: 768px) 150px, 768px\" srcset=\"https:\/\/talkpal.ai\/wp-content\/uploads\/2023\/06\/Ukrainian-768x768.png 768w, https:\/\/talkpal.ai\/wp-content\/uploads\/2023\/06\/Ukrainian-300x300.png 300w\" \/>\r\n    \r\n\r\n    <\/figure>\r\n\r\n            <a class=\"getStartedVisible\" href=\"https:\/\/app.talkpal.ai\/es-es\/signup?lng=\">Comenzar<\/a>\r\n    \r\n<\/section>\r\n\r\n\r\n<!-- <section class=\"grammarSection\">\r\n    <div class=\"grammarLinks\">\r\n        <a href=\"https:\/\/talkpal.ai\/es\/exercise_language\/adjetivos-gramatica-ucraniana\/\">Adjetivos <\/a><a href=\"https:\/\/talkpal.ai\/es\/exercise_language\/adverbios-gramatica-ucraniana\/\">Adverbios <\/a><a href=\"https:\/\/talkpal.ai\/es\/exercise_language\/articulos-gramatica-ucraniana\/\">Art\u00edculos <\/a><a href=\"https:\/\/talkpal.ai\/es\/exercise_language\/comparacion-de-tiempos-gramatica-ucraniana\/\">Comparaci\u00f3n de tiempos <\/a><a href=\"https:\/\/talkpal.ai\/es\/exercise_language\/estructura-de-la-oracion-gramatica-ucraniana\/\">Estructura de la oraci\u00f3n <\/a><a href=\"https:\/\/talkpal.ai\/es\/exercise_language\/preposiciones-gramatica-ucraniana\/\">Preposiciones <\/a><a href=\"https:\/\/talkpal.ai\/es\/exercise_language\/pronombres-gramatica-ucraniana\/\">Pronombres <\/a><a href=\"https:\/\/talkpal.ai\/es\/exercise_language\/sustantivos-gramatica-ucraniana\/\">Sustantivos <\/a><a href=\"https:\/\/talkpal.ai\/es\/exercise_language\/tiempos-subjuntivos-gramatica-ucraniana\/\">Tiempos subjuntivos <\/a><a href=\"https:\/\/talkpal.ai\/es\/exercise_language\/tiempos-verbales-indicativos-gramatica-ucraniana\/\">Tiempos verbales indicativos <\/a><a href=\"https:\/\/talkpal.ai\/es\/exercise_language\/verbos-gramatica-ucraniana\/\">Verbos <\/a>    <\/div>\r\n<\/section> -->\r\n\r\n\r\n\r\n\r\n        <section class=\"grammarSection\">\r\n            <div class=\"grammarLinks\">\r\n                <a href=\"https:\/\/talkpal.ai\/es\/exercise_language\/adjetivos-gramatica-ucraniana\/\">Adjetivos <\/a><a href=\"https:\/\/talkpal.ai\/es\/exercise_language\/adverbios-gramatica-ucraniana\/\">Adverbios <\/a><a href=\"https:\/\/talkpal.ai\/es\/exercise_language\/articulos-gramatica-ucraniana\/\">Art\u00edculos <\/a><a href=\"https:\/\/talkpal.ai\/es\/exercise_language\/comparacion-de-tiempos-gramatica-ucraniana\/\">Comparaci\u00f3n de tiempos <\/a><a href=\"https:\/\/talkpal.ai\/es\/exercise_language\/estructura-de-la-oracion-gramatica-ucraniana\/\">Estructura de la oraci\u00f3n <\/a><a href=\"https:\/\/talkpal.ai\/es\/exercise_language\/preposiciones-gramatica-ucraniana\/\">Preposiciones <\/a><a href=\"https:\/\/talkpal.ai\/es\/exercise_language\/pronombres-gramatica-ucraniana\/\">Pronombres <\/a><a href=\"https:\/\/talkpal.ai\/es\/exercise_language\/sustantivos-gramatica-ucraniana\/\">Sustantivos <\/a><a href=\"https:\/\/talkpal.ai\/es\/exercise_language\/tiempos-subjuntivos-gramatica-ucraniana\/\">Tiempos subjuntivos <\/a><a href=\"https:\/\/talkpal.ai\/es\/exercise_language\/tiempos-verbales-indicativos-gramatica-ucraniana\/\">Tiempos verbales indicativos <\/a><a href=\"https:\/\/talkpal.ai\/es\/exercise_language\/verbos-gramatica-ucraniana\/\">Verbos <\/a>            <\/div>\r\n        <\/section>\r\n<section class=\"promotionalBanner\">\r\n    <p class=\"promotionalText\">La forma m\u00e1s eficiente de aprender un idioma<\/p>\r\n    <a class=\"promotionalLink\" href=\"https:\/\/app.talkpal.ai\/es-es\/signup?lng=\">Prueba Talkpal gratis<\/a>\r\n<\/section>\n<div class=\"wp-block-group pageContainerStyle\"><div class=\"wp-block-group__inner-container is-layout-constrained wp-block-group-is-layout-constrained\">\n<h2 class=\"wp-block-heading\" id=\"h-ukrainian-grammar-topics\">Temas de gram\u00e1tica ucraniana<\/h2>\n\n\n\n<p>Aprender un nuevo idioma puede ser un esfuerzo emocionante pero desafiante, y el idioma <a href=\"https:\/\/talkpal.ai\/learn-ukrainian\/\">ucraniano<\/a> no es una excepci\u00f3n. El ucraniano, una lengua eslava oriental, es el idioma oficial de Ucrania y cuenta con una rica historia y una estructura gramatical diversa. A medida que te embarcas en tu viaje para dominar el ucraniano, hay varios temas clave de gram\u00e1tica que deber\u00e1s dominar, incluidos los <a href=\"https:\/\/talkpal.ai\/zh-hans\/grammar_exercises\/tiempos-%e8%a5%bf%e7%8f%ad%e7%89%99%e8%af%ad%e6%b3%95%e7%bb%83%e4%b9%a0\/\">tiempos verbales<\/a>, los verbos, los sustantivos, los art\u00edculos, los pronombres, los adjetivos, los adverbios, las <a href=\"https:\/\/talkpal.ai\/zh-hans\/grammar_exercises\/preposiciones-%e8%a5%bf%e7%8f%ad%e7%89%99%e8%af%ad%e6%b3%95%e7%bb%83%e4%b9%a0\/\">preposiciones<\/a> y la estructura de las oraciones. Comprender y aplicar correctamente estas reglas gramaticales mejorar\u00e1 significativamente su fluidez en el idioma. As\u00ed pues, vamos a sumergirnos en cada tema y a explorar la secuencia en la que debes aprenderlos.<\/p>\n\n\n\n<h3 class=\"wp-block-heading\" id=\"h-1-nouns\">1. Sustantivos:<\/h3>\n\n\n\n<p>Comience por aprender sustantivos ucranianos, ya que son la base del idioma. Familiar\u00edzate con su g\u00e9nero (masculino, femenino y neutro) y sus formas plurales. Comprender las declinaciones de sustantivos (casos) es crucial para la formaci\u00f3n adecuada de oraciones.<\/p>\n\n\n\n<h3 class=\"wp-block-heading\" id=\"h-2-pronouns\">2. Pronombres:<\/h3>\n\n\n\n<p>Luego, aprenda los pronombres, palabras que reemplazan a los sustantivos en una oraci\u00f3n. Tambi\u00e9n <a href=\"https:\/\/talkpal.ai\/locations\/language-courses-in-tienen\/\">tienen<\/a> distinciones de g\u00e9nero y may\u00fasculas, por <a href=\"https:\/\/talkpal.ai\/culture\/how-do-i-use-lo-que-in-a-sentence\/\">lo que<\/a> es esencial aprender las formas adecuadas a utilizar seg\u00fan el sustantivo al que sustituyan.<\/p>\n\n\n\n<h3 class=\"wp-block-heading\" id=\"h-3-verbs\">3. Verbos:<\/h3>\n\n\n\n<p>Los verbos son las palabras de acci\u00f3n en una oraci\u00f3n. En ucraniano, los verbos tienen diferentes formas basadas en el tiempo, el estado de \u00e1nimo y el aspecto. Comience por aprender las formas indicativas de los verbos en tiempo <a href=\"https:\/\/talkpal.ai\/zh-hans\/grammar_exercises\/presente-%e8%a5%bf%e7%8f%ad%e7%89%99%e8%af%ad%e6%b3%95%e7%bb%83%e4%b9%a0\/\">presente<\/a>, que lo ayudar\u00e1n a comprender la estructura b\u00e1sica de las oraciones.<\/p>\n\n\n\n<h3 class=\"wp-block-heading\" id=\"h-4-tenses-indicative\">4. Tiempos indicativos:<\/h3>\n\n\n\n<p>Una vez que te sientas c\u00f3modo con los verbos en presente, pasa a aprender los tiempos pasado y futuro en modo indicativo. Esto le permitir\u00e1 comunicarse sobre eventos que ya han ocurrido o ocurrir\u00e1n en el futuro.<\/p>\n\n\n\n<h3 class=\"wp-block-heading\" id=\"h-5-tenses-subjunctive\">5. Tiempos Subjuntivos:<\/h3>\n\n\n\n<p>Despu\u00e9s de dominar el estado de \u00e1nimo indicativo, explore el estado de \u00e1nimo subjuntivo, que expresa situaciones hipot\u00e9ticas, deseos o sugerencias. El modo subjuntivo ocurre principalmente en tiempos pasados y futuros en ucraniano.<\/p>\n\n\n\n<h3 class=\"wp-block-heading\" id=\"h-6-tense-comparison\">6. Comparaci\u00f3n tensa:<\/h3>\n\n\n\n<p>Aprende a comparar los tiempos verbales en ucraniano para expresar diferentes grados de certeza o posibilidad. Esto te ayudar\u00e1 a entender y crear oraciones m\u00e1s complejas.<\/p>\n\n\n\n<h3 class=\"wp-block-heading\" id=\"h-7-adjectives\">7. Adjetivos:<\/h3>\n\n\n\n<p>Los adjetivos describen las cualidades de los sustantivos. Est\u00e1n de acuerdo en g\u00e9nero, n\u00famero y caso con el sustantivo que modifican. Aprender adjetivos te ayudar\u00e1 a agregar m\u00e1s detalles a tus oraciones.<\/p>\n\n\n\n<h3 class=\"wp-block-heading\" id=\"h-8-adverbs\">8. Adverbios:<\/h3>\n\n\n\n<p>Los adverbios describen la manera, el lugar o el tiempo de una acci\u00f3n. No declinan como adjetivos, pero desempe\u00f1an un papel crucial para que tus frases sean m\u00e1s informativas y atractivas.<\/p>\n\n\n\n<h3 class=\"wp-block-heading\" id=\"h-9-prepositions\">9. Preposiciones:<\/h3>\n\n\n\n<p>Las preposiciones muestran la relaci\u00f3n entre las palabras en una oraci\u00f3n (por ejemplo, ubicaci\u00f3n, direcci\u00f3n o tiempo). Aprende a usar las preposiciones correctamente para evitar confusiones y transmitir el significado deseado.<\/p>\n\n\n\n<h3 class=\"wp-block-heading\" id=\"h-10-sentence-structure\">10. Estructura de la oraci\u00f3n:<\/h3>\n\n\n\n<p>Finalmente, familiar\u00edcese con la estructura de las oraciones ucranianas. Esto incluye comprender el orden de palabras sujeto-verbo-objeto (SVO) y c\u00f3mo usar casos y otros elementos gramaticales para formar oraciones claras y coherentes.<\/p>\n\n\n\n<h3 class=\"wp-block-heading\" id=\"h-11-articles\">11. Art\u00edculos:<\/h3>\n\n\n\n<p>El ucraniano no tiene art\u00edculos como \u00abel\u00bb o \u00aba\u00bb en espa\u00f1ol, pero es esencial entender c\u00f3mo se transmiten la definici\u00f3n y la indefinici\u00f3n en la lengua, normalmente mediante el uso de pronombres demostrativos o el contexto.<\/p>\n\n\n\n<p>Al aprender estos temas gramaticales en la secuencia sugerida, gradualmente construir\u00e1 una base s\u00f3lida en ucraniano y progresar\u00e1 hacia la fluidez en el idioma.<\/p>\n<\/div><\/div>\n\r\n<section class=\"learnNavigationSection\">\r\n            \r\n        <a href=\"https:\/\/talkpal.ai\/es\/aprender-ucraniano\/\">\r\n            <div class=\"learnNavigationWrapper\">\r\n                <div class=\"learnNavigationContent\">\r\n                    <img decoding=\"async\" src=\"https:\/\/talkpal.ai\/wp-content\/uploads\/2024\/08\/Ukrainian.jpg\" alt=\"Ukrainian Flag\">\r\n                    <div>\r\n                        <h4>Sobre el aprendizaje ucraniano<\/h4>\r\n                        <p>Descubra todo sobre la gram\u00e1tica ucraniana.<\/p>\r\n                    <\/div>\r\n                <\/div>\r\n            <\/div>\r\n        <\/a>\r\n\r\n        \r\n        <a href=\"https:\/\/talkpal.ai\/es\/gramatica-ucraniana\/\">\r\n            <div class=\"learnNavigationWrapper\">\r\n                <div class=\"learnNavigationContent\">\r\n                    <img decoding=\"async\" src=\"https:\/\/talkpal.ai\/wp-content\/uploads\/2024\/08\/Ukrainian.jpg\" alt=\"Ukrainian Flag\">\r\n                    <div>\r\n                        <h4>Lecciones de gram\u00e1tica ucraniana<\/h4>\r\n                        <p>Practica la gram\u00e1tica ucraniana.<\/p>\r\n                    <\/div>\r\n                <\/div>\r\n            <\/div>\r\n        <\/a>\r\n\r\n        \r\n        <a href=\"https:\/\/talkpal.ai\/vocabulary_language\/ukrainian\/\">\r\n            <div class=\"learnNavigationWrapper\">\r\n                <div class=\"learnNavigationContent\">\r\n                    <img decoding=\"async\" src=\"https:\/\/talkpal.ai\/wp-content\/uploads\/2024\/08\/Ukrainian.jpg\" alt=\"Ukrainian Flag\">\r\n                    <div>\r\n                        <h4>Vocabulario ucraniano<\/h4>\r\n                        <p>Ampl\u00eda tu vocabulario ucraniano.<\/p>\r\n                    <\/div>\r\n                <\/div>\r\n            <\/div>\r\n        <\/a>\r\n\r\n            <\/section>","protected":false},"excerpt":{"rendered":"<p>Temas de gram\u00e1tica ucraniana Aprender un nuevo idioma puede ser un esfuerzo emocionante pero desafiante, y el idioma ucraniano no es una excepci\u00f3n. El ucraniano, una lengua eslava oriental, es el idioma oficial de Ucrania y cuenta con una rica historia y una estructura gramatical diversa. A medida que te embarcas en tu viaje para [&hellip;]<\/p>\n","protected":false},"author":6,"featured_media":11624,"parent":0,"menu_order":0,"comment_status":"closed","ping_status":"closed","template":"LearningContentPage.php","meta":{"_acf_changed":false,"footnotes":""},"class_list":["post-46411","page","type-page","status-publish","has-post-thumbnail","hentry"],"acf":[],"yoast_head":"<!-- This site is optimized with the Yoast SEO Premium plugin v27.2 (Yoast SEO v27.2) - https:\/\/yoast.com\/product\/yoast-seo-premium-wordpress\/ -->\n<title>Ejercicios de gram\u00e1tica ucraniana - Talkpal<\/title>\n<meta name=\"description\" content=\"Mejora tus conocimientos de ucraniano con atractivos ejercicios de gram\u00e1tica ucraniana que cubren temas gramaticales esenciales para la fluidez.\" \/>\n<meta name=\"robots\" content=\"index, follow, max-snippet:-1, max-image-preview:large, max-video-preview:-1\" \/>\n<link rel=\"canonical\" href=\"https:\/\/talkpal.ai\/es\/ejercicios-de-gramatica-ucraniana\/\" \/>\n<meta property=\"og:locale\" content=\"es_ES\" \/>\n<meta property=\"og:type\" content=\"article\" \/>\n<meta property=\"og:title\" content=\"Ejercicios de gram\u00e1tica ucraniana\" \/>\n<meta property=\"og:description\" content=\"Temas de gram\u00e1tica ucraniana Aprender un nuevo idioma puede ser un esfuerzo emocionante pero desafiante, y el idioma ucraniano no es una excepci\u00f3n. El\" \/>\n<meta property=\"og:url\" content=\"https:\/\/talkpal.ai\/es\/ejercicios-de-gramatica-ucraniana\/\" \/>\n<meta property=\"og:site_name\" content=\"Talkpal\" \/>\n<meta property=\"article:publisher\" content=\"https:\/\/www.facebook.com\/profile.php?id=100090733639311\" \/>\n<meta property=\"article:modified_time\" content=\"2025-12-17T16:20:57+00:00\" \/>\n<meta property=\"og:image\" content=\"https:\/\/talkpal.ai\/wp-content\/uploads\/2023\/04\/ukraine.png\" \/>\n\t<meta property=\"og:image:width\" content=\"512\" \/>\n\t<meta property=\"og:image:height\" content=\"512\" \/>\n\t<meta property=\"og:image:type\" content=\"image\/png\" \/>\n<meta name=\"twitter:card\" content=\"summary_large_image\" \/>\n<meta name=\"twitter:site\" content=\"@talkpalai\" \/>\n<meta name=\"twitter:label1\" content=\"Tiempo de lectura\" \/>\n\t<meta name=\"twitter:data1\" content=\"3 minutos\" \/>\n<script type=\"application\/ld+json\" class=\"yoast-schema-graph\">{\"@context\":\"https:\/\/schema.org\",\"@graph\":[{\"@type\":\"WebPage\",\"@id\":\"https:\/\/talkpal.ai\/es\/ejercicios-de-gramatica-ucraniana\/\",\"url\":\"https:\/\/talkpal.ai\/es\/ejercicios-de-gramatica-ucraniana\/\",\"name\":\"Ejercicios de gram\u00e1tica ucraniana - Talkpal\",\"isPartOf\":{\"@id\":\"https:\/\/talkpal.ai\/es\/#website\"},\"primaryImageOfPage\":{\"@id\":\"https:\/\/talkpal.ai\/es\/ejercicios-de-gramatica-ucraniana\/#primaryimage\"},\"image\":{\"@id\":\"https:\/\/talkpal.ai\/es\/ejercicios-de-gramatica-ucraniana\/#primaryimage\"},\"thumbnailUrl\":\"https:\/\/talkpal.ai\/wp-content\/uploads\/2023\/04\/ukraine.png\",\"datePublished\":\"2023-06-16T10:51:16+00:00\",\"dateModified\":\"2025-12-17T16:20:57+00:00\",\"description\":\"Mejora tus conocimientos de ucraniano con atractivos ejercicios de gram\u00e1tica ucraniana que cubren temas gramaticales esenciales para la fluidez.\",\"breadcrumb\":{\"@id\":\"https:\/\/talkpal.ai\/es\/ejercicios-de-gramatica-ucraniana\/#breadcrumb\"},\"inLanguage\":\"es\",\"potentialAction\":[{\"@type\":\"ReadAction\",\"target\":[\"https:\/\/talkpal.ai\/es\/ejercicios-de-gramatica-ucraniana\/\"]}]},{\"@type\":\"ImageObject\",\"inLanguage\":\"es\",\"@id\":\"https:\/\/talkpal.ai\/es\/ejercicios-de-gramatica-ucraniana\/#primaryimage\",\"url\":\"https:\/\/talkpal.ai\/wp-content\/uploads\/2023\/04\/ukraine.png\",\"contentUrl\":\"https:\/\/talkpal.ai\/wp-content\/uploads\/2023\/04\/ukraine.png\",\"width\":512,\"height\":512,\"caption\":\"TalkPal Ukrainian Flag\"},{\"@type\":\"BreadcrumbList\",\"@id\":\"https:\/\/talkpal.ai\/es\/ejercicios-de-gramatica-ucraniana\/#breadcrumb\",\"itemListElement\":[{\"@type\":\"ListItem\",\"position\":1,\"name\":\"Homepage\",\"item\":\"https:\/\/talkpal.ai\/es\/\"},{\"@type\":\"ListItem\",\"position\":2,\"name\":\"Ejercicios de gram\u00e1tica ucraniana\"}]},{\"@type\":\"WebSite\",\"@id\":\"https:\/\/talkpal.ai\/es\/#website\",\"url\":\"https:\/\/talkpal.ai\/es\/\",\"name\":\"Talkpal\",\"description\":\"AI Language Learning\",\"publisher\":{\"@id\":\"https:\/\/talkpal.ai\/es\/#organization\"},\"alternateName\":\"Talkpal AI\",\"potentialAction\":[{\"@type\":\"SearchAction\",\"target\":{\"@type\":\"EntryPoint\",\"urlTemplate\":\"https:\/\/talkpal.ai\/es\/?s={search_term_string}\"},\"query-input\":{\"@type\":\"PropertyValueSpecification\",\"valueRequired\":true,\"valueName\":\"search_term_string\"}}],\"inLanguage\":\"es\"},{\"@type\":\"Organization\",\"@id\":\"https:\/\/talkpal.ai\/es\/#organization\",\"name\":\"Talkpal, Inc.\",\"alternateName\":\"Talkpal AI\",\"url\":\"https:\/\/talkpal.ai\/es\/\",\"logo\":{\"@type\":\"ImageObject\",\"inLanguage\":\"es\",\"@id\":\"https:\/\/talkpal.ai\/es\/#\/schema\/logo\/image\/\",\"url\":\"https:\/\/talkpal.ai\/wp-content\/uploads\/2024\/03\/Talkpal-Logo-Icon.png\",\"contentUrl\":\"https:\/\/talkpal.ai\/wp-content\/uploads\/2024\/03\/Talkpal-Logo-Icon.png\",\"width\":2880,\"height\":2880,\"caption\":\"Talkpal, Inc.\"},\"image\":{\"@id\":\"https:\/\/talkpal.ai\/es\/#\/schema\/logo\/image\/\"},\"sameAs\":[\"https:\/\/www.facebook.com\/profile.php?id=100090733639311\",\"https:\/\/x.com\/talkpalai\",\"https:\/\/www.linkedin.com\/company\/talkpal\/\",\"https:\/\/www.youtube.com\/@TalkPal\/\",\"https:\/\/www.tiktok.com\/@talkpal\",\"https:\/\/www.instagram.com\/talkpal_ai\/\",\"https:\/\/www.crunchbase.com\/organization\/talkpal-9cde\",\"https:\/\/www.g2.com\/products\/talkpal-for-business\/\",\"https:\/\/www.trustpilot.com\/review\/talkpal.ai\",\"https:\/\/www.capterra.com\/p\/10006800\/TalkPal\/\"],\"description\":\"Talkpal is a language learning web and mobile education app, powered by the latest AI technologies, that provides engaging experiences to its customers in many different languages to help them improve their language skills. Users can chat about unlimited amount of topics with the app and use other modes to practice their language learning.\",\"email\":\"support@talkpal.ai\",\"legalName\":\"Talkpal, Inc.\",\"foundingDate\":\"2023-04-03\",\"duns\":\"118989042\",\"numberOfEmployees\":{\"@type\":\"QuantitativeValue\",\"minValue\":\"11\",\"maxValue\":\"50\"},\"publishingPrinciples\":\"https:\/\/talkpal.ai\/publishing-principles\/\",\"actionableFeedbackPolicy\":\"https:\/\/talkpal.ai\/actionable-feedback-policy\/\",\"correctionsPolicy\":\"https:\/\/talkpal.ai\/corrections-policy\/\",\"ethicsPolicy\":\"https:\/\/talkpal.ai\/ethics-policy\/\",\"diversityPolicy\":\"https:\/\/talkpal.ai\/diversity-policy\/\",\"diversityStaffingReport\":\"https:\/\/talkpal.ai\/diversity-policy\/\"}]}<\/script>\n<!-- \/ Yoast SEO Premium plugin. -->","yoast_head_json":{"title":"Ejercicios de gram\u00e1tica ucraniana - Talkpal","description":"Mejora tus conocimientos de ucraniano con atractivos ejercicios de gram\u00e1tica ucraniana que cubren temas gramaticales esenciales para la fluidez.","robots":{"index":"index","follow":"follow","max-snippet":"max-snippet:-1","max-image-preview":"max-image-preview:large","max-video-preview":"max-video-preview:-1"},"canonical":"https:\/\/talkpal.ai\/es\/ejercicios-de-gramatica-ucraniana\/","og_locale":"es_ES","og_type":"article","og_title":"Ejercicios de gram\u00e1tica ucraniana","og_description":"Temas de gram\u00e1tica ucraniana Aprender un nuevo idioma puede ser un esfuerzo emocionante pero desafiante, y el idioma ucraniano no es una excepci\u00f3n. El","og_url":"https:\/\/talkpal.ai\/es\/ejercicios-de-gramatica-ucraniana\/","og_site_name":"Talkpal","article_publisher":"https:\/\/www.facebook.com\/profile.php?id=100090733639311","article_modified_time":"2025-12-17T16:20:57+00:00","og_image":[{"width":512,"height":512,"url":"https:\/\/talkpal.ai\/wp-content\/uploads\/2023\/04\/ukraine.png","type":"image\/png"}],"twitter_card":"summary_large_image","twitter_site":"@talkpalai","twitter_misc":{"Tiempo de lectura":"3 minutos"},"schema":{"@context":"https:\/\/schema.org","@graph":[{"@type":"WebPage","@id":"https:\/\/talkpal.ai\/es\/ejercicios-de-gramatica-ucraniana\/","url":"https:\/\/talkpal.ai\/es\/ejercicios-de-gramatica-ucraniana\/","name":"Ejercicios de gram\u00e1tica ucraniana - Talkpal","isPartOf":{"@id":"https:\/\/talkpal.ai\/es\/#website"},"primaryImageOfPage":{"@id":"https:\/\/talkpal.ai\/es\/ejercicios-de-gramatica-ucraniana\/#primaryimage"},"image":{"@id":"https:\/\/talkpal.ai\/es\/ejercicios-de-gramatica-ucraniana\/#primaryimage"},"thumbnailUrl":"https:\/\/talkpal.ai\/wp-content\/uploads\/2023\/04\/ukraine.png","datePublished":"2023-06-16T10:51:16+00:00","dateModified":"2025-12-17T16:20:57+00:00","description":"Mejora tus conocimientos de ucraniano con atractivos ejercicios de gram\u00e1tica ucraniana que cubren temas gramaticales esenciales para la fluidez.","breadcrumb":{"@id":"https:\/\/talkpal.ai\/es\/ejercicios-de-gramatica-ucraniana\/#breadcrumb"},"inLanguage":"es","potentialAction":[{"@type":"ReadAction","target":["https:\/\/talkpal.ai\/es\/ejercicios-de-gramatica-ucraniana\/"]}]},{"@type":"ImageObject","inLanguage":"es","@id":"https:\/\/talkpal.ai\/es\/ejercicios-de-gramatica-ucraniana\/#primaryimage","url":"https:\/\/talkpal.ai\/wp-content\/uploads\/2023\/04\/ukraine.png","contentUrl":"https:\/\/talkpal.ai\/wp-content\/uploads\/2023\/04\/ukraine.png","width":512,"height":512,"caption":"TalkPal Ukrainian Flag"},{"@type":"BreadcrumbList","@id":"https:\/\/talkpal.ai\/es\/ejercicios-de-gramatica-ucraniana\/#breadcrumb","itemListElement":[{"@type":"ListItem","position":1,"name":"Homepage","item":"https:\/\/talkpal.ai\/es\/"},{"@type":"ListItem","position":2,"name":"Ejercicios de gram\u00e1tica ucraniana"}]},{"@type":"WebSite","@id":"https:\/\/talkpal.ai\/es\/#website","url":"https:\/\/talkpal.ai\/es\/","name":"Talkpal","description":"AI Language Learning","publisher":{"@id":"https:\/\/talkpal.ai\/es\/#organization"},"alternateName":"Talkpal AI","potentialAction":[{"@type":"SearchAction","target":{"@type":"EntryPoint","urlTemplate":"https:\/\/talkpal.ai\/es\/?s={search_term_string}"},"query-input":{"@type":"PropertyValueSpecification","valueRequired":true,"valueName":"search_term_string"}}],"inLanguage":"es"},{"@type":"Organization","@id":"https:\/\/talkpal.ai\/es\/#organization","name":"Talkpal, Inc.","alternateName":"Talkpal AI","url":"https:\/\/talkpal.ai\/es\/","logo":{"@type":"ImageObject","inLanguage":"es","@id":"https:\/\/talkpal.ai\/es\/#\/schema\/logo\/image\/","url":"https:\/\/talkpal.ai\/wp-content\/uploads\/2024\/03\/Talkpal-Logo-Icon.png","contentUrl":"https:\/\/talkpal.ai\/wp-content\/uploads\/2024\/03\/Talkpal-Logo-Icon.png","width":2880,"height":2880,"caption":"Talkpal, Inc."},"image":{"@id":"https:\/\/talkpal.ai\/es\/#\/schema\/logo\/image\/"},"sameAs":["https:\/\/www.facebook.com\/profile.php?id=100090733639311","https:\/\/x.com\/talkpalai","https:\/\/www.linkedin.com\/company\/talkpal\/","https:\/\/www.youtube.com\/@TalkPal\/","https:\/\/www.tiktok.com\/@talkpal","https:\/\/www.instagram.com\/talkpal_ai\/","https:\/\/www.crunchbase.com\/organization\/talkpal-9cde","https:\/\/www.g2.com\/products\/talkpal-for-business\/","https:\/\/www.trustpilot.com\/review\/talkpal.ai","https:\/\/www.capterra.com\/p\/10006800\/TalkPal\/"],"description":"Talkpal is a language learning web and mobile education app, powered by the latest AI technologies, that provides engaging experiences to its customers in many different languages to help them improve their language skills. Users can chat about unlimited amount of topics with the app and use other modes to practice their language learning.","email":"support@talkpal.ai","legalName":"Talkpal, Inc.","foundingDate":"2023-04-03","duns":"118989042","numberOfEmployees":{"@type":"QuantitativeValue","minValue":"11","maxValue":"50"},"publishingPrinciples":"https:\/\/talkpal.ai\/publishing-principles\/","actionableFeedbackPolicy":"https:\/\/talkpal.ai\/actionable-feedback-policy\/","correctionsPolicy":"https:\/\/talkpal.ai\/corrections-policy\/","ethicsPolicy":"https:\/\/talkpal.ai\/ethics-policy\/","diversityPolicy":"https:\/\/talkpal.ai\/diversity-policy\/","diversityStaffingReport":"https:\/\/talkpal.ai\/diversity-policy\/"}]}},"_links":{"self":[{"href":"https:\/\/talkpal.ai\/es\/wp-json\/wp\/v2\/pages\/46411","targetHints":{"allow":["GET"]}}],"collection":[{"href":"https:\/\/talkpal.ai\/es\/wp-json\/wp\/v2\/pages"}],"about":[{"href":"https:\/\/talkpal.ai\/es\/wp-json\/wp\/v2\/types\/page"}],"author":[{"embeddable":true,"href":"https:\/\/talkpal.ai\/es\/wp-json\/wp\/v2\/users\/6"}],"replies":[{"embeddable":true,"href":"https:\/\/talkpal.ai\/es\/wp-json\/wp\/v2\/comments?post=46411"}],"version-history":[{"count":0,"href":"https:\/\/talkpal.ai\/es\/wp-json\/wp\/v2\/pages\/46411\/revisions"}],"wp:featuredmedia":[{"embeddable":true,"href":"https:\/\/talkpal.ai\/es\/wp-json\/wp\/v2\/media\/11624"}],"wp:attachment":[{"href":"https:\/\/talkpal.ai\/es\/wp-json\/wp\/v2\/media?parent=46411"}],"curies":[{"name":"wp","href":"https:\/\/api.w.org\/{rel}","templated":true}]}}