{"id":46304,"date":"2023-06-22T08:52:21","date_gmt":"2023-06-22T08:52:21","guid":{"rendered":"http:\/\/talkpal.ai\/ejercicios-de-gramatica-nepali\/"},"modified":"2025-12-17T14:35:29","modified_gmt":"2025-12-17T14:35:29","slug":"ejercicios-de-gramatica-nepali","status":"publish","type":"page","link":"https:\/\/talkpal.ai\/es\/ejercicios-de-gramatica-nepali\/","title":{"rendered":"Ejercicios de gram\u00e1tica nepal\u00ed"},"content":{"rendered":"\r\n\r\n\r\n<section class=\"languageChallengeSection\">\r\n    <div class=\"languageInfoWrapper\">\r\n        \r\n        <h1>Ejercicios de gram\u00e1tica nepal\u00ed<\/h1>\r\n        <p>\u00bfQuieres tener m\u00e1s confianza en <a href=\"https:\/\/talkpal.ai\/learn-nepali\/\">nepal\u00ed<\/a>? Practicar ejercicios de gram\u00e1tica es una forma estupenda de comprender la estructura de las frases, las formas verbales y los patrones propios de la lengua. \u00a1Empieza a trabajar la gram\u00e1tica <a href=\"https:\/\/talkpal.ai\/learn-nepali\/\">nepal\u00ed<\/a> hoy mismo y observa c\u00f3mo aumentan tus habilidades y tu fluidez con cada ejercicio!<\/p>\r\n\r\n                            <a class=\"getStartedHidden\" href=\"https:\/\/app.talkpal.ai\/es-es\/signup?lng=\">Comenzar<\/a>\r\n        \r\n    <\/div>\r\n\r\n    <figure>\r\n    <img decoding=\"async\" width=\"768\" height=\"768\" src=\"https:\/\/talkpal.ai\/wp-content\/uploads\/2023\/06\/nepali-768x768.png\" class=\"languageImage no-lazy\" alt=\"Default alt text\" fetchpriority=\"high\" sizes=\"(max-width: 768px) 150px, 768px\" srcset=\"https:\/\/talkpal.ai\/wp-content\/uploads\/2023\/06\/nepali-768x768.png 768w, https:\/\/talkpal.ai\/wp-content\/uploads\/2023\/06\/nepali-300x300.png 300w\" \/>\r\n    \r\n\r\n    <\/figure>\r\n\r\n            <a class=\"getStartedVisible\" href=\"https:\/\/app.talkpal.ai\/es-es\/signup?lng=\">Comenzar<\/a>\r\n    \r\n<\/section>\r\n\r\n\r\n<!-- <section class=\"grammarSection\">\r\n    <div class=\"grammarLinks\">\r\n        <a href=\"https:\/\/talkpal.ai\/es\/exercise_language\/adjetivos-gramatica-nepali\/\">Adjetivos <\/a><a href=\"https:\/\/talkpal.ai\/es\/exercise_language\/adverbios-gramatica-nepali\/\">Adverbios <\/a><a href=\"https:\/\/talkpal.ai\/es\/exercise_language\/articulos-gramatica-nepali\/\">Art\u00edculos <\/a><a href=\"https:\/\/talkpal.ai\/es\/exercise_language\/comparacion-de-tiempos-gramatica-nepali\/\">Comparaci\u00f3n de tiempos <\/a><a href=\"https:\/\/talkpal.ai\/es\/exercise_language\/condicionales-gramatica-nepali\/\">Condicionales <\/a><a href=\"https:\/\/talkpal.ai\/es\/exercise_language\/oraciones-gramatica-nepali\/\">Oraciones <\/a><a href=\"https:\/\/talkpal.ai\/es\/exercise_language\/perfecto-progresivo-gramatica-nepali\/\">Perfecto Progresivo <\/a><a href=\"https:\/\/talkpal.ai\/es\/exercise_language\/preposiciones-gramatica-nepali\/\">Preposiciones <\/a><a href=\"https:\/\/talkpal.ai\/es\/exercise_language\/progresivo-gramatica-nepali\/\">Progresivo <\/a><a href=\"https:\/\/talkpal.ai\/es\/exercise_language\/pronombres-determinantes-gramatica-nepali\/\">Pronombres\/Determinantes <\/a><a href=\"https:\/\/talkpal.ai\/es\/exercise_language\/sustantivos-gramatica-nepali\/\">Sustantivos <\/a><a href=\"https:\/\/talkpal.ai\/es\/exercise_language\/tiempos-verbales-gramatica-nepali\/\">Tiempos verbales <\/a><a href=\"https:\/\/talkpal.ai\/es\/exercise_language\/verbos-gramatica-nepali\/\">Verbos <\/a>    <\/div>\r\n<\/section> -->\r\n\r\n\r\n\r\n\r\n        <section class=\"grammarSection\">\r\n            <div class=\"grammarLinks\">\r\n                <a href=\"https:\/\/talkpal.ai\/es\/exercise_language\/adjetivos-gramatica-nepali\/\">Adjetivos <\/a><a href=\"https:\/\/talkpal.ai\/es\/exercise_language\/adverbios-gramatica-nepali\/\">Adverbios <\/a><a href=\"https:\/\/talkpal.ai\/es\/exercise_language\/articulos-gramatica-nepali\/\">Art\u00edculos <\/a><a href=\"https:\/\/talkpal.ai\/es\/exercise_language\/comparacion-de-tiempos-gramatica-nepali\/\">Comparaci\u00f3n de tiempos <\/a><a href=\"https:\/\/talkpal.ai\/es\/exercise_language\/condicionales-gramatica-nepali\/\">Condicionales <\/a><a href=\"https:\/\/talkpal.ai\/es\/exercise_language\/oraciones-gramatica-nepali\/\">Oraciones <\/a><a href=\"https:\/\/talkpal.ai\/es\/exercise_language\/perfecto-progresivo-gramatica-nepali\/\">Perfecto Progresivo <\/a><a href=\"https:\/\/talkpal.ai\/es\/exercise_language\/preposiciones-gramatica-nepali\/\">Preposiciones <\/a><a href=\"https:\/\/talkpal.ai\/es\/exercise_language\/progresivo-gramatica-nepali\/\">Progresivo <\/a><a href=\"https:\/\/talkpal.ai\/es\/exercise_language\/pronombres-determinantes-gramatica-nepali\/\">Pronombres\/Determinantes <\/a><a href=\"https:\/\/talkpal.ai\/es\/exercise_language\/sustantivos-gramatica-nepali\/\">Sustantivos <\/a><a href=\"https:\/\/talkpal.ai\/es\/exercise_language\/tiempos-verbales-gramatica-nepali\/\">Tiempos verbales <\/a><a href=\"https:\/\/talkpal.ai\/es\/exercise_language\/verbos-gramatica-nepali\/\">Verbos <\/a>            <\/div>\r\n        <\/section>\r\n<section class=\"promotionalBanner\">\r\n    <p class=\"promotionalText\">La forma m\u00e1s eficiente de aprender un idioma<\/p>\r\n    <a class=\"promotionalLink\" href=\"https:\/\/app.talkpal.ai\/es-es\/signup?lng=\">Prueba Talkpal gratis<\/a>\r\n<\/section>\n<div class=\"wp-block-group pageContainerStyle\"><div class=\"wp-block-group__inner-container is-layout-constrained wp-block-group-is-layout-constrained\">\n<h2 class=\"wp-block-heading\" id=\"h-nepali-grammar-topics\">Nepal\u00ed Temas gramaticales<\/h2>\n\n\n\n<p><a href=\"https:\/\/talkpal.ai\/learn-languages-with-ai\/\">Aprender el idioma<\/a> nepal\u00ed puede ser una experiencia fascinante y gratificante para cualquier persona interesada en sumergirse en la rica cultura e historia de Nepal. Al igual que con cualquier idioma, dominar la <a href=\"https:\/\/talkpal.ai\/nepali-grammar\/\">gram\u00e1tica nepal\u00ed<\/a> es crucial para una comunicaci\u00f3n efectiva. Este art\u00edculo lo guiar\u00e1 a trav\u00e9s de los temas de gram\u00e1tica nepal\u00ed, agrupados en una secuencia que facilitar\u00e1 su viaje de <a href=\"https:\/\/talkpal.ai\/es\/el-aprendizaje-de-idiomas-en-el-aula-vs-el-autoaprendizaje\/\">aprendizaje de idiomas<\/a>. Desde <a href=\"https:\/\/talkpal.ai\/zh-hans\/grammar_exercises\/tiempos-%e8%a5%bf%e7%8f%ad%e7%89%99%e8%af%ad%e6%b3%95%e7%bb%83%e4%b9%a0\/\">tiempos verbales<\/a> hasta estructuras de oraciones, esta gu\u00eda le proporcionar\u00e1 una visi\u00f3n general de conceptos gramaticales importantes que sentar\u00e1n una base s\u00f3lida para sus habilidades en el idioma nepal\u00ed.<\/p>\n\n\n\n<h3 class=\"wp-block-heading\" id=\"h-1-tenses\">1. Tiempos verbales:<\/h3>\n\n\n\n<p>Comprender los <a href=\"https:\/\/talkpal.ai\/zh-hans\/grammar_exercises\/tiempos-%e8%a5%bf%e7%8f%ad%e7%89%99%e8%af%ad%e6%b3%95%e7%bb%83%e4%b9%a0\/\">tiempos verbales<\/a> es esencial para aprender cualquier idioma, ya que ayudan a transmitir el momento de una acci\u00f3n o evento. En nepal\u00ed, hay tres tiempos principales: pasado, <a href=\"https:\/\/talkpal.ai\/zh-hans\/grammar_exercises\/presente-%e8%a5%bf%e7%8f%ad%e7%89%99%e8%af%ad%e6%b3%95%e7%bb%83%e4%b9%a0\/\">presente<\/a> y <a href=\"https:\/\/talkpal.ai\/ja\/grammar_exercises\/futuro-%e3%82%b9%e3%83%9a%e3%82%a4%e3%83%b3%e8%aa%9e%e3%81%ae%e6%96%87%e6%b3%95%e3%81%ae%e6%bc%94%e7%bf%92\/\">futuro<\/a>. Cada tiempo tiene su propio conjunto de reglas de conjugaci\u00f3n verbal, con las que debe familiarizarse para describir con precisi\u00f3n las acciones en diferentes marcos de tiempo.<\/p>\n\n\n\n<h3 class=\"wp-block-heading\" id=\"h-2-tense-comparison\">2. Comparaci\u00f3n tensa:<\/h3>\n\n\n\n<p>Comparar los tiempos verbales en nepal\u00ed es un aspecto crucial para dominar el idioma. Esto implica comprender c\u00f3mo los diferentes tiempos verbales se relacionan entre s\u00ed y c\u00f3mo usarlos en conjunto para una comunicaci\u00f3n clara. Esto le ayudar\u00e1 a evitar confusiones cuando se habla de eventos que ocurren en el pasado, presente o futuro.<\/p>\n\n\n\n<h3 class=\"wp-block-heading\" id=\"h-3-progressive\">3. Progresivo:<\/h3>\n\n\n\n<p>El aspecto progresivo en la gram\u00e1tica nepal\u00ed indica acciones en curso. Aprender la forma progresiva de los verbos es importante para expresar acciones que est\u00e1n sucediendo actualmente o estaban sucediendo en un momento espec\u00edfico. Esto te ayudar\u00e1 a crear conversaciones m\u00e1s din\u00e1micas y atractivas en nepal\u00ed.<\/p>\n\n\n\n<h3 class=\"wp-block-heading\" id=\"h-4-perfect-progressive\">4. Progresivo perfecto:<\/h3>\n\n\n\n<p>Este tiempo combina los conceptos de tiempos perfectos y progresivos. El tiempo progresivo perfecto se usa para describir una acci\u00f3n que comenz\u00f3 en el pasado y continu\u00f3 hasta otro punto en el pasado. Dominar este tiempo le permitir\u00e1 proporcionar informaci\u00f3n detallada sobre acciones pasadas y su duraci\u00f3n.<\/p>\n\n\n\n<h3 class=\"wp-block-heading\" id=\"h-5-verbs\">5. Verbos:<\/h3>\n\n\n\n<p>Los verbos son la columna vertebral de cualquier idioma, y el nepal\u00ed no es una excepci\u00f3n. Para hablar y entender el nepal\u00ed de manera efectiva, es esencial aprender las diferentes formas de los verbos, sus conjugaciones y c\u00f3mo funcionan en las oraciones.<\/p>\n\n\n\n<h3 class=\"wp-block-heading\" id=\"h-6-nouns\">6. Sustantivos:<\/h3>\n\n\n\n<p>Una fuerte comprensi\u00f3n de los sustantivos nepal\u00edes es necesaria para construir un vocabulario s\u00f3lido. Aprender sobre sustantivos comunes y propios, as\u00ed como sustantivos contables e incontables, te ayudar\u00e1 a identificar y usar correctamente estas partes esenciales del habla en tus conversaciones.<\/p>\n\n\n\n<h3 class=\"wp-block-heading\" id=\"h-7-articles\">7. Art\u00edculos:<\/h3>\n\n\n\n<p>En nepal\u00ed, los art\u00edculos no son tan prominentes como en ingl\u00e9s, pero a\u00fan as\u00ed es esencial aprender su uso. Dominar el uso de art\u00edculos te ayudar\u00e1 a identificar y describir con precisi\u00f3n objetos, personas y conceptos en tus conversaciones.<\/p>\n\n\n\n<h3 class=\"wp-block-heading\" id=\"h-8-pronouns-determiners\">8. Pronombres\/Determinantes:<\/h3>\n\n\n\n<p>Familiarizarse con los pronombres y determinantes nepal\u00edes es crucial para una comunicaci\u00f3n clara y concisa. Estas partes del habla ayudan a reemplazar o especificar sustantivos en oraciones, haciendo que sus conversaciones sean m\u00e1s eficientes y naturales.<\/p>\n\n\n\n<h3 class=\"wp-block-heading\" id=\"h-9-adjectives\">9. Adjetivos:<\/h3>\n\n\n\n<p>Los adjetivos son esenciales para agregar profundidad y detalle a sus conversaciones nepal\u00edes. Aprender a usar los adjetivos correctamente le permitir\u00e1 describir con precisi\u00f3n personas, lugares y cosas, haciendo que su discurso sea m\u00e1s atractivo e informativo.<\/p>\n\n\n\n<h3 class=\"wp-block-heading\" id=\"h-10-adverbs\">10. Adverbios<\/h3>\n\n\n\n<p>En nepal\u00ed, los adverbios juegan un papel crucial en la modificaci\u00f3n de verbos, adjetivos u otros adverbios. Comprender c\u00f3mo usar adverbios le permitir\u00e1 proporcionar informaci\u00f3n adicional sobre acciones, estados o cualidades en sus conversaciones.<\/p>\n\n\n\n<h3 class=\"wp-block-heading\" id=\"h-11-conditionals\">11. Condicionales:<\/h3>\n\n\n\n<p>Dominar los condicionales nepal\u00edes te permitir\u00e1 expresar situaciones hipot\u00e9ticas y sus consecuencias. Esto es importante para crear discusiones complejas y matizadas en el lenguaje.<\/p>\n\n\n\n<h3 class=\"wp-block-heading\" id=\"h-12-prepositions\">12. Preposiciones:<\/h3>\n\n\n\n<p>Las preposiciones son esenciales para indicar las relaciones entre las palabras en una oraci\u00f3n. Aprender el uso correcto de las preposiciones te ayudar\u00e1 a crear oraciones claras y coherentes en nepal\u00ed.<\/p>\n\n\n\n<h3 class=\"wp-block-heading\" id=\"h-13-sentences\">13. Sentencias:<\/h3>\n\n\n\n<p>Por \u00faltimo, comprender la estructura y los tipos de oraciones nepal\u00edes es vital para una comunicaci\u00f3n efectiva. Familiar\u00edcese con oraciones simples, compuestas y complejas, y aprenda a construirlas correctamente para transmitir sus pensamientos e ideas en el idioma.<\/p>\n<\/div><\/div>\n\r\n<section class=\"learnNavigationSection\">\r\n            \r\n        <a href=\"https:\/\/talkpal.ai\/es\/aprender-nepali\/\">\r\n            <div class=\"learnNavigationWrapper\">\r\n                <div class=\"learnNavigationContent\">\r\n                    <img decoding=\"async\" src=\"https:\/\/talkpal.ai\/wp-content\/uploads\/2024\/08\/Nepali.jpg\" alt=\"Nepali Flag\">\r\n                    <div>\r\n                        <h4>Sobre el aprendizaje del nepal\u00ed<\/h4>\r\n                        <p>Descubra todo sobre la gram\u00e1tica nepal\u00ed.<\/p>\r\n                    <\/div>\r\n                <\/div>\r\n            <\/div>\r\n        <\/a>\r\n\r\n        \r\n        <a href=\"https:\/\/talkpal.ai\/es\/gramatica-nepali\/\">\r\n            <div class=\"learnNavigationWrapper\">\r\n                <div class=\"learnNavigationContent\">\r\n                    <img decoding=\"async\" src=\"https:\/\/talkpal.ai\/wp-content\/uploads\/2024\/08\/Nepali.jpg\" alt=\"Nepali Flag\">\r\n                    <div>\r\n                        <h4>Lecciones de gram\u00e1tica nepal\u00ed<\/h4>\r\n                        <p>Practica la gram\u00e1tica nepal\u00ed.<\/p>\r\n                    <\/div>\r\n                <\/div>\r\n            <\/div>\r\n        <\/a>\r\n\r\n        \r\n        <a href=\"https:\/\/talkpal.ai\/vocabulary_language\/nepali\/\">\r\n            <div class=\"learnNavigationWrapper\">\r\n                <div class=\"learnNavigationContent\">\r\n                    <img decoding=\"async\" src=\"https:\/\/talkpal.ai\/wp-content\/uploads\/2024\/08\/Nepali.jpg\" alt=\"Nepali Flag\">\r\n                    <div>\r\n                        <h4>Vocabulario nepal\u00ed<\/h4>\r\n                        <p>Ampl\u00eda tu vocabulario nepal\u00ed.<\/p>\r\n                    <\/div>\r\n                <\/div>\r\n            <\/div>\r\n        <\/a>\r\n\r\n            <\/section>","protected":false},"excerpt":{"rendered":"<p>Nepal\u00ed Temas gramaticales Aprender el idioma nepal\u00ed puede ser una experiencia fascinante y gratificante para cualquier persona interesada en sumergirse en la rica cultura e historia de Nepal. Al igual que con cualquier idioma, dominar la gram\u00e1tica nepal\u00ed es crucial para una comunicaci\u00f3n efectiva. Este art\u00edculo lo guiar\u00e1 a trav\u00e9s de los temas de gram\u00e1tica [&hellip;]<\/p>\n","protected":false},"author":6,"featured_media":28532,"parent":0,"menu_order":0,"comment_status":"closed","ping_status":"closed","template":"LearningContentPage.php","meta":{"_acf_changed":false,"footnotes":""},"class_list":["post-46304","page","type-page","status-publish","has-post-thumbnail","hentry"],"acf":[],"yoast_head":"<!-- This site is optimized with the Yoast SEO Premium plugin v27.2 (Yoast SEO v27.2) - https:\/\/yoast.com\/product\/yoast-seo-premium-wordpress\/ -->\n<title>Ejercicios de gram\u00e1tica nepal\u00ed - Talkpal<\/title>\n<meta name=\"description\" content=\"Domina los ejercicios de gram\u00e1tica nepal\u00ed para una comunicaci\u00f3n eficaz. Explora los tiempos verbales y las estructuras oracionales para mejorar la fluidez ling\u00fc\u00edstica.\" \/>\n<meta name=\"robots\" content=\"index, follow, max-snippet:-1, max-image-preview:large, max-video-preview:-1\" \/>\n<link rel=\"canonical\" href=\"https:\/\/talkpal.ai\/es\/ejercicios-de-gramatica-nepali\/\" \/>\n<meta property=\"og:locale\" content=\"es_ES\" \/>\n<meta property=\"og:type\" content=\"article\" \/>\n<meta property=\"og:title\" content=\"Ejercicios de gram\u00e1tica nepal\u00ed\" \/>\n<meta property=\"og:description\" content=\"Nepal\u00ed Temas gramaticales Aprender el idioma nepal\u00ed puede ser una experiencia fascinante y gratificante para cualquier persona interesada en sumergirse en\" \/>\n<meta property=\"og:url\" content=\"https:\/\/talkpal.ai\/es\/ejercicios-de-gramatica-nepali\/\" \/>\n<meta property=\"og:site_name\" content=\"Talkpal\" \/>\n<meta property=\"article:publisher\" content=\"https:\/\/www.facebook.com\/profile.php?id=100090733639311\" \/>\n<meta property=\"article:modified_time\" content=\"2025-12-17T14:35:29+00:00\" \/>\n<meta property=\"og:image\" content=\"https:\/\/talkpal.ai\/wp-content\/uploads\/2023\/05\/nepal.png\" \/>\n\t<meta property=\"og:image:width\" content=\"512\" \/>\n\t<meta property=\"og:image:height\" content=\"512\" \/>\n\t<meta property=\"og:image:type\" content=\"image\/png\" \/>\n<meta name=\"twitter:card\" content=\"summary_large_image\" \/>\n<meta name=\"twitter:site\" content=\"@talkpalai\" \/>\n<meta name=\"twitter:label1\" content=\"Tiempo de lectura\" \/>\n\t<meta name=\"twitter:data1\" content=\"3 minutos\" \/>\n<script type=\"application\/ld+json\" class=\"yoast-schema-graph\">{\"@context\":\"https:\/\/schema.org\",\"@graph\":[{\"@type\":\"WebPage\",\"@id\":\"https:\/\/talkpal.ai\/es\/ejercicios-de-gramatica-nepali\/\",\"url\":\"https:\/\/talkpal.ai\/es\/ejercicios-de-gramatica-nepali\/\",\"name\":\"Ejercicios de gram\u00e1tica nepal\u00ed - Talkpal\",\"isPartOf\":{\"@id\":\"https:\/\/talkpal.ai\/es\/#website\"},\"primaryImageOfPage\":{\"@id\":\"https:\/\/talkpal.ai\/es\/ejercicios-de-gramatica-nepali\/#primaryimage\"},\"image\":{\"@id\":\"https:\/\/talkpal.ai\/es\/ejercicios-de-gramatica-nepali\/#primaryimage\"},\"thumbnailUrl\":\"https:\/\/talkpal.ai\/wp-content\/uploads\/2023\/05\/nepal.png\",\"datePublished\":\"2023-06-22T08:52:21+00:00\",\"dateModified\":\"2025-12-17T14:35:29+00:00\",\"description\":\"Domina los ejercicios de gram\u00e1tica nepal\u00ed para una comunicaci\u00f3n eficaz. Explora los tiempos verbales y las estructuras oracionales para mejorar la fluidez ling\u00fc\u00edstica.\",\"breadcrumb\":{\"@id\":\"https:\/\/talkpal.ai\/es\/ejercicios-de-gramatica-nepali\/#breadcrumb\"},\"inLanguage\":\"es\",\"potentialAction\":[{\"@type\":\"ReadAction\",\"target\":[\"https:\/\/talkpal.ai\/es\/ejercicios-de-gramatica-nepali\/\"]}]},{\"@type\":\"ImageObject\",\"inLanguage\":\"es\",\"@id\":\"https:\/\/talkpal.ai\/es\/ejercicios-de-gramatica-nepali\/#primaryimage\",\"url\":\"https:\/\/talkpal.ai\/wp-content\/uploads\/2023\/05\/nepal.png\",\"contentUrl\":\"https:\/\/talkpal.ai\/wp-content\/uploads\/2023\/05\/nepal.png\",\"width\":512,\"height\":512},{\"@type\":\"BreadcrumbList\",\"@id\":\"https:\/\/talkpal.ai\/es\/ejercicios-de-gramatica-nepali\/#breadcrumb\",\"itemListElement\":[{\"@type\":\"ListItem\",\"position\":1,\"name\":\"Homepage\",\"item\":\"https:\/\/talkpal.ai\/es\/\"},{\"@type\":\"ListItem\",\"position\":2,\"name\":\"Ejercicios de gram\u00e1tica nepal\u00ed\"}]},{\"@type\":\"WebSite\",\"@id\":\"https:\/\/talkpal.ai\/es\/#website\",\"url\":\"https:\/\/talkpal.ai\/es\/\",\"name\":\"Talkpal\",\"description\":\"AI Language Learning\",\"publisher\":{\"@id\":\"https:\/\/talkpal.ai\/es\/#organization\"},\"alternateName\":\"Talkpal AI\",\"potentialAction\":[{\"@type\":\"SearchAction\",\"target\":{\"@type\":\"EntryPoint\",\"urlTemplate\":\"https:\/\/talkpal.ai\/es\/?s={search_term_string}\"},\"query-input\":{\"@type\":\"PropertyValueSpecification\",\"valueRequired\":true,\"valueName\":\"search_term_string\"}}],\"inLanguage\":\"es\"},{\"@type\":\"Organization\",\"@id\":\"https:\/\/talkpal.ai\/es\/#organization\",\"name\":\"Talkpal, Inc.\",\"alternateName\":\"Talkpal AI\",\"url\":\"https:\/\/talkpal.ai\/es\/\",\"logo\":{\"@type\":\"ImageObject\",\"inLanguage\":\"es\",\"@id\":\"https:\/\/talkpal.ai\/es\/#\/schema\/logo\/image\/\",\"url\":\"https:\/\/talkpal.ai\/wp-content\/uploads\/2024\/03\/Talkpal-Logo-Icon.png\",\"contentUrl\":\"https:\/\/talkpal.ai\/wp-content\/uploads\/2024\/03\/Talkpal-Logo-Icon.png\",\"width\":2880,\"height\":2880,\"caption\":\"Talkpal, Inc.\"},\"image\":{\"@id\":\"https:\/\/talkpal.ai\/es\/#\/schema\/logo\/image\/\"},\"sameAs\":[\"https:\/\/www.facebook.com\/profile.php?id=100090733639311\",\"https:\/\/x.com\/talkpalai\",\"https:\/\/www.linkedin.com\/company\/talkpal\/\",\"https:\/\/www.youtube.com\/@TalkPal\/\",\"https:\/\/www.tiktok.com\/@talkpal\",\"https:\/\/www.instagram.com\/talkpal_ai\/\",\"https:\/\/www.crunchbase.com\/organization\/talkpal-9cde\",\"https:\/\/www.g2.com\/products\/talkpal-for-business\/\",\"https:\/\/www.trustpilot.com\/review\/talkpal.ai\",\"https:\/\/www.capterra.com\/p\/10006800\/TalkPal\/\"],\"description\":\"Talkpal is a language learning web and mobile education app, powered by the latest AI technologies, that provides engaging experiences to its customers in many different languages to help them improve their language skills. Users can chat about unlimited amount of topics with the app and use other modes to practice their language learning.\",\"email\":\"support@talkpal.ai\",\"legalName\":\"Talkpal, Inc.\",\"foundingDate\":\"2023-04-03\",\"duns\":\"118989042\",\"numberOfEmployees\":{\"@type\":\"QuantitativeValue\",\"minValue\":\"11\",\"maxValue\":\"50\"},\"publishingPrinciples\":\"https:\/\/talkpal.ai\/publishing-principles\/\",\"actionableFeedbackPolicy\":\"https:\/\/talkpal.ai\/actionable-feedback-policy\/\",\"correctionsPolicy\":\"https:\/\/talkpal.ai\/corrections-policy\/\",\"ethicsPolicy\":\"https:\/\/talkpal.ai\/ethics-policy\/\",\"diversityPolicy\":\"https:\/\/talkpal.ai\/diversity-policy\/\",\"diversityStaffingReport\":\"https:\/\/talkpal.ai\/diversity-policy\/\"}]}<\/script>\n<!-- \/ Yoast SEO Premium plugin. -->","yoast_head_json":{"title":"Ejercicios de gram\u00e1tica nepal\u00ed - Talkpal","description":"Domina los ejercicios de gram\u00e1tica nepal\u00ed para una comunicaci\u00f3n eficaz. Explora los tiempos verbales y las estructuras oracionales para mejorar la fluidez ling\u00fc\u00edstica.","robots":{"index":"index","follow":"follow","max-snippet":"max-snippet:-1","max-image-preview":"max-image-preview:large","max-video-preview":"max-video-preview:-1"},"canonical":"https:\/\/talkpal.ai\/es\/ejercicios-de-gramatica-nepali\/","og_locale":"es_ES","og_type":"article","og_title":"Ejercicios de gram\u00e1tica nepal\u00ed","og_description":"Nepal\u00ed Temas gramaticales Aprender el idioma nepal\u00ed puede ser una experiencia fascinante y gratificante para cualquier persona interesada en sumergirse en","og_url":"https:\/\/talkpal.ai\/es\/ejercicios-de-gramatica-nepali\/","og_site_name":"Talkpal","article_publisher":"https:\/\/www.facebook.com\/profile.php?id=100090733639311","article_modified_time":"2025-12-17T14:35:29+00:00","og_image":[{"width":512,"height":512,"url":"https:\/\/talkpal.ai\/wp-content\/uploads\/2023\/05\/nepal.png","type":"image\/png"}],"twitter_card":"summary_large_image","twitter_site":"@talkpalai","twitter_misc":{"Tiempo de lectura":"3 minutos"},"schema":{"@context":"https:\/\/schema.org","@graph":[{"@type":"WebPage","@id":"https:\/\/talkpal.ai\/es\/ejercicios-de-gramatica-nepali\/","url":"https:\/\/talkpal.ai\/es\/ejercicios-de-gramatica-nepali\/","name":"Ejercicios de gram\u00e1tica nepal\u00ed - Talkpal","isPartOf":{"@id":"https:\/\/talkpal.ai\/es\/#website"},"primaryImageOfPage":{"@id":"https:\/\/talkpal.ai\/es\/ejercicios-de-gramatica-nepali\/#primaryimage"},"image":{"@id":"https:\/\/talkpal.ai\/es\/ejercicios-de-gramatica-nepali\/#primaryimage"},"thumbnailUrl":"https:\/\/talkpal.ai\/wp-content\/uploads\/2023\/05\/nepal.png","datePublished":"2023-06-22T08:52:21+00:00","dateModified":"2025-12-17T14:35:29+00:00","description":"Domina los ejercicios de gram\u00e1tica nepal\u00ed para una comunicaci\u00f3n eficaz. Explora los tiempos verbales y las estructuras oracionales para mejorar la fluidez ling\u00fc\u00edstica.","breadcrumb":{"@id":"https:\/\/talkpal.ai\/es\/ejercicios-de-gramatica-nepali\/#breadcrumb"},"inLanguage":"es","potentialAction":[{"@type":"ReadAction","target":["https:\/\/talkpal.ai\/es\/ejercicios-de-gramatica-nepali\/"]}]},{"@type":"ImageObject","inLanguage":"es","@id":"https:\/\/talkpal.ai\/es\/ejercicios-de-gramatica-nepali\/#primaryimage","url":"https:\/\/talkpal.ai\/wp-content\/uploads\/2023\/05\/nepal.png","contentUrl":"https:\/\/talkpal.ai\/wp-content\/uploads\/2023\/05\/nepal.png","width":512,"height":512},{"@type":"BreadcrumbList","@id":"https:\/\/talkpal.ai\/es\/ejercicios-de-gramatica-nepali\/#breadcrumb","itemListElement":[{"@type":"ListItem","position":1,"name":"Homepage","item":"https:\/\/talkpal.ai\/es\/"},{"@type":"ListItem","position":2,"name":"Ejercicios de gram\u00e1tica nepal\u00ed"}]},{"@type":"WebSite","@id":"https:\/\/talkpal.ai\/es\/#website","url":"https:\/\/talkpal.ai\/es\/","name":"Talkpal","description":"AI Language Learning","publisher":{"@id":"https:\/\/talkpal.ai\/es\/#organization"},"alternateName":"Talkpal AI","potentialAction":[{"@type":"SearchAction","target":{"@type":"EntryPoint","urlTemplate":"https:\/\/talkpal.ai\/es\/?s={search_term_string}"},"query-input":{"@type":"PropertyValueSpecification","valueRequired":true,"valueName":"search_term_string"}}],"inLanguage":"es"},{"@type":"Organization","@id":"https:\/\/talkpal.ai\/es\/#organization","name":"Talkpal, Inc.","alternateName":"Talkpal AI","url":"https:\/\/talkpal.ai\/es\/","logo":{"@type":"ImageObject","inLanguage":"es","@id":"https:\/\/talkpal.ai\/es\/#\/schema\/logo\/image\/","url":"https:\/\/talkpal.ai\/wp-content\/uploads\/2024\/03\/Talkpal-Logo-Icon.png","contentUrl":"https:\/\/talkpal.ai\/wp-content\/uploads\/2024\/03\/Talkpal-Logo-Icon.png","width":2880,"height":2880,"caption":"Talkpal, Inc."},"image":{"@id":"https:\/\/talkpal.ai\/es\/#\/schema\/logo\/image\/"},"sameAs":["https:\/\/www.facebook.com\/profile.php?id=100090733639311","https:\/\/x.com\/talkpalai","https:\/\/www.linkedin.com\/company\/talkpal\/","https:\/\/www.youtube.com\/@TalkPal\/","https:\/\/www.tiktok.com\/@talkpal","https:\/\/www.instagram.com\/talkpal_ai\/","https:\/\/www.crunchbase.com\/organization\/talkpal-9cde","https:\/\/www.g2.com\/products\/talkpal-for-business\/","https:\/\/www.trustpilot.com\/review\/talkpal.ai","https:\/\/www.capterra.com\/p\/10006800\/TalkPal\/"],"description":"Talkpal is a language learning web and mobile education app, powered by the latest AI technologies, that provides engaging experiences to its customers in many different languages to help them improve their language skills. Users can chat about unlimited amount of topics with the app and use other modes to practice their language learning.","email":"support@talkpal.ai","legalName":"Talkpal, Inc.","foundingDate":"2023-04-03","duns":"118989042","numberOfEmployees":{"@type":"QuantitativeValue","minValue":"11","maxValue":"50"},"publishingPrinciples":"https:\/\/talkpal.ai\/publishing-principles\/","actionableFeedbackPolicy":"https:\/\/talkpal.ai\/actionable-feedback-policy\/","correctionsPolicy":"https:\/\/talkpal.ai\/corrections-policy\/","ethicsPolicy":"https:\/\/talkpal.ai\/ethics-policy\/","diversityPolicy":"https:\/\/talkpal.ai\/diversity-policy\/","diversityStaffingReport":"https:\/\/talkpal.ai\/diversity-policy\/"}]}},"_links":{"self":[{"href":"https:\/\/talkpal.ai\/es\/wp-json\/wp\/v2\/pages\/46304","targetHints":{"allow":["GET"]}}],"collection":[{"href":"https:\/\/talkpal.ai\/es\/wp-json\/wp\/v2\/pages"}],"about":[{"href":"https:\/\/talkpal.ai\/es\/wp-json\/wp\/v2\/types\/page"}],"author":[{"embeddable":true,"href":"https:\/\/talkpal.ai\/es\/wp-json\/wp\/v2\/users\/6"}],"replies":[{"embeddable":true,"href":"https:\/\/talkpal.ai\/es\/wp-json\/wp\/v2\/comments?post=46304"}],"version-history":[{"count":0,"href":"https:\/\/talkpal.ai\/es\/wp-json\/wp\/v2\/pages\/46304\/revisions"}],"wp:featuredmedia":[{"embeddable":true,"href":"https:\/\/talkpal.ai\/es\/wp-json\/wp\/v2\/media\/28532"}],"wp:attachment":[{"href":"https:\/\/talkpal.ai\/es\/wp-json\/wp\/v2\/media?parent=46304"}],"curies":[{"name":"wp","href":"https:\/\/api.w.org\/{rel}","templated":true}]}}