{"id":46272,"date":"2023-07-05T11:05:37","date_gmt":"2023-07-05T11:05:37","guid":{"rendered":"http:\/\/talkpal.ai\/ejercicios-de-gramatica-vietnamita\/"},"modified":"2025-12-17T14:42:37","modified_gmt":"2025-12-17T14:42:37","slug":"ejercicios-de-gramatica-vietnamita","status":"publish","type":"page","link":"https:\/\/talkpal.ai\/es\/ejercicios-de-gramatica-vietnamita\/","title":{"rendered":"Ejercicios de gram\u00e1tica vietnamita"},"content":{"rendered":"\r\n\r\n\r\n<section class=\"languageChallengeSection\">\r\n    <div class=\"languageInfoWrapper\">\r\n        \r\n        <h1>Ejercicios de gram\u00e1tica vietnamita<\/h1>\r\n        <p>\u00a1Vamos a divertirnos con la gram\u00e1tica eslovaca! Estos sencillos ejercicios te ayudar\u00e1n a acostumbrarte al funcionamiento de la lengua y aumentar\u00e1n tu confianza mientras aprendes. \u00bfPreparado? \u00a1Empecemos!<\/p>\r\n\r\n                            <a class=\"getStartedHidden\" href=\"https:\/\/app.talkpal.ai\/es-es\/signup?lng=\">Comenzar<\/a>\r\n        \r\n    <\/div>\r\n\r\n    <figure>\r\n    <img decoding=\"async\" width=\"768\" height=\"768\" src=\"https:\/\/talkpal.ai\/wp-content\/uploads\/2023\/06\/vietnamese-768x768.png\" class=\"languageImage no-lazy\" alt=\"Default alt text\" fetchpriority=\"high\" sizes=\"(max-width: 768px) 150px, 768px\" srcset=\"https:\/\/talkpal.ai\/wp-content\/uploads\/2023\/06\/vietnamese-768x768.png 768w, https:\/\/talkpal.ai\/wp-content\/uploads\/2023\/06\/vietnamese-300x300.png 300w\" \/>\r\n    \r\n\r\n    <\/figure>\r\n\r\n            <a class=\"getStartedVisible\" href=\"https:\/\/app.talkpal.ai\/es-es\/signup?lng=\">Comenzar<\/a>\r\n    \r\n<\/section>\r\n\r\n\r\n<!-- <section class=\"grammarSection\">\r\n    <div class=\"grammarLinks\">\r\n        <a href=\"https:\/\/talkpal.ai\/es\/exercise_language\/adjetivos-gramatica-vietnamita\/\">Adjetivos <\/a><a href=\"https:\/\/talkpal.ai\/es\/exercise_language\/adverbios-gramatica-vietnamita\/\">Adverbios <\/a><a href=\"https:\/\/talkpal.ai\/es\/exercise_language\/articulos-gramatica-vietnamita\/\">Art\u00edculos <\/a><a href=\"https:\/\/talkpal.ai\/es\/exercise_language\/comparacion-de-tiempos-gramatica-vietnamita\/\">Comparaci\u00f3n de tiempos <\/a><a href=\"https:\/\/talkpal.ai\/es\/exercise_language\/condicionales-gramatica-vietnamita\/\">Condicionales <\/a><a href=\"https:\/\/talkpal.ai\/es\/exercise_language\/oraciones-gramatica-vietnamita\/\">Oraciones <\/a><a href=\"https:\/\/talkpal.ai\/es\/exercise_language\/perfecto-progresivo-gramatica-vietnamita\/\">Perfecto Progresivo <\/a><a href=\"https:\/\/talkpal.ai\/es\/exercise_language\/preposiciones-gramatica-vietnamita\/\">Preposiciones <\/a><a href=\"https:\/\/talkpal.ai\/es\/exercise_language\/progresivo-gramatica-vietnamita\/\">Progresivo <\/a><a href=\"https:\/\/talkpal.ai\/es\/exercise_language\/pronombres-determinantes-gramatica-vietnamita\/\">Pronombres\/Determinantes <\/a><a href=\"https:\/\/talkpal.ai\/es\/exercise_language\/sustantivos-gramatica-vietnamita\/\">Sustantivos <\/a><a href=\"https:\/\/talkpal.ai\/es\/exercise_language\/tiempos-verbales-gramatica-vietnamita\/\">Tiempos verbales <\/a><a href=\"https:\/\/talkpal.ai\/es\/exercise_language\/verbos-gramatica-vietnamita\/\">Verbos <\/a>    <\/div>\r\n<\/section> -->\r\n\r\n\r\n\r\n\r\n        <section class=\"grammarSection\">\r\n            <div class=\"grammarLinks\">\r\n                <a href=\"https:\/\/talkpal.ai\/es\/exercise_language\/adjetivos-gramatica-vietnamita\/\">Adjetivos <\/a><a href=\"https:\/\/talkpal.ai\/es\/exercise_language\/adverbios-gramatica-vietnamita\/\">Adverbios <\/a><a href=\"https:\/\/talkpal.ai\/es\/exercise_language\/articulos-gramatica-vietnamita\/\">Art\u00edculos <\/a><a href=\"https:\/\/talkpal.ai\/es\/exercise_language\/comparacion-de-tiempos-gramatica-vietnamita\/\">Comparaci\u00f3n de tiempos <\/a><a href=\"https:\/\/talkpal.ai\/es\/exercise_language\/condicionales-gramatica-vietnamita\/\">Condicionales <\/a><a href=\"https:\/\/talkpal.ai\/es\/exercise_language\/oraciones-gramatica-vietnamita\/\">Oraciones <\/a><a href=\"https:\/\/talkpal.ai\/es\/exercise_language\/perfecto-progresivo-gramatica-vietnamita\/\">Perfecto Progresivo <\/a><a href=\"https:\/\/talkpal.ai\/es\/exercise_language\/preposiciones-gramatica-vietnamita\/\">Preposiciones <\/a><a href=\"https:\/\/talkpal.ai\/es\/exercise_language\/progresivo-gramatica-vietnamita\/\">Progresivo <\/a><a href=\"https:\/\/talkpal.ai\/es\/exercise_language\/pronombres-determinantes-gramatica-vietnamita\/\">Pronombres\/Determinantes <\/a><a href=\"https:\/\/talkpal.ai\/es\/exercise_language\/sustantivos-gramatica-vietnamita\/\">Sustantivos <\/a><a href=\"https:\/\/talkpal.ai\/es\/exercise_language\/tiempos-verbales-gramatica-vietnamita\/\">Tiempos verbales <\/a><a href=\"https:\/\/talkpal.ai\/es\/exercise_language\/verbos-gramatica-vietnamita\/\">Verbos <\/a>            <\/div>\r\n        <\/section>\r\n<section class=\"promotionalBanner\">\r\n    <p class=\"promotionalText\">La forma m\u00e1s eficiente de aprender un idioma<\/p>\r\n    <a class=\"promotionalLink\" href=\"https:\/\/app.talkpal.ai\/es-es\/signup?lng=\">Prueba Talkpal gratis<\/a>\r\n<\/section>\n<div class=\"wp-block-group pageContainerStyle\"><div class=\"wp-block-group__inner-container is-layout-constrained wp-block-group-is-layout-constrained\">\n<h2 class=\"wp-block-heading\" id=\"h-vietnamese-grammar-topics\">Temas de gram\u00e1tica vietnamita<\/h2>\n\n\n\n<p>Aprender un nuevo idioma puede ser un esfuerzo emocionante y desafiante. Comprender la <a href=\"https:\/\/talkpal.ai\/es\/gramatica-vietnamita\/\">gram\u00e1tica vietnamita<\/a> es la clave para desbloquear este fascinante idioma. Aqu\u00ed, discutiremos y agruparemos temas importantes en la secuencia en la que idealmente deber\u00edan aprenderse, <a href=\"https:\/\/talkpal.ai\/culture\/how-do-i-use-lo-que-in-a-sentence\/\">lo que<\/a> permite una acumulaci\u00f3n gradual de complejidad. Esta gu\u00eda cubrir\u00e1 todo, desde los elementos b\u00e1sicos <a href=\"https:\/\/talkpal.ai\/locations\/language-courses-in-como\/\">como<\/a> sustantivos y verbos hasta las estructuras m\u00e1s complejas como tiempos y condicionales.<\/p>\n\n\n\n<h3 class=\"wp-block-heading\" id=\"h-1-nouns\">1. Sustantivos:<\/h3>\n\n\n\n<p>Comience con lo b\u00e1sico aprendiendo sustantivos vietnamitas. Estos son los nombres de personas, lugares, cosas o ideas. Los sustantivos vietnamitas no <a href=\"https:\/\/talkpal.ai\/locations\/language-courses-in-tienen\/\">tienen<\/a> g\u00e9neros, lo que los hace m\u00e1s simples que en otros idiomas.<\/p>\n\n\n\n<h3 class=\"wp-block-heading\" id=\"h-2-pronouns-determiners\">2. Pronombres\/Determinantes:<\/h3>\n\n\n\n<p>Una vez que te sientas c\u00f3modo con los sustantivos, pasa a los pronombres y determinantes. Estas palabras reemplazan o modifican los sustantivos, ayudando a hacer oraciones m\u00e1s concisas y evitar la repetici\u00f3n.<\/p>\n\n\n\n<h3 class=\"wp-block-heading\" id=\"h-3-verbs\">3. Verbos:<\/h3>\n\n\n\n<p>Los verbos se usan para describir acciones o estados del ser. En <a href=\"https:\/\/talkpal.ai\/learn-vietnamese\/\">vietnamita<\/a>, los verbos no cambian su forma seg\u00fan el sujeto o el tiempo, lo que los hace menos complicados que en otros idiomas.<\/p>\n\n\n\n<h3 class=\"wp-block-heading\" id=\"h-4-adjectives\">4. Adjetivos:<\/h3>\n\n\n\n<p><a href=\"https:\/\/talkpal.ai\/es\/errores-al-aprender-adjetivos-y-como-evitarlos\/\">Aprender adjetivos<\/a> te permitir\u00e1 describir los sustantivos con m\u00e1s detalle. En vietnamita, los adjetivos siguen el sustantivo que modifican, que es diferente del ingl\u00e9s.<\/p>\n\n\n\n<h3 class=\"wp-block-heading\" id=\"h-5-articles\">5. Art\u00edculos:<\/h3>\n\n\n\n<p>El vietnamita no tiene art\u00edculos de la misma manera que el ingl\u00e9s. Sin embargo, sigue siendo importante entender c\u00f3mo indicar la definici\u00f3n o indefinici\u00f3n de un sustantivo.<\/p>\n\n\n\n<h3 class=\"wp-block-heading\" id=\"h-6-adverbs\">6. Adverbios:<\/h3>\n\n\n\n<p>Los adverbios se utilizan para modificar verbos, adjetivos u otros adverbios. Pueden proporcionar informaci\u00f3n sobre la manera, el lugar, el tiempo, la frecuencia, el grado y otros.<\/p>\n\n\n\n<h3 class=\"wp-block-heading\" id=\"h-7-prepositions\">7. Preposiciones:<\/h3>\n\n\n\n<p>Estas son palabras que muestran la relaci\u00f3n de un sustantivo o pronombre con otra palabra en una oraci\u00f3n. Pueden indicar ubicaci\u00f3n, direcci\u00f3n, hora, causa y otras relaciones.<\/p>\n\n\n\n<h3 class=\"wp-block-heading\" id=\"h-8-tenses\">8. Tiempos verbales:<\/h3>\n\n\n\n<p>El vietnamita no tiene tiempos verbales en el sentido tradicional. En cambio, utiliza palabras y contexto para indicar el momento en que tiene lugar una acci\u00f3n.<\/p>\n\n\n\n<h3 class=\"wp-block-heading\" id=\"h-9-tense-comparison\">9. Comparaci\u00f3n tensa:<\/h3>\n\n\n\n<p>Entender c\u00f3mo comparar los tiempos verbales en vietnamita es crucial. Esto implica aprender palabras y estructuras espec\u00edficas utilizadas para indicar cambios en el tiempo.<\/p>\n\n\n\n<h3 class=\"wp-block-heading\" id=\"h-10-progressive\">10. Progresivo:<\/h3>\n\n\n\n<p>El aspecto progresivo en vietnamita se utiliza para indicar acciones en curso. Puede aplicarse al pasado, presente o futuro.<\/p>\n\n\n\n<h3 class=\"wp-block-heading\" id=\"h-11-perfect-progressive\">11. Progresivo perfecto:<\/h3>\n\n\n\n<p>Este tiempo verbal se usa para expresar acciones que estaban en curso en el pasado y tienen alguna relaci\u00f3n con el presente.<\/p>\n\n\n\n<h3 class=\"wp-block-heading\" id=\"h-12-conditionals\">12. Condicionales:<\/h3>\n\n\n\n<p>Los condicionales son oraciones que expresan situaciones hipot\u00e9ticas y las consecuencias que las siguen.<\/p>\n\n\n\n<h3 class=\"wp-block-heading\" id=\"h-13-sentences\">13. Sentencias:<\/h3>\n\n\n\n<p>Una vez que tenga una comprensi\u00f3n de todos estos elementos, puede comenzar a formar oraciones completas en vietnamita. Esto implica comprender la estructura b\u00e1sica de la oraci\u00f3n, que generalmente es sujeto-verbo-objeto.<\/p>\n<\/div><\/div>\n\r\n<section class=\"learnNavigationSection\">\r\n            \r\n        <a href=\"https:\/\/talkpal.ai\/es\/aprender-vietnamita\/\">\r\n            <div class=\"learnNavigationWrapper\">\r\n                <div class=\"learnNavigationContent\">\r\n                    <img decoding=\"async\" src=\"https:\/\/talkpal.ai\/wp-content\/uploads\/2024\/08\/Vietnamese.jpg\" alt=\"Vietnamise Flag\">\r\n                    <div>\r\n                        <h4>Sobre el aprendizaje del vietnamita<\/h4>\r\n                        <p>Descubra todo sobre la gram\u00e1tica vietnamita.<\/p>\r\n                    <\/div>\r\n                <\/div>\r\n            <\/div>\r\n        <\/a>\r\n\r\n        \r\n        <a href=\"https:\/\/talkpal.ai\/es\/gramatica-vietnamita\/\">\r\n            <div class=\"learnNavigationWrapper\">\r\n                <div class=\"learnNavigationContent\">\r\n                    <img decoding=\"async\" src=\"https:\/\/talkpal.ai\/wp-content\/uploads\/2024\/08\/Vietnamese.jpg\" alt=\"Vietnamise Flag\">\r\n                    <div>\r\n                        <h4>Lecciones de gram\u00e1tica vietnamita<\/h4>\r\n                        <p>Practica la gram\u00e1tica vietnamita.<\/p>\r\n                    <\/div>\r\n                <\/div>\r\n            <\/div>\r\n        <\/a>\r\n\r\n        \r\n        <a href=\"https:\/\/talkpal.ai\/vocabulary_language\/vietnamese\/\">\r\n            <div class=\"learnNavigationWrapper\">\r\n                <div class=\"learnNavigationContent\">\r\n                    <img decoding=\"async\" src=\"https:\/\/talkpal.ai\/wp-content\/uploads\/2024\/08\/Vietnamese.jpg\" alt=\"Vietnamise Flag\">\r\n                    <div>\r\n                        <h4>Vocabulario vietnamita<\/h4>\r\n                        <p>Ampl\u00eda tu vocabulario vietnamita.<\/p>\r\n                    <\/div>\r\n                <\/div>\r\n            <\/div>\r\n        <\/a>\r\n\r\n            <\/section>","protected":false},"excerpt":{"rendered":"<p>Temas de gram\u00e1tica vietnamita Aprender un nuevo idioma puede ser un esfuerzo emocionante y desafiante. Comprender la gram\u00e1tica vietnamita es la clave para desbloquear este fascinante idioma. Aqu\u00ed, discutiremos y agruparemos temas importantes en la secuencia en la que idealmente deber\u00edan aprenderse, lo que permite una acumulaci\u00f3n gradual de complejidad. Esta gu\u00eda cubrir\u00e1 todo, desde [&hellip;]<\/p>\n","protected":false},"author":6,"featured_media":28788,"parent":0,"menu_order":0,"comment_status":"closed","ping_status":"closed","template":"LearningContentPage.php","meta":{"_acf_changed":false,"footnotes":""},"class_list":["post-46272","page","type-page","status-publish","has-post-thumbnail","hentry"],"acf":[],"yoast_head":"<!-- This site is optimized with the Yoast SEO Premium plugin v27.2 (Yoast SEO v27.2) - https:\/\/yoast.com\/product\/yoast-seo-premium-wordpress\/ -->\n<title>Ejercicios de gram\u00e1tica vietnamita - Talkpal<\/title>\n<meta name=\"description\" content=\"Desvela los secretos de la lengua vietnamita con nuestros ejercicios de gram\u00e1tica vietnamita dise\u00f1ados para un aprendizaje gradual.\" \/>\n<meta name=\"robots\" content=\"index, follow, max-snippet:-1, max-image-preview:large, max-video-preview:-1\" \/>\n<link rel=\"canonical\" href=\"https:\/\/talkpal.ai\/es\/ejercicios-de-gramatica-vietnamita\/\" \/>\n<meta property=\"og:locale\" content=\"es_ES\" \/>\n<meta property=\"og:type\" content=\"article\" \/>\n<meta property=\"og:title\" content=\"Ejercicios de gram\u00e1tica vietnamita\" \/>\n<meta property=\"og:description\" content=\"Temas de gram\u00e1tica vietnamita Aprender un nuevo idioma puede ser un esfuerzo emocionante y desafiante. Comprender la gram\u00e1tica vietnamita es la clave para\" \/>\n<meta property=\"og:url\" content=\"https:\/\/talkpal.ai\/es\/ejercicios-de-gramatica-vietnamita\/\" \/>\n<meta property=\"og:site_name\" content=\"Talkpal\" \/>\n<meta property=\"article:publisher\" content=\"https:\/\/www.facebook.com\/profile.php?id=100090733639311\" \/>\n<meta property=\"article:modified_time\" content=\"2025-12-17T14:42:37+00:00\" \/>\n<meta property=\"og:image\" content=\"https:\/\/talkpal.ai\/wp-content\/uploads\/2023\/05\/vietnam.png\" \/>\n\t<meta property=\"og:image:width\" content=\"512\" \/>\n\t<meta property=\"og:image:height\" content=\"512\" \/>\n\t<meta property=\"og:image:type\" content=\"image\/png\" \/>\n<meta name=\"twitter:card\" content=\"summary_large_image\" \/>\n<meta name=\"twitter:site\" content=\"@talkpalai\" \/>\n<meta name=\"twitter:label1\" content=\"Tiempo de lectura\" \/>\n\t<meta name=\"twitter:data1\" content=\"2 minutos\" \/>\n<script type=\"application\/ld+json\" class=\"yoast-schema-graph\">{\"@context\":\"https:\/\/schema.org\",\"@graph\":[{\"@type\":\"WebPage\",\"@id\":\"https:\/\/talkpal.ai\/es\/ejercicios-de-gramatica-vietnamita\/\",\"url\":\"https:\/\/talkpal.ai\/es\/ejercicios-de-gramatica-vietnamita\/\",\"name\":\"Ejercicios de gram\u00e1tica vietnamita - Talkpal\",\"isPartOf\":{\"@id\":\"https:\/\/talkpal.ai\/es\/#website\"},\"primaryImageOfPage\":{\"@id\":\"https:\/\/talkpal.ai\/es\/ejercicios-de-gramatica-vietnamita\/#primaryimage\"},\"image\":{\"@id\":\"https:\/\/talkpal.ai\/es\/ejercicios-de-gramatica-vietnamita\/#primaryimage\"},\"thumbnailUrl\":\"https:\/\/talkpal.ai\/wp-content\/uploads\/2023\/05\/vietnam.png\",\"datePublished\":\"2023-07-05T11:05:37+00:00\",\"dateModified\":\"2025-12-17T14:42:37+00:00\",\"description\":\"Desvela los secretos de la lengua vietnamita con nuestros ejercicios de gram\u00e1tica vietnamita dise\u00f1ados para un aprendizaje gradual.\",\"breadcrumb\":{\"@id\":\"https:\/\/talkpal.ai\/es\/ejercicios-de-gramatica-vietnamita\/#breadcrumb\"},\"inLanguage\":\"es\",\"potentialAction\":[{\"@type\":\"ReadAction\",\"target\":[\"https:\/\/talkpal.ai\/es\/ejercicios-de-gramatica-vietnamita\/\"]}]},{\"@type\":\"ImageObject\",\"inLanguage\":\"es\",\"@id\":\"https:\/\/talkpal.ai\/es\/ejercicios-de-gramatica-vietnamita\/#primaryimage\",\"url\":\"https:\/\/talkpal.ai\/wp-content\/uploads\/2023\/05\/vietnam.png\",\"contentUrl\":\"https:\/\/talkpal.ai\/wp-content\/uploads\/2023\/05\/vietnam.png\",\"width\":512,\"height\":512},{\"@type\":\"BreadcrumbList\",\"@id\":\"https:\/\/talkpal.ai\/es\/ejercicios-de-gramatica-vietnamita\/#breadcrumb\",\"itemListElement\":[{\"@type\":\"ListItem\",\"position\":1,\"name\":\"Homepage\",\"item\":\"https:\/\/talkpal.ai\/es\/\"},{\"@type\":\"ListItem\",\"position\":2,\"name\":\"Ejercicios de gram\u00e1tica vietnamita\"}]},{\"@type\":\"WebSite\",\"@id\":\"https:\/\/talkpal.ai\/es\/#website\",\"url\":\"https:\/\/talkpal.ai\/es\/\",\"name\":\"Talkpal\",\"description\":\"AI Language Learning\",\"publisher\":{\"@id\":\"https:\/\/talkpal.ai\/es\/#organization\"},\"alternateName\":\"Talkpal AI\",\"potentialAction\":[{\"@type\":\"SearchAction\",\"target\":{\"@type\":\"EntryPoint\",\"urlTemplate\":\"https:\/\/talkpal.ai\/es\/?s={search_term_string}\"},\"query-input\":{\"@type\":\"PropertyValueSpecification\",\"valueRequired\":true,\"valueName\":\"search_term_string\"}}],\"inLanguage\":\"es\"},{\"@type\":\"Organization\",\"@id\":\"https:\/\/talkpal.ai\/es\/#organization\",\"name\":\"Talkpal, Inc.\",\"alternateName\":\"Talkpal AI\",\"url\":\"https:\/\/talkpal.ai\/es\/\",\"logo\":{\"@type\":\"ImageObject\",\"inLanguage\":\"es\",\"@id\":\"https:\/\/talkpal.ai\/es\/#\/schema\/logo\/image\/\",\"url\":\"https:\/\/talkpal.ai\/wp-content\/uploads\/2024\/03\/Talkpal-Logo-Icon.png\",\"contentUrl\":\"https:\/\/talkpal.ai\/wp-content\/uploads\/2024\/03\/Talkpal-Logo-Icon.png\",\"width\":2880,\"height\":2880,\"caption\":\"Talkpal, Inc.\"},\"image\":{\"@id\":\"https:\/\/talkpal.ai\/es\/#\/schema\/logo\/image\/\"},\"sameAs\":[\"https:\/\/www.facebook.com\/profile.php?id=100090733639311\",\"https:\/\/x.com\/talkpalai\",\"https:\/\/www.linkedin.com\/company\/talkpal\/\",\"https:\/\/www.youtube.com\/@TalkPal\/\",\"https:\/\/www.tiktok.com\/@talkpal\",\"https:\/\/www.instagram.com\/talkpal_ai\/\",\"https:\/\/www.crunchbase.com\/organization\/talkpal-9cde\",\"https:\/\/www.g2.com\/products\/talkpal-for-business\/\",\"https:\/\/www.trustpilot.com\/review\/talkpal.ai\",\"https:\/\/www.capterra.com\/p\/10006800\/TalkPal\/\"],\"description\":\"Talkpal is a language learning web and mobile education app, powered by the latest AI technologies, that provides engaging experiences to its customers in many different languages to help them improve their language skills. Users can chat about unlimited amount of topics with the app and use other modes to practice their language learning.\",\"email\":\"support@talkpal.ai\",\"legalName\":\"Talkpal, Inc.\",\"foundingDate\":\"2023-04-03\",\"duns\":\"118989042\",\"numberOfEmployees\":{\"@type\":\"QuantitativeValue\",\"minValue\":\"11\",\"maxValue\":\"50\"},\"publishingPrinciples\":\"https:\/\/talkpal.ai\/publishing-principles\/\",\"actionableFeedbackPolicy\":\"https:\/\/talkpal.ai\/actionable-feedback-policy\/\",\"correctionsPolicy\":\"https:\/\/talkpal.ai\/corrections-policy\/\",\"ethicsPolicy\":\"https:\/\/talkpal.ai\/ethics-policy\/\",\"diversityPolicy\":\"https:\/\/talkpal.ai\/diversity-policy\/\",\"diversityStaffingReport\":\"https:\/\/talkpal.ai\/diversity-policy\/\"}]}<\/script>\n<!-- \/ Yoast SEO Premium plugin. -->","yoast_head_json":{"title":"Ejercicios de gram\u00e1tica vietnamita - Talkpal","description":"Desvela los secretos de la lengua vietnamita con nuestros ejercicios de gram\u00e1tica vietnamita dise\u00f1ados para un aprendizaje gradual.","robots":{"index":"index","follow":"follow","max-snippet":"max-snippet:-1","max-image-preview":"max-image-preview:large","max-video-preview":"max-video-preview:-1"},"canonical":"https:\/\/talkpal.ai\/es\/ejercicios-de-gramatica-vietnamita\/","og_locale":"es_ES","og_type":"article","og_title":"Ejercicios de gram\u00e1tica vietnamita","og_description":"Temas de gram\u00e1tica vietnamita Aprender un nuevo idioma puede ser un esfuerzo emocionante y desafiante. Comprender la gram\u00e1tica vietnamita es la clave para","og_url":"https:\/\/talkpal.ai\/es\/ejercicios-de-gramatica-vietnamita\/","og_site_name":"Talkpal","article_publisher":"https:\/\/www.facebook.com\/profile.php?id=100090733639311","article_modified_time":"2025-12-17T14:42:37+00:00","og_image":[{"width":512,"height":512,"url":"https:\/\/talkpal.ai\/wp-content\/uploads\/2023\/05\/vietnam.png","type":"image\/png"}],"twitter_card":"summary_large_image","twitter_site":"@talkpalai","twitter_misc":{"Tiempo de lectura":"2 minutos"},"schema":{"@context":"https:\/\/schema.org","@graph":[{"@type":"WebPage","@id":"https:\/\/talkpal.ai\/es\/ejercicios-de-gramatica-vietnamita\/","url":"https:\/\/talkpal.ai\/es\/ejercicios-de-gramatica-vietnamita\/","name":"Ejercicios de gram\u00e1tica vietnamita - Talkpal","isPartOf":{"@id":"https:\/\/talkpal.ai\/es\/#website"},"primaryImageOfPage":{"@id":"https:\/\/talkpal.ai\/es\/ejercicios-de-gramatica-vietnamita\/#primaryimage"},"image":{"@id":"https:\/\/talkpal.ai\/es\/ejercicios-de-gramatica-vietnamita\/#primaryimage"},"thumbnailUrl":"https:\/\/talkpal.ai\/wp-content\/uploads\/2023\/05\/vietnam.png","datePublished":"2023-07-05T11:05:37+00:00","dateModified":"2025-12-17T14:42:37+00:00","description":"Desvela los secretos de la lengua vietnamita con nuestros ejercicios de gram\u00e1tica vietnamita dise\u00f1ados para un aprendizaje gradual.","breadcrumb":{"@id":"https:\/\/talkpal.ai\/es\/ejercicios-de-gramatica-vietnamita\/#breadcrumb"},"inLanguage":"es","potentialAction":[{"@type":"ReadAction","target":["https:\/\/talkpal.ai\/es\/ejercicios-de-gramatica-vietnamita\/"]}]},{"@type":"ImageObject","inLanguage":"es","@id":"https:\/\/talkpal.ai\/es\/ejercicios-de-gramatica-vietnamita\/#primaryimage","url":"https:\/\/talkpal.ai\/wp-content\/uploads\/2023\/05\/vietnam.png","contentUrl":"https:\/\/talkpal.ai\/wp-content\/uploads\/2023\/05\/vietnam.png","width":512,"height":512},{"@type":"BreadcrumbList","@id":"https:\/\/talkpal.ai\/es\/ejercicios-de-gramatica-vietnamita\/#breadcrumb","itemListElement":[{"@type":"ListItem","position":1,"name":"Homepage","item":"https:\/\/talkpal.ai\/es\/"},{"@type":"ListItem","position":2,"name":"Ejercicios de gram\u00e1tica vietnamita"}]},{"@type":"WebSite","@id":"https:\/\/talkpal.ai\/es\/#website","url":"https:\/\/talkpal.ai\/es\/","name":"Talkpal","description":"AI Language Learning","publisher":{"@id":"https:\/\/talkpal.ai\/es\/#organization"},"alternateName":"Talkpal AI","potentialAction":[{"@type":"SearchAction","target":{"@type":"EntryPoint","urlTemplate":"https:\/\/talkpal.ai\/es\/?s={search_term_string}"},"query-input":{"@type":"PropertyValueSpecification","valueRequired":true,"valueName":"search_term_string"}}],"inLanguage":"es"},{"@type":"Organization","@id":"https:\/\/talkpal.ai\/es\/#organization","name":"Talkpal, Inc.","alternateName":"Talkpal AI","url":"https:\/\/talkpal.ai\/es\/","logo":{"@type":"ImageObject","inLanguage":"es","@id":"https:\/\/talkpal.ai\/es\/#\/schema\/logo\/image\/","url":"https:\/\/talkpal.ai\/wp-content\/uploads\/2024\/03\/Talkpal-Logo-Icon.png","contentUrl":"https:\/\/talkpal.ai\/wp-content\/uploads\/2024\/03\/Talkpal-Logo-Icon.png","width":2880,"height":2880,"caption":"Talkpal, Inc."},"image":{"@id":"https:\/\/talkpal.ai\/es\/#\/schema\/logo\/image\/"},"sameAs":["https:\/\/www.facebook.com\/profile.php?id=100090733639311","https:\/\/x.com\/talkpalai","https:\/\/www.linkedin.com\/company\/talkpal\/","https:\/\/www.youtube.com\/@TalkPal\/","https:\/\/www.tiktok.com\/@talkpal","https:\/\/www.instagram.com\/talkpal_ai\/","https:\/\/www.crunchbase.com\/organization\/talkpal-9cde","https:\/\/www.g2.com\/products\/talkpal-for-business\/","https:\/\/www.trustpilot.com\/review\/talkpal.ai","https:\/\/www.capterra.com\/p\/10006800\/TalkPal\/"],"description":"Talkpal is a language learning web and mobile education app, powered by the latest AI technologies, that provides engaging experiences to its customers in many different languages to help them improve their language skills. Users can chat about unlimited amount of topics with the app and use other modes to practice their language learning.","email":"support@talkpal.ai","legalName":"Talkpal, Inc.","foundingDate":"2023-04-03","duns":"118989042","numberOfEmployees":{"@type":"QuantitativeValue","minValue":"11","maxValue":"50"},"publishingPrinciples":"https:\/\/talkpal.ai\/publishing-principles\/","actionableFeedbackPolicy":"https:\/\/talkpal.ai\/actionable-feedback-policy\/","correctionsPolicy":"https:\/\/talkpal.ai\/corrections-policy\/","ethicsPolicy":"https:\/\/talkpal.ai\/ethics-policy\/","diversityPolicy":"https:\/\/talkpal.ai\/diversity-policy\/","diversityStaffingReport":"https:\/\/talkpal.ai\/diversity-policy\/"}]}},"_links":{"self":[{"href":"https:\/\/talkpal.ai\/es\/wp-json\/wp\/v2\/pages\/46272","targetHints":{"allow":["GET"]}}],"collection":[{"href":"https:\/\/talkpal.ai\/es\/wp-json\/wp\/v2\/pages"}],"about":[{"href":"https:\/\/talkpal.ai\/es\/wp-json\/wp\/v2\/types\/page"}],"author":[{"embeddable":true,"href":"https:\/\/talkpal.ai\/es\/wp-json\/wp\/v2\/users\/6"}],"replies":[{"embeddable":true,"href":"https:\/\/talkpal.ai\/es\/wp-json\/wp\/v2\/comments?post=46272"}],"version-history":[{"count":0,"href":"https:\/\/talkpal.ai\/es\/wp-json\/wp\/v2\/pages\/46272\/revisions"}],"wp:featuredmedia":[{"embeddable":true,"href":"https:\/\/talkpal.ai\/es\/wp-json\/wp\/v2\/media\/28788"}],"wp:attachment":[{"href":"https:\/\/talkpal.ai\/es\/wp-json\/wp\/v2\/media?parent=46272"}],"curies":[{"name":"wp","href":"https:\/\/api.w.org\/{rel}","templated":true}]}}