{"id":46264,"date":"2023-07-05T11:13:09","date_gmt":"2023-07-05T11:13:09","guid":{"rendered":"http:\/\/talkpal.ai\/ejercicios-de-gramatica-galesa\/"},"modified":"2025-12-17T14:40:50","modified_gmt":"2025-12-17T14:40:50","slug":"ejercicios-de-gramatica-galesa","status":"publish","type":"page","link":"https:\/\/talkpal.ai\/es\/ejercicios-de-gramatica-galesa\/","title":{"rendered":"Ejercicios de gram\u00e1tica galesa"},"content":{"rendered":"\r\n\r\n\r\n<section class=\"languageChallengeSection\">\r\n    <div class=\"languageInfoWrapper\">\r\n        \r\n        <h1>Ejercicios de gram\u00e1tica galesa<\/h1>\r\n        <p>\u00bfListo para sumergirte en la <a href=\"https:\/\/talkpal.ai\/es\/gramatica-galesa\/\">gram\u00e1tica galesa<\/a>? Practicar algunas nociones b\u00e1sicas te ayudar\u00e1 a sentirte c\u00f3modo con esta lengua \u00fanica y hermosa. Prueba estos ejercicios para aumentar tu confianza y divertirte en el camino.<\/p>\r\n\r\n                            <a class=\"getStartedHidden\" href=\"https:\/\/app.talkpal.ai\/es-es\/signup?lng=\">Comenzar<\/a>\r\n        \r\n    <\/div>\r\n\r\n    <figure>\r\n    <img decoding=\"async\" width=\"768\" height=\"768\" src=\"https:\/\/talkpal.ai\/wp-content\/uploads\/2023\/06\/welsh-768x768.png\" class=\"languageImage no-lazy\" alt=\"Default alt text\" fetchpriority=\"high\" sizes=\"(max-width: 768px) 150px, 768px\" srcset=\"https:\/\/talkpal.ai\/wp-content\/uploads\/2023\/06\/welsh-768x768.png 768w, https:\/\/talkpal.ai\/wp-content\/uploads\/2023\/06\/welsh-300x300.png 300w\" \/>\r\n    \r\n\r\n    <\/figure>\r\n\r\n            <a class=\"getStartedVisible\" href=\"https:\/\/app.talkpal.ai\/es-es\/signup?lng=\">Comenzar<\/a>\r\n    \r\n<\/section>\r\n\r\n\r\n<!-- <section class=\"grammarSection\">\r\n    <div class=\"grammarLinks\">\r\n        <a href=\"https:\/\/talkpal.ai\/es\/exercise_language\/adjetivos-gramatica-galesa\/\">Adjetivos <\/a><a href=\"https:\/\/talkpal.ai\/es\/exercise_language\/adverbios-gramatica-galesa\/\">Adverbios <\/a><a href=\"https:\/\/talkpal.ai\/es\/exercise_language\/articulos-gramatica-galesa\/\">Art\u00edculos <\/a><a href=\"https:\/\/talkpal.ai\/es\/exercise_language\/comparacion-de-tiempos-gramatica-galesa\/\">Comparaci\u00f3n de tiempos \u2013 Gram\u00e1tica galesa<\/a><a href=\"https:\/\/talkpal.ai\/es\/exercise_language\/condicionales-gramatica-galesa\/\">Condicionales <\/a><a href=\"https:\/\/talkpal.ai\/es\/exercise_language\/oraciones-gramatica-galesa\/\">Oraciones \u2013 Gram\u00e1tica galesa<\/a><a href=\"https:\/\/talkpal.ai\/es\/exercise_language\/perfecto-progresivo-gramatica-galesa\/\">Perfecto Progresivo <\/a><a href=\"https:\/\/talkpal.ai\/es\/exercise_language\/preposiciones-gramatica-galesa\/\">Preposiciones <\/a><a href=\"https:\/\/talkpal.ai\/es\/exercise_language\/progresivo-gramatica-galesa\/\">Progresivo <\/a><a href=\"https:\/\/talkpal.ai\/es\/exercise_language\/pronombres-determinantes-gramatica-galesa\/\">Pronombres\/Determinantes <\/a><a href=\"https:\/\/talkpal.ai\/es\/exercise_language\/sustantivos-gramatica-galesa\/\">Sustantivos <\/a><a href=\"https:\/\/talkpal.ai\/es\/exercise_language\/tiempos-verbales-gramatica-galesa\/\">Tiempos verbales \u2013 Gram\u00e1tica galesa<\/a><a href=\"https:\/\/talkpal.ai\/es\/exercise_language\/verbos-gramatica-galesa\/\">Verbos \u2013 Gram\u00e1tica galesa<\/a>    <\/div>\r\n<\/section> -->\r\n\r\n\r\n\r\n\r\n        <section class=\"grammarSection\">\r\n            <div class=\"grammarLinks\">\r\n                <a href=\"https:\/\/talkpal.ai\/es\/exercise_language\/adjetivos-gramatica-galesa\/\">Adjetivos <\/a><a href=\"https:\/\/talkpal.ai\/es\/exercise_language\/adverbios-gramatica-galesa\/\">Adverbios <\/a><a href=\"https:\/\/talkpal.ai\/es\/exercise_language\/articulos-gramatica-galesa\/\">Art\u00edculos <\/a><a href=\"https:\/\/talkpal.ai\/es\/exercise_language\/comparacion-de-tiempos-gramatica-galesa\/\">Comparaci\u00f3n de tiempos \u2013 Gram\u00e1tica galesa<\/a><a href=\"https:\/\/talkpal.ai\/es\/exercise_language\/condicionales-gramatica-galesa\/\">Condicionales <\/a><a href=\"https:\/\/talkpal.ai\/es\/exercise_language\/oraciones-gramatica-galesa\/\">Oraciones \u2013 Gram\u00e1tica galesa<\/a><a href=\"https:\/\/talkpal.ai\/es\/exercise_language\/perfecto-progresivo-gramatica-galesa\/\">Perfecto Progresivo <\/a><a href=\"https:\/\/talkpal.ai\/es\/exercise_language\/preposiciones-gramatica-galesa\/\">Preposiciones <\/a><a href=\"https:\/\/talkpal.ai\/es\/exercise_language\/progresivo-gramatica-galesa\/\">Progresivo <\/a><a href=\"https:\/\/talkpal.ai\/es\/exercise_language\/pronombres-determinantes-gramatica-galesa\/\">Pronombres\/Determinantes <\/a><a href=\"https:\/\/talkpal.ai\/es\/exercise_language\/sustantivos-gramatica-galesa\/\">Sustantivos <\/a><a href=\"https:\/\/talkpal.ai\/es\/exercise_language\/tiempos-verbales-gramatica-galesa\/\">Tiempos verbales \u2013 Gram\u00e1tica galesa<\/a><a href=\"https:\/\/talkpal.ai\/es\/exercise_language\/verbos-gramatica-galesa\/\">Verbos \u2013 Gram\u00e1tica galesa<\/a>            <\/div>\r\n        <\/section>\r\n<section class=\"promotionalBanner\">\r\n    <p class=\"promotionalText\">La forma m\u00e1s eficiente de aprender un idioma<\/p>\r\n    <a class=\"promotionalLink\" href=\"https:\/\/app.talkpal.ai\/es-es\/signup?lng=\">Prueba Talkpal gratis<\/a>\r\n<\/section>\n<div class=\"wp-block-group pageContainerStyle\"><div class=\"wp-block-group__inner-container is-layout-constrained wp-block-group-is-layout-constrained\">\n<h2 class=\"wp-block-heading\" id=\"h-welsh-grammar-topics\">Temas de gram\u00e1tica galesa<\/h2>\n\n\n\n<p>Aprender un nuevo idioma puede ser un esfuerzo desafiante pero gratificante. El <a href=\"https:\/\/talkpal.ai\/learn-welsh\/\">gal\u00e9s<\/a>, una lengua celta hablada principalmente en Gales, no es una excepci\u00f3n. Con sus caracter\u00edsticas y estructuras \u00fanicas, <a href=\"https:\/\/talkpal.ai\/es\/6-consejos-para-aprender-gales-de-la-mano-de-un-experto\/\">aprender gal\u00e9s<\/a> requiere un enfoque sistem\u00e1tico para comprender su compleja gram\u00e1tica. Esta gu\u00eda describe las \u00e1reas clave de la gram\u00e1tica galesa en una secuencia l\u00f3gica para el <a href=\"https:\/\/talkpal.ai\/es\/el-aprendizaje-de-idiomas-en-el-aula-vs-el-autoaprendizaje\/\">aprendizaje de idiomas<\/a>, comenzando desde lo b\u00e1sico, <a href=\"https:\/\/talkpal.ai\/locations\/language-courses-in-como\/\">como<\/a> sustantivos y art\u00edculos, y progresando a \u00e1reas m\u00e1s complejas como tiempos y construcci\u00f3n de oraciones.<\/p>\n\n\n\n<h3 class=\"wp-block-heading\" id=\"h-1-nouns\">1. Sustantivos:<\/h3>\n\n\n\n<p>Comience su viaje en el idioma gal\u00e9s aprendiendo los sustantivos. Esto incluye comprender las diferentes categor\u00edas de sustantivos, como los nombres comunes y propios, as\u00ed como sus formas plurales.<\/p>\n\n\n\n<h3 class=\"wp-block-heading\" id=\"h-2-articles\">2. Art\u00edculos:<\/h3>\n\n\n\n<p>Los art\u00edculos en el idioma gal\u00e9s se usan de manera diferente que en <a href=\"https:\/\/talkpal.ai\/es\/locations\/aprende-ingles-en-orange\/\">ingl\u00e9s<\/a>. Comprender c\u00f3mo usar correctamente los <a href=\"https:\/\/talkpal.ai\/es\/grammar\/articulos-definidos-en-gramatica-china\/\">art\u00edculos definidos<\/a> e indefinidos es crucial en la construcci\u00f3n de oraciones.<\/p>\n\n\n\n<h3 class=\"wp-block-heading\" id=\"h-3-adjectives\">3. Adjetivos:<\/h3>\n\n\n\n<p>Los adjetivos en gal\u00e9s siguen a sus sustantivos, que es diferente del ingl\u00e9s. Tambi\u00e9n tendr\u00e1 que aprender acerca de sus mutaciones y c\u00f3mo formar comparativos y superlativos.<\/p>\n\n\n\n<h3 class=\"wp-block-heading\" id=\"h-4-pronouns-determiners\">4. Pronombres\/Determinantes:<\/h3>\n\n\n\n<p>Los pronombres y determinantes son esenciales en gal\u00e9s; Reemplazan a los sustantivos y proporcionan informaci\u00f3n sobre cantidad, posesi\u00f3n y m\u00e1s. Su uso correcto es necesario para una comunicaci\u00f3n efectiva.<\/p>\n\n\n\n<h3 class=\"wp-block-heading\" id=\"h-5-verbs\">5. Verbos:<\/h3>\n\n\n\n<p>Los verbos galeses tienen diferentes formas dependiendo del tiempo, el estado de \u00e1nimo y la voz. Comience con el tiempo presente y explore gradualmente los tiempos pasados y futuros.<\/p>\n\n\n\n<h3 class=\"wp-block-heading\" id=\"h-6-tenses\">6. Tiempos verbales:<\/h3>\n\n\n\n<p>Despu\u00e9s de dominar las formas verbales, profundiza en los tiempos galeses. Esto incluye comprender las diferencias entre los tiempos presente, pasado y futuro, y c\u00f3mo se usan en diferentes contextos.<\/p>\n\n\n\n<h3 class=\"wp-block-heading\" id=\"h-7-tense-comparison\">7. Comparaci\u00f3n de tiempos:<\/h3>\n\n\n\n<p>La comparaci\u00f3n de los tiempos verbales en gal\u00e9s ayuda a comprender la secuencia de eventos. Comparar el mismo verbo en varios tiempos proporcionar\u00e1 una mejor comprensi\u00f3n del idioma gal\u00e9s.<\/p>\n\n\n\n<h3 class=\"wp-block-heading\" id=\"h-8-progressive\">8. Progresivo:<\/h3>\n\n\n\n<p>El tiempo progresivo en gal\u00e9s se utiliza para expresar acciones en curso. Se forma utilizando el verbo \u00abser\u00bb seguido de \u00abyn\u00bb y el verbo-sustantivo.<\/p>\n\n\n\n<h3 class=\"wp-block-heading\" id=\"h-9-perfect-progressive\">9. Perfecto progresivo:<\/h3>\n\n\n\n<p>Este tiempo verbal se usa para expresar acciones que han estado en curso hasta un punto en particular. En gal\u00e9s, se forma con el verbo \u00abser\u00bb, el participio pasado y el verbo-sustantivo.<\/p>\n\n\n\n<h3 class=\"wp-block-heading\" id=\"h-10-conditionals\">10. Condicionales:<\/h3>\n\n\n\n<p>Los condicionales expresan situaciones hipot\u00e9ticas y sus posibles resultados. Son una parte importante de la gram\u00e1tica galesa y agregar\u00e1n complejidad a sus habilidades ling\u00fc\u00edsticas.<\/p>\n\n\n\n<h3 class=\"wp-block-heading\" id=\"h-11-adverbs\">11. Adverbios:<\/h3>\n\n\n\n<p>Los adverbios en gal\u00e9s modifican verbos, adjetivos u otros adverbios. Proporcionan informaci\u00f3n sobre la manera, el lugar, el tiempo, el grado y m\u00e1s.<\/p>\n\n\n\n<h3 class=\"wp-block-heading\" id=\"h-12-prepositions\">12. Preposiciones:<\/h3>\n\n\n\n<p>Las preposiciones unen palabras y frases. Expresan relaciones de tiempo, lugar, direcci\u00f3n y m\u00e1s.<\/p>\n\n\n\n<h3 class=\"wp-block-heading\" id=\"h-13-sentences\">13. Sentencias:<\/h3>\n\n\n\n<p>Finalmente, practique la construcci\u00f3n de oraciones. Esto implicar\u00e1 el uso de todos los puntos gramaticales previamente aprendidos en contexto, asegurando as\u00ed una comprensi\u00f3n integral del idioma gal\u00e9s.<\/p>\n<\/div><\/div>\n\r\n<section class=\"learnNavigationSection\">\r\n            \r\n        <a href=\"https:\/\/talkpal.ai\/es\/aprender-gales\/\">\r\n            <div class=\"learnNavigationWrapper\">\r\n                <div class=\"learnNavigationContent\">\r\n                    <img decoding=\"async\" src=\"https:\/\/talkpal.ai\/wp-content\/uploads\/2024\/08\/Welsh.jpg\" alt=\"Welsh Flag\">\r\n                    <div>\r\n                        <h4>Sobre el Aprendizaje Gal\u00e9s<\/h4>\r\n                        <p>Aver\u00edgualo todo sobre la gram\u00e1tica galesa.<\/p>\r\n                    <\/div>\r\n                <\/div>\r\n            <\/div>\r\n        <\/a>\r\n\r\n        \r\n        <a href=\"https:\/\/talkpal.ai\/es\/gramatica-galesa\/\">\r\n            <div class=\"learnNavigationWrapper\">\r\n                <div class=\"learnNavigationContent\">\r\n                    <img decoding=\"async\" src=\"https:\/\/talkpal.ai\/wp-content\/uploads\/2024\/08\/Welsh.jpg\" alt=\"Welsh Flag\">\r\n                    <div>\r\n                        <h4>Clases de gram\u00e1tica galesa<\/h4>\r\n                        <p>Practica la gram\u00e1tica galesa.<\/p>\r\n                    <\/div>\r\n                <\/div>\r\n            <\/div>\r\n        <\/a>\r\n\r\n        \r\n        <a href=\"https:\/\/talkpal.ai\/vocabulary_language\/welsh\/\">\r\n            <div class=\"learnNavigationWrapper\">\r\n                <div class=\"learnNavigationContent\">\r\n                    <img decoding=\"async\" src=\"https:\/\/talkpal.ai\/wp-content\/uploads\/2024\/08\/Welsh.jpg\" alt=\"Welsh Flag\">\r\n                    <div>\r\n                        <h4>Vocabulario gal\u00e9s<\/h4>\r\n                        <p>Ampl\u00eda tu vocabulario gal\u00e9s.<\/p>\r\n                    <\/div>\r\n                <\/div>\r\n            <\/div>\r\n        <\/a>\r\n\r\n            <\/section>","protected":false},"excerpt":{"rendered":"<p>Temas de gram\u00e1tica galesa Aprender un nuevo idioma puede ser un esfuerzo desafiante pero gratificante. El gal\u00e9s, una lengua celta hablada principalmente en Gales, no es una excepci\u00f3n. Con sus caracter\u00edsticas y estructuras \u00fanicas, aprender gal\u00e9s requiere un enfoque sistem\u00e1tico para comprender su compleja gram\u00e1tica. Esta gu\u00eda describe las \u00e1reas clave de la gram\u00e1tica galesa [&hellip;]<\/p>\n","protected":false},"author":6,"featured_media":28804,"parent":0,"menu_order":0,"comment_status":"closed","ping_status":"closed","template":"LearningContentPage.php","meta":{"_acf_changed":false,"footnotes":""},"class_list":["post-46264","page","type-page","status-publish","has-post-thumbnail","hentry"],"acf":[],"yoast_head":"<!-- This site is optimized with the Yoast SEO Premium plugin v27.2 (Yoast SEO v27.2) - https:\/\/yoast.com\/product\/yoast-seo-premium-wordpress\/ -->\n<title>Ejercicios de gram\u00e1tica galesa - Talkpal<\/title>\n<meta name=\"description\" content=\"Domina lo b\u00e1sico con ejercicios de gram\u00e1tica galesa dise\u00f1ados para mejorar tus conocimientos ling\u00fc\u00edsticos de forma sistem\u00e1tica y eficaz.\" \/>\n<meta name=\"robots\" content=\"index, follow, max-snippet:-1, max-image-preview:large, max-video-preview:-1\" \/>\n<link rel=\"canonical\" href=\"https:\/\/talkpal.ai\/es\/ejercicios-de-gramatica-galesa\/\" \/>\n<meta property=\"og:locale\" content=\"es_ES\" \/>\n<meta property=\"og:type\" content=\"article\" \/>\n<meta property=\"og:title\" content=\"Ejercicios de gram\u00e1tica galesa\" \/>\n<meta property=\"og:description\" content=\"Temas de gram\u00e1tica galesa Aprender un nuevo idioma puede ser un esfuerzo desafiante pero gratificante. El gal\u00e9s, una lengua celta hablada principalmente\" \/>\n<meta property=\"og:url\" content=\"https:\/\/talkpal.ai\/es\/ejercicios-de-gramatica-galesa\/\" \/>\n<meta property=\"og:site_name\" content=\"Talkpal\" \/>\n<meta property=\"article:publisher\" content=\"https:\/\/www.facebook.com\/profile.php?id=100090733639311\" \/>\n<meta property=\"article:modified_time\" content=\"2025-12-17T14:40:50+00:00\" \/>\n<meta property=\"og:image\" content=\"https:\/\/talkpal.ai\/wp-content\/uploads\/2023\/05\/Wales.png\" \/>\n\t<meta property=\"og:image:width\" content=\"512\" \/>\n\t<meta property=\"og:image:height\" content=\"512\" \/>\n\t<meta property=\"og:image:type\" content=\"image\/png\" \/>\n<meta name=\"twitter:card\" content=\"summary_large_image\" \/>\n<meta name=\"twitter:site\" content=\"@talkpalai\" \/>\n<meta name=\"twitter:label1\" content=\"Tiempo de lectura\" \/>\n\t<meta name=\"twitter:data1\" content=\"3 minutos\" \/>\n<script type=\"application\/ld+json\" class=\"yoast-schema-graph\">{\"@context\":\"https:\/\/schema.org\",\"@graph\":[{\"@type\":\"WebPage\",\"@id\":\"https:\/\/talkpal.ai\/es\/ejercicios-de-gramatica-galesa\/\",\"url\":\"https:\/\/talkpal.ai\/es\/ejercicios-de-gramatica-galesa\/\",\"name\":\"Ejercicios de gram\u00e1tica galesa - Talkpal\",\"isPartOf\":{\"@id\":\"https:\/\/talkpal.ai\/es\/#website\"},\"primaryImageOfPage\":{\"@id\":\"https:\/\/talkpal.ai\/es\/ejercicios-de-gramatica-galesa\/#primaryimage\"},\"image\":{\"@id\":\"https:\/\/talkpal.ai\/es\/ejercicios-de-gramatica-galesa\/#primaryimage\"},\"thumbnailUrl\":\"https:\/\/talkpal.ai\/wp-content\/uploads\/2023\/05\/Wales.png\",\"datePublished\":\"2023-07-05T11:13:09+00:00\",\"dateModified\":\"2025-12-17T14:40:50+00:00\",\"description\":\"Domina lo b\u00e1sico con ejercicios de gram\u00e1tica galesa dise\u00f1ados para mejorar tus conocimientos ling\u00fc\u00edsticos de forma sistem\u00e1tica y eficaz.\",\"breadcrumb\":{\"@id\":\"https:\/\/talkpal.ai\/es\/ejercicios-de-gramatica-galesa\/#breadcrumb\"},\"inLanguage\":\"es\",\"potentialAction\":[{\"@type\":\"ReadAction\",\"target\":[\"https:\/\/talkpal.ai\/es\/ejercicios-de-gramatica-galesa\/\"]}]},{\"@type\":\"ImageObject\",\"inLanguage\":\"es\",\"@id\":\"https:\/\/talkpal.ai\/es\/ejercicios-de-gramatica-galesa\/#primaryimage\",\"url\":\"https:\/\/talkpal.ai\/wp-content\/uploads\/2023\/05\/Wales.png\",\"contentUrl\":\"https:\/\/talkpal.ai\/wp-content\/uploads\/2023\/05\/Wales.png\",\"width\":512,\"height\":512},{\"@type\":\"BreadcrumbList\",\"@id\":\"https:\/\/talkpal.ai\/es\/ejercicios-de-gramatica-galesa\/#breadcrumb\",\"itemListElement\":[{\"@type\":\"ListItem\",\"position\":1,\"name\":\"Homepage\",\"item\":\"https:\/\/talkpal.ai\/es\/\"},{\"@type\":\"ListItem\",\"position\":2,\"name\":\"Ejercicios de gram\u00e1tica galesa\"}]},{\"@type\":\"WebSite\",\"@id\":\"https:\/\/talkpal.ai\/es\/#website\",\"url\":\"https:\/\/talkpal.ai\/es\/\",\"name\":\"Talkpal\",\"description\":\"AI Language Learning\",\"publisher\":{\"@id\":\"https:\/\/talkpal.ai\/es\/#organization\"},\"alternateName\":\"Talkpal AI\",\"potentialAction\":[{\"@type\":\"SearchAction\",\"target\":{\"@type\":\"EntryPoint\",\"urlTemplate\":\"https:\/\/talkpal.ai\/es\/?s={search_term_string}\"},\"query-input\":{\"@type\":\"PropertyValueSpecification\",\"valueRequired\":true,\"valueName\":\"search_term_string\"}}],\"inLanguage\":\"es\"},{\"@type\":\"Organization\",\"@id\":\"https:\/\/talkpal.ai\/es\/#organization\",\"name\":\"Talkpal, Inc.\",\"alternateName\":\"Talkpal AI\",\"url\":\"https:\/\/talkpal.ai\/es\/\",\"logo\":{\"@type\":\"ImageObject\",\"inLanguage\":\"es\",\"@id\":\"https:\/\/talkpal.ai\/es\/#\/schema\/logo\/image\/\",\"url\":\"https:\/\/talkpal.ai\/wp-content\/uploads\/2024\/03\/Talkpal-Logo-Icon.png\",\"contentUrl\":\"https:\/\/talkpal.ai\/wp-content\/uploads\/2024\/03\/Talkpal-Logo-Icon.png\",\"width\":2880,\"height\":2880,\"caption\":\"Talkpal, Inc.\"},\"image\":{\"@id\":\"https:\/\/talkpal.ai\/es\/#\/schema\/logo\/image\/\"},\"sameAs\":[\"https:\/\/www.facebook.com\/profile.php?id=100090733639311\",\"https:\/\/x.com\/talkpalai\",\"https:\/\/www.linkedin.com\/company\/talkpal\/\",\"https:\/\/www.youtube.com\/@TalkPal\/\",\"https:\/\/www.tiktok.com\/@talkpal\",\"https:\/\/www.instagram.com\/talkpal_ai\/\",\"https:\/\/www.crunchbase.com\/organization\/talkpal-9cde\",\"https:\/\/www.g2.com\/products\/talkpal-for-business\/\",\"https:\/\/www.trustpilot.com\/review\/talkpal.ai\",\"https:\/\/www.capterra.com\/p\/10006800\/TalkPal\/\"],\"description\":\"Talkpal is a language learning web and mobile education app, powered by the latest AI technologies, that provides engaging experiences to its customers in many different languages to help them improve their language skills. Users can chat about unlimited amount of topics with the app and use other modes to practice their language learning.\",\"email\":\"support@talkpal.ai\",\"legalName\":\"Talkpal, Inc.\",\"foundingDate\":\"2023-04-03\",\"duns\":\"118989042\",\"numberOfEmployees\":{\"@type\":\"QuantitativeValue\",\"minValue\":\"11\",\"maxValue\":\"50\"},\"publishingPrinciples\":\"https:\/\/talkpal.ai\/publishing-principles\/\",\"actionableFeedbackPolicy\":\"https:\/\/talkpal.ai\/actionable-feedback-policy\/\",\"correctionsPolicy\":\"https:\/\/talkpal.ai\/corrections-policy\/\",\"ethicsPolicy\":\"https:\/\/talkpal.ai\/ethics-policy\/\",\"diversityPolicy\":\"https:\/\/talkpal.ai\/diversity-policy\/\",\"diversityStaffingReport\":\"https:\/\/talkpal.ai\/diversity-policy\/\"}]}<\/script>\n<!-- \/ Yoast SEO Premium plugin. -->","yoast_head_json":{"title":"Ejercicios de gram\u00e1tica galesa - Talkpal","description":"Domina lo b\u00e1sico con ejercicios de gram\u00e1tica galesa dise\u00f1ados para mejorar tus conocimientos ling\u00fc\u00edsticos de forma sistem\u00e1tica y eficaz.","robots":{"index":"index","follow":"follow","max-snippet":"max-snippet:-1","max-image-preview":"max-image-preview:large","max-video-preview":"max-video-preview:-1"},"canonical":"https:\/\/talkpal.ai\/es\/ejercicios-de-gramatica-galesa\/","og_locale":"es_ES","og_type":"article","og_title":"Ejercicios de gram\u00e1tica galesa","og_description":"Temas de gram\u00e1tica galesa Aprender un nuevo idioma puede ser un esfuerzo desafiante pero gratificante. El gal\u00e9s, una lengua celta hablada principalmente","og_url":"https:\/\/talkpal.ai\/es\/ejercicios-de-gramatica-galesa\/","og_site_name":"Talkpal","article_publisher":"https:\/\/www.facebook.com\/profile.php?id=100090733639311","article_modified_time":"2025-12-17T14:40:50+00:00","og_image":[{"width":512,"height":512,"url":"https:\/\/talkpal.ai\/wp-content\/uploads\/2023\/05\/Wales.png","type":"image\/png"}],"twitter_card":"summary_large_image","twitter_site":"@talkpalai","twitter_misc":{"Tiempo de lectura":"3 minutos"},"schema":{"@context":"https:\/\/schema.org","@graph":[{"@type":"WebPage","@id":"https:\/\/talkpal.ai\/es\/ejercicios-de-gramatica-galesa\/","url":"https:\/\/talkpal.ai\/es\/ejercicios-de-gramatica-galesa\/","name":"Ejercicios de gram\u00e1tica galesa - Talkpal","isPartOf":{"@id":"https:\/\/talkpal.ai\/es\/#website"},"primaryImageOfPage":{"@id":"https:\/\/talkpal.ai\/es\/ejercicios-de-gramatica-galesa\/#primaryimage"},"image":{"@id":"https:\/\/talkpal.ai\/es\/ejercicios-de-gramatica-galesa\/#primaryimage"},"thumbnailUrl":"https:\/\/talkpal.ai\/wp-content\/uploads\/2023\/05\/Wales.png","datePublished":"2023-07-05T11:13:09+00:00","dateModified":"2025-12-17T14:40:50+00:00","description":"Domina lo b\u00e1sico con ejercicios de gram\u00e1tica galesa dise\u00f1ados para mejorar tus conocimientos ling\u00fc\u00edsticos de forma sistem\u00e1tica y eficaz.","breadcrumb":{"@id":"https:\/\/talkpal.ai\/es\/ejercicios-de-gramatica-galesa\/#breadcrumb"},"inLanguage":"es","potentialAction":[{"@type":"ReadAction","target":["https:\/\/talkpal.ai\/es\/ejercicios-de-gramatica-galesa\/"]}]},{"@type":"ImageObject","inLanguage":"es","@id":"https:\/\/talkpal.ai\/es\/ejercicios-de-gramatica-galesa\/#primaryimage","url":"https:\/\/talkpal.ai\/wp-content\/uploads\/2023\/05\/Wales.png","contentUrl":"https:\/\/talkpal.ai\/wp-content\/uploads\/2023\/05\/Wales.png","width":512,"height":512},{"@type":"BreadcrumbList","@id":"https:\/\/talkpal.ai\/es\/ejercicios-de-gramatica-galesa\/#breadcrumb","itemListElement":[{"@type":"ListItem","position":1,"name":"Homepage","item":"https:\/\/talkpal.ai\/es\/"},{"@type":"ListItem","position":2,"name":"Ejercicios de gram\u00e1tica galesa"}]},{"@type":"WebSite","@id":"https:\/\/talkpal.ai\/es\/#website","url":"https:\/\/talkpal.ai\/es\/","name":"Talkpal","description":"AI Language Learning","publisher":{"@id":"https:\/\/talkpal.ai\/es\/#organization"},"alternateName":"Talkpal AI","potentialAction":[{"@type":"SearchAction","target":{"@type":"EntryPoint","urlTemplate":"https:\/\/talkpal.ai\/es\/?s={search_term_string}"},"query-input":{"@type":"PropertyValueSpecification","valueRequired":true,"valueName":"search_term_string"}}],"inLanguage":"es"},{"@type":"Organization","@id":"https:\/\/talkpal.ai\/es\/#organization","name":"Talkpal, Inc.","alternateName":"Talkpal AI","url":"https:\/\/talkpal.ai\/es\/","logo":{"@type":"ImageObject","inLanguage":"es","@id":"https:\/\/talkpal.ai\/es\/#\/schema\/logo\/image\/","url":"https:\/\/talkpal.ai\/wp-content\/uploads\/2024\/03\/Talkpal-Logo-Icon.png","contentUrl":"https:\/\/talkpal.ai\/wp-content\/uploads\/2024\/03\/Talkpal-Logo-Icon.png","width":2880,"height":2880,"caption":"Talkpal, Inc."},"image":{"@id":"https:\/\/talkpal.ai\/es\/#\/schema\/logo\/image\/"},"sameAs":["https:\/\/www.facebook.com\/profile.php?id=100090733639311","https:\/\/x.com\/talkpalai","https:\/\/www.linkedin.com\/company\/talkpal\/","https:\/\/www.youtube.com\/@TalkPal\/","https:\/\/www.tiktok.com\/@talkpal","https:\/\/www.instagram.com\/talkpal_ai\/","https:\/\/www.crunchbase.com\/organization\/talkpal-9cde","https:\/\/www.g2.com\/products\/talkpal-for-business\/","https:\/\/www.trustpilot.com\/review\/talkpal.ai","https:\/\/www.capterra.com\/p\/10006800\/TalkPal\/"],"description":"Talkpal is a language learning web and mobile education app, powered by the latest AI technologies, that provides engaging experiences to its customers in many different languages to help them improve their language skills. Users can chat about unlimited amount of topics with the app and use other modes to practice their language learning.","email":"support@talkpal.ai","legalName":"Talkpal, Inc.","foundingDate":"2023-04-03","duns":"118989042","numberOfEmployees":{"@type":"QuantitativeValue","minValue":"11","maxValue":"50"},"publishingPrinciples":"https:\/\/talkpal.ai\/publishing-principles\/","actionableFeedbackPolicy":"https:\/\/talkpal.ai\/actionable-feedback-policy\/","correctionsPolicy":"https:\/\/talkpal.ai\/corrections-policy\/","ethicsPolicy":"https:\/\/talkpal.ai\/ethics-policy\/","diversityPolicy":"https:\/\/talkpal.ai\/diversity-policy\/","diversityStaffingReport":"https:\/\/talkpal.ai\/diversity-policy\/"}]}},"_links":{"self":[{"href":"https:\/\/talkpal.ai\/es\/wp-json\/wp\/v2\/pages\/46264","targetHints":{"allow":["GET"]}}],"collection":[{"href":"https:\/\/talkpal.ai\/es\/wp-json\/wp\/v2\/pages"}],"about":[{"href":"https:\/\/talkpal.ai\/es\/wp-json\/wp\/v2\/types\/page"}],"author":[{"embeddable":true,"href":"https:\/\/talkpal.ai\/es\/wp-json\/wp\/v2\/users\/6"}],"replies":[{"embeddable":true,"href":"https:\/\/talkpal.ai\/es\/wp-json\/wp\/v2\/comments?post=46264"}],"version-history":[{"count":0,"href":"https:\/\/talkpal.ai\/es\/wp-json\/wp\/v2\/pages\/46264\/revisions"}],"wp:featuredmedia":[{"embeddable":true,"href":"https:\/\/talkpal.ai\/es\/wp-json\/wp\/v2\/media\/28804"}],"wp:attachment":[{"href":"https:\/\/talkpal.ai\/es\/wp-json\/wp\/v2\/media?parent=46264"}],"curies":[{"name":"wp","href":"https:\/\/api.w.org\/{rel}","templated":true}]}}