{"id":45218,"date":"2023-03-26T12:27:22","date_gmt":"2023-03-26T12:27:22","guid":{"rendered":"http:\/\/talkpal.ai\/gramatica-italiana\/"},"modified":"2025-05-22T18:43:07","modified_gmt":"2025-05-22T18:43:07","slug":"gramatica-italiana","status":"publish","type":"page","link":"https:\/\/talkpal.ai\/es\/gramatica-italiana\/","title":{"rendered":"Gram\u00e1tica italiana"},"content":{"rendered":"\r\n\r\n\r\n<section class=\"languageChallengeSection\">\r\n    <div class=\"languageInfoWrapper\">\r\n        \r\n        <h1>Gram\u00e1tica italiana<\/h1>\r\n        <p>Descubre los fundamentos de la lengua italiana aprendiendo sus reglas gramaticales esenciales. Dominar la <a href=\"https:\/\/talkpal.ai\/pt-pt\/o-que-ha-de-especial-na-gramatica-italiana\/\">gram\u00e1tica italiana<\/a> te ayudar\u00e1 a expresarte con confianza y a conectar m\u00e1s profundamente con la rica cultura italiana. \u00a1Empieza a aprender gram\u00e1tica italiana hoy mismo y da el primer paso hacia la fluidez!<\/p>\r\n\r\n                            <a class=\"getStartedHidden\" href=\"https:\/\/app.talkpal.ai\/es-es\/signup?lng=\">Comenzar<\/a>\r\n        \r\n    <\/div>\r\n\r\n    <figure>\r\n    <img decoding=\"async\" width=\"768\" height=\"768\" src=\"https:\/\/talkpal.ai\/wp-content\/uploads\/2023\/06\/italian-768x768.png\" class=\"languageImage no-lazy\" alt=\"Default alt text\" fetchpriority=\"high\" sizes=\"(max-width: 768px) 150px, 768px\" srcset=\"https:\/\/talkpal.ai\/wp-content\/uploads\/2023\/06\/italian-768x768.png 768w, https:\/\/talkpal.ai\/wp-content\/uploads\/2023\/06\/italian-300x300.png 300w\" \/>\r\n    \r\n\r\n    <\/figure>\r\n\r\n            <a class=\"getStartedVisible\" href=\"https:\/\/app.talkpal.ai\/es-es\/signup?lng=\">Comenzar<\/a>\r\n    \r\n<\/section>\r\n        <section class=\"grammarSection\">\r\n            <div class=\"grammarLinks\">\r\n                <a href=\"https:\/\/talkpal.ai\/es\/language\/adjetivos-gramatica-italiana\/\">Adjetivos <\/a><a href=\"https:\/\/talkpal.ai\/es\/language\/adverbios-gramatica-italiana\/\">Adverbios <\/a><a href=\"https:\/\/talkpal.ai\/es\/language\/conjunciones-gramatica-italiana\/\">Conjunciones <\/a><a href=\"https:\/\/talkpal.ai\/es\/language\/negacion-e-interrogacion-gramatica-italiana\/\">Negaci\u00f3n e interrogaci\u00f3n <\/a><a href=\"https:\/\/talkpal.ai\/es\/language\/preposiciones-gramatica-italiana\/\">Preposiciones <\/a><a href=\"https:\/\/talkpal.ai\/es\/language\/pronombres-gramatica-italiana\/\">Pronombres <\/a><a href=\"https:\/\/talkpal.ai\/es\/language\/sintaxis-y-estructura-de-las-oraciones-gramatica-italiana\/\">Sintaxis y estructura de las oraciones <\/a><a href=\"https:\/\/talkpal.ai\/es\/language\/sustantivos-gramatica-italiana\/\">Sustantivos <\/a><a href=\"https:\/\/talkpal.ai\/es\/language\/verbos-gramatica-italiana\/\">Verbos <\/a>            <\/div>\r\n        <\/section>\r\n    <section class=\"promotionalBanner\">\r\n    <p class=\"promotionalText\">La forma m\u00e1s eficiente de aprender un idioma<\/p>\r\n    <a class=\"promotionalLink\" href=\"https:\/\/app.talkpal.ai\/es-es\/signup?lng=\">Prueba Talkpal gratis<\/a>\r\n<\/section>\n<div class=\"wp-block-group pageContainerStyle\"><div class=\"wp-block-group__inner-container is-layout-constrained wp-block-group-is-layout-constrained\">\n<h2 class=\"wp-block-heading\" id=\"h-mastering-the-art-of-italian-grammar-your-ultimate-guide\">Dominar el arte de la gram\u00e1tica italiana: su gu\u00eda definitiva<\/h2>\n\n\n\n<p>\u00a1Ciao, entusiastas de los idiomas! \u00bfListo para sumergirte de cabeza en el mundo de la gram\u00e1tica italiana? Has venido al lugar adecuado. Repleto de informaci\u00f3n f\u00e1cil de digerir y de tono conversacional, este art\u00edculo te guiar\u00e1 por el fascinante (y a veces complicado) mundo de la gram\u00e1tica italiana <a href=\"https:\/\/talkpal.ai\/culture\/how-do-i-use-para-que-correctly\/\">para que<\/a> puedas construir frases con confianza y mantener conversaciones significativas con hablantes nativos. As\u00ed que, \u00a1abr\u00f3chate el cintur\u00f3n y empecemos!<\/p>\n\n\n\n<h3 class=\"wp-block-heading\" id=\"h-but-first-why-italian-grammar\">Pero primero, \u00bfpor qu\u00e9 la gram\u00e1tica italiana?<\/h3>\n\n\n\n<p>Si est\u00e1s aprendiendo <a href=\"https:\/\/talkpal.ai\/learn-italian\/\">italiano<\/a>, una base s\u00f3lida de gram\u00e1tica es crucial para hablar, <a href=\"https:\/\/talkpal.ai\/locations\/language-courses-in-leer\/\">leer<\/a> y escribir con fluidez. La gram\u00e1tica italiana puede parecer compleja al principio, pero es relativamente sencilla cuando la divides en partes m\u00e1s peque\u00f1as y manejables. As\u00ed que, \u00a1empecemos tu viaje hacia el dominio de la gram\u00e1tica italiana!<\/p>\n\n\n\n<h3 class=\"wp-block-heading\" id=\"h-1-nouns-articles-and-gender\">1. Sustantivos, art\u00edculos y g\u00e9nero<\/h3>\n\n\n\n<p>Los sustantivos italianos vienen en dos g\u00e9neros: masculino y femenino. A diferencia del <a href=\"https:\/\/talkpal.ai\/es\/locations\/aprende-ingles-en-orange\/\">ingl\u00e9s<\/a>, donde el g\u00e9nero del sustantivo es irrelevante, el italiano requiere el g\u00e9nero correcto para la construcci\u00f3n adecuada de la oraci\u00f3n. \u00bfPuedes adivinar el <a href=\"https:\/\/talkpal.ai\/es\/grammar\/guia-completa-sobre-el-genero-de-los-sustantivos-en-la-gramatica-espanola\/\">g\u00e9nero de sustantivos<\/a> <a href=\"https:\/\/talkpal.ai\/locations\/language-courses-in-como\/\">como<\/a> \u00abtavolo\u00bb (mesa) o \u00abcasa\u00bb (casa)? Si has adivinado masculino para \u00abtavolo\u00bb y femenino para \u00abcasa\u00bb, \u00a1bravo!<\/p>\n\n\n\n<p>En italiano, los sustantivos suelen terminar en \u00ab-o\u00bb para el masculino y en \u00ab-a\u00bb para el femenino. Hay excepciones -algunas palabras terminan en \u00ab-e\u00bb y pueden ser de ambos sexos- pero, de momento, tengamos en cuenta este principio b\u00e1sico.<\/p>\n\n\n\n<p>Ahora, hablemos de los art\u00edculos. Al igual que en ingl\u00e9s, necesitamos art\u00edculos antes de sustantivos. El italiano tiene art\u00edculos definidos (il, lo, la, i, gli, le) e indefinidos (un, uno, una).<\/p>\n\n\n\n<p>Entonces, \u00bfc\u00f3mo elegimos qu\u00e9 art\u00edculo definido usar?<\/p>\n\n\n\n<p>&#8211; \u00abil\u00bb e \u00abi\u00bb para sustantivos masculinos que empiezan por consonante, por ejemplo, il libro (el libro), i libri (los libros)<br\/>&#8211; \u00ablo\u00bb y \u00abgli\u00bb para sustantivos masculinos que empiezan por \u00abs\u00bb seguida de una consonante, una vocal (excepto la \u00abu\u00bb) o una \u00abz\u00bb, p. ej., lo studente (el estudiante), gli studenti (los estudiantes)<br\/>&#8211; \u00abla\u00bb y \u00able\u00bb para sustantivos femeninos, por ejemplo, la casa, le case (las casas)<\/p>\n\n\n\n<h3 class=\"wp-block-heading\" id=\"h-2-adjectives-and-agreement\">2. Adjetivos y acuerdo<\/h3>\n\n\n\n<p>Los adjetivos en italiano deben estar de acuerdo con el sustantivo que modifican en g\u00e9nero y n\u00famero. Por ejemplo, para describir una pizza deliciosa, dir\u00edas \u00abuna pizza deliziosa\u00bb y no \u00abdelizioso\u00bb. Recuerde, el adjetivo generalmente sigue al sustantivo en italiano.<\/p>\n\n\n\n<h3 class=\"wp-block-heading\" id=\"h-3-verbs-tense-and-conjugation\">3. Verbo, tiempo y conjugaci\u00f3n<\/h3>\n\n\n\n<p>Los verbos italianos son una parte importante de la gram\u00e1tica. Hay tres categor\u00edas de verbos (-are, -ere y -ire) y toneladas de verbos irregulares, \u00a1as\u00ed que tenemos nuestro trabajo cortado para nosotros! Para darte una visi\u00f3n r\u00e1pida, vamos a hablar del presente de los verbos regulares.<\/p>\n\n\n\n<p>&#8211; verbos \u00ab-are\u00bb: por ejemplo, parlare (hablar): io parlo, tu parli, lui\/lei parla, noi parliamo, voi parlate, loro parlano<br\/>&#8211; Verbos \u00ab-ere\u00bb: por ejemplo, leggere (leer): io leggo, tu leggi, lui\/lei legge, noi leggiamo, voi leggete, loro leggono<br\/>&#8211; Verbos \u00ab-ire\u00bb: por ejemplo, finire (acabar): io finisco, tu finisci, lui\/lei finisce, noi finiamo, voi finite, loro finiscono<\/p>\n\n\n\n<p>Tenga en cuenta que esto es solo la punta del iceberg. Hay muchos otros tiempos verbales y verbos irregulares para aprender, pero cada viaje comienza con un solo paso.<\/p>\n\n\n\n<h3 class=\"wp-block-heading\" id=\"h-4-prepositions-pronouns-and-more\">4. \u00a1Preposiciones, pronombres y m\u00e1s!<\/h3>\n\n\n\n<p>La gram\u00e1tica italiana tiene muchos otros componentes como preposiciones (di, a, da, in, su, etc.), pronombres (io, tu, lui \/ lei, etc.), verbos reflexivos y expresiones idiom\u00e1ticas. Cada componente es clave para desbloquear tu fluidez, as\u00ed que da un paso a la vez.<\/p>\n\n\n\n<p>En conclusi\u00f3n, no hay ning\u00fan atajo para dominar la gram\u00e1tica italiana. Requiere persistencia, pr\u00e1ctica y paciencia. Pero una vez que le cojas el truco, podr\u00e1s experimentar la belleza de conversar en italiano, descubrir su rica cultura e historia y profundizar en tu aprecio por la lengua. \u00a1Buona fortuna!<\/p>\n<\/div><\/div>\n\r\n<section class=\"learnNavigationSection\">\r\n            \r\n        <a href=\"https:\/\/talkpal.ai\/es\/aprender-italiano\/\">\r\n            <div class=\"learnNavigationWrapper\">\r\n                <div class=\"learnNavigationContent\">\r\n                    <img decoding=\"async\" src=\"https:\/\/talkpal.ai\/wp-content\/uploads\/2024\/08\/Italian.jpg\" alt=\"Italian Flag\">\r\n                    <div>\r\n                        <h4>Sobre el aprendizaje del italiano<\/h4>\r\n                        <p>Desc\u00fabrelo todo sobre la gram\u00e1tica italiana.<\/p>\r\n                    <\/div>\r\n                <\/div>\r\n            <\/div>\r\n        <\/a>\r\n\r\n        \r\n        <a href=\"https:\/\/talkpal.ai\/es\/ejercicios-de-gramatica-italiana\/\">\r\n            <div class=\"learnNavigationWrapper\">\r\n                <div class=\"learnNavigationContent\">\r\n                    <img decoding=\"async\" src=\"https:\/\/talkpal.ai\/wp-content\/uploads\/2024\/08\/Italian.jpg\" alt=\"Italian Flag\">\r\n                    <div>\r\n                        <h4>Ejercicio de gram\u00e1tica italiana<\/h4>\r\n                        <p>Practica la gram\u00e1tica italiana.<\/p>\r\n                    <\/div>\r\n                <\/div>\r\n            <\/div>\r\n        <\/a>\r\n\r\n        \r\n        <a href=\"https:\/\/talkpal.ai\/vocabulary_language\/italian\/\">\r\n            <div class=\"learnNavigationWrapper\">\r\n                <div class=\"learnNavigationContent\">\r\n                    <img decoding=\"async\" src=\"https:\/\/talkpal.ai\/wp-content\/uploads\/2024\/08\/Italian.jpg\" alt=\"Italian Flag\">\r\n                    <div>\r\n                        <h4>Vocabulario italiano<\/h4>\r\n                        <p>Ampl\u00eda tu vocabulario de italiano.<\/p>\r\n                    <\/div>\r\n                <\/div>\r\n            <\/div>\r\n        <\/a>\r\n\r\n            <\/section>","protected":false},"excerpt":{"rendered":"<p>Dominar el arte de la gram\u00e1tica italiana: su gu\u00eda definitiva \u00a1Ciao, entusiastas de los idiomas! \u00bfListo para sumergirte de cabeza en el mundo de la gram\u00e1tica italiana? Has venido al lugar adecuado. Repleto de informaci\u00f3n f\u00e1cil de digerir y de tono conversacional, este art\u00edculo te guiar\u00e1 por el fascinante (y a veces complicado) mundo de [&hellip;]<\/p>\n","protected":false},"author":1,"featured_media":668,"parent":0,"menu_order":0,"comment_status":"closed","ping_status":"closed","template":"LearningContentPage.php","meta":{"_acf_changed":false,"footnotes":""},"class_list":["post-45218","page","type-page","status-publish","has-post-thumbnail","hentry"],"acf":[],"yoast_head":"<!-- This site is optimized with the Yoast SEO Premium plugin v27.2 (Yoast SEO v27.2) - https:\/\/yoast.com\/product\/yoast-seo-premium-wordpress\/ -->\n<title>Gram\u00e1tica italiana - Talkpal<\/title>\n<meta name=\"description\" content=\"Aprende gram\u00e1tica italiana f\u00e1cilmente: practica con claridad, comprende las reglas y habla mejor con la sencilla gu\u00eda de Talkpal AI.\" \/>\n<meta name=\"robots\" content=\"index, follow, max-snippet:-1, max-image-preview:large, max-video-preview:-1\" \/>\n<link rel=\"canonical\" href=\"https:\/\/talkpal.ai\/es\/gramatica-italiana\/\" \/>\n<meta property=\"og:locale\" content=\"es_ES\" \/>\n<meta property=\"og:type\" content=\"article\" \/>\n<meta property=\"og:title\" content=\"Gram\u00e1tica italiana\" \/>\n<meta property=\"og:description\" content=\"Dominar el arte de la gram\u00e1tica italiana: su gu\u00eda definitiva \u00a1Ciao, entusiastas de los idiomas! \u00bfListo para sumergirte de cabeza en el mundo de la\" \/>\n<meta property=\"og:url\" content=\"https:\/\/talkpal.ai\/es\/gramatica-italiana\/\" \/>\n<meta property=\"og:site_name\" content=\"Talkpal\" \/>\n<meta property=\"article:publisher\" content=\"https:\/\/www.facebook.com\/profile.php?id=100090733639311\" \/>\n<meta property=\"article:modified_time\" content=\"2025-05-22T18:43:07+00:00\" \/>\n<meta property=\"og:image\" content=\"https:\/\/talkpal.ai\/wp-content\/uploads\/2023\/03\/italy.png\" \/>\n\t<meta property=\"og:image:width\" content=\"512\" \/>\n\t<meta property=\"og:image:height\" content=\"512\" \/>\n\t<meta property=\"og:image:type\" content=\"image\/png\" \/>\n<meta name=\"twitter:card\" content=\"summary_large_image\" \/>\n<meta name=\"twitter:site\" content=\"@talkpalai\" \/>\n<meta name=\"twitter:label1\" content=\"Tiempo de lectura\" \/>\n\t<meta name=\"twitter:data1\" content=\"3 minutos\" \/>\n<script type=\"application\/ld+json\" class=\"yoast-schema-graph\">{\"@context\":\"https:\/\/schema.org\",\"@graph\":[{\"@type\":\"WebPage\",\"@id\":\"https:\/\/talkpal.ai\/es\/gramatica-italiana\/\",\"url\":\"https:\/\/talkpal.ai\/es\/gramatica-italiana\/\",\"name\":\"Gram\u00e1tica italiana - Talkpal\",\"isPartOf\":{\"@id\":\"https:\/\/talkpal.ai\/es\/#website\"},\"primaryImageOfPage\":{\"@id\":\"https:\/\/talkpal.ai\/es\/gramatica-italiana\/#primaryimage\"},\"image\":{\"@id\":\"https:\/\/talkpal.ai\/es\/gramatica-italiana\/#primaryimage\"},\"thumbnailUrl\":\"https:\/\/talkpal.ai\/wp-content\/uploads\/2023\/03\/italy.png\",\"datePublished\":\"2023-03-26T12:27:22+00:00\",\"dateModified\":\"2025-05-22T18:43:07+00:00\",\"description\":\"Aprende gram\u00e1tica italiana f\u00e1cilmente: practica con claridad, comprende las reglas y habla mejor con la sencilla gu\u00eda de Talkpal AI.\",\"breadcrumb\":{\"@id\":\"https:\/\/talkpal.ai\/es\/gramatica-italiana\/#breadcrumb\"},\"inLanguage\":\"es\",\"potentialAction\":[{\"@type\":\"ReadAction\",\"target\":[\"https:\/\/talkpal.ai\/es\/gramatica-italiana\/\"]}]},{\"@type\":\"ImageObject\",\"inLanguage\":\"es\",\"@id\":\"https:\/\/talkpal.ai\/es\/gramatica-italiana\/#primaryimage\",\"url\":\"https:\/\/talkpal.ai\/wp-content\/uploads\/2023\/03\/italy.png\",\"contentUrl\":\"https:\/\/talkpal.ai\/wp-content\/uploads\/2023\/03\/italy.png\",\"width\":512,\"height\":512,\"caption\":\"TalkPal AI learn Italian\"},{\"@type\":\"BreadcrumbList\",\"@id\":\"https:\/\/talkpal.ai\/es\/gramatica-italiana\/#breadcrumb\",\"itemListElement\":[{\"@type\":\"ListItem\",\"position\":1,\"name\":\"Homepage\",\"item\":\"https:\/\/talkpal.ai\/es\/\"},{\"@type\":\"ListItem\",\"position\":2,\"name\":\"Gram\u00e1tica italiana\"}]},{\"@type\":\"WebSite\",\"@id\":\"https:\/\/talkpal.ai\/es\/#website\",\"url\":\"https:\/\/talkpal.ai\/es\/\",\"name\":\"Talkpal\",\"description\":\"AI Language Learning\",\"publisher\":{\"@id\":\"https:\/\/talkpal.ai\/es\/#organization\"},\"alternateName\":\"Talkpal AI\",\"potentialAction\":[{\"@type\":\"SearchAction\",\"target\":{\"@type\":\"EntryPoint\",\"urlTemplate\":\"https:\/\/talkpal.ai\/es\/?s={search_term_string}\"},\"query-input\":{\"@type\":\"PropertyValueSpecification\",\"valueRequired\":true,\"valueName\":\"search_term_string\"}}],\"inLanguage\":\"es\"},{\"@type\":\"Organization\",\"@id\":\"https:\/\/talkpal.ai\/es\/#organization\",\"name\":\"Talkpal, Inc.\",\"alternateName\":\"Talkpal AI\",\"url\":\"https:\/\/talkpal.ai\/es\/\",\"logo\":{\"@type\":\"ImageObject\",\"inLanguage\":\"es\",\"@id\":\"https:\/\/talkpal.ai\/es\/#\/schema\/logo\/image\/\",\"url\":\"https:\/\/talkpal.ai\/wp-content\/uploads\/2024\/03\/Talkpal-Logo-Icon.png\",\"contentUrl\":\"https:\/\/talkpal.ai\/wp-content\/uploads\/2024\/03\/Talkpal-Logo-Icon.png\",\"width\":2880,\"height\":2880,\"caption\":\"Talkpal, Inc.\"},\"image\":{\"@id\":\"https:\/\/talkpal.ai\/es\/#\/schema\/logo\/image\/\"},\"sameAs\":[\"https:\/\/www.facebook.com\/profile.php?id=100090733639311\",\"https:\/\/x.com\/talkpalai\",\"https:\/\/www.linkedin.com\/company\/talkpal\/\",\"https:\/\/www.youtube.com\/@TalkPal\/\",\"https:\/\/www.tiktok.com\/@talkpal\",\"https:\/\/www.instagram.com\/talkpal_ai\/\",\"https:\/\/www.crunchbase.com\/organization\/talkpal-9cde\",\"https:\/\/www.g2.com\/products\/talkpal-for-business\/\",\"https:\/\/www.trustpilot.com\/review\/talkpal.ai\",\"https:\/\/www.capterra.com\/p\/10006800\/TalkPal\/\"],\"description\":\"Talkpal is a language learning web and mobile education app, powered by the latest AI technologies, that provides engaging experiences to its customers in many different languages to help them improve their language skills. Users can chat about unlimited amount of topics with the app and use other modes to practice their language learning.\",\"email\":\"support@talkpal.ai\",\"legalName\":\"Talkpal, Inc.\",\"foundingDate\":\"2023-04-03\",\"duns\":\"118989042\",\"numberOfEmployees\":{\"@type\":\"QuantitativeValue\",\"minValue\":\"11\",\"maxValue\":\"50\"},\"publishingPrinciples\":\"https:\/\/talkpal.ai\/publishing-principles\/\",\"actionableFeedbackPolicy\":\"https:\/\/talkpal.ai\/actionable-feedback-policy\/\",\"correctionsPolicy\":\"https:\/\/talkpal.ai\/corrections-policy\/\",\"ethicsPolicy\":\"https:\/\/talkpal.ai\/ethics-policy\/\",\"diversityPolicy\":\"https:\/\/talkpal.ai\/diversity-policy\/\",\"diversityStaffingReport\":\"https:\/\/talkpal.ai\/diversity-policy\/\"}]}<\/script>\n<!-- \/ Yoast SEO Premium plugin. -->","yoast_head_json":{"title":"Gram\u00e1tica italiana - Talkpal","description":"Aprende gram\u00e1tica italiana f\u00e1cilmente: practica con claridad, comprende las reglas y habla mejor con la sencilla gu\u00eda de Talkpal AI.","robots":{"index":"index","follow":"follow","max-snippet":"max-snippet:-1","max-image-preview":"max-image-preview:large","max-video-preview":"max-video-preview:-1"},"canonical":"https:\/\/talkpal.ai\/es\/gramatica-italiana\/","og_locale":"es_ES","og_type":"article","og_title":"Gram\u00e1tica italiana","og_description":"Dominar el arte de la gram\u00e1tica italiana: su gu\u00eda definitiva \u00a1Ciao, entusiastas de los idiomas! \u00bfListo para sumergirte de cabeza en el mundo de la","og_url":"https:\/\/talkpal.ai\/es\/gramatica-italiana\/","og_site_name":"Talkpal","article_publisher":"https:\/\/www.facebook.com\/profile.php?id=100090733639311","article_modified_time":"2025-05-22T18:43:07+00:00","og_image":[{"width":512,"height":512,"url":"https:\/\/talkpal.ai\/wp-content\/uploads\/2023\/03\/italy.png","type":"image\/png"}],"twitter_card":"summary_large_image","twitter_site":"@talkpalai","twitter_misc":{"Tiempo de lectura":"3 minutos"},"schema":{"@context":"https:\/\/schema.org","@graph":[{"@type":"WebPage","@id":"https:\/\/talkpal.ai\/es\/gramatica-italiana\/","url":"https:\/\/talkpal.ai\/es\/gramatica-italiana\/","name":"Gram\u00e1tica italiana - Talkpal","isPartOf":{"@id":"https:\/\/talkpal.ai\/es\/#website"},"primaryImageOfPage":{"@id":"https:\/\/talkpal.ai\/es\/gramatica-italiana\/#primaryimage"},"image":{"@id":"https:\/\/talkpal.ai\/es\/gramatica-italiana\/#primaryimage"},"thumbnailUrl":"https:\/\/talkpal.ai\/wp-content\/uploads\/2023\/03\/italy.png","datePublished":"2023-03-26T12:27:22+00:00","dateModified":"2025-05-22T18:43:07+00:00","description":"Aprende gram\u00e1tica italiana f\u00e1cilmente: practica con claridad, comprende las reglas y habla mejor con la sencilla gu\u00eda de Talkpal AI.","breadcrumb":{"@id":"https:\/\/talkpal.ai\/es\/gramatica-italiana\/#breadcrumb"},"inLanguage":"es","potentialAction":[{"@type":"ReadAction","target":["https:\/\/talkpal.ai\/es\/gramatica-italiana\/"]}]},{"@type":"ImageObject","inLanguage":"es","@id":"https:\/\/talkpal.ai\/es\/gramatica-italiana\/#primaryimage","url":"https:\/\/talkpal.ai\/wp-content\/uploads\/2023\/03\/italy.png","contentUrl":"https:\/\/talkpal.ai\/wp-content\/uploads\/2023\/03\/italy.png","width":512,"height":512,"caption":"TalkPal AI learn Italian"},{"@type":"BreadcrumbList","@id":"https:\/\/talkpal.ai\/es\/gramatica-italiana\/#breadcrumb","itemListElement":[{"@type":"ListItem","position":1,"name":"Homepage","item":"https:\/\/talkpal.ai\/es\/"},{"@type":"ListItem","position":2,"name":"Gram\u00e1tica italiana"}]},{"@type":"WebSite","@id":"https:\/\/talkpal.ai\/es\/#website","url":"https:\/\/talkpal.ai\/es\/","name":"Talkpal","description":"AI Language Learning","publisher":{"@id":"https:\/\/talkpal.ai\/es\/#organization"},"alternateName":"Talkpal AI","potentialAction":[{"@type":"SearchAction","target":{"@type":"EntryPoint","urlTemplate":"https:\/\/talkpal.ai\/es\/?s={search_term_string}"},"query-input":{"@type":"PropertyValueSpecification","valueRequired":true,"valueName":"search_term_string"}}],"inLanguage":"es"},{"@type":"Organization","@id":"https:\/\/talkpal.ai\/es\/#organization","name":"Talkpal, Inc.","alternateName":"Talkpal AI","url":"https:\/\/talkpal.ai\/es\/","logo":{"@type":"ImageObject","inLanguage":"es","@id":"https:\/\/talkpal.ai\/es\/#\/schema\/logo\/image\/","url":"https:\/\/talkpal.ai\/wp-content\/uploads\/2024\/03\/Talkpal-Logo-Icon.png","contentUrl":"https:\/\/talkpal.ai\/wp-content\/uploads\/2024\/03\/Talkpal-Logo-Icon.png","width":2880,"height":2880,"caption":"Talkpal, Inc."},"image":{"@id":"https:\/\/talkpal.ai\/es\/#\/schema\/logo\/image\/"},"sameAs":["https:\/\/www.facebook.com\/profile.php?id=100090733639311","https:\/\/x.com\/talkpalai","https:\/\/www.linkedin.com\/company\/talkpal\/","https:\/\/www.youtube.com\/@TalkPal\/","https:\/\/www.tiktok.com\/@talkpal","https:\/\/www.instagram.com\/talkpal_ai\/","https:\/\/www.crunchbase.com\/organization\/talkpal-9cde","https:\/\/www.g2.com\/products\/talkpal-for-business\/","https:\/\/www.trustpilot.com\/review\/talkpal.ai","https:\/\/www.capterra.com\/p\/10006800\/TalkPal\/"],"description":"Talkpal is a language learning web and mobile education app, powered by the latest AI technologies, that provides engaging experiences to its customers in many different languages to help them improve their language skills. Users can chat about unlimited amount of topics with the app and use other modes to practice their language learning.","email":"support@talkpal.ai","legalName":"Talkpal, Inc.","foundingDate":"2023-04-03","duns":"118989042","numberOfEmployees":{"@type":"QuantitativeValue","minValue":"11","maxValue":"50"},"publishingPrinciples":"https:\/\/talkpal.ai\/publishing-principles\/","actionableFeedbackPolicy":"https:\/\/talkpal.ai\/actionable-feedback-policy\/","correctionsPolicy":"https:\/\/talkpal.ai\/corrections-policy\/","ethicsPolicy":"https:\/\/talkpal.ai\/ethics-policy\/","diversityPolicy":"https:\/\/talkpal.ai\/diversity-policy\/","diversityStaffingReport":"https:\/\/talkpal.ai\/diversity-policy\/"}]}},"_links":{"self":[{"href":"https:\/\/talkpal.ai\/es\/wp-json\/wp\/v2\/pages\/45218","targetHints":{"allow":["GET"]}}],"collection":[{"href":"https:\/\/talkpal.ai\/es\/wp-json\/wp\/v2\/pages"}],"about":[{"href":"https:\/\/talkpal.ai\/es\/wp-json\/wp\/v2\/types\/page"}],"author":[{"embeddable":true,"href":"https:\/\/talkpal.ai\/es\/wp-json\/wp\/v2\/users\/1"}],"replies":[{"embeddable":true,"href":"https:\/\/talkpal.ai\/es\/wp-json\/wp\/v2\/comments?post=45218"}],"version-history":[{"count":0,"href":"https:\/\/talkpal.ai\/es\/wp-json\/wp\/v2\/pages\/45218\/revisions"}],"wp:featuredmedia":[{"embeddable":true,"href":"https:\/\/talkpal.ai\/es\/wp-json\/wp\/v2\/media\/668"}],"wp:attachment":[{"href":"https:\/\/talkpal.ai\/es\/wp-json\/wp\/v2\/media?parent=45218"}],"curies":[{"name":"wp","href":"https:\/\/api.w.org\/{rel}","templated":true}]}}