{"id":45206,"date":"2023-05-14T13:51:46","date_gmt":"2023-05-14T13:51:46","guid":{"rendered":"http:\/\/talkpal.ai\/gramatica-portuguesa\/"},"modified":"2025-12-11T16:46:15","modified_gmt":"2025-12-11T16:46:15","slug":"gramatica-portuguesa","status":"publish","type":"page","link":"https:\/\/talkpal.ai\/es\/gramatica-portuguesa\/","title":{"rendered":"Gram\u00e1tica portuguesa"},"content":{"rendered":"\r\n\r\n\r\n<section class=\"languageChallengeSection\">\r\n    <div class=\"languageInfoWrapper\">\r\n        \r\n        <h1>Gram\u00e1tica portuguesa<\/h1>\r\n        <p>Explora lo esencial de la <a href=\"https:\/\/talkpal.ai\/it\/cosa-ce-di-speciale-nella-grammatica-portoghese\/\">gram\u00e1tica portuguesa<\/a> y desbloquea un mundo de oportunidades para conectar con millones de hablantes de todo el mundo. Al dominar sus reglas y estructuras clave, estar\u00e1s preparado para comunicarte con confianza y disfrutar plenamente de la cultura portuguesa. \u00a1Empieza a aprender gram\u00e1tica portuguesa hoy mismo y da tu primer paso hacia la fluidez!<\/p>\r\n\r\n                            <a class=\"getStartedHidden\" href=\"https:\/\/app.talkpal.ai\/es-es\/signup?lng=\">Comenzar<\/a>\r\n        \r\n    <\/div>\r\n\r\n    <figure>\r\n    <img decoding=\"async\" width=\"768\" height=\"768\" src=\"https:\/\/talkpal.ai\/wp-content\/uploads\/2023\/06\/portuguese-768x768.png\" class=\"languageImage no-lazy\" alt=\"Default alt text\" fetchpriority=\"high\" sizes=\"(max-width: 768px) 150px, 768px\" srcset=\"https:\/\/talkpal.ai\/wp-content\/uploads\/2023\/06\/portuguese-768x768.png 768w, https:\/\/talkpal.ai\/wp-content\/uploads\/2023\/06\/portuguese-300x300.png 300w\" \/>\r\n    \r\n\r\n    <\/figure>\r\n\r\n            <a class=\"getStartedVisible\" href=\"https:\/\/app.talkpal.ai\/es-es\/signup?lng=\">Comenzar<\/a>\r\n    \r\n<\/section>\r\n        <section class=\"grammarSection\">\r\n            <div class=\"grammarLinks\">\r\n                <a href=\"https:\/\/talkpal.ai\/es\/language\/adjetivos-gramatica-portuguesa\/\">Adjetivos <\/a><a href=\"https:\/\/talkpal.ai\/es\/language\/adverbios-gramatica-portuguesa\/\">Adverbios <\/a><a href=\"https:\/\/talkpal.ai\/es\/language\/articulos-gramatica-portuguesa\/\">Art\u00edculos <\/a><a href=\"https:\/\/talkpal.ai\/es\/language\/comparacion-de-tiempos-gramatica-portuguesa\/\">Comparaci\u00f3n de Tiempos <\/a><a href=\"https:\/\/talkpal.ai\/es\/language\/estructura-de-la-oracion-gramatica-portuguesa\/\">Estructura de la oraci\u00f3n <\/a><a href=\"https:\/\/talkpal.ai\/es\/language\/preposiciones-gramatica-portuguesa\/\">Preposiciones <\/a><a href=\"https:\/\/talkpal.ai\/es\/language\/pronombres-gramatica-portuguesa\/\">Pronombres <\/a><a href=\"https:\/\/talkpal.ai\/es\/language\/sustantivos-gramatica-portuguesa\/\">Sustantivos <\/a><a href=\"https:\/\/talkpal.ai\/es\/language\/tiempos-subjuntivo-gramatica-portuguesa\/\">Tiempos Subjuntivo <\/a><a href=\"https:\/\/talkpal.ai\/es\/language\/tiempos-verbales-indicativos-gramatica-portuguesa\/\">Tiempos Verbales Indicativos <\/a><a href=\"https:\/\/talkpal.ai\/es\/language\/verbos-gramatica-portuguesa\/\">Verbos <\/a>            <\/div>\r\n        <\/section>\r\n    <section class=\"promotionalBanner\">\r\n    <p class=\"promotionalText\">La forma m\u00e1s eficiente de aprender un idioma<\/p>\r\n    <a class=\"promotionalLink\" href=\"https:\/\/app.talkpal.ai\/es-es\/signup?lng=\">Prueba Talkpal gratis<\/a>\r\n<\/section>\n<div class=\"wp-block-group pageContainerStyle\"><div class=\"wp-block-group__inner-container is-layout-constrained wp-block-group-is-layout-constrained\">\n<h2 class=\"wp-block-heading\" id=\"h-a-beginner-s-guide-to-understanding-portuguese-grammar\">Gu\u00eda para principiantes para entender la gram\u00e1tica portuguesa<\/h2>\n\n\n\n<p>Tanto si est\u00e1s planeando un viaje a <a href=\"https:\/\/talkpal.ai\/locations\/language-courses-in-portugal\/\">Portugal<\/a> <a href=\"https:\/\/talkpal.ai\/locations\/language-courses-in-como\/\">como<\/a> si simplemente te interesa dominar una nueva lengua, <a href=\"https:\/\/talkpal.ai\/es\/aprendiendo-a-hablar-portugues-guia-rapida-para-principiantes\/\">aprender portugu\u00e9s<\/a> puede ser una experiencia emocionante y gratificante. Un aspecto esencial del aprendizaje del <a href=\"https:\/\/talkpal.ai\/learn-portuguese\/\">portugu\u00e9s<\/a>, como cualquier otro, es entender su gram\u00e1tica. Este art\u00edculo lo guiar\u00e1 a trav\u00e9s de los conceptos b\u00e1sicos de la gram\u00e1tica portuguesa, brind\u00e1ndole consejos e ideas esenciales para ayudarlo a navegar y comunicarse sin esfuerzo. As\u00ed que, si has estado esperando para sumergirte en el mundo del portugu\u00e9s, \u00a1empecemos!<\/p>\n\n\n\n<h3 class=\"wp-block-heading\" id=\"h-1-the-basics-nouns-pronouns-and-articles\">1. Lo b\u00e1sico: sustantivos, pronombres y art\u00edculos<\/h3>\n\n\n\n<p>Al igual que en <a href=\"https:\/\/talkpal.ai\/es\/locations\/aprende-ingles-en-orange\/\">ingl\u00e9s<\/a>, la gram\u00e1tica portuguesa se basa en sustantivos, pronombres y art\u00edculos. Los sustantivos en portugu\u00e9s pueden ser masculinos o femeninos, y es importante establecer el g\u00e9nero para una correcta formaci\u00f3n de la frase. Por ejemplo, \u00abo menino\u00bb se traduce como \u00abel chico\u00bb, mientras que \u00aba menina\u00bb se traduce como \u00abla chica\u00bb.<\/p>\n\n\n\n<p>Los pronombres en portugu\u00e9s, como el ingl\u00e9s, act\u00faan como sustitutos de los sustantivos. Ellos tambi\u00e9n tienen g\u00e9neros. Los pronombres personales incluyen eu (I), voc\u00ea\/tu (t\u00fa), ele\/ela (\u00e9l\/ella), n\u00f3s (nosotros) y eles\/elas (ellos).<\/p>\n\n\n\n<p>Los art\u00edculos definidos (el) y los art\u00edculos indefinidos (a\/an) tambi\u00e9n son espec\u00edficos de g\u00e9nero y son esenciales para la construcci\u00f3n adecuada de la oraci\u00f3n. En portugu\u00e9s, los art\u00edculos definidos son \u00abo\u00bb (masculino) y \u00aba\u00bb (femenino), y los indefinidos son \u00abum\u00bb (masculino) y \u00abuma\u00bb (femenino).<\/p>\n\n\n\n<h3 class=\"wp-block-heading\" id=\"h-2-adjectives-and-adverbs-add-spice-to-your-sentences\">2. Adjetivos y adverbios: a\u00f1ade sabor a tus oraciones<\/h3>\n\n\n\n<p>Los adjetivos son palabras que describen o modifican sustantivos, y al igual que los sustantivos, tienen g\u00e9neros. Normalmente, los adjetivos acabados en \u00abo\u00bb son masculinos, mientras que los acabados en \u00aba\u00bb son femeninos. Es esencial adecuar el g\u00e9nero del adjetivo al sustantivo que describe. Por ejemplo, \u00abhomem alto\u00bb se traduce como \u00abhombre alto\u00bb, mientras que \u00abmulher alta\u00bb significa \u00abmujer alta\u00bb.<\/p>\n\n\n\n<p>Los adverbios, por otro lado, modifican verbos, adjetivos u otros adverbios. En portugu\u00e9s, los adverbios no suelen tener formas espec\u00edficas de g\u00e9nero. Algunos adverbios comunes son \u00abrapidamente\u00bb (r\u00e1pidamente), \u00ablentamente\u00bb y \u00absempre\u00bb (siempre).<\/p>\n\n\n\n<h3 class=\"wp-block-heading\" id=\"h-3-verbs-the-action-words\">3. Verbos: Las palabras de acci\u00f3n<\/h3>\n\n\n\n<p>Los verbos portugueses se clasifican en tres grupos de conjugaci\u00f3n (-ar, -er, -ir), y sus formas cambian dependiendo del tiempo y el sujeto. Estos son algunos tiempos esenciales que deber\u00e1s conocer:<\/p>\n\n\n\n<p>&#8211; Tiempo presente (Presente): Describe acciones que suceden ahora o acciones habituales.<br\/>&#8211; Tiempo pasado (Pret\u00e9rito): Describe acciones que ocurrieron en el pasado. Hay dos tipos: Pret\u00e9rito Perfeito (pasado simple) y Pret\u00e9rito Imperfeito (pasado continuo).<br\/>&#8211; Tiempo futuro (Futuro): Describe acciones que ocurrir\u00e1n en el futuro.<\/p>\n\n\n\n<p>Dominar la conjugaci\u00f3n verbal puede ser un desaf\u00edo en portugu\u00e9s, pero la pr\u00e1ctica y la consistencia te ayudar\u00e1n a comprenderla de manera m\u00e1s eficiente.<\/p>\n\n\n\n<h3 class=\"wp-block-heading\" id=\"h-4-word-order-building-understandable-sentences\">4. Orden de palabras: construir oraciones comprensibles<\/h3>\n\n\n\n<p>La estructura t\u00edpica de la oraci\u00f3n portuguesa sigue el orden Sujeto-Verbo-Objeto (SVO). Por ejemplo, la frase \u00abEu amo pizza\u00bb (\u00abMe encanta la pizza\u00bb) sigue este patr\u00f3n. Sin embargo, la gram\u00e1tica portuguesa puede ser bastante flexible, y puede encontrar variaciones en el orden de las palabras, especialmente en la literatura o las conversaciones informales. El contexto y el sentido com\u00fan son cruciales para comprender estas variaciones.<\/p>\n\n\n\n<h3 class=\"wp-block-heading\" id=\"h-5-negation-and-interrogation-say-no-and-ask-questions\">5. Negaci\u00f3n e interrogatorio: Di no y haz preguntas<\/h3>\n\n\n\n<p>Para negar una frase en portugu\u00e9s, basta con poner la palabra \u00abn\u00e3o\u00bb delante del verbo. Por ejemplo, \u00abEu n\u00e3o falo portugu\u00eas\u00bb significa \u00abYo no hablo portugu\u00e9s\u00bb.<\/p>\n\n\n\n<p>Para convertir una afirmaci\u00f3n en una pregunta en portugu\u00e9s, puedes cambiar el orden de las palabras o utilizar una palabra interrogativa (como \u00abquem\u00bb para \u00abqui\u00e9n\u00bb, \u00abo que\u00bb para \u00abqu\u00e9\u00bb u \u00abonde\u00bb para \u00abd\u00f3nde\u00bb). Por ejemplo, \u00abVoc\u00ea fala ingl\u00eas?\u00bb se traduce como \u00ab\u00bfHablas ingl\u00e9s?\u00bb.<\/p>\n\n\n\n<h3 class=\"wp-block-heading\" id=\"h-conclusion\">Conclusi\u00f3n<\/h3>\n\n\n\n<p>Aprender gram\u00e1tica portuguesa puede parecer desalentador, \u00a1pero no te desanimes! Cada lengua tiene sus complejidades, pero con constancia, pr\u00e1ctica y un poco de paciencia, conseguir\u00e1s comunicarte con seguridad y eficacia. Tenga en cuenta que aprender gram\u00e1tica es solo una parte de la adquisici\u00f3n del idioma, y tambi\u00e9n debe practicar escuchar, hablar y leer en portugu\u00e9s. Boa sorte! (\u00a1Buena suerte!)<\/p>\n<\/div><\/div>\n\r\n<section class=\"learnNavigationSection\">\r\n            \r\n        <a href=\"https:\/\/talkpal.ai\/es\/aprender-portugues\/\">\r\n            <div class=\"learnNavigationWrapper\">\r\n                <div class=\"learnNavigationContent\">\r\n                    <img decoding=\"async\" src=\"https:\/\/talkpal.ai\/wp-content\/uploads\/2024\/08\/Portuguese.jpg\" alt=\"Portuguese Flag\">\r\n                    <div>\r\n                        <h4>Acerca de Portugal Learning<\/h4>\r\n                        <p>Desc\u00fabrelo todo sobre la gram\u00e1tica portuguesa.<\/p>\r\n                    <\/div>\r\n                <\/div>\r\n            <\/div>\r\n        <\/a>\r\n\r\n        \r\n        <a href=\"https:\/\/talkpal.ai\/es\/ejercicios-de-gramatica-portuguesa\/\">\r\n            <div class=\"learnNavigationWrapper\">\r\n                <div class=\"learnNavigationContent\">\r\n                    <img decoding=\"async\" src=\"https:\/\/talkpal.ai\/wp-content\/uploads\/2024\/08\/Portuguese.jpg\" alt=\"Portuguese Flag\">\r\n                    <div>\r\n                        <h4>Ejercicio de gram\u00e1tica portuguesa<\/h4>\r\n                        <p>Practicar la gram\u00e1tica portuguesa.<\/p>\r\n                    <\/div>\r\n                <\/div>\r\n            <\/div>\r\n        <\/a>\r\n\r\n        \r\n        <a href=\"https:\/\/talkpal.ai\/vocabulary_language\/portuguese\/\">\r\n            <div class=\"learnNavigationWrapper\">\r\n                <div class=\"learnNavigationContent\">\r\n                    <img decoding=\"async\" src=\"https:\/\/talkpal.ai\/wp-content\/uploads\/2024\/08\/Portuguese.jpg\" alt=\"Portuguese Flag\">\r\n                    <div>\r\n                        <h4>Vocabulario portugu\u00e9s<\/h4>\r\n                        <p>Ampl\u00eda tu vocabulario de portugu\u00e9s.<\/p>\r\n                    <\/div>\r\n                <\/div>\r\n            <\/div>\r\n        <\/a>\r\n\r\n            <\/section>","protected":false},"excerpt":{"rendered":"<p>Gu\u00eda para principiantes para entender la gram\u00e1tica portuguesa Tanto si est\u00e1s planeando un viaje a Portugal como si simplemente te interesa dominar una nueva lengua, aprender portugu\u00e9s puede ser una experiencia emocionante y gratificante. Un aspecto esencial del aprendizaje del portugu\u00e9s, como cualquier otro, es entender su gram\u00e1tica. Este art\u00edculo lo guiar\u00e1 a trav\u00e9s de [&hellip;]<\/p>\n","protected":false},"author":1,"featured_media":11596,"parent":0,"menu_order":0,"comment_status":"closed","ping_status":"closed","template":"LearningContentPage.php","meta":{"_acf_changed":false,"footnotes":""},"class_list":["post-45206","page","type-page","status-publish","has-post-thumbnail","hentry"],"acf":[],"yoast_head":"<!-- This site is optimized with the Yoast SEO Premium plugin v27.2 (Yoast SEO v27.2) - https:\/\/yoast.com\/product\/yoast-seo-premium-wordpress\/ -->\n<title>Gram\u00e1tica portuguesa - Talkpal<\/title>\n<meta name=\"description\" content=\"Domina la gram\u00e1tica portuguesa con ejercicios interactivos dise\u00f1ados para todos los niveles. \u00a1Mejora tu competencia ling\u00fc\u00edstica!\" \/>\n<meta name=\"robots\" content=\"index, follow, max-snippet:-1, max-image-preview:large, max-video-preview:-1\" \/>\n<link rel=\"canonical\" href=\"https:\/\/talkpal.ai\/es\/gramatica-portuguesa\/\" \/>\n<meta property=\"og:locale\" content=\"es_ES\" \/>\n<meta property=\"og:type\" content=\"article\" \/>\n<meta property=\"og:title\" content=\"Gram\u00e1tica portuguesa\" \/>\n<meta property=\"og:description\" content=\"Gu\u00eda para principiantes para entender la gram\u00e1tica portuguesa Tanto si est\u00e1s planeando un viaje a Portugal como si simplemente te interesa dominar una\" \/>\n<meta property=\"og:url\" content=\"https:\/\/talkpal.ai\/es\/gramatica-portuguesa\/\" \/>\n<meta property=\"og:site_name\" content=\"Talkpal\" \/>\n<meta property=\"article:publisher\" content=\"https:\/\/www.facebook.com\/profile.php?id=100090733639311\" \/>\n<meta property=\"article:modified_time\" content=\"2025-12-11T16:46:15+00:00\" \/>\n<meta property=\"og:image\" content=\"https:\/\/talkpal.ai\/wp-content\/uploads\/2023\/04\/portugal.png\" \/>\n\t<meta property=\"og:image:width\" content=\"512\" \/>\n\t<meta property=\"og:image:height\" content=\"512\" \/>\n\t<meta property=\"og:image:type\" content=\"image\/png\" \/>\n<meta name=\"twitter:card\" content=\"summary_large_image\" \/>\n<meta name=\"twitter:site\" content=\"@talkpalai\" \/>\n<meta name=\"twitter:label1\" content=\"Tiempo de lectura\" \/>\n\t<meta name=\"twitter:data1\" content=\"4 minutos\" \/>\n<script type=\"application\/ld+json\" class=\"yoast-schema-graph\">{\"@context\":\"https:\/\/schema.org\",\"@graph\":[{\"@type\":\"WebPage\",\"@id\":\"https:\/\/talkpal.ai\/es\/gramatica-portuguesa\/\",\"url\":\"https:\/\/talkpal.ai\/es\/gramatica-portuguesa\/\",\"name\":\"Gram\u00e1tica portuguesa - Talkpal\",\"isPartOf\":{\"@id\":\"https:\/\/talkpal.ai\/es\/#website\"},\"primaryImageOfPage\":{\"@id\":\"https:\/\/talkpal.ai\/es\/gramatica-portuguesa\/#primaryimage\"},\"image\":{\"@id\":\"https:\/\/talkpal.ai\/es\/gramatica-portuguesa\/#primaryimage\"},\"thumbnailUrl\":\"https:\/\/talkpal.ai\/wp-content\/uploads\/2023\/04\/portugal.png\",\"datePublished\":\"2023-05-14T13:51:46+00:00\",\"dateModified\":\"2025-12-11T16:46:15+00:00\",\"description\":\"Domina la gram\u00e1tica portuguesa con ejercicios interactivos dise\u00f1ados para todos los niveles. \u00a1Mejora tu competencia ling\u00fc\u00edstica!\",\"breadcrumb\":{\"@id\":\"https:\/\/talkpal.ai\/es\/gramatica-portuguesa\/#breadcrumb\"},\"inLanguage\":\"es\",\"potentialAction\":[{\"@type\":\"ReadAction\",\"target\":[\"https:\/\/talkpal.ai\/es\/gramatica-portuguesa\/\"]}]},{\"@type\":\"ImageObject\",\"inLanguage\":\"es\",\"@id\":\"https:\/\/talkpal.ai\/es\/gramatica-portuguesa\/#primaryimage\",\"url\":\"https:\/\/talkpal.ai\/wp-content\/uploads\/2023\/04\/portugal.png\",\"contentUrl\":\"https:\/\/talkpal.ai\/wp-content\/uploads\/2023\/04\/portugal.png\",\"width\":512,\"height\":512},{\"@type\":\"BreadcrumbList\",\"@id\":\"https:\/\/talkpal.ai\/es\/gramatica-portuguesa\/#breadcrumb\",\"itemListElement\":[{\"@type\":\"ListItem\",\"position\":1,\"name\":\"Homepage\",\"item\":\"https:\/\/talkpal.ai\/es\/\"},{\"@type\":\"ListItem\",\"position\":2,\"name\":\"Gram\u00e1tica portuguesa\"}]},{\"@type\":\"WebSite\",\"@id\":\"https:\/\/talkpal.ai\/es\/#website\",\"url\":\"https:\/\/talkpal.ai\/es\/\",\"name\":\"Talkpal\",\"description\":\"AI Language Learning\",\"publisher\":{\"@id\":\"https:\/\/talkpal.ai\/es\/#organization\"},\"alternateName\":\"Talkpal AI\",\"potentialAction\":[{\"@type\":\"SearchAction\",\"target\":{\"@type\":\"EntryPoint\",\"urlTemplate\":\"https:\/\/talkpal.ai\/es\/?s={search_term_string}\"},\"query-input\":{\"@type\":\"PropertyValueSpecification\",\"valueRequired\":true,\"valueName\":\"search_term_string\"}}],\"inLanguage\":\"es\"},{\"@type\":\"Organization\",\"@id\":\"https:\/\/talkpal.ai\/es\/#organization\",\"name\":\"Talkpal, Inc.\",\"alternateName\":\"Talkpal AI\",\"url\":\"https:\/\/talkpal.ai\/es\/\",\"logo\":{\"@type\":\"ImageObject\",\"inLanguage\":\"es\",\"@id\":\"https:\/\/talkpal.ai\/es\/#\/schema\/logo\/image\/\",\"url\":\"https:\/\/talkpal.ai\/wp-content\/uploads\/2024\/03\/Talkpal-Logo-Icon.png\",\"contentUrl\":\"https:\/\/talkpal.ai\/wp-content\/uploads\/2024\/03\/Talkpal-Logo-Icon.png\",\"width\":2880,\"height\":2880,\"caption\":\"Talkpal, Inc.\"},\"image\":{\"@id\":\"https:\/\/talkpal.ai\/es\/#\/schema\/logo\/image\/\"},\"sameAs\":[\"https:\/\/www.facebook.com\/profile.php?id=100090733639311\",\"https:\/\/x.com\/talkpalai\",\"https:\/\/www.linkedin.com\/company\/talkpal\/\",\"https:\/\/www.youtube.com\/@TalkPal\/\",\"https:\/\/www.tiktok.com\/@talkpal\",\"https:\/\/www.instagram.com\/talkpal_ai\/\",\"https:\/\/www.crunchbase.com\/organization\/talkpal-9cde\",\"https:\/\/www.g2.com\/products\/talkpal-for-business\/\",\"https:\/\/www.trustpilot.com\/review\/talkpal.ai\",\"https:\/\/www.capterra.com\/p\/10006800\/TalkPal\/\"],\"description\":\"Talkpal is a language learning web and mobile education app, powered by the latest AI technologies, that provides engaging experiences to its customers in many different languages to help them improve their language skills. Users can chat about unlimited amount of topics with the app and use other modes to practice their language learning.\",\"email\":\"support@talkpal.ai\",\"legalName\":\"Talkpal, Inc.\",\"foundingDate\":\"2023-04-03\",\"duns\":\"118989042\",\"numberOfEmployees\":{\"@type\":\"QuantitativeValue\",\"minValue\":\"11\",\"maxValue\":\"50\"},\"publishingPrinciples\":\"https:\/\/talkpal.ai\/publishing-principles\/\",\"actionableFeedbackPolicy\":\"https:\/\/talkpal.ai\/actionable-feedback-policy\/\",\"correctionsPolicy\":\"https:\/\/talkpal.ai\/corrections-policy\/\",\"ethicsPolicy\":\"https:\/\/talkpal.ai\/ethics-policy\/\",\"diversityPolicy\":\"https:\/\/talkpal.ai\/diversity-policy\/\",\"diversityStaffingReport\":\"https:\/\/talkpal.ai\/diversity-policy\/\"}]}<\/script>\n<!-- \/ Yoast SEO Premium plugin. -->","yoast_head_json":{"title":"Gram\u00e1tica portuguesa - Talkpal","description":"Domina la gram\u00e1tica portuguesa con ejercicios interactivos dise\u00f1ados para todos los niveles. \u00a1Mejora tu competencia ling\u00fc\u00edstica!","robots":{"index":"index","follow":"follow","max-snippet":"max-snippet:-1","max-image-preview":"max-image-preview:large","max-video-preview":"max-video-preview:-1"},"canonical":"https:\/\/talkpal.ai\/es\/gramatica-portuguesa\/","og_locale":"es_ES","og_type":"article","og_title":"Gram\u00e1tica portuguesa","og_description":"Gu\u00eda para principiantes para entender la gram\u00e1tica portuguesa Tanto si est\u00e1s planeando un viaje a Portugal como si simplemente te interesa dominar una","og_url":"https:\/\/talkpal.ai\/es\/gramatica-portuguesa\/","og_site_name":"Talkpal","article_publisher":"https:\/\/www.facebook.com\/profile.php?id=100090733639311","article_modified_time":"2025-12-11T16:46:15+00:00","og_image":[{"width":512,"height":512,"url":"https:\/\/talkpal.ai\/wp-content\/uploads\/2023\/04\/portugal.png","type":"image\/png"}],"twitter_card":"summary_large_image","twitter_site":"@talkpalai","twitter_misc":{"Tiempo de lectura":"4 minutos"},"schema":{"@context":"https:\/\/schema.org","@graph":[{"@type":"WebPage","@id":"https:\/\/talkpal.ai\/es\/gramatica-portuguesa\/","url":"https:\/\/talkpal.ai\/es\/gramatica-portuguesa\/","name":"Gram\u00e1tica portuguesa - Talkpal","isPartOf":{"@id":"https:\/\/talkpal.ai\/es\/#website"},"primaryImageOfPage":{"@id":"https:\/\/talkpal.ai\/es\/gramatica-portuguesa\/#primaryimage"},"image":{"@id":"https:\/\/talkpal.ai\/es\/gramatica-portuguesa\/#primaryimage"},"thumbnailUrl":"https:\/\/talkpal.ai\/wp-content\/uploads\/2023\/04\/portugal.png","datePublished":"2023-05-14T13:51:46+00:00","dateModified":"2025-12-11T16:46:15+00:00","description":"Domina la gram\u00e1tica portuguesa con ejercicios interactivos dise\u00f1ados para todos los niveles. \u00a1Mejora tu competencia ling\u00fc\u00edstica!","breadcrumb":{"@id":"https:\/\/talkpal.ai\/es\/gramatica-portuguesa\/#breadcrumb"},"inLanguage":"es","potentialAction":[{"@type":"ReadAction","target":["https:\/\/talkpal.ai\/es\/gramatica-portuguesa\/"]}]},{"@type":"ImageObject","inLanguage":"es","@id":"https:\/\/talkpal.ai\/es\/gramatica-portuguesa\/#primaryimage","url":"https:\/\/talkpal.ai\/wp-content\/uploads\/2023\/04\/portugal.png","contentUrl":"https:\/\/talkpal.ai\/wp-content\/uploads\/2023\/04\/portugal.png","width":512,"height":512},{"@type":"BreadcrumbList","@id":"https:\/\/talkpal.ai\/es\/gramatica-portuguesa\/#breadcrumb","itemListElement":[{"@type":"ListItem","position":1,"name":"Homepage","item":"https:\/\/talkpal.ai\/es\/"},{"@type":"ListItem","position":2,"name":"Gram\u00e1tica portuguesa"}]},{"@type":"WebSite","@id":"https:\/\/talkpal.ai\/es\/#website","url":"https:\/\/talkpal.ai\/es\/","name":"Talkpal","description":"AI Language Learning","publisher":{"@id":"https:\/\/talkpal.ai\/es\/#organization"},"alternateName":"Talkpal AI","potentialAction":[{"@type":"SearchAction","target":{"@type":"EntryPoint","urlTemplate":"https:\/\/talkpal.ai\/es\/?s={search_term_string}"},"query-input":{"@type":"PropertyValueSpecification","valueRequired":true,"valueName":"search_term_string"}}],"inLanguage":"es"},{"@type":"Organization","@id":"https:\/\/talkpal.ai\/es\/#organization","name":"Talkpal, Inc.","alternateName":"Talkpal AI","url":"https:\/\/talkpal.ai\/es\/","logo":{"@type":"ImageObject","inLanguage":"es","@id":"https:\/\/talkpal.ai\/es\/#\/schema\/logo\/image\/","url":"https:\/\/talkpal.ai\/wp-content\/uploads\/2024\/03\/Talkpal-Logo-Icon.png","contentUrl":"https:\/\/talkpal.ai\/wp-content\/uploads\/2024\/03\/Talkpal-Logo-Icon.png","width":2880,"height":2880,"caption":"Talkpal, Inc."},"image":{"@id":"https:\/\/talkpal.ai\/es\/#\/schema\/logo\/image\/"},"sameAs":["https:\/\/www.facebook.com\/profile.php?id=100090733639311","https:\/\/x.com\/talkpalai","https:\/\/www.linkedin.com\/company\/talkpal\/","https:\/\/www.youtube.com\/@TalkPal\/","https:\/\/www.tiktok.com\/@talkpal","https:\/\/www.instagram.com\/talkpal_ai\/","https:\/\/www.crunchbase.com\/organization\/talkpal-9cde","https:\/\/www.g2.com\/products\/talkpal-for-business\/","https:\/\/www.trustpilot.com\/review\/talkpal.ai","https:\/\/www.capterra.com\/p\/10006800\/TalkPal\/"],"description":"Talkpal is a language learning web and mobile education app, powered by the latest AI technologies, that provides engaging experiences to its customers in many different languages to help them improve their language skills. Users can chat about unlimited amount of topics with the app and use other modes to practice their language learning.","email":"support@talkpal.ai","legalName":"Talkpal, Inc.","foundingDate":"2023-04-03","duns":"118989042","numberOfEmployees":{"@type":"QuantitativeValue","minValue":"11","maxValue":"50"},"publishingPrinciples":"https:\/\/talkpal.ai\/publishing-principles\/","actionableFeedbackPolicy":"https:\/\/talkpal.ai\/actionable-feedback-policy\/","correctionsPolicy":"https:\/\/talkpal.ai\/corrections-policy\/","ethicsPolicy":"https:\/\/talkpal.ai\/ethics-policy\/","diversityPolicy":"https:\/\/talkpal.ai\/diversity-policy\/","diversityStaffingReport":"https:\/\/talkpal.ai\/diversity-policy\/"}]}},"_links":{"self":[{"href":"https:\/\/talkpal.ai\/es\/wp-json\/wp\/v2\/pages\/45206","targetHints":{"allow":["GET"]}}],"collection":[{"href":"https:\/\/talkpal.ai\/es\/wp-json\/wp\/v2\/pages"}],"about":[{"href":"https:\/\/talkpal.ai\/es\/wp-json\/wp\/v2\/types\/page"}],"author":[{"embeddable":true,"href":"https:\/\/talkpal.ai\/es\/wp-json\/wp\/v2\/users\/1"}],"replies":[{"embeddable":true,"href":"https:\/\/talkpal.ai\/es\/wp-json\/wp\/v2\/comments?post=45206"}],"version-history":[{"count":0,"href":"https:\/\/talkpal.ai\/es\/wp-json\/wp\/v2\/pages\/45206\/revisions"}],"wp:featuredmedia":[{"embeddable":true,"href":"https:\/\/talkpal.ai\/es\/wp-json\/wp\/v2\/media\/11596"}],"wp:attachment":[{"href":"https:\/\/talkpal.ai\/es\/wp-json\/wp\/v2\/media?parent=45206"}],"curies":[{"name":"wp","href":"https:\/\/api.w.org\/{rel}","templated":true}]}}