{"id":45196,"date":"2023-05-14T13:48:36","date_gmt":"2023-05-14T13:48:36","guid":{"rendered":"http:\/\/talkpal.ai\/gramatica-china\/"},"modified":"2025-06-17T16:38:44","modified_gmt":"2025-06-17T16:38:44","slug":"gramatica-china","status":"publish","type":"page","link":"https:\/\/talkpal.ai\/es\/gramatica-china\/","title":{"rendered":"Gram\u00e1tica china"},"content":{"rendered":"\r\n\r\n\r\n<section class=\"languageChallengeSection\">\r\n    <div class=\"languageInfoWrapper\">\r\n        \r\n        <h1>Gram\u00e1tica china<\/h1>\r\n        <p>Refuerza tus conocimientos de <a href=\"https:\/\/talkpal.ai\/locations\/language-courses-in-chino\/\">chino<\/a> aprendiendo estructuras gramaticales y patrones de uso clave. \u00a1Empieza a mejorar tu <a href=\"https:\/\/talkpal.ai\/chinese-grammar\/\">gram\u00e1tica china<\/a> hoy mismo y comun\u00edcate con confianza!<\/p>\r\n\r\n                            <a class=\"getStartedHidden\" href=\"https:\/\/app.talkpal.ai\/es-es\/signup?lng=\">Comenzar<\/a>\r\n        \r\n    <\/div>\r\n\r\n    <figure>\r\n    <img decoding=\"async\" width=\"768\" height=\"768\" src=\"https:\/\/talkpal.ai\/wp-content\/uploads\/2023\/06\/chinese-768x768.png\" class=\"languageImage no-lazy\" alt=\"Default alt text\" fetchpriority=\"high\" sizes=\"(max-width: 768px) 150px, 768px\" srcset=\"https:\/\/talkpal.ai\/wp-content\/uploads\/2023\/06\/chinese-768x768.png 768w, https:\/\/talkpal.ai\/wp-content\/uploads\/2023\/06\/chinese-300x300.png 300w\" \/>\r\n    \r\n\r\n    <\/figure>\r\n\r\n            <a class=\"getStartedVisible\" href=\"https:\/\/app.talkpal.ai\/es-es\/signup?lng=\">Comenzar<\/a>\r\n    \r\n<\/section>\r\n        <section class=\"grammarSection\">\r\n            <div class=\"grammarLinks\">\r\n                <a href=\"https:\/\/talkpal.ai\/es\/language\/adjetivos-gramatica-china\/\">Adjetivos <\/a><a href=\"https:\/\/talkpal.ai\/es\/language\/adverbios-gramatica-china\/\">Adverbios <\/a><a href=\"https:\/\/talkpal.ai\/es\/language\/articulos-gramatica-china\/\">Art\u00edculos <\/a><a href=\"https:\/\/talkpal.ai\/es\/language\/estructura-de-la-oracion-gramatica-china\/\">Estructura de la oraci\u00f3n <\/a><a href=\"https:\/\/talkpal.ai\/es\/language\/preposiciones-gramatica-china\/\">Preposiciones <\/a><a href=\"https:\/\/talkpal.ai\/es\/language\/pronombres-gramatica-china\/\">Pronombres <\/a><a href=\"https:\/\/talkpal.ai\/es\/language\/sustantivos-gramatica-china\/\">Sustantivos <\/a><a href=\"https:\/\/talkpal.ai\/es\/language\/tiempos-verbales-gramatica-china\/\">Tiempos verbales <\/a><a href=\"https:\/\/talkpal.ai\/es\/language\/verbos-gramatica-china\/\">Verbos <\/a>            <\/div>\r\n        <\/section>\r\n    <section class=\"promotionalBanner\">\r\n    <p class=\"promotionalText\">La forma m\u00e1s eficiente de aprender un idioma<\/p>\r\n    <a class=\"promotionalLink\" href=\"https:\/\/app.talkpal.ai\/es-es\/signup?lng=\">Prueba Talkpal gratis<\/a>\r\n<\/section>\n<div class=\"wp-block-group pageContainerStyle\"><div class=\"wp-block-group__inner-container is-layout-constrained wp-block-group-is-layout-constrained\">\n<h2 class=\"wp-block-heading\" id=\"h-chinese-grammar-the-key-to-mastering-mandarin\">Gram\u00e1tica china: la clave para dominar el mandar\u00edn<\/h2>\n\n\n\n<p>\u00bfEres un estudiante de idiomas ambicioso que se ha propuesto dominar el mandar\u00edn? Si es as\u00ed, \u00a1felicidades! Abordar el chino es una manera fant\u00e1stica de ampliar su mentalidad global, conectarse con una amplia gama de oradores y desafiarse intelectualmente. <a href=\"https:\/\/talkpal.ai\/culture\/how-do-i-use-the-expression-sin-embargo\/\">Sin embargo<\/a>, con 1.200 millones de hablantes nativos y un sistema ling\u00fc\u00edstico muy diferente de los idiomas occidentales, la <a href=\"https:\/\/talkpal.ai\/chinese-grammar\/\">gram\u00e1tica china<\/a> puede parecer bastante desalentadora. \u00a1No temas! Sigue leyendo para obtener un curso intensivo de gram\u00e1tica china para principiantes, atractivo e informativo.<\/p>\n\n\n\n<p><strong>Lo primero es lo primero: \u00a1olv\u00eddate de lo que sabes sobre las lenguas europeas!<\/strong><\/p>\n\n\n\n<p>Una de las principales razones por las que los <a href=\"https:\/\/talkpal.ai\/talkpal-discount-for-students\/\">estudiantes<\/a> de idiomas se sienten intimidados por la gram\u00e1tica china es que es radicalmente diferente de la estructura \u00absujeto-verbo-objeto\u00bb a la que estamos acostumbrados en lenguas <a href=\"https:\/\/talkpal.ai\/locations\/language-courses-in-como\/\">como<\/a> el <a href=\"https:\/\/talkpal.ai\/es\/locations\/aprende-ingles-en-orange\/\">ingl\u00e9s<\/a>, el <a href=\"https:\/\/talkpal.ai\/es\/locations\/aprende-espanol-leyendo\/\">espa\u00f1ol<\/a> o el <a href=\"https:\/\/talkpal.ai\/es\/locations\/aprende-frances-leyendo\/\">franc\u00e9s<\/a>. As\u00ed que respira hondo, \u00a1y vamos a sumergirnos en un universo completamente nuevo de reglas y conceptos ling\u00fc\u00edsticos!<\/p>\n\n\n\n<h3 class=\"wp-block-heading\" id=\"h-1-word-order-is-king\">1. El orden de las palabras es el rey<\/h3>\n\n\n\n<p>Si bien no hay tiempos verbales, conjugaciones verbales o plurales en la gram\u00e1tica china, la estructura adecuada de las oraciones es primordial. Entonces, \u00bfc\u00f3mo se logra el orden correcto de las palabras? En la mayor\u00eda de los casos, simplemente siga el patr\u00f3n \u00absujeto-verbo-objeto\u00bb (similar al ingl\u00e9s). Por ejemplo:<\/p>\n\n\n\n<p>Espa\u00f1ol: Te amo.<br\/>chino: \u6211\u7231\u4f60\u3002 W\u01d2 \u00e0i n\u01d0.<\/p>\n\n\n\n<p>Hay estructuras m\u00e1s complejas, pero desarrollar una base s\u00f3lida har\u00e1 que sean m\u00e1s f\u00e1ciles de comprender cuando progreses.<\/p>\n\n\n\n<h3 class=\"wp-block-heading\" id=\"h-2-particles-particles-everywhere\">2. \u00a1Part\u00edculas, part\u00edculas por todas partes!<\/h3>\n\n\n\n<p>En la gram\u00e1tica china, las part\u00edculas juegan un papel cr\u00edtico en la transmisi\u00f3n de significado. Una de las part\u00edculas m\u00e1s comunes es \u00ab\u4e86 (le)\u00bb, que se\u00f1ala una acci\u00f3n completada. Por ejemplo:<\/p>\n\n\n\n<p>\u6211\u5403\u4e86\u3002W\u01d2 ch\u012b le. &#8211; \u00abHe comido\u00bb.<\/p>\n\n\n\n<p>Otra part\u00edcula com\u00fan es \u00ab\u5427 (ba)\u00bb, que convierte una afirmaci\u00f3n en una sugerencia o pregunta:<\/p>\n\n\n\n<p>\u00a1\u8d70\u5427\uff01Z\u01d2u ba! &#8211; \u00ab\u00a1Vamos!\u00bb<\/p>\n\n\n\n<p>Comprender las funciones de varias part\u00edculas es clave para dominar los matices de la gram\u00e1tica china.<\/p>\n\n\n\n<h3 class=\"wp-block-heading\" id=\"h-3-measure-words-quality-not-quantity\">3. Palabras de medida: calidad, no cantidad<\/h3>\n\n\n\n<p>En chino, los sustantivos no tienen plural. En cambio, usan palabras de medida (tambi\u00e9n conocidas como clasificadores) para expresar la cantidad. Las palabras de medida se suman entre el n\u00famero y el sustantivo. Por ejemplo:<\/p>\n\n\n\n<p>\u4e00\u672c\u4e66 &#8211; Y\u012b b\u011bn sh\u016b &#8211; \u00abun libro\u00bb<\/p>\n\n\n\n<p>Note el uso de \u672c (b\u011bn) como la palabra de medida para los libros. Diferentes sustantivos requieren diferentes palabras de medida, y aunque esto pueda parecer desconcertante al principio, se convertir\u00e1 en algo natural con la pr\u00e1ctica.<\/p>\n\n\n\n<h3 class=\"wp-block-heading\" id=\"h-4-the-magic-of-compound-words\">4. La magia de las palabras compuestas<\/h3>\n\n\n\n<p>El chino est\u00e1 lleno de palabras compuestas, que se forman combinando dos o m\u00e1s caracteres. Esto no solo simplifica el aprendizaje de vocabulario, sino que tambi\u00e9n permite im\u00e1genes y contexto v\u00edvidos. Por ejemplo:<\/p>\n\n\n\n<p>\u706b\u8f66 &#8211; Hu\u01d2ch\u0113 &#8211; \u00abtren\u00bb (literalmente: \u00abveh\u00edculo de bomberos\u00bb)<br\/>\u7535\u8bdd &#8211; Di\u00e0nhu\u00e0 &#8211; \u00abtel\u00e9fono\u00bb (literalmente: \u00abhabla el\u00e9ctrica\u00bb)<\/p>\n\n\n\n<p>Si comprendes el significado de cada uno de los caracteres, podr\u00e1s deducir f\u00e1cilmente el significado de palabras compuestas con las que nunca te hab\u00edas topado.<\/p>\n\n\n\n<h3 class=\"wp-block-heading\" id=\"h-5-no-tenses-no-problem\">5. \u00bfSin tiempos verbales? \u00a1No hay problema!<\/h3>\n\n\n\n<p>Uno de los aspectos m\u00e1s refrescantes del chino es la falta de conjugaciones verbales para diferentes tiempos. Pero, \u00bfc\u00f3mo expresas el tiempo? \u00a1Sencillo! Simplemente incluya palabras que indiquen el marco de tiempo, como:<\/p>\n\n\n\n<p>\u6628\u5929 &#8211; Zu\u00f3ti\u0101n &#8211; \u00abayer\u00bb<br\/>\u660e\u5929 &#8211; M\u00edngti\u0101n &#8211; \u00abma\u00f1ana\u00bb<\/p>\n\n\n\n<p><strong>Por ejemplo:<\/strong><\/p>\n\n\n\n<p>\u6211\u6628\u5929\u5403\u4e86\u996d\u3002W\u01d2 zu\u00f3ti\u0101n ch\u012b le f\u00e0n. &#8211; \u00abAyer com\u00ed comida\u00bb.<br\/>\u6211\u660e\u5929\u5403\u996d\u3002W\u01d2 m\u00edngti\u0101n ch\u012b f\u00e0n. &#8211; \u00abComer\u00e9 comida ma\u00f1ana\u00bb.<\/p>\n\n\n\n<p>\u00a1Felicidades! Has dado los primeros pasos para dominar la gram\u00e1tica china. Recuerda: la pr\u00e1ctica hace al maestro. Por tanto, no reh\u00fayas explorar nuevas estructuras gramaticales, conversar con hablantes nativos y reforzar tus bases. El mundo del mandar\u00edn te espera: \u00a1feliz aprendizaje!<\/p>\n<\/div><\/div>\n\r\n<section class=\"learnNavigationSection\">\r\n            \r\n        <a href=\"https:\/\/talkpal.ai\/es\/aprender-chino\/\">\r\n            <div class=\"learnNavigationWrapper\">\r\n                <div class=\"learnNavigationContent\">\r\n                    <img decoding=\"async\" src=\"https:\/\/talkpal.ai\/wp-content\/uploads\/2024\/08\/Chinese.jpg\" alt=\"Chinese Flag\u00a0\">\r\n                    <div>\r\n                        <h4>Sobre el aprendizaje de chino<\/h4>\r\n                        <p>Desc\u00fabrelo todo sobre la gram\u00e1tica china.<\/p>\r\n                    <\/div>\r\n                <\/div>\r\n            <\/div>\r\n        <\/a>\r\n\r\n        \r\n        <a href=\"https:\/\/talkpal.ai\/es\/ejercicios-de-gramatica-china\/\">\r\n            <div class=\"learnNavigationWrapper\">\r\n                <div class=\"learnNavigationContent\">\r\n                    <img decoding=\"async\" src=\"https:\/\/talkpal.ai\/wp-content\/uploads\/2024\/08\/Chinese.jpg\" alt=\"Chinese Flag\u00a0\">\r\n                    <div>\r\n                        <h4>Ejercicio de gram\u00e1tica china<\/h4>\r\n                        <p>Practica la gram\u00e1tica china.<\/p>\r\n                    <\/div>\r\n                <\/div>\r\n            <\/div>\r\n        <\/a>\r\n\r\n        \r\n        <a href=\"https:\/\/talkpal.ai\/vocabulary_language\/chinese\/\">\r\n            <div class=\"learnNavigationWrapper\">\r\n                <div class=\"learnNavigationContent\">\r\n                    <img decoding=\"async\" src=\"https:\/\/talkpal.ai\/wp-content\/uploads\/2024\/08\/Chinese.jpg\" alt=\"Chinese Flag\u00a0\">\r\n                    <div>\r\n                        <h4>Vocabulario chino<\/h4>\r\n                        <p>Ampl\u00eda tu vocabulario de chino.<\/p>\r\n                    <\/div>\r\n                <\/div>\r\n            <\/div>\r\n        <\/a>\r\n\r\n            <\/section>","protected":false},"excerpt":{"rendered":"<p>Gram\u00e1tica china: la clave para dominar el mandar\u00edn \u00bfEres un estudiante de idiomas ambicioso que se ha propuesto dominar el mandar\u00edn? Si es as\u00ed, \u00a1felicidades! Abordar el chino es una manera fant\u00e1stica de ampliar su mentalidad global, conectarse con una amplia gama de oradores y desafiarse intelectualmente. Sin embargo, con 1.200 millones de hablantes nativos [&hellip;]<\/p>\n","protected":false},"author":1,"featured_media":11561,"parent":0,"menu_order":0,"comment_status":"closed","ping_status":"closed","template":"LearningContentPage.php","meta":{"_acf_changed":false,"footnotes":""},"class_list":["post-45196","page","type-page","status-publish","has-post-thumbnail","hentry"],"acf":[],"yoast_head":"<!-- This site is optimized with the Yoast SEO Premium plugin v27.2 (Yoast SEO v27.2) - https:\/\/yoast.com\/product\/yoast-seo-premium-wordpress\/ -->\n<title>Gram\u00e1tica china - Talkpal<\/title>\n<meta name=\"description\" content=\"Desvela los secretos de la gram\u00e1tica china para comprender mejor la lengua y la cultura chinas.\" \/>\n<meta name=\"robots\" content=\"index, follow, max-snippet:-1, max-image-preview:large, max-video-preview:-1\" \/>\n<link rel=\"canonical\" href=\"https:\/\/talkpal.ai\/es\/gramatica-china\/\" \/>\n<meta property=\"og:locale\" content=\"es_ES\" \/>\n<meta property=\"og:type\" content=\"article\" \/>\n<meta property=\"og:title\" content=\"Gram\u00e1tica china\" \/>\n<meta property=\"og:description\" content=\"Gram\u00e1tica china: la clave para dominar el mandar\u00edn \u00bfEres un estudiante de idiomas ambicioso que se ha propuesto dominar el mandar\u00edn? Si es as\u00ed,\" \/>\n<meta property=\"og:url\" content=\"https:\/\/talkpal.ai\/es\/gramatica-china\/\" \/>\n<meta property=\"og:site_name\" content=\"Talkpal\" \/>\n<meta property=\"article:publisher\" content=\"https:\/\/www.facebook.com\/profile.php?id=100090733639311\" \/>\n<meta property=\"article:modified_time\" content=\"2025-06-17T16:38:44+00:00\" \/>\n<meta property=\"og:image\" content=\"https:\/\/talkpal.ai\/wp-content\/uploads\/2023\/04\/china.png\" \/>\n\t<meta property=\"og:image:width\" content=\"512\" \/>\n\t<meta property=\"og:image:height\" content=\"512\" \/>\n\t<meta property=\"og:image:type\" content=\"image\/png\" \/>\n<meta name=\"twitter:card\" content=\"summary_large_image\" \/>\n<meta name=\"twitter:site\" content=\"@talkpalai\" \/>\n<meta name=\"twitter:label1\" content=\"Tiempo de lectura\" \/>\n\t<meta name=\"twitter:data1\" content=\"3 minutos\" \/>\n<script type=\"application\/ld+json\" class=\"yoast-schema-graph\">{\"@context\":\"https:\/\/schema.org\",\"@graph\":[{\"@type\":\"WebPage\",\"@id\":\"https:\/\/talkpal.ai\/es\/gramatica-china\/\",\"url\":\"https:\/\/talkpal.ai\/es\/gramatica-china\/\",\"name\":\"Gram\u00e1tica china - Talkpal\",\"isPartOf\":{\"@id\":\"https:\/\/talkpal.ai\/es\/#website\"},\"primaryImageOfPage\":{\"@id\":\"https:\/\/talkpal.ai\/es\/gramatica-china\/#primaryimage\"},\"image\":{\"@id\":\"https:\/\/talkpal.ai\/es\/gramatica-china\/#primaryimage\"},\"thumbnailUrl\":\"https:\/\/talkpal.ai\/wp-content\/uploads\/2023\/04\/china.png\",\"datePublished\":\"2023-05-14T13:48:36+00:00\",\"dateModified\":\"2025-06-17T16:38:44+00:00\",\"description\":\"Desvela los secretos de la gram\u00e1tica china para comprender mejor la lengua y la cultura chinas.\",\"breadcrumb\":{\"@id\":\"https:\/\/talkpal.ai\/es\/gramatica-china\/#breadcrumb\"},\"inLanguage\":\"es\",\"potentialAction\":[{\"@type\":\"ReadAction\",\"target\":[\"https:\/\/talkpal.ai\/es\/gramatica-china\/\"]}]},{\"@type\":\"ImageObject\",\"inLanguage\":\"es\",\"@id\":\"https:\/\/talkpal.ai\/es\/gramatica-china\/#primaryimage\",\"url\":\"https:\/\/talkpal.ai\/wp-content\/uploads\/2023\/04\/china.png\",\"contentUrl\":\"https:\/\/talkpal.ai\/wp-content\/uploads\/2023\/04\/china.png\",\"width\":512,\"height\":512},{\"@type\":\"BreadcrumbList\",\"@id\":\"https:\/\/talkpal.ai\/es\/gramatica-china\/#breadcrumb\",\"itemListElement\":[{\"@type\":\"ListItem\",\"position\":1,\"name\":\"Homepage\",\"item\":\"https:\/\/talkpal.ai\/es\/\"},{\"@type\":\"ListItem\",\"position\":2,\"name\":\"Gram\u00e1tica china\"}]},{\"@type\":\"WebSite\",\"@id\":\"https:\/\/talkpal.ai\/es\/#website\",\"url\":\"https:\/\/talkpal.ai\/es\/\",\"name\":\"Talkpal\",\"description\":\"AI Language Learning\",\"publisher\":{\"@id\":\"https:\/\/talkpal.ai\/es\/#organization\"},\"alternateName\":\"Talkpal AI\",\"potentialAction\":[{\"@type\":\"SearchAction\",\"target\":{\"@type\":\"EntryPoint\",\"urlTemplate\":\"https:\/\/talkpal.ai\/es\/?s={search_term_string}\"},\"query-input\":{\"@type\":\"PropertyValueSpecification\",\"valueRequired\":true,\"valueName\":\"search_term_string\"}}],\"inLanguage\":\"es\"},{\"@type\":\"Organization\",\"@id\":\"https:\/\/talkpal.ai\/es\/#organization\",\"name\":\"Talkpal, Inc.\",\"alternateName\":\"Talkpal AI\",\"url\":\"https:\/\/talkpal.ai\/es\/\",\"logo\":{\"@type\":\"ImageObject\",\"inLanguage\":\"es\",\"@id\":\"https:\/\/talkpal.ai\/es\/#\/schema\/logo\/image\/\",\"url\":\"https:\/\/talkpal.ai\/wp-content\/uploads\/2024\/03\/Talkpal-Logo-Icon.png\",\"contentUrl\":\"https:\/\/talkpal.ai\/wp-content\/uploads\/2024\/03\/Talkpal-Logo-Icon.png\",\"width\":2880,\"height\":2880,\"caption\":\"Talkpal, Inc.\"},\"image\":{\"@id\":\"https:\/\/talkpal.ai\/es\/#\/schema\/logo\/image\/\"},\"sameAs\":[\"https:\/\/www.facebook.com\/profile.php?id=100090733639311\",\"https:\/\/x.com\/talkpalai\",\"https:\/\/www.linkedin.com\/company\/talkpal\/\",\"https:\/\/www.youtube.com\/@TalkPal\/\",\"https:\/\/www.tiktok.com\/@talkpal\",\"https:\/\/www.instagram.com\/talkpal_ai\/\",\"https:\/\/www.crunchbase.com\/organization\/talkpal-9cde\",\"https:\/\/www.g2.com\/products\/talkpal-for-business\/\",\"https:\/\/www.trustpilot.com\/review\/talkpal.ai\",\"https:\/\/www.capterra.com\/p\/10006800\/TalkPal\/\"],\"description\":\"Talkpal is a language learning web and mobile education app, powered by the latest AI technologies, that provides engaging experiences to its customers in many different languages to help them improve their language skills. Users can chat about unlimited amount of topics with the app and use other modes to practice their language learning.\",\"email\":\"support@talkpal.ai\",\"legalName\":\"Talkpal, Inc.\",\"foundingDate\":\"2023-04-03\",\"duns\":\"118989042\",\"numberOfEmployees\":{\"@type\":\"QuantitativeValue\",\"minValue\":\"11\",\"maxValue\":\"50\"},\"publishingPrinciples\":\"https:\/\/talkpal.ai\/publishing-principles\/\",\"actionableFeedbackPolicy\":\"https:\/\/talkpal.ai\/actionable-feedback-policy\/\",\"correctionsPolicy\":\"https:\/\/talkpal.ai\/corrections-policy\/\",\"ethicsPolicy\":\"https:\/\/talkpal.ai\/ethics-policy\/\",\"diversityPolicy\":\"https:\/\/talkpal.ai\/diversity-policy\/\",\"diversityStaffingReport\":\"https:\/\/talkpal.ai\/diversity-policy\/\"}]}<\/script>\n<!-- \/ Yoast SEO Premium plugin. -->","yoast_head_json":{"title":"Gram\u00e1tica china - Talkpal","description":"Desvela los secretos de la gram\u00e1tica china para comprender mejor la lengua y la cultura chinas.","robots":{"index":"index","follow":"follow","max-snippet":"max-snippet:-1","max-image-preview":"max-image-preview:large","max-video-preview":"max-video-preview:-1"},"canonical":"https:\/\/talkpal.ai\/es\/gramatica-china\/","og_locale":"es_ES","og_type":"article","og_title":"Gram\u00e1tica china","og_description":"Gram\u00e1tica china: la clave para dominar el mandar\u00edn \u00bfEres un estudiante de idiomas ambicioso que se ha propuesto dominar el mandar\u00edn? Si es as\u00ed,","og_url":"https:\/\/talkpal.ai\/es\/gramatica-china\/","og_site_name":"Talkpal","article_publisher":"https:\/\/www.facebook.com\/profile.php?id=100090733639311","article_modified_time":"2025-06-17T16:38:44+00:00","og_image":[{"width":512,"height":512,"url":"https:\/\/talkpal.ai\/wp-content\/uploads\/2023\/04\/china.png","type":"image\/png"}],"twitter_card":"summary_large_image","twitter_site":"@talkpalai","twitter_misc":{"Tiempo de lectura":"3 minutos"},"schema":{"@context":"https:\/\/schema.org","@graph":[{"@type":"WebPage","@id":"https:\/\/talkpal.ai\/es\/gramatica-china\/","url":"https:\/\/talkpal.ai\/es\/gramatica-china\/","name":"Gram\u00e1tica china - Talkpal","isPartOf":{"@id":"https:\/\/talkpal.ai\/es\/#website"},"primaryImageOfPage":{"@id":"https:\/\/talkpal.ai\/es\/gramatica-china\/#primaryimage"},"image":{"@id":"https:\/\/talkpal.ai\/es\/gramatica-china\/#primaryimage"},"thumbnailUrl":"https:\/\/talkpal.ai\/wp-content\/uploads\/2023\/04\/china.png","datePublished":"2023-05-14T13:48:36+00:00","dateModified":"2025-06-17T16:38:44+00:00","description":"Desvela los secretos de la gram\u00e1tica china para comprender mejor la lengua y la cultura chinas.","breadcrumb":{"@id":"https:\/\/talkpal.ai\/es\/gramatica-china\/#breadcrumb"},"inLanguage":"es","potentialAction":[{"@type":"ReadAction","target":["https:\/\/talkpal.ai\/es\/gramatica-china\/"]}]},{"@type":"ImageObject","inLanguage":"es","@id":"https:\/\/talkpal.ai\/es\/gramatica-china\/#primaryimage","url":"https:\/\/talkpal.ai\/wp-content\/uploads\/2023\/04\/china.png","contentUrl":"https:\/\/talkpal.ai\/wp-content\/uploads\/2023\/04\/china.png","width":512,"height":512},{"@type":"BreadcrumbList","@id":"https:\/\/talkpal.ai\/es\/gramatica-china\/#breadcrumb","itemListElement":[{"@type":"ListItem","position":1,"name":"Homepage","item":"https:\/\/talkpal.ai\/es\/"},{"@type":"ListItem","position":2,"name":"Gram\u00e1tica china"}]},{"@type":"WebSite","@id":"https:\/\/talkpal.ai\/es\/#website","url":"https:\/\/talkpal.ai\/es\/","name":"Talkpal","description":"AI Language Learning","publisher":{"@id":"https:\/\/talkpal.ai\/es\/#organization"},"alternateName":"Talkpal AI","potentialAction":[{"@type":"SearchAction","target":{"@type":"EntryPoint","urlTemplate":"https:\/\/talkpal.ai\/es\/?s={search_term_string}"},"query-input":{"@type":"PropertyValueSpecification","valueRequired":true,"valueName":"search_term_string"}}],"inLanguage":"es"},{"@type":"Organization","@id":"https:\/\/talkpal.ai\/es\/#organization","name":"Talkpal, Inc.","alternateName":"Talkpal AI","url":"https:\/\/talkpal.ai\/es\/","logo":{"@type":"ImageObject","inLanguage":"es","@id":"https:\/\/talkpal.ai\/es\/#\/schema\/logo\/image\/","url":"https:\/\/talkpal.ai\/wp-content\/uploads\/2024\/03\/Talkpal-Logo-Icon.png","contentUrl":"https:\/\/talkpal.ai\/wp-content\/uploads\/2024\/03\/Talkpal-Logo-Icon.png","width":2880,"height":2880,"caption":"Talkpal, Inc."},"image":{"@id":"https:\/\/talkpal.ai\/es\/#\/schema\/logo\/image\/"},"sameAs":["https:\/\/www.facebook.com\/profile.php?id=100090733639311","https:\/\/x.com\/talkpalai","https:\/\/www.linkedin.com\/company\/talkpal\/","https:\/\/www.youtube.com\/@TalkPal\/","https:\/\/www.tiktok.com\/@talkpal","https:\/\/www.instagram.com\/talkpal_ai\/","https:\/\/www.crunchbase.com\/organization\/talkpal-9cde","https:\/\/www.g2.com\/products\/talkpal-for-business\/","https:\/\/www.trustpilot.com\/review\/talkpal.ai","https:\/\/www.capterra.com\/p\/10006800\/TalkPal\/"],"description":"Talkpal is a language learning web and mobile education app, powered by the latest AI technologies, that provides engaging experiences to its customers in many different languages to help them improve their language skills. Users can chat about unlimited amount of topics with the app and use other modes to practice their language learning.","email":"support@talkpal.ai","legalName":"Talkpal, Inc.","foundingDate":"2023-04-03","duns":"118989042","numberOfEmployees":{"@type":"QuantitativeValue","minValue":"11","maxValue":"50"},"publishingPrinciples":"https:\/\/talkpal.ai\/publishing-principles\/","actionableFeedbackPolicy":"https:\/\/talkpal.ai\/actionable-feedback-policy\/","correctionsPolicy":"https:\/\/talkpal.ai\/corrections-policy\/","ethicsPolicy":"https:\/\/talkpal.ai\/ethics-policy\/","diversityPolicy":"https:\/\/talkpal.ai\/diversity-policy\/","diversityStaffingReport":"https:\/\/talkpal.ai\/diversity-policy\/"}]}},"_links":{"self":[{"href":"https:\/\/talkpal.ai\/es\/wp-json\/wp\/v2\/pages\/45196","targetHints":{"allow":["GET"]}}],"collection":[{"href":"https:\/\/talkpal.ai\/es\/wp-json\/wp\/v2\/pages"}],"about":[{"href":"https:\/\/talkpal.ai\/es\/wp-json\/wp\/v2\/types\/page"}],"author":[{"embeddable":true,"href":"https:\/\/talkpal.ai\/es\/wp-json\/wp\/v2\/users\/1"}],"replies":[{"embeddable":true,"href":"https:\/\/talkpal.ai\/es\/wp-json\/wp\/v2\/comments?post=45196"}],"version-history":[{"count":0,"href":"https:\/\/talkpal.ai\/es\/wp-json\/wp\/v2\/pages\/45196\/revisions"}],"wp:featuredmedia":[{"embeddable":true,"href":"https:\/\/talkpal.ai\/es\/wp-json\/wp\/v2\/media\/11561"}],"wp:attachment":[{"href":"https:\/\/talkpal.ai\/es\/wp-json\/wp\/v2\/media?parent=45196"}],"curies":[{"name":"wp","href":"https:\/\/api.w.org\/{rel}","templated":true}]}}