{"id":45190,"date":"2023-05-14T13:52:49","date_gmt":"2023-05-14T13:52:49","guid":{"rendered":"http:\/\/talkpal.ai\/gramatica-rusa\/"},"modified":"2025-12-13T15:15:22","modified_gmt":"2025-12-13T15:15:22","slug":"gramatica-rusa","status":"publish","type":"page","link":"https:\/\/talkpal.ai\/es\/gramatica-rusa\/","title":{"rendered":"Gram\u00e1tica rusa"},"content":{"rendered":"\r\n\r\n\r\n<section class=\"languageChallengeSection\">\r\n    <div class=\"languageInfoWrapper\">\r\n        \r\n        <h1>Gram\u00e1tica rusa<\/h1>\r\n        <p>Comienza tu aventura en la lengua rusa y \u00e1brete las puertas a una rica cultura e historia. Dominar la gram\u00e1tica y el vocabulario rusos mejorar\u00e1 tus oportunidades de viajar, hacer carrera y comunicarte. \u00a1Empieza a aprender <a href=\"https:\/\/talkpal.ai\/learn-russian\/\">ruso<\/a> hoy mismo y da el primer paso hacia la fluidez!\n\n<\/p>\r\n\r\n                            <a class=\"getStartedHidden\" href=\"https:\/\/app.talkpal.ai\/es-es\/signup?lng=\">Comenzar<\/a>\r\n        \r\n    <\/div>\r\n\r\n    <figure>\r\n    <img decoding=\"async\" width=\"768\" height=\"768\" src=\"https:\/\/talkpal.ai\/wp-content\/uploads\/2023\/06\/russian-768x768.png\" class=\"languageImage no-lazy\" alt=\"Default alt text\" fetchpriority=\"high\" sizes=\"(max-width: 768px) 150px, 768px\" srcset=\"https:\/\/talkpal.ai\/wp-content\/uploads\/2023\/06\/russian-768x768.png 768w, https:\/\/talkpal.ai\/wp-content\/uploads\/2023\/06\/russian-300x300.png 300w\" \/>\r\n    \r\n\r\n    <\/figure>\r\n\r\n            <a class=\"getStartedVisible\" href=\"https:\/\/app.talkpal.ai\/es-es\/signup?lng=\">Comenzar<\/a>\r\n    \r\n<\/section>\r\n        <section class=\"grammarSection\">\r\n            <div class=\"grammarLinks\">\r\n                <a href=\"https:\/\/talkpal.ai\/es\/language\/adjetivos-gramatica-rusa\/\">Adjetivos <\/a><a href=\"https:\/\/talkpal.ai\/es\/language\/adverbios-gramatica-rusa\/\">Adverbios <\/a><a href=\"https:\/\/talkpal.ai\/es\/language\/articulos-gramatica-rusa\/\">Art\u00edculos <\/a><a href=\"https:\/\/talkpal.ai\/es\/language\/comparacion-de-tiempos-gramatica-rusa\/\">Comparaci\u00f3n de tiempos <\/a><a href=\"https:\/\/talkpal.ai\/es\/language\/estructura-de-la-oracion-gramatica-rusa\/\">Estructura de la oraci\u00f3n <\/a><a href=\"https:\/\/talkpal.ai\/es\/language\/preposiciones-gramatica-rusa\/\">Preposiciones <\/a><a href=\"https:\/\/talkpal.ai\/es\/language\/pronombres-gramatica-rusa\/\">Pronombres <\/a><a href=\"https:\/\/talkpal.ai\/es\/language\/sustantivos-gramatica-rusa\/\">Sustantivos <\/a><a href=\"https:\/\/talkpal.ai\/es\/language\/tiempos-subjuntivos-gramatica-rusa\/\">Tiempos subjuntivos <\/a><a href=\"https:\/\/talkpal.ai\/es\/language\/tiempos-verbales-indicativos-gramatica-rusa\/\">Tiempos Verbales Indicativos <\/a><a href=\"https:\/\/talkpal.ai\/es\/language\/verbos-gramatica-rusa\/\">Verbos <\/a>            <\/div>\r\n        <\/section>\r\n    <section class=\"promotionalBanner\">\r\n    <p class=\"promotionalText\">La forma m\u00e1s eficiente de aprender un idioma<\/p>\r\n    <a class=\"promotionalLink\" href=\"https:\/\/app.talkpal.ai\/es-es\/signup?lng=\">Prueba Talkpal gratis<\/a>\r\n<\/section>\n<div class=\"wp-block-group pageContainerStyle\"><div class=\"wp-block-group__inner-container is-layout-constrained wp-block-group-is-layout-constrained\">\n<h1 class=\"wp-block-heading\" id=\"h-russian-grammar-unlock-the-secrets-to-mastering-russian\">Gram\u00e1tica rusa: descubre los secretos para dominar el ruso<\/h1>\n\n\n\n<p>\u00a1Felicitaciones por dar <a href=\"https:\/\/talkpal.ai\/locations\/language-courses-in-el-paso\/\">el paso<\/a> audaz hacia el aprendizaje del ruso! Con m\u00e1s de 258 millones de hablantes en todo el mundo, el ruso es un idioma fascinante y gratificante que ofrece informaci\u00f3n sobre una rica cultura e historia. Cuando se trata de <a href=\"https:\/\/talkpal.ai\/russian-grammar\/\">gram\u00e1tica rusa<\/a>, puede parecer intimidante, \u00a1pero no temas! Esta simp\u00e1tica gu\u00eda para principiantes desglosa lo esencial de la <a href=\"https:\/\/talkpal.ai\/russian-grammar\/\">gram\u00e1tica rusa<\/a> de forma sencilla y atractiva.<\/p>\n\n\n\n<h3 class=\"wp-block-heading\" id=\"h-1-the-russian-alphabet-your-starting-point\">1. El alfabeto ruso: tu punto de partida<\/h3>\n\n\n\n<p>La clave para navegar por la gram\u00e1tica rusa es dominar el alfabeto cir\u00edlico. Con 33 letras, 10 vocales y 21 consonantes, forma la base para <a href=\"https:\/\/talkpal.ai\/locations\/language-courses-in-leer\/\">leer<\/a>, escribir y comprender el idioma. Familiarizarse con el alfabeto crear\u00e1 una base s\u00f3lida para desarrollar sus <a href=\"https:\/\/talkpal.ai\/fr\/grammaire\/\">habilidades gramaticales<\/a> rusas.<\/p>\n\n\n\n<h3 class=\"wp-block-heading\" id=\"h-2-nouns-and-cases-the-core-of-russian-grammar\">2. Sustantivos y casos: el n\u00facleo de la gram\u00e1tica rusa<\/h3>\n\n\n\n<p>La gram\u00e1tica rusa enfatiza el uso de casos para transmitir significado y contexto. Con seis casos: Nominativo, Genitivo, Dativo, Acusativo, Instrumental y Preposicional, los sustantivos rusos cambian sus finales para mostrar su funci\u00f3n en una oraci\u00f3n. Por lo tanto, el orden de las palabras se vuelve menos cr\u00edtico que en <a href=\"https:\/\/talkpal.ai\/es\/locations\/aprende-ingles-en-orange\/\">ingl\u00e9s<\/a>. Por ejemplo:<\/p>\n\n\n\n<p><a href=\"https:\/\/talkpal.ai\/es\/locations\/aprende-ingles-en-orange\/\">Ingl\u00e9s<\/a>: Le doy un libro a un amigo.<\/p>\n\n\n\n<p>ruso: \u042f \u0434\u0430\u044e \u0434\u0440\u0443\u0433\u0443 \u043a\u043d\u0438\u0433\u0443 (Ya dayu drugu knigu)<\/p>\n\n\n\n<p>Aqu\u00ed, \u00ab\u0434\u0440\u0443\u0433\u0443\u00bb (a un amigo) y \u00ab\u043a\u043d\u0438\u0433\u0443\u00bb (libro) est\u00e1n en los casos <a href=\"https:\/\/talkpal.ai\/es\/dativo-y-acusativo-en-aleman-guia-facil-para-dominar-ambos-casos\/\">dativo y acusativo<\/a>, respectivamente.<\/p>\n\n\n\n<h3 class=\"wp-block-heading\" id=\"h-3-mastering-gender-and-plurals\">3. Dominar el g\u00e9nero y los plurales<\/h3>\n\n\n\n<p>En la gram\u00e1tica rusa, a los sustantivos se les asigna uno de tres g\u00e9neros: masculino, femenino o neutro. La terminaci\u00f3n de un sustantivo t\u00edpicamente indica su g\u00e9nero:<\/p>\n\n\n\n<p>&#8211; Masculino: termina en consonante o \u00ab-\u0439\u00bb<\/p>\n\n\n\n<p>&#8211; Femenino: termina en \u00ab-\u0430\u00bb o \u00ab-\u044f\u00bb<\/p>\n\n\n\n<p>&#8211; Neutro: termina en \u00ab-\u043e\u00bb o \u00ab-\u0435\u00bb<\/p>\n\n\n\n<p>Para formar plurales, las terminaciones de los sustantivos cambian seg\u00fan su g\u00e9nero y el caso en el que se encuentran.<\/p>\n\n\n\n<h3 class=\"wp-block-heading\" id=\"h-4-conquer-verb-conjugation\">4. Conquista la conjugaci\u00f3n verbal<\/h3>\n\n\n\n<p>Al igual que muchos idiomas, los verbos rusos cambian de forma (conjugaci\u00f3n) seg\u00fan el tiempo, la persona y el n\u00famero. Los verbos rusos tambi\u00e9n vienen en dos aspectos: perfectivo e imperfectivo. El aspecto perfectivo se\u00f1ala una acci\u00f3n completada, mientras que el aspecto imperfectivo se refiere a acciones continuas o habituales.<\/p>\n\n\n\n<p>Para empezar, conc\u00e9ntrese en comprender la conjugaci\u00f3n del tiempo presente para los verbos imperfectivos y el tiempo pasado para ambos aspectos. Por ejemplo:<\/p>\n\n\n\n<p>Presente (Imperfectivo): \u042f \u0447\u0438\u0442\u0430\u044e (Ya chitayu) &#8211; \u00abLeo\u00bb o \u00abEstoy leyendo\u00bb<\/p>\n\n\n\n<p>Tiempo pasado (Imperfectivo): \u042f \u0447\u0438\u0442\u0430\u043b (Ya chital) &#8211; \u00abEstaba leyendo\u00bb<\/p>\n\n\n\n<p>Tiempo pasado (Perfectivo): \u042f \u043f\u0440\u043e\u0447\u0438\u0442\u0430\u043b (Ya prochital) &#8211; \u00abHe le\u00eddo\u00bb o \u00abLe\u00ed (y termin\u00e9)\u00bb<\/p>\n\n\n\n<h3 class=\"wp-block-heading\" id=\"h-5-embrace-russian-pronouns\">5. Abraza los pronombres rusos<\/h3>\n\n\n\n<p>Los pronombres en la gram\u00e1tica rusa reemplazan a los sustantivos y son cruciales para un habla fluida. Sum\u00e9rgete en el aprendizaje de pronombres personales y posesivos, como:<\/p>\n\n\n\n<p>Pronombres personales: \u044f (yo), \u0442\u044b (t\u00fa, informal), \u043e\u043d\/\u043e\u043d\u0430\/\u043e\u043d\u043e (\u00e9l\/ella\/eso), \u0432\u044b (t\u00fa, formal o plural), \u043c\u044b (nosotros), \u043e\u043d\u0438 (ellos)<\/p>\n\n\n\n<p>Pronombres posesivos: \u043c\u043e\u0439\/\u043c\u043e\u044f\/\u043c\u043e\u0451 (mi), \u0442\u0432\u043e\u0439\/\u0442\u0432\u043e\u044f\/\u0442\u0432\u043e\u0451 (su, informal), \u0435\u0433\u043e\/\u0435\u0451\/\u0438\u0445 (su\/su), \u0432\u0430\u0448\/\u0432\u0430\u0448\u0430\/\u0432\u0430\u0448\u0435 (su, formal o plural), \u043d\u0430\u0448\/\u043d\u0430\u0448\u0430\/\u043d\u0430\u0448\u0435 (nuestro)<\/p>\n\n\n\n<p>No olvides que los pronombres rusos deben concordar con el g\u00e9nero y el caso del sustantivo al que sustituyen.<\/p>\n\n\n\n<p>\u00a1Felicidades! Has dado los primeros pasos para dominar las complejidades de la gram\u00e1tica rusa. Recuerde, la pr\u00e1ctica es fundamental, as\u00ed que profundice en el idioma, interact\u00fae con hablantes nativos y refuerce su base de aprendizaje. \u0423\u0434\u0430\u0447\u0438! (\u00a1Buena suerte!)<\/p>\n<\/div><\/div>\n\r\n<section class=\"learnNavigationSection\">\r\n            \r\n        <a href=\"https:\/\/talkpal.ai\/es\/aprender-ruso\/\">\r\n            <div class=\"learnNavigationWrapper\">\r\n                <div class=\"learnNavigationContent\">\r\n                    <img decoding=\"async\" src=\"https:\/\/talkpal.ai\/wp-content\/uploads\/2024\/08\/Russian.jpg\" alt=\"Russian Flag\">\r\n                    <div>\r\n                        <h4>Sobre el aprendizaje del ruso<\/h4>\r\n                        <p>Desc\u00fabralo todo sobre la gram\u00e1tica rusa.<\/p>\r\n                    <\/div>\r\n                <\/div>\r\n            <\/div>\r\n        <\/a>\r\n\r\n        \r\n        <a href=\"https:\/\/talkpal.ai\/es\/ejercicios-de-gramatica-rusa\/\">\r\n            <div class=\"learnNavigationWrapper\">\r\n                <div class=\"learnNavigationContent\">\r\n                    <img decoding=\"async\" src=\"https:\/\/talkpal.ai\/wp-content\/uploads\/2024\/08\/Russian.jpg\" alt=\"Russian Flag\">\r\n                    <div>\r\n                        <h4>Ejercicio de gram\u00e1tica rusa<\/h4>\r\n                        <p>Practica la gram\u00e1tica rusa.<\/p>\r\n                    <\/div>\r\n                <\/div>\r\n            <\/div>\r\n        <\/a>\r\n\r\n        \r\n        <a href=\"https:\/\/talkpal.ai\/vocabulary_language\/russian\/\">\r\n            <div class=\"learnNavigationWrapper\">\r\n                <div class=\"learnNavigationContent\">\r\n                    <img decoding=\"async\" src=\"https:\/\/talkpal.ai\/wp-content\/uploads\/2024\/08\/Russian.jpg\" alt=\"Russian Flag\">\r\n                    <div>\r\n                        <h4>Vocabulario ruso<\/h4>\r\n                        <p>Ampl\u00eda tu vocabulario ruso.<\/p>\r\n                    <\/div>\r\n                <\/div>\r\n            <\/div>\r\n        <\/a>\r\n\r\n            <\/section>","protected":false},"excerpt":{"rendered":"<p>Gram\u00e1tica rusa: descubre los secretos para dominar el ruso \u00a1Felicitaciones por dar el paso audaz hacia el aprendizaje del ruso! Con m\u00e1s de 258 millones de hablantes en todo el mundo, el ruso es un idioma fascinante y gratificante que ofrece informaci\u00f3n sobre una rica cultura e historia. Cuando se trata de gram\u00e1tica rusa, puede [&hellip;]<\/p>\n","protected":false},"author":1,"featured_media":11603,"parent":0,"menu_order":0,"comment_status":"closed","ping_status":"closed","template":"LearningContentPage.php","meta":{"_acf_changed":false,"footnotes":""},"class_list":["post-45190","page","type-page","status-publish","has-post-thumbnail","hentry"],"acf":[],"yoast_head":"<!-- This site is optimized with the Yoast SEO Premium plugin v27.2 (Yoast SEO v27.2) - https:\/\/yoast.com\/product\/yoast-seo-premium-wordpress\/ -->\n<title>Gram\u00e1tica rusa - Talkpal<\/title>\n<meta name=\"description\" content=\"Descubre el mundo de la gram\u00e1tica rusa con nuestra gu\u00eda para principiantes. Domina el alfabeto cir\u00edlico y mejora tus conocimientos ling\u00fc\u00edsticos.\" \/>\n<meta name=\"robots\" content=\"index, follow, max-snippet:-1, max-image-preview:large, max-video-preview:-1\" \/>\n<link rel=\"canonical\" href=\"https:\/\/talkpal.ai\/es\/gramatica-rusa\/\" \/>\n<meta property=\"og:locale\" content=\"es_ES\" \/>\n<meta property=\"og:type\" content=\"article\" \/>\n<meta property=\"og:title\" content=\"Gram\u00e1tica rusa\" \/>\n<meta property=\"og:description\" content=\"Gram\u00e1tica rusa: descubre los secretos para dominar el ruso \u00a1Felicitaciones por dar el paso audaz hacia el aprendizaje del ruso! Con m\u00e1s de 258 millones de\" \/>\n<meta property=\"og:url\" content=\"https:\/\/talkpal.ai\/es\/gramatica-rusa\/\" \/>\n<meta property=\"og:site_name\" content=\"Talkpal\" \/>\n<meta property=\"article:publisher\" content=\"https:\/\/www.facebook.com\/profile.php?id=100090733639311\" \/>\n<meta property=\"article:modified_time\" content=\"2025-12-13T15:15:22+00:00\" \/>\n<meta property=\"og:image\" content=\"https:\/\/talkpal.ai\/wp-content\/uploads\/2023\/04\/rusia.png\" \/>\n\t<meta property=\"og:image:width\" content=\"512\" \/>\n\t<meta property=\"og:image:height\" content=\"512\" \/>\n\t<meta property=\"og:image:type\" content=\"image\/png\" \/>\n<meta name=\"twitter:card\" content=\"summary_large_image\" \/>\n<meta name=\"twitter:site\" content=\"@talkpalai\" \/>\n<meta name=\"twitter:label1\" content=\"Tiempo de lectura\" \/>\n\t<meta name=\"twitter:data1\" content=\"3 minutos\" \/>\n<script type=\"application\/ld+json\" class=\"yoast-schema-graph\">{\"@context\":\"https:\/\/schema.org\",\"@graph\":[{\"@type\":\"WebPage\",\"@id\":\"https:\/\/talkpal.ai\/es\/gramatica-rusa\/\",\"url\":\"https:\/\/talkpal.ai\/es\/gramatica-rusa\/\",\"name\":\"Gram\u00e1tica rusa - Talkpal\",\"isPartOf\":{\"@id\":\"https:\/\/talkpal.ai\/es\/#website\"},\"primaryImageOfPage\":{\"@id\":\"https:\/\/talkpal.ai\/es\/gramatica-rusa\/#primaryimage\"},\"image\":{\"@id\":\"https:\/\/talkpal.ai\/es\/gramatica-rusa\/#primaryimage\"},\"thumbnailUrl\":\"https:\/\/talkpal.ai\/wp-content\/uploads\/2023\/04\/rusia.png\",\"datePublished\":\"2023-05-14T13:52:49+00:00\",\"dateModified\":\"2025-12-13T15:15:22+00:00\",\"description\":\"Descubre el mundo de la gram\u00e1tica rusa con nuestra gu\u00eda para principiantes. Domina el alfabeto cir\u00edlico y mejora tus conocimientos ling\u00fc\u00edsticos.\",\"breadcrumb\":{\"@id\":\"https:\/\/talkpal.ai\/es\/gramatica-rusa\/#breadcrumb\"},\"inLanguage\":\"es\",\"potentialAction\":[{\"@type\":\"ReadAction\",\"target\":[\"https:\/\/talkpal.ai\/es\/gramatica-rusa\/\"]}]},{\"@type\":\"ImageObject\",\"inLanguage\":\"es\",\"@id\":\"https:\/\/talkpal.ai\/es\/gramatica-rusa\/#primaryimage\",\"url\":\"https:\/\/talkpal.ai\/wp-content\/uploads\/2023\/04\/rusia.png\",\"contentUrl\":\"https:\/\/talkpal.ai\/wp-content\/uploads\/2023\/04\/rusia.png\",\"width\":512,\"height\":512},{\"@type\":\"BreadcrumbList\",\"@id\":\"https:\/\/talkpal.ai\/es\/gramatica-rusa\/#breadcrumb\",\"itemListElement\":[{\"@type\":\"ListItem\",\"position\":1,\"name\":\"Homepage\",\"item\":\"https:\/\/talkpal.ai\/es\/\"},{\"@type\":\"ListItem\",\"position\":2,\"name\":\"Gram\u00e1tica rusa\"}]},{\"@type\":\"WebSite\",\"@id\":\"https:\/\/talkpal.ai\/es\/#website\",\"url\":\"https:\/\/talkpal.ai\/es\/\",\"name\":\"Talkpal\",\"description\":\"AI Language Learning\",\"publisher\":{\"@id\":\"https:\/\/talkpal.ai\/es\/#organization\"},\"alternateName\":\"Talkpal AI\",\"potentialAction\":[{\"@type\":\"SearchAction\",\"target\":{\"@type\":\"EntryPoint\",\"urlTemplate\":\"https:\/\/talkpal.ai\/es\/?s={search_term_string}\"},\"query-input\":{\"@type\":\"PropertyValueSpecification\",\"valueRequired\":true,\"valueName\":\"search_term_string\"}}],\"inLanguage\":\"es\"},{\"@type\":\"Organization\",\"@id\":\"https:\/\/talkpal.ai\/es\/#organization\",\"name\":\"Talkpal, Inc.\",\"alternateName\":\"Talkpal AI\",\"url\":\"https:\/\/talkpal.ai\/es\/\",\"logo\":{\"@type\":\"ImageObject\",\"inLanguage\":\"es\",\"@id\":\"https:\/\/talkpal.ai\/es\/#\/schema\/logo\/image\/\",\"url\":\"https:\/\/talkpal.ai\/wp-content\/uploads\/2024\/03\/Talkpal-Logo-Icon.png\",\"contentUrl\":\"https:\/\/talkpal.ai\/wp-content\/uploads\/2024\/03\/Talkpal-Logo-Icon.png\",\"width\":2880,\"height\":2880,\"caption\":\"Talkpal, Inc.\"},\"image\":{\"@id\":\"https:\/\/talkpal.ai\/es\/#\/schema\/logo\/image\/\"},\"sameAs\":[\"https:\/\/www.facebook.com\/profile.php?id=100090733639311\",\"https:\/\/x.com\/talkpalai\",\"https:\/\/www.linkedin.com\/company\/talkpal\/\",\"https:\/\/www.youtube.com\/@TalkPal\/\",\"https:\/\/www.tiktok.com\/@talkpal\",\"https:\/\/www.instagram.com\/talkpal_ai\/\",\"https:\/\/www.crunchbase.com\/organization\/talkpal-9cde\",\"https:\/\/www.g2.com\/products\/talkpal-for-business\/\",\"https:\/\/www.trustpilot.com\/review\/talkpal.ai\",\"https:\/\/www.capterra.com\/p\/10006800\/TalkPal\/\"],\"description\":\"Talkpal is a language learning web and mobile education app, powered by the latest AI technologies, that provides engaging experiences to its customers in many different languages to help them improve their language skills. Users can chat about unlimited amount of topics with the app and use other modes to practice their language learning.\",\"email\":\"support@talkpal.ai\",\"legalName\":\"Talkpal, Inc.\",\"foundingDate\":\"2023-04-03\",\"duns\":\"118989042\",\"numberOfEmployees\":{\"@type\":\"QuantitativeValue\",\"minValue\":\"11\",\"maxValue\":\"50\"},\"publishingPrinciples\":\"https:\/\/talkpal.ai\/publishing-principles\/\",\"actionableFeedbackPolicy\":\"https:\/\/talkpal.ai\/actionable-feedback-policy\/\",\"correctionsPolicy\":\"https:\/\/talkpal.ai\/corrections-policy\/\",\"ethicsPolicy\":\"https:\/\/talkpal.ai\/ethics-policy\/\",\"diversityPolicy\":\"https:\/\/talkpal.ai\/diversity-policy\/\",\"diversityStaffingReport\":\"https:\/\/talkpal.ai\/diversity-policy\/\"}]}<\/script>\n<!-- \/ Yoast SEO Premium plugin. -->","yoast_head_json":{"title":"Gram\u00e1tica rusa - Talkpal","description":"Descubre el mundo de la gram\u00e1tica rusa con nuestra gu\u00eda para principiantes. Domina el alfabeto cir\u00edlico y mejora tus conocimientos ling\u00fc\u00edsticos.","robots":{"index":"index","follow":"follow","max-snippet":"max-snippet:-1","max-image-preview":"max-image-preview:large","max-video-preview":"max-video-preview:-1"},"canonical":"https:\/\/talkpal.ai\/es\/gramatica-rusa\/","og_locale":"es_ES","og_type":"article","og_title":"Gram\u00e1tica rusa","og_description":"Gram\u00e1tica rusa: descubre los secretos para dominar el ruso \u00a1Felicitaciones por dar el paso audaz hacia el aprendizaje del ruso! Con m\u00e1s de 258 millones de","og_url":"https:\/\/talkpal.ai\/es\/gramatica-rusa\/","og_site_name":"Talkpal","article_publisher":"https:\/\/www.facebook.com\/profile.php?id=100090733639311","article_modified_time":"2025-12-13T15:15:22+00:00","og_image":[{"width":512,"height":512,"url":"https:\/\/talkpal.ai\/wp-content\/uploads\/2023\/04\/rusia.png","type":"image\/png"}],"twitter_card":"summary_large_image","twitter_site":"@talkpalai","twitter_misc":{"Tiempo de lectura":"3 minutos"},"schema":{"@context":"https:\/\/schema.org","@graph":[{"@type":"WebPage","@id":"https:\/\/talkpal.ai\/es\/gramatica-rusa\/","url":"https:\/\/talkpal.ai\/es\/gramatica-rusa\/","name":"Gram\u00e1tica rusa - Talkpal","isPartOf":{"@id":"https:\/\/talkpal.ai\/es\/#website"},"primaryImageOfPage":{"@id":"https:\/\/talkpal.ai\/es\/gramatica-rusa\/#primaryimage"},"image":{"@id":"https:\/\/talkpal.ai\/es\/gramatica-rusa\/#primaryimage"},"thumbnailUrl":"https:\/\/talkpal.ai\/wp-content\/uploads\/2023\/04\/rusia.png","datePublished":"2023-05-14T13:52:49+00:00","dateModified":"2025-12-13T15:15:22+00:00","description":"Descubre el mundo de la gram\u00e1tica rusa con nuestra gu\u00eda para principiantes. Domina el alfabeto cir\u00edlico y mejora tus conocimientos ling\u00fc\u00edsticos.","breadcrumb":{"@id":"https:\/\/talkpal.ai\/es\/gramatica-rusa\/#breadcrumb"},"inLanguage":"es","potentialAction":[{"@type":"ReadAction","target":["https:\/\/talkpal.ai\/es\/gramatica-rusa\/"]}]},{"@type":"ImageObject","inLanguage":"es","@id":"https:\/\/talkpal.ai\/es\/gramatica-rusa\/#primaryimage","url":"https:\/\/talkpal.ai\/wp-content\/uploads\/2023\/04\/rusia.png","contentUrl":"https:\/\/talkpal.ai\/wp-content\/uploads\/2023\/04\/rusia.png","width":512,"height":512},{"@type":"BreadcrumbList","@id":"https:\/\/talkpal.ai\/es\/gramatica-rusa\/#breadcrumb","itemListElement":[{"@type":"ListItem","position":1,"name":"Homepage","item":"https:\/\/talkpal.ai\/es\/"},{"@type":"ListItem","position":2,"name":"Gram\u00e1tica rusa"}]},{"@type":"WebSite","@id":"https:\/\/talkpal.ai\/es\/#website","url":"https:\/\/talkpal.ai\/es\/","name":"Talkpal","description":"AI Language Learning","publisher":{"@id":"https:\/\/talkpal.ai\/es\/#organization"},"alternateName":"Talkpal AI","potentialAction":[{"@type":"SearchAction","target":{"@type":"EntryPoint","urlTemplate":"https:\/\/talkpal.ai\/es\/?s={search_term_string}"},"query-input":{"@type":"PropertyValueSpecification","valueRequired":true,"valueName":"search_term_string"}}],"inLanguage":"es"},{"@type":"Organization","@id":"https:\/\/talkpal.ai\/es\/#organization","name":"Talkpal, Inc.","alternateName":"Talkpal AI","url":"https:\/\/talkpal.ai\/es\/","logo":{"@type":"ImageObject","inLanguage":"es","@id":"https:\/\/talkpal.ai\/es\/#\/schema\/logo\/image\/","url":"https:\/\/talkpal.ai\/wp-content\/uploads\/2024\/03\/Talkpal-Logo-Icon.png","contentUrl":"https:\/\/talkpal.ai\/wp-content\/uploads\/2024\/03\/Talkpal-Logo-Icon.png","width":2880,"height":2880,"caption":"Talkpal, Inc."},"image":{"@id":"https:\/\/talkpal.ai\/es\/#\/schema\/logo\/image\/"},"sameAs":["https:\/\/www.facebook.com\/profile.php?id=100090733639311","https:\/\/x.com\/talkpalai","https:\/\/www.linkedin.com\/company\/talkpal\/","https:\/\/www.youtube.com\/@TalkPal\/","https:\/\/www.tiktok.com\/@talkpal","https:\/\/www.instagram.com\/talkpal_ai\/","https:\/\/www.crunchbase.com\/organization\/talkpal-9cde","https:\/\/www.g2.com\/products\/talkpal-for-business\/","https:\/\/www.trustpilot.com\/review\/talkpal.ai","https:\/\/www.capterra.com\/p\/10006800\/TalkPal\/"],"description":"Talkpal is a language learning web and mobile education app, powered by the latest AI technologies, that provides engaging experiences to its customers in many different languages to help them improve their language skills. Users can chat about unlimited amount of topics with the app and use other modes to practice their language learning.","email":"support@talkpal.ai","legalName":"Talkpal, Inc.","foundingDate":"2023-04-03","duns":"118989042","numberOfEmployees":{"@type":"QuantitativeValue","minValue":"11","maxValue":"50"},"publishingPrinciples":"https:\/\/talkpal.ai\/publishing-principles\/","actionableFeedbackPolicy":"https:\/\/talkpal.ai\/actionable-feedback-policy\/","correctionsPolicy":"https:\/\/talkpal.ai\/corrections-policy\/","ethicsPolicy":"https:\/\/talkpal.ai\/ethics-policy\/","diversityPolicy":"https:\/\/talkpal.ai\/diversity-policy\/","diversityStaffingReport":"https:\/\/talkpal.ai\/diversity-policy\/"}]}},"_links":{"self":[{"href":"https:\/\/talkpal.ai\/es\/wp-json\/wp\/v2\/pages\/45190","targetHints":{"allow":["GET"]}}],"collection":[{"href":"https:\/\/talkpal.ai\/es\/wp-json\/wp\/v2\/pages"}],"about":[{"href":"https:\/\/talkpal.ai\/es\/wp-json\/wp\/v2\/types\/page"}],"author":[{"embeddable":true,"href":"https:\/\/talkpal.ai\/es\/wp-json\/wp\/v2\/users\/1"}],"replies":[{"embeddable":true,"href":"https:\/\/talkpal.ai\/es\/wp-json\/wp\/v2\/comments?post=45190"}],"version-history":[{"count":0,"href":"https:\/\/talkpal.ai\/es\/wp-json\/wp\/v2\/pages\/45190\/revisions"}],"wp:featuredmedia":[{"embeddable":true,"href":"https:\/\/talkpal.ai\/es\/wp-json\/wp\/v2\/media\/11603"}],"wp:attachment":[{"href":"https:\/\/talkpal.ai\/es\/wp-json\/wp\/v2\/media?parent=45190"}],"curies":[{"name":"wp","href":"https:\/\/api.w.org\/{rel}","templated":true}]}}