{"id":45181,"date":"2023-05-14T13:52:27","date_gmt":"2023-05-14T13:52:27","guid":{"rendered":"http:\/\/talkpal.ai\/gramatica-coreana\/"},"modified":"2025-12-11T16:24:16","modified_gmt":"2025-12-11T16:24:16","slug":"gramatica-coreana","status":"publish","type":"page","link":"https:\/\/talkpal.ai\/es\/gramatica-coreana\/","title":{"rendered":"Gram\u00e1tica coreana"},"content":{"rendered":"\r\n\r\n\r\n<section class=\"languageChallengeSection\">\r\n    <div class=\"languageInfoWrapper\">\r\n        \r\n        <h1>Gram\u00e1tica coreana<\/h1>\r\n        <p>Empieza a dominar la <a href=\"https:\/\/talkpal.ai\/pt-pt\/grammar\/perfeito-na-gramatica-coreana\/\">gram\u00e1tica coreana<\/a> con gu\u00edas f\u00e1ciles de seguir y ejemplos pr\u00e1cticos. Aprende a formar frases, a utilizar part\u00edculas y a conjugar verbos para expresarte con precisi\u00f3n. Practica tus habilidades con ejercicios interactivos dise\u00f1ados para aumentar tu confianza. \u00a1Da el siguiente paso en tu viaje por la lengua coreana y mejora tu fluidez hoy mismo!<\/p>\r\n\r\n                            <a class=\"getStartedHidden\" href=\"https:\/\/app.talkpal.ai\/es-es\/signup?lng=\">Comenzar<\/a>\r\n        \r\n    <\/div>\r\n\r\n    <figure>\r\n    <img decoding=\"async\" width=\"768\" height=\"768\" src=\"https:\/\/talkpal.ai\/wp-content\/uploads\/2023\/06\/korean-768x768.png\" class=\"languageImage no-lazy\" alt=\"Default alt text\" fetchpriority=\"high\" sizes=\"(max-width: 768px) 150px, 768px\" srcset=\"https:\/\/talkpal.ai\/wp-content\/uploads\/2023\/06\/korean-768x768.png 768w, https:\/\/talkpal.ai\/wp-content\/uploads\/2023\/06\/korean-300x300.png 300w\" \/>\r\n    \r\n\r\n    <\/figure>\r\n\r\n            <a class=\"getStartedVisible\" href=\"https:\/\/app.talkpal.ai\/es-es\/signup?lng=\">Comenzar<\/a>\r\n    \r\n<\/section>\r\n        <section class=\"grammarSection\">\r\n            <div class=\"grammarLinks\">\r\n                <a href=\"https:\/\/talkpal.ai\/es\/language\/adjetivos-gramatica-coreana\/\">Adjetivos <\/a><a href=\"https:\/\/talkpal.ai\/es\/language\/adverbios-gramatica-coreana\/\">Adverbios <\/a><a href=\"https:\/\/talkpal.ai\/es\/language\/articulos-gramatica-coreana\/\">Art\u00edculos <\/a><a href=\"https:\/\/talkpal.ai\/es\/language\/comparacion-de-tiempos-gramatica-coreana\/\">Comparaci\u00f3n de tiempos <\/a><a href=\"https:\/\/talkpal.ai\/es\/language\/estructura-de-la-oracion-gramatica-coreana\/\">Estructura de la oraci\u00f3n <\/a><a href=\"https:\/\/talkpal.ai\/es\/language\/preposiciones-gramatica-coreana\/\">Preposiciones <\/a><a href=\"https:\/\/talkpal.ai\/es\/language\/pronombres-gramatica-coreana\/\">Pronombres <\/a><a href=\"https:\/\/talkpal.ai\/es\/language\/sustantivos-gramatica-coreana\/\">Sustantivos <\/a><a href=\"https:\/\/talkpal.ai\/es\/language\/tiempos-subjuntivos-gramatica-coreana\/\">Tiempos subjuntivos <\/a><a href=\"https:\/\/talkpal.ai\/es\/language\/tiempos-verbales-indicativos-gramatica-coreana\/\">Tiempos Verbales Indicativos <\/a><a href=\"https:\/\/talkpal.ai\/es\/language\/verbos-gramatica-coreana\/\">Verbos <\/a>            <\/div>\r\n        <\/section>\r\n    <section class=\"promotionalBanner\">\r\n    <p class=\"promotionalText\">La forma m\u00e1s eficiente de aprender un idioma<\/p>\r\n    <a class=\"promotionalLink\" href=\"https:\/\/app.talkpal.ai\/es-es\/signup?lng=\">Prueba Talkpal gratis<\/a>\r\n<\/section>\n<div class=\"wp-block-group pageContainerStyle\"><div class=\"wp-block-group__inner-container is-layout-constrained wp-block-group-is-layout-constrained\">\n<h2 class=\"wp-block-heading\" id=\"h-demystifying-korean-grammar-a-beginner-s-guide\">Desmitificar la gram\u00e1tica coreana: Gu\u00eda para principiantes<\/h2>\n\n\n\n<p><a href=\"https:\/\/talkpal.ai\/pt-pt\/aprender-coreano\/\">Aprender coreano<\/a> puede abrirte un mundo de oportunidades, ya sea explorando la cocina coreana, viendo los \u00faltimos dramas coreanos o trabajando en una de las muchas empresas innovadoras de Corea del Sur. <a href=\"https:\/\/talkpal.ai\/locations\/language-courses-in-como\/\">Como<\/a> hablante no nativo que se sumerge en este fascinante idioma, uno de los aspectos m\u00e1s desafiantes puede ser dominar su gram\u00e1tica. La gram\u00e1tica coreana puede parecer compleja a primera <a href=\"https:\/\/talkpal.ai\/locations\/language-courses-in-vista\/\">vista<\/a>, pero tiene una l\u00f3gica y consistencia que puede ser m\u00e1s accesible de <a href=\"https:\/\/talkpal.ai\/culture\/how-do-i-use-lo-que-in-a-sentence\/\">lo que<\/a> piensas. En este art\u00edculo, desglosaremos las caracter\u00edsticas clave de la gram\u00e1tica coreana y te proporcionaremos valiosas ideas <a href=\"https:\/\/talkpal.ai\/culture\/how-do-i-use-para-que-correctly\/\">para que<\/a> tu viaje hacia la fluidez sea fluido y agradable.<\/p>\n\n\n\n<h3 class=\"wp-block-heading\" id=\"h-1-word-nbsp-order-nbsp-get-in-the-flow\"><b>1.<\/b> Orden<b> de palabras \u2013 \u00a1Entra en el flujo!<\/b><\/h3>\n\n\n\n<p>Lo primero que debes saber sobre la gram\u00e1tica coreana es su orden b\u00e1sico de palabras: Sujeto-Objeto-Verbo (SOV). Esto significa que los verbos <a href=\"https:\/\/talkpal.ai\/locations\/language-courses-in-van\/\">van<\/a> al final de la frase, a diferencia del orden Sujeto-Verbo-Objeto (SVO) del <a href=\"https:\/\/talkpal.ai\/es\/locations\/aprende-ingles-en-orange\/\">ingl\u00e9s<\/a>. Esto puede tomar un tiempo para acostumbrarse, pero la clave para la fluidez es sentirse c\u00f3modo con esta nueva estructura.<\/p>\n\n\n\n<p>Consejo: Practica la formaci\u00f3n de <a href=\"https:\/\/talkpal.ai\/es\/grammar_exercises\/ejercicios-de-oraciones-simples-para-gramatica-marathi\/\">oraciones simples<\/a> en coreano traduciendo frases en ingl\u00e9s y reorganizando el orden de las palabras. Conc\u00e9ntrese en comprender la l\u00f3gica detr\u00e1s de la estructura SOV para sentirse m\u00e1s c\u00f3modo con ella.<\/p>\n\n\n\n<h3 class=\"wp-block-heading\" id=\"h-2-particles-attach-and-connect\">2. Part\u00edculas \u2013 \u00a1Conecta y conecta!<\/h3>\n\n\n\n<p>Las oraciones coreanas usan peque\u00f1as piezas de informaci\u00f3n gramatical llamadas part\u00edculas para ayudar a determinar la funci\u00f3n de una palabra en una oraci\u00f3n. Por ejemplo, \uc774\/\uac00 y \uc740\/\ub294 marcan el sujeto, mientras que \uc744\/\ub97c indican el objeto. Las part\u00edculas son un componente esencial de la gram\u00e1tica coreana, pero su uso puede parecer abrumador inicialmente.<\/p>\n\n\n\n<p>Consejo: Aborda una part\u00edcula a la vez, sinti\u00e9ndote c\u00f3modo con su uso y significado. Desarrolle una lista de oraciones de ejemplo usando cada part\u00edcula para crear una colecci\u00f3n de material de referencia.<\/p>\n\n\n\n<h3 class=\"wp-block-heading\" id=\"h-3-verb-conjugation-keep-it-simple\">3. Conjugaci\u00f3n verbal \u2013 \u00a1Mantenlo simple!<\/h3>\n\n\n\n<p>Los verbos coreanos son notablemente consistentes, lo que puede hacerlos m\u00e1s f\u00e1ciles de aprender que los verbos en otros idiomas. Todos los verbos coreanos terminan en \ub2e4 (da) en su forma b\u00e1sica, y para crear diferentes tiempos o niveles de cortes\u00eda, bastar\u00e1 con que a\u00f1adas varias terminaciones. Los m\u00e1s comunes son -\uc694 (yo) para la cortes\u00eda informal y -\uc2b5\ub2c8\ub2e4 (seumnida) para situaciones m\u00e1s formales.<\/p>\n\n\n\n<p>Consejo: Aprende a conjugar algunos verbos esenciales en los distintos niveles de cortes\u00eda, como \ud558\ub2e4 (hacer), \uba39\ub2e4 (comer), \uc790\ub2e4 (dormir) y \uac00\ub2e4 (ir). Luego, comience a incorporarlos en oraciones para familiarizarse y sentirse m\u00e1s c\u00f3modo con el uso de varias conjugaciones.<\/p>\n\n\n\n<h3 class=\"wp-block-heading\" id=\"h-4-adjectives-treat-them-like-verbs\">4. Adjetivos \u2013 \u00a1Tr\u00e1talos como verbos!<\/h3>\n\n\n\n<p>En la gram\u00e1tica coreana, los adjetivos funcionan de manera similar a los verbos y se conjugan usando el mismo sistema. Muchos adjetivos terminan en ~\ud558\ub2e4 (-hada) y pueden conjugarse del mismo modo que conjugar\u00edas los verbos.<\/p>\n\n\n\n<p>Consejo: Practica la conjugaci\u00f3n de adjetivos comunes como \uc88b\ub2e4 (ser bueno), \uc608\uc058\ub2e4 (ser bonito), \ub192\ub2e4 (ser alto), \ub0ae\ub2e4 (ser bajo) y \ud06c\ub2e4 (ser grande). Incorporarlos en oraciones ayudar\u00e1 a solidificar su comprensi\u00f3n.<\/p>\n\n\n\n<h3 class=\"wp-block-heading\" id=\"h-5-honorifics-show-your-respect\">5. Honor\u00edficos \u2013 \u00a1Muestra tu respeto!<\/h3>\n\n\n\n<p>La cultura coreana enfatiza mostrar respeto a los ancianos y aquellos en posiciones de autoridad. Esto se refleja en su lenguaje a trav\u00e9s de honor\u00edficos, que son formas especiales de palabras y estructuras gramaticales utilizadas para mostrar cortes\u00eda. Algunos ejemplos clave son utilizar la part\u00edcula -\uaed8\uc11c (-kkeseo) en lugar de -\uc774\/\uac00 al referirse a alguien con respeto o adjuntar -\uc2dc (-si) a los verbos como marcador de cortes\u00eda.<\/p>\n\n\n\n<p>Consejo: Aprende lo b\u00e1sico sobre el uso de los honor\u00edficos, pero no te preocupes demasiado por convertirte en un experto de inmediato. Como hablante de ingl\u00e9s, los coreanos probablemente entender\u00e1n si cometes errores, pero mostrar un esfuerzo por ser respetuoso ser\u00e1 apreciado.<\/p>\n\n\n\n<h3 class=\"wp-block-heading\" id=\"h-conclusion\">Conclusi\u00f3n:<\/h3>\n\n\n\n<p>La gram\u00e1tica coreana puede parecer dif\u00edcil al principio, pero a medida que adquieras experiencia y comprensi\u00f3n, encontrar\u00e1s un marco l\u00f3gico y coherente. Al centrarte en conceptos clave como el orden de las palabras, las part\u00edculas y la conjugaci\u00f3n verbal, pronto construir\u00e1s frases como un profesional. Abraza el amor por esta lengua expresiva y observa c\u00f3mo tu dominio de la gram\u00e1tica coreana te lleva a un mundo de posibilidades. \ud654\uc774\ud305 (hwaiting) &#8211; let<\/p>\n<\/div><\/div>\n\r\n<section class=\"learnNavigationSection\">\r\n            \r\n        <a href=\"https:\/\/talkpal.ai\/es\/aprender-coreano\/\">\r\n            <div class=\"learnNavigationWrapper\">\r\n                <div class=\"learnNavigationContent\">\r\n                    <img decoding=\"async\" src=\"https:\/\/talkpal.ai\/wp-content\/uploads\/2024\/08\/Korean.jpg\" alt=\"Korean Flag\">\r\n                    <div>\r\n                        <h4>Sobre el aprendizaje del coreano<\/h4>\r\n                        <p>Desc\u00fabrelo todo sobre la gram\u00e1tica coreana.<\/p>\r\n                    <\/div>\r\n                <\/div>\r\n            <\/div>\r\n        <\/a>\r\n\r\n        \r\n        <a href=\"https:\/\/talkpal.ai\/es\/ejercicios-de-gramatica-coreana\/\">\r\n            <div class=\"learnNavigationWrapper\">\r\n                <div class=\"learnNavigationContent\">\r\n                    <img decoding=\"async\" src=\"https:\/\/talkpal.ai\/wp-content\/uploads\/2024\/08\/Korean.jpg\" alt=\"Korean Flag\">\r\n                    <div>\r\n                        <h4>Ejercicio de gram\u00e1tica coreana<\/h4>\r\n                        <p>Practica la gram\u00e1tica coreana.<\/p>\r\n                    <\/div>\r\n                <\/div>\r\n            <\/div>\r\n        <\/a>\r\n\r\n        \r\n        <a href=\"https:\/\/talkpal.ai\/vocabulary_language\/korean\/\">\r\n            <div class=\"learnNavigationWrapper\">\r\n                <div class=\"learnNavigationContent\">\r\n                    <img decoding=\"async\" src=\"https:\/\/talkpal.ai\/wp-content\/uploads\/2024\/08\/Korean.jpg\" alt=\"Korean Flag\">\r\n                    <div>\r\n                        <h4>Vocabulario coreano<\/h4>\r\n                        <p>Ampl\u00eda tu vocabulario de coreano.<\/p>\r\n                    <\/div>\r\n                <\/div>\r\n            <\/div>\r\n        <\/a>\r\n\r\n            <\/section>","protected":false},"excerpt":{"rendered":"<p>Desmitificar la gram\u00e1tica coreana: Gu\u00eda para principiantes Aprender coreano puede abrirte un mundo de oportunidades, ya sea explorando la cocina coreana, viendo los \u00faltimos dramas coreanos o trabajando en una de las muchas empresas innovadoras de Corea del Sur. Como hablante no nativo que se sumerge en este fascinante idioma, uno de los aspectos m\u00e1s [&hellip;]<\/p>\n","protected":false},"author":1,"featured_media":11610,"parent":0,"menu_order":0,"comment_status":"closed","ping_status":"closed","template":"LearningContentPage.php","meta":{"_acf_changed":false,"footnotes":""},"class_list":["post-45181","page","type-page","status-publish","has-post-thumbnail","hentry"],"acf":[],"yoast_head":"<!-- This site is optimized with the Yoast SEO Premium plugin v27.2 (Yoast SEO v27.2) - https:\/\/yoast.com\/product\/yoast-seo-premium-wordpress\/ -->\n<title>Gram\u00e1tica coreana - Talkpal<\/title>\n<meta name=\"description\" content=\"Domina la gram\u00e1tica coreana con seguridad: refuerza la estructura de las frases, aclara las reglas y mejora la fluidez f\u00e1cilmente\" \/>\n<meta name=\"robots\" content=\"index, follow, max-snippet:-1, max-image-preview:large, max-video-preview:-1\" \/>\n<link rel=\"canonical\" href=\"https:\/\/talkpal.ai\/es\/gramatica-coreana\/\" \/>\n<meta property=\"og:locale\" content=\"es_ES\" \/>\n<meta property=\"og:type\" content=\"article\" \/>\n<meta property=\"og:title\" content=\"Gram\u00e1tica coreana\" \/>\n<meta property=\"og:description\" content=\"Desmitificar la gram\u00e1tica coreana: Gu\u00eda para principiantes Aprender coreano puede abrirte un mundo de oportunidades, ya sea explorando la cocina coreana,\" \/>\n<meta property=\"og:url\" content=\"https:\/\/talkpal.ai\/es\/gramatica-coreana\/\" \/>\n<meta property=\"og:site_name\" content=\"Talkpal\" \/>\n<meta property=\"article:publisher\" content=\"https:\/\/www.facebook.com\/profile.php?id=100090733639311\" \/>\n<meta property=\"article:modified_time\" content=\"2025-12-11T16:24:16+00:00\" \/>\n<meta property=\"og:image\" content=\"https:\/\/talkpal.ai\/wp-content\/uploads\/2023\/04\/south-korea.png\" \/>\n\t<meta property=\"og:image:width\" content=\"512\" \/>\n\t<meta property=\"og:image:height\" content=\"512\" \/>\n\t<meta property=\"og:image:type\" content=\"image\/png\" \/>\n<meta name=\"twitter:card\" content=\"summary_large_image\" \/>\n<meta name=\"twitter:site\" content=\"@talkpalai\" \/>\n<meta name=\"twitter:label1\" content=\"Tiempo de lectura\" \/>\n\t<meta name=\"twitter:data1\" content=\"4 minutos\" \/>\n<script type=\"application\/ld+json\" class=\"yoast-schema-graph\">{\"@context\":\"https:\/\/schema.org\",\"@graph\":[{\"@type\":\"WebPage\",\"@id\":\"https:\/\/talkpal.ai\/es\/gramatica-coreana\/\",\"url\":\"https:\/\/talkpal.ai\/es\/gramatica-coreana\/\",\"name\":\"Gram\u00e1tica coreana - Talkpal\",\"isPartOf\":{\"@id\":\"https:\/\/talkpal.ai\/es\/#website\"},\"primaryImageOfPage\":{\"@id\":\"https:\/\/talkpal.ai\/es\/gramatica-coreana\/#primaryimage\"},\"image\":{\"@id\":\"https:\/\/talkpal.ai\/es\/gramatica-coreana\/#primaryimage\"},\"thumbnailUrl\":\"https:\/\/talkpal.ai\/wp-content\/uploads\/2023\/04\/south-korea.png\",\"datePublished\":\"2023-05-14T13:52:27+00:00\",\"dateModified\":\"2025-12-11T16:24:16+00:00\",\"description\":\"Domina la gram\u00e1tica coreana con seguridad: refuerza la estructura de las frases, aclara las reglas y mejora la fluidez f\u00e1cilmente\",\"breadcrumb\":{\"@id\":\"https:\/\/talkpal.ai\/es\/gramatica-coreana\/#breadcrumb\"},\"inLanguage\":\"es\",\"potentialAction\":[{\"@type\":\"ReadAction\",\"target\":[\"https:\/\/talkpal.ai\/es\/gramatica-coreana\/\"]}]},{\"@type\":\"ImageObject\",\"inLanguage\":\"es\",\"@id\":\"https:\/\/talkpal.ai\/es\/gramatica-coreana\/#primaryimage\",\"url\":\"https:\/\/talkpal.ai\/wp-content\/uploads\/2023\/04\/south-korea.png\",\"contentUrl\":\"https:\/\/talkpal.ai\/wp-content\/uploads\/2023\/04\/south-korea.png\",\"width\":512,\"height\":512},{\"@type\":\"BreadcrumbList\",\"@id\":\"https:\/\/talkpal.ai\/es\/gramatica-coreana\/#breadcrumb\",\"itemListElement\":[{\"@type\":\"ListItem\",\"position\":1,\"name\":\"Homepage\",\"item\":\"https:\/\/talkpal.ai\/es\/\"},{\"@type\":\"ListItem\",\"position\":2,\"name\":\"Gram\u00e1tica coreana\"}]},{\"@type\":\"WebSite\",\"@id\":\"https:\/\/talkpal.ai\/es\/#website\",\"url\":\"https:\/\/talkpal.ai\/es\/\",\"name\":\"Talkpal\",\"description\":\"AI Language Learning\",\"publisher\":{\"@id\":\"https:\/\/talkpal.ai\/es\/#organization\"},\"alternateName\":\"Talkpal AI\",\"potentialAction\":[{\"@type\":\"SearchAction\",\"target\":{\"@type\":\"EntryPoint\",\"urlTemplate\":\"https:\/\/talkpal.ai\/es\/?s={search_term_string}\"},\"query-input\":{\"@type\":\"PropertyValueSpecification\",\"valueRequired\":true,\"valueName\":\"search_term_string\"}}],\"inLanguage\":\"es\"},{\"@type\":\"Organization\",\"@id\":\"https:\/\/talkpal.ai\/es\/#organization\",\"name\":\"Talkpal, Inc.\",\"alternateName\":\"Talkpal AI\",\"url\":\"https:\/\/talkpal.ai\/es\/\",\"logo\":{\"@type\":\"ImageObject\",\"inLanguage\":\"es\",\"@id\":\"https:\/\/talkpal.ai\/es\/#\/schema\/logo\/image\/\",\"url\":\"https:\/\/talkpal.ai\/wp-content\/uploads\/2024\/03\/Talkpal-Logo-Icon.png\",\"contentUrl\":\"https:\/\/talkpal.ai\/wp-content\/uploads\/2024\/03\/Talkpal-Logo-Icon.png\",\"width\":2880,\"height\":2880,\"caption\":\"Talkpal, Inc.\"},\"image\":{\"@id\":\"https:\/\/talkpal.ai\/es\/#\/schema\/logo\/image\/\"},\"sameAs\":[\"https:\/\/www.facebook.com\/profile.php?id=100090733639311\",\"https:\/\/x.com\/talkpalai\",\"https:\/\/www.linkedin.com\/company\/talkpal\/\",\"https:\/\/www.youtube.com\/@TalkPal\/\",\"https:\/\/www.tiktok.com\/@talkpal\",\"https:\/\/www.instagram.com\/talkpal_ai\/\",\"https:\/\/www.crunchbase.com\/organization\/talkpal-9cde\",\"https:\/\/www.g2.com\/products\/talkpal-for-business\/\",\"https:\/\/www.trustpilot.com\/review\/talkpal.ai\",\"https:\/\/www.capterra.com\/p\/10006800\/TalkPal\/\"],\"description\":\"Talkpal is a language learning web and mobile education app, powered by the latest AI technologies, that provides engaging experiences to its customers in many different languages to help them improve their language skills. Users can chat about unlimited amount of topics with the app and use other modes to practice their language learning.\",\"email\":\"support@talkpal.ai\",\"legalName\":\"Talkpal, Inc.\",\"foundingDate\":\"2023-04-03\",\"duns\":\"118989042\",\"numberOfEmployees\":{\"@type\":\"QuantitativeValue\",\"minValue\":\"11\",\"maxValue\":\"50\"},\"publishingPrinciples\":\"https:\/\/talkpal.ai\/publishing-principles\/\",\"actionableFeedbackPolicy\":\"https:\/\/talkpal.ai\/actionable-feedback-policy\/\",\"correctionsPolicy\":\"https:\/\/talkpal.ai\/corrections-policy\/\",\"ethicsPolicy\":\"https:\/\/talkpal.ai\/ethics-policy\/\",\"diversityPolicy\":\"https:\/\/talkpal.ai\/diversity-policy\/\",\"diversityStaffingReport\":\"https:\/\/talkpal.ai\/diversity-policy\/\"}]}<\/script>\n<!-- \/ Yoast SEO Premium plugin. -->","yoast_head_json":{"title":"Gram\u00e1tica coreana - Talkpal","description":"Domina la gram\u00e1tica coreana con seguridad: refuerza la estructura de las frases, aclara las reglas y mejora la fluidez f\u00e1cilmente","robots":{"index":"index","follow":"follow","max-snippet":"max-snippet:-1","max-image-preview":"max-image-preview:large","max-video-preview":"max-video-preview:-1"},"canonical":"https:\/\/talkpal.ai\/es\/gramatica-coreana\/","og_locale":"es_ES","og_type":"article","og_title":"Gram\u00e1tica coreana","og_description":"Desmitificar la gram\u00e1tica coreana: Gu\u00eda para principiantes Aprender coreano puede abrirte un mundo de oportunidades, ya sea explorando la cocina coreana,","og_url":"https:\/\/talkpal.ai\/es\/gramatica-coreana\/","og_site_name":"Talkpal","article_publisher":"https:\/\/www.facebook.com\/profile.php?id=100090733639311","article_modified_time":"2025-12-11T16:24:16+00:00","og_image":[{"width":512,"height":512,"url":"https:\/\/talkpal.ai\/wp-content\/uploads\/2023\/04\/south-korea.png","type":"image\/png"}],"twitter_card":"summary_large_image","twitter_site":"@talkpalai","twitter_misc":{"Tiempo de lectura":"4 minutos"},"schema":{"@context":"https:\/\/schema.org","@graph":[{"@type":"WebPage","@id":"https:\/\/talkpal.ai\/es\/gramatica-coreana\/","url":"https:\/\/talkpal.ai\/es\/gramatica-coreana\/","name":"Gram\u00e1tica coreana - Talkpal","isPartOf":{"@id":"https:\/\/talkpal.ai\/es\/#website"},"primaryImageOfPage":{"@id":"https:\/\/talkpal.ai\/es\/gramatica-coreana\/#primaryimage"},"image":{"@id":"https:\/\/talkpal.ai\/es\/gramatica-coreana\/#primaryimage"},"thumbnailUrl":"https:\/\/talkpal.ai\/wp-content\/uploads\/2023\/04\/south-korea.png","datePublished":"2023-05-14T13:52:27+00:00","dateModified":"2025-12-11T16:24:16+00:00","description":"Domina la gram\u00e1tica coreana con seguridad: refuerza la estructura de las frases, aclara las reglas y mejora la fluidez f\u00e1cilmente","breadcrumb":{"@id":"https:\/\/talkpal.ai\/es\/gramatica-coreana\/#breadcrumb"},"inLanguage":"es","potentialAction":[{"@type":"ReadAction","target":["https:\/\/talkpal.ai\/es\/gramatica-coreana\/"]}]},{"@type":"ImageObject","inLanguage":"es","@id":"https:\/\/talkpal.ai\/es\/gramatica-coreana\/#primaryimage","url":"https:\/\/talkpal.ai\/wp-content\/uploads\/2023\/04\/south-korea.png","contentUrl":"https:\/\/talkpal.ai\/wp-content\/uploads\/2023\/04\/south-korea.png","width":512,"height":512},{"@type":"BreadcrumbList","@id":"https:\/\/talkpal.ai\/es\/gramatica-coreana\/#breadcrumb","itemListElement":[{"@type":"ListItem","position":1,"name":"Homepage","item":"https:\/\/talkpal.ai\/es\/"},{"@type":"ListItem","position":2,"name":"Gram\u00e1tica coreana"}]},{"@type":"WebSite","@id":"https:\/\/talkpal.ai\/es\/#website","url":"https:\/\/talkpal.ai\/es\/","name":"Talkpal","description":"AI Language Learning","publisher":{"@id":"https:\/\/talkpal.ai\/es\/#organization"},"alternateName":"Talkpal AI","potentialAction":[{"@type":"SearchAction","target":{"@type":"EntryPoint","urlTemplate":"https:\/\/talkpal.ai\/es\/?s={search_term_string}"},"query-input":{"@type":"PropertyValueSpecification","valueRequired":true,"valueName":"search_term_string"}}],"inLanguage":"es"},{"@type":"Organization","@id":"https:\/\/talkpal.ai\/es\/#organization","name":"Talkpal, Inc.","alternateName":"Talkpal AI","url":"https:\/\/talkpal.ai\/es\/","logo":{"@type":"ImageObject","inLanguage":"es","@id":"https:\/\/talkpal.ai\/es\/#\/schema\/logo\/image\/","url":"https:\/\/talkpal.ai\/wp-content\/uploads\/2024\/03\/Talkpal-Logo-Icon.png","contentUrl":"https:\/\/talkpal.ai\/wp-content\/uploads\/2024\/03\/Talkpal-Logo-Icon.png","width":2880,"height":2880,"caption":"Talkpal, Inc."},"image":{"@id":"https:\/\/talkpal.ai\/es\/#\/schema\/logo\/image\/"},"sameAs":["https:\/\/www.facebook.com\/profile.php?id=100090733639311","https:\/\/x.com\/talkpalai","https:\/\/www.linkedin.com\/company\/talkpal\/","https:\/\/www.youtube.com\/@TalkPal\/","https:\/\/www.tiktok.com\/@talkpal","https:\/\/www.instagram.com\/talkpal_ai\/","https:\/\/www.crunchbase.com\/organization\/talkpal-9cde","https:\/\/www.g2.com\/products\/talkpal-for-business\/","https:\/\/www.trustpilot.com\/review\/talkpal.ai","https:\/\/www.capterra.com\/p\/10006800\/TalkPal\/"],"description":"Talkpal is a language learning web and mobile education app, powered by the latest AI technologies, that provides engaging experiences to its customers in many different languages to help them improve their language skills. Users can chat about unlimited amount of topics with the app and use other modes to practice their language learning.","email":"support@talkpal.ai","legalName":"Talkpal, Inc.","foundingDate":"2023-04-03","duns":"118989042","numberOfEmployees":{"@type":"QuantitativeValue","minValue":"11","maxValue":"50"},"publishingPrinciples":"https:\/\/talkpal.ai\/publishing-principles\/","actionableFeedbackPolicy":"https:\/\/talkpal.ai\/actionable-feedback-policy\/","correctionsPolicy":"https:\/\/talkpal.ai\/corrections-policy\/","ethicsPolicy":"https:\/\/talkpal.ai\/ethics-policy\/","diversityPolicy":"https:\/\/talkpal.ai\/diversity-policy\/","diversityStaffingReport":"https:\/\/talkpal.ai\/diversity-policy\/"}]}},"_links":{"self":[{"href":"https:\/\/talkpal.ai\/es\/wp-json\/wp\/v2\/pages\/45181","targetHints":{"allow":["GET"]}}],"collection":[{"href":"https:\/\/talkpal.ai\/es\/wp-json\/wp\/v2\/pages"}],"about":[{"href":"https:\/\/talkpal.ai\/es\/wp-json\/wp\/v2\/types\/page"}],"author":[{"embeddable":true,"href":"https:\/\/talkpal.ai\/es\/wp-json\/wp\/v2\/users\/1"}],"replies":[{"embeddable":true,"href":"https:\/\/talkpal.ai\/es\/wp-json\/wp\/v2\/comments?post=45181"}],"version-history":[{"count":0,"href":"https:\/\/talkpal.ai\/es\/wp-json\/wp\/v2\/pages\/45181\/revisions"}],"wp:featuredmedia":[{"embeddable":true,"href":"https:\/\/talkpal.ai\/es\/wp-json\/wp\/v2\/media\/11610"}],"wp:attachment":[{"href":"https:\/\/talkpal.ai\/es\/wp-json\/wp\/v2\/media?parent=45181"}],"curies":[{"name":"wp","href":"https:\/\/api.w.org\/{rel}","templated":true}]}}