{"id":45179,"date":"2023-05-14T13:43:38","date_gmt":"2023-05-14T13:43:38","guid":{"rendered":"http:\/\/talkpal.ai\/gramatica-arabe\/"},"modified":"2025-05-21T11:47:32","modified_gmt":"2025-05-21T11:47:32","slug":"gramatica-arabe","status":"publish","type":"page","link":"https:\/\/talkpal.ai\/es\/gramatica-arabe\/","title":{"rendered":"Gram\u00e1tica \u00e1rabe"},"content":{"rendered":"\r\n\r\n\r\n<section class=\"languageChallengeSection\">\r\n    <div class=\"languageInfoWrapper\">\r\n        \r\n        <h1>Gram\u00e1tica \u00e1rabe<\/h1>\r\n        <p>Mejora tus conocimientos de \u00e1rabe explorando conceptos gramaticales esenciales y explicaciones claras, paso a paso. \u00a1Empieza a dominar la <a href=\"https:\/\/talkpal.ai\/pt-pt\/o-que-ha-de-especial-na-gramatica-arabe\/\">gram\u00e1tica \u00e1rabe<\/a> ahora y comun\u00edcate con mayor fluidez y confianza!<\/p>\r\n\r\n                            <a class=\"getStartedHidden\" href=\"https:\/\/app.talkpal.ai\/es-es\/signup?lng=\">Comenzar<\/a>\r\n        \r\n    <\/div>\r\n\r\n    <figure>\r\n    <img decoding=\"async\" width=\"768\" height=\"768\" src=\"https:\/\/talkpal.ai\/wp-content\/uploads\/2023\/06\/arabic-768x768.png\" class=\"languageImage no-lazy\" alt=\"Default alt text\" fetchpriority=\"high\" sizes=\"(max-width: 768px) 150px, 768px\" srcset=\"https:\/\/talkpal.ai\/wp-content\/uploads\/2023\/06\/arabic-768x768.png 768w, https:\/\/talkpal.ai\/wp-content\/uploads\/2023\/06\/arabic-300x300.png 300w\" \/>\r\n    \r\n\r\n    <\/figure>\r\n\r\n            <a class=\"getStartedVisible\" href=\"https:\/\/app.talkpal.ai\/es-es\/signup?lng=\">Comenzar<\/a>\r\n    \r\n<\/section>\r\n        <section class=\"grammarSection\">\r\n            <div class=\"grammarLinks\">\r\n                <a href=\"https:\/\/talkpal.ai\/es\/language\/adjetivos-gramatica-arabe\/\">Adjetivos <\/a><a href=\"https:\/\/talkpal.ai\/es\/language\/adverbios-gramatica-arabe\/\">Adverbios <\/a><a href=\"https:\/\/talkpal.ai\/es\/language\/articulos-gramatica-arabe\/\">Art\u00edculos <\/a><a href=\"https:\/\/talkpal.ai\/es\/language\/articulos-definidos-e-indefinidos-gramatica-arabe\/\">Art\u00edculos definidos e indefinidos <\/a><a href=\"https:\/\/talkpal.ai\/es\/language\/comparacion-de-tiempos-gramatica-arabe\/\">Comparaci\u00f3n de tiempos <\/a><a href=\"https:\/\/talkpal.ai\/es\/language\/estructura-de-la-oracion-gramatica-arabe\/\">Estructura de la oraci\u00f3n <\/a><a href=\"https:\/\/talkpal.ai\/es\/language\/idaafa-construccion-genitiva-gramatica-arabe\/\">Idaafa (Construcci\u00f3n genitiva) <\/a><a href=\"https:\/\/talkpal.ai\/es\/language\/oraciones-nominales-y-verbales-gramatica-arabe\/\">Oraciones nominales y verbales <\/a><a href=\"https:\/\/talkpal.ai\/es\/language\/preposiciones-gramatica-arabe\/\">Preposiciones <\/a><a href=\"https:\/\/talkpal.ai\/es\/language\/pronombres-gramatica-arabe\/\">Pronombres <\/a><a href=\"https:\/\/talkpal.ai\/es\/language\/sujeto-y-predicado-gramatica-arabe\/\">Sujeto y Predicado <\/a><a href=\"https:\/\/talkpal.ai\/es\/language\/sustantivos-gramatica-arabe\/\">Sustantivos <\/a><a href=\"https:\/\/talkpal.ai\/es\/language\/tiempos-subjuntivos-gramatica-arabe\/\">Tiempos subjuntivos <\/a><a href=\"https:\/\/talkpal.ai\/es\/language\/tiempos-verbales-indicativos-gramatica-arabe\/\">Tiempos Verbales Indicativos <\/a><a href=\"https:\/\/talkpal.ai\/es\/language\/verbos-gramatica-arabe\/\">Verbos <\/a>            <\/div>\r\n        <\/section>\r\n    <section class=\"promotionalBanner\">\r\n    <p class=\"promotionalText\">La forma m\u00e1s eficiente de aprender un idioma<\/p>\r\n    <a class=\"promotionalLink\" href=\"https:\/\/app.talkpal.ai\/es-es\/signup?lng=\">Prueba Talkpal gratis<\/a>\r\n<\/section>\n<div class=\"wp-block-group pageContainerStyle\"><div class=\"wp-block-group__inner-container is-layout-constrained wp-block-group-is-layout-constrained\">\n<h2 class=\"wp-block-heading\" id=\"h-the-intricacies-of-arabic-grammar-a-journey-through-its-roots-and-beauty\">Las complejidades de la gram\u00e1tica \u00e1rabe: un viaje a trav\u00e9s de sus ra\u00edces y belleza<\/h2>\n\n\n\n<p><strong>\u00bfRecuerdas cuando empezaste a aprender gram\u00e1tica inglesa?<\/strong>  Las reglas, excepciones y terminolog\u00edas aparentemente interminables podr\u00edan haberte dejado sinti\u00e9ndote abrumado a veces. Si est\u00e1s pensando en aprender la lengua \u00e1rabe, ten por seguro que tambi\u00e9n tiene un sistema gramatical \u00fanico e intrincado. As\u00ed pues, hagamos un breve pero esclarecedor viaje por las ra\u00edces y la belleza de la gram\u00e1tica \u00e1rabe.<\/p>\n\n\n\n<p>Para <a href=\"https:\/\/talkpal.ai\/ko\/ai-%ec%96%b8%ec%96%b4-%ea%b5%90%ec%82%ac\/\">empezar<\/a>, establezcamos algunas <strong>diferencias clave entre la gram\u00e1tica \u00e1rabe y la inglesa.<\/strong> En \u00e1rabe, las palabras se dividen en tres categor\u00edas: sustantivos, verbos y part\u00edculas. A diferencia del <a href=\"https:\/\/talkpal.ai\/es\/locations\/aprende-ingles-en-orange\/\">ingl\u00e9s<\/a>, las palabras \u00e1rabes siguen un sistema de ra\u00edces, <a href=\"https:\/\/talkpal.ai\/culture\/how-do-i-use-lo-que-in-a-sentence\/\">lo que<\/a> significa que puede rastrear el significado <a href=\"https:\/\/talkpal.ai\/locations\/language-courses-in-central\/\">central<\/a> de una palabra identificando su ra\u00edz. Este sistema de ra\u00edces le da al \u00e1rabe un nivel excepcional de profundidad y riqueza. Una cosa incre\u00edble acerca de la gram\u00e1tica \u00e1rabe es su dependencia de los patrones, que a menudo permite a los hablantes crear nuevas palabras siguiendo ciertas estructuras.<\/p>\n\n\n\n<p>Otro aspecto importante de <strong>la gram\u00e1tica \u00e1rabe es que es una lengua de g\u00e9nero<\/strong>, lo que significa que los sustantivos y adjetivos <a href=\"https:\/\/talkpal.ai\/locations\/language-courses-in-tienen\/\">tienen<\/a> formas espec\u00edficas de g\u00e9nero. \u00bfSab\u00edas que el \u00e1rabe incluso tiene una forma dual adem\u00e1s de las formas singular y plural? \u00a1Es verdad! La forma dual \u00e1rabe se <a href=\"https:\/\/talkpal.ai\/locations\/learn-english-in-usa\/\">usa<\/a> para indicar pares, como ojos, manos o padres. Agrega una capa adicional de especificidad de la que carece el idioma ingl\u00e9s.<\/p>\n\n\n\n<p>Ahora hablemos de <strong>la conjugaci\u00f3n de los verbos en \u00e1rabe<\/strong>, que es todo un mundo nuevo en s\u00ed mismo. Los verbos \u00e1rabes se basan en un sistema de ra\u00edces, que generalmente consisten en tres consonantes principales. La ra\u00edz determina el significado b\u00e1sico del verbo, y al agregar patrones voc\u00e1licos, se crean diferentes formas del verbo que expresan diferentes significados y tiempos. Por ejemplo, cambiar las vocales en una ra\u00edz puede cambiar el tiempo del pasado al presente, o convertir un verbo activo en uno pasivo. Bastante sorprendente, \u00bfverdad?<\/p>\n\n\n\n<p>Un aspecto m\u00e1s fascinante de la gram\u00e1tica \u00e1rabe del que tenemos que hablar es <strong>la definici\u00f3n<\/strong>. En ingl\u00e9s, utilizamos la palabra \u00abthe\u00bb para indicar que un sustantivo es definido. En \u00e1rabe, este concepto est\u00e1 integrado en la lengua a trav\u00e9s de una peque\u00f1a part\u00edcula llamada \u00abAl-\u00bb que se a\u00f1ade al principio de una palabra. Cuando un sustantivo va precedido de \u00abAl-\u00ab, se convierte en definido sin ning\u00fan calificativo adicional. As\u00ed, en lugar de decir \u00abla casa es grande\u00bb en \u00e1rabe, dir\u00edas \u00abAl-baytu kabir\u00bb, donde \u00abAl-baytu\u00bb significa \u00abla casa\u00bb.<\/p>\n\n\n\n<p><strong>El \u00e1rabe conversacional<\/strong> es m\u00e1s din\u00e1mico y fluido que el \u00e1rabe formal, como es el caso de cualquier idioma. Sin embargo, dominar los principios b\u00e1sicos de la gram\u00e1tica \u00e1rabe sigue siendo esencial para comprender y apreciar verdaderamente el idioma. Una vez que domine los patrones de ra\u00edz, las formas de g\u00e9nero y las conjugaciones verbales, ser\u00e1 mucho m\u00e1s f\u00e1cil reconocer y aprender nuevas palabras.<\/p>\n\n\n\n<p><strong>Aprender la gram\u00e1tica \u00e1rabe<\/strong> puede parecer desalentador al principio, pero con persistencia y dedicaci\u00f3n, podr\u00e1s apreciar la belleza de esta intrincada lengua. Al igual que resolver un rompecabezas complejo o descifrar un c\u00f3digo cifrado, la recompensa radica en la satisfacci\u00f3n de desbloquear los misterios de la lengua \u00e1rabe y sumergirse en su rica cultura, historia y literatura. Entonces, \u00bfqu\u00e9 est\u00e1s esperando? Sum\u00e9rgete en el encantador mundo de la gram\u00e1tica \u00e1rabe y descubre su verdadera esencia por ti mismo.<\/p>\n<\/div><\/div>\n\r\n<section class=\"learnNavigationSection\">\r\n            \r\n        <a href=\"https:\/\/talkpal.ai\/es\/aprender-arabe\/\">\r\n            <div class=\"learnNavigationWrapper\">\r\n                <div class=\"learnNavigationContent\">\r\n                    <img decoding=\"async\" src=\"https:\/\/talkpal.ai\/wp-content\/uploads\/2024\/08\/Arabic.jpg\" alt=\"Arabic Flag\">\r\n                    <div>\r\n                        <h4>Sobre el aprendizaje del \u00e1rabe<\/h4>\r\n                        <p>Desc\u00fabrelo todo sobre la gram\u00e1tica \u00e1rabe.<\/p>\r\n                    <\/div>\r\n                <\/div>\r\n            <\/div>\r\n        <\/a>\r\n\r\n        \r\n        <a href=\"https:\/\/talkpal.ai\/es\/ejercicios-de-gramatica-arabe\/\">\r\n            <div class=\"learnNavigationWrapper\">\r\n                <div class=\"learnNavigationContent\">\r\n                    <img decoding=\"async\" src=\"https:\/\/talkpal.ai\/wp-content\/uploads\/2024\/08\/Arabic.jpg\" alt=\"Arabic Flag\">\r\n                    <div>\r\n                        <h4>Ejercicio de gram\u00e1tica \u00e1rabe<\/h4>\r\n                        <p>Practicar la gram\u00e1tica \u00e1rabe.<\/p>\r\n                    <\/div>\r\n                <\/div>\r\n            <\/div>\r\n        <\/a>\r\n\r\n        \r\n        <a href=\"https:\/\/talkpal.ai\/vocabulary_language\/arabic\/\">\r\n            <div class=\"learnNavigationWrapper\">\r\n                <div class=\"learnNavigationContent\">\r\n                    <img decoding=\"async\" src=\"https:\/\/talkpal.ai\/wp-content\/uploads\/2024\/08\/Arabic.jpg\" alt=\"Arabic Flag\">\r\n                    <div>\r\n                        <h4>Vocabulario \u00e1rabe<\/h4>\r\n                        <p>Ampl\u00eda tu vocabulario \u00e1rabe.<\/p>\r\n                    <\/div>\r\n                <\/div>\r\n            <\/div>\r\n        <\/a>\r\n\r\n            <\/section>","protected":false},"excerpt":{"rendered":"<p>Las complejidades de la gram\u00e1tica \u00e1rabe: un viaje a trav\u00e9s de sus ra\u00edces y belleza \u00bfRecuerdas cuando empezaste a aprender gram\u00e1tica inglesa? Las reglas, excepciones y terminolog\u00edas aparentemente interminables podr\u00edan haberte dejado sinti\u00e9ndote abrumado a veces. Si est\u00e1s pensando en aprender la lengua \u00e1rabe, ten por seguro que tambi\u00e9n tiene un sistema gramatical \u00fanico e [&hellip;]<\/p>\n","protected":false},"author":1,"featured_media":11554,"parent":0,"menu_order":0,"comment_status":"closed","ping_status":"closed","template":"LearningContentPage.php","meta":{"_acf_changed":false,"footnotes":""},"class_list":["post-45179","page","type-page","status-publish","has-post-thumbnail","hentry"],"acf":[],"yoast_head":"<!-- This site is optimized with the Yoast SEO Premium plugin v27.2 (Yoast SEO v27.2) - https:\/\/yoast.com\/product\/yoast-seo-premium-wordpress\/ -->\n<title>Gram\u00e1tica \u00e1rabe - Talkpal<\/title>\n<meta name=\"description\" content=\"Explora los entresijos de la gram\u00e1tica \u00e1rabe y descubre su estructura \u00fanica en comparaci\u00f3n con la gram\u00e1tica inglesa.\" \/>\n<meta name=\"robots\" content=\"index, follow, max-snippet:-1, max-image-preview:large, max-video-preview:-1\" \/>\n<link rel=\"canonical\" href=\"https:\/\/talkpal.ai\/es\/gramatica-arabe\/\" \/>\n<meta property=\"og:locale\" content=\"es_ES\" \/>\n<meta property=\"og:type\" content=\"article\" \/>\n<meta property=\"og:title\" content=\"Gram\u00e1tica \u00e1rabe\" \/>\n<meta property=\"og:description\" content=\"Las complejidades de la gram\u00e1tica \u00e1rabe: un viaje a trav\u00e9s de sus ra\u00edces y belleza \u00bfRecuerdas cuando empezaste a aprender gram\u00e1tica inglesa? Las reglas,\" \/>\n<meta property=\"og:url\" content=\"https:\/\/talkpal.ai\/es\/gramatica-arabe\/\" \/>\n<meta property=\"og:site_name\" content=\"Talkpal\" \/>\n<meta property=\"article:publisher\" content=\"https:\/\/www.facebook.com\/profile.php?id=100090733639311\" \/>\n<meta property=\"article:modified_time\" content=\"2025-05-21T11:47:32+00:00\" \/>\n<meta property=\"og:image\" content=\"https:\/\/talkpal.ai\/wp-content\/uploads\/2023\/04\/arabic-united-arab-emirates.png\" \/>\n\t<meta property=\"og:image:width\" content=\"512\" \/>\n\t<meta property=\"og:image:height\" content=\"512\" \/>\n\t<meta property=\"og:image:type\" content=\"image\/png\" \/>\n<meta name=\"twitter:card\" content=\"summary_large_image\" \/>\n<meta name=\"twitter:site\" content=\"@talkpalai\" \/>\n<meta name=\"twitter:label1\" content=\"Tiempo de lectura\" \/>\n\t<meta name=\"twitter:data1\" content=\"3 minutos\" \/>\n<script type=\"application\/ld+json\" class=\"yoast-schema-graph\">{\"@context\":\"https:\/\/schema.org\",\"@graph\":[{\"@type\":\"WebPage\",\"@id\":\"https:\/\/talkpal.ai\/es\/gramatica-arabe\/\",\"url\":\"https:\/\/talkpal.ai\/es\/gramatica-arabe\/\",\"name\":\"Gram\u00e1tica \u00e1rabe - Talkpal\",\"isPartOf\":{\"@id\":\"https:\/\/talkpal.ai\/es\/#website\"},\"primaryImageOfPage\":{\"@id\":\"https:\/\/talkpal.ai\/es\/gramatica-arabe\/#primaryimage\"},\"image\":{\"@id\":\"https:\/\/talkpal.ai\/es\/gramatica-arabe\/#primaryimage\"},\"thumbnailUrl\":\"https:\/\/talkpal.ai\/wp-content\/uploads\/2023\/04\/arabic-united-arab-emirates.png\",\"datePublished\":\"2023-05-14T13:43:38+00:00\",\"dateModified\":\"2025-05-21T11:47:32+00:00\",\"description\":\"Explora los entresijos de la gram\u00e1tica \u00e1rabe y descubre su estructura \u00fanica en comparaci\u00f3n con la gram\u00e1tica inglesa.\",\"breadcrumb\":{\"@id\":\"https:\/\/talkpal.ai\/es\/gramatica-arabe\/#breadcrumb\"},\"inLanguage\":\"es\",\"potentialAction\":[{\"@type\":\"ReadAction\",\"target\":[\"https:\/\/talkpal.ai\/es\/gramatica-arabe\/\"]}]},{\"@type\":\"ImageObject\",\"inLanguage\":\"es\",\"@id\":\"https:\/\/talkpal.ai\/es\/gramatica-arabe\/#primaryimage\",\"url\":\"https:\/\/talkpal.ai\/wp-content\/uploads\/2023\/04\/arabic-united-arab-emirates.png\",\"contentUrl\":\"https:\/\/talkpal.ai\/wp-content\/uploads\/2023\/04\/arabic-united-arab-emirates.png\",\"width\":512,\"height\":512},{\"@type\":\"BreadcrumbList\",\"@id\":\"https:\/\/talkpal.ai\/es\/gramatica-arabe\/#breadcrumb\",\"itemListElement\":[{\"@type\":\"ListItem\",\"position\":1,\"name\":\"Homepage\",\"item\":\"https:\/\/talkpal.ai\/es\/\"},{\"@type\":\"ListItem\",\"position\":2,\"name\":\"Gram\u00e1tica \u00e1rabe\"}]},{\"@type\":\"WebSite\",\"@id\":\"https:\/\/talkpal.ai\/es\/#website\",\"url\":\"https:\/\/talkpal.ai\/es\/\",\"name\":\"Talkpal\",\"description\":\"AI Language Learning\",\"publisher\":{\"@id\":\"https:\/\/talkpal.ai\/es\/#organization\"},\"alternateName\":\"Talkpal AI\",\"potentialAction\":[{\"@type\":\"SearchAction\",\"target\":{\"@type\":\"EntryPoint\",\"urlTemplate\":\"https:\/\/talkpal.ai\/es\/?s={search_term_string}\"},\"query-input\":{\"@type\":\"PropertyValueSpecification\",\"valueRequired\":true,\"valueName\":\"search_term_string\"}}],\"inLanguage\":\"es\"},{\"@type\":\"Organization\",\"@id\":\"https:\/\/talkpal.ai\/es\/#organization\",\"name\":\"Talkpal, Inc.\",\"alternateName\":\"Talkpal AI\",\"url\":\"https:\/\/talkpal.ai\/es\/\",\"logo\":{\"@type\":\"ImageObject\",\"inLanguage\":\"es\",\"@id\":\"https:\/\/talkpal.ai\/es\/#\/schema\/logo\/image\/\",\"url\":\"https:\/\/talkpal.ai\/wp-content\/uploads\/2024\/03\/Talkpal-Logo-Icon.png\",\"contentUrl\":\"https:\/\/talkpal.ai\/wp-content\/uploads\/2024\/03\/Talkpal-Logo-Icon.png\",\"width\":2880,\"height\":2880,\"caption\":\"Talkpal, Inc.\"},\"image\":{\"@id\":\"https:\/\/talkpal.ai\/es\/#\/schema\/logo\/image\/\"},\"sameAs\":[\"https:\/\/www.facebook.com\/profile.php?id=100090733639311\",\"https:\/\/x.com\/talkpalai\",\"https:\/\/www.linkedin.com\/company\/talkpal\/\",\"https:\/\/www.youtube.com\/@TalkPal\/\",\"https:\/\/www.tiktok.com\/@talkpal\",\"https:\/\/www.instagram.com\/talkpal_ai\/\",\"https:\/\/www.crunchbase.com\/organization\/talkpal-9cde\",\"https:\/\/www.g2.com\/products\/talkpal-for-business\/\",\"https:\/\/www.trustpilot.com\/review\/talkpal.ai\",\"https:\/\/www.capterra.com\/p\/10006800\/TalkPal\/\"],\"description\":\"Talkpal is a language learning web and mobile education app, powered by the latest AI technologies, that provides engaging experiences to its customers in many different languages to help them improve their language skills. Users can chat about unlimited amount of topics with the app and use other modes to practice their language learning.\",\"email\":\"support@talkpal.ai\",\"legalName\":\"Talkpal, Inc.\",\"foundingDate\":\"2023-04-03\",\"duns\":\"118989042\",\"numberOfEmployees\":{\"@type\":\"QuantitativeValue\",\"minValue\":\"11\",\"maxValue\":\"50\"},\"publishingPrinciples\":\"https:\/\/talkpal.ai\/publishing-principles\/\",\"actionableFeedbackPolicy\":\"https:\/\/talkpal.ai\/actionable-feedback-policy\/\",\"correctionsPolicy\":\"https:\/\/talkpal.ai\/corrections-policy\/\",\"ethicsPolicy\":\"https:\/\/talkpal.ai\/ethics-policy\/\",\"diversityPolicy\":\"https:\/\/talkpal.ai\/diversity-policy\/\",\"diversityStaffingReport\":\"https:\/\/talkpal.ai\/diversity-policy\/\"}]}<\/script>\n<!-- \/ Yoast SEO Premium plugin. -->","yoast_head_json":{"title":"Gram\u00e1tica \u00e1rabe - Talkpal","description":"Explora los entresijos de la gram\u00e1tica \u00e1rabe y descubre su estructura \u00fanica en comparaci\u00f3n con la gram\u00e1tica inglesa.","robots":{"index":"index","follow":"follow","max-snippet":"max-snippet:-1","max-image-preview":"max-image-preview:large","max-video-preview":"max-video-preview:-1"},"canonical":"https:\/\/talkpal.ai\/es\/gramatica-arabe\/","og_locale":"es_ES","og_type":"article","og_title":"Gram\u00e1tica \u00e1rabe","og_description":"Las complejidades de la gram\u00e1tica \u00e1rabe: un viaje a trav\u00e9s de sus ra\u00edces y belleza \u00bfRecuerdas cuando empezaste a aprender gram\u00e1tica inglesa? Las reglas,","og_url":"https:\/\/talkpal.ai\/es\/gramatica-arabe\/","og_site_name":"Talkpal","article_publisher":"https:\/\/www.facebook.com\/profile.php?id=100090733639311","article_modified_time":"2025-05-21T11:47:32+00:00","og_image":[{"width":512,"height":512,"url":"https:\/\/talkpal.ai\/wp-content\/uploads\/2023\/04\/arabic-united-arab-emirates.png","type":"image\/png"}],"twitter_card":"summary_large_image","twitter_site":"@talkpalai","twitter_misc":{"Tiempo de lectura":"3 minutos"},"schema":{"@context":"https:\/\/schema.org","@graph":[{"@type":"WebPage","@id":"https:\/\/talkpal.ai\/es\/gramatica-arabe\/","url":"https:\/\/talkpal.ai\/es\/gramatica-arabe\/","name":"Gram\u00e1tica \u00e1rabe - Talkpal","isPartOf":{"@id":"https:\/\/talkpal.ai\/es\/#website"},"primaryImageOfPage":{"@id":"https:\/\/talkpal.ai\/es\/gramatica-arabe\/#primaryimage"},"image":{"@id":"https:\/\/talkpal.ai\/es\/gramatica-arabe\/#primaryimage"},"thumbnailUrl":"https:\/\/talkpal.ai\/wp-content\/uploads\/2023\/04\/arabic-united-arab-emirates.png","datePublished":"2023-05-14T13:43:38+00:00","dateModified":"2025-05-21T11:47:32+00:00","description":"Explora los entresijos de la gram\u00e1tica \u00e1rabe y descubre su estructura \u00fanica en comparaci\u00f3n con la gram\u00e1tica inglesa.","breadcrumb":{"@id":"https:\/\/talkpal.ai\/es\/gramatica-arabe\/#breadcrumb"},"inLanguage":"es","potentialAction":[{"@type":"ReadAction","target":["https:\/\/talkpal.ai\/es\/gramatica-arabe\/"]}]},{"@type":"ImageObject","inLanguage":"es","@id":"https:\/\/talkpal.ai\/es\/gramatica-arabe\/#primaryimage","url":"https:\/\/talkpal.ai\/wp-content\/uploads\/2023\/04\/arabic-united-arab-emirates.png","contentUrl":"https:\/\/talkpal.ai\/wp-content\/uploads\/2023\/04\/arabic-united-arab-emirates.png","width":512,"height":512},{"@type":"BreadcrumbList","@id":"https:\/\/talkpal.ai\/es\/gramatica-arabe\/#breadcrumb","itemListElement":[{"@type":"ListItem","position":1,"name":"Homepage","item":"https:\/\/talkpal.ai\/es\/"},{"@type":"ListItem","position":2,"name":"Gram\u00e1tica \u00e1rabe"}]},{"@type":"WebSite","@id":"https:\/\/talkpal.ai\/es\/#website","url":"https:\/\/talkpal.ai\/es\/","name":"Talkpal","description":"AI Language Learning","publisher":{"@id":"https:\/\/talkpal.ai\/es\/#organization"},"alternateName":"Talkpal AI","potentialAction":[{"@type":"SearchAction","target":{"@type":"EntryPoint","urlTemplate":"https:\/\/talkpal.ai\/es\/?s={search_term_string}"},"query-input":{"@type":"PropertyValueSpecification","valueRequired":true,"valueName":"search_term_string"}}],"inLanguage":"es"},{"@type":"Organization","@id":"https:\/\/talkpal.ai\/es\/#organization","name":"Talkpal, Inc.","alternateName":"Talkpal AI","url":"https:\/\/talkpal.ai\/es\/","logo":{"@type":"ImageObject","inLanguage":"es","@id":"https:\/\/talkpal.ai\/es\/#\/schema\/logo\/image\/","url":"https:\/\/talkpal.ai\/wp-content\/uploads\/2024\/03\/Talkpal-Logo-Icon.png","contentUrl":"https:\/\/talkpal.ai\/wp-content\/uploads\/2024\/03\/Talkpal-Logo-Icon.png","width":2880,"height":2880,"caption":"Talkpal, Inc."},"image":{"@id":"https:\/\/talkpal.ai\/es\/#\/schema\/logo\/image\/"},"sameAs":["https:\/\/www.facebook.com\/profile.php?id=100090733639311","https:\/\/x.com\/talkpalai","https:\/\/www.linkedin.com\/company\/talkpal\/","https:\/\/www.youtube.com\/@TalkPal\/","https:\/\/www.tiktok.com\/@talkpal","https:\/\/www.instagram.com\/talkpal_ai\/","https:\/\/www.crunchbase.com\/organization\/talkpal-9cde","https:\/\/www.g2.com\/products\/talkpal-for-business\/","https:\/\/www.trustpilot.com\/review\/talkpal.ai","https:\/\/www.capterra.com\/p\/10006800\/TalkPal\/"],"description":"Talkpal is a language learning web and mobile education app, powered by the latest AI technologies, that provides engaging experiences to its customers in many different languages to help them improve their language skills. Users can chat about unlimited amount of topics with the app and use other modes to practice their language learning.","email":"support@talkpal.ai","legalName":"Talkpal, Inc.","foundingDate":"2023-04-03","duns":"118989042","numberOfEmployees":{"@type":"QuantitativeValue","minValue":"11","maxValue":"50"},"publishingPrinciples":"https:\/\/talkpal.ai\/publishing-principles\/","actionableFeedbackPolicy":"https:\/\/talkpal.ai\/actionable-feedback-policy\/","correctionsPolicy":"https:\/\/talkpal.ai\/corrections-policy\/","ethicsPolicy":"https:\/\/talkpal.ai\/ethics-policy\/","diversityPolicy":"https:\/\/talkpal.ai\/diversity-policy\/","diversityStaffingReport":"https:\/\/talkpal.ai\/diversity-policy\/"}]}},"_links":{"self":[{"href":"https:\/\/talkpal.ai\/es\/wp-json\/wp\/v2\/pages\/45179","targetHints":{"allow":["GET"]}}],"collection":[{"href":"https:\/\/talkpal.ai\/es\/wp-json\/wp\/v2\/pages"}],"about":[{"href":"https:\/\/talkpal.ai\/es\/wp-json\/wp\/v2\/types\/page"}],"author":[{"embeddable":true,"href":"https:\/\/talkpal.ai\/es\/wp-json\/wp\/v2\/users\/1"}],"replies":[{"embeddable":true,"href":"https:\/\/talkpal.ai\/es\/wp-json\/wp\/v2\/comments?post=45179"}],"version-history":[{"count":0,"href":"https:\/\/talkpal.ai\/es\/wp-json\/wp\/v2\/pages\/45179\/revisions"}],"wp:featuredmedia":[{"embeddable":true,"href":"https:\/\/talkpal.ai\/es\/wp-json\/wp\/v2\/media\/11554"}],"wp:attachment":[{"href":"https:\/\/talkpal.ai\/es\/wp-json\/wp\/v2\/media?parent=45179"}],"curies":[{"name":"wp","href":"https:\/\/api.w.org\/{rel}","templated":true}]}}