{"id":45170,"date":"2023-05-14T13:50:21","date_gmt":"2023-05-14T13:50:21","guid":{"rendered":"http:\/\/talkpal.ai\/gramatica-finlandesa\/"},"modified":"2025-12-11T17:05:35","modified_gmt":"2025-12-11T17:05:35","slug":"gramatica-finlandesa","status":"publish","type":"page","link":"https:\/\/talkpal.ai\/es\/gramatica-finlandesa\/","title":{"rendered":"Gram\u00e1tica finlandesa"},"content":{"rendered":"\r\n\r\n\r\n<section class=\"languageChallengeSection\">\r\n    <div class=\"languageInfoWrapper\">\r\n        \r\n        <h1>Gram\u00e1tica finlandesa<\/h1>\r\n        <p>\u00bfListo para descubrir los secretos del fin\u00e9s? Sum\u00e9rgete en la gram\u00e1tica finlandesa, famosa por su estructura l\u00f3gica, armon\u00eda voc\u00e1lica y una impresionante variedad de casos. Empieza a aprender hoy mismo: dominar la gram\u00e1tica finlandesa te dar\u00e1 confianza para hablar y relacionarte, al tiempo que te abrir\u00e1 las puertas a la rica cultura y tradiciones de Finlandia.<\/p>\r\n\r\n                            <a class=\"getStartedHidden\" href=\"https:\/\/app.talkpal.ai\/es-es\/signup?lng=\">Comenzar<\/a>\r\n        \r\n    <\/div>\r\n\r\n    <figure>\r\n    <img decoding=\"async\" width=\"768\" height=\"768\" src=\"https:\/\/talkpal.ai\/wp-content\/uploads\/2023\/06\/Finnish-768x768.png\" class=\"languageImage no-lazy\" alt=\"Default alt text\" fetchpriority=\"high\" sizes=\"(max-width: 768px) 150px, 768px\" srcset=\"https:\/\/talkpal.ai\/wp-content\/uploads\/2023\/06\/Finnish-768x768.png 768w, https:\/\/talkpal.ai\/wp-content\/uploads\/2023\/06\/Finnish-300x300.png 300w\" \/>\r\n    \r\n\r\n    <\/figure>\r\n\r\n            <a class=\"getStartedVisible\" href=\"https:\/\/app.talkpal.ai\/es-es\/signup?lng=\">Comenzar<\/a>\r\n    \r\n<\/section>\r\n        <section class=\"grammarSection\">\r\n            <div class=\"grammarLinks\">\r\n                <a href=\"https:\/\/talkpal.ai\/es\/language\/adjetivos-gramatica-finlandesa\/\">Adjetivos <\/a><a href=\"https:\/\/talkpal.ai\/es\/language\/adverbios-gramatica-finlandesa\/\">Adverbios <\/a><a href=\"https:\/\/talkpal.ai\/es\/language\/articulos-gramatica-finlandesa\/\">Art\u00edculos <\/a><a href=\"https:\/\/talkpal.ai\/es\/language\/comparacion-de-tiempos-gramatica-finlandesa\/\">Comparaci\u00f3n de tiempos <\/a><a href=\"https:\/\/talkpal.ai\/es\/language\/estructura-de-las-oraciones-gramatica-finlandesa\/\">Estructura de las oraciones <\/a><a href=\"https:\/\/talkpal.ai\/es\/language\/postposiciones-gramatica-finlandesa\/\">Postposiciones <\/a><a href=\"https:\/\/talkpal.ai\/es\/language\/potencial-de-tiempos-verbales-gramatica-finlandesa\/\">Potencial de tiempos verbales <\/a><a href=\"https:\/\/talkpal.ai\/es\/language\/sustantivos-gramatica-finlandesa\/\">Sustantivos <\/a><a href=\"https:\/\/talkpal.ai\/es\/language\/tiempo-imperativo-gramatica-finlandesa\/\">Tiempo Imperativo <\/a><a href=\"https:\/\/talkpal.ai\/es\/language\/tiempos-verbales-indicativos-gramatica-finlandesa\/\">Tiempos verbales indicativos <\/a><a href=\"https:\/\/talkpal.ai\/es\/language\/verbos-gramatica-finlandesa\/\">Verbos <\/a>            <\/div>\r\n        <\/section>\r\n    <section class=\"promotionalBanner\">\r\n    <p class=\"promotionalText\">La forma m\u00e1s eficiente de aprender un idioma<\/p>\r\n    <a class=\"promotionalLink\" href=\"https:\/\/app.talkpal.ai\/es-es\/signup?lng=\">Prueba Talkpal gratis<\/a>\r\n<\/section>\n<div class=\"wp-block-group pageContainerStyle\"><div class=\"wp-block-group__inner-container is-layout-constrained wp-block-group-is-layout-constrained\">\n<h2 class=\"wp-block-heading\" id=\"h-finnish-grammar-a-guide-to-mastering-the-complexities-of-the-finnish-language\">Gram\u00e1tica finlandesa: una gu\u00eda para dominar las complejidades del idioma finland\u00e9s<\/h2>\n\n\n\n<p>El <a href=\"https:\/\/talkpal.ai\/learn-finnish\/\">finland\u00e9s<\/a>, un idioma \u00fanico y fascinante hablado por aproximadamente 5 millones de personas, es conocido por sus complejidades y su distintivo sistema gramatical. A primera <a href=\"https:\/\/talkpal.ai\/locations\/language-courses-in-vista\/\">vista<\/a>, las reglas y estructuras de la gram\u00e1tica finlandesa pueden parecer desalentadoras, \u00a1pero no temas! Con paciencia, pr\u00e1ctica y orientaci\u00f3n, puede desvelar los misterios de la gram\u00e1tica finlandesa y mejorar sus habilidades ling\u00fc\u00edsticas. En este art\u00edculo daremos una visi\u00f3n general de la gram\u00e1tica finlandesa y compartiremos algunos consejos <a href=\"https:\/\/talkpal.ai\/culture\/how-do-i-use-para-que-correctly\/\">para que<\/a> tu aprendizaje sea m\u00e1s fluido.<\/p>\n\n\n\n<h3 class=\"wp-block-heading\" id=\"h-the-basics-of-finnish-grammar\">Los fundamentos de la gram\u00e1tica finlandesa:<\/h3>\n\n\n\n<p>La gram\u00e1tica finlandesa, muy diferente de la <a href=\"https:\/\/talkpal.ai\/pt-pt\/o-que-ha-de-especial-na-gramatica-inglesa\/\">gram\u00e1tica inglesa<\/a>, se caracteriza por su rico uso de casos, falta de g\u00e9nero gramatical y sistema \u00fanico de conjugaci\u00f3n verbal. Aqu\u00ed hay algunos aspectos esenciales de la gram\u00e1tica finlandesa con los que debe estar familiarizado:<\/p>\n\n\n\n<p><strong>1. Casos sustantivos:<\/strong> El finland\u00e9s tiene 15 casos nominales, <a href=\"https:\/\/talkpal.ai\/culture\/how-do-i-use-lo-que-in-a-sentence\/\">lo que<\/a> denota la relaci\u00f3n entre un sustantivo y otros constituyentes de una oraci\u00f3n. Cada caso de sustantivo tiene una terminaci\u00f3n espec\u00edfica que se adjunta al tallo del sustantivo. Algunos ejemplos de casos sustantivos incluyen nominativo, genitivo, acusativo y parcial.<\/p>\n\n\n\n<p><strong>2. Sin g\u00e9nero gramatical:<\/strong> A diferencia de muchos idiomas, el finland\u00e9s no asigna g\u00e9nero a los sustantivos. En su lugar, el idioma utiliza una palabra -h\u00e4n- para referirse tanto a \u00ab\u00e9l\u00bb <a href=\"https:\/\/talkpal.ai\/locations\/language-courses-in-como\/\">como<\/a> a \u00abella\u00bb. Esta caracter\u00edstica simplifica el proceso de aprendizaje del fin\u00e9s y elimina la necesidad de memorizar art\u00edculos o formas de pronombres con g\u00e9nero.<\/p>\n\n\n\n<p><strong>3. Conjugaci\u00f3n verbal:<\/strong> los verbos finlandeses se conjugan en funci\u00f3n del tiempo, el estado de \u00e1nimo y la voz. Hay cuatro <a href=\"https:\/\/talkpal.ai\/zh-hans\/grammar_exercises\/tiempos-%e8%a5%bf%e7%8f%ad%e7%89%99%e8%af%ad%e6%b3%95%e7%bb%83%e4%b9%a0\/\">tiempos verbales<\/a> en finland\u00e9s: <a href=\"https:\/\/talkpal.ai\/zh-hans\/grammar_exercises\/presente-%e8%a5%bf%e7%8f%ad%e7%89%99%e8%af%ad%e6%b3%95%e7%bb%83%e4%b9%a0\/\">presente<\/a>, pasado, perfecto y pluperfecto. Adem\u00e1s, los verbos finlandeses <a href=\"https:\/\/talkpal.ai\/locations\/language-courses-in-tienen\/\">tienen<\/a> cinco modos de \u00e1nimo: indicativo, condicional, potencial, imperativo y eventivo.<\/p>\n\n\n\n<p><strong>4. Armon\u00eda voc\u00e1lica<\/strong> : En finland\u00e9s, las vocales se dividen en tres grupos: frontal (\u00e4, \u00f6, y), posterior (a, o, u) y neutral (i, e). Debido a la armon\u00eda voc\u00e1lica, las vocales anteriores y posteriores generalmente no pueden aparecer en la misma palabra, excepto las palabras compuestas y algunos pr\u00e9stamos.<\/p>\n\n\n\n<h3 class=\"wp-block-heading\" id=\"h-strategies-for-learning-finnish-grammar\">Estrategias para aprender gram\u00e1tica finlandesa:<\/h3>\n\n\n\n<p>Comprender la gram\u00e1tica finlandesa puede parecer abrumador, pero con la mentalidad y las estrategias de aprendizaje adecuadas, ser\u00e1s capaz de pillarle el truco. Aqu\u00ed hay algunos consejos \u00fatiles para guiar su estudio:<\/p>\n\n\n\n<p><strong>1. Da peque\u00f1os pasos:<\/strong> comienza con los conceptos b\u00e1sicos de la gram\u00e1tica finlandesa, como los casos de sustantivos y la conjugaci\u00f3n verbal. Al dividir las reglas complejas en partes m\u00e1s peque\u00f1as y digeribles, podr\u00e1s progresar de forma constante y construir una base s\u00f3lida.<\/p>\n\n\n\n<p><strong>2. Practica regularmente:<\/strong> La consistencia es clave cuando se aprende un idioma. Asigne tiempo cada d\u00eda o semana para practicar la gram\u00e1tica a trav\u00e9s de ejercicios, lectura y escritura en finland\u00e9s.<\/p>\n\n\n\n<p><strong>3. Utilice recursos<\/strong> nativos: para obtener una mejor comprensi\u00f3n de la gram\u00e1tica finlandesa en contexto, sum\u00e9rjase en materiales nativos, como literatura, art\u00edculos de noticias y podcasts. Esto te ayudar\u00e1 a internalizar las reglas y mejorar tus habilidades de escucha y lectura.<\/p>\n\n\n\n<p><strong>4. Con\u00e9ctate con hablantes nativos: Entablar una conversaci\u00f3n con hablantes<\/strong> nativos de finland\u00e9s es una excelente manera de practicar la gram\u00e1tica y recibir comentarios valiosos. Considere unirse a grupos de intercambio de idiomas o foros en l\u00ednea donde pueda conectarse con personas que hablen finland\u00e9s.<\/p>\n\n\n\n<p><strong>5. S\u00e9 paciente y perseverante:<\/strong> Aprender gram\u00e1tica finlandesa es un viaje dif\u00edcil, pero con paciencia y dedicaci\u00f3n, desentra\u00f1ar\u00e1s sus entresijos y llegar\u00e1s a dominar la lengua.<\/p>\n\n\n\n<h3 class=\"wp-block-heading\" id=\"h-conclusion\">Conclusi\u00f3n:<\/h3>\n\n\n\n<p>El mundo de la gram\u00e1tica finlandesa, aunque complejo, es intrigante y se puede desentra\u00f1ar a trav\u00e9s de la determinaci\u00f3n y la pr\u00e1ctica. Familiariz\u00e1ndote con los elementos b\u00e1sicos de la gram\u00e1tica finlandesa y siguiendo nuestras estrategias de aprendizaje, allanar\u00e1s el camino hacia la fluidez y una apreciaci\u00f3n m\u00e1s profunda de esta cautivadora lengua. As\u00ed que sum\u00e9rgete en los entresijos de la gram\u00e1tica finlandesa con una mentalidad positiva y, antes de que te des cuenta, \u00a1navegar\u00e1s con confianza por el paisaje ling\u00fc\u00edstico del suomi!<\/p>\n<\/div><\/div>\n\r\n<section class=\"learnNavigationSection\">\r\n            \r\n        <a href=\"https:\/\/talkpal.ai\/es\/aprender-fines\/\">\r\n            <div class=\"learnNavigationWrapper\">\r\n                <div class=\"learnNavigationContent\">\r\n                    <img decoding=\"async\" src=\"https:\/\/talkpal.ai\/wp-content\/uploads\/2024\/08\/Finnish.jpg\" alt=\"Finnish Flag\">\r\n                    <div>\r\n                        <h4>Sobre el aprendizaje finland\u00e9s<\/h4>\r\n                        <p>Descubra todo sobre la gram\u00e1tica finlandesa.<\/p>\r\n                    <\/div>\r\n                <\/div>\r\n            <\/div>\r\n        <\/a>\r\n\r\n        \r\n        <a href=\"https:\/\/talkpal.ai\/es\/ejercicios-de-gramatica-finlandesa\/\">\r\n            <div class=\"learnNavigationWrapper\">\r\n                <div class=\"learnNavigationContent\">\r\n                    <img decoding=\"async\" src=\"https:\/\/talkpal.ai\/wp-content\/uploads\/2024\/08\/Finnish.jpg\" alt=\"Finnish Flag\">\r\n                    <div>\r\n                        <h4>Ejercicio de gram\u00e1tica finlandesa<\/h4>\r\n                        <p>Practicar la gram\u00e1tica finlandesa.<\/p>\r\n                    <\/div>\r\n                <\/div>\r\n            <\/div>\r\n        <\/a>\r\n\r\n        \r\n        <a href=\"https:\/\/talkpal.ai\/vocabulary_language\/finnish\/\">\r\n            <div class=\"learnNavigationWrapper\">\r\n                <div class=\"learnNavigationContent\">\r\n                    <img decoding=\"async\" src=\"https:\/\/talkpal.ai\/wp-content\/uploads\/2024\/08\/Finnish.jpg\" alt=\"Finnish Flag\">\r\n                    <div>\r\n                        <h4>Vocabulario finland\u00e9s<\/h4>\r\n                        <p>Ampl\u00eda tu vocabulario finland\u00e9s.<\/p>\r\n                    <\/div>\r\n                <\/div>\r\n            <\/div>\r\n        <\/a>\r\n\r\n            <\/section>","protected":false},"excerpt":{"rendered":"<p>Gram\u00e1tica finlandesa: una gu\u00eda para dominar las complejidades del idioma finland\u00e9s El finland\u00e9s, un idioma \u00fanico y fascinante hablado por aproximadamente 5 millones de personas, es conocido por sus complejidades y su distintivo sistema gramatical. A primera vista, las reglas y estructuras de la gram\u00e1tica finlandesa pueden parecer desalentadoras, \u00a1pero no temas! Con paciencia, pr\u00e1ctica [&hellip;]<\/p>\n","protected":false},"author":1,"featured_media":11568,"parent":0,"menu_order":0,"comment_status":"closed","ping_status":"closed","template":"LearningContentPage.php","meta":{"_acf_changed":false,"footnotes":""},"class_list":["post-45170","page","type-page","status-publish","has-post-thumbnail","hentry"],"acf":[],"yoast_head":"<!-- This site is optimized with the Yoast SEO Premium plugin v27.2 (Yoast SEO v27.2) - https:\/\/yoast.com\/product\/yoast-seo-premium-wordpress\/ -->\n<title>Gram\u00e1tica finlandesa - Talkpal<\/title>\n<meta name=\"description\" content=\"Aprende aspectos esenciales de la gram\u00e1tica finlandesa, como los casos, los verbos, la estructura de las frases y consejos de pronunciaci\u00f3n para dominar la lengua finlandesa.\" \/>\n<meta name=\"robots\" content=\"index, follow, max-snippet:-1, max-image-preview:large, max-video-preview:-1\" \/>\n<link rel=\"canonical\" href=\"https:\/\/talkpal.ai\/es\/gramatica-finlandesa\/\" \/>\n<meta property=\"og:locale\" content=\"es_ES\" \/>\n<meta property=\"og:type\" content=\"article\" \/>\n<meta property=\"og:title\" content=\"Gram\u00e1tica finlandesa\" \/>\n<meta property=\"og:description\" content=\"Gram\u00e1tica finlandesa: una gu\u00eda para dominar las complejidades del idioma finland\u00e9s El finland\u00e9s, un idioma \u00fanico y fascinante hablado por aproximadamente\" \/>\n<meta property=\"og:url\" content=\"https:\/\/talkpal.ai\/es\/gramatica-finlandesa\/\" \/>\n<meta property=\"og:site_name\" content=\"Talkpal\" \/>\n<meta property=\"article:publisher\" content=\"https:\/\/www.facebook.com\/profile.php?id=100090733639311\" \/>\n<meta property=\"article:modified_time\" content=\"2025-12-11T17:05:35+00:00\" \/>\n<meta property=\"og:image\" content=\"https:\/\/talkpal.ai\/wp-content\/uploads\/2023\/04\/finland.png\" \/>\n\t<meta property=\"og:image:width\" content=\"512\" \/>\n\t<meta property=\"og:image:height\" content=\"512\" \/>\n\t<meta property=\"og:image:type\" content=\"image\/png\" \/>\n<meta name=\"twitter:card\" content=\"summary_large_image\" \/>\n<meta name=\"twitter:site\" content=\"@talkpalai\" \/>\n<meta name=\"twitter:label1\" content=\"Tiempo de lectura\" \/>\n\t<meta name=\"twitter:data1\" content=\"4 minutos\" \/>\n<script type=\"application\/ld+json\" class=\"yoast-schema-graph\">{\"@context\":\"https:\/\/schema.org\",\"@graph\":[{\"@type\":\"WebPage\",\"@id\":\"https:\/\/talkpal.ai\/es\/gramatica-finlandesa\/\",\"url\":\"https:\/\/talkpal.ai\/es\/gramatica-finlandesa\/\",\"name\":\"Gram\u00e1tica finlandesa - Talkpal\",\"isPartOf\":{\"@id\":\"https:\/\/talkpal.ai\/es\/#website\"},\"primaryImageOfPage\":{\"@id\":\"https:\/\/talkpal.ai\/es\/gramatica-finlandesa\/#primaryimage\"},\"image\":{\"@id\":\"https:\/\/talkpal.ai\/es\/gramatica-finlandesa\/#primaryimage\"},\"thumbnailUrl\":\"https:\/\/talkpal.ai\/wp-content\/uploads\/2023\/04\/finland.png\",\"datePublished\":\"2023-05-14T13:50:21+00:00\",\"dateModified\":\"2025-12-11T17:05:35+00:00\",\"description\":\"Aprende aspectos esenciales de la gram\u00e1tica finlandesa, como los casos, los verbos, la estructura de las frases y consejos de pronunciaci\u00f3n para dominar la lengua finlandesa.\",\"breadcrumb\":{\"@id\":\"https:\/\/talkpal.ai\/es\/gramatica-finlandesa\/#breadcrumb\"},\"inLanguage\":\"es\",\"potentialAction\":[{\"@type\":\"ReadAction\",\"target\":[\"https:\/\/talkpal.ai\/es\/gramatica-finlandesa\/\"]}]},{\"@type\":\"ImageObject\",\"inLanguage\":\"es\",\"@id\":\"https:\/\/talkpal.ai\/es\/gramatica-finlandesa\/#primaryimage\",\"url\":\"https:\/\/talkpal.ai\/wp-content\/uploads\/2023\/04\/finland.png\",\"contentUrl\":\"https:\/\/talkpal.ai\/wp-content\/uploads\/2023\/04\/finland.png\",\"width\":512,\"height\":512,\"caption\":\"TalkPal finland Flag\"},{\"@type\":\"BreadcrumbList\",\"@id\":\"https:\/\/talkpal.ai\/es\/gramatica-finlandesa\/#breadcrumb\",\"itemListElement\":[{\"@type\":\"ListItem\",\"position\":1,\"name\":\"Homepage\",\"item\":\"https:\/\/talkpal.ai\/es\/\"},{\"@type\":\"ListItem\",\"position\":2,\"name\":\"Gram\u00e1tica finlandesa\"}]},{\"@type\":\"WebSite\",\"@id\":\"https:\/\/talkpal.ai\/es\/#website\",\"url\":\"https:\/\/talkpal.ai\/es\/\",\"name\":\"Talkpal\",\"description\":\"AI Language Learning\",\"publisher\":{\"@id\":\"https:\/\/talkpal.ai\/es\/#organization\"},\"alternateName\":\"Talkpal AI\",\"potentialAction\":[{\"@type\":\"SearchAction\",\"target\":{\"@type\":\"EntryPoint\",\"urlTemplate\":\"https:\/\/talkpal.ai\/es\/?s={search_term_string}\"},\"query-input\":{\"@type\":\"PropertyValueSpecification\",\"valueRequired\":true,\"valueName\":\"search_term_string\"}}],\"inLanguage\":\"es\"},{\"@type\":\"Organization\",\"@id\":\"https:\/\/talkpal.ai\/es\/#organization\",\"name\":\"Talkpal, Inc.\",\"alternateName\":\"Talkpal AI\",\"url\":\"https:\/\/talkpal.ai\/es\/\",\"logo\":{\"@type\":\"ImageObject\",\"inLanguage\":\"es\",\"@id\":\"https:\/\/talkpal.ai\/es\/#\/schema\/logo\/image\/\",\"url\":\"https:\/\/talkpal.ai\/wp-content\/uploads\/2024\/03\/Talkpal-Logo-Icon.png\",\"contentUrl\":\"https:\/\/talkpal.ai\/wp-content\/uploads\/2024\/03\/Talkpal-Logo-Icon.png\",\"width\":2880,\"height\":2880,\"caption\":\"Talkpal, Inc.\"},\"image\":{\"@id\":\"https:\/\/talkpal.ai\/es\/#\/schema\/logo\/image\/\"},\"sameAs\":[\"https:\/\/www.facebook.com\/profile.php?id=100090733639311\",\"https:\/\/x.com\/talkpalai\",\"https:\/\/www.linkedin.com\/company\/talkpal\/\",\"https:\/\/www.youtube.com\/@TalkPal\/\",\"https:\/\/www.tiktok.com\/@talkpal\",\"https:\/\/www.instagram.com\/talkpal_ai\/\",\"https:\/\/www.crunchbase.com\/organization\/talkpal-9cde\",\"https:\/\/www.g2.com\/products\/talkpal-for-business\/\",\"https:\/\/www.trustpilot.com\/review\/talkpal.ai\",\"https:\/\/www.capterra.com\/p\/10006800\/TalkPal\/\"],\"description\":\"Talkpal is a language learning web and mobile education app, powered by the latest AI technologies, that provides engaging experiences to its customers in many different languages to help them improve their language skills. Users can chat about unlimited amount of topics with the app and use other modes to practice their language learning.\",\"email\":\"support@talkpal.ai\",\"legalName\":\"Talkpal, Inc.\",\"foundingDate\":\"2023-04-03\",\"duns\":\"118989042\",\"numberOfEmployees\":{\"@type\":\"QuantitativeValue\",\"minValue\":\"11\",\"maxValue\":\"50\"},\"publishingPrinciples\":\"https:\/\/talkpal.ai\/publishing-principles\/\",\"actionableFeedbackPolicy\":\"https:\/\/talkpal.ai\/actionable-feedback-policy\/\",\"correctionsPolicy\":\"https:\/\/talkpal.ai\/corrections-policy\/\",\"ethicsPolicy\":\"https:\/\/talkpal.ai\/ethics-policy\/\",\"diversityPolicy\":\"https:\/\/talkpal.ai\/diversity-policy\/\",\"diversityStaffingReport\":\"https:\/\/talkpal.ai\/diversity-policy\/\"}]}<\/script>\n<!-- \/ Yoast SEO Premium plugin. -->","yoast_head_json":{"title":"Gram\u00e1tica finlandesa - Talkpal","description":"Aprende aspectos esenciales de la gram\u00e1tica finlandesa, como los casos, los verbos, la estructura de las frases y consejos de pronunciaci\u00f3n para dominar la lengua finlandesa.","robots":{"index":"index","follow":"follow","max-snippet":"max-snippet:-1","max-image-preview":"max-image-preview:large","max-video-preview":"max-video-preview:-1"},"canonical":"https:\/\/talkpal.ai\/es\/gramatica-finlandesa\/","og_locale":"es_ES","og_type":"article","og_title":"Gram\u00e1tica finlandesa","og_description":"Gram\u00e1tica finlandesa: una gu\u00eda para dominar las complejidades del idioma finland\u00e9s El finland\u00e9s, un idioma \u00fanico y fascinante hablado por aproximadamente","og_url":"https:\/\/talkpal.ai\/es\/gramatica-finlandesa\/","og_site_name":"Talkpal","article_publisher":"https:\/\/www.facebook.com\/profile.php?id=100090733639311","article_modified_time":"2025-12-11T17:05:35+00:00","og_image":[{"width":512,"height":512,"url":"https:\/\/talkpal.ai\/wp-content\/uploads\/2023\/04\/finland.png","type":"image\/png"}],"twitter_card":"summary_large_image","twitter_site":"@talkpalai","twitter_misc":{"Tiempo de lectura":"4 minutos"},"schema":{"@context":"https:\/\/schema.org","@graph":[{"@type":"WebPage","@id":"https:\/\/talkpal.ai\/es\/gramatica-finlandesa\/","url":"https:\/\/talkpal.ai\/es\/gramatica-finlandesa\/","name":"Gram\u00e1tica finlandesa - Talkpal","isPartOf":{"@id":"https:\/\/talkpal.ai\/es\/#website"},"primaryImageOfPage":{"@id":"https:\/\/talkpal.ai\/es\/gramatica-finlandesa\/#primaryimage"},"image":{"@id":"https:\/\/talkpal.ai\/es\/gramatica-finlandesa\/#primaryimage"},"thumbnailUrl":"https:\/\/talkpal.ai\/wp-content\/uploads\/2023\/04\/finland.png","datePublished":"2023-05-14T13:50:21+00:00","dateModified":"2025-12-11T17:05:35+00:00","description":"Aprende aspectos esenciales de la gram\u00e1tica finlandesa, como los casos, los verbos, la estructura de las frases y consejos de pronunciaci\u00f3n para dominar la lengua finlandesa.","breadcrumb":{"@id":"https:\/\/talkpal.ai\/es\/gramatica-finlandesa\/#breadcrumb"},"inLanguage":"es","potentialAction":[{"@type":"ReadAction","target":["https:\/\/talkpal.ai\/es\/gramatica-finlandesa\/"]}]},{"@type":"ImageObject","inLanguage":"es","@id":"https:\/\/talkpal.ai\/es\/gramatica-finlandesa\/#primaryimage","url":"https:\/\/talkpal.ai\/wp-content\/uploads\/2023\/04\/finland.png","contentUrl":"https:\/\/talkpal.ai\/wp-content\/uploads\/2023\/04\/finland.png","width":512,"height":512,"caption":"TalkPal finland Flag"},{"@type":"BreadcrumbList","@id":"https:\/\/talkpal.ai\/es\/gramatica-finlandesa\/#breadcrumb","itemListElement":[{"@type":"ListItem","position":1,"name":"Homepage","item":"https:\/\/talkpal.ai\/es\/"},{"@type":"ListItem","position":2,"name":"Gram\u00e1tica finlandesa"}]},{"@type":"WebSite","@id":"https:\/\/talkpal.ai\/es\/#website","url":"https:\/\/talkpal.ai\/es\/","name":"Talkpal","description":"AI Language Learning","publisher":{"@id":"https:\/\/talkpal.ai\/es\/#organization"},"alternateName":"Talkpal AI","potentialAction":[{"@type":"SearchAction","target":{"@type":"EntryPoint","urlTemplate":"https:\/\/talkpal.ai\/es\/?s={search_term_string}"},"query-input":{"@type":"PropertyValueSpecification","valueRequired":true,"valueName":"search_term_string"}}],"inLanguage":"es"},{"@type":"Organization","@id":"https:\/\/talkpal.ai\/es\/#organization","name":"Talkpal, Inc.","alternateName":"Talkpal AI","url":"https:\/\/talkpal.ai\/es\/","logo":{"@type":"ImageObject","inLanguage":"es","@id":"https:\/\/talkpal.ai\/es\/#\/schema\/logo\/image\/","url":"https:\/\/talkpal.ai\/wp-content\/uploads\/2024\/03\/Talkpal-Logo-Icon.png","contentUrl":"https:\/\/talkpal.ai\/wp-content\/uploads\/2024\/03\/Talkpal-Logo-Icon.png","width":2880,"height":2880,"caption":"Talkpal, Inc."},"image":{"@id":"https:\/\/talkpal.ai\/es\/#\/schema\/logo\/image\/"},"sameAs":["https:\/\/www.facebook.com\/profile.php?id=100090733639311","https:\/\/x.com\/talkpalai","https:\/\/www.linkedin.com\/company\/talkpal\/","https:\/\/www.youtube.com\/@TalkPal\/","https:\/\/www.tiktok.com\/@talkpal","https:\/\/www.instagram.com\/talkpal_ai\/","https:\/\/www.crunchbase.com\/organization\/talkpal-9cde","https:\/\/www.g2.com\/products\/talkpal-for-business\/","https:\/\/www.trustpilot.com\/review\/talkpal.ai","https:\/\/www.capterra.com\/p\/10006800\/TalkPal\/"],"description":"Talkpal is a language learning web and mobile education app, powered by the latest AI technologies, that provides engaging experiences to its customers in many different languages to help them improve their language skills. Users can chat about unlimited amount of topics with the app and use other modes to practice their language learning.","email":"support@talkpal.ai","legalName":"Talkpal, Inc.","foundingDate":"2023-04-03","duns":"118989042","numberOfEmployees":{"@type":"QuantitativeValue","minValue":"11","maxValue":"50"},"publishingPrinciples":"https:\/\/talkpal.ai\/publishing-principles\/","actionableFeedbackPolicy":"https:\/\/talkpal.ai\/actionable-feedback-policy\/","correctionsPolicy":"https:\/\/talkpal.ai\/corrections-policy\/","ethicsPolicy":"https:\/\/talkpal.ai\/ethics-policy\/","diversityPolicy":"https:\/\/talkpal.ai\/diversity-policy\/","diversityStaffingReport":"https:\/\/talkpal.ai\/diversity-policy\/"}]}},"_links":{"self":[{"href":"https:\/\/talkpal.ai\/es\/wp-json\/wp\/v2\/pages\/45170","targetHints":{"allow":["GET"]}}],"collection":[{"href":"https:\/\/talkpal.ai\/es\/wp-json\/wp\/v2\/pages"}],"about":[{"href":"https:\/\/talkpal.ai\/es\/wp-json\/wp\/v2\/types\/page"}],"author":[{"embeddable":true,"href":"https:\/\/talkpal.ai\/es\/wp-json\/wp\/v2\/users\/1"}],"replies":[{"embeddable":true,"href":"https:\/\/talkpal.ai\/es\/wp-json\/wp\/v2\/comments?post=45170"}],"version-history":[{"count":0,"href":"https:\/\/talkpal.ai\/es\/wp-json\/wp\/v2\/pages\/45170\/revisions"}],"wp:featuredmedia":[{"embeddable":true,"href":"https:\/\/talkpal.ai\/es\/wp-json\/wp\/v2\/media\/11568"}],"wp:attachment":[{"href":"https:\/\/talkpal.ai\/es\/wp-json\/wp\/v2\/media?parent=45170"}],"curies":[{"name":"wp","href":"https:\/\/api.w.org\/{rel}","templated":true}]}}