{"id":45169,"date":"2023-05-14T13:49:38","date_gmt":"2023-05-14T13:49:38","guid":{"rendered":"http:\/\/talkpal.ai\/gramatica-holandesa\/"},"modified":"2025-12-11T17:02:10","modified_gmt":"2025-12-11T17:02:10","slug":"gramatica-holandesa","status":"publish","type":"page","link":"https:\/\/talkpal.ai\/es\/gramatica-holandesa\/","title":{"rendered":"Gram\u00e1tica holandesa"},"content":{"rendered":"\r\n\r\n\r\n<section class=\"languageChallengeSection\">\r\n    <div class=\"languageInfoWrapper\">\r\n        \r\n        <h1>Gram\u00e1tica holandesa<\/h1>\r\n        <p>Explora los fundamentos de la lengua neerlandesa aprendiendo sus reglas gramaticales esenciales. Dominar la gram\u00e1tica holandesa te ayudar\u00e1 a comunicarte con eficacia y a conocer mejor la cultura holandesa. \u00a1Empieza a <a href=\"https:\/\/talkpal.ai\/fr\/grammaire\/\">aprender gram\u00e1tica<\/a> holandesa hoy mismo y da el primer paso hacia la fluidez!\n<\/p>\r\n\r\n                            <a class=\"getStartedHidden\" href=\"https:\/\/app.talkpal.ai\/es-es\/signup?lng=\">Comenzar<\/a>\r\n        \r\n    <\/div>\r\n\r\n    <figure>\r\n    <img decoding=\"async\" width=\"768\" height=\"768\" src=\"https:\/\/talkpal.ai\/wp-content\/uploads\/2023\/06\/Dutch-768x768.png\" class=\"languageImage no-lazy\" alt=\"Default alt text\" fetchpriority=\"high\" sizes=\"(max-width: 768px) 150px, 768px\" srcset=\"https:\/\/talkpal.ai\/wp-content\/uploads\/2023\/06\/Dutch-768x768.png 768w, https:\/\/talkpal.ai\/wp-content\/uploads\/2023\/06\/Dutch-300x300.png 300w\" \/>\r\n    \r\n\r\n    <\/figure>\r\n\r\n            <a class=\"getStartedVisible\" href=\"https:\/\/app.talkpal.ai\/es-es\/signup?lng=\">Comenzar<\/a>\r\n    \r\n<\/section>\r\n        <section class=\"grammarSection\">\r\n            <div class=\"grammarLinks\">\r\n                <a href=\"https:\/\/talkpal.ai\/es\/language\/adjetivos-gramatica-holandesa\/\">Adjetivos <\/a><a href=\"https:\/\/talkpal.ai\/es\/language\/adverbios-gramatica-holandesa\/\">Adverbios <\/a><a href=\"https:\/\/talkpal.ai\/es\/language\/articulos-gramatica-holandesa\/\">Art\u00edculos <\/a><a href=\"https:\/\/talkpal.ai\/es\/language\/comparacion-de-tiempos-gramatica-holandesa\/\">Comparaci\u00f3n de tiempos <\/a><a href=\"https:\/\/talkpal.ai\/es\/language\/estructura-de-la-oracion-gramatica-holandesa\/\">Estructura de la oraci\u00f3n <\/a><a href=\"https:\/\/talkpal.ai\/es\/language\/preposiciones-gramatica-holandesa\/\">Preposiciones <\/a><a href=\"https:\/\/talkpal.ai\/es\/language\/pronombres-gramatica-holandesa\/\">Pronombres <\/a><a href=\"https:\/\/talkpal.ai\/es\/language\/sustantivos-gramatica-holandesa\/\">Sustantivos <\/a><a href=\"https:\/\/talkpal.ai\/es\/language\/tiempos-subjuntivos-gramatica-holandesa\/\">Tiempos subjuntivos <\/a><a href=\"https:\/\/talkpal.ai\/es\/language\/tiempos-verbales-indicativos-gramatica-holandesa\/\">Tiempos verbales indicativos <\/a><a href=\"https:\/\/talkpal.ai\/es\/language\/verbos-gramatica-holandesa\/\">Verbos <\/a>            <\/div>\r\n        <\/section>\r\n    <section class=\"promotionalBanner\">\r\n    <p class=\"promotionalText\">La forma m\u00e1s eficiente de aprender un idioma<\/p>\r\n    <a class=\"promotionalLink\" href=\"https:\/\/app.talkpal.ai\/es-es\/signup?lng=\">Prueba Talkpal gratis<\/a>\r\n<\/section>\n<div class=\"wp-block-group pageContainerStyle\"><div class=\"wp-block-group__inner-container is-layout-constrained wp-block-group-is-layout-constrained\">\n<h2 class=\"wp-block-heading\" id=\"h-dutch-grammar-master-the-mechanics-of-the-dutch-language\">Gram\u00e1tica holandesa: domina la mec\u00e1nica del idioma holand\u00e9s<\/h2>\n\n\n\n<p>Si has dado el <a href=\"https:\/\/talkpal.ai\/locations\/language-courses-in-salto\/\">salto<\/a> para aprender neerland\u00e9s, \u00a1te espera un viaje emocionante! Con m\u00e1s de 23 millones de hablantes en todo el mundo, el <a href=\"https:\/\/talkpal.ai\/learn-dutch\/\">holand\u00e9s<\/a> es un idioma fant\u00e1stico para reforzar su destreza ling\u00fc\u00edstica y ampliar sus horizontes. Ahora, es posible que hayas escuchado susurros sobre las complejidades de la gram\u00e1tica holandesa, \u00a1pero no temas! Este art\u00edculo es una gu\u00eda para principiantes que explica la <a href=\"https:\/\/talkpal.ai\/dutch-grammar\/\">gram\u00e1tica neerlandesa<\/a> de forma amena y completa.<\/p>\n\n\n\n<h3 class=\"wp-block-heading\" id=\"h-1-the-pillar-of-dutch-grammar-word-order\">1. El pilar de la gram\u00e1tica holandesa: el orden de las palabras<\/h3>\n\n\n\n<p>La gram\u00e1tica holandesa depende en gran medida del orden de las palabras. En general, sigue una estructura \u00absujeto-verbo-objeto\u00bb similar a la de la lengua inglesa. <a href=\"https:\/\/talkpal.ai\/culture\/how-do-i-use-the-expression-sin-embargo\/\">Sin embargo<\/a>, el holand\u00e9s tiene una caracter\u00edstica \u00fanica: el orden de palabras Verb Second (V2). En una oraci\u00f3n con m\u00e1s de un verbo, el segundo verbo se empuja hasta el final. Por ejemplo:<\/p>\n\n\n\n<p><a href=\"https:\/\/talkpal.ai\/es\/locations\/aprende-ingles-en-orange\/\">Ingl\u00e9s<\/a>: Tengo que trabajar hoy.<\/p>\n\n\n\n<p>neerland\u00e9s: Ik moet vandaag werken. (literalmente: \u00abHoy debo trabajar\u00bb).<\/p>\n\n\n\n<p>Dominar el orden de palabras V2 es esencial para aprender gram\u00e1tica holandesa.<\/p>\n\n\n\n<h3 class=\"wp-block-heading\" id=\"h-2-get-to-know-your-articles\">2. Conoce tus art\u00edculos<\/h3>\n\n\n\n<p>El holand\u00e9s tiene dos <a href=\"https:\/\/talkpal.ai\/es\/grammar\/articulos-definidos-en-gramatica-china\/\">art\u00edculos definidos<\/a> (\u00abde\u00bb y \u00abhet\u00bb), y un art\u00edculo indefinido (\u00abeen\u00bb). Elegir entre los dos art\u00edculos definidos puede ser complicado, sin una regla definida a seguir. Como principiante, la mejor manera de aprenderlos es a trav\u00e9s de la pr\u00e1ctica y el contexto. Por ejemplo:<\/p>\n\n\n\n<p>De man &#8211; El hombre<\/p>\n\n\n\n<p>Het meisje &#8211; La chica<\/p>\n\n\n\n<p>Een hond &#8211; Un perro<\/p>\n\n\n\n<h3 class=\"wp-block-heading\" id=\"h-3-the-dance-of-dutch-conjugations\">3. La danza de las conjugaciones holandesas<\/h3>\n\n\n\n<p>Al igual que el ingl\u00e9s, los verbos holandeses cambian de forma para transmitir tiempo y estado de \u00e1nimo. En holand\u00e9s, hay tres grupos principales de conjugaciones verbales: verbos d\u00e9biles, verbos fuertes y verbos irregulares.<\/p>\n\n\n\n<p>Los verbos d\u00e9biles siguen reglas fijas de conjugaci\u00f3n, por lo que son bastante f\u00e1ciles de aprender.  <\/p>\n\n\n\n<p>Ejemplo (tiempo presente): Ik werk, jij werkt, hij\/zij\/u werkt, wij\/jullie\/zij werken<\/p>\n\n\n\n<p>Los verbos fuertes implican cambios voc\u00e1licos, lo que a menudo lleva a los estudiantes a memorizarlos individualmente.<\/p>\n\n\n\n<p>Ejemplo (tiempo presente): Ik zing, jij zingt, hij\/zij\/u zingt, wij\/jullie\/zij zingen<\/p>\n\n\n\n<p>Los verbos irregulares, como su nombre indica, no siguen ning\u00fan patr\u00f3n fijo de conjugaci\u00f3n y deben aprenderse de forma independiente.<\/p>\n\n\n\n<p>Ejemplo (tiempo presente): Ik ben, jij bent, hij\/zij\/u is, wij\/jullie\/zij zijn<\/p>\n\n\n\n<h3 class=\"wp-block-heading\" id=\"h-4-a-flair-for-pronouns\">4. Un don para los pronombres<\/h3>\n\n\n\n<p>Los pronombres en la gram\u00e1tica holandesa reemplazan a los sustantivos y son esenciales para hacer que su discurso sea m\u00e1s din\u00e1mico y fluido. Hay pronombres personales, pronombres posesivos, pronombres demostrativos y pronombres reflexivos. Como principiante, comprender los pronombres personales y posesivos es crucial.<\/p>\n\n\n\n<p>Pronombres personales: ik (I), jij\/je (t\u00fa), hij\/zij\/ze (\u00e9l\/ella), wij\/we (nosotros), jullie (todos ustedes), zij\/ze (ellos)<\/p>\n\n\n\n<p>Pronombres posesivos: mijn (mi), jouw\/je (tu), zijn\/haar (su), ons\/onze (nuestro), jullie (tu), hun\/hen (su)<\/p>\n\n\n\n<h3 class=\"wp-block-heading\" id=\"h-5-cases-no-more-mostly\">5. Casos no m\u00e1s (en su mayor\u00eda)<\/h3>\n\n\n\n<p>A diferencia del alem\u00e1n, el holand\u00e9s ya no utiliza un sistema de casos en la vida diaria, proporcionando cierto alivio de los obst\u00e1culos ling\u00fc\u00edsticos. La \u00fanica excepci\u00f3n son las variantes neerlandesas de \u201cqui\u00e9n\u201d y \u201ca qui\u00e9n\u201d (wie y wie, respectivamente), y algunas expresiones fijas (como te allen tijde, que significa \u201cen todo momento\u201d).  <\/p>\n\n\n\n<p>\u00a1Felicidades! Has dado los primeros pasos para dominar la gram\u00e1tica neerlandesa. Recuerda que la pr\u00e1ctica es la clave, as\u00ed que no dudes en profundizar, comunicarte con hablantes nativos y construir una base s\u00f3lida. \u00a1Veel tiene \u00e9xito! (\u00a1Buena suerte!)<\/p>\n<\/div><\/div>\n\r\n<section class=\"learnNavigationSection\">\r\n            \r\n        <a href=\"https:\/\/talkpal.ai\/es\/aprender-neerlandes\/\">\r\n            <div class=\"learnNavigationWrapper\">\r\n                <div class=\"learnNavigationContent\">\r\n                    <img decoding=\"async\" src=\"https:\/\/talkpal.ai\/wp-content\/uploads\/2024\/08\/Dutch.jpg\" alt=\"Netherlands Flag\">\r\n                    <div>\r\n                        <h4>Acerca de Dutch Learning<\/h4>\r\n                        <p>Descubra todo sobre la gram\u00e1tica neerlandesa.<\/p>\r\n                    <\/div>\r\n                <\/div>\r\n            <\/div>\r\n        <\/a>\r\n\r\n        \r\n        <a href=\"https:\/\/talkpal.ai\/es\/ejercicios-de-gramatica-neerlandesa\/\">\r\n            <div class=\"learnNavigationWrapper\">\r\n                <div class=\"learnNavigationContent\">\r\n                    <img decoding=\"async\" src=\"https:\/\/talkpal.ai\/wp-content\/uploads\/2024\/08\/Dutch.jpg\" alt=\"Netherlands Flag\">\r\n                    <div>\r\n                        <h4>Ejercicio de gram\u00e1tica neerlandesa<\/h4>\r\n                        <p>Practica la gram\u00e1tica holandesa.<\/p>\r\n                    <\/div>\r\n                <\/div>\r\n            <\/div>\r\n        <\/a>\r\n\r\n        \r\n        <a href=\"https:\/\/talkpal.ai\/vocabulary_language\/dutch\/\">\r\n            <div class=\"learnNavigationWrapper\">\r\n                <div class=\"learnNavigationContent\">\r\n                    <img decoding=\"async\" src=\"https:\/\/talkpal.ai\/wp-content\/uploads\/2024\/08\/Dutch.jpg\" alt=\"Netherlands Flag\">\r\n                    <div>\r\n                        <h4>Vocabulario neerland\u00e9s<\/h4>\r\n                        <p>Ampl\u00eda tu vocabulario de neerland\u00e9s.<\/p>\r\n                    <\/div>\r\n                <\/div>\r\n            <\/div>\r\n        <\/a>\r\n\r\n            <\/section>","protected":false},"excerpt":{"rendered":"<p>Gram\u00e1tica holandesa: domina la mec\u00e1nica del idioma holand\u00e9s Si has dado el salto para aprender neerland\u00e9s, \u00a1te espera un viaje emocionante! Con m\u00e1s de 23 millones de hablantes en todo el mundo, el holand\u00e9s es un idioma fant\u00e1stico para reforzar su destreza ling\u00fc\u00edstica y ampliar sus horizontes. Ahora, es posible que hayas escuchado susurros sobre [&hellip;]<\/p>\n","protected":false},"author":1,"featured_media":11589,"parent":0,"menu_order":0,"comment_status":"closed","ping_status":"closed","template":"LearningContentPage.php","meta":{"_acf_changed":false,"footnotes":""},"class_list":["post-45169","page","type-page","status-publish","has-post-thumbnail","hentry"],"acf":[],"yoast_head":"<!-- This site is optimized with the Yoast SEO Premium plugin v27.2 (Yoast SEO v27.2) - https:\/\/yoast.com\/product\/yoast-seo-premium-wordpress\/ -->\n<title>Gram\u00e1tica holandesa - Talkpal<\/title>\n<meta name=\"description\" content=\"Domina la gram\u00e1tica holandesa con Talkpaltu tutor de idiomas con inteligencia artificial. \u00a1Accede a explicaciones claras, ejemplos pr\u00e1cticos y ejercicios interactivos!\" \/>\n<meta name=\"robots\" content=\"index, follow, max-snippet:-1, max-image-preview:large, max-video-preview:-1\" \/>\n<link rel=\"canonical\" href=\"https:\/\/talkpal.ai\/es\/gramatica-holandesa\/\" \/>\n<meta property=\"og:locale\" content=\"es_ES\" \/>\n<meta property=\"og:type\" content=\"article\" \/>\n<meta property=\"og:title\" content=\"Gram\u00e1tica holandesa\" \/>\n<meta property=\"og:description\" content=\"Gram\u00e1tica holandesa: domina la mec\u00e1nica del idioma holand\u00e9s Si has dado el salto para aprender neerland\u00e9s, \u00a1te espera un viaje emocionante! Con m\u00e1s de 23\" \/>\n<meta property=\"og:url\" content=\"https:\/\/talkpal.ai\/es\/gramatica-holandesa\/\" \/>\n<meta property=\"og:site_name\" content=\"Talkpal\" \/>\n<meta property=\"article:publisher\" content=\"https:\/\/www.facebook.com\/profile.php?id=100090733639311\" \/>\n<meta property=\"article:modified_time\" content=\"2025-12-11T17:02:10+00:00\" \/>\n<meta property=\"og:image\" content=\"https:\/\/talkpal.ai\/wp-content\/uploads\/2023\/04\/netherlands-dutch.png\" \/>\n\t<meta property=\"og:image:width\" content=\"512\" \/>\n\t<meta property=\"og:image:height\" content=\"512\" \/>\n\t<meta property=\"og:image:type\" content=\"image\/png\" \/>\n<meta name=\"twitter:card\" content=\"summary_large_image\" \/>\n<meta name=\"twitter:site\" content=\"@talkpalai\" \/>\n<meta name=\"twitter:label1\" content=\"Tiempo de lectura\" \/>\n\t<meta name=\"twitter:data1\" content=\"3 minutos\" \/>\n<script type=\"application\/ld+json\" class=\"yoast-schema-graph\">{\"@context\":\"https:\/\/schema.org\",\"@graph\":[{\"@type\":\"WebPage\",\"@id\":\"https:\/\/talkpal.ai\/es\/gramatica-holandesa\/\",\"url\":\"https:\/\/talkpal.ai\/es\/gramatica-holandesa\/\",\"name\":\"Gram\u00e1tica holandesa - Talkpal\",\"isPartOf\":{\"@id\":\"https:\/\/talkpal.ai\/es\/#website\"},\"primaryImageOfPage\":{\"@id\":\"https:\/\/talkpal.ai\/es\/gramatica-holandesa\/#primaryimage\"},\"image\":{\"@id\":\"https:\/\/talkpal.ai\/es\/gramatica-holandesa\/#primaryimage\"},\"thumbnailUrl\":\"https:\/\/talkpal.ai\/wp-content\/uploads\/2023\/04\/netherlands-dutch.png\",\"datePublished\":\"2023-05-14T13:49:38+00:00\",\"dateModified\":\"2025-12-11T17:02:10+00:00\",\"description\":\"Domina la gram\u00e1tica holandesa con Talkpaltu tutor de idiomas con inteligencia artificial. \u00a1Accede a explicaciones claras, ejemplos pr\u00e1cticos y ejercicios interactivos!\",\"breadcrumb\":{\"@id\":\"https:\/\/talkpal.ai\/es\/gramatica-holandesa\/#breadcrumb\"},\"inLanguage\":\"es\",\"potentialAction\":[{\"@type\":\"ReadAction\",\"target\":[\"https:\/\/talkpal.ai\/es\/gramatica-holandesa\/\"]}]},{\"@type\":\"ImageObject\",\"inLanguage\":\"es\",\"@id\":\"https:\/\/talkpal.ai\/es\/gramatica-holandesa\/#primaryimage\",\"url\":\"https:\/\/talkpal.ai\/wp-content\/uploads\/2023\/04\/netherlands-dutch.png\",\"contentUrl\":\"https:\/\/talkpal.ai\/wp-content\/uploads\/2023\/04\/netherlands-dutch.png\",\"width\":512,\"height\":512},{\"@type\":\"BreadcrumbList\",\"@id\":\"https:\/\/talkpal.ai\/es\/gramatica-holandesa\/#breadcrumb\",\"itemListElement\":[{\"@type\":\"ListItem\",\"position\":1,\"name\":\"Homepage\",\"item\":\"https:\/\/talkpal.ai\/es\/\"},{\"@type\":\"ListItem\",\"position\":2,\"name\":\"Gram\u00e1tica holandesa\"}]},{\"@type\":\"WebSite\",\"@id\":\"https:\/\/talkpal.ai\/es\/#website\",\"url\":\"https:\/\/talkpal.ai\/es\/\",\"name\":\"Talkpal\",\"description\":\"AI Language Learning\",\"publisher\":{\"@id\":\"https:\/\/talkpal.ai\/es\/#organization\"},\"alternateName\":\"Talkpal AI\",\"potentialAction\":[{\"@type\":\"SearchAction\",\"target\":{\"@type\":\"EntryPoint\",\"urlTemplate\":\"https:\/\/talkpal.ai\/es\/?s={search_term_string}\"},\"query-input\":{\"@type\":\"PropertyValueSpecification\",\"valueRequired\":true,\"valueName\":\"search_term_string\"}}],\"inLanguage\":\"es\"},{\"@type\":\"Organization\",\"@id\":\"https:\/\/talkpal.ai\/es\/#organization\",\"name\":\"Talkpal, Inc.\",\"alternateName\":\"Talkpal AI\",\"url\":\"https:\/\/talkpal.ai\/es\/\",\"logo\":{\"@type\":\"ImageObject\",\"inLanguage\":\"es\",\"@id\":\"https:\/\/talkpal.ai\/es\/#\/schema\/logo\/image\/\",\"url\":\"https:\/\/talkpal.ai\/wp-content\/uploads\/2024\/03\/Talkpal-Logo-Icon.png\",\"contentUrl\":\"https:\/\/talkpal.ai\/wp-content\/uploads\/2024\/03\/Talkpal-Logo-Icon.png\",\"width\":2880,\"height\":2880,\"caption\":\"Talkpal, Inc.\"},\"image\":{\"@id\":\"https:\/\/talkpal.ai\/es\/#\/schema\/logo\/image\/\"},\"sameAs\":[\"https:\/\/www.facebook.com\/profile.php?id=100090733639311\",\"https:\/\/x.com\/talkpalai\",\"https:\/\/www.linkedin.com\/company\/talkpal\/\",\"https:\/\/www.youtube.com\/@TalkPal\/\",\"https:\/\/www.tiktok.com\/@talkpal\",\"https:\/\/www.instagram.com\/talkpal_ai\/\",\"https:\/\/www.crunchbase.com\/organization\/talkpal-9cde\",\"https:\/\/www.g2.com\/products\/talkpal-for-business\/\",\"https:\/\/www.trustpilot.com\/review\/talkpal.ai\",\"https:\/\/www.capterra.com\/p\/10006800\/TalkPal\/\"],\"description\":\"Talkpal is a language learning web and mobile education app, powered by the latest AI technologies, that provides engaging experiences to its customers in many different languages to help them improve their language skills. Users can chat about unlimited amount of topics with the app and use other modes to practice their language learning.\",\"email\":\"support@talkpal.ai\",\"legalName\":\"Talkpal, Inc.\",\"foundingDate\":\"2023-04-03\",\"duns\":\"118989042\",\"numberOfEmployees\":{\"@type\":\"QuantitativeValue\",\"minValue\":\"11\",\"maxValue\":\"50\"},\"publishingPrinciples\":\"https:\/\/talkpal.ai\/publishing-principles\/\",\"actionableFeedbackPolicy\":\"https:\/\/talkpal.ai\/actionable-feedback-policy\/\",\"correctionsPolicy\":\"https:\/\/talkpal.ai\/corrections-policy\/\",\"ethicsPolicy\":\"https:\/\/talkpal.ai\/ethics-policy\/\",\"diversityPolicy\":\"https:\/\/talkpal.ai\/diversity-policy\/\",\"diversityStaffingReport\":\"https:\/\/talkpal.ai\/diversity-policy\/\"}]}<\/script>\n<!-- \/ Yoast SEO Premium plugin. -->","yoast_head_json":{"title":"Gram\u00e1tica holandesa - Talkpal","description":"Domina la gram\u00e1tica holandesa con Talkpaltu tutor de idiomas con inteligencia artificial. \u00a1Accede a explicaciones claras, ejemplos pr\u00e1cticos y ejercicios interactivos!","robots":{"index":"index","follow":"follow","max-snippet":"max-snippet:-1","max-image-preview":"max-image-preview:large","max-video-preview":"max-video-preview:-1"},"canonical":"https:\/\/talkpal.ai\/es\/gramatica-holandesa\/","og_locale":"es_ES","og_type":"article","og_title":"Gram\u00e1tica holandesa","og_description":"Gram\u00e1tica holandesa: domina la mec\u00e1nica del idioma holand\u00e9s Si has dado el salto para aprender neerland\u00e9s, \u00a1te espera un viaje emocionante! Con m\u00e1s de 23","og_url":"https:\/\/talkpal.ai\/es\/gramatica-holandesa\/","og_site_name":"Talkpal","article_publisher":"https:\/\/www.facebook.com\/profile.php?id=100090733639311","article_modified_time":"2025-12-11T17:02:10+00:00","og_image":[{"width":512,"height":512,"url":"https:\/\/talkpal.ai\/wp-content\/uploads\/2023\/04\/netherlands-dutch.png","type":"image\/png"}],"twitter_card":"summary_large_image","twitter_site":"@talkpalai","twitter_misc":{"Tiempo de lectura":"3 minutos"},"schema":{"@context":"https:\/\/schema.org","@graph":[{"@type":"WebPage","@id":"https:\/\/talkpal.ai\/es\/gramatica-holandesa\/","url":"https:\/\/talkpal.ai\/es\/gramatica-holandesa\/","name":"Gram\u00e1tica holandesa - Talkpal","isPartOf":{"@id":"https:\/\/talkpal.ai\/es\/#website"},"primaryImageOfPage":{"@id":"https:\/\/talkpal.ai\/es\/gramatica-holandesa\/#primaryimage"},"image":{"@id":"https:\/\/talkpal.ai\/es\/gramatica-holandesa\/#primaryimage"},"thumbnailUrl":"https:\/\/talkpal.ai\/wp-content\/uploads\/2023\/04\/netherlands-dutch.png","datePublished":"2023-05-14T13:49:38+00:00","dateModified":"2025-12-11T17:02:10+00:00","description":"Domina la gram\u00e1tica holandesa con Talkpaltu tutor de idiomas con inteligencia artificial. \u00a1Accede a explicaciones claras, ejemplos pr\u00e1cticos y ejercicios interactivos!","breadcrumb":{"@id":"https:\/\/talkpal.ai\/es\/gramatica-holandesa\/#breadcrumb"},"inLanguage":"es","potentialAction":[{"@type":"ReadAction","target":["https:\/\/talkpal.ai\/es\/gramatica-holandesa\/"]}]},{"@type":"ImageObject","inLanguage":"es","@id":"https:\/\/talkpal.ai\/es\/gramatica-holandesa\/#primaryimage","url":"https:\/\/talkpal.ai\/wp-content\/uploads\/2023\/04\/netherlands-dutch.png","contentUrl":"https:\/\/talkpal.ai\/wp-content\/uploads\/2023\/04\/netherlands-dutch.png","width":512,"height":512},{"@type":"BreadcrumbList","@id":"https:\/\/talkpal.ai\/es\/gramatica-holandesa\/#breadcrumb","itemListElement":[{"@type":"ListItem","position":1,"name":"Homepage","item":"https:\/\/talkpal.ai\/es\/"},{"@type":"ListItem","position":2,"name":"Gram\u00e1tica holandesa"}]},{"@type":"WebSite","@id":"https:\/\/talkpal.ai\/es\/#website","url":"https:\/\/talkpal.ai\/es\/","name":"Talkpal","description":"AI Language Learning","publisher":{"@id":"https:\/\/talkpal.ai\/es\/#organization"},"alternateName":"Talkpal AI","potentialAction":[{"@type":"SearchAction","target":{"@type":"EntryPoint","urlTemplate":"https:\/\/talkpal.ai\/es\/?s={search_term_string}"},"query-input":{"@type":"PropertyValueSpecification","valueRequired":true,"valueName":"search_term_string"}}],"inLanguage":"es"},{"@type":"Organization","@id":"https:\/\/talkpal.ai\/es\/#organization","name":"Talkpal, Inc.","alternateName":"Talkpal AI","url":"https:\/\/talkpal.ai\/es\/","logo":{"@type":"ImageObject","inLanguage":"es","@id":"https:\/\/talkpal.ai\/es\/#\/schema\/logo\/image\/","url":"https:\/\/talkpal.ai\/wp-content\/uploads\/2024\/03\/Talkpal-Logo-Icon.png","contentUrl":"https:\/\/talkpal.ai\/wp-content\/uploads\/2024\/03\/Talkpal-Logo-Icon.png","width":2880,"height":2880,"caption":"Talkpal, Inc."},"image":{"@id":"https:\/\/talkpal.ai\/es\/#\/schema\/logo\/image\/"},"sameAs":["https:\/\/www.facebook.com\/profile.php?id=100090733639311","https:\/\/x.com\/talkpalai","https:\/\/www.linkedin.com\/company\/talkpal\/","https:\/\/www.youtube.com\/@TalkPal\/","https:\/\/www.tiktok.com\/@talkpal","https:\/\/www.instagram.com\/talkpal_ai\/","https:\/\/www.crunchbase.com\/organization\/talkpal-9cde","https:\/\/www.g2.com\/products\/talkpal-for-business\/","https:\/\/www.trustpilot.com\/review\/talkpal.ai","https:\/\/www.capterra.com\/p\/10006800\/TalkPal\/"],"description":"Talkpal is a language learning web and mobile education app, powered by the latest AI technologies, that provides engaging experiences to its customers in many different languages to help them improve their language skills. Users can chat about unlimited amount of topics with the app and use other modes to practice their language learning.","email":"support@talkpal.ai","legalName":"Talkpal, Inc.","foundingDate":"2023-04-03","duns":"118989042","numberOfEmployees":{"@type":"QuantitativeValue","minValue":"11","maxValue":"50"},"publishingPrinciples":"https:\/\/talkpal.ai\/publishing-principles\/","actionableFeedbackPolicy":"https:\/\/talkpal.ai\/actionable-feedback-policy\/","correctionsPolicy":"https:\/\/talkpal.ai\/corrections-policy\/","ethicsPolicy":"https:\/\/talkpal.ai\/ethics-policy\/","diversityPolicy":"https:\/\/talkpal.ai\/diversity-policy\/","diversityStaffingReport":"https:\/\/talkpal.ai\/diversity-policy\/"}]}},"_links":{"self":[{"href":"https:\/\/talkpal.ai\/es\/wp-json\/wp\/v2\/pages\/45169","targetHints":{"allow":["GET"]}}],"collection":[{"href":"https:\/\/talkpal.ai\/es\/wp-json\/wp\/v2\/pages"}],"about":[{"href":"https:\/\/talkpal.ai\/es\/wp-json\/wp\/v2\/types\/page"}],"author":[{"embeddable":true,"href":"https:\/\/talkpal.ai\/es\/wp-json\/wp\/v2\/users\/1"}],"replies":[{"embeddable":true,"href":"https:\/\/talkpal.ai\/es\/wp-json\/wp\/v2\/comments?post=45169"}],"version-history":[{"count":0,"href":"https:\/\/talkpal.ai\/es\/wp-json\/wp\/v2\/pages\/45169\/revisions"}],"wp:featuredmedia":[{"embeddable":true,"href":"https:\/\/talkpal.ai\/es\/wp-json\/wp\/v2\/media\/11589"}],"wp:attachment":[{"href":"https:\/\/talkpal.ai\/es\/wp-json\/wp\/v2\/media?parent=45169"}],"curies":[{"name":"wp","href":"https:\/\/api.w.org\/{rel}","templated":true}]}}