{"id":45160,"date":"2023-05-14T13:53:24","date_gmt":"2023-05-14T13:53:24","guid":{"rendered":"http:\/\/talkpal.ai\/gramatica-ucraniana\/"},"modified":"2025-12-11T16:35:36","modified_gmt":"2025-12-11T16:35:36","slug":"gramatica-ucraniana","status":"publish","type":"page","link":"https:\/\/talkpal.ai\/es\/gramatica-ucraniana\/","title":{"rendered":"Gram\u00e1tica ucraniana"},"content":{"rendered":"\r\n\r\n\r\n<section class=\"languageChallengeSection\">\r\n    <div class=\"languageInfoWrapper\">\r\n        \r\n        <h1>Gram\u00e1tica ucraniana<\/h1>\r\n        <p>Explora la estructura de la lengua ucraniana aprendiendo sus reglas gramaticales esenciales. Dominar la <a href=\"https:\/\/talkpal.ai\/pt-pt\/o-que-ha-de-especial-na-gramatica-ucraniana\/\">gram\u00e1tica ucraniana<\/a> te ayudar\u00e1 a comunicarte con confianza y a conectar m\u00e1s profundamente con la cultura y el patrimonio ucranianos. \u00a1Comienza hoy tu viaje por la gram\u00e1tica ucraniana y da el primer paso hacia la fluidez!<\/p>\r\n\r\n                            <a class=\"getStartedHidden\" href=\"https:\/\/app.talkpal.ai\/es-es\/signup?lng=\">Comenzar<\/a>\r\n        \r\n    <\/div>\r\n\r\n    <figure>\r\n    <img decoding=\"async\" width=\"768\" height=\"768\" src=\"https:\/\/talkpal.ai\/wp-content\/uploads\/2023\/06\/Ukrainian-768x768.png\" class=\"languageImage no-lazy\" alt=\"Default alt text\" fetchpriority=\"high\" sizes=\"(max-width: 768px) 150px, 768px\" srcset=\"https:\/\/talkpal.ai\/wp-content\/uploads\/2023\/06\/Ukrainian-768x768.png 768w, https:\/\/talkpal.ai\/wp-content\/uploads\/2023\/06\/Ukrainian-300x300.png 300w\" \/>\r\n    \r\n\r\n    <\/figure>\r\n\r\n            <a class=\"getStartedVisible\" href=\"https:\/\/app.talkpal.ai\/es-es\/signup?lng=\">Comenzar<\/a>\r\n    \r\n<\/section>\r\n        <section class=\"grammarSection\">\r\n            <div class=\"grammarLinks\">\r\n                <a href=\"https:\/\/talkpal.ai\/es\/language\/adjetivos-gramatica-ucraniana\/\">Adjetivos <\/a><a href=\"https:\/\/talkpal.ai\/es\/language\/adverbios-gramatica-ucraniana\/\">Adverbios <\/a><a href=\"https:\/\/talkpal.ai\/es\/language\/articulos-gramatica-ucraniana\/\">Art\u00edculos <\/a><a href=\"https:\/\/talkpal.ai\/es\/language\/comparacion-de-tiempos-gramatica-ucraniana\/\">Comparaci\u00f3n de tiempos <\/a><a href=\"https:\/\/talkpal.ai\/es\/language\/estructura-de-la-oracion-gramatica-ucraniana\/\">Estructura de la oraci\u00f3n <\/a><a href=\"https:\/\/talkpal.ai\/es\/language\/preposiciones-gramatica-ucraniana\/\">Preposiciones <\/a><a href=\"https:\/\/talkpal.ai\/es\/language\/pronombres-gramatica-ucraniana\/\">Pronombres <\/a><a href=\"https:\/\/talkpal.ai\/es\/language\/sustantivos-gramatica-ucraniana\/\">Sustantivos <\/a><a href=\"https:\/\/talkpal.ai\/es\/language\/tiempos-subjuntivos-gramatica-ucraniana\/\">Tiempos subjuntivos <\/a><a href=\"https:\/\/talkpal.ai\/es\/language\/tiempos-verbales-indicativos-gramatica-ucraniana\/\">Tiempos verbales indicativos <\/a><a href=\"https:\/\/talkpal.ai\/es\/language\/verbos-gramatica-ucraniana\/\">Verbos <\/a>            <\/div>\r\n        <\/section>\r\n    <section class=\"promotionalBanner\">\r\n    <p class=\"promotionalText\">La forma m\u00e1s eficiente de aprender un idioma<\/p>\r\n    <a class=\"promotionalLink\" href=\"https:\/\/app.talkpal.ai\/es-es\/signup?lng=\">Prueba Talkpal gratis<\/a>\r\n<\/section>\n<div class=\"wp-block-group pageContainerStyle\"><div class=\"wp-block-group__inner-container is-layout-constrained wp-block-group-is-layout-constrained\">\n<h2 class=\"wp-block-heading\" id=\"h-a-comprehensive-guide-to-mastering-ukrainian-grammar\">Una gu\u00eda completa para dominar la gram\u00e1tica ucraniana<\/h2>\n\n\n\n<p>El <a href=\"https:\/\/talkpal.ai\/learn-ukrainian\/\">ucraniano<\/a>, un idioma hermoso y mel\u00f3dico, ha despertado un creciente inter\u00e9s de los entusiastas de los idiomas de todo el mundo. <a href=\"https:\/\/talkpal.ai\/pt-pt\/aprender-ucraniano\/\">Aprender ucraniano<\/a> le da acceso a un rico patrimonio cultural y le permite comunicarse con millones de personas en Ucrania y pa\u00edses vecinos. Si bien sumergirse en la gram\u00e1tica ucraniana puede parecer desalentador al principio, tener una base s\u00f3lida le permitir\u00e1 explorar los matices del idioma y apreciar plenamente su belleza. Este art\u00edculo lo guiar\u00e1 paso a paso a trav\u00e9s de los elementos esenciales de la gram\u00e1tica ucraniana, equip\u00e1ndolo para comenzar con confianza su viaje ling\u00fc\u00edstico.<\/p>\n\n\n\n<h3 class=\"wp-block-heading\" id=\"h-1-mastering-ukrainian-nouns-and-cases\">1. Dominar los sustantivos y casos ucranianos<\/h3>\n\n\n\n<p>Una caracter\u00edstica <a href=\"https:\/\/talkpal.ai\/locations\/language-courses-in-central\/\">central<\/a> de la gram\u00e1tica ucraniana es su sistema de casos. Al usar sustantivos, debe conocer su g\u00e9nero (masculino, femenino o neutro) y tener en cuenta el contexto que puede requerir un cambio en sus finales. El idioma ucraniano tiene siete casos:<\/p>\n\n\n\n<p>&#8211; Nominativo: el sujeto de una frase<\/p>\n\n\n\n<p>&#8211; Genitivo: indica posesi\u00f3n, cantidad y <a href=\"https:\/\/talkpal.ai\/zh-hans\/grammar_exercises\/negacion-%e8%a5%bf%e7%8f%ad%e7%89%99%e8%af%ad%e6%b3%95%e7%bb%83%e4%b9%a0\/\">negaci\u00f3n<\/a><\/p>\n\n\n\n<p>&#8211; Dativo: objeto indirecto o movimiento hacia un objetivo<\/p>\n\n\n\n<p>&#8211; Acusativo: objeto directo o movimiento dirigido a algo<\/p>\n\n\n\n<p>&#8211; Instrumental: denota medio o instrumento de acci\u00f3n<\/p>\n\n\n\n<p>&#8211; Locativo: indica ubicaci\u00f3n<\/p>\n\n\n\n<p>&#8211; Vocativo: se utiliza para dirigirse o llamar a alguien<\/p>\n\n\n\n<p>Tendr\u00e1s que prestar atenci\u00f3n a las <a href=\"https:\/\/talkpal.ai\/zh-hans\/grammar_exercises\/terminaciones-%e8%a5%bf%e7%8f%ad%e7%89%99%e8%af%ad%e6%b3%95%e7%bb%83%e4%b9%a0\/\">terminaciones<\/a> y declinaciones de los sustantivos, ya que cambian seg\u00fan el caso utilizado y el g\u00e9nero y n\u00famero del sustantivo.<\/p>\n\n\n\n<h3 class=\"wp-block-heading\" id=\"h-2-navigating-the-ukrainian-verb-system\">2. Navegando por el sistema verbal ucraniano<\/h3>\n\n\n\n<p>Los verbos ucranianos se conjugan en funci\u00f3n de la persona, el n\u00famero, el tiempo, el estado de \u00e1nimo y la voz. En ucraniano, hay cuatro aspectos de los verbos: perfectivo, imperfectivo, iterativo e inceptivo:<\/p>\n\n\n\n<p>&#8211; Perfectivo: denota acciones completadas<\/p>\n\n\n\n<p>&#8211; Imperfectivo: describe acciones en curso, habituales o repetidas<\/p>\n\n\n\n<p>&#8211; Iterativo: transmite acciones repetidas en un intervalo determinado<\/p>\n\n\n\n<p>&#8211; Inceptivo: indica el comienzo de una acci\u00f3n<\/p>\n\n\n\n<p>Para navegar por el sistema verbal ucraniano, debe familiarizarse con las tres conjugaciones verbales b\u00e1sicas. El proceso de conjugaci\u00f3n implica cambiar las terminaciones de la ra\u00edz verbal de acuerdo con el tiempo, el estado de \u00e1nimo y el sujeto.<\/p>\n\n\n\n<h3 class=\"wp-block-heading\" id=\"h-3-perfecting-ukrainian-adjectives-and-pronouns\">3. Perfeccionar los adjetivos y pronombres ucranianos<\/h3>\n\n\n\n<p>Los adjetivos en ucraniano deben <a href=\"https:\/\/talkpal.ai\/culture\/how-do-you-express-to-agree-using-estar-de-acuerdo\/\">estar de acuerdo<\/a> con el sustantivo que describen, en g\u00e9nero, n\u00famero y caso. Esto significa que al usar un adjetivo, debe estar atento a sus finales, ya que cambiar\u00e1n para alinearse con el sustantivo. Adem\u00e1s, los adjetivos en ucraniano pueden ser formas largas o cortas, y cada uno tiene su uso dependiendo del contexto.<\/p>\n\n\n\n<p>Los pronombres se usan en lugar de sustantivos y tambi\u00e9n deben estar de acuerdo con el sustantivo que reemplazan, en g\u00e9nero, n\u00famero y caso. Los pronombres personales en ucraniano incluyen \u00ab\u044f\u00bb (yo), \u00ab\u0442\u0438\u00bb (t\u00fa, singular), \u00ab\u0432\u0456\u043d\/\u0432\u043e\u043d\u0430\/\u0432\u043e\u043d\u043e\u00bb (\u00e9l\/ella\/ello), \u00ab\u043c\u0438\u00bb (nosotros), \u00ab\u0432\u0438\u00bb (vosotros, plural o formal) y \u00ab\u0432\u043e\u043d\u0438\u00bb (ellos). Tambi\u00e9n hay pronombres posesivos, demostrativos y relativos en ucraniano.<\/p>\n\n\n\n<h3 class=\"wp-block-heading\" id=\"h-4-putting-it-all-together-sentence-structure\">4. Ponerlo todo junto: estructura de oraciones<\/h3>\n\n\n\n<p>El ucraniano sigue la estructura de oraciones sujeto-verbo-objeto (SVO), similar al ingl\u00e9s. Sin embargo, a diferencia del ingl\u00e9s, el ucraniano tiene m\u00e1s flexibilidad en el orden de las palabras debido a su sistema de casos. Esta flexibilidad permite a los hablantes enfatizar palabras o ideas espec\u00edficas coloc\u00e1ndolas en varias posiciones dentro de una oraci\u00f3n. Si bien dominar esta versatilidad puede llevar tiempo, le permite expresarse de manera m\u00e1s art\u00edstica y fluida en ucraniano.<\/p>\n\n\n\n<h3 class=\"wp-block-heading\" id=\"h-conclusion\">Conclusi\u00f3n<\/h3>\n\n\n\n<p>Al embarcarse en su viaje de idioma ucraniano, recuerde que dominar la gram\u00e1tica requiere pr\u00e1ctica y persistencia. Familiar\u00edcese con los diversos aspectos de la gram\u00e1tica ucraniana gradualmente, desde sustantivos y casos hasta verbos y estructura de oraciones. Disfrute del proceso de aprendizaje y disfrute de la belleza y expresividad del idioma ucraniano. \u0412\u0434\u0430\u0447\u0456! (\u00a1Buena suerte!)<\/p>\n<\/div><\/div>\n\r\n<section class=\"learnNavigationSection\">\r\n            \r\n        <a href=\"https:\/\/talkpal.ai\/es\/aprender-ucraniano\/\">\r\n            <div class=\"learnNavigationWrapper\">\r\n                <div class=\"learnNavigationContent\">\r\n                    <img decoding=\"async\" src=\"https:\/\/talkpal.ai\/wp-content\/uploads\/2024\/08\/Ukrainian.jpg\" alt=\"Ukrainian Flag\">\r\n                    <div>\r\n                        <h4>Sobre el aprendizaje ucraniano<\/h4>\r\n                        <p>Descubra todo sobre la gram\u00e1tica ucraniana.<\/p>\r\n                    <\/div>\r\n                <\/div>\r\n            <\/div>\r\n        <\/a>\r\n\r\n        \r\n        <a href=\"https:\/\/talkpal.ai\/es\/ejercicios-de-gramatica-ucraniana\/\">\r\n            <div class=\"learnNavigationWrapper\">\r\n                <div class=\"learnNavigationContent\">\r\n                    <img decoding=\"async\" src=\"https:\/\/talkpal.ai\/wp-content\/uploads\/2024\/08\/Ukrainian.jpg\" alt=\"Ukrainian Flag\">\r\n                    <div>\r\n                        <h4>Ejercicio de gram\u00e1tica ucraniana<\/h4>\r\n                        <p>Practica la gram\u00e1tica ucraniana.<\/p>\r\n                    <\/div>\r\n                <\/div>\r\n            <\/div>\r\n        <\/a>\r\n\r\n        \r\n        <a href=\"https:\/\/talkpal.ai\/vocabulary_language\/ukrainian\/\">\r\n            <div class=\"learnNavigationWrapper\">\r\n                <div class=\"learnNavigationContent\">\r\n                    <img decoding=\"async\" src=\"https:\/\/talkpal.ai\/wp-content\/uploads\/2024\/08\/Ukrainian.jpg\" alt=\"Ukrainian Flag\">\r\n                    <div>\r\n                        <h4>Vocabulario ucraniano<\/h4>\r\n                        <p>Ampl\u00eda tu vocabulario ucraniano.<\/p>\r\n                    <\/div>\r\n                <\/div>\r\n            <\/div>\r\n        <\/a>\r\n\r\n            <\/section>","protected":false},"excerpt":{"rendered":"<p>Una gu\u00eda completa para dominar la gram\u00e1tica ucraniana El ucraniano, un idioma hermoso y mel\u00f3dico, ha despertado un creciente inter\u00e9s de los entusiastas de los idiomas de todo el mundo. Aprender ucraniano le da acceso a un rico patrimonio cultural y le permite comunicarse con millones de personas en Ucrania y pa\u00edses vecinos. Si bien [&hellip;]<\/p>\n","protected":false},"author":1,"featured_media":11624,"parent":0,"menu_order":0,"comment_status":"closed","ping_status":"closed","template":"LearningContentPage.php","meta":{"_acf_changed":false,"footnotes":""},"class_list":["post-45160","page","type-page","status-publish","has-post-thumbnail","hentry"],"acf":[],"yoast_head":"<!-- This site is optimized with the Yoast SEO Premium plugin v27.2 (Yoast SEO v27.2) - https:\/\/yoast.com\/product\/yoast-seo-premium-wordpress\/ -->\n<title>Gram\u00e1tica ucraniana - Talkpal<\/title>\n<meta name=\"description\" content=\"Descubre la belleza de la gram\u00e1tica ucraniana con consejos y conocimientos esenciales para mejorar tu aprendizaje de idiomas.\" \/>\n<meta name=\"robots\" content=\"index, follow, max-snippet:-1, max-image-preview:large, max-video-preview:-1\" \/>\n<link rel=\"canonical\" href=\"https:\/\/talkpal.ai\/es\/gramatica-ucraniana\/\" \/>\n<meta property=\"og:locale\" content=\"es_ES\" \/>\n<meta property=\"og:type\" content=\"article\" \/>\n<meta property=\"og:title\" content=\"Gram\u00e1tica ucraniana\" \/>\n<meta property=\"og:description\" content=\"Una gu\u00eda completa para dominar la gram\u00e1tica ucraniana El ucraniano, un idioma hermoso y mel\u00f3dico, ha despertado un creciente inter\u00e9s de los entusiastas de\" \/>\n<meta property=\"og:url\" content=\"https:\/\/talkpal.ai\/es\/gramatica-ucraniana\/\" \/>\n<meta property=\"og:site_name\" content=\"Talkpal\" \/>\n<meta property=\"article:publisher\" content=\"https:\/\/www.facebook.com\/profile.php?id=100090733639311\" \/>\n<meta property=\"article:modified_time\" content=\"2025-12-11T16:35:36+00:00\" \/>\n<meta property=\"og:image\" content=\"https:\/\/talkpal.ai\/wp-content\/uploads\/2023\/04\/ukraine.png\" \/>\n\t<meta property=\"og:image:width\" content=\"512\" \/>\n\t<meta property=\"og:image:height\" content=\"512\" \/>\n\t<meta property=\"og:image:type\" content=\"image\/png\" \/>\n<meta name=\"twitter:card\" content=\"summary_large_image\" \/>\n<meta name=\"twitter:site\" content=\"@talkpalai\" \/>\n<meta name=\"twitter:label1\" content=\"Tiempo de lectura\" \/>\n\t<meta name=\"twitter:data1\" content=\"3 minutos\" \/>\n<script type=\"application\/ld+json\" class=\"yoast-schema-graph\">{\"@context\":\"https:\/\/schema.org\",\"@graph\":[{\"@type\":\"WebPage\",\"@id\":\"https:\/\/talkpal.ai\/es\/gramatica-ucraniana\/\",\"url\":\"https:\/\/talkpal.ai\/es\/gramatica-ucraniana\/\",\"name\":\"Gram\u00e1tica ucraniana - Talkpal\",\"isPartOf\":{\"@id\":\"https:\/\/talkpal.ai\/es\/#website\"},\"primaryImageOfPage\":{\"@id\":\"https:\/\/talkpal.ai\/es\/gramatica-ucraniana\/#primaryimage\"},\"image\":{\"@id\":\"https:\/\/talkpal.ai\/es\/gramatica-ucraniana\/#primaryimage\"},\"thumbnailUrl\":\"https:\/\/talkpal.ai\/wp-content\/uploads\/2023\/04\/ukraine.png\",\"datePublished\":\"2023-05-14T13:53:24+00:00\",\"dateModified\":\"2025-12-11T16:35:36+00:00\",\"description\":\"Descubre la belleza de la gram\u00e1tica ucraniana con consejos y conocimientos esenciales para mejorar tu aprendizaje de idiomas.\",\"breadcrumb\":{\"@id\":\"https:\/\/talkpal.ai\/es\/gramatica-ucraniana\/#breadcrumb\"},\"inLanguage\":\"es\",\"potentialAction\":[{\"@type\":\"ReadAction\",\"target\":[\"https:\/\/talkpal.ai\/es\/gramatica-ucraniana\/\"]}]},{\"@type\":\"ImageObject\",\"inLanguage\":\"es\",\"@id\":\"https:\/\/talkpal.ai\/es\/gramatica-ucraniana\/#primaryimage\",\"url\":\"https:\/\/talkpal.ai\/wp-content\/uploads\/2023\/04\/ukraine.png\",\"contentUrl\":\"https:\/\/talkpal.ai\/wp-content\/uploads\/2023\/04\/ukraine.png\",\"width\":512,\"height\":512,\"caption\":\"TalkPal Ukrainian Flag\"},{\"@type\":\"BreadcrumbList\",\"@id\":\"https:\/\/talkpal.ai\/es\/gramatica-ucraniana\/#breadcrumb\",\"itemListElement\":[{\"@type\":\"ListItem\",\"position\":1,\"name\":\"Homepage\",\"item\":\"https:\/\/talkpal.ai\/es\/\"},{\"@type\":\"ListItem\",\"position\":2,\"name\":\"Gram\u00e1tica ucraniana\"}]},{\"@type\":\"WebSite\",\"@id\":\"https:\/\/talkpal.ai\/es\/#website\",\"url\":\"https:\/\/talkpal.ai\/es\/\",\"name\":\"Talkpal\",\"description\":\"AI Language Learning\",\"publisher\":{\"@id\":\"https:\/\/talkpal.ai\/es\/#organization\"},\"alternateName\":\"Talkpal AI\",\"potentialAction\":[{\"@type\":\"SearchAction\",\"target\":{\"@type\":\"EntryPoint\",\"urlTemplate\":\"https:\/\/talkpal.ai\/es\/?s={search_term_string}\"},\"query-input\":{\"@type\":\"PropertyValueSpecification\",\"valueRequired\":true,\"valueName\":\"search_term_string\"}}],\"inLanguage\":\"es\"},{\"@type\":\"Organization\",\"@id\":\"https:\/\/talkpal.ai\/es\/#organization\",\"name\":\"Talkpal, Inc.\",\"alternateName\":\"Talkpal AI\",\"url\":\"https:\/\/talkpal.ai\/es\/\",\"logo\":{\"@type\":\"ImageObject\",\"inLanguage\":\"es\",\"@id\":\"https:\/\/talkpal.ai\/es\/#\/schema\/logo\/image\/\",\"url\":\"https:\/\/talkpal.ai\/wp-content\/uploads\/2024\/03\/Talkpal-Logo-Icon.png\",\"contentUrl\":\"https:\/\/talkpal.ai\/wp-content\/uploads\/2024\/03\/Talkpal-Logo-Icon.png\",\"width\":2880,\"height\":2880,\"caption\":\"Talkpal, Inc.\"},\"image\":{\"@id\":\"https:\/\/talkpal.ai\/es\/#\/schema\/logo\/image\/\"},\"sameAs\":[\"https:\/\/www.facebook.com\/profile.php?id=100090733639311\",\"https:\/\/x.com\/talkpalai\",\"https:\/\/www.linkedin.com\/company\/talkpal\/\",\"https:\/\/www.youtube.com\/@TalkPal\/\",\"https:\/\/www.tiktok.com\/@talkpal\",\"https:\/\/www.instagram.com\/talkpal_ai\/\",\"https:\/\/www.crunchbase.com\/organization\/talkpal-9cde\",\"https:\/\/www.g2.com\/products\/talkpal-for-business\/\",\"https:\/\/www.trustpilot.com\/review\/talkpal.ai\",\"https:\/\/www.capterra.com\/p\/10006800\/TalkPal\/\"],\"description\":\"Talkpal is a language learning web and mobile education app, powered by the latest AI technologies, that provides engaging experiences to its customers in many different languages to help them improve their language skills. Users can chat about unlimited amount of topics with the app and use other modes to practice their language learning.\",\"email\":\"support@talkpal.ai\",\"legalName\":\"Talkpal, Inc.\",\"foundingDate\":\"2023-04-03\",\"duns\":\"118989042\",\"numberOfEmployees\":{\"@type\":\"QuantitativeValue\",\"minValue\":\"11\",\"maxValue\":\"50\"},\"publishingPrinciples\":\"https:\/\/talkpal.ai\/publishing-principles\/\",\"actionableFeedbackPolicy\":\"https:\/\/talkpal.ai\/actionable-feedback-policy\/\",\"correctionsPolicy\":\"https:\/\/talkpal.ai\/corrections-policy\/\",\"ethicsPolicy\":\"https:\/\/talkpal.ai\/ethics-policy\/\",\"diversityPolicy\":\"https:\/\/talkpal.ai\/diversity-policy\/\",\"diversityStaffingReport\":\"https:\/\/talkpal.ai\/diversity-policy\/\"}]}<\/script>\n<!-- \/ Yoast SEO Premium plugin. -->","yoast_head_json":{"title":"Gram\u00e1tica ucraniana - Talkpal","description":"Descubre la belleza de la gram\u00e1tica ucraniana con consejos y conocimientos esenciales para mejorar tu aprendizaje de idiomas.","robots":{"index":"index","follow":"follow","max-snippet":"max-snippet:-1","max-image-preview":"max-image-preview:large","max-video-preview":"max-video-preview:-1"},"canonical":"https:\/\/talkpal.ai\/es\/gramatica-ucraniana\/","og_locale":"es_ES","og_type":"article","og_title":"Gram\u00e1tica ucraniana","og_description":"Una gu\u00eda completa para dominar la gram\u00e1tica ucraniana El ucraniano, un idioma hermoso y mel\u00f3dico, ha despertado un creciente inter\u00e9s de los entusiastas de","og_url":"https:\/\/talkpal.ai\/es\/gramatica-ucraniana\/","og_site_name":"Talkpal","article_publisher":"https:\/\/www.facebook.com\/profile.php?id=100090733639311","article_modified_time":"2025-12-11T16:35:36+00:00","og_image":[{"width":512,"height":512,"url":"https:\/\/talkpal.ai\/wp-content\/uploads\/2023\/04\/ukraine.png","type":"image\/png"}],"twitter_card":"summary_large_image","twitter_site":"@talkpalai","twitter_misc":{"Tiempo de lectura":"3 minutos"},"schema":{"@context":"https:\/\/schema.org","@graph":[{"@type":"WebPage","@id":"https:\/\/talkpal.ai\/es\/gramatica-ucraniana\/","url":"https:\/\/talkpal.ai\/es\/gramatica-ucraniana\/","name":"Gram\u00e1tica ucraniana - Talkpal","isPartOf":{"@id":"https:\/\/talkpal.ai\/es\/#website"},"primaryImageOfPage":{"@id":"https:\/\/talkpal.ai\/es\/gramatica-ucraniana\/#primaryimage"},"image":{"@id":"https:\/\/talkpal.ai\/es\/gramatica-ucraniana\/#primaryimage"},"thumbnailUrl":"https:\/\/talkpal.ai\/wp-content\/uploads\/2023\/04\/ukraine.png","datePublished":"2023-05-14T13:53:24+00:00","dateModified":"2025-12-11T16:35:36+00:00","description":"Descubre la belleza de la gram\u00e1tica ucraniana con consejos y conocimientos esenciales para mejorar tu aprendizaje de idiomas.","breadcrumb":{"@id":"https:\/\/talkpal.ai\/es\/gramatica-ucraniana\/#breadcrumb"},"inLanguage":"es","potentialAction":[{"@type":"ReadAction","target":["https:\/\/talkpal.ai\/es\/gramatica-ucraniana\/"]}]},{"@type":"ImageObject","inLanguage":"es","@id":"https:\/\/talkpal.ai\/es\/gramatica-ucraniana\/#primaryimage","url":"https:\/\/talkpal.ai\/wp-content\/uploads\/2023\/04\/ukraine.png","contentUrl":"https:\/\/talkpal.ai\/wp-content\/uploads\/2023\/04\/ukraine.png","width":512,"height":512,"caption":"TalkPal Ukrainian Flag"},{"@type":"BreadcrumbList","@id":"https:\/\/talkpal.ai\/es\/gramatica-ucraniana\/#breadcrumb","itemListElement":[{"@type":"ListItem","position":1,"name":"Homepage","item":"https:\/\/talkpal.ai\/es\/"},{"@type":"ListItem","position":2,"name":"Gram\u00e1tica ucraniana"}]},{"@type":"WebSite","@id":"https:\/\/talkpal.ai\/es\/#website","url":"https:\/\/talkpal.ai\/es\/","name":"Talkpal","description":"AI Language Learning","publisher":{"@id":"https:\/\/talkpal.ai\/es\/#organization"},"alternateName":"Talkpal AI","potentialAction":[{"@type":"SearchAction","target":{"@type":"EntryPoint","urlTemplate":"https:\/\/talkpal.ai\/es\/?s={search_term_string}"},"query-input":{"@type":"PropertyValueSpecification","valueRequired":true,"valueName":"search_term_string"}}],"inLanguage":"es"},{"@type":"Organization","@id":"https:\/\/talkpal.ai\/es\/#organization","name":"Talkpal, Inc.","alternateName":"Talkpal AI","url":"https:\/\/talkpal.ai\/es\/","logo":{"@type":"ImageObject","inLanguage":"es","@id":"https:\/\/talkpal.ai\/es\/#\/schema\/logo\/image\/","url":"https:\/\/talkpal.ai\/wp-content\/uploads\/2024\/03\/Talkpal-Logo-Icon.png","contentUrl":"https:\/\/talkpal.ai\/wp-content\/uploads\/2024\/03\/Talkpal-Logo-Icon.png","width":2880,"height":2880,"caption":"Talkpal, Inc."},"image":{"@id":"https:\/\/talkpal.ai\/es\/#\/schema\/logo\/image\/"},"sameAs":["https:\/\/www.facebook.com\/profile.php?id=100090733639311","https:\/\/x.com\/talkpalai","https:\/\/www.linkedin.com\/company\/talkpal\/","https:\/\/www.youtube.com\/@TalkPal\/","https:\/\/www.tiktok.com\/@talkpal","https:\/\/www.instagram.com\/talkpal_ai\/","https:\/\/www.crunchbase.com\/organization\/talkpal-9cde","https:\/\/www.g2.com\/products\/talkpal-for-business\/","https:\/\/www.trustpilot.com\/review\/talkpal.ai","https:\/\/www.capterra.com\/p\/10006800\/TalkPal\/"],"description":"Talkpal is a language learning web and mobile education app, powered by the latest AI technologies, that provides engaging experiences to its customers in many different languages to help them improve their language skills. Users can chat about unlimited amount of topics with the app and use other modes to practice their language learning.","email":"support@talkpal.ai","legalName":"Talkpal, Inc.","foundingDate":"2023-04-03","duns":"118989042","numberOfEmployees":{"@type":"QuantitativeValue","minValue":"11","maxValue":"50"},"publishingPrinciples":"https:\/\/talkpal.ai\/publishing-principles\/","actionableFeedbackPolicy":"https:\/\/talkpal.ai\/actionable-feedback-policy\/","correctionsPolicy":"https:\/\/talkpal.ai\/corrections-policy\/","ethicsPolicy":"https:\/\/talkpal.ai\/ethics-policy\/","diversityPolicy":"https:\/\/talkpal.ai\/diversity-policy\/","diversityStaffingReport":"https:\/\/talkpal.ai\/diversity-policy\/"}]}},"_links":{"self":[{"href":"https:\/\/talkpal.ai\/es\/wp-json\/wp\/v2\/pages\/45160","targetHints":{"allow":["GET"]}}],"collection":[{"href":"https:\/\/talkpal.ai\/es\/wp-json\/wp\/v2\/pages"}],"about":[{"href":"https:\/\/talkpal.ai\/es\/wp-json\/wp\/v2\/types\/page"}],"author":[{"embeddable":true,"href":"https:\/\/talkpal.ai\/es\/wp-json\/wp\/v2\/users\/1"}],"replies":[{"embeddable":true,"href":"https:\/\/talkpal.ai\/es\/wp-json\/wp\/v2\/comments?post=45160"}],"version-history":[{"count":0,"href":"https:\/\/talkpal.ai\/es\/wp-json\/wp\/v2\/pages\/45160\/revisions"}],"wp:featuredmedia":[{"embeddable":true,"href":"https:\/\/talkpal.ai\/es\/wp-json\/wp\/v2\/media\/11624"}],"wp:attachment":[{"href":"https:\/\/talkpal.ai\/es\/wp-json\/wp\/v2\/media?parent=45160"}],"curies":[{"name":"wp","href":"https:\/\/api.w.org\/{rel}","templated":true}]}}