{"id":45135,"date":"2023-05-14T14:00:03","date_gmt":"2023-05-14T14:00:03","guid":{"rendered":"http:\/\/talkpal.ai\/gramatica-bosnia\/"},"modified":"2025-05-22T14:40:21","modified_gmt":"2025-05-22T14:40:21","slug":"gramatica-bosnia","status":"publish","type":"page","link":"https:\/\/talkpal.ai\/es\/gramatica-bosnia\/","title":{"rendered":"Gram\u00e1tica bosnia"},"content":{"rendered":"\r\n\r\n\r\n<section class=\"languageChallengeSection\">\r\n    <div class=\"languageInfoWrapper\">\r\n        \r\n        <h1>Gram\u00e1tica bosnia<\/h1>\r\n        <p>Desbloquea el rico y expresivo mundo de la lengua bosnia dominando sus aspectos gramaticales esenciales. Un s\u00f3lido dominio de la <a href=\"https:\/\/talkpal.ai\/bosnian-grammar\/\">gram\u00e1tica bosnia<\/a> te ayudar\u00e1 a comunicarte con confianza y a apreciar la cultura m\u00e1s profundamente. \u00a1Empieza a aprender <a href=\"https:\/\/talkpal.ai\/bosnian-grammar\/\">gram\u00e1tica bosnia<\/a> hoy mismo y da tu primer paso hacia la fluidez!<\/p>\r\n\r\n                            <a class=\"getStartedHidden\" href=\"https:\/\/app.talkpal.ai\/es-es\/signup?lng=\">Comenzar<\/a>\r\n        \r\n    <\/div>\r\n\r\n    <figure>\r\n    <img decoding=\"async\" width=\"768\" height=\"768\" src=\"https:\/\/talkpal.ai\/wp-content\/uploads\/2023\/06\/bosinian-768x768.png\" class=\"languageImage no-lazy\" alt=\"Default alt text\" fetchpriority=\"high\" sizes=\"(max-width: 768px) 150px, 768px\" srcset=\"https:\/\/talkpal.ai\/wp-content\/uploads\/2023\/06\/bosinian-768x768.png 768w, https:\/\/talkpal.ai\/wp-content\/uploads\/2023\/06\/bosinian-300x300.png 300w\" \/>\r\n    \r\n\r\n    <\/figure>\r\n\r\n            <a class=\"getStartedVisible\" href=\"https:\/\/app.talkpal.ai\/es-es\/signup?lng=\">Comenzar<\/a>\r\n    \r\n<\/section>\r\n        <section class=\"grammarSection\">\r\n            <div class=\"grammarLinks\">\r\n                <a href=\"https:\/\/talkpal.ai\/es\/language\/adjetivos-gramatica-bosnia\/\">Adjetivos <\/a><a href=\"https:\/\/talkpal.ai\/es\/language\/adverbios-gramatica-bosnia\/\">Adverbios <\/a><a href=\"https:\/\/talkpal.ai\/es\/language\/articulos-gramatica-bosnia\/\">Art\u00edculos <\/a><a href=\"https:\/\/talkpal.ai\/es\/language\/comparacion-de-tiempos-gramatica-bosnia\/\">Comparaci\u00f3n de tiempos <\/a><a href=\"https:\/\/talkpal.ai\/es\/language\/condicionales-gramatica-bosnia\/\">Condicionales <\/a><a href=\"https:\/\/talkpal.ai\/es\/language\/oraciones-gramatica-bosnia\/\">Oraciones <\/a><a href=\"https:\/\/talkpal.ai\/es\/language\/perfecto-progresivo-gramatica-bosnia\/\">Perfecto Progresivo <\/a><a href=\"https:\/\/talkpal.ai\/es\/language\/preposiciones-gramatica-bosnia\/\">Preposiciones <\/a><a href=\"https:\/\/talkpal.ai\/es\/language\/progresivo-gramatica-bosnia\/\">Progresivo <\/a><a href=\"https:\/\/talkpal.ai\/es\/language\/pronombres-determinantes-gramatica-bosnia\/\">Pronombres\/Determinantes <\/a><a href=\"https:\/\/talkpal.ai\/es\/language\/sustantivos-gramatica-bosnia\/\">Sustantivos <\/a><a href=\"https:\/\/talkpal.ai\/es\/language\/tiempos-verbales-gramatica-bosnia\/\">Tiempos verbales <\/a><a href=\"https:\/\/talkpal.ai\/es\/language\/verbos-gramatica-bosnia\/\">Verbos <\/a>            <\/div>\r\n        <\/section>\r\n    <section class=\"promotionalBanner\">\r\n    <p class=\"promotionalText\">La forma m\u00e1s eficiente de aprender un idioma<\/p>\r\n    <a class=\"promotionalLink\" href=\"https:\/\/app.talkpal.ai\/es-es\/signup?lng=\">Prueba Talkpal gratis<\/a>\r\n<\/section>\n<div class=\"wp-block-group pageContainerStyle\"><div class=\"wp-block-group__inner-container is-layout-constrained wp-block-group-is-layout-constrained\">\n<h2 class=\"wp-block-heading\" id=\"h-bosnian-grammar-a-guide-to-understanding-its-unique-features\">Gram\u00e1tica bosnia: una gu\u00eda para comprender sus caracter\u00edsticas \u00fanicas<\/h2>\n\n\n\n<p>\u00bfEst\u00e1s aprendiendo <a href=\"https:\/\/talkpal.ai\/learn-bosnian\/\">bosnio<\/a> y te desconcierta la gram\u00e1tica de la lengua? \u00a1No temas! En este art\u00edculo nos adentraremos en los misterios de la gram\u00e1tica bosnia y te ayudaremos a comprender sus caracter\u00edsticas \u00fanicas, sin dejar de ser sencillos y atractivos. \u00bfListo para embarcarte en este emocionante viaje ling\u00fc\u00edstico? \u00a1Empecemos!<\/p>\n\n\n\n<h3 class=\"wp-block-heading\" id=\"h-the-fundamentals-nouns-and-pronouns\">Los fundamentos: sustantivos y pronombres<\/h3>\n\n\n\n<p>Antes <a href=\"https:\/\/talkpal.ai\/culture\/how-do-i-say-youre-welcome-in-spanish\/\">de nada<\/a>, es esencial saber que el bosnio, <a href=\"https:\/\/talkpal.ai\/locations\/language-courses-in-como\/\">como<\/a> otras lenguas eslavas, tiene tres g\u00e9neros gramaticales: masculino, femenino y neutro. \u00bfC\u00f3mo puedes saber a qu\u00e9 g\u00e9nero pertenece un sustantivo? As\u00ed de f\u00e1cil. Todo gira en torno al final. Aqu\u00ed tienes una gu\u00eda r\u00e1pida:<\/p>\n\n\n\n<p><strong>&#8211; Los sustantivos masculinos suelen acabar en consonante,<\/strong><\/p>\n\n\n\n<p><strong>&#8211; Los sustantivos femeninos suelen terminar en -a,<\/strong><\/p>\n\n\n\n<p><strong>&#8211; Los sustantivos neutros suelen terminar en -o o -e.<\/strong><\/p>\n\n\n\n<p>Tenga en cuenta que estas son reglas generales, y puede haber excepciones. Ahora hablemos de los pronombres. Los <a href=\"https:\/\/talkpal.ai\/ar\/grammar_exercises\/pronombres-personales-%d8%aa%d9%85%d8%a7%d8%b1%d9%8a%d9%86-%d9%84%d9%82%d9%88%d8%a7%d8%b9%d8%af-%d8%a7%d9%84%d9%84%d8%ba%d8%a9-%d8%a7%d9%84%d8%a5%d8%b3%d8%a8%d8%a7%d9%86%d9%8a%d8%a9\/\">pronombres personales<\/a> en bosnio cambian seg\u00fan el g\u00e9nero, el n\u00famero (singular o plural) y el caso del sustantivo (m\u00e1s adelante hablaremos de los casos). Hay siete pronombres personales en bosnio: ja (I), ti (t\u00fa, singular\/informal), on (\u00e9l), ona (ella), <a href=\"https:\/\/talkpal.ai\/locations\/language-courses-in-ono\/\">ono<\/a> (eso), mi (nosotros) y vi (t\u00fa, plural\/formal). Recuerde que el bosnio tiene una forma informal y formal de dirigirse a las personas, \u00a1as\u00ed que aseg\u00farese de usar el pronombre correcto cuando hable con alguien!<\/p>\n\n\n\n<h3 class=\"wp-block-heading\" id=\"h-next-up-verb-conjugation\">Siguiente: Conjugaci\u00f3n verbal<\/h3>\n\n\n\n<p>Los verbos son la columna vertebral de cualquier idioma, y el bosnio no es diferente. Los verbos bosnios <a href=\"https:\/\/talkpal.ai\/locations\/language-courses-in-tienen\/\">tienen<\/a> dos patrones de conjugaci\u00f3n principales: uno para los verbos que terminan en -ti (primera conjugaci\u00f3n) y otro para los que terminan en -\u0107i (segunda conjugaci\u00f3n). En ambos casos, las terminaciones verbales cambian seg\u00fan el g\u00e9nero, el n\u00famero y el tiempo del sujeto.<\/p>\n\n\n\n<p>Hablando de tiempos verbales, el bosnio tiene tres tiempos simples: presente, pasado y futuro. El tiempo presente se forma agregando terminaciones espec\u00edficas al verbo stem. El pasado, en cambio, se forma utilizando el verbo auxiliar \u00abbiti\u00bb (ser) en la forma infinitiva \u00abbio\u00bb y el participio pasado. Por \u00faltimo, el tiempo futuro se crea combinando el verbo auxiliar \u00abhtjeti\u00bb (voluntad) y la forma infinitiva del verbo principal.<\/p>\n\n\n\n<h3 class=\"wp-block-heading\" id=\"h-the-magic-of-cases\">La magia de los casos<\/h3>\n\n\n\n<p>La gram\u00e1tica bosnia emplea un sistema de casos, lo que significa que los sustantivos, pronombres, adjetivos y, a veces, incluso verbos cambian sus formas de acuerdo con su funci\u00f3n en una oraci\u00f3n. Hay siete casos en bosnio: nominativo, genitivo, dativo, acusativo, vocativo, instrumental y locativo.<\/p>\n\n\n\n<p>Ahora bien, \u00a1no dejes que estos t\u00e9rminos te intimiden! Es s\u00f3lo cuesti\u00f3n de pr\u00e1ctica. Cada caso tiene un prop\u00f3sito particular y responde a preguntas espec\u00edficas:<\/p>\n\n\n\n<p><strong>1. Nominativo:<\/strong> El sujeto de la oraci\u00f3n. \u00bfQui\u00e9n o qu\u00e9 est\u00e1 haciendo la acci\u00f3n?<\/p>\n\n\n\n<p><strong>2. Genitivo:<\/strong> Indica posesi\u00f3n, origen o parte de algo. \u00bfDe qui\u00e9n o de qu\u00e9?<\/p>\n\n\n\n<p><strong>3. Dativo<\/strong> : El objeto indirecto: \u00bfa qui\u00e9n o para qui\u00e9n se le da o hace algo?<\/p>\n\n\n\n<p><strong>4. Acusativo:<\/strong> El objeto directo: \u00bfqui\u00e9n o qu\u00e9 est\u00e1 recibiendo la acci\u00f3n?<\/p>\n\n\n\n<p><strong>5. Vocativo:<\/strong> Se usa para dirigirse a alguien o algo directamente \u2013 \u00a1Hey, t\u00fa!<\/p>\n\n\n\n<p><strong>6. Instrumental:<\/strong> Representa el medio o m\u00e9todo de la acci\u00f3n, \u00bfcon qu\u00e9 o por qui\u00e9n?<\/p>\n\n\n\n<p><strong>7. Locativo:<\/strong> Demuestra la ubicaci\u00f3n o posici\u00f3n de algo, \u00bfd\u00f3nde o en qu\u00e9?<\/p>\n\n\n\n<h3 class=\"wp-block-heading\" id=\"h-loving-the-adjectives\">Amando los adjetivos<\/h3>\n\n\n\n<p>Los adjetivos en bosnio est\u00e1n de acuerdo con el sustantivo que modifican en t\u00e9rminos de g\u00e9nero, n\u00famero y caso. Esto significa que los adjetivos, al igual que los sustantivos y los pronombres, tienen diferentes formas dependiendo del sustantivo que describen.<\/p>\n\n\n\n<p>Por ejemplo, si quieres decir \u00abcasa grande\u00bb en bosnio (que es un sustantivo femenino), dir\u00edas \u00abvelika ku\u0107a\u00bb. Sin embargo, si hablas de un \u00abcoche grande\u00bb (sustantivo masculino), dir\u00edas \u00abveliki auto\u00bb.<\/p>\n\n\n\n<h3 class=\"wp-block-heading\" id=\"h-final-thoughts\">Reflexiones finales<\/h3>\n\n\n\n<p>La gram\u00e1tica bosnia, con su g\u00e9nero, casos y conjugaci\u00f3n verbal, puede parecer compleja inicialmente, pero recuerda: \u00a1la pr\u00e1ctica hace al maestro! Se trata de comprender el sistema y utilizarlo en situaciones de la vida real. Ten paciencia, sigue practicando y, muy pronto, dominar\u00e1s la hermosa lengua de Bosnia. \u00a1Sretno! (\u00a1Buena suerte!)<\/p>\n<\/div><\/div>\n\r\n<section class=\"learnNavigationSection\">\r\n            \r\n        <a href=\"https:\/\/talkpal.ai\/es\/aprender-bosnio\/\">\r\n            <div class=\"learnNavigationWrapper\">\r\n                <div class=\"learnNavigationContent\">\r\n                    <img decoding=\"async\" src=\"https:\/\/talkpal.ai\/wp-content\/uploads\/2024\/08\/Bosnian.jpg\" alt=\"Bosnian Flag\">\r\n                    <div>\r\n                        <h4>Acerca de Bosnian Learning<\/h4>\r\n                        <p>Descubra todo sobre la gram\u00e1tica bosnia.<\/p>\r\n                    <\/div>\r\n                <\/div>\r\n            <\/div>\r\n        <\/a>\r\n\r\n        \r\n        <a href=\"https:\/\/talkpal.ai\/es\/ejercicios-de-gramatica-bosnia\/\">\r\n            <div class=\"learnNavigationWrapper\">\r\n                <div class=\"learnNavigationContent\">\r\n                    <img decoding=\"async\" src=\"https:\/\/talkpal.ai\/wp-content\/uploads\/2024\/08\/Bosnian.jpg\" alt=\"Bosnian Flag\">\r\n                    <div>\r\n                        <h4>Ejercicio de gram\u00e1tica bosnia<\/h4>\r\n                        <p>Practicar la gram\u00e1tica bosnia.<\/p>\r\n                    <\/div>\r\n                <\/div>\r\n            <\/div>\r\n        <\/a>\r\n\r\n        \r\n        <a href=\"https:\/\/talkpal.ai\/vocabulary_language\/bosnian\/\">\r\n            <div class=\"learnNavigationWrapper\">\r\n                <div class=\"learnNavigationContent\">\r\n                    <img decoding=\"async\" src=\"https:\/\/talkpal.ai\/wp-content\/uploads\/2024\/08\/Bosnian.jpg\" alt=\"Bosnian Flag\">\r\n                    <div>\r\n                        <h4>Vocabulario bosnio<\/h4>\r\n                        <p>Ampl\u00eda tu vocabulario bosnio.<\/p>\r\n                    <\/div>\r\n                <\/div>\r\n            <\/div>\r\n        <\/a>\r\n\r\n            <\/section>","protected":false},"excerpt":{"rendered":"<p>Gram\u00e1tica bosnia: una gu\u00eda para comprender sus caracter\u00edsticas \u00fanicas \u00bfEst\u00e1s aprendiendo bosnio y te desconcierta la gram\u00e1tica de la lengua? \u00a1No temas! En este art\u00edculo nos adentraremos en los misterios de la gram\u00e1tica bosnia y te ayudaremos a comprender sus caracter\u00edsticas \u00fanicas, sin dejar de ser sencillos y atractivos. \u00bfListo para embarcarte en este emocionante [&hellip;]<\/p>\n","protected":false},"author":1,"featured_media":28212,"parent":0,"menu_order":0,"comment_status":"closed","ping_status":"closed","template":"LearningContentPage.php","meta":{"_acf_changed":false,"footnotes":""},"class_list":["post-45135","page","type-page","status-publish","has-post-thumbnail","hentry"],"acf":[],"yoast_head":"<!-- This site is optimized with the Yoast SEO Premium plugin v27.2 (Yoast SEO v27.2) - https:\/\/yoast.com\/product\/yoast-seo-premium-wordpress\/ -->\n<title>Gram\u00e1tica bosnia - Talkpal<\/title>\n<meta name=\"description\" content=\"Domina la gram\u00e1tica bosnia sin esfuerzo con Talkpaltu tutor ling\u00fc\u00edstico con inteligencia artificial. \u00a1Descubre explicaciones sencillas, consejos pr\u00e1cticos y ejercicios interactivos!\" \/>\n<meta name=\"robots\" content=\"index, follow, max-snippet:-1, max-image-preview:large, max-video-preview:-1\" \/>\n<link rel=\"canonical\" href=\"https:\/\/talkpal.ai\/es\/gramatica-bosnia\/\" \/>\n<meta property=\"og:locale\" content=\"es_ES\" \/>\n<meta property=\"og:type\" content=\"article\" \/>\n<meta property=\"og:title\" content=\"Gram\u00e1tica bosnia\" \/>\n<meta property=\"og:description\" content=\"Gram\u00e1tica bosnia: una gu\u00eda para comprender sus caracter\u00edsticas \u00fanicas \u00bfEst\u00e1s aprendiendo bosnio y te desconcierta la gram\u00e1tica de la lengua? \u00a1No temas! En\" \/>\n<meta property=\"og:url\" content=\"https:\/\/talkpal.ai\/es\/gramatica-bosnia\/\" \/>\n<meta property=\"og:site_name\" content=\"Talkpal\" \/>\n<meta property=\"article:publisher\" content=\"https:\/\/www.facebook.com\/profile.php?id=100090733639311\" \/>\n<meta property=\"article:modified_time\" content=\"2025-05-22T14:40:21+00:00\" \/>\n<meta property=\"og:image\" content=\"https:\/\/talkpal.ai\/wp-content\/uploads\/2023\/05\/bosnia-and-herzegovina.png\" \/>\n\t<meta property=\"og:image:width\" content=\"512\" \/>\n\t<meta property=\"og:image:height\" content=\"512\" \/>\n\t<meta property=\"og:image:type\" content=\"image\/png\" \/>\n<meta name=\"twitter:card\" content=\"summary_large_image\" \/>\n<meta name=\"twitter:site\" content=\"@talkpalai\" \/>\n<meta name=\"twitter:label1\" content=\"Tiempo de lectura\" \/>\n\t<meta name=\"twitter:data1\" content=\"4 minutos\" \/>\n<script type=\"application\/ld+json\" class=\"yoast-schema-graph\">{\"@context\":\"https:\/\/schema.org\",\"@graph\":[{\"@type\":\"WebPage\",\"@id\":\"https:\/\/talkpal.ai\/es\/gramatica-bosnia\/\",\"url\":\"https:\/\/talkpal.ai\/es\/gramatica-bosnia\/\",\"name\":\"Gram\u00e1tica bosnia - Talkpal\",\"isPartOf\":{\"@id\":\"https:\/\/talkpal.ai\/es\/#website\"},\"primaryImageOfPage\":{\"@id\":\"https:\/\/talkpal.ai\/es\/gramatica-bosnia\/#primaryimage\"},\"image\":{\"@id\":\"https:\/\/talkpal.ai\/es\/gramatica-bosnia\/#primaryimage\"},\"thumbnailUrl\":\"https:\/\/talkpal.ai\/wp-content\/uploads\/2023\/05\/bosnia-and-herzegovina.png\",\"datePublished\":\"2023-05-14T14:00:03+00:00\",\"dateModified\":\"2025-05-22T14:40:21+00:00\",\"description\":\"Domina la gram\u00e1tica bosnia sin esfuerzo con Talkpaltu tutor ling\u00fc\u00edstico con inteligencia artificial. \u00a1Descubre explicaciones sencillas, consejos pr\u00e1cticos y ejercicios interactivos!\",\"breadcrumb\":{\"@id\":\"https:\/\/talkpal.ai\/es\/gramatica-bosnia\/#breadcrumb\"},\"inLanguage\":\"es\",\"potentialAction\":[{\"@type\":\"ReadAction\",\"target\":[\"https:\/\/talkpal.ai\/es\/gramatica-bosnia\/\"]}]},{\"@type\":\"ImageObject\",\"inLanguage\":\"es\",\"@id\":\"https:\/\/talkpal.ai\/es\/gramatica-bosnia\/#primaryimage\",\"url\":\"https:\/\/talkpal.ai\/wp-content\/uploads\/2023\/05\/bosnia-and-herzegovina.png\",\"contentUrl\":\"https:\/\/talkpal.ai\/wp-content\/uploads\/2023\/05\/bosnia-and-herzegovina.png\",\"width\":512,\"height\":512},{\"@type\":\"BreadcrumbList\",\"@id\":\"https:\/\/talkpal.ai\/es\/gramatica-bosnia\/#breadcrumb\",\"itemListElement\":[{\"@type\":\"ListItem\",\"position\":1,\"name\":\"Homepage\",\"item\":\"https:\/\/talkpal.ai\/es\/\"},{\"@type\":\"ListItem\",\"position\":2,\"name\":\"Gram\u00e1tica bosnia\"}]},{\"@type\":\"WebSite\",\"@id\":\"https:\/\/talkpal.ai\/es\/#website\",\"url\":\"https:\/\/talkpal.ai\/es\/\",\"name\":\"Talkpal\",\"description\":\"AI Language Learning\",\"publisher\":{\"@id\":\"https:\/\/talkpal.ai\/es\/#organization\"},\"alternateName\":\"Talkpal AI\",\"potentialAction\":[{\"@type\":\"SearchAction\",\"target\":{\"@type\":\"EntryPoint\",\"urlTemplate\":\"https:\/\/talkpal.ai\/es\/?s={search_term_string}\"},\"query-input\":{\"@type\":\"PropertyValueSpecification\",\"valueRequired\":true,\"valueName\":\"search_term_string\"}}],\"inLanguage\":\"es\"},{\"@type\":\"Organization\",\"@id\":\"https:\/\/talkpal.ai\/es\/#organization\",\"name\":\"Talkpal, Inc.\",\"alternateName\":\"Talkpal AI\",\"url\":\"https:\/\/talkpal.ai\/es\/\",\"logo\":{\"@type\":\"ImageObject\",\"inLanguage\":\"es\",\"@id\":\"https:\/\/talkpal.ai\/es\/#\/schema\/logo\/image\/\",\"url\":\"https:\/\/talkpal.ai\/wp-content\/uploads\/2024\/03\/Talkpal-Logo-Icon.png\",\"contentUrl\":\"https:\/\/talkpal.ai\/wp-content\/uploads\/2024\/03\/Talkpal-Logo-Icon.png\",\"width\":2880,\"height\":2880,\"caption\":\"Talkpal, Inc.\"},\"image\":{\"@id\":\"https:\/\/talkpal.ai\/es\/#\/schema\/logo\/image\/\"},\"sameAs\":[\"https:\/\/www.facebook.com\/profile.php?id=100090733639311\",\"https:\/\/x.com\/talkpalai\",\"https:\/\/www.linkedin.com\/company\/talkpal\/\",\"https:\/\/www.youtube.com\/@TalkPal\/\",\"https:\/\/www.tiktok.com\/@talkpal\",\"https:\/\/www.instagram.com\/talkpal_ai\/\",\"https:\/\/www.crunchbase.com\/organization\/talkpal-9cde\",\"https:\/\/www.g2.com\/products\/talkpal-for-business\/\",\"https:\/\/www.trustpilot.com\/review\/talkpal.ai\",\"https:\/\/www.capterra.com\/p\/10006800\/TalkPal\/\"],\"description\":\"Talkpal is a language learning web and mobile education app, powered by the latest AI technologies, that provides engaging experiences to its customers in many different languages to help them improve their language skills. Users can chat about unlimited amount of topics with the app and use other modes to practice their language learning.\",\"email\":\"support@talkpal.ai\",\"legalName\":\"Talkpal, Inc.\",\"foundingDate\":\"2023-04-03\",\"duns\":\"118989042\",\"numberOfEmployees\":{\"@type\":\"QuantitativeValue\",\"minValue\":\"11\",\"maxValue\":\"50\"},\"publishingPrinciples\":\"https:\/\/talkpal.ai\/publishing-principles\/\",\"actionableFeedbackPolicy\":\"https:\/\/talkpal.ai\/actionable-feedback-policy\/\",\"correctionsPolicy\":\"https:\/\/talkpal.ai\/corrections-policy\/\",\"ethicsPolicy\":\"https:\/\/talkpal.ai\/ethics-policy\/\",\"diversityPolicy\":\"https:\/\/talkpal.ai\/diversity-policy\/\",\"diversityStaffingReport\":\"https:\/\/talkpal.ai\/diversity-policy\/\"}]}<\/script>\n<!-- \/ Yoast SEO Premium plugin. -->","yoast_head_json":{"title":"Gram\u00e1tica bosnia - Talkpal","description":"Domina la gram\u00e1tica bosnia sin esfuerzo con Talkpaltu tutor ling\u00fc\u00edstico con inteligencia artificial. \u00a1Descubre explicaciones sencillas, consejos pr\u00e1cticos y ejercicios interactivos!","robots":{"index":"index","follow":"follow","max-snippet":"max-snippet:-1","max-image-preview":"max-image-preview:large","max-video-preview":"max-video-preview:-1"},"canonical":"https:\/\/talkpal.ai\/es\/gramatica-bosnia\/","og_locale":"es_ES","og_type":"article","og_title":"Gram\u00e1tica bosnia","og_description":"Gram\u00e1tica bosnia: una gu\u00eda para comprender sus caracter\u00edsticas \u00fanicas \u00bfEst\u00e1s aprendiendo bosnio y te desconcierta la gram\u00e1tica de la lengua? \u00a1No temas! En","og_url":"https:\/\/talkpal.ai\/es\/gramatica-bosnia\/","og_site_name":"Talkpal","article_publisher":"https:\/\/www.facebook.com\/profile.php?id=100090733639311","article_modified_time":"2025-05-22T14:40:21+00:00","og_image":[{"width":512,"height":512,"url":"https:\/\/talkpal.ai\/wp-content\/uploads\/2023\/05\/bosnia-and-herzegovina.png","type":"image\/png"}],"twitter_card":"summary_large_image","twitter_site":"@talkpalai","twitter_misc":{"Tiempo de lectura":"4 minutos"},"schema":{"@context":"https:\/\/schema.org","@graph":[{"@type":"WebPage","@id":"https:\/\/talkpal.ai\/es\/gramatica-bosnia\/","url":"https:\/\/talkpal.ai\/es\/gramatica-bosnia\/","name":"Gram\u00e1tica bosnia - Talkpal","isPartOf":{"@id":"https:\/\/talkpal.ai\/es\/#website"},"primaryImageOfPage":{"@id":"https:\/\/talkpal.ai\/es\/gramatica-bosnia\/#primaryimage"},"image":{"@id":"https:\/\/talkpal.ai\/es\/gramatica-bosnia\/#primaryimage"},"thumbnailUrl":"https:\/\/talkpal.ai\/wp-content\/uploads\/2023\/05\/bosnia-and-herzegovina.png","datePublished":"2023-05-14T14:00:03+00:00","dateModified":"2025-05-22T14:40:21+00:00","description":"Domina la gram\u00e1tica bosnia sin esfuerzo con Talkpaltu tutor ling\u00fc\u00edstico con inteligencia artificial. \u00a1Descubre explicaciones sencillas, consejos pr\u00e1cticos y ejercicios interactivos!","breadcrumb":{"@id":"https:\/\/talkpal.ai\/es\/gramatica-bosnia\/#breadcrumb"},"inLanguage":"es","potentialAction":[{"@type":"ReadAction","target":["https:\/\/talkpal.ai\/es\/gramatica-bosnia\/"]}]},{"@type":"ImageObject","inLanguage":"es","@id":"https:\/\/talkpal.ai\/es\/gramatica-bosnia\/#primaryimage","url":"https:\/\/talkpal.ai\/wp-content\/uploads\/2023\/05\/bosnia-and-herzegovina.png","contentUrl":"https:\/\/talkpal.ai\/wp-content\/uploads\/2023\/05\/bosnia-and-herzegovina.png","width":512,"height":512},{"@type":"BreadcrumbList","@id":"https:\/\/talkpal.ai\/es\/gramatica-bosnia\/#breadcrumb","itemListElement":[{"@type":"ListItem","position":1,"name":"Homepage","item":"https:\/\/talkpal.ai\/es\/"},{"@type":"ListItem","position":2,"name":"Gram\u00e1tica bosnia"}]},{"@type":"WebSite","@id":"https:\/\/talkpal.ai\/es\/#website","url":"https:\/\/talkpal.ai\/es\/","name":"Talkpal","description":"AI Language Learning","publisher":{"@id":"https:\/\/talkpal.ai\/es\/#organization"},"alternateName":"Talkpal AI","potentialAction":[{"@type":"SearchAction","target":{"@type":"EntryPoint","urlTemplate":"https:\/\/talkpal.ai\/es\/?s={search_term_string}"},"query-input":{"@type":"PropertyValueSpecification","valueRequired":true,"valueName":"search_term_string"}}],"inLanguage":"es"},{"@type":"Organization","@id":"https:\/\/talkpal.ai\/es\/#organization","name":"Talkpal, Inc.","alternateName":"Talkpal AI","url":"https:\/\/talkpal.ai\/es\/","logo":{"@type":"ImageObject","inLanguage":"es","@id":"https:\/\/talkpal.ai\/es\/#\/schema\/logo\/image\/","url":"https:\/\/talkpal.ai\/wp-content\/uploads\/2024\/03\/Talkpal-Logo-Icon.png","contentUrl":"https:\/\/talkpal.ai\/wp-content\/uploads\/2024\/03\/Talkpal-Logo-Icon.png","width":2880,"height":2880,"caption":"Talkpal, Inc."},"image":{"@id":"https:\/\/talkpal.ai\/es\/#\/schema\/logo\/image\/"},"sameAs":["https:\/\/www.facebook.com\/profile.php?id=100090733639311","https:\/\/x.com\/talkpalai","https:\/\/www.linkedin.com\/company\/talkpal\/","https:\/\/www.youtube.com\/@TalkPal\/","https:\/\/www.tiktok.com\/@talkpal","https:\/\/www.instagram.com\/talkpal_ai\/","https:\/\/www.crunchbase.com\/organization\/talkpal-9cde","https:\/\/www.g2.com\/products\/talkpal-for-business\/","https:\/\/www.trustpilot.com\/review\/talkpal.ai","https:\/\/www.capterra.com\/p\/10006800\/TalkPal\/"],"description":"Talkpal is a language learning web and mobile education app, powered by the latest AI technologies, that provides engaging experiences to its customers in many different languages to help them improve their language skills. Users can chat about unlimited amount of topics with the app and use other modes to practice their language learning.","email":"support@talkpal.ai","legalName":"Talkpal, Inc.","foundingDate":"2023-04-03","duns":"118989042","numberOfEmployees":{"@type":"QuantitativeValue","minValue":"11","maxValue":"50"},"publishingPrinciples":"https:\/\/talkpal.ai\/publishing-principles\/","actionableFeedbackPolicy":"https:\/\/talkpal.ai\/actionable-feedback-policy\/","correctionsPolicy":"https:\/\/talkpal.ai\/corrections-policy\/","ethicsPolicy":"https:\/\/talkpal.ai\/ethics-policy\/","diversityPolicy":"https:\/\/talkpal.ai\/diversity-policy\/","diversityStaffingReport":"https:\/\/talkpal.ai\/diversity-policy\/"}]}},"_links":{"self":[{"href":"https:\/\/talkpal.ai\/es\/wp-json\/wp\/v2\/pages\/45135","targetHints":{"allow":["GET"]}}],"collection":[{"href":"https:\/\/talkpal.ai\/es\/wp-json\/wp\/v2\/pages"}],"about":[{"href":"https:\/\/talkpal.ai\/es\/wp-json\/wp\/v2\/types\/page"}],"author":[{"embeddable":true,"href":"https:\/\/talkpal.ai\/es\/wp-json\/wp\/v2\/users\/1"}],"replies":[{"embeddable":true,"href":"https:\/\/talkpal.ai\/es\/wp-json\/wp\/v2\/comments?post=45135"}],"version-history":[{"count":0,"href":"https:\/\/talkpal.ai\/es\/wp-json\/wp\/v2\/pages\/45135\/revisions"}],"wp:featuredmedia":[{"embeddable":true,"href":"https:\/\/talkpal.ai\/es\/wp-json\/wp\/v2\/media\/28212"}],"wp:attachment":[{"href":"https:\/\/talkpal.ai\/es\/wp-json\/wp\/v2\/media?parent=45135"}],"curies":[{"name":"wp","href":"https:\/\/api.w.org\/{rel}","templated":true}]}}