{"id":45128,"date":"2023-05-14T14:01:16","date_gmt":"2023-05-14T14:01:16","guid":{"rendered":"http:\/\/talkpal.ai\/gramatica-croata\/"},"modified":"2025-12-11T16:39:23","modified_gmt":"2025-12-11T16:39:23","slug":"gramatica-croata","status":"publish","type":"page","link":"https:\/\/talkpal.ai\/es\/gramatica-croata\/","title":{"rendered":"Gram\u00e1tica croata"},"content":{"rendered":"\r\n\r\n\r\n<section class=\"languageChallengeSection\">\r\n    <div class=\"languageInfoWrapper\">\r\n        \r\n        <h1>Gram\u00e1tica croata<\/h1>\r\n        <p>Descubre la fascinante estructura del <a href=\"https:\/\/talkpal.ai\/learn-croatian\/\">croata<\/a> aprendiendo sus reglas gramaticales esenciales. Dominar la gram\u00e1tica croata te abrir\u00e1 nuevas oportunidades de comunicaci\u00f3n y te ayudar\u00e1 a conocer mejor la cultura y el patrimonio del pa\u00eds. \u00a1Empieza a aprender gram\u00e1tica croata hoy mismo y da tu primer paso hacia la fluidez!<\/p>\r\n\r\n                            <a class=\"getStartedHidden\" href=\"https:\/\/app.talkpal.ai\/es-es\/signup?lng=\">Comenzar<\/a>\r\n        \r\n    <\/div>\r\n\r\n    <figure>\r\n    <img decoding=\"async\" width=\"768\" height=\"768\" src=\"https:\/\/talkpal.ai\/wp-content\/uploads\/2023\/06\/croatian-768x768.png\" class=\"languageImage no-lazy\" alt=\"Default alt text\" fetchpriority=\"high\" sizes=\"(max-width: 768px) 150px, 768px\" srcset=\"https:\/\/talkpal.ai\/wp-content\/uploads\/2023\/06\/croatian-768x768.png 768w, https:\/\/talkpal.ai\/wp-content\/uploads\/2023\/06\/croatian-300x300.png 300w\" \/>\r\n    \r\n\r\n    <\/figure>\r\n\r\n            <a class=\"getStartedVisible\" href=\"https:\/\/app.talkpal.ai\/es-es\/signup?lng=\">Comenzar<\/a>\r\n    \r\n<\/section>\r\n        <section class=\"grammarSection\">\r\n            <div class=\"grammarLinks\">\r\n                <a href=\"https:\/\/talkpal.ai\/es\/language\/adjetivos-gramatica-croata\/\">Adjetivos <\/a><a href=\"https:\/\/talkpal.ai\/es\/language\/adverbios-gramatica-croata\/\">Adverbios <\/a><a href=\"https:\/\/talkpal.ai\/es\/language\/articulos-gramatica-croata\/\">Art\u00edculos <\/a><a href=\"https:\/\/talkpal.ai\/es\/language\/comparacion-de-tiempos-gramatica-croata\/\">Comparaci\u00f3n de tiempos <\/a><a href=\"https:\/\/talkpal.ai\/es\/language\/condicionales-gramatica-croata\/\">Condicionales <\/a><a href=\"https:\/\/talkpal.ai\/es\/language\/oraciones-gramatica-croata\/\">Oraciones <\/a><a href=\"https:\/\/talkpal.ai\/es\/language\/perfecto-progresivo-gramatica-croata\/\">Perfecto Progresivo <\/a><a href=\"https:\/\/talkpal.ai\/es\/language\/preposiciones-gramatica-croata\/\">Preposiciones <\/a><a href=\"https:\/\/talkpal.ai\/es\/language\/progresivo-gramatica-croata\/\">Progresivo <\/a><a href=\"https:\/\/talkpal.ai\/es\/language\/pronombres-determinantes-gramatica-croata\/\">Pronombres\/Determinantes <\/a><a href=\"https:\/\/talkpal.ai\/es\/language\/sustantivos-gramatica-croata\/\">Sustantivos <\/a><a href=\"https:\/\/talkpal.ai\/es\/language\/tiempos-verbales-gramatica-croata\/\">Tiempos verbales <\/a><a href=\"https:\/\/talkpal.ai\/es\/language\/verbos-gramatica-croata\/\">Verbos <\/a>            <\/div>\r\n        <\/section>\r\n    <section class=\"promotionalBanner\">\r\n    <p class=\"promotionalText\">La forma m\u00e1s eficiente de aprender un idioma<\/p>\r\n    <a class=\"promotionalLink\" href=\"https:\/\/app.talkpal.ai\/es-es\/signup?lng=\">Prueba Talkpal gratis<\/a>\r\n<\/section>\n<div class=\"wp-block-group pageContainerStyle\"><div class=\"wp-block-group__inner-container is-layout-constrained wp-block-group-is-layout-constrained\">\n<h2 class=\"wp-block-heading\" id=\"h-a-journey-through-croatian-grammar-unraveling-the-complexities-made-easy\">Un viaje a trav\u00e9s de la gram\u00e1tica croata: desentra\u00f1ar las complejidades de forma f\u00e1cil<\/h2>\n\n\n\n<p>Gram\u00e1tica croata: seductora e intimidante, simple e intrincada, misteriosa y fascinante. A medida que se embarca en el viaje de <a href=\"https:\/\/talkpal.ai\/learn-languages-with-ai\/\">aprender el idioma<\/a> croata, puede sentirse abrumado por la idea de comprender sus complejidades gramaticales. \u00a1Pero no temas, intr\u00e9pido ling\u00fcista, porque estamos aqu\u00ed para guiarte en cada paso del camino!<\/p>\n\n\n\n<p>En este art\u00edculo, proporcionaremos una comprensi\u00f3n b\u00e1sica de los conceptos gramaticales croatas y proporcionaremos consejos y trucos para dominar este hermoso idioma eslavo. \u00a1Simplemente si\u00e9ntese, rel\u00e1jese y simplifiquemos este asunto aparentemente complicado!<\/p>\n\n\n\n<h3 class=\"wp-block-heading\" id=\"h-1-heavenly-nouns-declining-in-style\">1. Sustantivos celestiales: declinando en estilo<\/h3>\n\n\n\n<p>Si est\u00e1s familiarizado con lenguas <a href=\"https:\/\/talkpal.ai\/locations\/language-courses-in-como\/\">como<\/a> el lat\u00edn o el <a href=\"https:\/\/talkpal.ai\/learn-german\/\">alem\u00e1n<\/a>, el concepto de declinaci\u00f3n de los sustantivos no ser\u00e1 nuevo para ti. La gram\u00e1tica croata se construye sobre una base de declinaci\u00f3n, con un total de siete casos. \u00a1S\u00ed, has o\u00eddo bien! Cada sustantivo en croata puede tener hasta siete formas diferentes, dependiendo de su papel en la oraci\u00f3n. Pero, \u00bfpor qu\u00e9 tanto alboroto, preguntas? Bueno, reduce la necesidad de <a href=\"https:\/\/talkpal.ai\/zh-hans\/grammar_exercises\/preposiciones-%e8%a5%bf%e7%8f%ad%e7%89%99%e8%af%ad%e6%b3%95%e7%bb%83%e4%b9%a0\/\">preposiciones<\/a>, haciendo que el lenguaje sea m\u00e1s preciso. <\/p>\n\n\n\n<p>Aqu\u00ed hay un resumen r\u00e1pido de los casos:<\/p>\n\n\n\n<p><strong>&#8211; Nominativo:<\/strong> El sujeto de una frase<\/p>\n\n\n\n<p><strong>&#8211; Genitivo:<\/strong> Indica posesi\u00f3n u origen<\/p>\n\n\n\n<p><strong>&#8211; Dativo:<\/strong> El objeto indirecto o destino<\/p>\n\n\n\n<p><strong>&#8211; Acusativo:<\/strong> El objeto directo o meta<\/p>\n\n\n\n<p><strong>&#8211; Vocativo:<\/strong> Se utiliza para dirigirse o llamar a alguien<\/p>\n\n\n\n<p><strong>&#8211; Localizador:<\/strong> Indica la ubicaci\u00f3n<\/p>\n\n\n\n<p><strong>&#8211; Instrumental:<\/strong> Describe el medio, la manera o el acompa\u00f1amiento<\/p>\n\n\n\n<p>Ahora, antes de comenzar a entrar en p\u00e1nico, recuerde que la pr\u00e1ctica hace la perfecci\u00f3n. \u00a1La exposici\u00f3n regular y el uso del idioma te ayudar\u00e1n a dominar gradualmente estas declinaciones y convertirte en un genio de la gram\u00e1tica croata!<\/p>\n\n\n\n<h3 class=\"wp-block-heading\" id=\"h-2-adorable-adjectives-agreements-galore\">2. Adjetivos adorables: acuerdos en abundancia<\/h3>\n\n\n\n<p>En el mundo de la gram\u00e1tica croata, a los adjetivos les gusta ser agradables. Cambian seg\u00fan el g\u00e9nero, el n\u00famero y el caso del sustantivo que modifican. Esto significa que tendr\u00e1s que ajustar la forma del adjetivo dependiendo de si el sustantivo es masculino, femenino o neutro, as\u00ed como de si es singular o plural.<\/p>\n\n\n\n<p>\u00bfLuchando con el acuerdo? Un peque\u00f1o consejo: conc\u00e9ntrate en aprender la ra\u00edz de un adjetivo, y el resto encajar\u00e1. Por ejemplo, la ra\u00edz del adjetivo \u00abbello\u00bb es \u00ablijep-\u00ab, y puedes crear formas como \u00ablijepa\u00bb (femenino, nominativo) o \u00ablijepim\u00bb (masculino\/neutro, instrumental) utilizando varias <a href=\"https:\/\/talkpal.ai\/zh-hans\/grammar_exercises\/terminaciones-%e8%a5%bf%e7%8f%ad%e7%89%99%e8%af%ad%e6%b3%95%e7%bb%83%e4%b9%a0\/\">terminaciones<\/a>.<\/p>\n\n\n\n<h3 class=\"wp-block-heading\" id=\"h-3-vibrant-verbs-conjugating-to-perfection\">3. Verbos vibrantes: conjugar a la perfecci\u00f3n<\/h3>\n\n\n\n<p>\u00bfEst\u00e1s empezando a ver un patr\u00f3n aqu\u00ed? Al igual que los sustantivos y adjetivos, los verbos croatas tambi\u00e9n est\u00e1n llenos de variaciones. En este idioma, los verbos se someten a una conjugaci\u00f3n basada en el tiempo, el estado de \u00e1nimo, el aspecto, la persona y el n\u00famero.<\/p>\n\n\n\n<p>Hay tres tiempos principales en croata: pasado, <a href=\"https:\/\/talkpal.ai\/zh-hans\/grammar_exercises\/presente-%e8%a5%bf%e7%8f%ad%e7%89%99%e8%af%ad%e6%b3%95%e7%bb%83%e4%b9%a0\/\">presente<\/a> y futuro. Si bien el tiempo presente puede parecer relativamente f\u00e1cil de entender, los tiempos pasado y futuro pueden ser intrincados. \u00a1Pero no te preocupes! La pr\u00e1ctica y la exposici\u00f3n al idioma te ayudar\u00e1n a superar estos obst\u00e1culos en poco tiempo.<\/p>\n\n\n\n<h3 class=\"wp-block-heading\" id=\"h-4-prepositions-cases-dynamic-duo\">4. Preposiciones + Casos = \u00a1D\u00fao din\u00e1mico!<\/h3>\n\n\n\n<p>Las preposiciones croatas pueden ser un poco complicadas, ya que est\u00e1n \u00edntimamente conectadas con los casos sustantivos. Por ejemplo, la preposici\u00f3n \u00abu\u00bb (en, hacia) se utiliza con el caso acusativo si denota movimiento o direcci\u00f3n, pero si representa ubicaci\u00f3n, entonces funciona con el caso locativo.<\/p>\n\n\n\n<p>Para evitar confusiones, asocie una preposici\u00f3n con el caso que requiere. Por ejemplo, recuerda \u00abu + locativo = en\u00bb y \u00abu + acusativo = en\u00bb.<\/p>\n\n\n\n<h3 class=\"wp-block-heading\" id=\"h-5-tame-the-complexities-practice-makes-perfect\">5. Doma las complejidades: la pr\u00e1ctica hace la perfecci\u00f3n<\/h3>\n\n\n\n<p>A primera vista, la gram\u00e1tica croata puede parecer un laberinto, pero tenga en cuenta que la pr\u00e1ctica es el ingrediente secreto para el \u00e9xito. Sum\u00e9rgete en el idioma a trav\u00e9s de la lectura, la escritura, la escucha y la conversaci\u00f3n. Convierte los desaf\u00edos en triunfos permitiendo que tu cerebro absorba y se adapte al nuevo entorno ling\u00fc\u00edstico.<\/p>\n\n\n\n<p>As\u00ed que, ahora que ya te has sumergido en las encantadoras aguas de la gram\u00e1tica croata, \u00bfest\u00e1s preparado para bucear m\u00e1s profundamente? Abraza las complejidades, saborea los matices y recuerda que con persistencia y pasi\u00f3n, puedes desbloquear la verdadera belleza del idioma croata. \u00a1Sretno! (\u00a1Buena suerte!)<\/p>\n<\/div><\/div>\n\r\n<section class=\"learnNavigationSection\">\r\n            \r\n        <a href=\"https:\/\/talkpal.ai\/es\/aprender-croata\/\">\r\n            <div class=\"learnNavigationWrapper\">\r\n                <div class=\"learnNavigationContent\">\r\n                    <img decoding=\"async\" src=\"https:\/\/talkpal.ai\/wp-content\/uploads\/2024\/08\/Croatian.jpg\" alt=\"Croatian Flag\">\r\n                    <div>\r\n                        <h4>Sobre el aprendizaje del croata<\/h4>\r\n                        <p>Descubra todo sobre la gram\u00e1tica croata.<\/p>\r\n                    <\/div>\r\n                <\/div>\r\n            <\/div>\r\n        <\/a>\r\n\r\n        \r\n        <a href=\"https:\/\/talkpal.ai\/es\/ejercicios-de-gramatica-croata\/\">\r\n            <div class=\"learnNavigationWrapper\">\r\n                <div class=\"learnNavigationContent\">\r\n                    <img decoding=\"async\" src=\"https:\/\/talkpal.ai\/wp-content\/uploads\/2024\/08\/Croatian.jpg\" alt=\"Croatian Flag\">\r\n                    <div>\r\n                        <h4>Ejercicio de gram\u00e1tica croata<\/h4>\r\n                        <p>Practicar la gram\u00e1tica croata.<\/p>\r\n                    <\/div>\r\n                <\/div>\r\n            <\/div>\r\n        <\/a>\r\n\r\n        \r\n        <a href=\"https:\/\/talkpal.ai\/vocabulary_language\/croatian\/\">\r\n            <div class=\"learnNavigationWrapper\">\r\n                <div class=\"learnNavigationContent\">\r\n                    <img decoding=\"async\" src=\"https:\/\/talkpal.ai\/wp-content\/uploads\/2024\/08\/Croatian.jpg\" alt=\"Croatian Flag\">\r\n                    <div>\r\n                        <h4>Vocabulario croata<\/h4>\r\n                        <p>Ampl\u00eda tu vocabulario de croata.<\/p>\r\n                    <\/div>\r\n                <\/div>\r\n            <\/div>\r\n        <\/a>\r\n\r\n            <\/section>","protected":false},"excerpt":{"rendered":"<p>Un viaje a trav\u00e9s de la gram\u00e1tica croata: desentra\u00f1ar las complejidades de forma f\u00e1cil Gram\u00e1tica croata: seductora e intimidante, simple e intrincada, misteriosa y fascinante. A medida que se embarca en el viaje de aprender el idioma croata, puede sentirse abrumado por la idea de comprender sus complejidades gramaticales. \u00a1Pero no temas, intr\u00e9pido ling\u00fcista, porque [&hellip;]<\/p>\n","protected":false},"author":1,"featured_media":28260,"parent":0,"menu_order":0,"comment_status":"closed","ping_status":"closed","template":"LearningContentPage.php","meta":{"_acf_changed":false,"footnotes":""},"class_list":["post-45128","page","type-page","status-publish","has-post-thumbnail","hentry"],"acf":[],"yoast_head":"<!-- This site is optimized with the Yoast SEO Premium plugin v27.2 (Yoast SEO v27.2) - https:\/\/yoast.com\/product\/yoast-seo-premium-wordpress\/ -->\n<title>Gram\u00e1tica croata - Talkpal<\/title>\n<meta name=\"description\" content=\"Explora la gram\u00e1tica croata y mejora tu comprensi\u00f3n de la lengua con consejos y recursos esenciales.\" \/>\n<meta name=\"robots\" content=\"index, follow, max-snippet:-1, max-image-preview:large, max-video-preview:-1\" \/>\n<link rel=\"canonical\" href=\"https:\/\/talkpal.ai\/es\/gramatica-croata\/\" \/>\n<meta property=\"og:locale\" content=\"es_ES\" \/>\n<meta property=\"og:type\" content=\"article\" \/>\n<meta property=\"og:title\" content=\"Gram\u00e1tica croata\" \/>\n<meta property=\"og:description\" content=\"Un viaje a trav\u00e9s de la gram\u00e1tica croata: desentra\u00f1ar las complejidades de forma f\u00e1cil Gram\u00e1tica croata: seductora e intimidante, simple e intrincada,\" \/>\n<meta property=\"og:url\" content=\"https:\/\/talkpal.ai\/es\/gramatica-croata\/\" \/>\n<meta property=\"og:site_name\" content=\"Talkpal\" \/>\n<meta property=\"article:publisher\" content=\"https:\/\/www.facebook.com\/profile.php?id=100090733639311\" \/>\n<meta property=\"article:modified_time\" content=\"2025-12-11T16:39:23+00:00\" \/>\n<meta property=\"og:image\" content=\"https:\/\/talkpal.ai\/wp-content\/uploads\/2023\/05\/croatia.png\" \/>\n\t<meta property=\"og:image:width\" content=\"512\" \/>\n\t<meta property=\"og:image:height\" content=\"512\" \/>\n\t<meta property=\"og:image:type\" content=\"image\/png\" \/>\n<meta name=\"twitter:card\" content=\"summary_large_image\" \/>\n<meta name=\"twitter:site\" content=\"@talkpalai\" \/>\n<meta name=\"twitter:label1\" content=\"Tiempo de lectura\" \/>\n\t<meta name=\"twitter:data1\" content=\"4 minutos\" \/>\n<script type=\"application\/ld+json\" class=\"yoast-schema-graph\">{\"@context\":\"https:\/\/schema.org\",\"@graph\":[{\"@type\":\"WebPage\",\"@id\":\"https:\/\/talkpal.ai\/es\/gramatica-croata\/\",\"url\":\"https:\/\/talkpal.ai\/es\/gramatica-croata\/\",\"name\":\"Gram\u00e1tica croata - Talkpal\",\"isPartOf\":{\"@id\":\"https:\/\/talkpal.ai\/es\/#website\"},\"primaryImageOfPage\":{\"@id\":\"https:\/\/talkpal.ai\/es\/gramatica-croata\/#primaryimage\"},\"image\":{\"@id\":\"https:\/\/talkpal.ai\/es\/gramatica-croata\/#primaryimage\"},\"thumbnailUrl\":\"https:\/\/talkpal.ai\/wp-content\/uploads\/2023\/05\/croatia.png\",\"datePublished\":\"2023-05-14T14:01:16+00:00\",\"dateModified\":\"2025-12-11T16:39:23+00:00\",\"description\":\"Explora la gram\u00e1tica croata y mejora tu comprensi\u00f3n de la lengua con consejos y recursos esenciales.\",\"breadcrumb\":{\"@id\":\"https:\/\/talkpal.ai\/es\/gramatica-croata\/#breadcrumb\"},\"inLanguage\":\"es\",\"potentialAction\":[{\"@type\":\"ReadAction\",\"target\":[\"https:\/\/talkpal.ai\/es\/gramatica-croata\/\"]}]},{\"@type\":\"ImageObject\",\"inLanguage\":\"es\",\"@id\":\"https:\/\/talkpal.ai\/es\/gramatica-croata\/#primaryimage\",\"url\":\"https:\/\/talkpal.ai\/wp-content\/uploads\/2023\/05\/croatia.png\",\"contentUrl\":\"https:\/\/talkpal.ai\/wp-content\/uploads\/2023\/05\/croatia.png\",\"width\":512,\"height\":512},{\"@type\":\"BreadcrumbList\",\"@id\":\"https:\/\/talkpal.ai\/es\/gramatica-croata\/#breadcrumb\",\"itemListElement\":[{\"@type\":\"ListItem\",\"position\":1,\"name\":\"Homepage\",\"item\":\"https:\/\/talkpal.ai\/es\/\"},{\"@type\":\"ListItem\",\"position\":2,\"name\":\"Gram\u00e1tica croata\"}]},{\"@type\":\"WebSite\",\"@id\":\"https:\/\/talkpal.ai\/es\/#website\",\"url\":\"https:\/\/talkpal.ai\/es\/\",\"name\":\"Talkpal\",\"description\":\"AI Language Learning\",\"publisher\":{\"@id\":\"https:\/\/talkpal.ai\/es\/#organization\"},\"alternateName\":\"Talkpal AI\",\"potentialAction\":[{\"@type\":\"SearchAction\",\"target\":{\"@type\":\"EntryPoint\",\"urlTemplate\":\"https:\/\/talkpal.ai\/es\/?s={search_term_string}\"},\"query-input\":{\"@type\":\"PropertyValueSpecification\",\"valueRequired\":true,\"valueName\":\"search_term_string\"}}],\"inLanguage\":\"es\"},{\"@type\":\"Organization\",\"@id\":\"https:\/\/talkpal.ai\/es\/#organization\",\"name\":\"Talkpal, Inc.\",\"alternateName\":\"Talkpal AI\",\"url\":\"https:\/\/talkpal.ai\/es\/\",\"logo\":{\"@type\":\"ImageObject\",\"inLanguage\":\"es\",\"@id\":\"https:\/\/talkpal.ai\/es\/#\/schema\/logo\/image\/\",\"url\":\"https:\/\/talkpal.ai\/wp-content\/uploads\/2024\/03\/Talkpal-Logo-Icon.png\",\"contentUrl\":\"https:\/\/talkpal.ai\/wp-content\/uploads\/2024\/03\/Talkpal-Logo-Icon.png\",\"width\":2880,\"height\":2880,\"caption\":\"Talkpal, Inc.\"},\"image\":{\"@id\":\"https:\/\/talkpal.ai\/es\/#\/schema\/logo\/image\/\"},\"sameAs\":[\"https:\/\/www.facebook.com\/profile.php?id=100090733639311\",\"https:\/\/x.com\/talkpalai\",\"https:\/\/www.linkedin.com\/company\/talkpal\/\",\"https:\/\/www.youtube.com\/@TalkPal\/\",\"https:\/\/www.tiktok.com\/@talkpal\",\"https:\/\/www.instagram.com\/talkpal_ai\/\",\"https:\/\/www.crunchbase.com\/organization\/talkpal-9cde\",\"https:\/\/www.g2.com\/products\/talkpal-for-business\/\",\"https:\/\/www.trustpilot.com\/review\/talkpal.ai\",\"https:\/\/www.capterra.com\/p\/10006800\/TalkPal\/\"],\"description\":\"Talkpal is a language learning web and mobile education app, powered by the latest AI technologies, that provides engaging experiences to its customers in many different languages to help them improve their language skills. Users can chat about unlimited amount of topics with the app and use other modes to practice their language learning.\",\"email\":\"support@talkpal.ai\",\"legalName\":\"Talkpal, Inc.\",\"foundingDate\":\"2023-04-03\",\"duns\":\"118989042\",\"numberOfEmployees\":{\"@type\":\"QuantitativeValue\",\"minValue\":\"11\",\"maxValue\":\"50\"},\"publishingPrinciples\":\"https:\/\/talkpal.ai\/publishing-principles\/\",\"actionableFeedbackPolicy\":\"https:\/\/talkpal.ai\/actionable-feedback-policy\/\",\"correctionsPolicy\":\"https:\/\/talkpal.ai\/corrections-policy\/\",\"ethicsPolicy\":\"https:\/\/talkpal.ai\/ethics-policy\/\",\"diversityPolicy\":\"https:\/\/talkpal.ai\/diversity-policy\/\",\"diversityStaffingReport\":\"https:\/\/talkpal.ai\/diversity-policy\/\"}]}<\/script>\n<!-- \/ Yoast SEO Premium plugin. -->","yoast_head_json":{"title":"Gram\u00e1tica croata - Talkpal","description":"Explora la gram\u00e1tica croata y mejora tu comprensi\u00f3n de la lengua con consejos y recursos esenciales.","robots":{"index":"index","follow":"follow","max-snippet":"max-snippet:-1","max-image-preview":"max-image-preview:large","max-video-preview":"max-video-preview:-1"},"canonical":"https:\/\/talkpal.ai\/es\/gramatica-croata\/","og_locale":"es_ES","og_type":"article","og_title":"Gram\u00e1tica croata","og_description":"Un viaje a trav\u00e9s de la gram\u00e1tica croata: desentra\u00f1ar las complejidades de forma f\u00e1cil Gram\u00e1tica croata: seductora e intimidante, simple e intrincada,","og_url":"https:\/\/talkpal.ai\/es\/gramatica-croata\/","og_site_name":"Talkpal","article_publisher":"https:\/\/www.facebook.com\/profile.php?id=100090733639311","article_modified_time":"2025-12-11T16:39:23+00:00","og_image":[{"width":512,"height":512,"url":"https:\/\/talkpal.ai\/wp-content\/uploads\/2023\/05\/croatia.png","type":"image\/png"}],"twitter_card":"summary_large_image","twitter_site":"@talkpalai","twitter_misc":{"Tiempo de lectura":"4 minutos"},"schema":{"@context":"https:\/\/schema.org","@graph":[{"@type":"WebPage","@id":"https:\/\/talkpal.ai\/es\/gramatica-croata\/","url":"https:\/\/talkpal.ai\/es\/gramatica-croata\/","name":"Gram\u00e1tica croata - Talkpal","isPartOf":{"@id":"https:\/\/talkpal.ai\/es\/#website"},"primaryImageOfPage":{"@id":"https:\/\/talkpal.ai\/es\/gramatica-croata\/#primaryimage"},"image":{"@id":"https:\/\/talkpal.ai\/es\/gramatica-croata\/#primaryimage"},"thumbnailUrl":"https:\/\/talkpal.ai\/wp-content\/uploads\/2023\/05\/croatia.png","datePublished":"2023-05-14T14:01:16+00:00","dateModified":"2025-12-11T16:39:23+00:00","description":"Explora la gram\u00e1tica croata y mejora tu comprensi\u00f3n de la lengua con consejos y recursos esenciales.","breadcrumb":{"@id":"https:\/\/talkpal.ai\/es\/gramatica-croata\/#breadcrumb"},"inLanguage":"es","potentialAction":[{"@type":"ReadAction","target":["https:\/\/talkpal.ai\/es\/gramatica-croata\/"]}]},{"@type":"ImageObject","inLanguage":"es","@id":"https:\/\/talkpal.ai\/es\/gramatica-croata\/#primaryimage","url":"https:\/\/talkpal.ai\/wp-content\/uploads\/2023\/05\/croatia.png","contentUrl":"https:\/\/talkpal.ai\/wp-content\/uploads\/2023\/05\/croatia.png","width":512,"height":512},{"@type":"BreadcrumbList","@id":"https:\/\/talkpal.ai\/es\/gramatica-croata\/#breadcrumb","itemListElement":[{"@type":"ListItem","position":1,"name":"Homepage","item":"https:\/\/talkpal.ai\/es\/"},{"@type":"ListItem","position":2,"name":"Gram\u00e1tica croata"}]},{"@type":"WebSite","@id":"https:\/\/talkpal.ai\/es\/#website","url":"https:\/\/talkpal.ai\/es\/","name":"Talkpal","description":"AI Language Learning","publisher":{"@id":"https:\/\/talkpal.ai\/es\/#organization"},"alternateName":"Talkpal AI","potentialAction":[{"@type":"SearchAction","target":{"@type":"EntryPoint","urlTemplate":"https:\/\/talkpal.ai\/es\/?s={search_term_string}"},"query-input":{"@type":"PropertyValueSpecification","valueRequired":true,"valueName":"search_term_string"}}],"inLanguage":"es"},{"@type":"Organization","@id":"https:\/\/talkpal.ai\/es\/#organization","name":"Talkpal, Inc.","alternateName":"Talkpal AI","url":"https:\/\/talkpal.ai\/es\/","logo":{"@type":"ImageObject","inLanguage":"es","@id":"https:\/\/talkpal.ai\/es\/#\/schema\/logo\/image\/","url":"https:\/\/talkpal.ai\/wp-content\/uploads\/2024\/03\/Talkpal-Logo-Icon.png","contentUrl":"https:\/\/talkpal.ai\/wp-content\/uploads\/2024\/03\/Talkpal-Logo-Icon.png","width":2880,"height":2880,"caption":"Talkpal, Inc."},"image":{"@id":"https:\/\/talkpal.ai\/es\/#\/schema\/logo\/image\/"},"sameAs":["https:\/\/www.facebook.com\/profile.php?id=100090733639311","https:\/\/x.com\/talkpalai","https:\/\/www.linkedin.com\/company\/talkpal\/","https:\/\/www.youtube.com\/@TalkPal\/","https:\/\/www.tiktok.com\/@talkpal","https:\/\/www.instagram.com\/talkpal_ai\/","https:\/\/www.crunchbase.com\/organization\/talkpal-9cde","https:\/\/www.g2.com\/products\/talkpal-for-business\/","https:\/\/www.trustpilot.com\/review\/talkpal.ai","https:\/\/www.capterra.com\/p\/10006800\/TalkPal\/"],"description":"Talkpal is a language learning web and mobile education app, powered by the latest AI technologies, that provides engaging experiences to its customers in many different languages to help them improve their language skills. Users can chat about unlimited amount of topics with the app and use other modes to practice their language learning.","email":"support@talkpal.ai","legalName":"Talkpal, Inc.","foundingDate":"2023-04-03","duns":"118989042","numberOfEmployees":{"@type":"QuantitativeValue","minValue":"11","maxValue":"50"},"publishingPrinciples":"https:\/\/talkpal.ai\/publishing-principles\/","actionableFeedbackPolicy":"https:\/\/talkpal.ai\/actionable-feedback-policy\/","correctionsPolicy":"https:\/\/talkpal.ai\/corrections-policy\/","ethicsPolicy":"https:\/\/talkpal.ai\/ethics-policy\/","diversityPolicy":"https:\/\/talkpal.ai\/diversity-policy\/","diversityStaffingReport":"https:\/\/talkpal.ai\/diversity-policy\/"}]}},"_links":{"self":[{"href":"https:\/\/talkpal.ai\/es\/wp-json\/wp\/v2\/pages\/45128","targetHints":{"allow":["GET"]}}],"collection":[{"href":"https:\/\/talkpal.ai\/es\/wp-json\/wp\/v2\/pages"}],"about":[{"href":"https:\/\/talkpal.ai\/es\/wp-json\/wp\/v2\/types\/page"}],"author":[{"embeddable":true,"href":"https:\/\/talkpal.ai\/es\/wp-json\/wp\/v2\/users\/1"}],"replies":[{"embeddable":true,"href":"https:\/\/talkpal.ai\/es\/wp-json\/wp\/v2\/comments?post=45128"}],"version-history":[{"count":0,"href":"https:\/\/talkpal.ai\/es\/wp-json\/wp\/v2\/pages\/45128\/revisions"}],"wp:featuredmedia":[{"embeddable":true,"href":"https:\/\/talkpal.ai\/es\/wp-json\/wp\/v2\/media\/28260"}],"wp:attachment":[{"href":"https:\/\/talkpal.ai\/es\/wp-json\/wp\/v2\/media?parent=45128"}],"curies":[{"name":"wp","href":"https:\/\/api.w.org\/{rel}","templated":true}]}}