{"id":45122,"date":"2023-05-14T13:59:24","date_gmt":"2023-05-14T13:59:24","guid":{"rendered":"http:\/\/talkpal.ai\/gramatica-afrikaans\/"},"modified":"2025-05-22T19:03:51","modified_gmt":"2025-05-22T19:03:51","slug":"gramatica-afrikaans","status":"publish","type":"page","link":"https:\/\/talkpal.ai\/es\/gramatica-afrikaans\/","title":{"rendered":"Gram\u00e1tica afrik\u00e1ans"},"content":{"rendered":"\r\n\r\n\r\n<section class=\"languageChallengeSection\">\r\n    <div class=\"languageInfoWrapper\">\r\n        \r\n        <h1>Gram\u00e1tica afrik\u00e1ans<\/h1>\r\n        <p>Descubre la sencilla belleza del afrik\u00e1ans aprendiendo sus reglas gramaticales esenciales. Dominar la gram\u00e1tica afrik\u00e1ans te capacitar\u00e1 para comunicarte con eficacia y disfrutar de la rica cultura de sus hablantes. \u00a1Comienza hoy tu viaje por la gram\u00e1tica afrik\u00e1ans y da el primer paso hacia la fluidez!<\/p>\r\n\r\n                            <a class=\"getStartedHidden\" href=\"https:\/\/app.talkpal.ai\/es-es\/signup?lng=\">Comenzar<\/a>\r\n        \r\n    <\/div>\r\n\r\n    <figure>\r\n    <img decoding=\"async\" width=\"768\" height=\"768\" src=\"https:\/\/talkpal.ai\/wp-content\/uploads\/2023\/06\/TalkPal-Afrikaans-768x768.png\" class=\"languageImage no-lazy\" alt=\"Default alt text\" fetchpriority=\"high\" sizes=\"(max-width: 768px) 150px, 768px\" srcset=\"https:\/\/talkpal.ai\/wp-content\/uploads\/2023\/06\/TalkPal-Afrikaans-768x768.png 768w, https:\/\/talkpal.ai\/wp-content\/uploads\/2023\/06\/TalkPal-Afrikaans-300x300.png 300w\" \/>\r\n    \r\n\r\n    <\/figure>\r\n\r\n            <a class=\"getStartedVisible\" href=\"https:\/\/app.talkpal.ai\/es-es\/signup?lng=\">Comenzar<\/a>\r\n    \r\n<\/section>\r\n        <section class=\"grammarSection\">\r\n            <div class=\"grammarLinks\">\r\n                <a href=\"https:\/\/talkpal.ai\/es\/language\/adjetivos-gramatica-afrikaans\/\">Adjetivos <\/a><a href=\"https:\/\/talkpal.ai\/es\/language\/adverbios-gramatica-afrikaans\/\">Adverbios <\/a><a href=\"https:\/\/talkpal.ai\/es\/language\/articulos-gramatica-afrikaans\/\">Art\u00edculos <\/a><a href=\"https:\/\/talkpal.ai\/es\/language\/comparacion-de-tiempos-verbales-gramatica-afrikaans\/\">Comparaci\u00f3n de tiempos verbales <\/a><a href=\"https:\/\/talkpal.ai\/es\/language\/condicionales-gramatica-afrikaans\/\">Condicionales <\/a><a href=\"https:\/\/talkpal.ai\/es\/language\/oraciones-gramatica-afrikaans\/\">Oraciones <\/a><a href=\"https:\/\/talkpal.ai\/es\/language\/perfecto-progresivo-gramatica-afrikaans\/\">Perfecto Progresivo <\/a><a href=\"https:\/\/talkpal.ai\/es\/language\/preposiciones-gramatica-afrikaans\/\">Preposiciones <\/a><a href=\"https:\/\/talkpal.ai\/es\/language\/progresivo-gramatica-afrikaans\/\">Progresivo <\/a><a href=\"https:\/\/talkpal.ai\/es\/language\/pronombres-determinantes-gramatica-afrikaans\/\">Pronombres\/Determinantes <\/a><a href=\"https:\/\/talkpal.ai\/es\/language\/sustantivos-gramatica-afrikaans\/\">Sustantivos <\/a><a href=\"https:\/\/talkpal.ai\/es\/language\/tiempos-verbales-gramatica-afrikaans\/\">Tiempos verbales <\/a><a href=\"https:\/\/talkpal.ai\/es\/language\/verbos-gramatica-afrikaans\/\">Verbos <\/a>            <\/div>\r\n        <\/section>\r\n    <section class=\"promotionalBanner\">\r\n    <p class=\"promotionalText\">La forma m\u00e1s eficiente de aprender un idioma<\/p>\r\n    <a class=\"promotionalLink\" href=\"https:\/\/app.talkpal.ai\/es-es\/signup?lng=\">Prueba Talkpal gratis<\/a>\r\n<\/section>\n<div class=\"wp-block-group pageContainerStyle\"><div class=\"wp-block-group__inner-container is-layout-constrained wp-block-group-is-layout-constrained\">\n<h2 class=\"wp-block-heading\" id=\"h-mastering-afrikaans-grammar-your-ultimate-guide\">Dominar la gram\u00e1tica afrik\u00e1ans: su gu\u00eda definitiva<\/h2>\n\n\n\n<p><strong>Goeie dag<\/strong>, entusiastas de la lengua! \u00bfEst\u00e1s listo para embarcarte en un viaje al mundo de la gram\u00e1tica afrik\u00e1ans? Has venido al lugar adecuado. Lleno de informaci\u00f3n f\u00e1cil de entender y un tono de conversaci\u00f3n, este art\u00edculo lo guiar\u00e1 a trav\u00e9s del fascinante reino de la gram\u00e1tica afrik\u00e1ans. Pronto ser\u00e1s capaz de construir frases y mantener conversaciones significativas con hablantes nativos. As\u00ed que, \u00a1empecemos!<\/p>\n\n\n\n<p><strong>Pero primero, \u00bfpor qu\u00e9 la gram\u00e1tica afrik\u00e1ans?<\/strong><\/p>\n\n\n\n<p>Si est\u00e1s aprendiendo afrik\u00e1ans, una s\u00f3lida base gramatical es crucial para hablar, <a href=\"https:\/\/talkpal.ai\/locations\/language-courses-in-leer\/\">leer<\/a> y escribir con fluidez. Aunque la gram\u00e1tica afrik\u00e1ans pueda parecer compleja al principio, es relativamente sencilla una vez que la divides en partes m\u00e1s peque\u00f1as y manejables. As\u00ed que, \u00a1empecemos tu viaje hacia el dominio de la gram\u00e1tica afrik\u00e1ans!<\/p>\n\n\n\n<h3 class=\"wp-block-heading\" id=\"h-1-nouns-gender-and-articles\">1. Sustantivos, g\u00e9nero y art\u00edculos<\/h3>\n\n\n\n<p>A diferencia de muchos otros idiomas, los sustantivos afrik\u00e1ans no <a href=\"https:\/\/talkpal.ai\/locations\/language-courses-in-tienen\/\">tienen<\/a> g\u00e9nero, <a href=\"https:\/\/talkpal.ai\/culture\/how-do-i-use-lo-que-in-a-sentence\/\">lo que<\/a> los hace m\u00e1s f\u00e1ciles de aprender. El art\u00edculo definido \u00abdie\u00bb (el) se utiliza para todos los sustantivos, mientras que los art\u00edculos indefinidos \u00bb &#8216;n \u00bb o \u00abeen\u00bb (a\/an) tambi\u00e9n son de g\u00e9nero neutro.  <\/p>\n\n\n\n<p>Por ejemplo:<\/p>\n\n\n\n<p>&#8211; die hond (el perro)<\/p>\n\n\n\n<p>&#8211; &#8216;n hond (un perro)<\/p>\n\n\n\n<h3 class=\"wp-block-heading\" id=\"h-2-adjectives\">2. Adjetivos<\/h3>\n\n\n\n<p>En afrik\u00e1ans, los adjetivos t\u00edpicamente preceden al sustantivo que modifican y concuerdan con el sustantivo en n\u00famero. Los adjetivos no tienen acuerdo de g\u00e9nero. Por ejemplo:<\/p>\n\n\n\n<p>&#8211; &#8216;n groot huis (una <a href=\"https:\/\/talkpal.ai\/locations\/language-courses-in-casa-grande\/\">casa grande<\/a>)<\/p>\n\n\n\n<p>&#8211; twee groot huise (dos grandes casas)<\/p>\n\n\n\n<p>Algunos adjetivos requieren una \u00ab-e\u00bb adicional cuando describen un sustantivo plural:<\/p>\n\n\n\n<p>&#8211; &#8216;n ou man (un anciano)<\/p>\n\n\n\n<p>&#8211; twee ou manne (dos viejos)<\/p>\n\n\n\n<h3 class=\"wp-block-heading\" id=\"h-3-verbs-and-tense\">3. Verbos y tiempo verbal<\/h3>\n\n\n\n<p>Los verbos <a href=\"https:\/\/talkpal.ai\/learn-afrikaans\/\">afrikaans<\/a> son relativamente f\u00e1ciles de aprender, ya que no se conjugan en funci\u00f3n del sujeto de la oraci\u00f3n. Adem\u00e1s, el afrik\u00e1ans tiene menos <a href=\"https:\/\/talkpal.ai\/zh-hans\/grammar_exercises\/tiempos-%e8%a5%bf%e7%8f%ad%e7%89%99%e8%af%ad%e6%b3%95%e7%bb%83%e4%b9%a0\/\">tiempos verbales<\/a> que muchos otros idiomas. Para darte una idea de los verbos afrik\u00e1ans, vamos a hablar de los verbos regulares en <a href=\"https:\/\/talkpal.ai\/zh-hans\/grammar_exercises\/presente-%e8%a5%bf%e7%8f%ad%e7%89%99%e8%af%ad%e6%b3%95%e7%bb%83%e4%b9%a0\/\">presente<\/a>:<\/p>\n\n\n\n<p>&#8211; Ek leer (Yo aprendo)<\/p>\n\n\n\n<p>&#8211; Jy\/u leer (aprendes, informal\/formal)<\/p>\n\n\n\n<p>&#8211; Hy\/sy\/dit leer (aprende)<\/p>\n\n\n\n<p>&#8211; Ons\/julle leer (todos aprendemos)<\/p>\n\n\n\n<p>&#8211; Hulle leer (aprenden)<\/p>\n\n\n\n<p>Recuerda, \u00a1esto es solo la punta del iceberg! A medida que avances en tus estudios, encontrar\u00e1s varios otros tiempos verbales y algunos verbos irregulares.<\/p>\n\n\n\n<h3 class=\"wp-block-heading\" id=\"h-4-pronouns-prepositions-and-more\">4. \u00a1Pronombres, preposiciones y m\u00e1s!<\/h3>\n\n\n\n<p>La gram\u00e1tica afrik\u00e1ans abarca otros componentes como los pronombres (ek, jy, hy, sy, etc.), las preposiciones (in, op, met, etc.) y las expresiones idiom\u00e1ticas. A medida que aprendas la lengua, tendr\u00e1s que dominar cada uno de estos elementos para conseguir una fluidez completa.<\/p>\n\n\n\n<p>En conclusi\u00f3n, dominar la gram\u00e1tica afrik\u00e1ans requiere persistencia, pr\u00e1ctica y paciencia. Pero una vez que hayas comprendido los entresijos de la lengua, estar\u00e1s en el buen camino para conversar con hablantes nativos, experimentar la rica cultura e historia del mundo de habla afrik\u00e1ans y profundizar en tu amor por la lengua. Sterkte (buena suerte)!<\/p>\n<\/div><\/div>\n\r\n<section class=\"learnNavigationSection\">\r\n            \r\n        <a href=\"https:\/\/talkpal.ai\/es\/aprender-afrikaans\/\">\r\n            <div class=\"learnNavigationWrapper\">\r\n                <div class=\"learnNavigationContent\">\r\n                    <img decoding=\"async\" src=\"https:\/\/talkpal.ai\/wp-content\/uploads\/2024\/08\/Afrikaans.jpg\" alt=\"South Africa Flag\">\r\n                    <div>\r\n                        <h4>Sobre el aprendizaje del afrikaans<\/h4>\r\n                        <p>Descubra todo sobre la gram\u00e1tica afrik\u00e1ans.<\/p>\r\n                    <\/div>\r\n                <\/div>\r\n            <\/div>\r\n        <\/a>\r\n\r\n        \r\n        <a href=\"https:\/\/talkpal.ai\/es\/ejercicios-de-gramatica-afrikaans\/\">\r\n            <div class=\"learnNavigationWrapper\">\r\n                <div class=\"learnNavigationContent\">\r\n                    <img decoding=\"async\" src=\"https:\/\/talkpal.ai\/wp-content\/uploads\/2024\/08\/Afrikaans.jpg\" alt=\"South Africa Flag\">\r\n                    <div>\r\n                        <h4>Ejercicio de gram\u00e1tica afrik\u00e1ans<\/h4>\r\n                        <p>Practica la gram\u00e1tica afrik\u00e1ans .<\/p>\r\n                    <\/div>\r\n                <\/div>\r\n            <\/div>\r\n        <\/a>\r\n\r\n        \r\n        <a href=\"https:\/\/talkpal.ai\/vocabulary_language\/afrikaans\/\">\r\n            <div class=\"learnNavigationWrapper\">\r\n                <div class=\"learnNavigationContent\">\r\n                    <img decoding=\"async\" src=\"https:\/\/talkpal.ai\/wp-content\/uploads\/2024\/08\/Afrikaans.jpg\" alt=\"South Africa Flag\">\r\n                    <div>\r\n                        <h4>Vocabulario afrik\u00e1ans<\/h4>\r\n                        <p>Ampl\u00eda tu vocabulario afrik\u00e1ans.<\/p>\r\n                    <\/div>\r\n                <\/div>\r\n            <\/div>\r\n        <\/a>\r\n\r\n            <\/section>","protected":false},"excerpt":{"rendered":"<p>Dominar la gram\u00e1tica afrik\u00e1ans: su gu\u00eda definitiva Goeie dag, entusiastas de la lengua! \u00bfEst\u00e1s listo para embarcarte en un viaje al mundo de la gram\u00e1tica afrik\u00e1ans? Has venido al lugar adecuado. Lleno de informaci\u00f3n f\u00e1cil de entender y un tono de conversaci\u00f3n, este art\u00edculo lo guiar\u00e1 a trav\u00e9s del fascinante reino de la gram\u00e1tica afrik\u00e1ans. [&hellip;]<\/p>\n","protected":false},"author":1,"featured_media":28676,"parent":0,"menu_order":0,"comment_status":"closed","ping_status":"closed","template":"LearningContentPage.php","meta":{"_acf_changed":false,"footnotes":""},"class_list":["post-45122","page","type-page","status-publish","has-post-thumbnail","hentry"],"acf":[],"yoast_head":"<!-- This site is optimized with the Yoast SEO Premium plugin v27.2 (Yoast SEO v27.2) - https:\/\/yoast.com\/product\/yoast-seo-premium-wordpress\/ -->\n<title>Gram\u00e1tica afrik\u00e1ans - Talkpal<\/title>\n<meta name=\"description\" content=\"Explora la gram\u00e1tica afrik\u00e1ans con nuestra gu\u00eda para principiantes. Domina la construcci\u00f3n de frases y potencia tus habilidades conversacionales.\" \/>\n<meta name=\"robots\" content=\"index, follow, max-snippet:-1, max-image-preview:large, max-video-preview:-1\" \/>\n<link rel=\"canonical\" href=\"https:\/\/talkpal.ai\/es\/gramatica-afrikaans\/\" \/>\n<meta property=\"og:locale\" content=\"es_ES\" \/>\n<meta property=\"og:type\" content=\"article\" \/>\n<meta property=\"og:title\" content=\"Gram\u00e1tica afrik\u00e1ans\" \/>\n<meta property=\"og:description\" content=\"Dominar la gram\u00e1tica afrik\u00e1ans: su gu\u00eda definitiva Goeie dag, entusiastas de la lengua! \u00bfEst\u00e1s listo para embarcarte en un viaje al mundo de la gram\u00e1tica\" \/>\n<meta property=\"og:url\" content=\"https:\/\/talkpal.ai\/es\/gramatica-afrikaans\/\" \/>\n<meta property=\"og:site_name\" content=\"Talkpal\" \/>\n<meta property=\"article:publisher\" content=\"https:\/\/www.facebook.com\/profile.php?id=100090733639311\" \/>\n<meta property=\"article:modified_time\" content=\"2025-05-22T19:03:51+00:00\" \/>\n<meta property=\"og:image\" content=\"https:\/\/talkpal.ai\/wp-content\/uploads\/2023\/05\/south-africa.png\" \/>\n\t<meta property=\"og:image:width\" content=\"512\" \/>\n\t<meta property=\"og:image:height\" content=\"512\" \/>\n\t<meta property=\"og:image:type\" content=\"image\/png\" \/>\n<meta name=\"twitter:card\" content=\"summary_large_image\" \/>\n<meta name=\"twitter:site\" content=\"@talkpalai\" \/>\n<meta name=\"twitter:label1\" content=\"Tiempo de lectura\" \/>\n\t<meta name=\"twitter:data1\" content=\"3 minutos\" \/>\n<script type=\"application\/ld+json\" class=\"yoast-schema-graph\">{\"@context\":\"https:\/\/schema.org\",\"@graph\":[{\"@type\":\"WebPage\",\"@id\":\"https:\/\/talkpal.ai\/es\/gramatica-afrikaans\/\",\"url\":\"https:\/\/talkpal.ai\/es\/gramatica-afrikaans\/\",\"name\":\"Gram\u00e1tica afrik\u00e1ans - Talkpal\",\"isPartOf\":{\"@id\":\"https:\/\/talkpal.ai\/es\/#website\"},\"primaryImageOfPage\":{\"@id\":\"https:\/\/talkpal.ai\/es\/gramatica-afrikaans\/#primaryimage\"},\"image\":{\"@id\":\"https:\/\/talkpal.ai\/es\/gramatica-afrikaans\/#primaryimage\"},\"thumbnailUrl\":\"https:\/\/talkpal.ai\/wp-content\/uploads\/2023\/05\/south-africa.png\",\"datePublished\":\"2023-05-14T13:59:24+00:00\",\"dateModified\":\"2025-05-22T19:03:51+00:00\",\"description\":\"Explora la gram\u00e1tica afrik\u00e1ans con nuestra gu\u00eda para principiantes. Domina la construcci\u00f3n de frases y potencia tus habilidades conversacionales.\",\"breadcrumb\":{\"@id\":\"https:\/\/talkpal.ai\/es\/gramatica-afrikaans\/#breadcrumb\"},\"inLanguage\":\"es\",\"potentialAction\":[{\"@type\":\"ReadAction\",\"target\":[\"https:\/\/talkpal.ai\/es\/gramatica-afrikaans\/\"]}]},{\"@type\":\"ImageObject\",\"inLanguage\":\"es\",\"@id\":\"https:\/\/talkpal.ai\/es\/gramatica-afrikaans\/#primaryimage\",\"url\":\"https:\/\/talkpal.ai\/wp-content\/uploads\/2023\/05\/south-africa.png\",\"contentUrl\":\"https:\/\/talkpal.ai\/wp-content\/uploads\/2023\/05\/south-africa.png\",\"width\":512,\"height\":512},{\"@type\":\"BreadcrumbList\",\"@id\":\"https:\/\/talkpal.ai\/es\/gramatica-afrikaans\/#breadcrumb\",\"itemListElement\":[{\"@type\":\"ListItem\",\"position\":1,\"name\":\"Homepage\",\"item\":\"https:\/\/talkpal.ai\/es\/\"},{\"@type\":\"ListItem\",\"position\":2,\"name\":\"Gram\u00e1tica afrik\u00e1ans\"}]},{\"@type\":\"WebSite\",\"@id\":\"https:\/\/talkpal.ai\/es\/#website\",\"url\":\"https:\/\/talkpal.ai\/es\/\",\"name\":\"Talkpal\",\"description\":\"AI Language Learning\",\"publisher\":{\"@id\":\"https:\/\/talkpal.ai\/es\/#organization\"},\"alternateName\":\"Talkpal AI\",\"potentialAction\":[{\"@type\":\"SearchAction\",\"target\":{\"@type\":\"EntryPoint\",\"urlTemplate\":\"https:\/\/talkpal.ai\/es\/?s={search_term_string}\"},\"query-input\":{\"@type\":\"PropertyValueSpecification\",\"valueRequired\":true,\"valueName\":\"search_term_string\"}}],\"inLanguage\":\"es\"},{\"@type\":\"Organization\",\"@id\":\"https:\/\/talkpal.ai\/es\/#organization\",\"name\":\"Talkpal, Inc.\",\"alternateName\":\"Talkpal AI\",\"url\":\"https:\/\/talkpal.ai\/es\/\",\"logo\":{\"@type\":\"ImageObject\",\"inLanguage\":\"es\",\"@id\":\"https:\/\/talkpal.ai\/es\/#\/schema\/logo\/image\/\",\"url\":\"https:\/\/talkpal.ai\/wp-content\/uploads\/2024\/03\/Talkpal-Logo-Icon.png\",\"contentUrl\":\"https:\/\/talkpal.ai\/wp-content\/uploads\/2024\/03\/Talkpal-Logo-Icon.png\",\"width\":2880,\"height\":2880,\"caption\":\"Talkpal, Inc.\"},\"image\":{\"@id\":\"https:\/\/talkpal.ai\/es\/#\/schema\/logo\/image\/\"},\"sameAs\":[\"https:\/\/www.facebook.com\/profile.php?id=100090733639311\",\"https:\/\/x.com\/talkpalai\",\"https:\/\/www.linkedin.com\/company\/talkpal\/\",\"https:\/\/www.youtube.com\/@TalkPal\/\",\"https:\/\/www.tiktok.com\/@talkpal\",\"https:\/\/www.instagram.com\/talkpal_ai\/\",\"https:\/\/www.crunchbase.com\/organization\/talkpal-9cde\",\"https:\/\/www.g2.com\/products\/talkpal-for-business\/\",\"https:\/\/www.trustpilot.com\/review\/talkpal.ai\",\"https:\/\/www.capterra.com\/p\/10006800\/TalkPal\/\"],\"description\":\"Talkpal is a language learning web and mobile education app, powered by the latest AI technologies, that provides engaging experiences to its customers in many different languages to help them improve their language skills. Users can chat about unlimited amount of topics with the app and use other modes to practice their language learning.\",\"email\":\"support@talkpal.ai\",\"legalName\":\"Talkpal, Inc.\",\"foundingDate\":\"2023-04-03\",\"duns\":\"118989042\",\"numberOfEmployees\":{\"@type\":\"QuantitativeValue\",\"minValue\":\"11\",\"maxValue\":\"50\"},\"publishingPrinciples\":\"https:\/\/talkpal.ai\/publishing-principles\/\",\"actionableFeedbackPolicy\":\"https:\/\/talkpal.ai\/actionable-feedback-policy\/\",\"correctionsPolicy\":\"https:\/\/talkpal.ai\/corrections-policy\/\",\"ethicsPolicy\":\"https:\/\/talkpal.ai\/ethics-policy\/\",\"diversityPolicy\":\"https:\/\/talkpal.ai\/diversity-policy\/\",\"diversityStaffingReport\":\"https:\/\/talkpal.ai\/diversity-policy\/\"}]}<\/script>\n<!-- \/ Yoast SEO Premium plugin. -->","yoast_head_json":{"title":"Gram\u00e1tica afrik\u00e1ans - Talkpal","description":"Explora la gram\u00e1tica afrik\u00e1ans con nuestra gu\u00eda para principiantes. Domina la construcci\u00f3n de frases y potencia tus habilidades conversacionales.","robots":{"index":"index","follow":"follow","max-snippet":"max-snippet:-1","max-image-preview":"max-image-preview:large","max-video-preview":"max-video-preview:-1"},"canonical":"https:\/\/talkpal.ai\/es\/gramatica-afrikaans\/","og_locale":"es_ES","og_type":"article","og_title":"Gram\u00e1tica afrik\u00e1ans","og_description":"Dominar la gram\u00e1tica afrik\u00e1ans: su gu\u00eda definitiva Goeie dag, entusiastas de la lengua! \u00bfEst\u00e1s listo para embarcarte en un viaje al mundo de la gram\u00e1tica","og_url":"https:\/\/talkpal.ai\/es\/gramatica-afrikaans\/","og_site_name":"Talkpal","article_publisher":"https:\/\/www.facebook.com\/profile.php?id=100090733639311","article_modified_time":"2025-05-22T19:03:51+00:00","og_image":[{"width":512,"height":512,"url":"https:\/\/talkpal.ai\/wp-content\/uploads\/2023\/05\/south-africa.png","type":"image\/png"}],"twitter_card":"summary_large_image","twitter_site":"@talkpalai","twitter_misc":{"Tiempo de lectura":"3 minutos"},"schema":{"@context":"https:\/\/schema.org","@graph":[{"@type":"WebPage","@id":"https:\/\/talkpal.ai\/es\/gramatica-afrikaans\/","url":"https:\/\/talkpal.ai\/es\/gramatica-afrikaans\/","name":"Gram\u00e1tica afrik\u00e1ans - Talkpal","isPartOf":{"@id":"https:\/\/talkpal.ai\/es\/#website"},"primaryImageOfPage":{"@id":"https:\/\/talkpal.ai\/es\/gramatica-afrikaans\/#primaryimage"},"image":{"@id":"https:\/\/talkpal.ai\/es\/gramatica-afrikaans\/#primaryimage"},"thumbnailUrl":"https:\/\/talkpal.ai\/wp-content\/uploads\/2023\/05\/south-africa.png","datePublished":"2023-05-14T13:59:24+00:00","dateModified":"2025-05-22T19:03:51+00:00","description":"Explora la gram\u00e1tica afrik\u00e1ans con nuestra gu\u00eda para principiantes. Domina la construcci\u00f3n de frases y potencia tus habilidades conversacionales.","breadcrumb":{"@id":"https:\/\/talkpal.ai\/es\/gramatica-afrikaans\/#breadcrumb"},"inLanguage":"es","potentialAction":[{"@type":"ReadAction","target":["https:\/\/talkpal.ai\/es\/gramatica-afrikaans\/"]}]},{"@type":"ImageObject","inLanguage":"es","@id":"https:\/\/talkpal.ai\/es\/gramatica-afrikaans\/#primaryimage","url":"https:\/\/talkpal.ai\/wp-content\/uploads\/2023\/05\/south-africa.png","contentUrl":"https:\/\/talkpal.ai\/wp-content\/uploads\/2023\/05\/south-africa.png","width":512,"height":512},{"@type":"BreadcrumbList","@id":"https:\/\/talkpal.ai\/es\/gramatica-afrikaans\/#breadcrumb","itemListElement":[{"@type":"ListItem","position":1,"name":"Homepage","item":"https:\/\/talkpal.ai\/es\/"},{"@type":"ListItem","position":2,"name":"Gram\u00e1tica afrik\u00e1ans"}]},{"@type":"WebSite","@id":"https:\/\/talkpal.ai\/es\/#website","url":"https:\/\/talkpal.ai\/es\/","name":"Talkpal","description":"AI Language Learning","publisher":{"@id":"https:\/\/talkpal.ai\/es\/#organization"},"alternateName":"Talkpal AI","potentialAction":[{"@type":"SearchAction","target":{"@type":"EntryPoint","urlTemplate":"https:\/\/talkpal.ai\/es\/?s={search_term_string}"},"query-input":{"@type":"PropertyValueSpecification","valueRequired":true,"valueName":"search_term_string"}}],"inLanguage":"es"},{"@type":"Organization","@id":"https:\/\/talkpal.ai\/es\/#organization","name":"Talkpal, Inc.","alternateName":"Talkpal AI","url":"https:\/\/talkpal.ai\/es\/","logo":{"@type":"ImageObject","inLanguage":"es","@id":"https:\/\/talkpal.ai\/es\/#\/schema\/logo\/image\/","url":"https:\/\/talkpal.ai\/wp-content\/uploads\/2024\/03\/Talkpal-Logo-Icon.png","contentUrl":"https:\/\/talkpal.ai\/wp-content\/uploads\/2024\/03\/Talkpal-Logo-Icon.png","width":2880,"height":2880,"caption":"Talkpal, Inc."},"image":{"@id":"https:\/\/talkpal.ai\/es\/#\/schema\/logo\/image\/"},"sameAs":["https:\/\/www.facebook.com\/profile.php?id=100090733639311","https:\/\/x.com\/talkpalai","https:\/\/www.linkedin.com\/company\/talkpal\/","https:\/\/www.youtube.com\/@TalkPal\/","https:\/\/www.tiktok.com\/@talkpal","https:\/\/www.instagram.com\/talkpal_ai\/","https:\/\/www.crunchbase.com\/organization\/talkpal-9cde","https:\/\/www.g2.com\/products\/talkpal-for-business\/","https:\/\/www.trustpilot.com\/review\/talkpal.ai","https:\/\/www.capterra.com\/p\/10006800\/TalkPal\/"],"description":"Talkpal is a language learning web and mobile education app, powered by the latest AI technologies, that provides engaging experiences to its customers in many different languages to help them improve their language skills. Users can chat about unlimited amount of topics with the app and use other modes to practice their language learning.","email":"support@talkpal.ai","legalName":"Talkpal, Inc.","foundingDate":"2023-04-03","duns":"118989042","numberOfEmployees":{"@type":"QuantitativeValue","minValue":"11","maxValue":"50"},"publishingPrinciples":"https:\/\/talkpal.ai\/publishing-principles\/","actionableFeedbackPolicy":"https:\/\/talkpal.ai\/actionable-feedback-policy\/","correctionsPolicy":"https:\/\/talkpal.ai\/corrections-policy\/","ethicsPolicy":"https:\/\/talkpal.ai\/ethics-policy\/","diversityPolicy":"https:\/\/talkpal.ai\/diversity-policy\/","diversityStaffingReport":"https:\/\/talkpal.ai\/diversity-policy\/"}]}},"_links":{"self":[{"href":"https:\/\/talkpal.ai\/es\/wp-json\/wp\/v2\/pages\/45122","targetHints":{"allow":["GET"]}}],"collection":[{"href":"https:\/\/talkpal.ai\/es\/wp-json\/wp\/v2\/pages"}],"about":[{"href":"https:\/\/talkpal.ai\/es\/wp-json\/wp\/v2\/types\/page"}],"author":[{"embeddable":true,"href":"https:\/\/talkpal.ai\/es\/wp-json\/wp\/v2\/users\/1"}],"replies":[{"embeddable":true,"href":"https:\/\/talkpal.ai\/es\/wp-json\/wp\/v2\/comments?post=45122"}],"version-history":[{"count":0,"href":"https:\/\/talkpal.ai\/es\/wp-json\/wp\/v2\/pages\/45122\/revisions"}],"wp:featuredmedia":[{"embeddable":true,"href":"https:\/\/talkpal.ai\/es\/wp-json\/wp\/v2\/media\/28676"}],"wp:attachment":[{"href":"https:\/\/talkpal.ai\/es\/wp-json\/wp\/v2\/media?parent=45122"}],"curies":[{"name":"wp","href":"https:\/\/api.w.org\/{rel}","templated":true}]}}