{"id":45097,"date":"2023-05-14T13:59:42","date_gmt":"2023-05-14T13:59:42","guid":{"rendered":"http:\/\/talkpal.ai\/gramatica-bielorrusa\/"},"modified":"2025-05-22T13:48:42","modified_gmt":"2025-05-22T13:48:42","slug":"gramatica-bielorrusa","status":"publish","type":"page","link":"https:\/\/talkpal.ai\/es\/gramatica-bielorrusa\/","title":{"rendered":"Gram\u00e1tica bielorrusa"},"content":{"rendered":"\r\n\r\n\r\n<section class=\"languageChallengeSection\">\r\n    <div class=\"languageInfoWrapper\">\r\n        \r\n        <h1>Gram\u00e1tica bielorrusa<\/h1>\r\n        <p>Descubre la belleza y la riqueza de la lengua bielorrusa aprendiendo sus reglas gramaticales fundamentales. Una s\u00f3lida comprensi\u00f3n de la <a href=\"https:\/\/talkpal.ai\/belarusian-grammar\/\">gram\u00e1tica bielorrusa<\/a> te ayudar\u00e1 a comunicarte con confianza y a conectar con la cultura bielorrusa. \u00a1Sum\u00e9rgete ahora y comienza tu viaje para dominar el <a href=\"https:\/\/talkpal.ai\/learn-belarusian\/\">bielorruso<\/a> hoy mismo!<\/p>\r\n\r\n                            <a class=\"getStartedHidden\" href=\"https:\/\/app.talkpal.ai\/es-es\/signup?lng=\">Comenzar<\/a>\r\n        \r\n    <\/div>\r\n\r\n    <figure>\r\n    <img decoding=\"async\" width=\"768\" height=\"768\" src=\"https:\/\/talkpal.ai\/wp-content\/uploads\/2023\/06\/belarusian-768x768.png\" class=\"languageImage no-lazy\" alt=\"Default alt text\" fetchpriority=\"high\" sizes=\"(max-width: 768px) 150px, 768px\" srcset=\"https:\/\/talkpal.ai\/wp-content\/uploads\/2023\/06\/belarusian-768x768.png 768w, https:\/\/talkpal.ai\/wp-content\/uploads\/2023\/06\/belarusian-300x300.png 300w\" \/>\r\n    \r\n\r\n    <\/figure>\r\n\r\n            <a class=\"getStartedVisible\" href=\"https:\/\/app.talkpal.ai\/es-es\/signup?lng=\">Comenzar<\/a>\r\n    \r\n<\/section>\r\n        <section class=\"grammarSection\">\r\n            <div class=\"grammarLinks\">\r\n                <a href=\"https:\/\/talkpal.ai\/es\/language\/adjetivos-gramatica-bielorrusa\/\">Adjetivos <\/a><a href=\"https:\/\/talkpal.ai\/es\/language\/adverbios-gramatica-bielorrusa\/\">Adverbios <\/a><a href=\"https:\/\/talkpal.ai\/es\/language\/articulos-gramatica-bielorrusa\/\">Art\u00edculos <\/a><a href=\"https:\/\/talkpal.ai\/es\/language\/comparacion-de-tiempos-gramatica-bielorrusa\/\">Comparaci\u00f3n de tiempos <\/a><a href=\"https:\/\/talkpal.ai\/es\/language\/condicionales-gramatica-bielorrusa\/\">Condicionales <\/a><a href=\"https:\/\/talkpal.ai\/es\/language\/oraciones-gramatica-bielorrusa\/\">Oraciones <\/a><a href=\"https:\/\/talkpal.ai\/es\/language\/perfecto-progresivo-gramatica-bielorrusa\/\">Perfecto Progresivo <\/a><a href=\"https:\/\/talkpal.ai\/es\/language\/preposiciones-gramatica-bielorrusa\/\">Preposiciones <\/a><a href=\"https:\/\/talkpal.ai\/es\/language\/progresivo-gramatica-bielorrusa\/\">Progresivo <\/a><a href=\"https:\/\/talkpal.ai\/es\/language\/pronombres-determinantes-gramatica-bielorrusa\/\">Pronombres\/Determinantes <\/a><a href=\"https:\/\/talkpal.ai\/es\/language\/sustantivos-gramatica-bielorrusa\/\">Sustantivos <\/a><a href=\"https:\/\/talkpal.ai\/es\/language\/tiempos-verbales-gramatica-bielorrusa\/\">Tiempos verbales <\/a><a href=\"https:\/\/talkpal.ai\/es\/language\/verbos-gramatica-bielorrusa\/\">Verbos <\/a>            <\/div>\r\n        <\/section>\r\n    <section class=\"promotionalBanner\">\r\n    <p class=\"promotionalText\">La forma m\u00e1s eficiente de aprender un idioma<\/p>\r\n    <a class=\"promotionalLink\" href=\"https:\/\/app.talkpal.ai\/es-es\/signup?lng=\">Prueba Talkpal gratis<\/a>\r\n<\/section>\n<div class=\"wp-block-group pageContainerStyle\"><div class=\"wp-block-group__inner-container is-layout-constrained wp-block-group-is-layout-constrained\">\n<h2 class=\"wp-block-heading\" id=\"h-belarusian-grammar-a-closer-look-at-the-slavic-language-s-intricacies\">Gram\u00e1tica bielorrusa: una mirada m\u00e1s cercana a las complejidades de la lengua eslava<\/h2>\n\n\n\n<p>\u00bfEres un aspirante a pol\u00edglota con una fascinaci\u00f3n por las lenguas eslavas? \u00bfO quiz\u00e1 simplemente sientes curiosidad por las complejidades gramaticales de las lenguas de esta interesante regi\u00f3n? Si es as\u00ed, \u00a1abr\u00f3chate el cintur\u00f3n! En este art\u00edculo vamos a explorar el maravilloso mundo de la <a href=\"https:\/\/talkpal.ai\/belarusian-grammar\/\">gram\u00e1tica bielorrusa<\/a>, un miembro menos conocido pero fascinante de la familia de las lenguas eslavas.<\/p>\n\n\n\n<p>Vamos a sumergirnos, \u00bfvale?<\/p>\n\n\n\n<h3 class=\"wp-block-heading\" id=\"h-first-things-first-what-is-belarusian\">Lo primero es lo primero: \u00bfQu\u00e9 es el bielorruso?<\/h3>\n\n\n\n<p>El bielorruso es el idioma oficial de Bielorrusia, un pa\u00eds sin salida al mar situado en Europa del Este entre <a href=\"https:\/\/talkpal.ai\/learn-russian\/\">Rusia<\/a>, Ucrania, Polonia, Lituania y Letonia. Con aproximadamente 7,9 millones de hablantes, el bielorruso tiene un encanto entra\u00f1able para ling\u00fcistas y entusiastas de la lengua por igual. <a href=\"https:\/\/talkpal.ai\/locations\/language-courses-in-como\/\">Como<\/a> lengua eslava, el bielorruso posee muchas similitudes con el <a href=\"https:\/\/talkpal.ai\/learn-russian\/\">ruso<\/a>, el <a href=\"https:\/\/talkpal.ai\/learn-ukrainian\/\">ucraniano<\/a> y el <a href=\"https:\/\/talkpal.ai\/learn-polish\/\">polaco<\/a>; <a href=\"https:\/\/talkpal.ai\/culture\/how-do-i-use-the-expression-sin-embargo\/\">Sin embargo<\/a>, tambi\u00e9n adopta sus propias caracter\u00edsticas \u00fanicas que lo diferencian de sus hermanos.<\/p>\n\n\n\n<h3 class=\"wp-block-heading\" id=\"h-the-building-blocks-nouns-pronouns-and-cases\">Los bloques de construcci\u00f3n: sustantivos, pronombres y casos<\/h3>\n\n\n\n<p>Al igual que otras lenguas eslavas, la gram\u00e1tica bielorrusa gira en torno a la inflexi\u00f3n de las palabras. Esto significa que las terminaciones de las palabras cambian de acuerdo con su funci\u00f3n gramatical en una oraci\u00f3n. Esto es m\u00e1s evidente en los sustantivos, pronombres y adjetivos cuando se utilizan en diferentes casos. El bielorruso tiene seis casos, que son los siguientes:<\/p>\n\n\n\n<p><strong>1. Nominativo &#8211; indica el sujeto de una frase<\/strong><\/p>\n\n\n\n<p><strong>2. Genitivo &#8211; muestra la posesi\u00f3n o el objeto de la negaci\u00f3n<\/strong><\/p>\n\n\n\n<p><strong>3. Dativo &#8211; marca el objeto indirecto de una frase<\/strong><\/p>\n\n\n\n<p><strong>4. Acusativo &#8211; significa el objeto directo de una frase<\/strong><\/p>\n\n\n\n<p><strong>5. Instrumental &#8211; expresa el medio o m\u00e9todo por el que se realiza una acci\u00f3n<\/strong><\/p>\n\n\n\n<p><strong>6. Preposicional o Locativo &#8211; especifica la ubicaci\u00f3n o el objeto de las preposiciones<\/strong><\/p>\n\n\n\n<p>Adem\u00e1s de los casos, los sustantivos bielorrusos tambi\u00e9n tienen tres g\u00e9neros (masculino, femenino y neutro) y dos n\u00fameros (singular y plural). Cada combinaci\u00f3n de g\u00e9nero y n\u00famero tiene terminaciones espec\u00edficas en cada caso, por lo que es crucial memorizarlas para construir oraciones gramaticalmente correctas.<\/p>\n\n\n\n<h3 class=\"wp-block-heading\" id=\"h-let-s-talk-verbs-tenses-aspects-and-moods\">Hablemos de verbos: Tiempos, aspectos y estados de \u00e1nimo<\/h3>\n\n\n\n<p>Los verbos bielorrusos son maravillosamente complejos, llenos de matices y complejidad. Tienen tres tiempos (pasado, presente y futuro), dos aspectos (perfectivo e imperfectivo), as\u00ed como tres estados de \u00e1nimo (indicativo, imperativo y condicional). Lo que hace que los verbos bielorrusos se destaquen de otras lenguas eslavas es su uso extensivo del aspecto.<\/p>\n\n\n\n<p>El aspecto se refiere a si una acci\u00f3n se ve como completada (perfectiva) o continua (imperfectiva). Muchos verbos vienen en pares que indican los diferentes aspectos, a menudo mediante el uso de un prefijo o sufijo \u00fanico. El dominio del aspecto es esencial para comprender las sutilezas del idioma bielorruso.<\/p>\n\n\n\n<h3 class=\"wp-block-heading\" id=\"h-adjectives-adverbs-and-other-delights\">Adjetivos, adverbios y otras delicias<\/h3>\n\n\n\n<p>Los adjetivos bielorrusos est\u00e1n de acuerdo con los sustantivos que modifican en t\u00e9rminos de g\u00e9nero, n\u00famero y caso. Tambi\u00e9n tienen formas comparativas y superlativas para expresar diversos grados de cualidades. Adem\u00e1s, muchos adverbios se derivan de los adjetivos simplemente a\u00f1adiendo el sufijo \u00ab-\u0430\u00bb para el masculino y \u00ab-\u044b\u00bb para el femenino.<\/p>\n\n\n\n<p>El idioma bielorruso tambi\u00e9n presenta una fascinante variedad de conjunciones, preposiciones, n\u00fameros y part\u00edculas para ayudarlo a crear oraciones elaboradas y expresivas. Con la suficiente pr\u00e1ctica, pronto ser\u00e1s capaz de entrelazar tus palabras como un aut\u00e9ntico herrero de la palabra bielorruso.<\/p>\n\n\n\n<h3 class=\"wp-block-heading\" id=\"h-in-closing-the-magic-of-belarusian-grammar\">Para terminar: La magia de la gram\u00e1tica bielorrusa<\/h3>\n\n\n\n<p>A primera vista, la gram\u00e1tica bielorrusa puede parecer desalentadora. Sin embargo, a medida que profundices en su rico tapiz de casos, aspectos y otras peculiaridades ling\u00fc\u00edsticas, descubrir\u00e1s un lenguaje lleno de profundidad, matices y expresividad. Aceptar el desaf\u00edo de la gram\u00e1tica bielorrusa no solo le proporcionar\u00e1 una mayor comprensi\u00f3n de la familia eslava en general, sino que tambi\u00e9n le dar\u00e1 acceso a una cultura hermosa y vibrante que espera su exploraci\u00f3n.<\/p>\n\n\n\n<p>Ahora, armado con una nueva comprensi\u00f3n de la gram\u00e1tica bielorrusa, \u00bfpor qu\u00e9 no profundizar en este fascinante idioma? Qui\u00e9n sabe, quiz\u00e1 un d\u00eda te encuentres paseando por las calles de Minsk, charlando sin esfuerzo con los lugare\u00f1os en su lengua materna. \u00a1Feliz aprendizaje!<\/p>\n<\/div><\/div>\n\r\n<section class=\"learnNavigationSection\">\r\n            \r\n        <a href=\"https:\/\/talkpal.ai\/es\/aprender-bielorruso\/\">\r\n            <div class=\"learnNavigationWrapper\">\r\n                <div class=\"learnNavigationContent\">\r\n                    <img decoding=\"async\" src=\"https:\/\/talkpal.ai\/wp-content\/uploads\/2024\/08\/Belarusian.jpg\" alt=\"Belarusian Flag\">\r\n                    <div>\r\n                        <h4>Sobre el aprendizaje bielorruso<\/h4>\r\n                        <p>Descubra todo sobre la gram\u00e1tica bielorrusa.<\/p>\r\n                    <\/div>\r\n                <\/div>\r\n            <\/div>\r\n        <\/a>\r\n\r\n        \r\n        <a href=\"https:\/\/talkpal.ai\/es\/ejercicios-de-gramatica-bielorrusa\/\">\r\n            <div class=\"learnNavigationWrapper\">\r\n                <div class=\"learnNavigationContent\">\r\n                    <img decoding=\"async\" src=\"https:\/\/talkpal.ai\/wp-content\/uploads\/2024\/08\/Belarusian.jpg\" alt=\"Belarusian Flag\">\r\n                    <div>\r\n                        <h4>Ejercicio de gram\u00e1tica bielorrusa<\/h4>\r\n                        <p>Practicar la gram\u00e1tica bielorrusa.<\/p>\r\n                    <\/div>\r\n                <\/div>\r\n            <\/div>\r\n        <\/a>\r\n\r\n        \r\n        <a href=\"https:\/\/talkpal.ai\/vocabulary_language\/belarusian\/\">\r\n            <div class=\"learnNavigationWrapper\">\r\n                <div class=\"learnNavigationContent\">\r\n                    <img decoding=\"async\" src=\"https:\/\/talkpal.ai\/wp-content\/uploads\/2024\/08\/Belarusian.jpg\" alt=\"Belarusian Flag\">\r\n                    <div>\r\n                        <h4>Vocabulario bielorruso<\/h4>\r\n                        <p>Ampl\u00eda tu vocabulario bielorruso.<\/p>\r\n                    <\/div>\r\n                <\/div>\r\n            <\/div>\r\n        <\/a>\r\n\r\n            <\/section>","protected":false},"excerpt":{"rendered":"<p>Gram\u00e1tica bielorrusa: una mirada m\u00e1s cercana a las complejidades de la lengua eslava \u00bfEres un aspirante a pol\u00edglota con una fascinaci\u00f3n por las lenguas eslavas? \u00bfO quiz\u00e1 simplemente sientes curiosidad por las complejidades gramaticales de las lenguas de esta interesante regi\u00f3n? Si es as\u00ed, \u00a1abr\u00f3chate el cintur\u00f3n! En este art\u00edculo vamos a explorar el maravilloso [&hellip;]<\/p>\n","protected":false},"author":1,"featured_media":28196,"parent":0,"menu_order":0,"comment_status":"closed","ping_status":"closed","template":"LearningContentPage.php","meta":{"_acf_changed":false,"footnotes":""},"class_list":["post-45097","page","type-page","status-publish","has-post-thumbnail","hentry"],"acf":[],"yoast_head":"<!-- This site is optimized with the Yoast SEO Premium plugin v27.2 (Yoast SEO v27.2) - https:\/\/yoast.com\/product\/yoast-seo-premium-wordpress\/ -->\n<title>Gram\u00e1tica bielorrusa - Talkpal<\/title>\n<meta name=\"description\" content=\"Domina la gram\u00e1tica bielorrusa sin esfuerzo con Talkpaltu tutor de idiomas con inteligencia artificial. \u00a1Obt\u00e9n explicaciones claras, consejos \u00fatiles y ejercicios interactivos!\" \/>\n<meta name=\"robots\" content=\"index, follow, max-snippet:-1, max-image-preview:large, max-video-preview:-1\" \/>\n<link rel=\"canonical\" href=\"https:\/\/talkpal.ai\/es\/gramatica-bielorrusa\/\" \/>\n<meta property=\"og:locale\" content=\"es_ES\" \/>\n<meta property=\"og:type\" content=\"article\" \/>\n<meta property=\"og:title\" content=\"Gram\u00e1tica bielorrusa\" \/>\n<meta property=\"og:description\" content=\"Gram\u00e1tica bielorrusa: una mirada m\u00e1s cercana a las complejidades de la lengua eslava \u00bfEres un aspirante a pol\u00edglota con una fascinaci\u00f3n por las lenguas\" \/>\n<meta property=\"og:url\" content=\"https:\/\/talkpal.ai\/es\/gramatica-bielorrusa\/\" \/>\n<meta property=\"og:site_name\" content=\"Talkpal\" \/>\n<meta property=\"article:publisher\" content=\"https:\/\/www.facebook.com\/profile.php?id=100090733639311\" \/>\n<meta property=\"article:modified_time\" content=\"2025-05-22T13:48:42+00:00\" \/>\n<meta property=\"og:image\" content=\"https:\/\/talkpal.ai\/wp-content\/uploads\/2023\/05\/belarus.png\" \/>\n\t<meta property=\"og:image:width\" content=\"512\" \/>\n\t<meta property=\"og:image:height\" content=\"512\" \/>\n\t<meta property=\"og:image:type\" content=\"image\/png\" \/>\n<meta name=\"twitter:card\" content=\"summary_large_image\" \/>\n<meta name=\"twitter:site\" content=\"@talkpalai\" \/>\n<meta name=\"twitter:label1\" content=\"Tiempo de lectura\" \/>\n\t<meta name=\"twitter:data1\" content=\"4 minutos\" \/>\n<script type=\"application\/ld+json\" class=\"yoast-schema-graph\">{\"@context\":\"https:\/\/schema.org\",\"@graph\":[{\"@type\":\"WebPage\",\"@id\":\"https:\/\/talkpal.ai\/es\/gramatica-bielorrusa\/\",\"url\":\"https:\/\/talkpal.ai\/es\/gramatica-bielorrusa\/\",\"name\":\"Gram\u00e1tica bielorrusa - Talkpal\",\"isPartOf\":{\"@id\":\"https:\/\/talkpal.ai\/es\/#website\"},\"primaryImageOfPage\":{\"@id\":\"https:\/\/talkpal.ai\/es\/gramatica-bielorrusa\/#primaryimage\"},\"image\":{\"@id\":\"https:\/\/talkpal.ai\/es\/gramatica-bielorrusa\/#primaryimage\"},\"thumbnailUrl\":\"https:\/\/talkpal.ai\/wp-content\/uploads\/2023\/05\/belarus.png\",\"datePublished\":\"2023-05-14T13:59:42+00:00\",\"dateModified\":\"2025-05-22T13:48:42+00:00\",\"description\":\"Domina la gram\u00e1tica bielorrusa sin esfuerzo con Talkpaltu tutor de idiomas con inteligencia artificial. \u00a1Obt\u00e9n explicaciones claras, consejos \u00fatiles y ejercicios interactivos!\",\"breadcrumb\":{\"@id\":\"https:\/\/talkpal.ai\/es\/gramatica-bielorrusa\/#breadcrumb\"},\"inLanguage\":\"es\",\"potentialAction\":[{\"@type\":\"ReadAction\",\"target\":[\"https:\/\/talkpal.ai\/es\/gramatica-bielorrusa\/\"]}]},{\"@type\":\"ImageObject\",\"inLanguage\":\"es\",\"@id\":\"https:\/\/talkpal.ai\/es\/gramatica-bielorrusa\/#primaryimage\",\"url\":\"https:\/\/talkpal.ai\/wp-content\/uploads\/2023\/05\/belarus.png\",\"contentUrl\":\"https:\/\/talkpal.ai\/wp-content\/uploads\/2023\/05\/belarus.png\",\"width\":512,\"height\":512},{\"@type\":\"BreadcrumbList\",\"@id\":\"https:\/\/talkpal.ai\/es\/gramatica-bielorrusa\/#breadcrumb\",\"itemListElement\":[{\"@type\":\"ListItem\",\"position\":1,\"name\":\"Homepage\",\"item\":\"https:\/\/talkpal.ai\/es\/\"},{\"@type\":\"ListItem\",\"position\":2,\"name\":\"Gram\u00e1tica bielorrusa\"}]},{\"@type\":\"WebSite\",\"@id\":\"https:\/\/talkpal.ai\/es\/#website\",\"url\":\"https:\/\/talkpal.ai\/es\/\",\"name\":\"Talkpal\",\"description\":\"AI Language Learning\",\"publisher\":{\"@id\":\"https:\/\/talkpal.ai\/es\/#organization\"},\"alternateName\":\"Talkpal AI\",\"potentialAction\":[{\"@type\":\"SearchAction\",\"target\":{\"@type\":\"EntryPoint\",\"urlTemplate\":\"https:\/\/talkpal.ai\/es\/?s={search_term_string}\"},\"query-input\":{\"@type\":\"PropertyValueSpecification\",\"valueRequired\":true,\"valueName\":\"search_term_string\"}}],\"inLanguage\":\"es\"},{\"@type\":\"Organization\",\"@id\":\"https:\/\/talkpal.ai\/es\/#organization\",\"name\":\"Talkpal, Inc.\",\"alternateName\":\"Talkpal AI\",\"url\":\"https:\/\/talkpal.ai\/es\/\",\"logo\":{\"@type\":\"ImageObject\",\"inLanguage\":\"es\",\"@id\":\"https:\/\/talkpal.ai\/es\/#\/schema\/logo\/image\/\",\"url\":\"https:\/\/talkpal.ai\/wp-content\/uploads\/2024\/03\/Talkpal-Logo-Icon.png\",\"contentUrl\":\"https:\/\/talkpal.ai\/wp-content\/uploads\/2024\/03\/Talkpal-Logo-Icon.png\",\"width\":2880,\"height\":2880,\"caption\":\"Talkpal, Inc.\"},\"image\":{\"@id\":\"https:\/\/talkpal.ai\/es\/#\/schema\/logo\/image\/\"},\"sameAs\":[\"https:\/\/www.facebook.com\/profile.php?id=100090733639311\",\"https:\/\/x.com\/talkpalai\",\"https:\/\/www.linkedin.com\/company\/talkpal\/\",\"https:\/\/www.youtube.com\/@TalkPal\/\",\"https:\/\/www.tiktok.com\/@talkpal\",\"https:\/\/www.instagram.com\/talkpal_ai\/\",\"https:\/\/www.crunchbase.com\/organization\/talkpal-9cde\",\"https:\/\/www.g2.com\/products\/talkpal-for-business\/\",\"https:\/\/www.trustpilot.com\/review\/talkpal.ai\",\"https:\/\/www.capterra.com\/p\/10006800\/TalkPal\/\"],\"description\":\"Talkpal is a language learning web and mobile education app, powered by the latest AI technologies, that provides engaging experiences to its customers in many different languages to help them improve their language skills. Users can chat about unlimited amount of topics with the app and use other modes to practice their language learning.\",\"email\":\"support@talkpal.ai\",\"legalName\":\"Talkpal, Inc.\",\"foundingDate\":\"2023-04-03\",\"duns\":\"118989042\",\"numberOfEmployees\":{\"@type\":\"QuantitativeValue\",\"minValue\":\"11\",\"maxValue\":\"50\"},\"publishingPrinciples\":\"https:\/\/talkpal.ai\/publishing-principles\/\",\"actionableFeedbackPolicy\":\"https:\/\/talkpal.ai\/actionable-feedback-policy\/\",\"correctionsPolicy\":\"https:\/\/talkpal.ai\/corrections-policy\/\",\"ethicsPolicy\":\"https:\/\/talkpal.ai\/ethics-policy\/\",\"diversityPolicy\":\"https:\/\/talkpal.ai\/diversity-policy\/\",\"diversityStaffingReport\":\"https:\/\/talkpal.ai\/diversity-policy\/\"}]}<\/script>\n<!-- \/ Yoast SEO Premium plugin. -->","yoast_head_json":{"title":"Gram\u00e1tica bielorrusa - Talkpal","description":"Domina la gram\u00e1tica bielorrusa sin esfuerzo con Talkpaltu tutor de idiomas con inteligencia artificial. \u00a1Obt\u00e9n explicaciones claras, consejos \u00fatiles y ejercicios interactivos!","robots":{"index":"index","follow":"follow","max-snippet":"max-snippet:-1","max-image-preview":"max-image-preview:large","max-video-preview":"max-video-preview:-1"},"canonical":"https:\/\/talkpal.ai\/es\/gramatica-bielorrusa\/","og_locale":"es_ES","og_type":"article","og_title":"Gram\u00e1tica bielorrusa","og_description":"Gram\u00e1tica bielorrusa: una mirada m\u00e1s cercana a las complejidades de la lengua eslava \u00bfEres un aspirante a pol\u00edglota con una fascinaci\u00f3n por las lenguas","og_url":"https:\/\/talkpal.ai\/es\/gramatica-bielorrusa\/","og_site_name":"Talkpal","article_publisher":"https:\/\/www.facebook.com\/profile.php?id=100090733639311","article_modified_time":"2025-05-22T13:48:42+00:00","og_image":[{"width":512,"height":512,"url":"https:\/\/talkpal.ai\/wp-content\/uploads\/2023\/05\/belarus.png","type":"image\/png"}],"twitter_card":"summary_large_image","twitter_site":"@talkpalai","twitter_misc":{"Tiempo de lectura":"4 minutos"},"schema":{"@context":"https:\/\/schema.org","@graph":[{"@type":"WebPage","@id":"https:\/\/talkpal.ai\/es\/gramatica-bielorrusa\/","url":"https:\/\/talkpal.ai\/es\/gramatica-bielorrusa\/","name":"Gram\u00e1tica bielorrusa - Talkpal","isPartOf":{"@id":"https:\/\/talkpal.ai\/es\/#website"},"primaryImageOfPage":{"@id":"https:\/\/talkpal.ai\/es\/gramatica-bielorrusa\/#primaryimage"},"image":{"@id":"https:\/\/talkpal.ai\/es\/gramatica-bielorrusa\/#primaryimage"},"thumbnailUrl":"https:\/\/talkpal.ai\/wp-content\/uploads\/2023\/05\/belarus.png","datePublished":"2023-05-14T13:59:42+00:00","dateModified":"2025-05-22T13:48:42+00:00","description":"Domina la gram\u00e1tica bielorrusa sin esfuerzo con Talkpaltu tutor de idiomas con inteligencia artificial. \u00a1Obt\u00e9n explicaciones claras, consejos \u00fatiles y ejercicios interactivos!","breadcrumb":{"@id":"https:\/\/talkpal.ai\/es\/gramatica-bielorrusa\/#breadcrumb"},"inLanguage":"es","potentialAction":[{"@type":"ReadAction","target":["https:\/\/talkpal.ai\/es\/gramatica-bielorrusa\/"]}]},{"@type":"ImageObject","inLanguage":"es","@id":"https:\/\/talkpal.ai\/es\/gramatica-bielorrusa\/#primaryimage","url":"https:\/\/talkpal.ai\/wp-content\/uploads\/2023\/05\/belarus.png","contentUrl":"https:\/\/talkpal.ai\/wp-content\/uploads\/2023\/05\/belarus.png","width":512,"height":512},{"@type":"BreadcrumbList","@id":"https:\/\/talkpal.ai\/es\/gramatica-bielorrusa\/#breadcrumb","itemListElement":[{"@type":"ListItem","position":1,"name":"Homepage","item":"https:\/\/talkpal.ai\/es\/"},{"@type":"ListItem","position":2,"name":"Gram\u00e1tica bielorrusa"}]},{"@type":"WebSite","@id":"https:\/\/talkpal.ai\/es\/#website","url":"https:\/\/talkpal.ai\/es\/","name":"Talkpal","description":"AI Language Learning","publisher":{"@id":"https:\/\/talkpal.ai\/es\/#organization"},"alternateName":"Talkpal AI","potentialAction":[{"@type":"SearchAction","target":{"@type":"EntryPoint","urlTemplate":"https:\/\/talkpal.ai\/es\/?s={search_term_string}"},"query-input":{"@type":"PropertyValueSpecification","valueRequired":true,"valueName":"search_term_string"}}],"inLanguage":"es"},{"@type":"Organization","@id":"https:\/\/talkpal.ai\/es\/#organization","name":"Talkpal, Inc.","alternateName":"Talkpal AI","url":"https:\/\/talkpal.ai\/es\/","logo":{"@type":"ImageObject","inLanguage":"es","@id":"https:\/\/talkpal.ai\/es\/#\/schema\/logo\/image\/","url":"https:\/\/talkpal.ai\/wp-content\/uploads\/2024\/03\/Talkpal-Logo-Icon.png","contentUrl":"https:\/\/talkpal.ai\/wp-content\/uploads\/2024\/03\/Talkpal-Logo-Icon.png","width":2880,"height":2880,"caption":"Talkpal, Inc."},"image":{"@id":"https:\/\/talkpal.ai\/es\/#\/schema\/logo\/image\/"},"sameAs":["https:\/\/www.facebook.com\/profile.php?id=100090733639311","https:\/\/x.com\/talkpalai","https:\/\/www.linkedin.com\/company\/talkpal\/","https:\/\/www.youtube.com\/@TalkPal\/","https:\/\/www.tiktok.com\/@talkpal","https:\/\/www.instagram.com\/talkpal_ai\/","https:\/\/www.crunchbase.com\/organization\/talkpal-9cde","https:\/\/www.g2.com\/products\/talkpal-for-business\/","https:\/\/www.trustpilot.com\/review\/talkpal.ai","https:\/\/www.capterra.com\/p\/10006800\/TalkPal\/"],"description":"Talkpal is a language learning web and mobile education app, powered by the latest AI technologies, that provides engaging experiences to its customers in many different languages to help them improve their language skills. Users can chat about unlimited amount of topics with the app and use other modes to practice their language learning.","email":"support@talkpal.ai","legalName":"Talkpal, Inc.","foundingDate":"2023-04-03","duns":"118989042","numberOfEmployees":{"@type":"QuantitativeValue","minValue":"11","maxValue":"50"},"publishingPrinciples":"https:\/\/talkpal.ai\/publishing-principles\/","actionableFeedbackPolicy":"https:\/\/talkpal.ai\/actionable-feedback-policy\/","correctionsPolicy":"https:\/\/talkpal.ai\/corrections-policy\/","ethicsPolicy":"https:\/\/talkpal.ai\/ethics-policy\/","diversityPolicy":"https:\/\/talkpal.ai\/diversity-policy\/","diversityStaffingReport":"https:\/\/talkpal.ai\/diversity-policy\/"}]}},"_links":{"self":[{"href":"https:\/\/talkpal.ai\/es\/wp-json\/wp\/v2\/pages\/45097","targetHints":{"allow":["GET"]}}],"collection":[{"href":"https:\/\/talkpal.ai\/es\/wp-json\/wp\/v2\/pages"}],"about":[{"href":"https:\/\/talkpal.ai\/es\/wp-json\/wp\/v2\/types\/page"}],"author":[{"embeddable":true,"href":"https:\/\/talkpal.ai\/es\/wp-json\/wp\/v2\/users\/1"}],"replies":[{"embeddable":true,"href":"https:\/\/talkpal.ai\/es\/wp-json\/wp\/v2\/comments?post=45097"}],"version-history":[{"count":0,"href":"https:\/\/talkpal.ai\/es\/wp-json\/wp\/v2\/pages\/45097\/revisions"}],"wp:featuredmedia":[{"embeddable":true,"href":"https:\/\/talkpal.ai\/es\/wp-json\/wp\/v2\/media\/28196"}],"wp:attachment":[{"href":"https:\/\/talkpal.ai\/es\/wp-json\/wp\/v2\/media?parent=45097"}],"curies":[{"name":"wp","href":"https:\/\/api.w.org\/{rel}","templated":true}]}}