{"id":45095,"date":"2023-05-14T14:00:56","date_gmt":"2023-05-14T14:00:56","guid":{"rendered":"http:\/\/talkpal.ai\/gramatica-catalana\/"},"modified":"2025-05-22T18:35:09","modified_gmt":"2025-05-22T18:35:09","slug":"gramatica-catalana","status":"publish","type":"page","link":"https:\/\/talkpal.ai\/es\/gramatica-catalana\/","title":{"rendered":"Gram\u00e1tica catalana"},"content":{"rendered":"\r\n\r\n\r\n<section class=\"languageChallengeSection\">\r\n    <div class=\"languageInfoWrapper\">\r\n        \r\n        <h1>Gram\u00e1tica catalana<\/h1>\r\n        <p>Sum\u00e9rgete en el mundo de la <a href=\"https:\/\/talkpal.ai\/catalan-grammar\/\">gram\u00e1tica catalana<\/a> y descubre la estructura \u00fanica de esta vibrante lengua romance. Dominar los conceptos b\u00e1sicos te ayudar\u00e1 a comunicarte m\u00e1s eficazmente y a conectar con la cultura catalana a un nivel m\u00e1s profundo. \u00a1Empieza a aprender <a href=\"https:\/\/talkpal.ai\/catalan-grammar\/\">gram\u00e1tica catalana<\/a> hoy mismo y da tu primer paso hacia la fluidez!\n\n<\/p>\r\n\r\n                            <a class=\"getStartedHidden\" href=\"https:\/\/app.talkpal.ai\/es-es\/signup?lng=\">Comenzar<\/a>\r\n        \r\n    <\/div>\r\n\r\n    <figure>\r\n    <img decoding=\"async\" width=\"768\" height=\"768\" src=\"https:\/\/talkpal.ai\/wp-content\/uploads\/2023\/06\/catalan-768x768.png\" class=\"languageImage no-lazy\" alt=\"Default alt text\" fetchpriority=\"high\" sizes=\"(max-width: 768px) 150px, 768px\" srcset=\"https:\/\/talkpal.ai\/wp-content\/uploads\/2023\/06\/catalan-768x768.png 768w, https:\/\/talkpal.ai\/wp-content\/uploads\/2023\/06\/catalan-300x300.png 300w\" \/>\r\n    \r\n\r\n    <\/figure>\r\n\r\n            <a class=\"getStartedVisible\" href=\"https:\/\/app.talkpal.ai\/es-es\/signup?lng=\">Comenzar<\/a>\r\n    \r\n<\/section>\r\n        <section class=\"grammarSection\">\r\n            <div class=\"grammarLinks\">\r\n                <a href=\"https:\/\/talkpal.ai\/es\/language\/adjetivos-gramatica-catalana\/\">Adjetivos <\/a><a href=\"https:\/\/talkpal.ai\/es\/language\/adverbios-gramatica-catalana\/\">Adverbios <\/a><a href=\"https:\/\/talkpal.ai\/es\/language\/articulos-gramatica-catalana\/\">Art\u00edculos <\/a><a href=\"https:\/\/talkpal.ai\/es\/language\/comparacion-de-tiempos-gramatica-catalana\/\">Comparaci\u00f3n de tiempos <\/a><a href=\"https:\/\/talkpal.ai\/es\/language\/condicionales-gramatica-catalana\/\">Condicionales <\/a><a href=\"https:\/\/talkpal.ai\/es\/language\/oraciones-gramatica-catalana\/\">Oraciones <\/a><a href=\"https:\/\/talkpal.ai\/es\/language\/perfecto-progresivo-gramatica-catalana\/\">Perfecto Progresivo <\/a><a href=\"https:\/\/talkpal.ai\/es\/language\/preposiciones-gramatica-catalana\/\">Preposiciones <\/a><a href=\"https:\/\/talkpal.ai\/es\/language\/progresivo-gramatica-catalana\/\">Progresivo <\/a><a href=\"https:\/\/talkpal.ai\/es\/language\/pronombres-determinantes-gramatica-catalana\/\">Pronombres\/Determinantes <\/a><a href=\"https:\/\/talkpal.ai\/es\/language\/sustantivos-gramatica-catalana\/\">Sustantivos <\/a><a href=\"https:\/\/talkpal.ai\/es\/language\/tiempos-verbales-gramatica-catalana\/\">Tiempos verbales <\/a><a href=\"https:\/\/talkpal.ai\/es\/language\/verbos-gramatica-catalana\/\">Verbos <\/a>            <\/div>\r\n        <\/section>\r\n    <section class=\"promotionalBanner\">\r\n    <p class=\"promotionalText\">La forma m\u00e1s eficiente de aprender un idioma<\/p>\r\n    <a class=\"promotionalLink\" href=\"https:\/\/app.talkpal.ai\/es-es\/signup?lng=\">Prueba Talkpal gratis<\/a>\r\n<\/section>\n<div class=\"wp-block-group pageContainerStyle\"><div class=\"wp-block-group__inner-container is-layout-constrained wp-block-group-is-layout-constrained\">\n<h2 class=\"wp-block-heading\" id=\"h-catalan-grammar-a-quick-guide-for-language-enthusiasts\">Gram\u00e1tica catalana: una gu\u00eda r\u00e1pida para entusiastas de los idiomas<\/h2>\n\n\n\n<p>\u00bfEst\u00e1s planeando <a href=\"https:\/\/talkpal.ai\/es\/como-autoaprender-la-lengua-catalana\/\">aprender catal\u00e1n<\/a> o simplemente tienes curiosidad por esta hermosa lengua romance? \u00a1No busques m\u00e1s! Estamos aqu\u00ed para darte un r\u00e1pido paseo por la gram\u00e1tica catalana y dotarte de las nociones b\u00e1sicas. Sumerj\u00e1monos en esta encantadora lengua y exploremos c\u00f3mo funciona a nivel gramatical.<\/p>\n\n\n\n<p>El <a href=\"https:\/\/talkpal.ai\/learn-catalan\/\">catal\u00e1n<\/a>, hablado por alrededor de 10 millones de personas predominantemente en Catalu\u00f1a, <a href=\"https:\/\/talkpal.ai\/locations\/language-courses-in-valencia\/\">Valencia<\/a> y las <a href=\"https:\/\/talkpal.ai\/es\/culture\/conociendo-las-islas-baleares-mientras-aprendes-espanol\/\">Islas Baleares<\/a>, tiene una mezcla \u00fanica de influencias del lat\u00edn, el <a href=\"https:\/\/talkpal.ai\/es\/locations\/aprende-espanol-leyendo\/\">espa\u00f1ol<\/a> y el <a href=\"https:\/\/talkpal.ai\/es\/locations\/aprende-frances-leyendo\/\">franc\u00e9s<\/a>. Al igual que t\u00fa y yo, los idiomas se enriquecen a\u00fan m\u00e1s al tomar prestados diferentes matices entre s\u00ed a lo <a href=\"https:\/\/talkpal.ai\/locations\/language-courses-in-largo\/\">largo<\/a> del tiempo. \u00a1Qu\u00e9 emocionante!<\/p>\n\n\n\n<p><strong>Ahora vamos a aprender algunos aspectos b\u00e1sicos de la gram\u00e1tica catalana:<\/strong><\/p>\n\n\n\n<h3 class=\"wp-block-heading\" id=\"h-1-nouns-and-gender\">1. Sustantivos y g\u00e9nero:<\/h3>\n\n\n\n<p>Canta conmigo &#8211; &#8216;\u00a1Cada sustantivo tiene el poder! Al igual que en otras lenguas rom\u00e1nicas, los sustantivos catalanes son masculinos o femeninos, y este \u00abg\u00e9nero\u00bb afecta a su uso con art\u00edculos y adjetivos. Pero no te preocupes. La mayor\u00eda de las veces, los sustantivos que acaban en \u00ab-a\u00bb son femeninos, mientras que los que acaban en \u00ab-o\u00bb (u otras consonantes) son masculinos. <a href=\"https:\/\/talkpal.ai\/culture\/how-do-i-use-the-expression-sin-embargo\/\">Sin embargo<\/a>, ten en cuenta las excepciones: \u00a1les encanta acercarse sigilosamente a ti!<\/p>\n\n\n\n<h3 class=\"wp-block-heading\" id=\"h-2-articles\">2. Art\u00edculos:<\/h3>\n\n\n\n<p>La vida ser\u00eda aburrida sin art\u00edculos, \u00bfverdad? En catal\u00e1n, tenemos art\u00edculos definidos para se\u00f1alar cosas o personas concretas (como \u201cel perro\u201d o \u201cel libro\u201d) e indefinidos para referencias generales (como \u201cun perro\u201d o \u201cun libro\u201d).  <\/p>\n\n\n\n<p>Los art\u00edculos definidos en catal\u00e1n son \u00abel\u00bb para los sustantivos masculinos singulares, \u00abla\u00bb para los femeninos singulares, \u00abels\u00bb para los masculinos plurales y \u00ables\u00bb para los femeninos plurales. Los art\u00edculos indefinidos, en cambio, son \u00abun\u00bb para los sustantivos masculinos singulares y \u00abuna\u00bb para los femeninos singulares. En la forma plural, no hay art\u00edculos indefinidos espec\u00edficos. F\u00e1cil-peasy, \u00bfverdad?<\/p>\n\n\n\n<h3 class=\"wp-block-heading\" id=\"h-3-adjectives\">3. Adjetivos:<\/h3>\n\n\n\n<p>Los adjetivos a\u00f1aden sabor a tus oraciones al describir sustantivos, y en catal\u00e1n, concuerdan en g\u00e9nero y n\u00famero con los sustantivos que modifican. En la mayor\u00eda de los casos, los adjetivos que acaban en \u00ab-o\u00bb son masculinos, y los que acaban en \u00ab-a\u00bb son femeninos. Para formar el plural, cambia \u00ab-o\u00bb por \u00ab-os\u00bb (masculino) y \u00ab-a\u00bb por \u00ab-es\u00bb (femenino). Tenga en cuenta que algunos adjetivos tienen una forma \u00fanica para ambos g\u00e9neros y solo cambia el marcador plural. Suena divertido, \u00bfverdad?<\/p>\n\n\n\n<h3 class=\"wp-block-heading\" id=\"h-4-verbs-and-conjugation\">4. Verbos y conjugaci\u00f3n:<\/h3>\n\n\n\n<p>\u00a1El coraz\u00f3n de cada idioma! Los verbos en catal\u00e1n se clasifican en tres grupos seg\u00fan su terminaci\u00f3n en infinitivo: \u00ab-ar\u00bb, \u00ab-er\u00bb e \u00ab-ir\u00bb. Cada grupo tiene su patr\u00f3n de conjugaci\u00f3n distinto para diferentes tiempos, estados de \u00e1nimo y pronombres, al igual que bailar con diferentes ritmos. El catal\u00e1n tambi\u00e9n tiene verbos auxiliares (como \u00abtener\u00bb y \u00abser\u00bb) que se combinan con otros verbos para crear tiempos compuestos y voz pasiva. As\u00ed que ponte tus zapatos de baile y comienza a explorar el animado mundo de los verbos catalanes.<\/p>\n\n\n\n<h3 class=\"wp-block-heading\" id=\"h-5-word-order\">5. Orden de palabras:<\/h3>\n\n\n\n<p>\u00a1Coloquemos esas palabras en la secuencia correcta! El catal\u00e1n normalmente sigue un orden de palabras sujeto-verbo-objeto (SVO), al igual que el ingl\u00e9s. Sin embargo, se permite flexibilidad en el orden de las palabras para fines de \u00e9nfasis o estil\u00edsticos. Los adjetivos generalmente vienen despu\u00e9s del sustantivo que describen, pero es posible que los vea antes del sustantivo para enfatizar su importancia. Recuerda, la pr\u00e1ctica hace la perfecci\u00f3n cuando se trata de dominar el orden de las palabras en catal\u00e1n.<\/p>\n\n\n\n<h3 class=\"wp-block-heading\" id=\"h-6-pronouns-and-prepositions\">6. Pronombres y preposiciones:<\/h3>\n\n\n\n<p>\u00a1Por \u00faltimo, si bien no menos importante! El catal\u00e1n tiene pronombres de sujeto (yo, t\u00fa, \u00e9l, ella, etc.) y pronombres de objeto (yo, t\u00fa, \u00e9l, ella, etc.), que pueden sufrir diferentes cambios dependiendo de su funci\u00f3n dentro de una oraci\u00f3n. Adem\u00e1s, las preposiciones catalanas (como \u00aba\u00bb, \u00abde\u00bb, \u00aben\u00bb, \u00abamb\u00bb) te ayudan a conectar palabras y frases y a mostrar las relaciones entre ellas.<\/p>\n\n\n\n<p>\u00a1Vaya! Ahora ya tienes las nociones b\u00e1sicas de gram\u00e1tica catalana. Sigue explorando, haciendo preguntas y practicando este hermoso idioma. Recuerde, aprender un nuevo idioma es como embarcarse en un viaje emocionante. Tendr\u00e1s tus altibajos, pero las recompensas merecen el esfuerzo. \u00a1Bon viatge!<\/p>\n<\/div><\/div>\n\r\n<section class=\"learnNavigationSection\">\r\n            \r\n        <a href=\"https:\/\/talkpal.ai\/es\/aprender-catalan\/\">\r\n            <div class=\"learnNavigationWrapper\">\r\n                <div class=\"learnNavigationContent\">\r\n                    <img decoding=\"async\" src=\"https:\/\/talkpal.ai\/wp-content\/uploads\/2024\/08\/Catalan.jpg\" alt=\"Catalan Flag\">\r\n                    <div>\r\n                        <h4>Sobre Catalan Learning<\/h4>\r\n                        <p>Desc\u00fabrelo todo sobre la gram\u00e1tica catalana.<\/p>\r\n                    <\/div>\r\n                <\/div>\r\n            <\/div>\r\n        <\/a>\r\n\r\n        \r\n        <a href=\"https:\/\/talkpal.ai\/es\/ejercicios-de-gramatica-catalana\/\">\r\n            <div class=\"learnNavigationWrapper\">\r\n                <div class=\"learnNavigationContent\">\r\n                    <img decoding=\"async\" src=\"https:\/\/talkpal.ai\/wp-content\/uploads\/2024\/08\/Catalan.jpg\" alt=\"Catalan Flag\">\r\n                    <div>\r\n                        <h4>Ejercicio de gram\u00e1tica catalana<\/h4>\r\n                        <p>Practicar la gram\u00e1tica catalana.<\/p>\r\n                    <\/div>\r\n                <\/div>\r\n            <\/div>\r\n        <\/a>\r\n\r\n        \r\n        <a href=\"https:\/\/talkpal.ai\/vocabulary_language\/catalan\/\">\r\n            <div class=\"learnNavigationWrapper\">\r\n                <div class=\"learnNavigationContent\">\r\n                    <img decoding=\"async\" src=\"https:\/\/talkpal.ai\/wp-content\/uploads\/2024\/08\/Catalan.jpg\" alt=\"Catalan Flag\">\r\n                    <div>\r\n                        <h4>Vocabulario catal\u00e1n<\/h4>\r\n                        <p>Ampl\u00eda tu vocabulario de catal\u00e1n.<\/p>\r\n                    <\/div>\r\n                <\/div>\r\n            <\/div>\r\n        <\/a>\r\n\r\n            <\/section>","protected":false},"excerpt":{"rendered":"<p>Gram\u00e1tica catalana: una gu\u00eda r\u00e1pida para entusiastas de los idiomas \u00bfEst\u00e1s planeando aprender catal\u00e1n o simplemente tienes curiosidad por esta hermosa lengua romance? \u00a1No busques m\u00e1s! Estamos aqu\u00ed para darte un r\u00e1pido paseo por la gram\u00e1tica catalana y dotarte de las nociones b\u00e1sicas. Sumerj\u00e1monos en esta encantadora lengua y exploremos c\u00f3mo funciona a nivel gramatical. [&hellip;]<\/p>\n","protected":false},"author":1,"featured_media":56836,"parent":0,"menu_order":0,"comment_status":"closed","ping_status":"closed","template":"LearningContentPage.php","meta":{"_acf_changed":false,"footnotes":""},"class_list":["post-45095","page","type-page","status-publish","has-post-thumbnail","hentry"],"acf":[],"yoast_head":"<!-- This site is optimized with the Yoast SEO Premium plugin v27.2 (Yoast SEO v27.2) - https:\/\/yoast.com\/product\/yoast-seo-premium-wordpress\/ -->\n<title>Gram\u00e1tica catalana - Talkpal<\/title>\n<meta name=\"description\" content=\"Descubre los fundamentos de la gram\u00e1tica catalana y comienza hoy mismo tu viaje por esta bella lengua romance.\" \/>\n<meta name=\"robots\" content=\"index, follow, max-snippet:-1, max-image-preview:large, max-video-preview:-1\" \/>\n<link rel=\"canonical\" href=\"https:\/\/talkpal.ai\/es\/gramatica-catalana\/\" \/>\n<meta property=\"og:locale\" content=\"es_ES\" \/>\n<meta property=\"og:type\" content=\"article\" \/>\n<meta property=\"og:title\" content=\"Gram\u00e1tica catalana\" \/>\n<meta property=\"og:description\" content=\"Gram\u00e1tica catalana: una gu\u00eda r\u00e1pida para entusiastas de los idiomas \u00bfEst\u00e1s planeando aprender catal\u00e1n o simplemente tienes curiosidad por esta hermosa\" \/>\n<meta property=\"og:url\" content=\"https:\/\/talkpal.ai\/es\/gramatica-catalana\/\" \/>\n<meta property=\"og:site_name\" content=\"Talkpal\" \/>\n<meta property=\"article:publisher\" content=\"https:\/\/www.facebook.com\/profile.php?id=100090733639311\" \/>\n<meta property=\"article:modified_time\" content=\"2025-05-22T18:35:09+00:00\" \/>\n<meta property=\"og:image\" content=\"https:\/\/talkpal.ai\/wp-content\/uploads\/2023\/08\/Catalan.png\" \/>\n\t<meta property=\"og:image:width\" content=\"479\" \/>\n\t<meta property=\"og:image:height\" content=\"479\" \/>\n\t<meta property=\"og:image:type\" content=\"image\/png\" \/>\n<meta name=\"twitter:card\" content=\"summary_large_image\" \/>\n<meta name=\"twitter:site\" content=\"@talkpalai\" \/>\n<meta name=\"twitter:label1\" content=\"Tiempo de lectura\" \/>\n\t<meta name=\"twitter:data1\" content=\"4 minutos\" \/>\n<script type=\"application\/ld+json\" class=\"yoast-schema-graph\">{\"@context\":\"https:\/\/schema.org\",\"@graph\":[{\"@type\":\"WebPage\",\"@id\":\"https:\/\/talkpal.ai\/es\/gramatica-catalana\/\",\"url\":\"https:\/\/talkpal.ai\/es\/gramatica-catalana\/\",\"name\":\"Gram\u00e1tica catalana - Talkpal\",\"isPartOf\":{\"@id\":\"https:\/\/talkpal.ai\/es\/#website\"},\"primaryImageOfPage\":{\"@id\":\"https:\/\/talkpal.ai\/es\/gramatica-catalana\/#primaryimage\"},\"image\":{\"@id\":\"https:\/\/talkpal.ai\/es\/gramatica-catalana\/#primaryimage\"},\"thumbnailUrl\":\"https:\/\/talkpal.ai\/wp-content\/uploads\/2023\/08\/Catalan.png\",\"datePublished\":\"2023-05-14T14:00:56+00:00\",\"dateModified\":\"2025-05-22T18:35:09+00:00\",\"description\":\"Descubre los fundamentos de la gram\u00e1tica catalana y comienza hoy mismo tu viaje por esta bella lengua romance.\",\"breadcrumb\":{\"@id\":\"https:\/\/talkpal.ai\/es\/gramatica-catalana\/#breadcrumb\"},\"inLanguage\":\"es\",\"potentialAction\":[{\"@type\":\"ReadAction\",\"target\":[\"https:\/\/talkpal.ai\/es\/gramatica-catalana\/\"]}]},{\"@type\":\"ImageObject\",\"inLanguage\":\"es\",\"@id\":\"https:\/\/talkpal.ai\/es\/gramatica-catalana\/#primaryimage\",\"url\":\"https:\/\/talkpal.ai\/wp-content\/uploads\/2023\/08\/Catalan.png\",\"contentUrl\":\"https:\/\/talkpal.ai\/wp-content\/uploads\/2023\/08\/Catalan.png\",\"width\":479,\"height\":479},{\"@type\":\"BreadcrumbList\",\"@id\":\"https:\/\/talkpal.ai\/es\/gramatica-catalana\/#breadcrumb\",\"itemListElement\":[{\"@type\":\"ListItem\",\"position\":1,\"name\":\"Homepage\",\"item\":\"https:\/\/talkpal.ai\/es\/\"},{\"@type\":\"ListItem\",\"position\":2,\"name\":\"Gram\u00e1tica catalana\"}]},{\"@type\":\"WebSite\",\"@id\":\"https:\/\/talkpal.ai\/es\/#website\",\"url\":\"https:\/\/talkpal.ai\/es\/\",\"name\":\"Talkpal\",\"description\":\"AI Language Learning\",\"publisher\":{\"@id\":\"https:\/\/talkpal.ai\/es\/#organization\"},\"alternateName\":\"Talkpal AI\",\"potentialAction\":[{\"@type\":\"SearchAction\",\"target\":{\"@type\":\"EntryPoint\",\"urlTemplate\":\"https:\/\/talkpal.ai\/es\/?s={search_term_string}\"},\"query-input\":{\"@type\":\"PropertyValueSpecification\",\"valueRequired\":true,\"valueName\":\"search_term_string\"}}],\"inLanguage\":\"es\"},{\"@type\":\"Organization\",\"@id\":\"https:\/\/talkpal.ai\/es\/#organization\",\"name\":\"Talkpal, Inc.\",\"alternateName\":\"Talkpal AI\",\"url\":\"https:\/\/talkpal.ai\/es\/\",\"logo\":{\"@type\":\"ImageObject\",\"inLanguage\":\"es\",\"@id\":\"https:\/\/talkpal.ai\/es\/#\/schema\/logo\/image\/\",\"url\":\"https:\/\/talkpal.ai\/wp-content\/uploads\/2024\/03\/Talkpal-Logo-Icon.png\",\"contentUrl\":\"https:\/\/talkpal.ai\/wp-content\/uploads\/2024\/03\/Talkpal-Logo-Icon.png\",\"width\":2880,\"height\":2880,\"caption\":\"Talkpal, Inc.\"},\"image\":{\"@id\":\"https:\/\/talkpal.ai\/es\/#\/schema\/logo\/image\/\"},\"sameAs\":[\"https:\/\/www.facebook.com\/profile.php?id=100090733639311\",\"https:\/\/x.com\/talkpalai\",\"https:\/\/www.linkedin.com\/company\/talkpal\/\",\"https:\/\/www.youtube.com\/@TalkPal\/\",\"https:\/\/www.tiktok.com\/@talkpal\",\"https:\/\/www.instagram.com\/talkpal_ai\/\",\"https:\/\/www.crunchbase.com\/organization\/talkpal-9cde\",\"https:\/\/www.g2.com\/products\/talkpal-for-business\/\",\"https:\/\/www.trustpilot.com\/review\/talkpal.ai\",\"https:\/\/www.capterra.com\/p\/10006800\/TalkPal\/\"],\"description\":\"Talkpal is a language learning web and mobile education app, powered by the latest AI technologies, that provides engaging experiences to its customers in many different languages to help them improve their language skills. Users can chat about unlimited amount of topics with the app and use other modes to practice their language learning.\",\"email\":\"support@talkpal.ai\",\"legalName\":\"Talkpal, Inc.\",\"foundingDate\":\"2023-04-03\",\"duns\":\"118989042\",\"numberOfEmployees\":{\"@type\":\"QuantitativeValue\",\"minValue\":\"11\",\"maxValue\":\"50\"},\"publishingPrinciples\":\"https:\/\/talkpal.ai\/publishing-principles\/\",\"actionableFeedbackPolicy\":\"https:\/\/talkpal.ai\/actionable-feedback-policy\/\",\"correctionsPolicy\":\"https:\/\/talkpal.ai\/corrections-policy\/\",\"ethicsPolicy\":\"https:\/\/talkpal.ai\/ethics-policy\/\",\"diversityPolicy\":\"https:\/\/talkpal.ai\/diversity-policy\/\",\"diversityStaffingReport\":\"https:\/\/talkpal.ai\/diversity-policy\/\"}]}<\/script>\n<!-- \/ Yoast SEO Premium plugin. -->","yoast_head_json":{"title":"Gram\u00e1tica catalana - Talkpal","description":"Descubre los fundamentos de la gram\u00e1tica catalana y comienza hoy mismo tu viaje por esta bella lengua romance.","robots":{"index":"index","follow":"follow","max-snippet":"max-snippet:-1","max-image-preview":"max-image-preview:large","max-video-preview":"max-video-preview:-1"},"canonical":"https:\/\/talkpal.ai\/es\/gramatica-catalana\/","og_locale":"es_ES","og_type":"article","og_title":"Gram\u00e1tica catalana","og_description":"Gram\u00e1tica catalana: una gu\u00eda r\u00e1pida para entusiastas de los idiomas \u00bfEst\u00e1s planeando aprender catal\u00e1n o simplemente tienes curiosidad por esta hermosa","og_url":"https:\/\/talkpal.ai\/es\/gramatica-catalana\/","og_site_name":"Talkpal","article_publisher":"https:\/\/www.facebook.com\/profile.php?id=100090733639311","article_modified_time":"2025-05-22T18:35:09+00:00","og_image":[{"width":479,"height":479,"url":"https:\/\/talkpal.ai\/wp-content\/uploads\/2023\/08\/Catalan.png","type":"image\/png"}],"twitter_card":"summary_large_image","twitter_site":"@talkpalai","twitter_misc":{"Tiempo de lectura":"4 minutos"},"schema":{"@context":"https:\/\/schema.org","@graph":[{"@type":"WebPage","@id":"https:\/\/talkpal.ai\/es\/gramatica-catalana\/","url":"https:\/\/talkpal.ai\/es\/gramatica-catalana\/","name":"Gram\u00e1tica catalana - Talkpal","isPartOf":{"@id":"https:\/\/talkpal.ai\/es\/#website"},"primaryImageOfPage":{"@id":"https:\/\/talkpal.ai\/es\/gramatica-catalana\/#primaryimage"},"image":{"@id":"https:\/\/talkpal.ai\/es\/gramatica-catalana\/#primaryimage"},"thumbnailUrl":"https:\/\/talkpal.ai\/wp-content\/uploads\/2023\/08\/Catalan.png","datePublished":"2023-05-14T14:00:56+00:00","dateModified":"2025-05-22T18:35:09+00:00","description":"Descubre los fundamentos de la gram\u00e1tica catalana y comienza hoy mismo tu viaje por esta bella lengua romance.","breadcrumb":{"@id":"https:\/\/talkpal.ai\/es\/gramatica-catalana\/#breadcrumb"},"inLanguage":"es","potentialAction":[{"@type":"ReadAction","target":["https:\/\/talkpal.ai\/es\/gramatica-catalana\/"]}]},{"@type":"ImageObject","inLanguage":"es","@id":"https:\/\/talkpal.ai\/es\/gramatica-catalana\/#primaryimage","url":"https:\/\/talkpal.ai\/wp-content\/uploads\/2023\/08\/Catalan.png","contentUrl":"https:\/\/talkpal.ai\/wp-content\/uploads\/2023\/08\/Catalan.png","width":479,"height":479},{"@type":"BreadcrumbList","@id":"https:\/\/talkpal.ai\/es\/gramatica-catalana\/#breadcrumb","itemListElement":[{"@type":"ListItem","position":1,"name":"Homepage","item":"https:\/\/talkpal.ai\/es\/"},{"@type":"ListItem","position":2,"name":"Gram\u00e1tica catalana"}]},{"@type":"WebSite","@id":"https:\/\/talkpal.ai\/es\/#website","url":"https:\/\/talkpal.ai\/es\/","name":"Talkpal","description":"AI Language Learning","publisher":{"@id":"https:\/\/talkpal.ai\/es\/#organization"},"alternateName":"Talkpal AI","potentialAction":[{"@type":"SearchAction","target":{"@type":"EntryPoint","urlTemplate":"https:\/\/talkpal.ai\/es\/?s={search_term_string}"},"query-input":{"@type":"PropertyValueSpecification","valueRequired":true,"valueName":"search_term_string"}}],"inLanguage":"es"},{"@type":"Organization","@id":"https:\/\/talkpal.ai\/es\/#organization","name":"Talkpal, Inc.","alternateName":"Talkpal AI","url":"https:\/\/talkpal.ai\/es\/","logo":{"@type":"ImageObject","inLanguage":"es","@id":"https:\/\/talkpal.ai\/es\/#\/schema\/logo\/image\/","url":"https:\/\/talkpal.ai\/wp-content\/uploads\/2024\/03\/Talkpal-Logo-Icon.png","contentUrl":"https:\/\/talkpal.ai\/wp-content\/uploads\/2024\/03\/Talkpal-Logo-Icon.png","width":2880,"height":2880,"caption":"Talkpal, Inc."},"image":{"@id":"https:\/\/talkpal.ai\/es\/#\/schema\/logo\/image\/"},"sameAs":["https:\/\/www.facebook.com\/profile.php?id=100090733639311","https:\/\/x.com\/talkpalai","https:\/\/www.linkedin.com\/company\/talkpal\/","https:\/\/www.youtube.com\/@TalkPal\/","https:\/\/www.tiktok.com\/@talkpal","https:\/\/www.instagram.com\/talkpal_ai\/","https:\/\/www.crunchbase.com\/organization\/talkpal-9cde","https:\/\/www.g2.com\/products\/talkpal-for-business\/","https:\/\/www.trustpilot.com\/review\/talkpal.ai","https:\/\/www.capterra.com\/p\/10006800\/TalkPal\/"],"description":"Talkpal is a language learning web and mobile education app, powered by the latest AI technologies, that provides engaging experiences to its customers in many different languages to help them improve their language skills. Users can chat about unlimited amount of topics with the app and use other modes to practice their language learning.","email":"support@talkpal.ai","legalName":"Talkpal, Inc.","foundingDate":"2023-04-03","duns":"118989042","numberOfEmployees":{"@type":"QuantitativeValue","minValue":"11","maxValue":"50"},"publishingPrinciples":"https:\/\/talkpal.ai\/publishing-principles\/","actionableFeedbackPolicy":"https:\/\/talkpal.ai\/actionable-feedback-policy\/","correctionsPolicy":"https:\/\/talkpal.ai\/corrections-policy\/","ethicsPolicy":"https:\/\/talkpal.ai\/ethics-policy\/","diversityPolicy":"https:\/\/talkpal.ai\/diversity-policy\/","diversityStaffingReport":"https:\/\/talkpal.ai\/diversity-policy\/"}]}},"_links":{"self":[{"href":"https:\/\/talkpal.ai\/es\/wp-json\/wp\/v2\/pages\/45095","targetHints":{"allow":["GET"]}}],"collection":[{"href":"https:\/\/talkpal.ai\/es\/wp-json\/wp\/v2\/pages"}],"about":[{"href":"https:\/\/talkpal.ai\/es\/wp-json\/wp\/v2\/types\/page"}],"author":[{"embeddable":true,"href":"https:\/\/talkpal.ai\/es\/wp-json\/wp\/v2\/users\/1"}],"replies":[{"embeddable":true,"href":"https:\/\/talkpal.ai\/es\/wp-json\/wp\/v2\/comments?post=45095"}],"version-history":[{"count":0,"href":"https:\/\/talkpal.ai\/es\/wp-json\/wp\/v2\/pages\/45095\/revisions"}],"wp:featuredmedia":[{"embeddable":true,"href":"https:\/\/talkpal.ai\/es\/wp-json\/wp\/v2\/media\/56836"}],"wp:attachment":[{"href":"https:\/\/talkpal.ai\/es\/wp-json\/wp\/v2\/media?parent=45095"}],"curies":[{"name":"wp","href":"https:\/\/api.w.org\/{rel}","templated":true}]}}