{"id":45081,"date":"2023-05-14T14:00:39","date_gmt":"2023-05-14T14:00:39","guid":{"rendered":"http:\/\/talkpal.ai\/gramatica-bulgara\/"},"modified":"2025-05-22T14:37:36","modified_gmt":"2025-05-22T14:37:36","slug":"gramatica-bulgara","status":"publish","type":"page","link":"https:\/\/talkpal.ai\/es\/gramatica-bulgara\/","title":{"rendered":"Gram\u00e1tica b\u00falgara"},"content":{"rendered":"\r\n\r\n\r\n<section class=\"languageChallengeSection\">\r\n    <div class=\"languageInfoWrapper\">\r\n        \r\n        <h1>Gram\u00e1tica b\u00falgara<\/h1>\r\n        <p>Explora las caracter\u00edsticas \u00fanicas de la <a href=\"https:\/\/talkpal.ai\/bulgarian-grammar\/\">gram\u00e1tica b\u00falgara<\/a> y adquiere las herramientas para comunicarte con confianza en esta vibrante lengua eslava. Si comprendes sus reglas b\u00e1sicas, mejorar\u00e1s tu capacidad para conectar con hablantes nativos y profundizar\u00e1s en el rico patrimonio b\u00falgaro. \u00a1Comienza hoy tu viaje por la gram\u00e1tica b\u00falgara y da el primer paso hacia el dominio de la lengua!<\/p>\r\n\r\n                            <a class=\"getStartedHidden\" href=\"https:\/\/app.talkpal.ai\/es-es\/signup?lng=\">Comenzar<\/a>\r\n        \r\n    <\/div>\r\n\r\n    <figure>\r\n    <img decoding=\"async\" width=\"768\" height=\"768\" src=\"https:\/\/talkpal.ai\/wp-content\/uploads\/2023\/06\/bulgarian-768x768.png\" class=\"languageImage no-lazy\" alt=\"Default alt text\" fetchpriority=\"high\" sizes=\"(max-width: 768px) 150px, 768px\" srcset=\"https:\/\/talkpal.ai\/wp-content\/uploads\/2023\/06\/bulgarian-768x768.png 768w, https:\/\/talkpal.ai\/wp-content\/uploads\/2023\/06\/bulgarian-300x300.png 300w\" \/>\r\n    \r\n\r\n    <\/figure>\r\n\r\n            <a class=\"getStartedVisible\" href=\"https:\/\/app.talkpal.ai\/es-es\/signup?lng=\">Comenzar<\/a>\r\n    \r\n<\/section>\r\n        <section class=\"grammarSection\">\r\n            <div class=\"grammarLinks\">\r\n                <a href=\"https:\/\/talkpal.ai\/es\/language\/adjetivos-gramatica-bulgara\/\">Adjetivos <\/a><a href=\"https:\/\/talkpal.ai\/es\/language\/adverbios-gramatica-bulgara\/\">Adverbios <\/a><a href=\"https:\/\/talkpal.ai\/es\/language\/articulos-gramatica-bulgara\/\">Art\u00edculos <\/a><a href=\"https:\/\/talkpal.ai\/es\/language\/comparacion-de-tiempos-gramatica-bulgara\/\">Comparaci\u00f3n de tiempos <\/a><a href=\"https:\/\/talkpal.ai\/es\/language\/condicionales-gramatica-bulgara\/\">Condicionales <\/a><a href=\"https:\/\/talkpal.ai\/es\/language\/oraciones-gramatica-bulgara\/\">Oraciones <\/a><a href=\"https:\/\/talkpal.ai\/es\/language\/perfecto-progresivo-gramatica-bulgara\/\">Perfecto Progresivo <\/a><a href=\"https:\/\/talkpal.ai\/es\/language\/preposiciones-gramatica-bulgara\/\">Preposiciones <\/a><a href=\"https:\/\/talkpal.ai\/es\/language\/progresivo-gramatica-bulgara\/\">Progresivo <\/a><a href=\"https:\/\/talkpal.ai\/es\/language\/pronombres-determinantes-gramatica-bulgara\/\">Pronombres\/Determinantes <\/a><a href=\"https:\/\/talkpal.ai\/es\/language\/sustantivos-gramatica-bulgara\/\">Sustantivos <\/a><a href=\"https:\/\/talkpal.ai\/es\/language\/tiempos-verbales-gramatica-bulgara\/\">Tiempos verbales <\/a><a href=\"https:\/\/talkpal.ai\/es\/language\/verbos-gramatica-bulgara\/\">Verbos <\/a>            <\/div>\r\n        <\/section>\r\n    <section class=\"promotionalBanner\">\r\n    <p class=\"promotionalText\">La forma m\u00e1s eficiente de aprender un idioma<\/p>\r\n    <a class=\"promotionalLink\" href=\"https:\/\/app.talkpal.ai\/es-es\/signup?lng=\">Prueba Talkpal gratis<\/a>\r\n<\/section>\n<div class=\"wp-block-group pageContainerStyle\"><div class=\"wp-block-group__inner-container is-layout-constrained wp-block-group-is-layout-constrained\">\n<h2 class=\"wp-block-heading\" id=\"h-the-ultimate-guide-to-bulgarian-grammar-navigating-the-intricacies-of-a-rich-language\">La gu\u00eda definitiva de la gram\u00e1tica b\u00falgara: navegando por las complejidades de un idioma rico<\/h2>\n\n\n\n<p>La gram\u00e1tica b\u00falgara, <a href=\"https:\/\/talkpal.ai\/locations\/language-courses-in-como\/\">como<\/a> el idioma en s\u00ed, es una mezcla fascinante de simplicidad, complejidad y rica historia cultural. <a href=\"https:\/\/talkpal.ai\/locations\/language-courses-in-como\/\">Como<\/a> una de las lenguas eslavas m\u00e1s antiguas, el b\u00falgaro ofrece emociones ling\u00fc\u00edsticas a los <a href=\"https:\/\/talkpal.ai\/talkpal-discount-for-students\/\">estudiantes<\/a> y desaf\u00eda incluso a los hablantes m\u00e1s competentes. En esta gu\u00eda, exploraremos los principios clave de la gram\u00e1tica b\u00falgara, desmitificaremos sus complejidades y te ayudaremos en tu viaje hacia el dominio de esta hermosa lengua. \u00a1Vamos a sumergirnos!<\/p>\n\n\n\n<h2 class=\"wp-block-heading\" id=\"h-the-nuts-and-bolts-bulgarian-sentence-structure\">Las tuercas y tornillos: estructura de oraciones b\u00falgaras<\/h2>\n\n\n\n<p>En esencia, la gram\u00e1tica b\u00falgara es bastante sencilla. El lenguaje sigue la estructura de oraciones Sujeto-Verbo-Objeto (SVO), similar al <a href=\"https:\/\/talkpal.ai\/es\/locations\/aprende-ingles-en-orange\/\">ingl\u00e9s<\/a> y muchos otros idiomas. Por ejemplo, la frase \u00abMe como una manzana\u00bb se traduce por \u00ab\u0410\u0437 \u044f\u043c \u044f\u0431\u044a\u043b\u043a\u0430\u00bb (Az yam yabalka). Simple, \u00bfverdad? <a href=\"https:\/\/talkpal.ai\/culture\/how-do-i-use-the-expression-sin-embargo\/\">Sin embargo<\/a>, a medida que profundicemos, descubrir\u00e1s que la gram\u00e1tica b\u00falgara est\u00e1 llena de sorpresas y caracter\u00edsticas \u00fanicas.<\/p>\n\n\n\n<h3 class=\"wp-block-heading\" id=\"h-meet-the-family-bulgarian-nouns-and-their-genders\">Conoce a la familia: sustantivos b\u00falgaros y sus g\u00e9neros<\/h3>\n\n\n\n<p>Uno de los aspectos m\u00e1s desconcertantes de la gram\u00e1tica b\u00falgara para los angloparlantes es la noci\u00f3n de g\u00e9nero gramatical. En b\u00falgaro, cada sustantivo se asigna a uno de los tres g\u00e9neros: masculino, femenino y neutro. Es esencial reconocer el g\u00e9nero de un sustantivo, ya que influye en la forma de los adjetivos y pronombres, y en la conjugaci\u00f3n de los verbos que le siguen.<\/p>\n\n\n\n<p>Entonces, \u00bfc\u00f3mo se determina el g\u00e9nero de un sustantivo? En general, se trata del final:<\/p>\n\n\n\n<p><strong>&#8211; Los sustantivos masculinos suelen acabar en consonante.<\/strong><\/p>\n\n\n\n<p><strong>&#8211; Los sustantivos femeninos suelen terminar en -\u0430 (-a) o -\u044f (-ya).<\/strong><\/p>\n\n\n\n<p><strong>&#8211; Los sustantivos neutros suelen terminar en -\u043e (-o) o -\u0435 (-\u0435).<\/strong><\/p>\n\n\n\n<p>Por ejemplo, \u00ab\u043c\u044a\u0436\u00bb (mazh) significa \u00abhombre\u00bb y es masculino, \u00ab\u0436\u0435\u043d\u0430\u00bb (zhena) significa \u00abmujer\u00bb y es femenino, y \u00ab\u0434\u0435\u0442\u0435\u00bb (dete) significa \u00abni\u00f1o\u00bb y es neutro.<\/p>\n\n\n\n<p>Por supuesto, hay excepciones, por eso es esencial aprender los sustantivos junto con sus g\u00e9neros.<\/p>\n\n\n\n<h3 class=\"wp-block-heading\" id=\"h-playing-with-numbers-bulgarian-plurals\">Jugando con n\u00fameros: plurales b\u00falgaros<\/h3>\n\n\n\n<p>Una vez que domines el g\u00e9nero de los sustantivos b\u00falgaros, es hora de ocuparse de sus plurales. En general, los plurales se forman a\u00f1adiendo <a href=\"https:\/\/talkpal.ai\/zh-hans\/grammar_exercises\/terminaciones-%e8%a5%bf%e7%8f%ad%e7%89%99%e8%af%ad%e6%b3%95%e7%bb%83%e4%b9%a0\/\">terminaciones<\/a> espec\u00edficas que corresponden al g\u00e9nero del sustantivo:<\/p>\n\n\n\n<p><strong>&#8211; Los sustantivos masculinos cambian la \u00faltima consonante por -\u0438 (-i) o a\u00f1aden -\u043e\u0432\u0435 (-ove).<\/strong><\/p>\n\n\n\n<p><strong>&#8211; Los sustantivos femeninos sustituyen -\u0430 o -\u044f por -\u0438 o -\u0435.<\/strong><\/p>\n\n\n\n<p><strong>&#8211; Los sustantivos neutros sustituyen -\u043e o -\u0435 por -\u0430.<\/strong><\/p>\n\n\n\n<p>Por ejemplo, \u00ab\u0443\u0447\u0435\u043d\u0438\u043a\u00bb (uchenik, masculino) se convierte en \u00ab\u0443\u0447\u0435\u043d\u0438\u0446\u0438\u00bb (uchenici, estudiantes) y \u00ab\u043a\u043d\u0438\u0433\u0430\u00bb (kniga, femenino) se convierte en \u00ab\u043a\u043d\u0438\u0433\u0438\u00bb (knigi, libros).<\/p>\n\n\n\n<p>Esta regla tiene excepciones, as\u00ed que est\u00e9 atento a los plurales irregulares y ampl\u00ede su vocabulario en consecuencia.<\/p>\n\n\n\n<h3 class=\"wp-block-heading\" id=\"h-the-art-of-conjugation-bulgarian-verbs\">El arte de la conjugaci\u00f3n: verbos b\u00falgaros<\/h3>\n\n\n\n<p>Los verbos b\u00falgaros pueden ser intimidantes debido a su gran cantidad de tiempos, estados de \u00e1nimo y conjugaciones. Sin embargo, la clave para descifrarlos es reconocer patrones y practicar regularmente.<\/p>\n\n\n\n<p>En b\u00falgaro, los verbos se dividen en tres grupos basados en su terminaci\u00f3n infinitiva, -\u0430 (-a), -\u0435 (-\u0435) o -\u0438 (-i). Cada grupo tiene sus reglas de conjugaci\u00f3n espec\u00edficas. Por ejemplo, tomemos el verbo \u00ab\u043f\u0438\u0448\u0430\u00bb (pisha, \u00abescribir\u00bb):<\/p>\n\n\n\n<p><strong>Tiempo presente: \u0410\u0437 \u043f\u0438\u0448\u0430 (Az pisha, \u00abYo escribo\u00bb)<\/strong><\/p>\n\n\n\n<p><strong>Tiempo pasado: \u0410\u0437 \u043f\u0438\u0441\u0430\u0445 (Az pisah, \u00abEscrib\u00ed\u00bb)<\/strong><\/p>\n\n\n\n<p><strong>Tiempo futuro: \u0410\u0437 \u0449\u0435 \u043f\u0438\u0448\u0430 (Az shte pisha, \u00abEscribir\u00e9\u00bb)<\/strong><\/p>\n\n\n\n<p>Como puede ver, los finales cambian seg\u00fan el tiempo. \u00a1Y esto ni siquiera ara\u00f1a la superficie de la conjugaci\u00f3n de los verbos b\u00falgaros! Sin embargo, no dejes que te abrume. Con pr\u00e1ctica y paciencia, empezar\u00e1s a reconocer los patrones y conquistar\u00e1s este reto.<\/p>\n\n\n\n<h3 class=\"wp-block-heading\" id=\"h-the-finishing-touches-bulgarian-adjectives-adverbs-and-more\">Los toques finales: adjetivos b\u00falgaros, adverbios y m\u00e1s<\/h3>\n\n\n\n<p>Cuando se trata de adjetivos y adverbios b\u00falgaros, juegan un papel crucial para agregar profundidad y complejidad a su discurso. Los adjetivos deben concordar con los sustantivos a los que modifican en cuanto al g\u00e9nero, y normalmente encontrar\u00e1s 3 formas: masculino, femenino y neutro.<\/p>\n\n\n\n<p>Por ejemplo, \u00ab\u0434\u043e\u0431\u044a\u0440\u00bb (dobur) significa \u00abbueno\u00bb y aparece como \u00ab\u0434\u043e\u0431\u044a\u0440 \u043c\u044a\u0436\u00bb (dobur mazh, \u00abhombre bueno\u00bb), \u00ab\u0434\u043e\u0431\u0440\u0430 \u0436\u0435\u043d\u0430\u00bb (dobra zhena, \u00abmujer buena\u00bb) y \u00ab\u0434\u043e\u0431\u0440\u043e \u0434\u0435\u0442\u0435\u00bb (dobro dete, \u00abni\u00f1o bueno\u00bb). Los adverbios siguen patrones similares, a menudo derivados de adjetivos.<\/p>\n\n\n\n<p>En conclusi\u00f3n, las complejidades y peculiaridades de la gram\u00e1tica b\u00falgara, aunque complejas, confieren a la lengua su cautivadora belleza y car\u00e1cter. Con una combinaci\u00f3n de persistencia, curiosidad y aplicaci\u00f3n pr\u00e1ctica, pronto navegar\u00e1s por la gram\u00e1tica b\u00falgara con facilidad y confianza. \u00a1Feliz aprendizaje!<\/p>\n<\/div><\/div>\n\r\n<section class=\"learnNavigationSection\">\r\n            \r\n        <a href=\"https:\/\/talkpal.ai\/es\/aprender-bulgaro\/\">\r\n            <div class=\"learnNavigationWrapper\">\r\n                <div class=\"learnNavigationContent\">\r\n                    <img decoding=\"async\" src=\"https:\/\/talkpal.ai\/wp-content\/uploads\/2024\/08\/Bulgarian.jpg\" alt=\"Bulgarian Flag\">\r\n                    <div>\r\n                        <h4>Sobre el aprendizaje del b\u00falgaro<\/h4>\r\n                        <p>Descubra todo sobre la gram\u00e1tica b\u00falgara.<\/p>\r\n                    <\/div>\r\n                <\/div>\r\n            <\/div>\r\n        <\/a>\r\n\r\n        \r\n        <a href=\"https:\/\/talkpal.ai\/es\/ejercicios-de-gramatica-bulgara\/\">\r\n            <div class=\"learnNavigationWrapper\">\r\n                <div class=\"learnNavigationContent\">\r\n                    <img decoding=\"async\" src=\"https:\/\/talkpal.ai\/wp-content\/uploads\/2024\/08\/Bulgarian.jpg\" alt=\"Bulgarian Flag\">\r\n                    <div>\r\n                        <h4>Ejercicio de gram\u00e1tica b\u00falgara<\/h4>\r\n                        <p>Practica la gram\u00e1tica b\u00falgara .<\/p>\r\n                    <\/div>\r\n                <\/div>\r\n            <\/div>\r\n        <\/a>\r\n\r\n        \r\n        <a href=\"https:\/\/talkpal.ai\/vocabulary_language\/bulgarian\/\">\r\n            <div class=\"learnNavigationWrapper\">\r\n                <div class=\"learnNavigationContent\">\r\n                    <img decoding=\"async\" src=\"https:\/\/talkpal.ai\/wp-content\/uploads\/2024\/08\/Bulgarian.jpg\" alt=\"Bulgarian Flag\">\r\n                    <div>\r\n                        <h4>Vocabulario b\u00falgaro<\/h4>\r\n                        <p>Ampl\u00eda tu vocabulario b\u00falgaro.<\/p>\r\n                    <\/div>\r\n                <\/div>\r\n            <\/div>\r\n        <\/a>\r\n\r\n            <\/section>","protected":false},"excerpt":{"rendered":"<p>La gu\u00eda definitiva de la gram\u00e1tica b\u00falgara: navegando por las complejidades de un idioma rico La gram\u00e1tica b\u00falgara, como el idioma en s\u00ed, es una mezcla fascinante de simplicidad, complejidad y rica historia cultural. Como una de las lenguas eslavas m\u00e1s antiguas, el b\u00falgaro ofrece emociones ling\u00fc\u00edsticas a los estudiantes y desaf\u00eda incluso a los [&hellip;]<\/p>\n","protected":false},"author":1,"featured_media":28228,"parent":0,"menu_order":0,"comment_status":"closed","ping_status":"closed","template":"LearningContentPage.php","meta":{"_acf_changed":false,"footnotes":""},"class_list":["post-45081","page","type-page","status-publish","has-post-thumbnail","hentry"],"acf":[],"yoast_head":"<!-- This site is optimized with the Yoast SEO Premium plugin v27.2 (Yoast SEO v27.2) - https:\/\/yoast.com\/product\/yoast-seo-premium-wordpress\/ -->\n<title>Gram\u00e1tica b\u00falgara - Talkpal<\/title>\n<meta name=\"description\" content=\"Explora lo esencial de la gram\u00e1tica b\u00falgara para mejorar la comprensi\u00f3n de la lengua y la capacidad de comunicaci\u00f3n.\" \/>\n<meta name=\"robots\" content=\"index, follow, max-snippet:-1, max-image-preview:large, max-video-preview:-1\" \/>\n<link rel=\"canonical\" href=\"https:\/\/talkpal.ai\/es\/gramatica-bulgara\/\" \/>\n<meta property=\"og:locale\" content=\"es_ES\" \/>\n<meta property=\"og:type\" content=\"article\" \/>\n<meta property=\"og:title\" content=\"Gram\u00e1tica b\u00falgara\" \/>\n<meta property=\"og:description\" content=\"La gu\u00eda definitiva de la gram\u00e1tica b\u00falgara: navegando por las complejidades de un idioma rico La gram\u00e1tica b\u00falgara, como el idioma en s\u00ed, es una mezcla\" \/>\n<meta property=\"og:url\" content=\"https:\/\/talkpal.ai\/es\/gramatica-bulgara\/\" \/>\n<meta property=\"og:site_name\" content=\"Talkpal\" \/>\n<meta property=\"article:publisher\" content=\"https:\/\/www.facebook.com\/profile.php?id=100090733639311\" \/>\n<meta property=\"article:modified_time\" content=\"2025-05-22T14:37:36+00:00\" \/>\n<meta property=\"og:image\" content=\"https:\/\/talkpal.ai\/wp-content\/uploads\/2023\/05\/bulgaria.png\" \/>\n\t<meta property=\"og:image:width\" content=\"512\" \/>\n\t<meta property=\"og:image:height\" content=\"512\" \/>\n\t<meta property=\"og:image:type\" content=\"image\/png\" \/>\n<meta name=\"twitter:card\" content=\"summary_large_image\" \/>\n<meta name=\"twitter:site\" content=\"@talkpalai\" \/>\n<meta name=\"twitter:label1\" content=\"Tiempo de lectura\" \/>\n\t<meta name=\"twitter:data1\" content=\"4 minutos\" \/>\n<script type=\"application\/ld+json\" class=\"yoast-schema-graph\">{\"@context\":\"https:\/\/schema.org\",\"@graph\":[{\"@type\":\"WebPage\",\"@id\":\"https:\/\/talkpal.ai\/es\/gramatica-bulgara\/\",\"url\":\"https:\/\/talkpal.ai\/es\/gramatica-bulgara\/\",\"name\":\"Gram\u00e1tica b\u00falgara - Talkpal\",\"isPartOf\":{\"@id\":\"https:\/\/talkpal.ai\/es\/#website\"},\"primaryImageOfPage\":{\"@id\":\"https:\/\/talkpal.ai\/es\/gramatica-bulgara\/#primaryimage\"},\"image\":{\"@id\":\"https:\/\/talkpal.ai\/es\/gramatica-bulgara\/#primaryimage\"},\"thumbnailUrl\":\"https:\/\/talkpal.ai\/wp-content\/uploads\/2023\/05\/bulgaria.png\",\"datePublished\":\"2023-05-14T14:00:39+00:00\",\"dateModified\":\"2025-05-22T14:37:36+00:00\",\"description\":\"Explora lo esencial de la gram\u00e1tica b\u00falgara para mejorar la comprensi\u00f3n de la lengua y la capacidad de comunicaci\u00f3n.\",\"breadcrumb\":{\"@id\":\"https:\/\/talkpal.ai\/es\/gramatica-bulgara\/#breadcrumb\"},\"inLanguage\":\"es\",\"potentialAction\":[{\"@type\":\"ReadAction\",\"target\":[\"https:\/\/talkpal.ai\/es\/gramatica-bulgara\/\"]}]},{\"@type\":\"ImageObject\",\"inLanguage\":\"es\",\"@id\":\"https:\/\/talkpal.ai\/es\/gramatica-bulgara\/#primaryimage\",\"url\":\"https:\/\/talkpal.ai\/wp-content\/uploads\/2023\/05\/bulgaria.png\",\"contentUrl\":\"https:\/\/talkpal.ai\/wp-content\/uploads\/2023\/05\/bulgaria.png\",\"width\":512,\"height\":512},{\"@type\":\"BreadcrumbList\",\"@id\":\"https:\/\/talkpal.ai\/es\/gramatica-bulgara\/#breadcrumb\",\"itemListElement\":[{\"@type\":\"ListItem\",\"position\":1,\"name\":\"Homepage\",\"item\":\"https:\/\/talkpal.ai\/es\/\"},{\"@type\":\"ListItem\",\"position\":2,\"name\":\"Gram\u00e1tica b\u00falgara\"}]},{\"@type\":\"WebSite\",\"@id\":\"https:\/\/talkpal.ai\/es\/#website\",\"url\":\"https:\/\/talkpal.ai\/es\/\",\"name\":\"Talkpal\",\"description\":\"AI Language Learning\",\"publisher\":{\"@id\":\"https:\/\/talkpal.ai\/es\/#organization\"},\"alternateName\":\"Talkpal AI\",\"potentialAction\":[{\"@type\":\"SearchAction\",\"target\":{\"@type\":\"EntryPoint\",\"urlTemplate\":\"https:\/\/talkpal.ai\/es\/?s={search_term_string}\"},\"query-input\":{\"@type\":\"PropertyValueSpecification\",\"valueRequired\":true,\"valueName\":\"search_term_string\"}}],\"inLanguage\":\"es\"},{\"@type\":\"Organization\",\"@id\":\"https:\/\/talkpal.ai\/es\/#organization\",\"name\":\"Talkpal, Inc.\",\"alternateName\":\"Talkpal AI\",\"url\":\"https:\/\/talkpal.ai\/es\/\",\"logo\":{\"@type\":\"ImageObject\",\"inLanguage\":\"es\",\"@id\":\"https:\/\/talkpal.ai\/es\/#\/schema\/logo\/image\/\",\"url\":\"https:\/\/talkpal.ai\/wp-content\/uploads\/2024\/03\/Talkpal-Logo-Icon.png\",\"contentUrl\":\"https:\/\/talkpal.ai\/wp-content\/uploads\/2024\/03\/Talkpal-Logo-Icon.png\",\"width\":2880,\"height\":2880,\"caption\":\"Talkpal, Inc.\"},\"image\":{\"@id\":\"https:\/\/talkpal.ai\/es\/#\/schema\/logo\/image\/\"},\"sameAs\":[\"https:\/\/www.facebook.com\/profile.php?id=100090733639311\",\"https:\/\/x.com\/talkpalai\",\"https:\/\/www.linkedin.com\/company\/talkpal\/\",\"https:\/\/www.youtube.com\/@TalkPal\/\",\"https:\/\/www.tiktok.com\/@talkpal\",\"https:\/\/www.instagram.com\/talkpal_ai\/\",\"https:\/\/www.crunchbase.com\/organization\/talkpal-9cde\",\"https:\/\/www.g2.com\/products\/talkpal-for-business\/\",\"https:\/\/www.trustpilot.com\/review\/talkpal.ai\",\"https:\/\/www.capterra.com\/p\/10006800\/TalkPal\/\"],\"description\":\"Talkpal is a language learning web and mobile education app, powered by the latest AI technologies, that provides engaging experiences to its customers in many different languages to help them improve their language skills. Users can chat about unlimited amount of topics with the app and use other modes to practice their language learning.\",\"email\":\"support@talkpal.ai\",\"legalName\":\"Talkpal, Inc.\",\"foundingDate\":\"2023-04-03\",\"duns\":\"118989042\",\"numberOfEmployees\":{\"@type\":\"QuantitativeValue\",\"minValue\":\"11\",\"maxValue\":\"50\"},\"publishingPrinciples\":\"https:\/\/talkpal.ai\/publishing-principles\/\",\"actionableFeedbackPolicy\":\"https:\/\/talkpal.ai\/actionable-feedback-policy\/\",\"correctionsPolicy\":\"https:\/\/talkpal.ai\/corrections-policy\/\",\"ethicsPolicy\":\"https:\/\/talkpal.ai\/ethics-policy\/\",\"diversityPolicy\":\"https:\/\/talkpal.ai\/diversity-policy\/\",\"diversityStaffingReport\":\"https:\/\/talkpal.ai\/diversity-policy\/\"}]}<\/script>\n<!-- \/ Yoast SEO Premium plugin. -->","yoast_head_json":{"title":"Gram\u00e1tica b\u00falgara - Talkpal","description":"Explora lo esencial de la gram\u00e1tica b\u00falgara para mejorar la comprensi\u00f3n de la lengua y la capacidad de comunicaci\u00f3n.","robots":{"index":"index","follow":"follow","max-snippet":"max-snippet:-1","max-image-preview":"max-image-preview:large","max-video-preview":"max-video-preview:-1"},"canonical":"https:\/\/talkpal.ai\/es\/gramatica-bulgara\/","og_locale":"es_ES","og_type":"article","og_title":"Gram\u00e1tica b\u00falgara","og_description":"La gu\u00eda definitiva de la gram\u00e1tica b\u00falgara: navegando por las complejidades de un idioma rico La gram\u00e1tica b\u00falgara, como el idioma en s\u00ed, es una mezcla","og_url":"https:\/\/talkpal.ai\/es\/gramatica-bulgara\/","og_site_name":"Talkpal","article_publisher":"https:\/\/www.facebook.com\/profile.php?id=100090733639311","article_modified_time":"2025-05-22T14:37:36+00:00","og_image":[{"width":512,"height":512,"url":"https:\/\/talkpal.ai\/wp-content\/uploads\/2023\/05\/bulgaria.png","type":"image\/png"}],"twitter_card":"summary_large_image","twitter_site":"@talkpalai","twitter_misc":{"Tiempo de lectura":"4 minutos"},"schema":{"@context":"https:\/\/schema.org","@graph":[{"@type":"WebPage","@id":"https:\/\/talkpal.ai\/es\/gramatica-bulgara\/","url":"https:\/\/talkpal.ai\/es\/gramatica-bulgara\/","name":"Gram\u00e1tica b\u00falgara - Talkpal","isPartOf":{"@id":"https:\/\/talkpal.ai\/es\/#website"},"primaryImageOfPage":{"@id":"https:\/\/talkpal.ai\/es\/gramatica-bulgara\/#primaryimage"},"image":{"@id":"https:\/\/talkpal.ai\/es\/gramatica-bulgara\/#primaryimage"},"thumbnailUrl":"https:\/\/talkpal.ai\/wp-content\/uploads\/2023\/05\/bulgaria.png","datePublished":"2023-05-14T14:00:39+00:00","dateModified":"2025-05-22T14:37:36+00:00","description":"Explora lo esencial de la gram\u00e1tica b\u00falgara para mejorar la comprensi\u00f3n de la lengua y la capacidad de comunicaci\u00f3n.","breadcrumb":{"@id":"https:\/\/talkpal.ai\/es\/gramatica-bulgara\/#breadcrumb"},"inLanguage":"es","potentialAction":[{"@type":"ReadAction","target":["https:\/\/talkpal.ai\/es\/gramatica-bulgara\/"]}]},{"@type":"ImageObject","inLanguage":"es","@id":"https:\/\/talkpal.ai\/es\/gramatica-bulgara\/#primaryimage","url":"https:\/\/talkpal.ai\/wp-content\/uploads\/2023\/05\/bulgaria.png","contentUrl":"https:\/\/talkpal.ai\/wp-content\/uploads\/2023\/05\/bulgaria.png","width":512,"height":512},{"@type":"BreadcrumbList","@id":"https:\/\/talkpal.ai\/es\/gramatica-bulgara\/#breadcrumb","itemListElement":[{"@type":"ListItem","position":1,"name":"Homepage","item":"https:\/\/talkpal.ai\/es\/"},{"@type":"ListItem","position":2,"name":"Gram\u00e1tica b\u00falgara"}]},{"@type":"WebSite","@id":"https:\/\/talkpal.ai\/es\/#website","url":"https:\/\/talkpal.ai\/es\/","name":"Talkpal","description":"AI Language Learning","publisher":{"@id":"https:\/\/talkpal.ai\/es\/#organization"},"alternateName":"Talkpal AI","potentialAction":[{"@type":"SearchAction","target":{"@type":"EntryPoint","urlTemplate":"https:\/\/talkpal.ai\/es\/?s={search_term_string}"},"query-input":{"@type":"PropertyValueSpecification","valueRequired":true,"valueName":"search_term_string"}}],"inLanguage":"es"},{"@type":"Organization","@id":"https:\/\/talkpal.ai\/es\/#organization","name":"Talkpal, Inc.","alternateName":"Talkpal AI","url":"https:\/\/talkpal.ai\/es\/","logo":{"@type":"ImageObject","inLanguage":"es","@id":"https:\/\/talkpal.ai\/es\/#\/schema\/logo\/image\/","url":"https:\/\/talkpal.ai\/wp-content\/uploads\/2024\/03\/Talkpal-Logo-Icon.png","contentUrl":"https:\/\/talkpal.ai\/wp-content\/uploads\/2024\/03\/Talkpal-Logo-Icon.png","width":2880,"height":2880,"caption":"Talkpal, Inc."},"image":{"@id":"https:\/\/talkpal.ai\/es\/#\/schema\/logo\/image\/"},"sameAs":["https:\/\/www.facebook.com\/profile.php?id=100090733639311","https:\/\/x.com\/talkpalai","https:\/\/www.linkedin.com\/company\/talkpal\/","https:\/\/www.youtube.com\/@TalkPal\/","https:\/\/www.tiktok.com\/@talkpal","https:\/\/www.instagram.com\/talkpal_ai\/","https:\/\/www.crunchbase.com\/organization\/talkpal-9cde","https:\/\/www.g2.com\/products\/talkpal-for-business\/","https:\/\/www.trustpilot.com\/review\/talkpal.ai","https:\/\/www.capterra.com\/p\/10006800\/TalkPal\/"],"description":"Talkpal is a language learning web and mobile education app, powered by the latest AI technologies, that provides engaging experiences to its customers in many different languages to help them improve their language skills. Users can chat about unlimited amount of topics with the app and use other modes to practice their language learning.","email":"support@talkpal.ai","legalName":"Talkpal, Inc.","foundingDate":"2023-04-03","duns":"118989042","numberOfEmployees":{"@type":"QuantitativeValue","minValue":"11","maxValue":"50"},"publishingPrinciples":"https:\/\/talkpal.ai\/publishing-principles\/","actionableFeedbackPolicy":"https:\/\/talkpal.ai\/actionable-feedback-policy\/","correctionsPolicy":"https:\/\/talkpal.ai\/corrections-policy\/","ethicsPolicy":"https:\/\/talkpal.ai\/ethics-policy\/","diversityPolicy":"https:\/\/talkpal.ai\/diversity-policy\/","diversityStaffingReport":"https:\/\/talkpal.ai\/diversity-policy\/"}]}},"_links":{"self":[{"href":"https:\/\/talkpal.ai\/es\/wp-json\/wp\/v2\/pages\/45081","targetHints":{"allow":["GET"]}}],"collection":[{"href":"https:\/\/talkpal.ai\/es\/wp-json\/wp\/v2\/pages"}],"about":[{"href":"https:\/\/talkpal.ai\/es\/wp-json\/wp\/v2\/types\/page"}],"author":[{"embeddable":true,"href":"https:\/\/talkpal.ai\/es\/wp-json\/wp\/v2\/users\/1"}],"replies":[{"embeddable":true,"href":"https:\/\/talkpal.ai\/es\/wp-json\/wp\/v2\/comments?post=45081"}],"version-history":[{"count":0,"href":"https:\/\/talkpal.ai\/es\/wp-json\/wp\/v2\/pages\/45081\/revisions"}],"wp:featuredmedia":[{"embeddable":true,"href":"https:\/\/talkpal.ai\/es\/wp-json\/wp\/v2\/media\/28228"}],"wp:attachment":[{"href":"https:\/\/talkpal.ai\/es\/wp-json\/wp\/v2\/media?parent=45081"}],"curies":[{"name":"wp","href":"https:\/\/api.w.org\/{rel}","templated":true}]}}