{"id":45079,"date":"2023-05-14T14:01:53","date_gmt":"2023-05-14T14:01:53","guid":{"rendered":"http:\/\/talkpal.ai\/gramatica-estonia\/"},"modified":"2025-12-13T15:19:25","modified_gmt":"2025-12-13T15:19:25","slug":"gramatica-estonia","status":"publish","type":"page","link":"https:\/\/talkpal.ai\/es\/gramatica-estonia\/","title":{"rendered":"Gram\u00e1tica estonia"},"content":{"rendered":"\r\n\r\n\r\n<section class=\"languageChallengeSection\">\r\n    <div class=\"languageInfoWrapper\">\r\n        \r\n        <h1>Gram\u00e1tica estonia<\/h1>\r\n        <p>\u00bfEst\u00e1s pensando en aprender <a href=\"https:\/\/talkpal.ai\/learn-estonian\/\">estonio<\/a>? Ad\u00e9ntrate en el mundo de la <a href=\"https:\/\/talkpal.ai\/estonian-grammar\/\">gram\u00e1tica estonia<\/a>, donde la aglutinaci\u00f3n, la armon\u00eda voc\u00e1lica y una amplia gama de casos sustantivos crean una experiencia ling\u00fc\u00edstica verdaderamente distintiva. Empieza a explorar hoy mismo: \u00a1el dominio de la gram\u00e1tica <a href=\"https:\/\/talkpal.ai\/locations\/language-courses-in-estonia\/\">estonia<\/a> no s\u00f3lo aumentar\u00e1 tu fluidez, sino que tambi\u00e9n te conectar\u00e1 con la rica cultura e historia de <a href=\"https:\/\/talkpal.ai\/locations\/language-courses-in-estonia\/\">Estonia<\/a>!<\/p>\r\n\r\n                            <a class=\"getStartedHidden\" href=\"https:\/\/app.talkpal.ai\/es-es\/signup?lng=\">Comenzar<\/a>\r\n        \r\n    <\/div>\r\n\r\n    <figure>\r\n    <img decoding=\"async\" width=\"768\" height=\"768\" src=\"https:\/\/talkpal.ai\/wp-content\/uploads\/2023\/06\/Estonian-768x768.png\" class=\"languageImage no-lazy\" alt=\"Default alt text\" fetchpriority=\"high\" sizes=\"(max-width: 768px) 150px, 768px\" srcset=\"https:\/\/talkpal.ai\/wp-content\/uploads\/2023\/06\/Estonian-768x768.png 768w, https:\/\/talkpal.ai\/wp-content\/uploads\/2023\/06\/Estonian-300x300.png 300w\" \/>\r\n    \r\n\r\n    <\/figure>\r\n\r\n            <a class=\"getStartedVisible\" href=\"https:\/\/app.talkpal.ai\/es-es\/signup?lng=\">Comenzar<\/a>\r\n    \r\n<\/section>\r\n        <section class=\"grammarSection\">\r\n            <div class=\"grammarLinks\">\r\n                <a href=\"https:\/\/talkpal.ai\/es\/language\/adjetivos-gramatica-estonia\/\">Adjetivos <\/a><a href=\"https:\/\/talkpal.ai\/es\/language\/adverbios-gramatica-estonia\/\">Adverbios <\/a><a href=\"https:\/\/talkpal.ai\/es\/language\/articulos-gramatica-estonia\/\">Art\u00edculos <\/a><a href=\"https:\/\/talkpal.ai\/es\/language\/comparacion-de-tiempos-gramatica-estonia\/\">Comparaci\u00f3n de tiempos <\/a><a href=\"https:\/\/talkpal.ai\/es\/language\/condicionales-gramatica-estonia\/\">Condicionales <\/a><a href=\"https:\/\/talkpal.ai\/es\/language\/oraciones-gramatica-estonia\/\">Oraciones <\/a><a href=\"https:\/\/talkpal.ai\/es\/language\/perfecto-progresivo-gramatica-estonia\/\">Perfecto Progresivo <\/a><a href=\"https:\/\/talkpal.ai\/es\/language\/preposiciones-gramatica-estonia\/\">Preposiciones <\/a><a href=\"https:\/\/talkpal.ai\/es\/language\/progresivo-gramatica-estonia\/\">Progresivo <\/a><a href=\"https:\/\/talkpal.ai\/es\/language\/pronombres-determinantes-gramatica-estonia\/\">Pronombres\/Determinantes <\/a><a href=\"https:\/\/talkpal.ai\/es\/language\/sustantivos-gramatica-estonia\/\">Sustantivos <\/a><a href=\"https:\/\/talkpal.ai\/es\/language\/tiempos-verbales-gramatica-estonia\/\">Tiempos verbales <\/a><a href=\"https:\/\/talkpal.ai\/es\/language\/verbos-gramatica-estonia\/\">Verbos <\/a>            <\/div>\r\n        <\/section>\r\n    <section class=\"promotionalBanner\">\r\n    <p class=\"promotionalText\">La forma m\u00e1s eficiente de aprender un idioma<\/p>\r\n    <a class=\"promotionalLink\" href=\"https:\/\/app.talkpal.ai\/es-es\/signup?lng=\">Prueba Talkpal gratis<\/a>\r\n<\/section>\n<div class=\"wp-block-group pageContainerStyle\"><div class=\"wp-block-group__inner-container is-layout-constrained wp-block-group-is-layout-constrained\">\n<h2 class=\"wp-block-heading\" id=\"h-estonian-grammar-the-gateway-to-a-unique-language-journey\">Gram\u00e1tica estonia: la puerta de entrada a un viaje ling\u00fc\u00edstico \u00fanico<\/h2>\n\n\n\n<p>\u00a1Bienvenido al fascinante mundo de Estonia! Con m\u00e1s de un mill\u00f3n de hablantes nativos, el estonio le ofrece una oportunidad \u00fanica para ampliar sus horizontes ling\u00fc\u00edsticos y descubrir una cultura vibrante. Aunque las complejidades de la <a href=\"https:\/\/talkpal.ai\/estonian-grammar\/\">gram\u00e1tica estonia<\/a> pueden parecer desalentadoras a primera <a href=\"https:\/\/talkpal.ai\/locations\/language-courses-in-vista\/\">vista<\/a>, esta amigable gu\u00eda para principiantes est\u00e1 aqu\u00ed para desglosar los fundamentos de la gram\u00e1tica estonia de forma sencilla y atractiva.<\/p>\n\n\n\n<h3 class=\"wp-block-heading\" id=\"h-1-embracing-the-estonian-alphabet\">1. Abrazar el alfabeto estonio<\/h3>\n\n\n\n<p>El viaje para dominar el estonio comienza con su alfabeto. El estonio utiliza el alfabeto latino, complementado con nueve caracteres especiales: \u00c4, \u00d6, \u00dc, \u00d5, \u0160, \u017d y sus contrapartes min\u00fasculas. Familiarizarse con estos personajes crear\u00e1 una base s\u00f3lida para su experiencia de aprendizaje en estonio.<\/p>\n\n\n\n<h3 class=\"wp-block-heading\" id=\"h-2-getting-a-grip-on-estonian-nouns\">2. Controlar los sustantivos estonios<\/h3>\n\n\n\n<p>A diferencia de muchos idiomas europeos, el estonio no diferencia entre g\u00e9neros masculinos y femeninos. <a href=\"https:\/\/talkpal.ai\/culture\/how-do-i-use-the-expression-en-cambio\/\">En cambio<\/a>, los sustantivos se clasifican <a href=\"https:\/\/talkpal.ai\/locations\/language-courses-in-como\/\">como<\/a> singulares o plurales, y cada sustantivo tiene 14 casos. Aunque esto pueda parecer abrumador, es esencial comprender que la estructura morfol\u00f3gica de los sustantivos es bastante regular, <a href=\"https:\/\/talkpal.ai\/culture\/how-do-i-use-lo-que-in-a-sentence\/\">lo que<\/a> facilita su aprendizaje. Para empezar, conc\u00e9ntrese en dominar los casos m\u00e1s comunes: Nominativo, Genitivo y Partitivo.<\/p>\n\n\n\n<h3 class=\"wp-block-heading\" id=\"h-3-conquering-estonian-verb-conjugation\">3. Conquistar la conjugaci\u00f3n verbal estonia<\/h3>\n\n\n\n<p>Los verbos estonios se conjugan en funci\u00f3n del tiempo, la persona y el n\u00famero. Solo hay tres tiempos: presente, pasado (codificado por el participio pasado) y futuro (expresado por la forma de tiempo presente del verbo, combinado con un auxiliar futuro).<\/p>\n\n\n\n<p>Por ejemplo, aqu\u00ed tienes conjugaciones para el verbo \u00ablugema\u00bb (leer):<\/p>\n\n\n\n<p><strong>&#8211; Presente: Ma loen (Yo leo)<\/strong><\/p>\n\n\n\n<p><strong>&#8211; Pasado: Ma lugesin (Leo\/He le\u00eddo)<\/strong><\/p>\n\n\n\n<p><strong>&#8211; Futuro: Ma loen raamatuid (Leer\u00e9 libros)<\/strong><\/p>\n\n\n\n<h3 class=\"wp-block-heading\" id=\"h-4-unraveling-the-mystery-of-estonian-pronouns\">4. Desentra\u00f1ando el misterio de los pronombres estonios<\/h3>\n\n\n\n<p>Los pronombres en estonio sirven para reemplazar a los sustantivos y hacer que el habla sea m\u00e1s suave y din\u00e1mica. Conc\u00e9ntrese en aprender los pronombres personales y posesivos:<\/p>\n\n\n\n<p><strong>&#8211; Pronombres personales: mina (yo), sina (t\u00fa, informal), tema (\u00e9l\/ella), meie (nosotros), teie (vosotros, plural\/formal), nemad (ellos)<\/strong><\/p>\n\n\n\n<p><strong>&#8211; Pronombres posesivos: minu (mi), sinu (tu, informal), tema (su), meie (nuestro), teie (vuestro, plural\/formal), nende (su)<\/strong><\/p>\n\n\n\n<h3 class=\"wp-block-heading\" id=\"h-5-no-articles-no-problem\">5. \u00a1No hay art\u00edculos, no hay problema!<\/h3>\n\n\n\n<p>El estonio no utiliza art\u00edculos definidos o indefinidos, lo que le permite dar un suspiro de alivio. Por ejemplo:<\/p>\n\n\n\n<p><strong>&#8211; Koer &#8211; \u00abperro\u00bb o \u00abun perro\u00bb<\/strong><\/p>\n\n\n\n<p><strong>&#8211; Maja &#8211; \u00abcasa\u00bb o \u00abuna casa\u00bb<\/strong><\/p>\n\n\n\n<p>Dominar la gram\u00e1tica estonia es un proceso emocionante y enriquecedor, que abre las puertas a una rica experiencia cultural. Recuerde que la pr\u00e1ctica es clave, as\u00ed que sum\u00e9rjase en la gram\u00e1tica estonia, interact\u00fae con hablantes nativos y construya una base s\u00f3lida para su viaje ling\u00fc\u00edstico. \u00a1Edu! (\u00a1Buena suerte!)<\/p>\n<\/div><\/div>\n\r\n<section class=\"learnNavigationSection\">\r\n            \r\n        <a href=\"https:\/\/talkpal.ai\/es\/aprender-estonio\/\">\r\n            <div class=\"learnNavigationWrapper\">\r\n                <div class=\"learnNavigationContent\">\r\n                    <img decoding=\"async\" src=\"https:\/\/talkpal.ai\/wp-content\/uploads\/2024\/08\/Estonian.jpg\" alt=\"Estonian Flag\">\r\n                    <div>\r\n                        <h4>Sobre el aprendizaje del estonio<\/h4>\r\n                        <p>Descubra todo sobre la gram\u00e1tica estonia.<\/p>\r\n                    <\/div>\r\n                <\/div>\r\n            <\/div>\r\n        <\/a>\r\n\r\n        \r\n        <a href=\"https:\/\/talkpal.ai\/es\/ejercicios-de-gramatica-estonia\/\">\r\n            <div class=\"learnNavigationWrapper\">\r\n                <div class=\"learnNavigationContent\">\r\n                    <img decoding=\"async\" src=\"https:\/\/talkpal.ai\/wp-content\/uploads\/2024\/08\/Estonian.jpg\" alt=\"Estonian Flag\">\r\n                    <div>\r\n                        <h4>Ejercicio de gram\u00e1tica estonia<\/h4>\r\n                        <p>Practica la gram\u00e1tica estonia.<\/p>\r\n                    <\/div>\r\n                <\/div>\r\n            <\/div>\r\n        <\/a>\r\n\r\n        \r\n        <a href=\"https:\/\/talkpal.ai\/vocabulary_language\/estonian\/\">\r\n            <div class=\"learnNavigationWrapper\">\r\n                <div class=\"learnNavigationContent\">\r\n                    <img decoding=\"async\" src=\"https:\/\/talkpal.ai\/wp-content\/uploads\/2024\/08\/Estonian.jpg\" alt=\"Estonian Flag\">\r\n                    <div>\r\n                        <h4>Vocabulario estonio<\/h4>\r\n                        <p>Ampl\u00eda tu vocabulario estonio.<\/p>\r\n                    <\/div>\r\n                <\/div>\r\n            <\/div>\r\n        <\/a>\r\n\r\n            <\/section>","protected":false},"excerpt":{"rendered":"<p>Gram\u00e1tica estonia: la puerta de entrada a un viaje ling\u00fc\u00edstico \u00fanico \u00a1Bienvenido al fascinante mundo de Estonia! Con m\u00e1s de un mill\u00f3n de hablantes nativos, el estonio le ofrece una oportunidad \u00fanica para ampliar sus horizontes ling\u00fc\u00edsticos y descubrir una cultura vibrante. Aunque las complejidades de la gram\u00e1tica estonia pueden parecer desalentadoras a primera vista, [&hellip;]<\/p>\n","protected":false},"author":1,"featured_media":28308,"parent":0,"menu_order":0,"comment_status":"closed","ping_status":"closed","template":"LearningContentPage.php","meta":{"_acf_changed":false,"footnotes":""},"class_list":["post-45079","page","type-page","status-publish","has-post-thumbnail","hentry"],"acf":[],"yoast_head":"<!-- This site is optimized with the Yoast SEO Premium plugin v27.2 (Yoast SEO v27.2) - https:\/\/yoast.com\/product\/yoast-seo-premium-wordpress\/ -->\n<title>Gram\u00e1tica estonia - Talkpal<\/title>\n<meta name=\"description\" content=\"Explora conceptos esenciales de la gram\u00e1tica estonia, como casos, verbos, estructura de las frases, pronunciaci\u00f3n y consejos.\" \/>\n<meta name=\"robots\" content=\"index, follow, max-snippet:-1, max-image-preview:large, max-video-preview:-1\" \/>\n<link rel=\"canonical\" href=\"https:\/\/talkpal.ai\/es\/gramatica-estonia\/\" \/>\n<meta property=\"og:locale\" content=\"es_ES\" \/>\n<meta property=\"og:type\" content=\"article\" \/>\n<meta property=\"og:title\" content=\"Gram\u00e1tica estonia\" \/>\n<meta property=\"og:description\" content=\"Gram\u00e1tica estonia: la puerta de entrada a un viaje ling\u00fc\u00edstico \u00fanico \u00a1Bienvenido al fascinante mundo de Estonia! Con m\u00e1s de un mill\u00f3n de hablantes\" \/>\n<meta property=\"og:url\" content=\"https:\/\/talkpal.ai\/es\/gramatica-estonia\/\" \/>\n<meta property=\"og:site_name\" content=\"Talkpal\" \/>\n<meta property=\"article:publisher\" content=\"https:\/\/www.facebook.com\/profile.php?id=100090733639311\" \/>\n<meta property=\"article:modified_time\" content=\"2025-12-13T15:19:25+00:00\" \/>\n<meta property=\"og:image\" content=\"https:\/\/talkpal.ai\/wp-content\/uploads\/2023\/05\/estonia.png\" \/>\n\t<meta property=\"og:image:width\" content=\"512\" \/>\n\t<meta property=\"og:image:height\" content=\"512\" \/>\n\t<meta property=\"og:image:type\" content=\"image\/png\" \/>\n<meta name=\"twitter:card\" content=\"summary_large_image\" \/>\n<meta name=\"twitter:site\" content=\"@talkpalai\" \/>\n<meta name=\"twitter:label1\" content=\"Tiempo de lectura\" \/>\n\t<meta name=\"twitter:data1\" content=\"2 minutos\" \/>\n<script type=\"application\/ld+json\" class=\"yoast-schema-graph\">{\"@context\":\"https:\/\/schema.org\",\"@graph\":[{\"@type\":\"WebPage\",\"@id\":\"https:\/\/talkpal.ai\/es\/gramatica-estonia\/\",\"url\":\"https:\/\/talkpal.ai\/es\/gramatica-estonia\/\",\"name\":\"Gram\u00e1tica estonia - Talkpal\",\"isPartOf\":{\"@id\":\"https:\/\/talkpal.ai\/es\/#website\"},\"primaryImageOfPage\":{\"@id\":\"https:\/\/talkpal.ai\/es\/gramatica-estonia\/#primaryimage\"},\"image\":{\"@id\":\"https:\/\/talkpal.ai\/es\/gramatica-estonia\/#primaryimage\"},\"thumbnailUrl\":\"https:\/\/talkpal.ai\/wp-content\/uploads\/2023\/05\/estonia.png\",\"datePublished\":\"2023-05-14T14:01:53+00:00\",\"dateModified\":\"2025-12-13T15:19:25+00:00\",\"description\":\"Explora conceptos esenciales de la gram\u00e1tica estonia, como casos, verbos, estructura de las frases, pronunciaci\u00f3n y consejos.\",\"breadcrumb\":{\"@id\":\"https:\/\/talkpal.ai\/es\/gramatica-estonia\/#breadcrumb\"},\"inLanguage\":\"es\",\"potentialAction\":[{\"@type\":\"ReadAction\",\"target\":[\"https:\/\/talkpal.ai\/es\/gramatica-estonia\/\"]}]},{\"@type\":\"ImageObject\",\"inLanguage\":\"es\",\"@id\":\"https:\/\/talkpal.ai\/es\/gramatica-estonia\/#primaryimage\",\"url\":\"https:\/\/talkpal.ai\/wp-content\/uploads\/2023\/05\/estonia.png\",\"contentUrl\":\"https:\/\/talkpal.ai\/wp-content\/uploads\/2023\/05\/estonia.png\",\"width\":512,\"height\":512},{\"@type\":\"BreadcrumbList\",\"@id\":\"https:\/\/talkpal.ai\/es\/gramatica-estonia\/#breadcrumb\",\"itemListElement\":[{\"@type\":\"ListItem\",\"position\":1,\"name\":\"Homepage\",\"item\":\"https:\/\/talkpal.ai\/es\/\"},{\"@type\":\"ListItem\",\"position\":2,\"name\":\"Gram\u00e1tica estonia\"}]},{\"@type\":\"WebSite\",\"@id\":\"https:\/\/talkpal.ai\/es\/#website\",\"url\":\"https:\/\/talkpal.ai\/es\/\",\"name\":\"Talkpal\",\"description\":\"AI Language Learning\",\"publisher\":{\"@id\":\"https:\/\/talkpal.ai\/es\/#organization\"},\"alternateName\":\"Talkpal AI\",\"potentialAction\":[{\"@type\":\"SearchAction\",\"target\":{\"@type\":\"EntryPoint\",\"urlTemplate\":\"https:\/\/talkpal.ai\/es\/?s={search_term_string}\"},\"query-input\":{\"@type\":\"PropertyValueSpecification\",\"valueRequired\":true,\"valueName\":\"search_term_string\"}}],\"inLanguage\":\"es\"},{\"@type\":\"Organization\",\"@id\":\"https:\/\/talkpal.ai\/es\/#organization\",\"name\":\"Talkpal, Inc.\",\"alternateName\":\"Talkpal AI\",\"url\":\"https:\/\/talkpal.ai\/es\/\",\"logo\":{\"@type\":\"ImageObject\",\"inLanguage\":\"es\",\"@id\":\"https:\/\/talkpal.ai\/es\/#\/schema\/logo\/image\/\",\"url\":\"https:\/\/talkpal.ai\/wp-content\/uploads\/2024\/03\/Talkpal-Logo-Icon.png\",\"contentUrl\":\"https:\/\/talkpal.ai\/wp-content\/uploads\/2024\/03\/Talkpal-Logo-Icon.png\",\"width\":2880,\"height\":2880,\"caption\":\"Talkpal, Inc.\"},\"image\":{\"@id\":\"https:\/\/talkpal.ai\/es\/#\/schema\/logo\/image\/\"},\"sameAs\":[\"https:\/\/www.facebook.com\/profile.php?id=100090733639311\",\"https:\/\/x.com\/talkpalai\",\"https:\/\/www.linkedin.com\/company\/talkpal\/\",\"https:\/\/www.youtube.com\/@TalkPal\/\",\"https:\/\/www.tiktok.com\/@talkpal\",\"https:\/\/www.instagram.com\/talkpal_ai\/\",\"https:\/\/www.crunchbase.com\/organization\/talkpal-9cde\",\"https:\/\/www.g2.com\/products\/talkpal-for-business\/\",\"https:\/\/www.trustpilot.com\/review\/talkpal.ai\",\"https:\/\/www.capterra.com\/p\/10006800\/TalkPal\/\"],\"description\":\"Talkpal is a language learning web and mobile education app, powered by the latest AI technologies, that provides engaging experiences to its customers in many different languages to help them improve their language skills. Users can chat about unlimited amount of topics with the app and use other modes to practice their language learning.\",\"email\":\"support@talkpal.ai\",\"legalName\":\"Talkpal, Inc.\",\"foundingDate\":\"2023-04-03\",\"duns\":\"118989042\",\"numberOfEmployees\":{\"@type\":\"QuantitativeValue\",\"minValue\":\"11\",\"maxValue\":\"50\"},\"publishingPrinciples\":\"https:\/\/talkpal.ai\/publishing-principles\/\",\"actionableFeedbackPolicy\":\"https:\/\/talkpal.ai\/actionable-feedback-policy\/\",\"correctionsPolicy\":\"https:\/\/talkpal.ai\/corrections-policy\/\",\"ethicsPolicy\":\"https:\/\/talkpal.ai\/ethics-policy\/\",\"diversityPolicy\":\"https:\/\/talkpal.ai\/diversity-policy\/\",\"diversityStaffingReport\":\"https:\/\/talkpal.ai\/diversity-policy\/\"}]}<\/script>\n<!-- \/ Yoast SEO Premium plugin. -->","yoast_head_json":{"title":"Gram\u00e1tica estonia - Talkpal","description":"Explora conceptos esenciales de la gram\u00e1tica estonia, como casos, verbos, estructura de las frases, pronunciaci\u00f3n y consejos.","robots":{"index":"index","follow":"follow","max-snippet":"max-snippet:-1","max-image-preview":"max-image-preview:large","max-video-preview":"max-video-preview:-1"},"canonical":"https:\/\/talkpal.ai\/es\/gramatica-estonia\/","og_locale":"es_ES","og_type":"article","og_title":"Gram\u00e1tica estonia","og_description":"Gram\u00e1tica estonia: la puerta de entrada a un viaje ling\u00fc\u00edstico \u00fanico \u00a1Bienvenido al fascinante mundo de Estonia! Con m\u00e1s de un mill\u00f3n de hablantes","og_url":"https:\/\/talkpal.ai\/es\/gramatica-estonia\/","og_site_name":"Talkpal","article_publisher":"https:\/\/www.facebook.com\/profile.php?id=100090733639311","article_modified_time":"2025-12-13T15:19:25+00:00","og_image":[{"width":512,"height":512,"url":"https:\/\/talkpal.ai\/wp-content\/uploads\/2023\/05\/estonia.png","type":"image\/png"}],"twitter_card":"summary_large_image","twitter_site":"@talkpalai","twitter_misc":{"Tiempo de lectura":"2 minutos"},"schema":{"@context":"https:\/\/schema.org","@graph":[{"@type":"WebPage","@id":"https:\/\/talkpal.ai\/es\/gramatica-estonia\/","url":"https:\/\/talkpal.ai\/es\/gramatica-estonia\/","name":"Gram\u00e1tica estonia - Talkpal","isPartOf":{"@id":"https:\/\/talkpal.ai\/es\/#website"},"primaryImageOfPage":{"@id":"https:\/\/talkpal.ai\/es\/gramatica-estonia\/#primaryimage"},"image":{"@id":"https:\/\/talkpal.ai\/es\/gramatica-estonia\/#primaryimage"},"thumbnailUrl":"https:\/\/talkpal.ai\/wp-content\/uploads\/2023\/05\/estonia.png","datePublished":"2023-05-14T14:01:53+00:00","dateModified":"2025-12-13T15:19:25+00:00","description":"Explora conceptos esenciales de la gram\u00e1tica estonia, como casos, verbos, estructura de las frases, pronunciaci\u00f3n y consejos.","breadcrumb":{"@id":"https:\/\/talkpal.ai\/es\/gramatica-estonia\/#breadcrumb"},"inLanguage":"es","potentialAction":[{"@type":"ReadAction","target":["https:\/\/talkpal.ai\/es\/gramatica-estonia\/"]}]},{"@type":"ImageObject","inLanguage":"es","@id":"https:\/\/talkpal.ai\/es\/gramatica-estonia\/#primaryimage","url":"https:\/\/talkpal.ai\/wp-content\/uploads\/2023\/05\/estonia.png","contentUrl":"https:\/\/talkpal.ai\/wp-content\/uploads\/2023\/05\/estonia.png","width":512,"height":512},{"@type":"BreadcrumbList","@id":"https:\/\/talkpal.ai\/es\/gramatica-estonia\/#breadcrumb","itemListElement":[{"@type":"ListItem","position":1,"name":"Homepage","item":"https:\/\/talkpal.ai\/es\/"},{"@type":"ListItem","position":2,"name":"Gram\u00e1tica estonia"}]},{"@type":"WebSite","@id":"https:\/\/talkpal.ai\/es\/#website","url":"https:\/\/talkpal.ai\/es\/","name":"Talkpal","description":"AI Language Learning","publisher":{"@id":"https:\/\/talkpal.ai\/es\/#organization"},"alternateName":"Talkpal AI","potentialAction":[{"@type":"SearchAction","target":{"@type":"EntryPoint","urlTemplate":"https:\/\/talkpal.ai\/es\/?s={search_term_string}"},"query-input":{"@type":"PropertyValueSpecification","valueRequired":true,"valueName":"search_term_string"}}],"inLanguage":"es"},{"@type":"Organization","@id":"https:\/\/talkpal.ai\/es\/#organization","name":"Talkpal, Inc.","alternateName":"Talkpal AI","url":"https:\/\/talkpal.ai\/es\/","logo":{"@type":"ImageObject","inLanguage":"es","@id":"https:\/\/talkpal.ai\/es\/#\/schema\/logo\/image\/","url":"https:\/\/talkpal.ai\/wp-content\/uploads\/2024\/03\/Talkpal-Logo-Icon.png","contentUrl":"https:\/\/talkpal.ai\/wp-content\/uploads\/2024\/03\/Talkpal-Logo-Icon.png","width":2880,"height":2880,"caption":"Talkpal, Inc."},"image":{"@id":"https:\/\/talkpal.ai\/es\/#\/schema\/logo\/image\/"},"sameAs":["https:\/\/www.facebook.com\/profile.php?id=100090733639311","https:\/\/x.com\/talkpalai","https:\/\/www.linkedin.com\/company\/talkpal\/","https:\/\/www.youtube.com\/@TalkPal\/","https:\/\/www.tiktok.com\/@talkpal","https:\/\/www.instagram.com\/talkpal_ai\/","https:\/\/www.crunchbase.com\/organization\/talkpal-9cde","https:\/\/www.g2.com\/products\/talkpal-for-business\/","https:\/\/www.trustpilot.com\/review\/talkpal.ai","https:\/\/www.capterra.com\/p\/10006800\/TalkPal\/"],"description":"Talkpal is a language learning web and mobile education app, powered by the latest AI technologies, that provides engaging experiences to its customers in many different languages to help them improve their language skills. Users can chat about unlimited amount of topics with the app and use other modes to practice their language learning.","email":"support@talkpal.ai","legalName":"Talkpal, Inc.","foundingDate":"2023-04-03","duns":"118989042","numberOfEmployees":{"@type":"QuantitativeValue","minValue":"11","maxValue":"50"},"publishingPrinciples":"https:\/\/talkpal.ai\/publishing-principles\/","actionableFeedbackPolicy":"https:\/\/talkpal.ai\/actionable-feedback-policy\/","correctionsPolicy":"https:\/\/talkpal.ai\/corrections-policy\/","ethicsPolicy":"https:\/\/talkpal.ai\/ethics-policy\/","diversityPolicy":"https:\/\/talkpal.ai\/diversity-policy\/","diversityStaffingReport":"https:\/\/talkpal.ai\/diversity-policy\/"}]}},"_links":{"self":[{"href":"https:\/\/talkpal.ai\/es\/wp-json\/wp\/v2\/pages\/45079","targetHints":{"allow":["GET"]}}],"collection":[{"href":"https:\/\/talkpal.ai\/es\/wp-json\/wp\/v2\/pages"}],"about":[{"href":"https:\/\/talkpal.ai\/es\/wp-json\/wp\/v2\/types\/page"}],"author":[{"embeddable":true,"href":"https:\/\/talkpal.ai\/es\/wp-json\/wp\/v2\/users\/1"}],"replies":[{"embeddable":true,"href":"https:\/\/talkpal.ai\/es\/wp-json\/wp\/v2\/comments?post=45079"}],"version-history":[{"count":0,"href":"https:\/\/talkpal.ai\/es\/wp-json\/wp\/v2\/pages\/45079\/revisions"}],"wp:featuredmedia":[{"embeddable":true,"href":"https:\/\/talkpal.ai\/es\/wp-json\/wp\/v2\/media\/28308"}],"wp:attachment":[{"href":"https:\/\/talkpal.ai\/es\/wp-json\/wp\/v2\/media?parent=45079"}],"curies":[{"name":"wp","href":"https:\/\/api.w.org\/{rel}","templated":true}]}}