{"id":45066,"date":"2023-05-14T14:03:23","date_gmt":"2023-05-14T14:03:23","guid":{"rendered":"http:\/\/talkpal.ai\/gramatica-danesa\/"},"modified":"2025-12-13T15:25:27","modified_gmt":"2025-12-13T15:25:27","slug":"gramatica-danesa","status":"publish","type":"page","link":"https:\/\/talkpal.ai\/es\/gramatica-danesa\/","title":{"rendered":"Gram\u00e1tica danesa"},"content":{"rendered":"\r\n\r\n\r\n<section class=\"languageChallengeSection\">\r\n    <div class=\"languageInfoWrapper\">\r\n        \r\n        <h1>Gram\u00e1tica danesa<\/h1>\r\n        <p>Descubre lo esencial de la <a href=\"https:\/\/talkpal.ai\/danish-grammar\/\">gram\u00e1tica danesa<\/a> y empieza a comunicarte con confianza en esta encantadora lengua escandinava. Al dominar las reglas y estructuras b\u00e1sicas, adquirir\u00e1s las habilidades necesarias para relacionarte con hablantes de <a href=\"https:\/\/talkpal.ai\/learn-danish\/\">dan\u00e9s<\/a> y experimentar su rica cultura de primera mano. \u00a1Empieza a <a href=\"https:\/\/talkpal.ai\/fr\/grammaire\/\">aprender gram\u00e1tica<\/a> danesa hoy mismo y da tu primer paso hacia la fluidez!\n\n<\/p>\r\n\r\n                            <a class=\"getStartedHidden\" href=\"https:\/\/app.talkpal.ai\/es-es\/signup?lng=\">Comenzar<\/a>\r\n        \r\n    <\/div>\r\n\r\n    <figure>\r\n    <img decoding=\"async\" width=\"768\" height=\"768\" src=\"https:\/\/talkpal.ai\/wp-content\/uploads\/2023\/06\/danish-768x768.png\" class=\"languageImage no-lazy\" alt=\"Default alt text\" fetchpriority=\"high\" sizes=\"(max-width: 768px) 150px, 768px\" srcset=\"https:\/\/talkpal.ai\/wp-content\/uploads\/2023\/06\/danish-768x768.png 768w, https:\/\/talkpal.ai\/wp-content\/uploads\/2023\/06\/danish-300x300.png 300w\" \/>\r\n    \r\n\r\n    <\/figure>\r\n\r\n            <a class=\"getStartedVisible\" href=\"https:\/\/app.talkpal.ai\/es-es\/signup?lng=\">Comenzar<\/a>\r\n    \r\n<\/section>\r\n        <section class=\"grammarSection\">\r\n            <div class=\"grammarLinks\">\r\n                <a href=\"https:\/\/talkpal.ai\/es\/language\/adjetivos-gramatica-danesa\/\">Adjetivos <\/a><a href=\"https:\/\/talkpal.ai\/es\/language\/adverbios-gramatica-danesa\/\">Adverbios <\/a><a href=\"https:\/\/talkpal.ai\/es\/language\/articulos-gramatica-danesa\/\">Art\u00edculos <\/a><a href=\"https:\/\/talkpal.ai\/es\/language\/comparacion-de-tiempos-gramatica-danesa\/\">Comparaci\u00f3n de tiempos <\/a><a href=\"https:\/\/talkpal.ai\/es\/language\/condicionales-gramatica-danesa\/\">Condicionales <\/a><a href=\"https:\/\/talkpal.ai\/es\/language\/oraciones-gramatica-danesa\/\">Oraciones <\/a><a href=\"https:\/\/talkpal.ai\/es\/language\/perfecto-progresivo-gramatica-danesa\/\">Perfecto Progresivo <\/a><a href=\"https:\/\/talkpal.ai\/es\/language\/preposiciones-gramatica-danesa\/\">Preposiciones <\/a><a href=\"https:\/\/talkpal.ai\/es\/language\/progresivo-gramatica-danesa\/\">Progresivo <\/a><a href=\"https:\/\/talkpal.ai\/es\/language\/pronombres-determinantes-gramatica-danesa\/\">Pronombres\/Determinantes <\/a><a href=\"https:\/\/talkpal.ai\/es\/language\/sustantivos-gramatica-danesa\/\">Sustantivos <\/a><a href=\"https:\/\/talkpal.ai\/es\/language\/tiempos-verbales-gramatica-danesa\/\">Tiempos verbales <\/a><a href=\"https:\/\/talkpal.ai\/es\/language\/verbos-gramatica-danesa\/\">Verbos <\/a>            <\/div>\r\n        <\/section>\r\n    <section class=\"promotionalBanner\">\r\n    <p class=\"promotionalText\">La forma m\u00e1s eficiente de aprender un idioma<\/p>\r\n    <a class=\"promotionalLink\" href=\"https:\/\/app.talkpal.ai\/es-es\/signup?lng=\">Prueba Talkpal gratis<\/a>\r\n<\/section>\n<div class=\"wp-block-group pageContainerStyle\"><div class=\"wp-block-group__inner-container is-layout-constrained wp-block-group-is-layout-constrained\">\n<h2 class=\"wp-block-heading\" id=\"h-delving-into-the-depths-of-danish-grammar-unraveling-its-idiosyncrasies-and-charm\">Ahondando en las profundidades de la gram\u00e1tica danesa: desentra\u00f1ando su idiosincrasia y encanto<\/h2>\n\n\n\n<p>\u00bfRecuerdas el momento en que aprender gram\u00e1tica inglesa parec\u00eda una batalla cuesta arriba con su pl\u00e9tora de reglas, excepciones y terminolog\u00eda intrincada? Si ahora te has propuesto aprender la lengua danesa, prep\u00e1rate para otro apasionante viaje a trav\u00e9s de las complejidades y <a href=\"https:\/\/talkpal.ai\/locations\/language-courses-in-delicias\/\">delicias<\/a> de la gram\u00e1tica danesa.<\/p>\n\n\n\n<p>El dan\u00e9s, una lengua germ\u00e1nica del norte, comparte similitudes con lenguas <a href=\"https:\/\/talkpal.ai\/locations\/language-courses-in-como\/\">como<\/a> el <a href=\"https:\/\/talkpal.ai\/learn-norwegian\/\">noruego<\/a> y el <a href=\"https:\/\/talkpal.ai\/learn-swedish\/\">sueco<\/a>. <a href=\"https:\/\/talkpal.ai\/culture\/how-do-i-use-the-expression-sin-embargo\/\">Sin embargo<\/a>, tiene sus propias caracter\u00edsticas \u00fanicas que lo convierten en una joya que vale la pena explorar en profundidad. Empecemos por desentra\u00f1ar las maravillas de la gram\u00e1tica danesa, regla por regla.<\/p>\n\n\n\n<p><strong>Una caracter\u00edstica sorprendente de la gram\u00e1tica danesa<\/strong> es su simplicidad cuando se trata del orden de las palabras. El dan\u00e9s sigue la estructura sujeto-verbo-objeto (SVO), como el ingl\u00e9s, por lo que es relativamente f\u00e1cil de comprender para los angloparlantes. Sin embargo, hay un giro: el uso del orden de palabras V2 en las cl\u00e1usulas principales, lo que significa que el verbo debe ser siempre el segundo elemento. Esta regla a\u00f1ade un toque de singularidad al idioma dan\u00e9s.<\/p>\n\n\n\n<p>Otro aspecto entra\u00f1able de la gram\u00e1tica danesa es su <strong>sistema de dos g\u00e9neros<\/strong>. Mientras que algunos idiomas como el franc\u00e9s o el espa\u00f1ol consisten en g\u00e9neros separados para masculino y femenino, el dan\u00e9s simplifica esto mediante el uso de dos g\u00e9neros principales: com\u00fan y neutro. En dan\u00e9s, la mayor\u00eda de los sustantivos pertenecen a la categor\u00eda \u00abcom\u00fan\u00bb, lo que hace que la concordancia de g\u00e9nero con adjetivos y art\u00edculos sea relativamente f\u00e1cil de entender.<\/p>\n\n\n\n<p>Ad\u00e9ntrate en el \u00e1mbito de la <strong>conjugaci\u00f3n verbal<\/strong> y encontrar\u00e1s que el dan\u00e9s eclipsa a otros idiomas en cuanto a simplicidad. Los verbos daneses no cambian seg\u00fan el tema, por lo que es muy f\u00e1cil memorizar y comprender diferentes formas. Los verbos regulares siguen patrones predecibles, e incluso los verbos irregulares plantean pocos desaf\u00edos ya que sus irregularidades son muy sutiles.<\/p>\n\n\n\n<p>La gram\u00e1tica danesa ofrece una caracter\u00edstica \u00fanica con su <strong>uso de indefinidos, art\u00edculos y demostrativos<\/strong>. El art\u00edculo indefinido equivale a \u00aba\u00bb o \u00aban\u00bb en espa\u00f1ol, y en dan\u00e9s puede ser \u00aben\u00bb para el g\u00e9nero com\u00fan o \u00abet\u00bb para los sustantivos neutros. El art\u00edculo definido, similar a \u00abel\u00bb en espa\u00f1ol, se une al final del propio sustantivo, fusion\u00e1ndose para convertirse en una sola palabra. Los demostrativos, que indican sustantivos espec\u00edficos, tambi\u00e9n cambian seg\u00fan el g\u00e9nero del sustantivo, agregando un nivel de especificidad y encanto.<\/p>\n\n\n\n<p>No olvidemos la belleza de la <strong>pronunciaci\u00f3n danesa<\/strong>, que requiere familiaridad con sus caracter\u00edsticos sonidos voc\u00e1licos y consonantes suavizadas. El uso de st\u00f8d (una parada glotal) lo distingue a\u00fan m\u00e1s de otras lenguas germ\u00e1nicas, dando al dan\u00e9s su sonido y encanto \u00fanicos.<\/p>\n\n\n\n<p>Al sumergirte en la gram\u00e1tica danesa, no s\u00f3lo aprender\u00e1s una nueva lengua, sino que tambi\u00e9n enriquecer\u00e1s ampliamente tus conocimientos culturales y tu comprensi\u00f3n de Dinamarca y sus gentes. Aunque desafiante a veces, la gram\u00e1tica danesa ofrece una experiencia de aprendizaje \u00fanica que abre la puerta a innumerables encantos e idiosincrasias que la convierten en un idioma irresistible para explorar. Por lo tanto, \u00a1toma tus libros de idiomas y emb\u00e1rcate en una aventura de gram\u00e1tica danesa que promete cautivarte e inspirarte a cada paso!<\/p>\n<\/div><\/div>\n\r\n<section class=\"learnNavigationSection\">\r\n            \r\n        <a href=\"https:\/\/talkpal.ai\/es\/aprender-danes\/\">\r\n            <div class=\"learnNavigationWrapper\">\r\n                <div class=\"learnNavigationContent\">\r\n                    <img decoding=\"async\" src=\"https:\/\/talkpal.ai\/wp-content\/uploads\/2024\/08\/Danish.jpg\" alt=\"Danish Flag\">\r\n                    <div>\r\n                        <h4>Sobre el aprendizaje dan\u00e9s<\/h4>\r\n                        <p>Desc\u00fabrelo todo sobre la gram\u00e1tica danesa.<\/p>\r\n                    <\/div>\r\n                <\/div>\r\n            <\/div>\r\n        <\/a>\r\n\r\n        \r\n        <a href=\"https:\/\/talkpal.ai\/es\/ejercicios-de-gramatica-danesa\/\">\r\n            <div class=\"learnNavigationWrapper\">\r\n                <div class=\"learnNavigationContent\">\r\n                    <img decoding=\"async\" src=\"https:\/\/talkpal.ai\/wp-content\/uploads\/2024\/08\/Danish.jpg\" alt=\"Danish Flag\">\r\n                    <div>\r\n                        <h4>Ejercicio de gram\u00e1tica danesa<\/h4>\r\n                        <p>Practicar la gram\u00e1tica danesa.<\/p>\r\n                    <\/div>\r\n                <\/div>\r\n            <\/div>\r\n        <\/a>\r\n\r\n        \r\n        <a href=\"https:\/\/talkpal.ai\/vocabulary_language\/danish\/\">\r\n            <div class=\"learnNavigationWrapper\">\r\n                <div class=\"learnNavigationContent\">\r\n                    <img decoding=\"async\" src=\"https:\/\/talkpal.ai\/wp-content\/uploads\/2024\/08\/Danish.jpg\" alt=\"Danish Flag\">\r\n                    <div>\r\n                        <h4>Vocabulario dan\u00e9s<\/h4>\r\n                        <p>Ampl\u00eda tu vocabulario de dan\u00e9s.<\/p>\r\n                    <\/div>\r\n                <\/div>\r\n            <\/div>\r\n        <\/a>\r\n\r\n            <\/section>","protected":false},"excerpt":{"rendered":"<p>Ahondando en las profundidades de la gram\u00e1tica danesa: desentra\u00f1ando su idiosincrasia y encanto \u00bfRecuerdas el momento en que aprender gram\u00e1tica inglesa parec\u00eda una batalla cuesta arriba con su pl\u00e9tora de reglas, excepciones y terminolog\u00eda intrincada? Si ahora te has propuesto aprender la lengua danesa, prep\u00e1rate para otro apasionante viaje a trav\u00e9s de las complejidades y [&hellip;]<\/p>\n","protected":false},"author":1,"featured_media":28292,"parent":0,"menu_order":0,"comment_status":"closed","ping_status":"closed","template":"LearningContentPage.php","meta":{"_acf_changed":false,"footnotes":""},"class_list":["post-45066","page","type-page","status-publish","has-post-thumbnail","hentry"],"acf":[],"yoast_head":"<!-- This site is optimized with the Yoast SEO Premium plugin v27.2 (Yoast SEO v27.2) - https:\/\/yoast.com\/product\/yoast-seo-premium-wordpress\/ -->\n<title>Gram\u00e1tica danesa - Talkpal<\/title>\n<meta name=\"description\" content=\"Explora los entresijos de la gram\u00e1tica danesa y descubre sus reglas y caracter\u00edsticas \u00fanicas. Aprende a navegar por la lengua sin esfuerzo.\" \/>\n<meta name=\"robots\" content=\"index, follow, max-snippet:-1, max-image-preview:large, max-video-preview:-1\" \/>\n<link rel=\"canonical\" href=\"https:\/\/talkpal.ai\/es\/gramatica-danesa\/\" \/>\n<meta property=\"og:locale\" content=\"es_ES\" \/>\n<meta property=\"og:type\" content=\"article\" \/>\n<meta property=\"og:title\" content=\"Gram\u00e1tica danesa\" \/>\n<meta property=\"og:description\" content=\"Ahondando en las profundidades de la gram\u00e1tica danesa: desentra\u00f1ando su idiosincrasia y encanto \u00bfRecuerdas el momento en que aprender gram\u00e1tica inglesa\" \/>\n<meta property=\"og:url\" content=\"https:\/\/talkpal.ai\/es\/gramatica-danesa\/\" \/>\n<meta property=\"og:site_name\" content=\"Talkpal\" \/>\n<meta property=\"article:publisher\" content=\"https:\/\/www.facebook.com\/profile.php?id=100090733639311\" \/>\n<meta property=\"article:modified_time\" content=\"2025-12-13T15:25:27+00:00\" \/>\n<meta property=\"og:image\" content=\"https:\/\/talkpal.ai\/wp-content\/uploads\/2023\/05\/denmark.png\" \/>\n\t<meta property=\"og:image:width\" content=\"512\" \/>\n\t<meta property=\"og:image:height\" content=\"512\" \/>\n\t<meta property=\"og:image:type\" content=\"image\/png\" \/>\n<meta name=\"twitter:card\" content=\"summary_large_image\" \/>\n<meta name=\"twitter:site\" content=\"@talkpalai\" \/>\n<meta name=\"twitter:label1\" content=\"Tiempo de lectura\" \/>\n\t<meta name=\"twitter:data1\" content=\"3 minutos\" \/>\n<script type=\"application\/ld+json\" class=\"yoast-schema-graph\">{\"@context\":\"https:\/\/schema.org\",\"@graph\":[{\"@type\":\"WebPage\",\"@id\":\"https:\/\/talkpal.ai\/es\/gramatica-danesa\/\",\"url\":\"https:\/\/talkpal.ai\/es\/gramatica-danesa\/\",\"name\":\"Gram\u00e1tica danesa - Talkpal\",\"isPartOf\":{\"@id\":\"https:\/\/talkpal.ai\/es\/#website\"},\"primaryImageOfPage\":{\"@id\":\"https:\/\/talkpal.ai\/es\/gramatica-danesa\/#primaryimage\"},\"image\":{\"@id\":\"https:\/\/talkpal.ai\/es\/gramatica-danesa\/#primaryimage\"},\"thumbnailUrl\":\"https:\/\/talkpal.ai\/wp-content\/uploads\/2023\/05\/denmark.png\",\"datePublished\":\"2023-05-14T14:03:23+00:00\",\"dateModified\":\"2025-12-13T15:25:27+00:00\",\"description\":\"Explora los entresijos de la gram\u00e1tica danesa y descubre sus reglas y caracter\u00edsticas \u00fanicas. Aprende a navegar por la lengua sin esfuerzo.\",\"breadcrumb\":{\"@id\":\"https:\/\/talkpal.ai\/es\/gramatica-danesa\/#breadcrumb\"},\"inLanguage\":\"es\",\"potentialAction\":[{\"@type\":\"ReadAction\",\"target\":[\"https:\/\/talkpal.ai\/es\/gramatica-danesa\/\"]}]},{\"@type\":\"ImageObject\",\"inLanguage\":\"es\",\"@id\":\"https:\/\/talkpal.ai\/es\/gramatica-danesa\/#primaryimage\",\"url\":\"https:\/\/talkpal.ai\/wp-content\/uploads\/2023\/05\/denmark.png\",\"contentUrl\":\"https:\/\/talkpal.ai\/wp-content\/uploads\/2023\/05\/denmark.png\",\"width\":512,\"height\":512},{\"@type\":\"BreadcrumbList\",\"@id\":\"https:\/\/talkpal.ai\/es\/gramatica-danesa\/#breadcrumb\",\"itemListElement\":[{\"@type\":\"ListItem\",\"position\":1,\"name\":\"Homepage\",\"item\":\"https:\/\/talkpal.ai\/es\/\"},{\"@type\":\"ListItem\",\"position\":2,\"name\":\"Gram\u00e1tica danesa\"}]},{\"@type\":\"WebSite\",\"@id\":\"https:\/\/talkpal.ai\/es\/#website\",\"url\":\"https:\/\/talkpal.ai\/es\/\",\"name\":\"Talkpal\",\"description\":\"AI Language Learning\",\"publisher\":{\"@id\":\"https:\/\/talkpal.ai\/es\/#organization\"},\"alternateName\":\"Talkpal AI\",\"potentialAction\":[{\"@type\":\"SearchAction\",\"target\":{\"@type\":\"EntryPoint\",\"urlTemplate\":\"https:\/\/talkpal.ai\/es\/?s={search_term_string}\"},\"query-input\":{\"@type\":\"PropertyValueSpecification\",\"valueRequired\":true,\"valueName\":\"search_term_string\"}}],\"inLanguage\":\"es\"},{\"@type\":\"Organization\",\"@id\":\"https:\/\/talkpal.ai\/es\/#organization\",\"name\":\"Talkpal, Inc.\",\"alternateName\":\"Talkpal AI\",\"url\":\"https:\/\/talkpal.ai\/es\/\",\"logo\":{\"@type\":\"ImageObject\",\"inLanguage\":\"es\",\"@id\":\"https:\/\/talkpal.ai\/es\/#\/schema\/logo\/image\/\",\"url\":\"https:\/\/talkpal.ai\/wp-content\/uploads\/2024\/03\/Talkpal-Logo-Icon.png\",\"contentUrl\":\"https:\/\/talkpal.ai\/wp-content\/uploads\/2024\/03\/Talkpal-Logo-Icon.png\",\"width\":2880,\"height\":2880,\"caption\":\"Talkpal, Inc.\"},\"image\":{\"@id\":\"https:\/\/talkpal.ai\/es\/#\/schema\/logo\/image\/\"},\"sameAs\":[\"https:\/\/www.facebook.com\/profile.php?id=100090733639311\",\"https:\/\/x.com\/talkpalai\",\"https:\/\/www.linkedin.com\/company\/talkpal\/\",\"https:\/\/www.youtube.com\/@TalkPal\/\",\"https:\/\/www.tiktok.com\/@talkpal\",\"https:\/\/www.instagram.com\/talkpal_ai\/\",\"https:\/\/www.crunchbase.com\/organization\/talkpal-9cde\",\"https:\/\/www.g2.com\/products\/talkpal-for-business\/\",\"https:\/\/www.trustpilot.com\/review\/talkpal.ai\",\"https:\/\/www.capterra.com\/p\/10006800\/TalkPal\/\"],\"description\":\"Talkpal is a language learning web and mobile education app, powered by the latest AI technologies, that provides engaging experiences to its customers in many different languages to help them improve their language skills. Users can chat about unlimited amount of topics with the app and use other modes to practice their language learning.\",\"email\":\"support@talkpal.ai\",\"legalName\":\"Talkpal, Inc.\",\"foundingDate\":\"2023-04-03\",\"duns\":\"118989042\",\"numberOfEmployees\":{\"@type\":\"QuantitativeValue\",\"minValue\":\"11\",\"maxValue\":\"50\"},\"publishingPrinciples\":\"https:\/\/talkpal.ai\/publishing-principles\/\",\"actionableFeedbackPolicy\":\"https:\/\/talkpal.ai\/actionable-feedback-policy\/\",\"correctionsPolicy\":\"https:\/\/talkpal.ai\/corrections-policy\/\",\"ethicsPolicy\":\"https:\/\/talkpal.ai\/ethics-policy\/\",\"diversityPolicy\":\"https:\/\/talkpal.ai\/diversity-policy\/\",\"diversityStaffingReport\":\"https:\/\/talkpal.ai\/diversity-policy\/\"}]}<\/script>\n<!-- \/ Yoast SEO Premium plugin. -->","yoast_head_json":{"title":"Gram\u00e1tica danesa - Talkpal","description":"Explora los entresijos de la gram\u00e1tica danesa y descubre sus reglas y caracter\u00edsticas \u00fanicas. Aprende a navegar por la lengua sin esfuerzo.","robots":{"index":"index","follow":"follow","max-snippet":"max-snippet:-1","max-image-preview":"max-image-preview:large","max-video-preview":"max-video-preview:-1"},"canonical":"https:\/\/talkpal.ai\/es\/gramatica-danesa\/","og_locale":"es_ES","og_type":"article","og_title":"Gram\u00e1tica danesa","og_description":"Ahondando en las profundidades de la gram\u00e1tica danesa: desentra\u00f1ando su idiosincrasia y encanto \u00bfRecuerdas el momento en que aprender gram\u00e1tica inglesa","og_url":"https:\/\/talkpal.ai\/es\/gramatica-danesa\/","og_site_name":"Talkpal","article_publisher":"https:\/\/www.facebook.com\/profile.php?id=100090733639311","article_modified_time":"2025-12-13T15:25:27+00:00","og_image":[{"width":512,"height":512,"url":"https:\/\/talkpal.ai\/wp-content\/uploads\/2023\/05\/denmark.png","type":"image\/png"}],"twitter_card":"summary_large_image","twitter_site":"@talkpalai","twitter_misc":{"Tiempo de lectura":"3 minutos"},"schema":{"@context":"https:\/\/schema.org","@graph":[{"@type":"WebPage","@id":"https:\/\/talkpal.ai\/es\/gramatica-danesa\/","url":"https:\/\/talkpal.ai\/es\/gramatica-danesa\/","name":"Gram\u00e1tica danesa - Talkpal","isPartOf":{"@id":"https:\/\/talkpal.ai\/es\/#website"},"primaryImageOfPage":{"@id":"https:\/\/talkpal.ai\/es\/gramatica-danesa\/#primaryimage"},"image":{"@id":"https:\/\/talkpal.ai\/es\/gramatica-danesa\/#primaryimage"},"thumbnailUrl":"https:\/\/talkpal.ai\/wp-content\/uploads\/2023\/05\/denmark.png","datePublished":"2023-05-14T14:03:23+00:00","dateModified":"2025-12-13T15:25:27+00:00","description":"Explora los entresijos de la gram\u00e1tica danesa y descubre sus reglas y caracter\u00edsticas \u00fanicas. Aprende a navegar por la lengua sin esfuerzo.","breadcrumb":{"@id":"https:\/\/talkpal.ai\/es\/gramatica-danesa\/#breadcrumb"},"inLanguage":"es","potentialAction":[{"@type":"ReadAction","target":["https:\/\/talkpal.ai\/es\/gramatica-danesa\/"]}]},{"@type":"ImageObject","inLanguage":"es","@id":"https:\/\/talkpal.ai\/es\/gramatica-danesa\/#primaryimage","url":"https:\/\/talkpal.ai\/wp-content\/uploads\/2023\/05\/denmark.png","contentUrl":"https:\/\/talkpal.ai\/wp-content\/uploads\/2023\/05\/denmark.png","width":512,"height":512},{"@type":"BreadcrumbList","@id":"https:\/\/talkpal.ai\/es\/gramatica-danesa\/#breadcrumb","itemListElement":[{"@type":"ListItem","position":1,"name":"Homepage","item":"https:\/\/talkpal.ai\/es\/"},{"@type":"ListItem","position":2,"name":"Gram\u00e1tica danesa"}]},{"@type":"WebSite","@id":"https:\/\/talkpal.ai\/es\/#website","url":"https:\/\/talkpal.ai\/es\/","name":"Talkpal","description":"AI Language Learning","publisher":{"@id":"https:\/\/talkpal.ai\/es\/#organization"},"alternateName":"Talkpal AI","potentialAction":[{"@type":"SearchAction","target":{"@type":"EntryPoint","urlTemplate":"https:\/\/talkpal.ai\/es\/?s={search_term_string}"},"query-input":{"@type":"PropertyValueSpecification","valueRequired":true,"valueName":"search_term_string"}}],"inLanguage":"es"},{"@type":"Organization","@id":"https:\/\/talkpal.ai\/es\/#organization","name":"Talkpal, Inc.","alternateName":"Talkpal AI","url":"https:\/\/talkpal.ai\/es\/","logo":{"@type":"ImageObject","inLanguage":"es","@id":"https:\/\/talkpal.ai\/es\/#\/schema\/logo\/image\/","url":"https:\/\/talkpal.ai\/wp-content\/uploads\/2024\/03\/Talkpal-Logo-Icon.png","contentUrl":"https:\/\/talkpal.ai\/wp-content\/uploads\/2024\/03\/Talkpal-Logo-Icon.png","width":2880,"height":2880,"caption":"Talkpal, Inc."},"image":{"@id":"https:\/\/talkpal.ai\/es\/#\/schema\/logo\/image\/"},"sameAs":["https:\/\/www.facebook.com\/profile.php?id=100090733639311","https:\/\/x.com\/talkpalai","https:\/\/www.linkedin.com\/company\/talkpal\/","https:\/\/www.youtube.com\/@TalkPal\/","https:\/\/www.tiktok.com\/@talkpal","https:\/\/www.instagram.com\/talkpal_ai\/","https:\/\/www.crunchbase.com\/organization\/talkpal-9cde","https:\/\/www.g2.com\/products\/talkpal-for-business\/","https:\/\/www.trustpilot.com\/review\/talkpal.ai","https:\/\/www.capterra.com\/p\/10006800\/TalkPal\/"],"description":"Talkpal is a language learning web and mobile education app, powered by the latest AI technologies, that provides engaging experiences to its customers in many different languages to help them improve their language skills. Users can chat about unlimited amount of topics with the app and use other modes to practice their language learning.","email":"support@talkpal.ai","legalName":"Talkpal, Inc.","foundingDate":"2023-04-03","duns":"118989042","numberOfEmployees":{"@type":"QuantitativeValue","minValue":"11","maxValue":"50"},"publishingPrinciples":"https:\/\/talkpal.ai\/publishing-principles\/","actionableFeedbackPolicy":"https:\/\/talkpal.ai\/actionable-feedback-policy\/","correctionsPolicy":"https:\/\/talkpal.ai\/corrections-policy\/","ethicsPolicy":"https:\/\/talkpal.ai\/ethics-policy\/","diversityPolicy":"https:\/\/talkpal.ai\/diversity-policy\/","diversityStaffingReport":"https:\/\/talkpal.ai\/diversity-policy\/"}]}},"_links":{"self":[{"href":"https:\/\/talkpal.ai\/es\/wp-json\/wp\/v2\/pages\/45066","targetHints":{"allow":["GET"]}}],"collection":[{"href":"https:\/\/talkpal.ai\/es\/wp-json\/wp\/v2\/pages"}],"about":[{"href":"https:\/\/talkpal.ai\/es\/wp-json\/wp\/v2\/types\/page"}],"author":[{"embeddable":true,"href":"https:\/\/talkpal.ai\/es\/wp-json\/wp\/v2\/users\/1"}],"replies":[{"embeddable":true,"href":"https:\/\/talkpal.ai\/es\/wp-json\/wp\/v2\/comments?post=45066"}],"version-history":[{"count":0,"href":"https:\/\/talkpal.ai\/es\/wp-json\/wp\/v2\/pages\/45066\/revisions"}],"wp:featuredmedia":[{"embeddable":true,"href":"https:\/\/talkpal.ai\/es\/wp-json\/wp\/v2\/media\/28292"}],"wp:attachment":[{"href":"https:\/\/talkpal.ai\/es\/wp-json\/wp\/v2\/media?parent=45066"}],"curies":[{"name":"wp","href":"https:\/\/api.w.org\/{rel}","templated":true}]}}