{"id":45035,"date":"2023-05-14T14:09:29","date_gmt":"2023-05-14T14:09:29","guid":{"rendered":"http:\/\/talkpal.ai\/gramatica-indonesia\/"},"modified":"2025-12-13T15:42:00","modified_gmt":"2025-12-13T15:42:00","slug":"gramatica-indonesia","status":"publish","type":"page","link":"https:\/\/talkpal.ai\/es\/gramatica-indonesia\/","title":{"rendered":"Gram\u00e1tica indonesia"},"content":{"rendered":"\r\n\r\n\r\n<section class=\"languageChallengeSection\">\r\n    <div class=\"languageInfoWrapper\">\r\n        \r\n        <h1>Gram\u00e1tica indonesia<\/h1>\r\n        <p>\u00bfTe interesa dominar el <a href=\"https:\/\/talkpal.ai\/learn-indonesian\/\">indonesio<\/a>? Con su gram\u00e1tica sencilla -sin conjugaciones verbales, sin g\u00e9neros sustantivos y con una estructura de frases simple-, el indonesio es uno de los idiomas m\u00e1s f\u00e1ciles de aprender. Empieza tu viaje hoy mismo y ver\u00e1s c\u00f3mo comprender la <a href=\"https:\/\/talkpal.ai\/indonesian-grammar\/\">gram\u00e1tica indonesia<\/a> puede abrirte r\u00e1pidamente un mundo de comunicaci\u00f3n y experiencias culturales vibrantes.<\/p>\r\n\r\n                            <a class=\"getStartedHidden\" href=\"https:\/\/app.talkpal.ai\/es-es\/signup?lng=\">Comenzar<\/a>\r\n        \r\n    <\/div>\r\n\r\n    <figure>\r\n    <img decoding=\"async\" width=\"768\" height=\"768\" src=\"https:\/\/talkpal.ai\/wp-content\/uploads\/2023\/06\/indonesia-768x768.png\" class=\"languageImage no-lazy\" alt=\"Default alt text\" fetchpriority=\"high\" sizes=\"(max-width: 768px) 150px, 768px\" srcset=\"https:\/\/talkpal.ai\/wp-content\/uploads\/2023\/06\/indonesia-768x768.png 768w, https:\/\/talkpal.ai\/wp-content\/uploads\/2023\/06\/indonesia-300x300.png 300w\" \/>\r\n    \r\n\r\n    <\/figure>\r\n\r\n            <a class=\"getStartedVisible\" href=\"https:\/\/app.talkpal.ai\/es-es\/signup?lng=\">Comenzar<\/a>\r\n    \r\n<\/section>\r\n        <section class=\"grammarSection\">\r\n            <div class=\"grammarLinks\">\r\n                <a href=\"https:\/\/talkpal.ai\/es\/language\/adjetivos-gramatica-indonesia\/\">Adjetivos <\/a><a href=\"https:\/\/talkpal.ai\/es\/language\/adverbios-gramatica-indonesia\/\">Adverbios <\/a><a href=\"https:\/\/talkpal.ai\/es\/language\/articulos-gramatica-indonesia\/\">Art\u00edculos <\/a><a href=\"https:\/\/talkpal.ai\/es\/language\/comparacion-de-tiempos-gramatica-indonesia\/\">Comparaci\u00f3n de tiempos <\/a><a href=\"https:\/\/talkpal.ai\/es\/language\/condicionales-gramatica-indonesia\/\">Condicionales <\/a><a href=\"https:\/\/talkpal.ai\/es\/language\/oraciones-gramatica-indonesia\/\">Oraciones <\/a><a href=\"https:\/\/talkpal.ai\/es\/language\/perfecto-progresivo-gramatica-indonesia\/\">Perfecto Progresivo <\/a><a href=\"https:\/\/talkpal.ai\/es\/language\/preposiciones-gramatica-indonesia\/\">Preposiciones <\/a><a href=\"https:\/\/talkpal.ai\/es\/language\/progresivo-gramatica-indonesia\/\">Progresivo <\/a><a href=\"https:\/\/talkpal.ai\/es\/language\/pronombres-determinantes-gramatica-indonesia\/\">Pronombres\/Determinantes <\/a><a href=\"https:\/\/talkpal.ai\/es\/language\/sustantivos-gramatica-indonesia\/\">Sustantivos <\/a><a href=\"https:\/\/talkpal.ai\/es\/language\/tiempos-verbales-gramatica-indonesia\/\">Tiempos verbales <\/a><a href=\"https:\/\/talkpal.ai\/es\/language\/verbos-gramatica-indonesia\/\">Verbos <\/a>            <\/div>\r\n        <\/section>\r\n    <section class=\"promotionalBanner\">\r\n    <p class=\"promotionalText\"><\/p>\r\n    <a class=\"promotionalLink\" href=\"https:\/\/app.talkpal.ai\/es-es\/signup?lng=\"><\/a>\r\n<\/section>\n<div class=\"wp-block-group pageContainerStyle\"><div class=\"wp-block-group__inner-container is-layout-constrained wp-block-group-is-layout-constrained\">\n<h2 class=\"wp-block-heading\" id=\"h-the-wonders-of-indonesian-grammar-a-guide-for-language-learners\">Las maravillas de la gram\u00e1tica indonesia: una gu\u00eda para estudiantes de idiomas<\/h2>\n\n\n\n<p><a href=\"https:\/\/talkpal.ai\/indonesian-grammar\/\">Gram\u00e1tica indonesia<\/a>: sencilla pero elegante, acogedora pero atractiva, accesible pero cautivadora. Mientras se embarca en su viaje para <a href=\"https:\/\/talkpal.ai\/learn-languages-with-ai\/\">aprender el idioma<\/a> indonesio, tenga la seguridad de que abrazar su gram\u00e1tica ser\u00e1 una experiencia agradable. Con este art\u00edculo, nuestro objetivo es proporcionarle una comprensi\u00f3n de los aspectos clave de la gram\u00e1tica <a href=\"https:\/\/talkpal.ai\/learn-indonesian\/\">indonesia<\/a> y ayudarlo a abrazar la belleza de este idioma del sudeste asi\u00e1tico.<\/p>\n\n\n\n<p>Profundicemos en los elementos fundamentales de la gram\u00e1tica indonesia, con explicaciones y ejemplos que hacen que las reglas y los conceptos queden deliciosamente claros. Por lo tanto, si\u00e9ntese, rel\u00e1jese y perm\u00edtanos desentra\u00f1ar los fascinantes secretos de la gram\u00e1tica indonesia para usted.<\/p>\n\n\n\n<h3 class=\"wp-block-heading\" id=\"h-1-nouns-no-genders-no-plurals-no-stress\">1. Sustantivos: \u00a1Sin g\u00e9neros, sin plurales, sin estr\u00e9s!<\/h3>\n\n\n\n<p>Uno de los aspectos m\u00e1s refrescantes de la gram\u00e1tica indonesia es la simplicidad de su sistema de sustantivos. Los sustantivos indonesios no <a href=\"https:\/\/talkpal.ai\/locations\/language-courses-in-tienen\/\">tienen<\/a> g\u00e9nero ni formas plurales. Esto significa que dices \u00abanjing\u00bb (perro) tanto si te refieres a un cachorro <a href=\"https:\/\/talkpal.ai\/locations\/language-courses-in-como\/\">como<\/a> a un grupo de perros adultos.<\/p>\n\n\n\n<p>Para especificar una forma plural, puedes repetir el sustantivo (por ejemplo, \u00abanak-anak\u00bb para \u00abni\u00f1os\u00bb) o utilizar un t\u00e9rmino cuantitativo como \u00abbanyak\u00bb (muchos) o \u00abbeberapa\u00bb (algunos). Eso es. \u00bfNo es un soplo de aire fresco en comparaci\u00f3n con otras lenguas?<\/p>\n\n\n\n<h3 class=\"wp-block-heading\" id=\"h-2-pronouns-staying-humble-and-respectful\">2. Pronombres: Mantenerse humilde y respetuoso<\/h3>\n\n\n\n<p>La gram\u00e1tica indonesia hace uso de diferentes pronombres basados en diferentes niveles de formalidad. Usar el pronombre apropiado al dirigirse a alguien es esencial para mostrar respeto y humildad. Por ejemplo, \u00abaku\u00bb (yo\/yo) es informal e \u00edntimo, \u00absaya\u00bb es cort\u00e9s y neutro, y \u00absaya\u00bb es formal y humilde. Del mismo modo, \u00abkamu\u00bb (t\u00fa) es informal, \u00abAnda\u00bb es cort\u00e9s y \u00abBapak\/Ibu\u00bb (Se\u00f1or\/Se\u00f1ora) se <a href=\"https:\/\/talkpal.ai\/locations\/language-courses-in-reserva\/\">reserva<\/a> para situaciones muy formales.<\/p>\n\n\n\n<p>Recuerda que siempre es buena idea pecar de educado en situaciones nuevas o inciertas.<\/p>\n\n\n\n<h3 class=\"wp-block-heading\" id=\"h-3-verbs-no-conjugations-but-prefixes-and-suffixes-galore\">3. Verbos: \u00a1No hay conjugaciones, sino prefijos y sufijos en abundancia!<\/h3>\n\n\n\n<p>Los verbos indonesios permanecen sin cambios independientemente del tiempo, el estado de \u00e1nimo o el sujeto, lo que los hace mucho m\u00e1s simples que los verbos en muchos otros idiomas. Sin embargo, tendr\u00e1s que dominar el uso de prefijos y sufijos para modificar el significado del verbo.<\/p>\n\n\n\n<p>Algunos prefijos comunes son \u00abme-\u00bb (verbos activos), \u00abdi-\u00bb (verbos pasivos) y \u00abber-\u00bb (verbos est\u00e1ticos). Los sufijos m\u00e1s comunes son \u00ab-kan\u00bb (verbos causales) y \u00ab-i\u00bb (verbos transitivos). Por ejemplo, \u00abmakan\u00bb significa \u00abcomer\u00bb, \u00abmemakan\u00bb significa \u00abconsumir\u00bb y \u00abdimakan\u00bb significa \u00abser comido\u00bb.<\/p>\n\n\n\n<h3 class=\"wp-block-heading\" id=\"h-4-word-order-subject-verb-object-simplicity\">4. Orden de palabras: \u00a1simplicidad sujeto-verbo-objeto!<\/h3>\n\n\n\n<p>La gram\u00e1tica indonesia sigue un orden directo de palabras Sujeto-Verbo-Objeto (SVO), similar al ingl\u00e9s. Esto hace que la construcci\u00f3n y comprensi\u00f3n de oraciones sea mucho m\u00e1s f\u00e1cil para los angloparlantes. Por ejemplo, \u00abSaya memakan pisang\u00bb se traduce directamente por \u00abYo (sujeto) como (verbo) pl\u00e1tano (objeto)\u00bb.<\/p>\n\n\n\n<h3 class=\"wp-block-heading\" id=\"h-5-immerse-yourself-in-indonesian-practice-makes-perfect\">5. Sum\u00e9rgete en el indonesio: la pr\u00e1ctica hace la perfecci\u00f3n<\/h3>\n\n\n\n<p>La belleza de la gram\u00e1tica indonesia radica en su simplicidad y accesibilidad. La pr\u00e1ctica regular a trav\u00e9s de la lectura, la escritura, la comprensi\u00f3n auditiva y el habla le ayudar\u00e1 a dominar el idioma y su gram\u00e1tica. Acepta los desaf\u00edos, conquista las complejidades y desbloquea el verdadero encanto del idioma indonesio.<\/p>\n\n\n\n<p>Entonces, \u00bfest\u00e1s listo para profundizar en las maravillas de la gram\u00e1tica indonesia? Ac\u00e9rcate a \u00e9l con confianza y curiosidad, y con compromiso y emoci\u00f3n, pronto podr\u00e1s convertirte en un elocuente hablante de indonesio. \u00a1Selamat belajar! (\u00a1Feliz estudio!)<\/p>\n<\/div><\/div>\n\r\n<section class=\"learnNavigationSection\">\r\n            \r\n        <a href=\"https:\/\/talkpal.ai\/es\/aprender-indonesio\/\">\r\n            <div class=\"learnNavigationWrapper\">\r\n                <div class=\"learnNavigationContent\">\r\n                    <img decoding=\"async\" src=\"https:\/\/talkpal.ai\/wp-content\/uploads\/2024\/08\/Indonesian.jpg\" alt=\"Indonesian Flag\">\r\n                    <div>\r\n                        <h4>Sobre el aprendizaje indonesio<\/h4>\r\n                        <p>Descubra todo sobre la gram\u00e1tica indonesia.<\/p>\r\n                    <\/div>\r\n                <\/div>\r\n            <\/div>\r\n        <\/a>\r\n\r\n        \r\n        <a href=\"https:\/\/talkpal.ai\/es\/ejercicios-de-gramatica-indonesia\/\">\r\n            <div class=\"learnNavigationWrapper\">\r\n                <div class=\"learnNavigationContent\">\r\n                    <img decoding=\"async\" src=\"https:\/\/talkpal.ai\/wp-content\/uploads\/2024\/08\/Indonesian.jpg\" alt=\"Indonesian Flag\">\r\n                    <div>\r\n                        <h4>Ejercicio de gram\u00e1tica indonesia<\/h4>\r\n                        <p>Practica la gram\u00e1tica indonesia.<\/p>\r\n                    <\/div>\r\n                <\/div>\r\n            <\/div>\r\n        <\/a>\r\n\r\n        \r\n        <a href=\"https:\/\/talkpal.ai\/vocabulary_language\/indonesian\/\">\r\n            <div class=\"learnNavigationWrapper\">\r\n                <div class=\"learnNavigationContent\">\r\n                    <img decoding=\"async\" src=\"https:\/\/talkpal.ai\/wp-content\/uploads\/2024\/08\/Indonesian.jpg\" alt=\"Indonesian Flag\">\r\n                    <div>\r\n                        <h4>Vocabulario indonesio<\/h4>\r\n                        <p>Ampl\u00eda tu vocabulario indonesio.<\/p>\r\n                    <\/div>\r\n                <\/div>\r\n            <\/div>\r\n        <\/a>\r\n\r\n            <\/section>","protected":false},"excerpt":{"rendered":"<p>Las maravillas de la gram\u00e1tica indonesia: una gu\u00eda para estudiantes de idiomas Gram\u00e1tica indonesia: sencilla pero elegante, acogedora pero atractiva, accesible pero cautivadora. Mientras se embarca en su viaje para aprender el idioma indonesio, tenga la seguridad de que abrazar su gram\u00e1tica ser\u00e1 una experiencia agradable. Con este art\u00edculo, nuestro objetivo es proporcionarle una comprensi\u00f3n [&hellip;]<\/p>\n","protected":false},"author":1,"featured_media":28388,"parent":0,"menu_order":0,"comment_status":"closed","ping_status":"closed","template":"LearningContentPage.php","meta":{"_acf_changed":false,"footnotes":""},"class_list":["post-45035","page","type-page","status-publish","has-post-thumbnail","hentry"],"acf":[],"yoast_head":"<!-- This site is optimized with the Yoast SEO Premium plugin v27.2 (Yoast SEO v27.2) - https:\/\/yoast.com\/product\/yoast-seo-premium-wordpress\/ -->\n<title>Gram\u00e1tica indonesia - Talkpal<\/title>\n<meta name=\"description\" content=\"Domina la gram\u00e1tica indonesia sin esfuerzo con la aplicaci\u00f3n de aprendizaje de idiomas por IA de Talkpal. Comun\u00edcate con confianza utilizando Talkpalde la IA.\" \/>\n<meta name=\"robots\" content=\"index, follow, max-snippet:-1, max-image-preview:large, max-video-preview:-1\" \/>\n<link rel=\"canonical\" href=\"https:\/\/talkpal.ai\/es\/gramatica-indonesia\/\" \/>\n<meta property=\"og:locale\" content=\"es_ES\" \/>\n<meta property=\"og:type\" content=\"article\" \/>\n<meta property=\"og:title\" content=\"Gram\u00e1tica indonesia\" \/>\n<meta property=\"og:description\" content=\"Las maravillas de la gram\u00e1tica indonesia: una gu\u00eda para estudiantes de idiomas Gram\u00e1tica indonesia: sencilla pero elegante, acogedora pero atractiva,\" \/>\n<meta property=\"og:url\" content=\"https:\/\/talkpal.ai\/es\/gramatica-indonesia\/\" \/>\n<meta property=\"og:site_name\" content=\"Talkpal\" \/>\n<meta property=\"article:publisher\" content=\"https:\/\/www.facebook.com\/profile.php?id=100090733639311\" \/>\n<meta property=\"article:modified_time\" content=\"2025-12-13T15:42:00+00:00\" \/>\n<meta property=\"og:image\" content=\"https:\/\/talkpal.ai\/wp-content\/uploads\/2023\/05\/indonesia.png\" \/>\n\t<meta property=\"og:image:width\" content=\"512\" \/>\n\t<meta property=\"og:image:height\" content=\"512\" \/>\n\t<meta property=\"og:image:type\" content=\"image\/png\" \/>\n<meta name=\"twitter:card\" content=\"summary_large_image\" \/>\n<meta name=\"twitter:site\" content=\"@talkpalai\" \/>\n<meta name=\"twitter:label1\" content=\"Tiempo de lectura\" \/>\n\t<meta name=\"twitter:data1\" content=\"3 minutos\" \/>\n<script type=\"application\/ld+json\" class=\"yoast-schema-graph\">{\"@context\":\"https:\/\/schema.org\",\"@graph\":[{\"@type\":\"WebPage\",\"@id\":\"https:\/\/talkpal.ai\/es\/gramatica-indonesia\/\",\"url\":\"https:\/\/talkpal.ai\/es\/gramatica-indonesia\/\",\"name\":\"Gram\u00e1tica indonesia - Talkpal\",\"isPartOf\":{\"@id\":\"https:\/\/talkpal.ai\/es\/#website\"},\"primaryImageOfPage\":{\"@id\":\"https:\/\/talkpal.ai\/es\/gramatica-indonesia\/#primaryimage\"},\"image\":{\"@id\":\"https:\/\/talkpal.ai\/es\/gramatica-indonesia\/#primaryimage\"},\"thumbnailUrl\":\"https:\/\/talkpal.ai\/wp-content\/uploads\/2023\/05\/indonesia.png\",\"datePublished\":\"2023-05-14T14:09:29+00:00\",\"dateModified\":\"2025-12-13T15:42:00+00:00\",\"description\":\"Domina la gram\u00e1tica indonesia sin esfuerzo con la aplicaci\u00f3n de aprendizaje de idiomas por IA de Talkpal. Comun\u00edcate con confianza utilizando Talkpalde la IA.\",\"breadcrumb\":{\"@id\":\"https:\/\/talkpal.ai\/es\/gramatica-indonesia\/#breadcrumb\"},\"inLanguage\":\"es\",\"potentialAction\":[{\"@type\":\"ReadAction\",\"target\":[\"https:\/\/talkpal.ai\/es\/gramatica-indonesia\/\"]}]},{\"@type\":\"ImageObject\",\"inLanguage\":\"es\",\"@id\":\"https:\/\/talkpal.ai\/es\/gramatica-indonesia\/#primaryimage\",\"url\":\"https:\/\/talkpal.ai\/wp-content\/uploads\/2023\/05\/indonesia.png\",\"contentUrl\":\"https:\/\/talkpal.ai\/wp-content\/uploads\/2023\/05\/indonesia.png\",\"width\":512,\"height\":512},{\"@type\":\"BreadcrumbList\",\"@id\":\"https:\/\/talkpal.ai\/es\/gramatica-indonesia\/#breadcrumb\",\"itemListElement\":[{\"@type\":\"ListItem\",\"position\":1,\"name\":\"Homepage\",\"item\":\"https:\/\/talkpal.ai\/es\/\"},{\"@type\":\"ListItem\",\"position\":2,\"name\":\"Gram\u00e1tica indonesia\"}]},{\"@type\":\"WebSite\",\"@id\":\"https:\/\/talkpal.ai\/es\/#website\",\"url\":\"https:\/\/talkpal.ai\/es\/\",\"name\":\"Talkpal\",\"description\":\"AI Language Learning\",\"publisher\":{\"@id\":\"https:\/\/talkpal.ai\/es\/#organization\"},\"alternateName\":\"Talkpal AI\",\"potentialAction\":[{\"@type\":\"SearchAction\",\"target\":{\"@type\":\"EntryPoint\",\"urlTemplate\":\"https:\/\/talkpal.ai\/es\/?s={search_term_string}\"},\"query-input\":{\"@type\":\"PropertyValueSpecification\",\"valueRequired\":true,\"valueName\":\"search_term_string\"}}],\"inLanguage\":\"es\"},{\"@type\":\"Organization\",\"@id\":\"https:\/\/talkpal.ai\/es\/#organization\",\"name\":\"Talkpal, Inc.\",\"alternateName\":\"Talkpal AI\",\"url\":\"https:\/\/talkpal.ai\/es\/\",\"logo\":{\"@type\":\"ImageObject\",\"inLanguage\":\"es\",\"@id\":\"https:\/\/talkpal.ai\/es\/#\/schema\/logo\/image\/\",\"url\":\"https:\/\/talkpal.ai\/wp-content\/uploads\/2024\/03\/Talkpal-Logo-Icon.png\",\"contentUrl\":\"https:\/\/talkpal.ai\/wp-content\/uploads\/2024\/03\/Talkpal-Logo-Icon.png\",\"width\":2880,\"height\":2880,\"caption\":\"Talkpal, Inc.\"},\"image\":{\"@id\":\"https:\/\/talkpal.ai\/es\/#\/schema\/logo\/image\/\"},\"sameAs\":[\"https:\/\/www.facebook.com\/profile.php?id=100090733639311\",\"https:\/\/x.com\/talkpalai\",\"https:\/\/www.linkedin.com\/company\/talkpal\/\",\"https:\/\/www.youtube.com\/@TalkPal\/\",\"https:\/\/www.tiktok.com\/@talkpal\",\"https:\/\/www.instagram.com\/talkpal_ai\/\",\"https:\/\/www.crunchbase.com\/organization\/talkpal-9cde\",\"https:\/\/www.g2.com\/products\/talkpal-for-business\/\",\"https:\/\/www.trustpilot.com\/review\/talkpal.ai\",\"https:\/\/www.capterra.com\/p\/10006800\/TalkPal\/\"],\"description\":\"Talkpal is a language learning web and mobile education app, powered by the latest AI technologies, that provides engaging experiences to its customers in many different languages to help them improve their language skills. Users can chat about unlimited amount of topics with the app and use other modes to practice their language learning.\",\"email\":\"support@talkpal.ai\",\"legalName\":\"Talkpal, Inc.\",\"foundingDate\":\"2023-04-03\",\"duns\":\"118989042\",\"numberOfEmployees\":{\"@type\":\"QuantitativeValue\",\"minValue\":\"11\",\"maxValue\":\"50\"},\"publishingPrinciples\":\"https:\/\/talkpal.ai\/publishing-principles\/\",\"actionableFeedbackPolicy\":\"https:\/\/talkpal.ai\/actionable-feedback-policy\/\",\"correctionsPolicy\":\"https:\/\/talkpal.ai\/corrections-policy\/\",\"ethicsPolicy\":\"https:\/\/talkpal.ai\/ethics-policy\/\",\"diversityPolicy\":\"https:\/\/talkpal.ai\/diversity-policy\/\",\"diversityStaffingReport\":\"https:\/\/talkpal.ai\/diversity-policy\/\"}]}<\/script>\n<!-- \/ Yoast SEO Premium plugin. -->","yoast_head_json":{"title":"Gram\u00e1tica indonesia - Talkpal","description":"Domina la gram\u00e1tica indonesia sin esfuerzo con la aplicaci\u00f3n de aprendizaje de idiomas por IA de Talkpal. Comun\u00edcate con confianza utilizando Talkpalde la IA.","robots":{"index":"index","follow":"follow","max-snippet":"max-snippet:-1","max-image-preview":"max-image-preview:large","max-video-preview":"max-video-preview:-1"},"canonical":"https:\/\/talkpal.ai\/es\/gramatica-indonesia\/","og_locale":"es_ES","og_type":"article","og_title":"Gram\u00e1tica indonesia","og_description":"Las maravillas de la gram\u00e1tica indonesia: una gu\u00eda para estudiantes de idiomas Gram\u00e1tica indonesia: sencilla pero elegante, acogedora pero atractiva,","og_url":"https:\/\/talkpal.ai\/es\/gramatica-indonesia\/","og_site_name":"Talkpal","article_publisher":"https:\/\/www.facebook.com\/profile.php?id=100090733639311","article_modified_time":"2025-12-13T15:42:00+00:00","og_image":[{"width":512,"height":512,"url":"https:\/\/talkpal.ai\/wp-content\/uploads\/2023\/05\/indonesia.png","type":"image\/png"}],"twitter_card":"summary_large_image","twitter_site":"@talkpalai","twitter_misc":{"Tiempo de lectura":"3 minutos"},"schema":{"@context":"https:\/\/schema.org","@graph":[{"@type":"WebPage","@id":"https:\/\/talkpal.ai\/es\/gramatica-indonesia\/","url":"https:\/\/talkpal.ai\/es\/gramatica-indonesia\/","name":"Gram\u00e1tica indonesia - Talkpal","isPartOf":{"@id":"https:\/\/talkpal.ai\/es\/#website"},"primaryImageOfPage":{"@id":"https:\/\/talkpal.ai\/es\/gramatica-indonesia\/#primaryimage"},"image":{"@id":"https:\/\/talkpal.ai\/es\/gramatica-indonesia\/#primaryimage"},"thumbnailUrl":"https:\/\/talkpal.ai\/wp-content\/uploads\/2023\/05\/indonesia.png","datePublished":"2023-05-14T14:09:29+00:00","dateModified":"2025-12-13T15:42:00+00:00","description":"Domina la gram\u00e1tica indonesia sin esfuerzo con la aplicaci\u00f3n de aprendizaje de idiomas por IA de Talkpal. Comun\u00edcate con confianza utilizando Talkpalde la IA.","breadcrumb":{"@id":"https:\/\/talkpal.ai\/es\/gramatica-indonesia\/#breadcrumb"},"inLanguage":"es","potentialAction":[{"@type":"ReadAction","target":["https:\/\/talkpal.ai\/es\/gramatica-indonesia\/"]}]},{"@type":"ImageObject","inLanguage":"es","@id":"https:\/\/talkpal.ai\/es\/gramatica-indonesia\/#primaryimage","url":"https:\/\/talkpal.ai\/wp-content\/uploads\/2023\/05\/indonesia.png","contentUrl":"https:\/\/talkpal.ai\/wp-content\/uploads\/2023\/05\/indonesia.png","width":512,"height":512},{"@type":"BreadcrumbList","@id":"https:\/\/talkpal.ai\/es\/gramatica-indonesia\/#breadcrumb","itemListElement":[{"@type":"ListItem","position":1,"name":"Homepage","item":"https:\/\/talkpal.ai\/es\/"},{"@type":"ListItem","position":2,"name":"Gram\u00e1tica indonesia"}]},{"@type":"WebSite","@id":"https:\/\/talkpal.ai\/es\/#website","url":"https:\/\/talkpal.ai\/es\/","name":"Talkpal","description":"AI Language Learning","publisher":{"@id":"https:\/\/talkpal.ai\/es\/#organization"},"alternateName":"Talkpal AI","potentialAction":[{"@type":"SearchAction","target":{"@type":"EntryPoint","urlTemplate":"https:\/\/talkpal.ai\/es\/?s={search_term_string}"},"query-input":{"@type":"PropertyValueSpecification","valueRequired":true,"valueName":"search_term_string"}}],"inLanguage":"es"},{"@type":"Organization","@id":"https:\/\/talkpal.ai\/es\/#organization","name":"Talkpal, Inc.","alternateName":"Talkpal AI","url":"https:\/\/talkpal.ai\/es\/","logo":{"@type":"ImageObject","inLanguage":"es","@id":"https:\/\/talkpal.ai\/es\/#\/schema\/logo\/image\/","url":"https:\/\/talkpal.ai\/wp-content\/uploads\/2024\/03\/Talkpal-Logo-Icon.png","contentUrl":"https:\/\/talkpal.ai\/wp-content\/uploads\/2024\/03\/Talkpal-Logo-Icon.png","width":2880,"height":2880,"caption":"Talkpal, Inc."},"image":{"@id":"https:\/\/talkpal.ai\/es\/#\/schema\/logo\/image\/"},"sameAs":["https:\/\/www.facebook.com\/profile.php?id=100090733639311","https:\/\/x.com\/talkpalai","https:\/\/www.linkedin.com\/company\/talkpal\/","https:\/\/www.youtube.com\/@TalkPal\/","https:\/\/www.tiktok.com\/@talkpal","https:\/\/www.instagram.com\/talkpal_ai\/","https:\/\/www.crunchbase.com\/organization\/talkpal-9cde","https:\/\/www.g2.com\/products\/talkpal-for-business\/","https:\/\/www.trustpilot.com\/review\/talkpal.ai","https:\/\/www.capterra.com\/p\/10006800\/TalkPal\/"],"description":"Talkpal is a language learning web and mobile education app, powered by the latest AI technologies, that provides engaging experiences to its customers in many different languages to help them improve their language skills. Users can chat about unlimited amount of topics with the app and use other modes to practice their language learning.","email":"support@talkpal.ai","legalName":"Talkpal, Inc.","foundingDate":"2023-04-03","duns":"118989042","numberOfEmployees":{"@type":"QuantitativeValue","minValue":"11","maxValue":"50"},"publishingPrinciples":"https:\/\/talkpal.ai\/publishing-principles\/","actionableFeedbackPolicy":"https:\/\/talkpal.ai\/actionable-feedback-policy\/","correctionsPolicy":"https:\/\/talkpal.ai\/corrections-policy\/","ethicsPolicy":"https:\/\/talkpal.ai\/ethics-policy\/","diversityPolicy":"https:\/\/talkpal.ai\/diversity-policy\/","diversityStaffingReport":"https:\/\/talkpal.ai\/diversity-policy\/"}]}},"_links":{"self":[{"href":"https:\/\/talkpal.ai\/es\/wp-json\/wp\/v2\/pages\/45035","targetHints":{"allow":["GET"]}}],"collection":[{"href":"https:\/\/talkpal.ai\/es\/wp-json\/wp\/v2\/pages"}],"about":[{"href":"https:\/\/talkpal.ai\/es\/wp-json\/wp\/v2\/types\/page"}],"author":[{"embeddable":true,"href":"https:\/\/talkpal.ai\/es\/wp-json\/wp\/v2\/users\/1"}],"replies":[{"embeddable":true,"href":"https:\/\/talkpal.ai\/es\/wp-json\/wp\/v2\/comments?post=45035"}],"version-history":[{"count":0,"href":"https:\/\/talkpal.ai\/es\/wp-json\/wp\/v2\/pages\/45035\/revisions"}],"wp:featuredmedia":[{"embeddable":true,"href":"https:\/\/talkpal.ai\/es\/wp-json\/wp\/v2\/media\/28388"}],"wp:attachment":[{"href":"https:\/\/talkpal.ai\/es\/wp-json\/wp\/v2\/media?parent=45035"}],"curies":[{"name":"wp","href":"https:\/\/api.w.org\/{rel}","templated":true}]}}