{"id":45029,"date":"2023-05-14T14:09:47","date_gmt":"2023-05-14T14:09:47","guid":{"rendered":"http:\/\/talkpal.ai\/gramatica-kannada\/"},"modified":"2025-12-11T16:20:03","modified_gmt":"2025-12-11T16:20:03","slug":"gramatica-kannada","status":"publish","type":"page","link":"https:\/\/talkpal.ai\/es\/gramatica-kannada\/","title":{"rendered":"Gram\u00e1tica Kannada"},"content":{"rendered":"\r\n\r\n\r\n<section class=\"languageChallengeSection\">\r\n    <div class=\"languageInfoWrapper\">\r\n        \r\n        <h1>Gram\u00e1tica Kannada<\/h1>\r\n        <p>\u00bfEmocionado por explorar el <a href=\"https:\/\/talkpal.ai\/learn-kannada\/\">kannada<\/a>? Sum\u00e9rgete en la gram\u00e1tica del <a href=\"https:\/\/talkpal.ai\/learn-kannada\/\">kannada<\/a>, que presenta ricas conjugaciones verbales, sustantivos de g\u00e9nero y un sistema l\u00f3gico de may\u00fasculas y min\u00fasculas que da vida a la lengua. Empieza a aprender hoy mismo: dominar la gram\u00e1tica kannada te dar\u00e1 las herramientas para conectar profundamente con la vibrante cultura de Karnataka y comunicarte con confianza en una de las lenguas m\u00e1s expresivas del sur de la India.<\/p>\r\n\r\n                            <a class=\"getStartedHidden\" href=\"https:\/\/app.talkpal.ai\/es-es\/signup?lng=\">Comenzar<\/a>\r\n        \r\n    <\/div>\r\n\r\n    <figure>\r\n    <img decoding=\"async\" width=\"768\" height=\"768\" src=\"https:\/\/talkpal.ai\/wp-content\/uploads\/2023\/06\/Kannada-768x768.png\" class=\"languageImage no-lazy\" alt=\"Default alt text\" fetchpriority=\"high\" sizes=\"(max-width: 768px) 150px, 768px\" srcset=\"https:\/\/talkpal.ai\/wp-content\/uploads\/2023\/06\/Kannada-768x768.png 768w, https:\/\/talkpal.ai\/wp-content\/uploads\/2023\/06\/Kannada-300x300.png 300w\" \/>\r\n    \r\n\r\n    <\/figure>\r\n\r\n            <a class=\"getStartedVisible\" href=\"https:\/\/app.talkpal.ai\/es-es\/signup?lng=\">Comenzar<\/a>\r\n    \r\n<\/section>\r\n        <section class=\"grammarSection\">\r\n            <div class=\"grammarLinks\">\r\n                <a href=\"https:\/\/talkpal.ai\/es\/language\/adjetivos-gramatica-kannada\/\">Adjetivos <\/a><a href=\"https:\/\/talkpal.ai\/es\/language\/adverbios-gramatica-kannada\/\">Adverbios <\/a><a href=\"https:\/\/talkpal.ai\/es\/language\/articulos-gramatica-kannada\/\">Art\u00edculos <\/a><a href=\"https:\/\/talkpal.ai\/es\/language\/comparacion-de-tiempos-gramatica-kannada\/\">Comparaci\u00f3n de tiempos <\/a><a href=\"https:\/\/talkpal.ai\/es\/language\/condicionales-gramatica-kannada\/\">Condicionales <\/a><a href=\"https:\/\/talkpal.ai\/es\/language\/oraciones-gramatica-kannada\/\">Oraciones <\/a><a href=\"https:\/\/talkpal.ai\/es\/language\/perfecto-progresivo-gramatica-kannada\/\">Perfecto Progresivo <\/a><a href=\"https:\/\/talkpal.ai\/es\/language\/preposiciones-gramatica-kannada\/\">Preposiciones <\/a><a href=\"https:\/\/talkpal.ai\/es\/language\/progresivo-gramatica-kannada\/\">Progresivo <\/a><a href=\"https:\/\/talkpal.ai\/es\/language\/pronombres-determinantes-gramatica-kannada\/\">Pronombres\/Determinantes <\/a><a href=\"https:\/\/talkpal.ai\/es\/language\/sustantivos-gramatica-kannada\/\">Sustantivos <\/a><a href=\"https:\/\/talkpal.ai\/es\/language\/tiempos-verbales-gramatica-kannada\/\">Tiempos verbales <\/a><a href=\"https:\/\/talkpal.ai\/es\/language\/verbos-gramatica-kannada\/\">Verbos <\/a>            <\/div>\r\n        <\/section>\r\n    <section class=\"promotionalBanner\">\r\n    <p class=\"promotionalText\">La forma m\u00e1s eficiente de aprender un idioma<\/p>\r\n    <a class=\"promotionalLink\" href=\"https:\/\/app.talkpal.ai\/es-es\/signup?lng=\">Prueba Talkpal gratis<\/a>\r\n<\/section>\n<div class=\"wp-block-group pageContainerStyle\"><div class=\"wp-block-group__inner-container is-layout-constrained wp-block-group-is-layout-constrained\">\n<h2 class=\"wp-block-heading\" id=\"h-kannada-grammar-an-insight-into-the-richness-of-the-dravidian-language\">Gram\u00e1tica Kannada: Una visi\u00f3n de la riqueza de la lengua drav\u00eddica<\/h2>\n\n\n\n<p>\u00bfAlguna vez te has preguntado sobre la diversidad ling\u00fc\u00edstica de la India? <a href=\"https:\/\/talkpal.ai\/locations\/language-courses-in-como\/\">Como<\/a> entusiasta de los idiomas o estudiante curioso, es posible que le interese echar un vistazo m\u00e1s de cerca a uno de los idiomas cl\u00e1sicos de la India: el kannada. El kannada es una lengua drav\u00eddica hablada predominantemente en el estado sure\u00f1o de Karnataka. Es el idioma nativo de aproximadamente 44 millones de personas, por <a href=\"https:\/\/talkpal.ai\/culture\/how-do-i-use-lo-que-in-a-sentence\/\">lo que<\/a> es uno de los principales idiomas indios. Sumerj\u00e1monos de lleno en el fascinante mundo de la gram\u00e1tica kannada y aprendamos m\u00e1s sobre esta hermosa lengua.<\/p>\n\n\n\n<h3 class=\"wp-block-heading\" id=\"h-the-linguistic-alphabet-kannada-script\">El alfabeto ling\u00fc\u00edstico: escritura kannada<\/h3>\n\n\n\n<p>La escritura canar\u00e9s, tambi\u00e9n conocida <a href=\"https:\/\/talkpal.ai\/locations\/language-courses-in-como\/\">como<\/a> \u00ab\u0c95\u0ca8\u0ccd\u0ca8\u0ca1 \u0cb2\u0cbf\u0caa\u0cbf\u00bb (Kannada Lipi), es una abugida, un sistema de escritura con alfabetos sil\u00e1bicos. Cada letra representa una combinaci\u00f3n diferente de consonante-vocal. La escritura consta de 49 caracteres, incluyendo 34 consonantes y 13 vocales. Con una apariencia visualmente distinta, la escritura kannada es una forma maravillosamente \u00fanica de transmitir los sonidos y significados de la lengua.<\/p>\n\n\n\n<h3 class=\"wp-block-heading\" id=\"h-nouns-pronouns-and-cases-more-than-meets-the-eye\">Sustantivos, pronombres y casos: m\u00e1s de lo que parece<\/h3>\n\n\n\n<p>Los sustantivos kannada son \u00fanicos debido a su sistema de declinaci\u00f3n: siguen un sistema de casos muy parecido a otras lenguas drav\u00eddicas. Hay ocho casos en kannada, que ayudan a definir la relaci\u00f3n entre el sustantivo y las otras palabras en la oraci\u00f3n: nominativo, acusativo, instrumental, dativo, ablativo, genitivo, locativo y vocativo. Los sustantivos en kannada tambi\u00e9n se clasifican seg\u00fan el g\u00e9nero (masculino, femenino y neutro) y el n\u00famero (singular, plural y dual, una caracter\u00edstica rara entre las lenguas indias).<\/p>\n\n\n\n<p>Los pronombres en kannada tambi\u00e9n son fascinantes. Llevan distinciones para cada persona (primera, segunda y tercera), n\u00famero (singular, plural y dual) y g\u00e9nero (masculino, femenino y neutro). Adem\u00e1s, el kannada tiene varias formas honor\u00edficas de dirigirse a los dem\u00e1s, lo que demuestra los aspectos culturales de respeto y cortes\u00eda de la lengua.<\/p>\n\n\n\n<h3 class=\"wp-block-heading\" id=\"h-venturing-into-verbs-tenses-aspects-and-moods\">Aventurarse en los verbos: tiempos, aspectos y estados de \u00e1nimo<\/h3>\n\n\n\n<p>Los verbos kannada se caracterizan por un rico sistema de conjugaci\u00f3n. Los verbos se conjugan de acuerdo con el tiempo (pasado, <a href=\"https:\/\/talkpal.ai\/zh-hans\/grammar_exercises\/presente-%e8%a5%bf%e7%8f%ad%e7%89%99%e8%af%ad%e6%b3%95%e7%bb%83%e4%b9%a0\/\">presente<\/a> y <a href=\"https:\/\/talkpal.ai\/ja\/grammar_exercises\/futuro-%e3%82%b9%e3%83%9a%e3%82%a4%e3%83%b3%e8%aa%9e%e3%81%ae%e6%96%87%e6%b3%95%e3%81%ae%e6%bc%94%e7%bf%92\/\">futuro<\/a>), el aspecto (perfectivo o imperfectivo) y el estado de \u00e1nimo (indicativo, <a href=\"https:\/\/talkpal.ai\/ar\/grammar_exercises\/imperativo-%d8%aa%d9%85%d8%a7%d8%b1%d9%8a%d9%86-%d9%84%d9%82%d9%88%d8%a7%d8%b9%d8%af-%d8%a7%d9%84%d9%84%d8%ba%d8%a9-%d8%a7%d9%84%d8%a5%d8%b3%d8%a8%d8%a7%d9%86%d9%8a%d8%a9\/\">imperativo<\/a> y <a href=\"https:\/\/talkpal.ai\/ru\/grammar_exercises\/condicional-%d1%83%d0%bf%d1%80%d0%b0%d0%b6%d0%bd%d0%b5%d0%bd%d0%b8%d1%8f-%d0%b4%d0%bb%d1%8f-%d0%b8%d1%81%d0%bf%d0%b0%d0%bd%d1%81%d0%ba%d0%be%d0%b9-%d0%b3%d1%80%d0%b0%d0%bc%d0%bc%d0%b0%d1%82%d0%b8\/\">condicional<\/a>). Se a\u00f1ade m\u00e1s complejidad con la presencia de verbos causativos y voces pasivas y activas. La conjugaci\u00f3n depende de la persona, el n\u00famero y el g\u00e9nero, lo que hace que las formas verbales de Kannada sean altamente flexionadas e intrincadas.<\/p>\n\n\n\n<h3 class=\"wp-block-heading\" id=\"h-adjectives-adverbs-and-more\">Adjetivos, adverbios y m\u00e1s<\/h3>\n\n\n\n<p>Los adjetivos y n\u00fameros kannada concuerdan con los sustantivos que modifican en t\u00e9rminos de g\u00e9nero, n\u00famero y caso. Los adjetivos se pueden flexionar de la misma manera que los sustantivos e incluso se pueden combinar para formar adverbios. El lenguaje tambi\u00e9n utiliza varias conjunciones, part\u00edculas y preposiciones para reunir oraciones y sus componentes en un todo cohesivo y expresivo.<\/p>\n\n\n\n<h3 class=\"wp-block-heading\" id=\"h-embracing-the-beauty-of-kannada-grammar\">Abrazando la belleza de la gram\u00e1tica kannada<\/h3>\n\n\n\n<p>El mundo de la gram\u00e1tica kannada es tan fascinante como complejo. El intrincado sistema de casos, la escritura \u00fanica y las formas verbales altamente flexionadas le dan a Kannada su encanto y riqueza. Al profundizar en los reinos de este exquisito idioma, obtienes una comprensi\u00f3n m\u00e1s profunda de la diversidad ling\u00fc\u00edstica y cultural de la India.<\/p>\n\n\n\n<p>Entonces, \u00bfpor qu\u00e9 no explorar m\u00e1s la belleza de Kannada? Con pasi\u00f3n y curiosidad, pronto podr\u00e1 encontrarse disfrutando de la espl\u00e9ndida literatura, el cine y la m\u00fasica en este majestuoso idioma. \u00a1Feliz aprendizaje!<\/p>\n<\/div><\/div>\n\r\n<section class=\"learnNavigationSection\">\r\n            \r\n        <a href=\"https:\/\/talkpal.ai\/es\/aprender-kannada\/\">\r\n            <div class=\"learnNavigationWrapper\">\r\n                <div class=\"learnNavigationContent\">\r\n                    <img decoding=\"async\" src=\"https:\/\/talkpal.ai\/wp-content\/uploads\/2024\/08\/Kannada.jpg\" alt=\"Indian Simplified Flag\">\r\n                    <div>\r\n                        <h4>Sobre el aprendizaje del kannada<\/h4>\r\n                        <p>Descubra todo sobre la gram\u00e1tica del kannada.<\/p>\r\n                    <\/div>\r\n                <\/div>\r\n            <\/div>\r\n        <\/a>\r\n\r\n        \r\n        <a href=\"https:\/\/talkpal.ai\/es\/ejercicios-de-gramatica-de-kannada\/\">\r\n            <div class=\"learnNavigationWrapper\">\r\n                <div class=\"learnNavigationContent\">\r\n                    <img decoding=\"async\" src=\"https:\/\/talkpal.ai\/wp-content\/uploads\/2024\/08\/Kannada.jpg\" alt=\"Indian Simplified Flag\">\r\n                    <div>\r\n                        <h4>Ejercicio de gram\u00e1tica kannada<\/h4>\r\n                        <p>Practica la gram\u00e1tica kannada.<\/p>\r\n                    <\/div>\r\n                <\/div>\r\n            <\/div>\r\n        <\/a>\r\n\r\n        \r\n        <a href=\"https:\/\/talkpal.ai\/vocabulary_language\/kannada\/\">\r\n            <div class=\"learnNavigationWrapper\">\r\n                <div class=\"learnNavigationContent\">\r\n                    <img decoding=\"async\" src=\"https:\/\/talkpal.ai\/wp-content\/uploads\/2024\/08\/Kannada.jpg\" alt=\"Indian Simplified Flag\">\r\n                    <div>\r\n                        <h4>Vocabulario kannada<\/h4>\r\n                        <p>Ampl\u00eda tu vocabulario en kannada.<\/p>\r\n                    <\/div>\r\n                <\/div>\r\n            <\/div>\r\n        <\/a>\r\n\r\n            <\/section>","protected":false},"excerpt":{"rendered":"<p>Gram\u00e1tica Kannada: Una visi\u00f3n de la riqueza de la lengua drav\u00eddica \u00bfAlguna vez te has preguntado sobre la diversidad ling\u00fc\u00edstica de la India? Como entusiasta de los idiomas o estudiante curioso, es posible que le interese echar un vistazo m\u00e1s de cerca a uno de los idiomas cl\u00e1sicos de la India: el kannada. El kannada [&hellip;]<\/p>\n","protected":false},"author":1,"featured_media":28420,"parent":0,"menu_order":0,"comment_status":"closed","ping_status":"closed","template":"LearningContentPage.php","meta":{"_acf_changed":false,"footnotes":""},"class_list":["post-45029","page","type-page","status-publish","has-post-thumbnail","hentry"],"acf":[],"yoast_head":"<!-- This site is optimized with the Yoast SEO Premium plugin v27.2 (Yoast SEO v27.2) - https:\/\/yoast.com\/product\/yoast-seo-premium-wordpress\/ -->\n<title>Gram\u00e1tica Kannada - Talkpal<\/title>\n<meta name=\"description\" content=\"Aprende gram\u00e1tica kannada con confianza: comprende las reglas clave, perfecciona la construcci\u00f3n de frases y aumenta la fluidez\" \/>\n<meta name=\"robots\" content=\"index, follow, max-snippet:-1, max-image-preview:large, max-video-preview:-1\" \/>\n<link rel=\"canonical\" href=\"https:\/\/talkpal.ai\/es\/gramatica-kannada\/\" \/>\n<meta property=\"og:locale\" content=\"es_ES\" \/>\n<meta property=\"og:type\" content=\"article\" \/>\n<meta property=\"og:title\" content=\"Gram\u00e1tica Kannada\" \/>\n<meta property=\"og:description\" content=\"Gram\u00e1tica Kannada: Una visi\u00f3n de la riqueza de la lengua drav\u00eddica \u00bfAlguna vez te has preguntado sobre la diversidad ling\u00fc\u00edstica de la India? Como\" \/>\n<meta property=\"og:url\" content=\"https:\/\/talkpal.ai\/es\/gramatica-kannada\/\" \/>\n<meta property=\"og:site_name\" content=\"Talkpal\" \/>\n<meta property=\"article:publisher\" content=\"https:\/\/www.facebook.com\/profile.php?id=100090733639311\" \/>\n<meta property=\"article:modified_time\" content=\"2025-12-11T16:20:03+00:00\" \/>\n<meta property=\"og:image\" content=\"https:\/\/talkpal.ai\/wp-content\/uploads\/2023\/05\/Kannada-india.png\" \/>\n\t<meta property=\"og:image:width\" content=\"512\" \/>\n\t<meta property=\"og:image:height\" content=\"512\" \/>\n\t<meta property=\"og:image:type\" content=\"image\/png\" \/>\n<meta name=\"twitter:card\" content=\"summary_large_image\" \/>\n<meta name=\"twitter:site\" content=\"@talkpalai\" \/>\n<meta name=\"twitter:label1\" content=\"Tiempo de lectura\" \/>\n\t<meta name=\"twitter:data1\" content=\"3 minutos\" \/>\n<script type=\"application\/ld+json\" class=\"yoast-schema-graph\">{\"@context\":\"https:\/\/schema.org\",\"@graph\":[{\"@type\":\"WebPage\",\"@id\":\"https:\/\/talkpal.ai\/es\/gramatica-kannada\/\",\"url\":\"https:\/\/talkpal.ai\/es\/gramatica-kannada\/\",\"name\":\"Gram\u00e1tica Kannada - Talkpal\",\"isPartOf\":{\"@id\":\"https:\/\/talkpal.ai\/es\/#website\"},\"primaryImageOfPage\":{\"@id\":\"https:\/\/talkpal.ai\/es\/gramatica-kannada\/#primaryimage\"},\"image\":{\"@id\":\"https:\/\/talkpal.ai\/es\/gramatica-kannada\/#primaryimage\"},\"thumbnailUrl\":\"https:\/\/talkpal.ai\/wp-content\/uploads\/2023\/05\/Kannada-india.png\",\"datePublished\":\"2023-05-14T14:09:47+00:00\",\"dateModified\":\"2025-12-11T16:20:03+00:00\",\"description\":\"Aprende gram\u00e1tica kannada con confianza: comprende las reglas clave, perfecciona la construcci\u00f3n de frases y aumenta la fluidez\",\"breadcrumb\":{\"@id\":\"https:\/\/talkpal.ai\/es\/gramatica-kannada\/#breadcrumb\"},\"inLanguage\":\"es\",\"potentialAction\":[{\"@type\":\"ReadAction\",\"target\":[\"https:\/\/talkpal.ai\/es\/gramatica-kannada\/\"]}]},{\"@type\":\"ImageObject\",\"inLanguage\":\"es\",\"@id\":\"https:\/\/talkpal.ai\/es\/gramatica-kannada\/#primaryimage\",\"url\":\"https:\/\/talkpal.ai\/wp-content\/uploads\/2023\/05\/Kannada-india.png\",\"contentUrl\":\"https:\/\/talkpal.ai\/wp-content\/uploads\/2023\/05\/Kannada-india.png\",\"width\":512,\"height\":512},{\"@type\":\"BreadcrumbList\",\"@id\":\"https:\/\/talkpal.ai\/es\/gramatica-kannada\/#breadcrumb\",\"itemListElement\":[{\"@type\":\"ListItem\",\"position\":1,\"name\":\"Homepage\",\"item\":\"https:\/\/talkpal.ai\/es\/\"},{\"@type\":\"ListItem\",\"position\":2,\"name\":\"Gram\u00e1tica Kannada\"}]},{\"@type\":\"WebSite\",\"@id\":\"https:\/\/talkpal.ai\/es\/#website\",\"url\":\"https:\/\/talkpal.ai\/es\/\",\"name\":\"Talkpal\",\"description\":\"AI Language Learning\",\"publisher\":{\"@id\":\"https:\/\/talkpal.ai\/es\/#organization\"},\"alternateName\":\"Talkpal AI\",\"potentialAction\":[{\"@type\":\"SearchAction\",\"target\":{\"@type\":\"EntryPoint\",\"urlTemplate\":\"https:\/\/talkpal.ai\/es\/?s={search_term_string}\"},\"query-input\":{\"@type\":\"PropertyValueSpecification\",\"valueRequired\":true,\"valueName\":\"search_term_string\"}}],\"inLanguage\":\"es\"},{\"@type\":\"Organization\",\"@id\":\"https:\/\/talkpal.ai\/es\/#organization\",\"name\":\"Talkpal, Inc.\",\"alternateName\":\"Talkpal AI\",\"url\":\"https:\/\/talkpal.ai\/es\/\",\"logo\":{\"@type\":\"ImageObject\",\"inLanguage\":\"es\",\"@id\":\"https:\/\/talkpal.ai\/es\/#\/schema\/logo\/image\/\",\"url\":\"https:\/\/talkpal.ai\/wp-content\/uploads\/2024\/03\/Talkpal-Logo-Icon.png\",\"contentUrl\":\"https:\/\/talkpal.ai\/wp-content\/uploads\/2024\/03\/Talkpal-Logo-Icon.png\",\"width\":2880,\"height\":2880,\"caption\":\"Talkpal, Inc.\"},\"image\":{\"@id\":\"https:\/\/talkpal.ai\/es\/#\/schema\/logo\/image\/\"},\"sameAs\":[\"https:\/\/www.facebook.com\/profile.php?id=100090733639311\",\"https:\/\/x.com\/talkpalai\",\"https:\/\/www.linkedin.com\/company\/talkpal\/\",\"https:\/\/www.youtube.com\/@TalkPal\/\",\"https:\/\/www.tiktok.com\/@talkpal\",\"https:\/\/www.instagram.com\/talkpal_ai\/\",\"https:\/\/www.crunchbase.com\/organization\/talkpal-9cde\",\"https:\/\/www.g2.com\/products\/talkpal-for-business\/\",\"https:\/\/www.trustpilot.com\/review\/talkpal.ai\",\"https:\/\/www.capterra.com\/p\/10006800\/TalkPal\/\"],\"description\":\"Talkpal is a language learning web and mobile education app, powered by the latest AI technologies, that provides engaging experiences to its customers in many different languages to help them improve their language skills. Users can chat about unlimited amount of topics with the app and use other modes to practice their language learning.\",\"email\":\"support@talkpal.ai\",\"legalName\":\"Talkpal, Inc.\",\"foundingDate\":\"2023-04-03\",\"duns\":\"118989042\",\"numberOfEmployees\":{\"@type\":\"QuantitativeValue\",\"minValue\":\"11\",\"maxValue\":\"50\"},\"publishingPrinciples\":\"https:\/\/talkpal.ai\/publishing-principles\/\",\"actionableFeedbackPolicy\":\"https:\/\/talkpal.ai\/actionable-feedback-policy\/\",\"correctionsPolicy\":\"https:\/\/talkpal.ai\/corrections-policy\/\",\"ethicsPolicy\":\"https:\/\/talkpal.ai\/ethics-policy\/\",\"diversityPolicy\":\"https:\/\/talkpal.ai\/diversity-policy\/\",\"diversityStaffingReport\":\"https:\/\/talkpal.ai\/diversity-policy\/\"}]}<\/script>\n<!-- \/ Yoast SEO Premium plugin. -->","yoast_head_json":{"title":"Gram\u00e1tica Kannada - Talkpal","description":"Aprende gram\u00e1tica kannada con confianza: comprende las reglas clave, perfecciona la construcci\u00f3n de frases y aumenta la fluidez","robots":{"index":"index","follow":"follow","max-snippet":"max-snippet:-1","max-image-preview":"max-image-preview:large","max-video-preview":"max-video-preview:-1"},"canonical":"https:\/\/talkpal.ai\/es\/gramatica-kannada\/","og_locale":"es_ES","og_type":"article","og_title":"Gram\u00e1tica Kannada","og_description":"Gram\u00e1tica Kannada: Una visi\u00f3n de la riqueza de la lengua drav\u00eddica \u00bfAlguna vez te has preguntado sobre la diversidad ling\u00fc\u00edstica de la India? Como","og_url":"https:\/\/talkpal.ai\/es\/gramatica-kannada\/","og_site_name":"Talkpal","article_publisher":"https:\/\/www.facebook.com\/profile.php?id=100090733639311","article_modified_time":"2025-12-11T16:20:03+00:00","og_image":[{"width":512,"height":512,"url":"https:\/\/talkpal.ai\/wp-content\/uploads\/2023\/05\/Kannada-india.png","type":"image\/png"}],"twitter_card":"summary_large_image","twitter_site":"@talkpalai","twitter_misc":{"Tiempo de lectura":"3 minutos"},"schema":{"@context":"https:\/\/schema.org","@graph":[{"@type":"WebPage","@id":"https:\/\/talkpal.ai\/es\/gramatica-kannada\/","url":"https:\/\/talkpal.ai\/es\/gramatica-kannada\/","name":"Gram\u00e1tica Kannada - Talkpal","isPartOf":{"@id":"https:\/\/talkpal.ai\/es\/#website"},"primaryImageOfPage":{"@id":"https:\/\/talkpal.ai\/es\/gramatica-kannada\/#primaryimage"},"image":{"@id":"https:\/\/talkpal.ai\/es\/gramatica-kannada\/#primaryimage"},"thumbnailUrl":"https:\/\/talkpal.ai\/wp-content\/uploads\/2023\/05\/Kannada-india.png","datePublished":"2023-05-14T14:09:47+00:00","dateModified":"2025-12-11T16:20:03+00:00","description":"Aprende gram\u00e1tica kannada con confianza: comprende las reglas clave, perfecciona la construcci\u00f3n de frases y aumenta la fluidez","breadcrumb":{"@id":"https:\/\/talkpal.ai\/es\/gramatica-kannada\/#breadcrumb"},"inLanguage":"es","potentialAction":[{"@type":"ReadAction","target":["https:\/\/talkpal.ai\/es\/gramatica-kannada\/"]}]},{"@type":"ImageObject","inLanguage":"es","@id":"https:\/\/talkpal.ai\/es\/gramatica-kannada\/#primaryimage","url":"https:\/\/talkpal.ai\/wp-content\/uploads\/2023\/05\/Kannada-india.png","contentUrl":"https:\/\/talkpal.ai\/wp-content\/uploads\/2023\/05\/Kannada-india.png","width":512,"height":512},{"@type":"BreadcrumbList","@id":"https:\/\/talkpal.ai\/es\/gramatica-kannada\/#breadcrumb","itemListElement":[{"@type":"ListItem","position":1,"name":"Homepage","item":"https:\/\/talkpal.ai\/es\/"},{"@type":"ListItem","position":2,"name":"Gram\u00e1tica Kannada"}]},{"@type":"WebSite","@id":"https:\/\/talkpal.ai\/es\/#website","url":"https:\/\/talkpal.ai\/es\/","name":"Talkpal","description":"AI Language Learning","publisher":{"@id":"https:\/\/talkpal.ai\/es\/#organization"},"alternateName":"Talkpal AI","potentialAction":[{"@type":"SearchAction","target":{"@type":"EntryPoint","urlTemplate":"https:\/\/talkpal.ai\/es\/?s={search_term_string}"},"query-input":{"@type":"PropertyValueSpecification","valueRequired":true,"valueName":"search_term_string"}}],"inLanguage":"es"},{"@type":"Organization","@id":"https:\/\/talkpal.ai\/es\/#organization","name":"Talkpal, Inc.","alternateName":"Talkpal AI","url":"https:\/\/talkpal.ai\/es\/","logo":{"@type":"ImageObject","inLanguage":"es","@id":"https:\/\/talkpal.ai\/es\/#\/schema\/logo\/image\/","url":"https:\/\/talkpal.ai\/wp-content\/uploads\/2024\/03\/Talkpal-Logo-Icon.png","contentUrl":"https:\/\/talkpal.ai\/wp-content\/uploads\/2024\/03\/Talkpal-Logo-Icon.png","width":2880,"height":2880,"caption":"Talkpal, Inc."},"image":{"@id":"https:\/\/talkpal.ai\/es\/#\/schema\/logo\/image\/"},"sameAs":["https:\/\/www.facebook.com\/profile.php?id=100090733639311","https:\/\/x.com\/talkpalai","https:\/\/www.linkedin.com\/company\/talkpal\/","https:\/\/www.youtube.com\/@TalkPal\/","https:\/\/www.tiktok.com\/@talkpal","https:\/\/www.instagram.com\/talkpal_ai\/","https:\/\/www.crunchbase.com\/organization\/talkpal-9cde","https:\/\/www.g2.com\/products\/talkpal-for-business\/","https:\/\/www.trustpilot.com\/review\/talkpal.ai","https:\/\/www.capterra.com\/p\/10006800\/TalkPal\/"],"description":"Talkpal is a language learning web and mobile education app, powered by the latest AI technologies, that provides engaging experiences to its customers in many different languages to help them improve their language skills. Users can chat about unlimited amount of topics with the app and use other modes to practice their language learning.","email":"support@talkpal.ai","legalName":"Talkpal, Inc.","foundingDate":"2023-04-03","duns":"118989042","numberOfEmployees":{"@type":"QuantitativeValue","minValue":"11","maxValue":"50"},"publishingPrinciples":"https:\/\/talkpal.ai\/publishing-principles\/","actionableFeedbackPolicy":"https:\/\/talkpal.ai\/actionable-feedback-policy\/","correctionsPolicy":"https:\/\/talkpal.ai\/corrections-policy\/","ethicsPolicy":"https:\/\/talkpal.ai\/ethics-policy\/","diversityPolicy":"https:\/\/talkpal.ai\/diversity-policy\/","diversityStaffingReport":"https:\/\/talkpal.ai\/diversity-policy\/"}]}},"_links":{"self":[{"href":"https:\/\/talkpal.ai\/es\/wp-json\/wp\/v2\/pages\/45029","targetHints":{"allow":["GET"]}}],"collection":[{"href":"https:\/\/talkpal.ai\/es\/wp-json\/wp\/v2\/pages"}],"about":[{"href":"https:\/\/talkpal.ai\/es\/wp-json\/wp\/v2\/types\/page"}],"author":[{"embeddable":true,"href":"https:\/\/talkpal.ai\/es\/wp-json\/wp\/v2\/users\/1"}],"replies":[{"embeddable":true,"href":"https:\/\/talkpal.ai\/es\/wp-json\/wp\/v2\/comments?post=45029"}],"version-history":[{"count":0,"href":"https:\/\/talkpal.ai\/es\/wp-json\/wp\/v2\/pages\/45029\/revisions"}],"wp:featuredmedia":[{"embeddable":true,"href":"https:\/\/talkpal.ai\/es\/wp-json\/wp\/v2\/media\/28420"}],"wp:attachment":[{"href":"https:\/\/talkpal.ai\/es\/wp-json\/wp\/v2\/media?parent=45029"}],"curies":[{"name":"wp","href":"https:\/\/api.w.org\/{rel}","templated":true}]}}