{"id":45019,"date":"2023-05-14T14:10:24","date_gmt":"2023-05-14T14:10:24","guid":{"rendered":"http:\/\/talkpal.ai\/gramatica-letona\/"},"modified":"2025-12-17T17:10:52","modified_gmt":"2025-12-17T17:10:52","slug":"gramatica-letona","status":"publish","type":"page","link":"https:\/\/talkpal.ai\/es\/gramatica-letona\/","title":{"rendered":"Gram\u00e1tica letona"},"content":{"rendered":"\r\n\r\n\r\n<section class=\"languageChallengeSection\">\r\n    <div class=\"languageInfoWrapper\">\r\n        \r\n        <h1>Gram\u00e1tica letona<\/h1>\r\n        <p>Explora el singular mundo de la <a href=\"https:\/\/talkpal.ai\/latvian-grammar\/\">gram\u00e1tica letona<\/a> y descubre la belleza de una de las lenguas m\u00e1s vibrantes de la regi\u00f3n b\u00e1ltica. Si comprendes su estructura y sus reglas, aumentar\u00e1s tu confianza y tu capacidad de comunicaci\u00f3n. \u00a1Empieza a aprender gram\u00e1tica letona hoy mismo y da el primer paso hacia la fluidez!\n\n<\/p>\r\n\r\n                            <a class=\"getStartedHidden\" href=\"https:\/\/app.talkpal.ai\/es-es\/signup?lng=\">Comenzar<\/a>\r\n        \r\n    <\/div>\r\n\r\n    <figure>\r\n    <img decoding=\"async\" width=\"768\" height=\"768\" src=\"https:\/\/talkpal.ai\/wp-content\/uploads\/2023\/06\/latvian-768x768.png\" class=\"languageImage no-lazy\" alt=\"Default alt text\" fetchpriority=\"high\" sizes=\"(max-width: 768px) 150px, 768px\" srcset=\"https:\/\/talkpal.ai\/wp-content\/uploads\/2023\/06\/latvian-768x768.png 768w, https:\/\/talkpal.ai\/wp-content\/uploads\/2023\/06\/latvian-300x300.png 300w\" \/>\r\n    \r\n\r\n    <\/figure>\r\n\r\n            <a class=\"getStartedVisible\" href=\"https:\/\/app.talkpal.ai\/es-es\/signup?lng=\">Comenzar<\/a>\r\n    \r\n<\/section>\r\n        <section class=\"grammarSection\">\r\n            <div class=\"grammarLinks\">\r\n                <a href=\"https:\/\/talkpal.ai\/es\/language\/adjetivos-gramatica-letona\/\">Adjetivos <\/a><a href=\"https:\/\/talkpal.ai\/es\/language\/adverbios-gramatica-letona\/\">Adverbios <\/a><a href=\"https:\/\/talkpal.ai\/es\/language\/articulos-gramatica-letona\/\">Art\u00edculos <\/a><a href=\"https:\/\/talkpal.ai\/es\/language\/comparacion-de-tiempos-gramatica-letona\/\">Comparaci\u00f3n de tiempos <\/a><a href=\"https:\/\/talkpal.ai\/es\/language\/condicionales-gramatica-letona\/\">Condicionales <\/a><a href=\"https:\/\/talkpal.ai\/es\/language\/oraciones-gramatica-letona\/\">Oraciones <\/a><a href=\"https:\/\/talkpal.ai\/es\/language\/perfecto-progresivo-gramatica-letona\/\">Perfecto Progresivo <\/a><a href=\"https:\/\/talkpal.ai\/es\/language\/preposiciones-gramatica-letona\/\">Preposiciones <\/a><a href=\"https:\/\/talkpal.ai\/es\/language\/progresivo-gramatica-letona\/\">Progresivo <\/a><a href=\"https:\/\/talkpal.ai\/es\/language\/pronombres-determinantes-gramatica-letona\/\">Pronombres\/Determinantes <\/a><a href=\"https:\/\/talkpal.ai\/es\/language\/sustantivos-gramatica-letona\/\">Sustantivos <\/a><a href=\"https:\/\/talkpal.ai\/es\/language\/tiempos-verbales-gramatica-letona\/\">Tiempos verbales <\/a><a href=\"https:\/\/talkpal.ai\/es\/language\/verbos-gramatica-letona\/\">Verbos <\/a>            <\/div>\r\n        <\/section>\r\n    <section class=\"promotionalBanner\">\r\n    <p class=\"promotionalText\">La forma m\u00e1s eficiente de aprender un idioma<\/p>\r\n    <a class=\"promotionalLink\" href=\"https:\/\/app.talkpal.ai\/es-es\/signup?lng=\">Prueba Talkpal gratis<\/a>\r\n<\/section>\n<div class=\"wp-block-group pageContainerStyle\"><div class=\"wp-block-group__inner-container is-layout-constrained wp-block-group-is-layout-constrained\">\n<h2 class=\"wp-block-heading\" id=\"h-the-ultimate-guide-to-latvian-grammar-navigating-the-intricacies-of-a-unique-language\">La gu\u00eda definitiva de la gram\u00e1tica letona: navegando por las complejidades de un idioma \u00fanico<\/h2>\n\n\n\n<p>La gram\u00e1tica letona, <a href=\"https:\/\/talkpal.ai\/locations\/language-courses-in-como\/\">como<\/a> la lengua misma, presenta un tapiz rico y fascinante de elementos ling\u00fc\u00edsticos. <a href=\"https:\/\/talkpal.ai\/locations\/language-courses-in-como\/\">Como<\/a> lengua b\u00e1ltica, el <a href=\"https:\/\/talkpal.ai\/learn-latvian\/\">let\u00f3n<\/a> cautiva a los <a href=\"https:\/\/talkpal.ai\/talkpal-discount-for-students\/\">estudiantes<\/a> con sus diversas caracter\u00edsticas y desaf\u00eda incluso a los hablantes m\u00e1s competentes. En esta gu\u00eda, exploraremos los principios clave de la gram\u00e1tica letona, desmitificaremos sus complejidades y te ayudaremos en tu viaje para adquirir fluidez en esta cautivadora lengua. \u00a1Empecemos!<\/p>\n\n\n\n<h3 class=\"wp-block-heading\" id=\"h-the-nuts-and-bolts-latvian-sentence-structure\">Las tuercas y tornillos: estructura de oraciones letonas<\/h3>\n\n\n\n<p>En esencia, la gram\u00e1tica letona es bastante sencilla. El lenguaje generalmente sigue la estructura de oraciones Sujeto-Verbo-Objeto (SVO), similar al <a href=\"https:\/\/talkpal.ai\/es\/locations\/aprende-ingles-en-orange\/\">ingl\u00e9s<\/a> y muchos otros idiomas. Por ejemplo, la frase \u00abMe como una manzana\u00bb se traduce por \u00abEs \u0113du \u0101bolu\u00bb. Simple, \u00bfverdad? <a href=\"https:\/\/talkpal.ai\/culture\/how-do-i-use-the-expression-sin-embargo\/\">Sin embargo<\/a>, a medida que profundicemos, encontrar\u00e1s algunos rasgos intrigantes y distintivos de la gram\u00e1tica letona.<\/p>\n\n\n\n<h3 class=\"wp-block-heading\" id=\"h-meet-the-family-latvian-nouns-and-their-cases\">Conoce a la familia: sustantivos letones y sus casos<\/h3>\n\n\n\n<p>Una de las caracter\u00edsticas m\u00e1s desconcertantes de la gram\u00e1tica letona para los angloparlantes es la noci\u00f3n de casos gramaticales. En let\u00f3n, hay siete casos: nominativo, genitivo, dativo, acusativo, locativo, instrumental y vocativo. Cada caso tiene su propia funci\u00f3n e impacta la forma de sustantivos, adjetivos, pronombres y, a veces, incluso verbos.<\/p>\n\n\n\n<p>Por ejemplo, tomemos la palabra \u00ab\u0101bols\u00bb, que significa \u00abmanzana\u00bb:<\/p>\n\n\n\n<p><strong>&#8211; Caso nominativo (utilizado para los sujetos): \u0101bols<\/strong><\/p>\n\n\n\n<p><strong>&#8211; Caso genitivo (utilizado para la posesi\u00f3n): \u0101bola<\/strong><\/p>\n\n\n\n<p><strong>&#8211; Caso dativo (utilizado para objetos indirectos): \u0101bolam<\/strong><\/p>\n\n\n\n<p><strong>&#8211; Caso acusativo (utilizado para objetos directos): \u0101bolu<\/strong><\/p>\n\n\n\n<p><strong>&#8211; Caso locativo (utilizado para la localizaci\u00f3n): \u0101bol\u0101<\/strong><\/p>\n\n\n\n<p><strong>&#8211; Caso instrumental (utilizado para el medio por el que se realiza una acci\u00f3n): \u0101bolu\/-iem<\/strong><\/p>\n\n\n\n<p><strong>&#8211; Caso vocativo (se utiliza para dirigirse a alguien o a algo): \u0101bol<\/strong><\/p>\n\n\n\n<p>Es importante que te familiarices con estos casos, ya que pueden cambiar dr\u00e1sticamente el significado de tus frases.<\/p>\n\n\n\n<h3 class=\"wp-block-heading\" id=\"h-playing-with-numbers-latvian-plurals-and-genders\">Jugando con n\u00fameros: plurales y g\u00e9neros letones<\/h3>\n\n\n\n<p>Al formar plurales en let\u00f3n, es esencial tener en cuenta el g\u00e9nero del sustantivo. En let\u00f3n, los sustantivos <a href=\"https:\/\/talkpal.ai\/locations\/language-courses-in-tienen\/\">tienen<\/a> dos g\u00e9neros: masculino y femenino. El g\u00e9nero afecta las terminaciones de sustantivos, adjetivos, n\u00fameros y ciertas formas verbales.<\/p>\n\n\n\n<p>En general, los sustantivos masculinos en el caso nominativo plural terminan en -i, mientras que los sustantivos femeninos terminan en -as. Por ejemplo, \u00abzirgs\u00bb (zirgs, sustantivo masculino que significa \u00abcaballo\u00bb) se convierte en \u00abzirgi\u00bb (zirgi, caballos), y \u00absieviete\u00bb (sieviete, sustantivo femenino que significa \u00abmujer\u00bb) se convierte en \u00absievietes\u00bb (sievietes, mujeres).<\/p>\n\n\n\n<p>Por supuesto, existen algunas excepciones, por lo que es esencial aprender los sustantivos junto con sus g\u00e9neros y conocer los plurales irregulares.<\/p>\n\n\n\n<h3 class=\"wp-block-heading\" id=\"h-the-art-of-conjugation-latvian-verbs\">El arte de la conjugaci\u00f3n: verbos letones<\/h3>\n\n\n\n<p>Los verbos letones pueden parecer inicialmente desalentadores debido a sus numerosos tiempos, estados de \u00e1nimo y conjugaciones. Sin embargo, la clave para entenderlos es reconocer patrones comunes y practicar regularmente.<\/p>\n\n\n\n<p>En let\u00f3n, los verbos se dividen en tres grupos basados en sus terminaciones infinitivas, -t, -ties y -ties\/-t. Cada grupo tiene reglas de conjugaci\u00f3n espec\u00edficas. Tomemos como ejemplo el verbo \u00ablas\u012bt\u00bb (las\u012bt, \u00ableer\u00bb):<\/p>\n\n\n\n<p><strong>Tiempo presente: Es lasu (Es lasu, \u00abYo leo\u00bb)<\/strong><\/p>\n\n\n\n<p><strong>Tiempo pasado: Es las\u012bju (Es las\u012bju, \u00abLe\u00ed\u00bb)<\/strong><\/p>\n\n\n\n<p><strong>Tiempo futuro: Es las\u012b\u0161u (Es las\u012b\u0161u, \u00abLeer\u00e9\u00bb)<\/strong><\/p>\n\n\n\n<p>Como puede ver, los finales cambian seg\u00fan el tiempo. \u00a1Y esto ni siquiera ara\u00f1a la superficie de la conjugaci\u00f3n de los verbos letones! Sin embargo, no dejes que te desanime. Con pr\u00e1ctica y paciencia, empezar\u00e1s a reconocer los patrones y conquistar\u00e1s este reto.<\/p>\n\n\n\n<h3 class=\"wp-block-heading\" id=\"h-the-finishing-touches-latvian-adjectives-adverbs-and-more\">Los toques finales: adjetivos letones, adverbios y m\u00e1s<\/h3>\n\n\n\n<p>Cuando se trata de adjetivos y adverbios letones, juegan un papel fundamental para agregar profundidad y complejidad a su discurso. Los adjetivos deben estar de acuerdo con los sustantivos que modifican en t\u00e9rminos de g\u00e9nero y caso, con terminaciones que var\u00edan en consecuencia.<\/p>\n\n\n\n<p>Por ejemplo, \u00abgar\u0161\u012bgs\u00bb (gar\u0161\u012bgs) significa \u00abdelicioso\u00bb, y podr\u00edas verlo como \u00abgar\u0161\u012bgs \u0101bols\u00bb (gar\u0161\u012bgs \u0101bols, \u00abmanzana deliciosa\u00bb) o \u00abgar\u0161\u012bga zupa\u00bb (gar\u0161\u012bga zupa, \u00absopa deliciosa\u00bb), con terminaciones diferentes para sustantivos masculinos y femeninos.<\/p>\n\n\n\n<p>Los adverbios suelen seguir patrones similares, a menudo derivados de adjetivos. En let\u00f3n, la mayor\u00eda de los adverbios terminan en -i, que es la misma forma que el acusativo masculino singular para adjetivos.<\/p>\n\n\n\n<p>En conclusi\u00f3n, las complejidades y peculiaridades de la gram\u00e1tica letona, aunque suponen un reto, confieren a la lengua su cautivadora belleza y car\u00e1cter. Con una combinaci\u00f3n de persistencia, curiosidad y aplicaci\u00f3n pr\u00e1ctica, pronto navegar\u00e1s por la gram\u00e1tica letona con facilidad y confianza. \u00a1Feliz aprendizaje!<\/p>\n<\/div><\/div>\n\r\n<section class=\"learnNavigationSection\">\r\n            \r\n        <a href=\"https:\/\/talkpal.ai\/es\/aprender-leton\/\">\r\n            <div class=\"learnNavigationWrapper\">\r\n                <div class=\"learnNavigationContent\">\r\n                    <img decoding=\"async\" src=\"https:\/\/talkpal.ai\/wp-content\/uploads\/2024\/08\/Latvian.jpg\" alt=\"Latvian Flag\">\r\n                    <div>\r\n                        <h4>Sobre el aprendizaje del let\u00f3n<\/h4>\r\n                        <p>Descubra todo sobre la gram\u00e1tica letona.<\/p>\r\n                    <\/div>\r\n                <\/div>\r\n            <\/div>\r\n        <\/a>\r\n\r\n        \r\n        <a href=\"https:\/\/talkpal.ai\/es\/ejercicios-de-gramatica-letona\/\">\r\n            <div class=\"learnNavigationWrapper\">\r\n                <div class=\"learnNavigationContent\">\r\n                    <img decoding=\"async\" src=\"https:\/\/talkpal.ai\/wp-content\/uploads\/2024\/08\/Latvian.jpg\" alt=\"Latvian Flag\">\r\n                    <div>\r\n                        <h4>Ejercicio de gram\u00e1tica letona<\/h4>\r\n                        <p>Practica la gram\u00e1tica letona.<\/p>\r\n                    <\/div>\r\n                <\/div>\r\n            <\/div>\r\n        <\/a>\r\n\r\n        \r\n        <a href=\"https:\/\/talkpal.ai\/vocabulary_language\/latvian\/\">\r\n            <div class=\"learnNavigationWrapper\">\r\n                <div class=\"learnNavigationContent\">\r\n                    <img decoding=\"async\" src=\"https:\/\/talkpal.ai\/wp-content\/uploads\/2024\/08\/Latvian.jpg\" alt=\"Latvian Flag\">\r\n                    <div>\r\n                        <h4>Vocabulario let\u00f3n<\/h4>\r\n                        <p>Ampl\u00eda tu vocabulario let\u00f3n.<\/p>\r\n                    <\/div>\r\n                <\/div>\r\n            <\/div>\r\n        <\/a>\r\n\r\n            <\/section>","protected":false},"excerpt":{"rendered":"<p>La gu\u00eda definitiva de la gram\u00e1tica letona: navegando por las complejidades de un idioma \u00fanico La gram\u00e1tica letona, como la lengua misma, presenta un tapiz rico y fascinante de elementos ling\u00fc\u00edsticos. Como lengua b\u00e1ltica, el let\u00f3n cautiva a los estudiantes con sus diversas caracter\u00edsticas y desaf\u00eda incluso a los hablantes m\u00e1s competentes. En esta gu\u00eda, [&hellip;]<\/p>\n","protected":false},"author":1,"featured_media":28452,"parent":0,"menu_order":0,"comment_status":"closed","ping_status":"closed","template":"LearningContentPage.php","meta":{"_acf_changed":false,"footnotes":""},"class_list":["post-45019","page","type-page","status-publish","has-post-thumbnail","hentry"],"acf":[],"yoast_head":"<!-- This site is optimized with the Yoast SEO Premium plugin v27.2 (Yoast SEO v27.2) - https:\/\/yoast.com\/product\/yoast-seo-premium-wordpress\/ -->\n<title>Gram\u00e1tica letona - Talkpal<\/title>\n<meta name=\"description\" content=\"Domina la gram\u00e1tica letona con confianza: aprende reglas, practica el uso y mejora la precisi\u00f3n ling\u00fc\u00edstica f\u00e1cilmente con Talkpalde la IA.\" \/>\n<meta name=\"robots\" content=\"index, follow, max-snippet:-1, max-image-preview:large, max-video-preview:-1\" \/>\n<link rel=\"canonical\" href=\"https:\/\/talkpal.ai\/es\/gramatica-letona\/\" \/>\n<meta property=\"og:locale\" content=\"es_ES\" \/>\n<meta property=\"og:type\" content=\"article\" \/>\n<meta property=\"og:title\" content=\"Gram\u00e1tica letona\" \/>\n<meta property=\"og:description\" content=\"La gu\u00eda definitiva de la gram\u00e1tica letona: navegando por las complejidades de un idioma \u00fanico La gram\u00e1tica letona, como la lengua misma, presenta un tapiz\" \/>\n<meta property=\"og:url\" content=\"https:\/\/talkpal.ai\/es\/gramatica-letona\/\" \/>\n<meta property=\"og:site_name\" content=\"Talkpal\" \/>\n<meta property=\"article:publisher\" content=\"https:\/\/www.facebook.com\/profile.php?id=100090733639311\" \/>\n<meta property=\"article:modified_time\" content=\"2025-12-17T17:10:52+00:00\" \/>\n<meta property=\"og:image\" content=\"https:\/\/talkpal.ai\/wp-content\/uploads\/2023\/05\/latvia.png\" \/>\n\t<meta property=\"og:image:width\" content=\"512\" \/>\n\t<meta property=\"og:image:height\" content=\"512\" \/>\n\t<meta property=\"og:image:type\" content=\"image\/png\" \/>\n<meta name=\"twitter:card\" content=\"summary_large_image\" \/>\n<meta name=\"twitter:site\" content=\"@talkpalai\" \/>\n<meta name=\"twitter:label1\" content=\"Tiempo de lectura\" \/>\n\t<meta name=\"twitter:data1\" content=\"4 minutos\" \/>\n<script type=\"application\/ld+json\" class=\"yoast-schema-graph\">{\"@context\":\"https:\/\/schema.org\",\"@graph\":[{\"@type\":\"WebPage\",\"@id\":\"https:\/\/talkpal.ai\/es\/gramatica-letona\/\",\"url\":\"https:\/\/talkpal.ai\/es\/gramatica-letona\/\",\"name\":\"Gram\u00e1tica letona - Talkpal\",\"isPartOf\":{\"@id\":\"https:\/\/talkpal.ai\/es\/#website\"},\"primaryImageOfPage\":{\"@id\":\"https:\/\/talkpal.ai\/es\/gramatica-letona\/#primaryimage\"},\"image\":{\"@id\":\"https:\/\/talkpal.ai\/es\/gramatica-letona\/#primaryimage\"},\"thumbnailUrl\":\"https:\/\/talkpal.ai\/wp-content\/uploads\/2023\/05\/latvia.png\",\"datePublished\":\"2023-05-14T14:10:24+00:00\",\"dateModified\":\"2025-12-17T17:10:52+00:00\",\"description\":\"Domina la gram\u00e1tica letona con confianza: aprende reglas, practica el uso y mejora la precisi\u00f3n ling\u00fc\u00edstica f\u00e1cilmente con Talkpalde la IA.\",\"breadcrumb\":{\"@id\":\"https:\/\/talkpal.ai\/es\/gramatica-letona\/#breadcrumb\"},\"inLanguage\":\"es\",\"potentialAction\":[{\"@type\":\"ReadAction\",\"target\":[\"https:\/\/talkpal.ai\/es\/gramatica-letona\/\"]}]},{\"@type\":\"ImageObject\",\"inLanguage\":\"es\",\"@id\":\"https:\/\/talkpal.ai\/es\/gramatica-letona\/#primaryimage\",\"url\":\"https:\/\/talkpal.ai\/wp-content\/uploads\/2023\/05\/latvia.png\",\"contentUrl\":\"https:\/\/talkpal.ai\/wp-content\/uploads\/2023\/05\/latvia.png\",\"width\":512,\"height\":512},{\"@type\":\"BreadcrumbList\",\"@id\":\"https:\/\/talkpal.ai\/es\/gramatica-letona\/#breadcrumb\",\"itemListElement\":[{\"@type\":\"ListItem\",\"position\":1,\"name\":\"Homepage\",\"item\":\"https:\/\/talkpal.ai\/es\/\"},{\"@type\":\"ListItem\",\"position\":2,\"name\":\"Gram\u00e1tica letona\"}]},{\"@type\":\"WebSite\",\"@id\":\"https:\/\/talkpal.ai\/es\/#website\",\"url\":\"https:\/\/talkpal.ai\/es\/\",\"name\":\"Talkpal\",\"description\":\"AI Language Learning\",\"publisher\":{\"@id\":\"https:\/\/talkpal.ai\/es\/#organization\"},\"alternateName\":\"Talkpal AI\",\"potentialAction\":[{\"@type\":\"SearchAction\",\"target\":{\"@type\":\"EntryPoint\",\"urlTemplate\":\"https:\/\/talkpal.ai\/es\/?s={search_term_string}\"},\"query-input\":{\"@type\":\"PropertyValueSpecification\",\"valueRequired\":true,\"valueName\":\"search_term_string\"}}],\"inLanguage\":\"es\"},{\"@type\":\"Organization\",\"@id\":\"https:\/\/talkpal.ai\/es\/#organization\",\"name\":\"Talkpal, Inc.\",\"alternateName\":\"Talkpal AI\",\"url\":\"https:\/\/talkpal.ai\/es\/\",\"logo\":{\"@type\":\"ImageObject\",\"inLanguage\":\"es\",\"@id\":\"https:\/\/talkpal.ai\/es\/#\/schema\/logo\/image\/\",\"url\":\"https:\/\/talkpal.ai\/wp-content\/uploads\/2024\/03\/Talkpal-Logo-Icon.png\",\"contentUrl\":\"https:\/\/talkpal.ai\/wp-content\/uploads\/2024\/03\/Talkpal-Logo-Icon.png\",\"width\":2880,\"height\":2880,\"caption\":\"Talkpal, Inc.\"},\"image\":{\"@id\":\"https:\/\/talkpal.ai\/es\/#\/schema\/logo\/image\/\"},\"sameAs\":[\"https:\/\/www.facebook.com\/profile.php?id=100090733639311\",\"https:\/\/x.com\/talkpalai\",\"https:\/\/www.linkedin.com\/company\/talkpal\/\",\"https:\/\/www.youtube.com\/@TalkPal\/\",\"https:\/\/www.tiktok.com\/@talkpal\",\"https:\/\/www.instagram.com\/talkpal_ai\/\",\"https:\/\/www.crunchbase.com\/organization\/talkpal-9cde\",\"https:\/\/www.g2.com\/products\/talkpal-for-business\/\",\"https:\/\/www.trustpilot.com\/review\/talkpal.ai\",\"https:\/\/www.capterra.com\/p\/10006800\/TalkPal\/\"],\"description\":\"Talkpal is a language learning web and mobile education app, powered by the latest AI technologies, that provides engaging experiences to its customers in many different languages to help them improve their language skills. Users can chat about unlimited amount of topics with the app and use other modes to practice their language learning.\",\"email\":\"support@talkpal.ai\",\"legalName\":\"Talkpal, Inc.\",\"foundingDate\":\"2023-04-03\",\"duns\":\"118989042\",\"numberOfEmployees\":{\"@type\":\"QuantitativeValue\",\"minValue\":\"11\",\"maxValue\":\"50\"},\"publishingPrinciples\":\"https:\/\/talkpal.ai\/publishing-principles\/\",\"actionableFeedbackPolicy\":\"https:\/\/talkpal.ai\/actionable-feedback-policy\/\",\"correctionsPolicy\":\"https:\/\/talkpal.ai\/corrections-policy\/\",\"ethicsPolicy\":\"https:\/\/talkpal.ai\/ethics-policy\/\",\"diversityPolicy\":\"https:\/\/talkpal.ai\/diversity-policy\/\",\"diversityStaffingReport\":\"https:\/\/talkpal.ai\/diversity-policy\/\"}]}<\/script>\n<!-- \/ Yoast SEO Premium plugin. -->","yoast_head_json":{"title":"Gram\u00e1tica letona - Talkpal","description":"Domina la gram\u00e1tica letona con confianza: aprende reglas, practica el uso y mejora la precisi\u00f3n ling\u00fc\u00edstica f\u00e1cilmente con Talkpalde la IA.","robots":{"index":"index","follow":"follow","max-snippet":"max-snippet:-1","max-image-preview":"max-image-preview:large","max-video-preview":"max-video-preview:-1"},"canonical":"https:\/\/talkpal.ai\/es\/gramatica-letona\/","og_locale":"es_ES","og_type":"article","og_title":"Gram\u00e1tica letona","og_description":"La gu\u00eda definitiva de la gram\u00e1tica letona: navegando por las complejidades de un idioma \u00fanico La gram\u00e1tica letona, como la lengua misma, presenta un tapiz","og_url":"https:\/\/talkpal.ai\/es\/gramatica-letona\/","og_site_name":"Talkpal","article_publisher":"https:\/\/www.facebook.com\/profile.php?id=100090733639311","article_modified_time":"2025-12-17T17:10:52+00:00","og_image":[{"width":512,"height":512,"url":"https:\/\/talkpal.ai\/wp-content\/uploads\/2023\/05\/latvia.png","type":"image\/png"}],"twitter_card":"summary_large_image","twitter_site":"@talkpalai","twitter_misc":{"Tiempo de lectura":"4 minutos"},"schema":{"@context":"https:\/\/schema.org","@graph":[{"@type":"WebPage","@id":"https:\/\/talkpal.ai\/es\/gramatica-letona\/","url":"https:\/\/talkpal.ai\/es\/gramatica-letona\/","name":"Gram\u00e1tica letona - Talkpal","isPartOf":{"@id":"https:\/\/talkpal.ai\/es\/#website"},"primaryImageOfPage":{"@id":"https:\/\/talkpal.ai\/es\/gramatica-letona\/#primaryimage"},"image":{"@id":"https:\/\/talkpal.ai\/es\/gramatica-letona\/#primaryimage"},"thumbnailUrl":"https:\/\/talkpal.ai\/wp-content\/uploads\/2023\/05\/latvia.png","datePublished":"2023-05-14T14:10:24+00:00","dateModified":"2025-12-17T17:10:52+00:00","description":"Domina la gram\u00e1tica letona con confianza: aprende reglas, practica el uso y mejora la precisi\u00f3n ling\u00fc\u00edstica f\u00e1cilmente con Talkpalde la IA.","breadcrumb":{"@id":"https:\/\/talkpal.ai\/es\/gramatica-letona\/#breadcrumb"},"inLanguage":"es","potentialAction":[{"@type":"ReadAction","target":["https:\/\/talkpal.ai\/es\/gramatica-letona\/"]}]},{"@type":"ImageObject","inLanguage":"es","@id":"https:\/\/talkpal.ai\/es\/gramatica-letona\/#primaryimage","url":"https:\/\/talkpal.ai\/wp-content\/uploads\/2023\/05\/latvia.png","contentUrl":"https:\/\/talkpal.ai\/wp-content\/uploads\/2023\/05\/latvia.png","width":512,"height":512},{"@type":"BreadcrumbList","@id":"https:\/\/talkpal.ai\/es\/gramatica-letona\/#breadcrumb","itemListElement":[{"@type":"ListItem","position":1,"name":"Homepage","item":"https:\/\/talkpal.ai\/es\/"},{"@type":"ListItem","position":2,"name":"Gram\u00e1tica letona"}]},{"@type":"WebSite","@id":"https:\/\/talkpal.ai\/es\/#website","url":"https:\/\/talkpal.ai\/es\/","name":"Talkpal","description":"AI Language Learning","publisher":{"@id":"https:\/\/talkpal.ai\/es\/#organization"},"alternateName":"Talkpal AI","potentialAction":[{"@type":"SearchAction","target":{"@type":"EntryPoint","urlTemplate":"https:\/\/talkpal.ai\/es\/?s={search_term_string}"},"query-input":{"@type":"PropertyValueSpecification","valueRequired":true,"valueName":"search_term_string"}}],"inLanguage":"es"},{"@type":"Organization","@id":"https:\/\/talkpal.ai\/es\/#organization","name":"Talkpal, Inc.","alternateName":"Talkpal AI","url":"https:\/\/talkpal.ai\/es\/","logo":{"@type":"ImageObject","inLanguage":"es","@id":"https:\/\/talkpal.ai\/es\/#\/schema\/logo\/image\/","url":"https:\/\/talkpal.ai\/wp-content\/uploads\/2024\/03\/Talkpal-Logo-Icon.png","contentUrl":"https:\/\/talkpal.ai\/wp-content\/uploads\/2024\/03\/Talkpal-Logo-Icon.png","width":2880,"height":2880,"caption":"Talkpal, Inc."},"image":{"@id":"https:\/\/talkpal.ai\/es\/#\/schema\/logo\/image\/"},"sameAs":["https:\/\/www.facebook.com\/profile.php?id=100090733639311","https:\/\/x.com\/talkpalai","https:\/\/www.linkedin.com\/company\/talkpal\/","https:\/\/www.youtube.com\/@TalkPal\/","https:\/\/www.tiktok.com\/@talkpal","https:\/\/www.instagram.com\/talkpal_ai\/","https:\/\/www.crunchbase.com\/organization\/talkpal-9cde","https:\/\/www.g2.com\/products\/talkpal-for-business\/","https:\/\/www.trustpilot.com\/review\/talkpal.ai","https:\/\/www.capterra.com\/p\/10006800\/TalkPal\/"],"description":"Talkpal is a language learning web and mobile education app, powered by the latest AI technologies, that provides engaging experiences to its customers in many different languages to help them improve their language skills. Users can chat about unlimited amount of topics with the app and use other modes to practice their language learning.","email":"support@talkpal.ai","legalName":"Talkpal, Inc.","foundingDate":"2023-04-03","duns":"118989042","numberOfEmployees":{"@type":"QuantitativeValue","minValue":"11","maxValue":"50"},"publishingPrinciples":"https:\/\/talkpal.ai\/publishing-principles\/","actionableFeedbackPolicy":"https:\/\/talkpal.ai\/actionable-feedback-policy\/","correctionsPolicy":"https:\/\/talkpal.ai\/corrections-policy\/","ethicsPolicy":"https:\/\/talkpal.ai\/ethics-policy\/","diversityPolicy":"https:\/\/talkpal.ai\/diversity-policy\/","diversityStaffingReport":"https:\/\/talkpal.ai\/diversity-policy\/"}]}},"_links":{"self":[{"href":"https:\/\/talkpal.ai\/es\/wp-json\/wp\/v2\/pages\/45019","targetHints":{"allow":["GET"]}}],"collection":[{"href":"https:\/\/talkpal.ai\/es\/wp-json\/wp\/v2\/pages"}],"about":[{"href":"https:\/\/talkpal.ai\/es\/wp-json\/wp\/v2\/types\/page"}],"author":[{"embeddable":true,"href":"https:\/\/talkpal.ai\/es\/wp-json\/wp\/v2\/users\/1"}],"replies":[{"embeddable":true,"href":"https:\/\/talkpal.ai\/es\/wp-json\/wp\/v2\/comments?post=45019"}],"version-history":[{"count":0,"href":"https:\/\/talkpal.ai\/es\/wp-json\/wp\/v2\/pages\/45019\/revisions"}],"wp:featuredmedia":[{"embeddable":true,"href":"https:\/\/talkpal.ai\/es\/wp-json\/wp\/v2\/media\/28452"}],"wp:attachment":[{"href":"https:\/\/talkpal.ai\/es\/wp-json\/wp\/v2\/media?parent=45019"}],"curies":[{"name":"wp","href":"https:\/\/api.w.org\/{rel}","templated":true}]}}