{"id":45000,"date":"2023-05-14T14:11:28","date_gmt":"2023-05-14T14:11:28","guid":{"rendered":"http:\/\/talkpal.ai\/gramatica-macedonia\/"},"modified":"2025-12-17T16:35:16","modified_gmt":"2025-12-17T16:35:16","slug":"gramatica-macedonia","status":"publish","type":"page","link":"https:\/\/talkpal.ai\/es\/gramatica-macedonia\/","title":{"rendered":"Gram\u00e1tica macedonia"},"content":{"rendered":"\r\n\r\n\r\n<section class=\"languageChallengeSection\">\r\n    <div class=\"languageInfoWrapper\">\r\n        \r\n        <h1>Gram\u00e1tica macedonia<\/h1>\r\n        <p>Sum\u00e9rgete en el fascinante mundo de la <a href=\"https:\/\/talkpal.ai\/macedonian-grammar\/\">gram\u00e1tica macedonia<\/a> y descubre la estructura de esta lengua eslava del sur \u00fanica. Aprender los conceptos b\u00e1sicos de la <a href=\"https:\/\/talkpal.ai\/macedonian-grammar\/\">gram\u00e1tica macedonia<\/a> te permitir\u00e1 comunicarte con m\u00e1s confianza y explorar la rica cultura del norte de <a href=\"https:\/\/talkpal.ai\/learn-macedonian\/\">Macedonia<\/a>. \u00a1Empieza hoy mismo y da tu primer paso para dominar el macedonio!<\/p>\r\n\r\n                            <a class=\"getStartedHidden\" href=\"https:\/\/app.talkpal.ai\/es-es\/signup?lng=\">Comenzar<\/a>\r\n        \r\n    <\/div>\r\n\r\n    <figure>\r\n    <img decoding=\"async\" width=\"768\" height=\"768\" src=\"https:\/\/talkpal.ai\/wp-content\/uploads\/2023\/06\/macedonian-768x768.png\" class=\"languageImage no-lazy\" alt=\"Default alt text\" fetchpriority=\"high\" sizes=\"(max-width: 768px) 150px, 768px\" srcset=\"https:\/\/talkpal.ai\/wp-content\/uploads\/2023\/06\/macedonian-768x768.png 768w, https:\/\/talkpal.ai\/wp-content\/uploads\/2023\/06\/macedonian-300x300.png 300w\" \/>\r\n    \r\n\r\n    <\/figure>\r\n\r\n            <a class=\"getStartedVisible\" href=\"https:\/\/app.talkpal.ai\/es-es\/signup?lng=\">Comenzar<\/a>\r\n    \r\n<\/section>\r\n        <section class=\"grammarSection\">\r\n            <div class=\"grammarLinks\">\r\n                <a href=\"https:\/\/talkpal.ai\/es\/language\/adjetivos-gramatica-macedonia\/\">Adjetivos <\/a><a href=\"https:\/\/talkpal.ai\/es\/language\/adverbios-gramatica-macedonia\/\">Adverbios <\/a><a href=\"https:\/\/talkpal.ai\/es\/language\/articulos-gramatica-macedonia\/\">Art\u00edculos <\/a><a href=\"https:\/\/talkpal.ai\/es\/language\/comparacion-de-tiempos-gramatica-macedonia\/\">Comparaci\u00f3n de tiempos <\/a><a href=\"https:\/\/talkpal.ai\/es\/language\/condicionales-gramatica-macedonia\/\">Condicionales <\/a><a href=\"https:\/\/talkpal.ai\/es\/language\/oraciones-gramatica-macedonia\/\">Oraciones <\/a><a href=\"https:\/\/talkpal.ai\/es\/language\/perfecto-progresivo-gramatica-macedonia\/\">Perfecto Progresivo <\/a><a href=\"https:\/\/talkpal.ai\/es\/language\/preposiciones-gramatica-macedonia\/\">Preposiciones <\/a><a href=\"https:\/\/talkpal.ai\/es\/language\/progresivo-gramatica-macedonia\/\">Progresivo <\/a><a href=\"https:\/\/talkpal.ai\/es\/language\/pronombres-determinantes-gramatica-macedonia\/\">Pronombres\/Determinantes <\/a><a href=\"https:\/\/talkpal.ai\/es\/language\/sustantivos-gramatica-macedonia\/\">Sustantivos <\/a><a href=\"https:\/\/talkpal.ai\/es\/language\/tiempos-verbales-gramatica-macedonia\/\">Tiempos verbales <\/a><a href=\"https:\/\/talkpal.ai\/es\/language\/verbos-gramatica-macedonia\/\">Verbos <\/a>            <\/div>\r\n        <\/section>\r\n    <section class=\"promotionalBanner\">\r\n    <p class=\"promotionalText\">La forma m\u00e1s eficiente de aprender un idioma<\/p>\r\n    <a class=\"promotionalLink\" href=\"https:\/\/app.talkpal.ai\/es-es\/signup?lng=\">Prueba Talkpal gratis<\/a>\r\n<\/section>\n<div class=\"wp-block-group pageContainerStyle\"><div class=\"wp-block-group__inner-container is-layout-constrained wp-block-group-is-layout-constrained\">\n<h2 class=\"wp-block-heading\" id=\"h-unraveling-the-mysteries-of-macedonian-grammar\">Desentra\u00f1ando los misterios de la gram\u00e1tica macedonia<\/h2>\n\n\n\n<p>Gram\u00e1tica macedonia: intrincada pero accesible, fascinante pero elegante, compleja pero intrigante. Al comenzar su viaje al mundo de la lengua macedonia, puede sentir una mezcla de emoci\u00f3n e intimidaci\u00f3n cuando se trata de descifrar sus enigmas gramaticales. \u00a1No temas, ferviente entusiasta del lenguaje! \u00a1Estamos aqu\u00ed para apoyarte en esta aventura ling\u00fc\u00edstica!<\/p>\n\n\n\n<p>En este atractivo art\u00edculo, arrojaremos luz sobre aspectos esenciales de la gram\u00e1tica macedonia, proporcionando ideas, explicaciones y ejemplos pr\u00e1cticos. Te revelaremos que esta fascinante lengua balc\u00e1nica es m\u00e1s accesible de <a href=\"https:\/\/talkpal.ai\/culture\/how-do-i-use-lo-que-in-a-sentence\/\">lo que<\/a> crees. As\u00ed que abr\u00f3chate el cintur\u00f3n y perm\u00edtenos simplificar y desmitificar la gram\u00e1tica macedonia para ti.<\/p>\n\n\n\n<h3 class=\"wp-block-heading\" id=\"h-1-delightful-declensions-noun-cases-made-easy\">1. Declinaciones deliciosas: casos de sustantivos f\u00e1ciles<\/h3>\n\n\n\n<p>Al igual que otras lenguas eslavas, el macedonio presenta un complejo sistema de casos sustantivos, que consta de tres casos: nominativo, acusativo y dativo. Aunque menos desalentador que los idiomas con m\u00e1s casos, dominar estos matices es esencial para lograr fluidez. Estos casos asignan diferentes roles a sustantivos, pronombres y adjetivos en una oraci\u00f3n. Aqu\u00ed hay una breve descripci\u00f3n general:<\/p>\n\n\n\n<p><strong>&#8211; Nominativo: El sujeto de la frase<\/strong><\/p>\n\n\n\n<p><strong>&#8211; Acusativo: El objeto directo o el objetivo de una acci\u00f3n<\/strong><\/p>\n\n\n\n<p><strong>&#8211; Dativo: El objeto indirecto, o que muestra la direcci\u00f3n de una acci\u00f3n<\/strong><\/p>\n\n\n\n<p>Para familiarizarse con estos casos, la pr\u00e1ctica es la clave. Con el tiempo y la exposici\u00f3n al idioma, estas distinciones se convertir\u00e1n en una segunda naturaleza.<\/p>\n\n\n\n<h3 class=\"wp-block-heading\" id=\"h-2-amiable-adjectives-agreement-is-everything\">2. Adjetivos amables: el acuerdo lo es todo<\/h3>\n\n\n\n<p>Los adjetivos en la gram\u00e1tica macedonia son conformistas agradables. Est\u00e1n de acuerdo con el g\u00e9nero, el n\u00famero y el caso de los sustantivos que describen. Esto significa que tendr\u00e1s que ajustar la forma de cada adjetivo a las caracter\u00edsticas del sustantivo.<\/p>\n\n\n\n<p><a href=\"https:\/\/talkpal.ai\/culture\/how-do-i-use-para-que-correctly\/\">Para que<\/a> este proceso sea m\u00e1s fluido, conc\u00e9ntrese en aprender las formas adjetivas centrales: masculino, femenino y neutro. Con la pr\u00e1ctica regular, el proceso de acuerdo adjetivo pronto se volver\u00e1 intuitivo.<\/p>\n\n\n\n<h3 class=\"wp-block-heading\" id=\"h-3-vigorous-verbs-conjugation-and-aspect-mastery\">3. Verbos vigorosos: conjugaci\u00f3n y dominio del aspecto<\/h3>\n\n\n\n<p>Al igual que con otras lenguas eslavas, los verbos macedonios experimentan variaciones sustanciales. La conjugaci\u00f3n depende del tiempo, el estado de \u00e1nimo, la persona, el n\u00famero y, lo m\u00e1s importante, el aspecto.<\/p>\n\n\n\n<p>Los verbos macedonios <a href=\"https:\/\/talkpal.ai\/locations\/language-courses-in-tienen\/\">tienen<\/a> dos aspectos: perfectivo e imperfectivo. Los verbos perfectivos expresan una acci\u00f3n completa, mientras que los imperfectivos transmiten una acci\u00f3n continua o repetitiva. Comprender este concepto es crucial para refinar su experiencia gramatical.<\/p>\n\n\n\n<h3 class=\"wp-block-heading\" id=\"h-4-pitch-perfect-particles-mastering-stress-and-intonation\">4. Part\u00edculas perfectas: dominar el estr\u00e9s y la entonaci\u00f3n<\/h3>\n\n\n\n<p>Un desaf\u00edo \u00fanico en macedonio para los <a href=\"https:\/\/talkpal.ai\/talkpal-discount-for-students\/\">estudiantes<\/a> de idiomas es dominar el distintivo sistema de tono y acento que asigna acento y entonaci\u00f3n a las s\u00edlabas. Este sistema puede afectar directamente el significado y la comprensi\u00f3n.<\/p>\n\n\n\n<p>Para conseguir precisi\u00f3n en la pronunciaci\u00f3n y claridad en la comunicaci\u00f3n, presta mucha atenci\u00f3n a los patrones de entonaci\u00f3n en el habla de los macedonios nativos. <a href=\"https:\/\/talkpal.ai\/locations\/language-courses-in-como\/\">Como<\/a> principiante, puede tener dificultades, pero recuerde que la pr\u00e1ctica genera confianza y dominio.<\/p>\n\n\n\n<h3 class=\"wp-block-heading\" id=\"h-5-embrace-the-intricacies-persevere-and-prosper\">5. Abraza las complejidades: persevera y prospera<\/h3>\n\n\n\n<p>La gram\u00e1tica macedonia, a primera <a href=\"https:\/\/talkpal.ai\/locations\/language-courses-in-vista\/\">vista<\/a>, puede parecer compleja, pero tenga en cuenta que la paciencia, la pr\u00e1ctica y la perseverancia son los secretos del \u00e9xito. Interact\u00fae con el idioma a trav\u00e9s de la lectura, la escritura, la escucha y el habla. Acepta los desaf\u00edos y recomp\u00e9nsate con la satisfacci\u00f3n del progreso.<\/p>\n\n\n\n<p>Entonces, \u00bfest\u00e1s listo para sumergirte en el fascinante reino de la gram\u00e1tica macedonia? Acepta sus peculiaridades y complejidades, saborea las sutilezas y recuerda que con dedicaci\u00f3n y entusiasmo, puedes desbloquear la verdadera belleza del idioma macedonio. \u0421\u043e \u0441\u0440\u0435\u045c\u0430! (\u00a1Buena suerte!)<\/p>\n<\/div><\/div>\n\r\n<section class=\"learnNavigationSection\">\r\n            \r\n        <a href=\"https:\/\/talkpal.ai\/es\/aprender-macedonio\/\">\r\n            <div class=\"learnNavigationWrapper\">\r\n                <div class=\"learnNavigationContent\">\r\n                    <img decoding=\"async\" src=\"https:\/\/talkpal.ai\/wp-content\/uploads\/2024\/08\/Macedonian.jpg\" alt=\"Macedonian Flag\">\r\n                    <div>\r\n                        <h4>Sobre el aprendizaje macedonio<\/h4>\r\n                        <p>Descubra todo sobre la gram\u00e1tica macedonia.<\/p>\r\n                    <\/div>\r\n                <\/div>\r\n            <\/div>\r\n        <\/a>\r\n\r\n        \r\n        <a href=\"https:\/\/talkpal.ai\/es\/ejercicios-de-gramatica-macedonia\/\">\r\n            <div class=\"learnNavigationWrapper\">\r\n                <div class=\"learnNavigationContent\">\r\n                    <img decoding=\"async\" src=\"https:\/\/talkpal.ai\/wp-content\/uploads\/2024\/08\/Macedonian.jpg\" alt=\"Macedonian Flag\">\r\n                    <div>\r\n                        <h4>Ejercicio de gram\u00e1tica macedonia<\/h4>\r\n                        <p>Practicar la gram\u00e1tica macedonia.<\/p>\r\n                    <\/div>\r\n                <\/div>\r\n            <\/div>\r\n        <\/a>\r\n\r\n        \r\n        <a href=\"https:\/\/talkpal.ai\/vocabulary_language\/macedonian\/\">\r\n            <div class=\"learnNavigationWrapper\">\r\n                <div class=\"learnNavigationContent\">\r\n                    <img decoding=\"async\" src=\"https:\/\/talkpal.ai\/wp-content\/uploads\/2024\/08\/Macedonian.jpg\" alt=\"Macedonian Flag\">\r\n                    <div>\r\n                        <h4>Vocabulario macedonio<\/h4>\r\n                        <p>Ampl\u00eda tu vocabulario macedonio.<\/p>\r\n                    <\/div>\r\n                <\/div>\r\n            <\/div>\r\n        <\/a>\r\n\r\n            <\/section>","protected":false},"excerpt":{"rendered":"<p>Desentra\u00f1ando los misterios de la gram\u00e1tica macedonia Gram\u00e1tica macedonia: intrincada pero accesible, fascinante pero elegante, compleja pero intrigante. Al comenzar su viaje al mundo de la lengua macedonia, puede sentir una mezcla de emoci\u00f3n e intimidaci\u00f3n cuando se trata de descifrar sus enigmas gramaticales. \u00a1No temas, ferviente entusiasta del lenguaje! \u00a1Estamos aqu\u00ed para apoyarte en [&hellip;]<\/p>\n","protected":false},"author":1,"featured_media":28596,"parent":0,"menu_order":0,"comment_status":"closed","ping_status":"closed","template":"LearningContentPage.php","meta":{"_acf_changed":false,"footnotes":""},"class_list":["post-45000","page","type-page","status-publish","has-post-thumbnail","hentry"],"acf":[],"yoast_head":"<!-- This site is optimized with the Yoast SEO Premium plugin v27.2 (Yoast SEO v27.2) - https:\/\/yoast.com\/product\/yoast-seo-premium-wordpress\/ -->\n<title>Gram\u00e1tica macedonia - Talkpal<\/title>\n<meta name=\"description\" content=\"Domina la gram\u00e1tica macedonia sin esfuerzo con Talkpaltu tutor ling\u00fc\u00edstico con inteligencia artificial. \u00a1Mejora tus conocimientos de gram\u00e1tica macedonia!\" \/>\n<meta name=\"robots\" content=\"index, follow, max-snippet:-1, max-image-preview:large, max-video-preview:-1\" \/>\n<link rel=\"canonical\" href=\"https:\/\/talkpal.ai\/es\/gramatica-macedonia\/\" \/>\n<meta property=\"og:locale\" content=\"es_ES\" \/>\n<meta property=\"og:type\" content=\"article\" \/>\n<meta property=\"og:title\" content=\"Gram\u00e1tica macedonia\" \/>\n<meta property=\"og:description\" content=\"Desentra\u00f1ando los misterios de la gram\u00e1tica macedonia Gram\u00e1tica macedonia: intrincada pero accesible, fascinante pero elegante, compleja pero intrigante.\" \/>\n<meta property=\"og:url\" content=\"https:\/\/talkpal.ai\/es\/gramatica-macedonia\/\" \/>\n<meta property=\"og:site_name\" content=\"Talkpal\" \/>\n<meta property=\"article:publisher\" content=\"https:\/\/www.facebook.com\/profile.php?id=100090733639311\" \/>\n<meta property=\"article:modified_time\" content=\"2025-12-17T16:35:16+00:00\" \/>\n<meta property=\"og:image\" content=\"https:\/\/talkpal.ai\/wp-content\/uploads\/2023\/05\/republic-of-macedonia.png\" \/>\n\t<meta property=\"og:image:width\" content=\"512\" \/>\n\t<meta property=\"og:image:height\" content=\"512\" \/>\n\t<meta property=\"og:image:type\" content=\"image\/png\" \/>\n<meta name=\"twitter:card\" content=\"summary_large_image\" \/>\n<meta name=\"twitter:site\" content=\"@talkpalai\" \/>\n<meta name=\"twitter:label1\" content=\"Tiempo de lectura\" \/>\n\t<meta name=\"twitter:data1\" content=\"3 minutos\" \/>\n<script type=\"application\/ld+json\" class=\"yoast-schema-graph\">{\"@context\":\"https:\/\/schema.org\",\"@graph\":[{\"@type\":\"WebPage\",\"@id\":\"https:\/\/talkpal.ai\/es\/gramatica-macedonia\/\",\"url\":\"https:\/\/talkpal.ai\/es\/gramatica-macedonia\/\",\"name\":\"Gram\u00e1tica macedonia - Talkpal\",\"isPartOf\":{\"@id\":\"https:\/\/talkpal.ai\/es\/#website\"},\"primaryImageOfPage\":{\"@id\":\"https:\/\/talkpal.ai\/es\/gramatica-macedonia\/#primaryimage\"},\"image\":{\"@id\":\"https:\/\/talkpal.ai\/es\/gramatica-macedonia\/#primaryimage\"},\"thumbnailUrl\":\"https:\/\/talkpal.ai\/wp-content\/uploads\/2023\/05\/republic-of-macedonia.png\",\"datePublished\":\"2023-05-14T14:11:28+00:00\",\"dateModified\":\"2025-12-17T16:35:16+00:00\",\"description\":\"Domina la gram\u00e1tica macedonia sin esfuerzo con Talkpaltu tutor ling\u00fc\u00edstico con inteligencia artificial. \u00a1Mejora tus conocimientos de gram\u00e1tica macedonia!\",\"breadcrumb\":{\"@id\":\"https:\/\/talkpal.ai\/es\/gramatica-macedonia\/#breadcrumb\"},\"inLanguage\":\"es\",\"potentialAction\":[{\"@type\":\"ReadAction\",\"target\":[\"https:\/\/talkpal.ai\/es\/gramatica-macedonia\/\"]}]},{\"@type\":\"ImageObject\",\"inLanguage\":\"es\",\"@id\":\"https:\/\/talkpal.ai\/es\/gramatica-macedonia\/#primaryimage\",\"url\":\"https:\/\/talkpal.ai\/wp-content\/uploads\/2023\/05\/republic-of-macedonia.png\",\"contentUrl\":\"https:\/\/talkpal.ai\/wp-content\/uploads\/2023\/05\/republic-of-macedonia.png\",\"width\":512,\"height\":512},{\"@type\":\"BreadcrumbList\",\"@id\":\"https:\/\/talkpal.ai\/es\/gramatica-macedonia\/#breadcrumb\",\"itemListElement\":[{\"@type\":\"ListItem\",\"position\":1,\"name\":\"Homepage\",\"item\":\"https:\/\/talkpal.ai\/es\/\"},{\"@type\":\"ListItem\",\"position\":2,\"name\":\"Gram\u00e1tica macedonia\"}]},{\"@type\":\"WebSite\",\"@id\":\"https:\/\/talkpal.ai\/es\/#website\",\"url\":\"https:\/\/talkpal.ai\/es\/\",\"name\":\"Talkpal\",\"description\":\"AI Language Learning\",\"publisher\":{\"@id\":\"https:\/\/talkpal.ai\/es\/#organization\"},\"alternateName\":\"Talkpal AI\",\"potentialAction\":[{\"@type\":\"SearchAction\",\"target\":{\"@type\":\"EntryPoint\",\"urlTemplate\":\"https:\/\/talkpal.ai\/es\/?s={search_term_string}\"},\"query-input\":{\"@type\":\"PropertyValueSpecification\",\"valueRequired\":true,\"valueName\":\"search_term_string\"}}],\"inLanguage\":\"es\"},{\"@type\":\"Organization\",\"@id\":\"https:\/\/talkpal.ai\/es\/#organization\",\"name\":\"Talkpal, Inc.\",\"alternateName\":\"Talkpal AI\",\"url\":\"https:\/\/talkpal.ai\/es\/\",\"logo\":{\"@type\":\"ImageObject\",\"inLanguage\":\"es\",\"@id\":\"https:\/\/talkpal.ai\/es\/#\/schema\/logo\/image\/\",\"url\":\"https:\/\/talkpal.ai\/wp-content\/uploads\/2024\/03\/Talkpal-Logo-Icon.png\",\"contentUrl\":\"https:\/\/talkpal.ai\/wp-content\/uploads\/2024\/03\/Talkpal-Logo-Icon.png\",\"width\":2880,\"height\":2880,\"caption\":\"Talkpal, Inc.\"},\"image\":{\"@id\":\"https:\/\/talkpal.ai\/es\/#\/schema\/logo\/image\/\"},\"sameAs\":[\"https:\/\/www.facebook.com\/profile.php?id=100090733639311\",\"https:\/\/x.com\/talkpalai\",\"https:\/\/www.linkedin.com\/company\/talkpal\/\",\"https:\/\/www.youtube.com\/@TalkPal\/\",\"https:\/\/www.tiktok.com\/@talkpal\",\"https:\/\/www.instagram.com\/talkpal_ai\/\",\"https:\/\/www.crunchbase.com\/organization\/talkpal-9cde\",\"https:\/\/www.g2.com\/products\/talkpal-for-business\/\",\"https:\/\/www.trustpilot.com\/review\/talkpal.ai\",\"https:\/\/www.capterra.com\/p\/10006800\/TalkPal\/\"],\"description\":\"Talkpal is a language learning web and mobile education app, powered by the latest AI technologies, that provides engaging experiences to its customers in many different languages to help them improve their language skills. Users can chat about unlimited amount of topics with the app and use other modes to practice their language learning.\",\"email\":\"support@talkpal.ai\",\"legalName\":\"Talkpal, Inc.\",\"foundingDate\":\"2023-04-03\",\"duns\":\"118989042\",\"numberOfEmployees\":{\"@type\":\"QuantitativeValue\",\"minValue\":\"11\",\"maxValue\":\"50\"},\"publishingPrinciples\":\"https:\/\/talkpal.ai\/publishing-principles\/\",\"actionableFeedbackPolicy\":\"https:\/\/talkpal.ai\/actionable-feedback-policy\/\",\"correctionsPolicy\":\"https:\/\/talkpal.ai\/corrections-policy\/\",\"ethicsPolicy\":\"https:\/\/talkpal.ai\/ethics-policy\/\",\"diversityPolicy\":\"https:\/\/talkpal.ai\/diversity-policy\/\",\"diversityStaffingReport\":\"https:\/\/talkpal.ai\/diversity-policy\/\"}]}<\/script>\n<!-- \/ Yoast SEO Premium plugin. -->","yoast_head_json":{"title":"Gram\u00e1tica macedonia - Talkpal","description":"Domina la gram\u00e1tica macedonia sin esfuerzo con Talkpaltu tutor ling\u00fc\u00edstico con inteligencia artificial. \u00a1Mejora tus conocimientos de gram\u00e1tica macedonia!","robots":{"index":"index","follow":"follow","max-snippet":"max-snippet:-1","max-image-preview":"max-image-preview:large","max-video-preview":"max-video-preview:-1"},"canonical":"https:\/\/talkpal.ai\/es\/gramatica-macedonia\/","og_locale":"es_ES","og_type":"article","og_title":"Gram\u00e1tica macedonia","og_description":"Desentra\u00f1ando los misterios de la gram\u00e1tica macedonia Gram\u00e1tica macedonia: intrincada pero accesible, fascinante pero elegante, compleja pero intrigante.","og_url":"https:\/\/talkpal.ai\/es\/gramatica-macedonia\/","og_site_name":"Talkpal","article_publisher":"https:\/\/www.facebook.com\/profile.php?id=100090733639311","article_modified_time":"2025-12-17T16:35:16+00:00","og_image":[{"width":512,"height":512,"url":"https:\/\/talkpal.ai\/wp-content\/uploads\/2023\/05\/republic-of-macedonia.png","type":"image\/png"}],"twitter_card":"summary_large_image","twitter_site":"@talkpalai","twitter_misc":{"Tiempo de lectura":"3 minutos"},"schema":{"@context":"https:\/\/schema.org","@graph":[{"@type":"WebPage","@id":"https:\/\/talkpal.ai\/es\/gramatica-macedonia\/","url":"https:\/\/talkpal.ai\/es\/gramatica-macedonia\/","name":"Gram\u00e1tica macedonia - Talkpal","isPartOf":{"@id":"https:\/\/talkpal.ai\/es\/#website"},"primaryImageOfPage":{"@id":"https:\/\/talkpal.ai\/es\/gramatica-macedonia\/#primaryimage"},"image":{"@id":"https:\/\/talkpal.ai\/es\/gramatica-macedonia\/#primaryimage"},"thumbnailUrl":"https:\/\/talkpal.ai\/wp-content\/uploads\/2023\/05\/republic-of-macedonia.png","datePublished":"2023-05-14T14:11:28+00:00","dateModified":"2025-12-17T16:35:16+00:00","description":"Domina la gram\u00e1tica macedonia sin esfuerzo con Talkpaltu tutor ling\u00fc\u00edstico con inteligencia artificial. \u00a1Mejora tus conocimientos de gram\u00e1tica macedonia!","breadcrumb":{"@id":"https:\/\/talkpal.ai\/es\/gramatica-macedonia\/#breadcrumb"},"inLanguage":"es","potentialAction":[{"@type":"ReadAction","target":["https:\/\/talkpal.ai\/es\/gramatica-macedonia\/"]}]},{"@type":"ImageObject","inLanguage":"es","@id":"https:\/\/talkpal.ai\/es\/gramatica-macedonia\/#primaryimage","url":"https:\/\/talkpal.ai\/wp-content\/uploads\/2023\/05\/republic-of-macedonia.png","contentUrl":"https:\/\/talkpal.ai\/wp-content\/uploads\/2023\/05\/republic-of-macedonia.png","width":512,"height":512},{"@type":"BreadcrumbList","@id":"https:\/\/talkpal.ai\/es\/gramatica-macedonia\/#breadcrumb","itemListElement":[{"@type":"ListItem","position":1,"name":"Homepage","item":"https:\/\/talkpal.ai\/es\/"},{"@type":"ListItem","position":2,"name":"Gram\u00e1tica macedonia"}]},{"@type":"WebSite","@id":"https:\/\/talkpal.ai\/es\/#website","url":"https:\/\/talkpal.ai\/es\/","name":"Talkpal","description":"AI Language Learning","publisher":{"@id":"https:\/\/talkpal.ai\/es\/#organization"},"alternateName":"Talkpal AI","potentialAction":[{"@type":"SearchAction","target":{"@type":"EntryPoint","urlTemplate":"https:\/\/talkpal.ai\/es\/?s={search_term_string}"},"query-input":{"@type":"PropertyValueSpecification","valueRequired":true,"valueName":"search_term_string"}}],"inLanguage":"es"},{"@type":"Organization","@id":"https:\/\/talkpal.ai\/es\/#organization","name":"Talkpal, Inc.","alternateName":"Talkpal AI","url":"https:\/\/talkpal.ai\/es\/","logo":{"@type":"ImageObject","inLanguage":"es","@id":"https:\/\/talkpal.ai\/es\/#\/schema\/logo\/image\/","url":"https:\/\/talkpal.ai\/wp-content\/uploads\/2024\/03\/Talkpal-Logo-Icon.png","contentUrl":"https:\/\/talkpal.ai\/wp-content\/uploads\/2024\/03\/Talkpal-Logo-Icon.png","width":2880,"height":2880,"caption":"Talkpal, Inc."},"image":{"@id":"https:\/\/talkpal.ai\/es\/#\/schema\/logo\/image\/"},"sameAs":["https:\/\/www.facebook.com\/profile.php?id=100090733639311","https:\/\/x.com\/talkpalai","https:\/\/www.linkedin.com\/company\/talkpal\/","https:\/\/www.youtube.com\/@TalkPal\/","https:\/\/www.tiktok.com\/@talkpal","https:\/\/www.instagram.com\/talkpal_ai\/","https:\/\/www.crunchbase.com\/organization\/talkpal-9cde","https:\/\/www.g2.com\/products\/talkpal-for-business\/","https:\/\/www.trustpilot.com\/review\/talkpal.ai","https:\/\/www.capterra.com\/p\/10006800\/TalkPal\/"],"description":"Talkpal is a language learning web and mobile education app, powered by the latest AI technologies, that provides engaging experiences to its customers in many different languages to help them improve their language skills. Users can chat about unlimited amount of topics with the app and use other modes to practice their language learning.","email":"support@talkpal.ai","legalName":"Talkpal, Inc.","foundingDate":"2023-04-03","duns":"118989042","numberOfEmployees":{"@type":"QuantitativeValue","minValue":"11","maxValue":"50"},"publishingPrinciples":"https:\/\/talkpal.ai\/publishing-principles\/","actionableFeedbackPolicy":"https:\/\/talkpal.ai\/actionable-feedback-policy\/","correctionsPolicy":"https:\/\/talkpal.ai\/corrections-policy\/","ethicsPolicy":"https:\/\/talkpal.ai\/ethics-policy\/","diversityPolicy":"https:\/\/talkpal.ai\/diversity-policy\/","diversityStaffingReport":"https:\/\/talkpal.ai\/diversity-policy\/"}]}},"_links":{"self":[{"href":"https:\/\/talkpal.ai\/es\/wp-json\/wp\/v2\/pages\/45000","targetHints":{"allow":["GET"]}}],"collection":[{"href":"https:\/\/talkpal.ai\/es\/wp-json\/wp\/v2\/pages"}],"about":[{"href":"https:\/\/talkpal.ai\/es\/wp-json\/wp\/v2\/types\/page"}],"author":[{"embeddable":true,"href":"https:\/\/talkpal.ai\/es\/wp-json\/wp\/v2\/users\/1"}],"replies":[{"embeddable":true,"href":"https:\/\/talkpal.ai\/es\/wp-json\/wp\/v2\/comments?post=45000"}],"version-history":[{"count":0,"href":"https:\/\/talkpal.ai\/es\/wp-json\/wp\/v2\/pages\/45000\/revisions"}],"wp:featuredmedia":[{"embeddable":true,"href":"https:\/\/talkpal.ai\/es\/wp-json\/wp\/v2\/media\/28596"}],"wp:attachment":[{"href":"https:\/\/talkpal.ai\/es\/wp-json\/wp\/v2\/media?parent=45000"}],"curies":[{"name":"wp","href":"https:\/\/api.w.org\/{rel}","templated":true}]}}