{"id":44985,"date":"2023-05-14T14:13:06","date_gmt":"2023-05-14T14:13:06","guid":{"rendered":"http:\/\/talkpal.ai\/gramatica-noruega\/"},"modified":"2025-12-17T17:01:27","modified_gmt":"2025-12-17T17:01:27","slug":"gramatica-noruega","status":"publish","type":"page","link":"https:\/\/talkpal.ai\/es\/gramatica-noruega\/","title":{"rendered":"Gram\u00e1tica noruega"},"content":{"rendered":"\r\n\r\n\r\n<section class=\"languageChallengeSection\">\r\n    <div class=\"languageInfoWrapper\">\r\n        \r\n        <h1>Gram\u00e1tica noruega<\/h1>\r\n        <p>Descubre los fundamentos de la <a href=\"https:\/\/talkpal.ai\/norwegian-grammar\/\">gram\u00e1tica noruega<\/a> y desbloquea la capacidad de comunicarte con confianza en una de las lenguas m\u00e1s bellas de Escandinavia. Comprender la gram\u00e1tica noruega te abrir\u00e1 las puertas a nuevas experiencias culturales y conversaciones significativas. \u00a1Empieza a aprender gram\u00e1tica noruega hoy mismo y da tu primer paso hacia la fluidez!<\/p>\r\n\r\n                            <a class=\"getStartedHidden\" href=\"https:\/\/app.talkpal.ai\/es-es\/signup?lng=\">Comenzar<\/a>\r\n        \r\n    <\/div>\r\n\r\n    <figure>\r\n    <img decoding=\"async\" width=\"768\" height=\"768\" src=\"https:\/\/talkpal.ai\/wp-content\/uploads\/2023\/06\/norwegian-768x768.png\" class=\"languageImage no-lazy\" alt=\"Default alt text\" fetchpriority=\"high\" sizes=\"(max-width: 768px) 150px, 768px\" srcset=\"https:\/\/talkpal.ai\/wp-content\/uploads\/2023\/06\/norwegian-768x768.png 768w, https:\/\/talkpal.ai\/wp-content\/uploads\/2023\/06\/norwegian-300x300.png 300w\" \/>\r\n    \r\n\r\n    <\/figure>\r\n\r\n            <a class=\"getStartedVisible\" href=\"https:\/\/app.talkpal.ai\/es-es\/signup?lng=\">Comenzar<\/a>\r\n    \r\n<\/section>\r\n        <section class=\"grammarSection\">\r\n            <div class=\"grammarLinks\">\r\n                <a href=\"https:\/\/talkpal.ai\/es\/language\/adjetivos-gramatica-noruega\/\">Adjetivos <\/a><a href=\"https:\/\/talkpal.ai\/es\/language\/adverbios-gramatica-noruega\/\">Adverbios <\/a><a href=\"https:\/\/talkpal.ai\/es\/language\/articulos-gramatica-noruega\/\">Art\u00edculos <\/a><a href=\"https:\/\/talkpal.ai\/es\/language\/comparacion-de-tiempos-gramatica-noruega\/\">Comparaci\u00f3n de tiempos <\/a><a href=\"https:\/\/talkpal.ai\/es\/language\/condicionales-gramatica-noruega\/\">Condicionales <\/a><a href=\"https:\/\/talkpal.ai\/es\/language\/oraciones-gramatica-noruega\/\">Oraciones <\/a><a href=\"https:\/\/talkpal.ai\/es\/language\/perfecto-progresivo-gramatica-noruega\/\">Perfecto Progresivo <\/a><a href=\"https:\/\/talkpal.ai\/es\/language\/preposiciones-gramatica-noruega\/\">Preposiciones <\/a><a href=\"https:\/\/talkpal.ai\/es\/language\/progresivo-gramatica-noruega\/\">Progresivo <\/a><a href=\"https:\/\/talkpal.ai\/es\/language\/pronombres-determinantes-gramatica-noruega\/\">Pronombres\/Determinantes <\/a><a href=\"https:\/\/talkpal.ai\/es\/language\/sustantivos-gramatica-noruega\/\">Sustantivos <\/a><a href=\"https:\/\/talkpal.ai\/es\/language\/tiempos-verbales-gramatica-noruega\/\">Tiempos verbales <\/a><a href=\"https:\/\/talkpal.ai\/es\/language\/verbos-gramatica-noruega\/\">Verbos <\/a>            <\/div>\r\n        <\/section>\r\n    <section class=\"promotionalBanner\">\r\n    <p class=\"promotionalText\">La forma m\u00e1s eficiente de aprender un idioma<\/p>\r\n    <a class=\"promotionalLink\" href=\"https:\/\/app.talkpal.ai\/es-es\/signup?lng=\">Prueba Talkpal gratis<\/a>\r\n<\/section>\n<div class=\"wp-block-group pageContainerStyle\"><div class=\"wp-block-group__inner-container is-layout-constrained wp-block-group-is-layout-constrained\">\n<h2 class=\"wp-block-heading\" id=\"h-dive-into-norwegian-grammar-a-comprehensive-guide\">Sum\u00e9rgete en la gram\u00e1tica noruega: una gu\u00eda completa<\/h2>\n\n\n\n<p>El <a href=\"https:\/\/talkpal.ai\/learn-norwegian\/\">noruego<\/a>, un idioma fascinante y expresivo, ofrece una oportunidad \u00fanica <a href=\"https:\/\/talkpal.ai\/culture\/how-do-i-use-para-que-correctly\/\">para que<\/a> los <a href=\"https:\/\/talkpal.ai\/talkpal-discount-for-students\/\">estudiantes<\/a> de idiomas exploren el rico patrimonio cultural e hist\u00f3rico de Noruega. La buena noticia es que la gram\u00e1tica noruega comparte algunas similitudes con el <a href=\"https:\/\/talkpal.ai\/es\/locations\/aprende-ingles-en-orange\/\">ingl\u00e9s<\/a>, por <a href=\"https:\/\/talkpal.ai\/culture\/how-do-i-use-lo-que-in-a-sentence\/\">lo que<\/a> es un idioma accesible para aprender. Este art\u00edculo lo guiar\u00e1 a trav\u00e9s de los aspectos esenciales de la gram\u00e1tica noruega, asegur\u00e1ndose de que construya una base s\u00f3lida y comprenda el idioma con confianza.<\/p>\n\n\n\n<h3 class=\"wp-block-heading\" id=\"h-1-embracing-norwegian-nouns-and-articles\">1. Adoptar sustantivos y art\u00edculos noruegos<\/h3>\n\n\n\n<p>Los sustantivos noruegos, al igual que sus hom\u00f3logos ingleses, representan personas, lugares, cosas o ideas. Se clasifican en tres g\u00e9neros: masculino, femenino y neutro. El g\u00e9nero es fundamental para determinar las <a href=\"https:\/\/talkpal.ai\/zh-hans\/grammar_exercises\/terminaciones-%e8%a5%bf%e7%8f%ad%e7%89%99%e8%af%ad%e6%b3%95%e7%bb%83%e4%b9%a0\/\">terminaciones<\/a> del sustantivo y los art\u00edculos con los que debe ir emparejado.<\/p>\n\n\n\n<p>Hay dos tipos de art\u00edculos en noruego: definidos e indefinidos. Los <a href=\"https:\/\/talkpal.ai\/es\/grammar\/articulos-definidos-en-gramatica-china\/\">art\u00edculos definidos<\/a> aparecen como sufijos al final de los sustantivos, mientras que los art\u00edculos indefinidos son palabras separadas que preceden a los sustantivos. Los art\u00edculos deben estar de acuerdo con los sustantivos en g\u00e9nero y n\u00famero.<\/p>\n\n\n\n<p><strong>&#8211; Art\u00edculos definidos: -en (masculino), -a (femenino), -et (neutro)<\/strong><\/p>\n\n\n\n<p><strong>&#8211; Art\u00edculos indefinidos: en (masculino), ei (femenino), et (neutro)<\/strong><\/p>\n\n\n\n<h3 class=\"wp-block-heading\" id=\"h-2-mastering-norwegian-verbs-conjugation-and-tenses\">2. Dominar los verbos noruegos: conjugaci\u00f3n y tiempos verbales<\/h3>\n\n\n\n<p>Los verbos noruegos son relativamente f\u00e1ciles de aprender, ya que tienen menos conjugaciones que muchos otros idiomas. Los verbos se conjugan seg\u00fan el tiempo y el estado de \u00e1nimo. Los verbos noruegos se dividen principalmente en cuatro grupos, cada uno con su patr\u00f3n de conjugaci\u00f3n. Sin embargo, la buena noticia es que, a diferencia de muchos otros idiomas, los verbos noruegos no cambian su forma seg\u00fan el sujeto o el n\u00famero.<\/p>\n\n\n\n<p>El noruego tiene menos tiempos que el ingl\u00e9s, con solo tres tiempos: tiempo presente, tiempo pasado y tiempo pasado perfecto. El tiempo presente se usa para expresar eventos presentes y futuros, mientras que el tiempo pasado denota acciones completadas, y el tiempo pasado perfecto indica experiencia o estados que sucedieron antes de un punto espec\u00edfico en el pasado.<\/p>\n\n\n\n<h3 class=\"wp-block-heading\" id=\"h-3-expressing-yourself-with-norwegian-adjectives-and-adverbs\">3. Expresarse con adjetivos y adverbios noruegos<\/h3>\n\n\n\n<p>El uso de adjetivos mejora efectivamente su capacidad de expresarse en noruego. Los adjetivos describen cualidades o caracter\u00edsticas de los sustantivos y deben estar de acuerdo con los sustantivos en g\u00e9nero y n\u00famero. En noruego, los adjetivos suelen venir antes del sustantivo que describen.<\/p>\n\n\n\n<p>Los adverbios en noruego modifican verbos, adjetivos u otros adverbios. Transmiten informaci\u00f3n sobre c\u00f3mo, cu\u00e1ndo, d\u00f3nde y en qu\u00e9 medida ocurre una acci\u00f3n. A diferencia de los adjetivos, los adverbios siguen siendo los mismos independientemente del g\u00e9nero o el n\u00famero de sustantivos que se describan.<\/p>\n\n\n\n<h3 class=\"wp-block-heading\" id=\"h-4-constructing-sentences-with-norwegian-pronouns-and-word-order\">4. Construir oraciones con pronombres noruegos y orden de palabras<\/h3>\n\n\n\n<p>Los pronombres noruegos reemplazan a los sustantivos y generalmente est\u00e1n de acuerdo con el sustantivo que representan en g\u00e9nero, n\u00famero y caso. Hay varios tipos de pronombres en noruego, incluyendo pronombres personales, posesivos, demostrativos, reflexivos, relativos e interrogativos.<\/p>\n\n\n\n<p>La estructura de la oraci\u00f3n noruega sigue el orden sujeto-verbo-objeto (SVO), similar al ingl\u00e9s. Sin embargo, tambi\u00e9n emplea una regla de verbo segundo (V2) en la que el verbo t\u00edpicamente ocupa la segunda posici\u00f3n en las cl\u00e1usulas principales. Comprender y practicar el orden de las palabras en noruego es esencial para lograr fluidez en el idioma.<\/p>\n\n\n\n<h3 class=\"wp-block-heading\" id=\"h-conclusion\">Conclusi\u00f3n<\/h3>\n\n\n\n<p>Conseguir fluidez en la gram\u00e1tica noruega requiere dedicaci\u00f3n, pr\u00e1ctica y una mente abierta para explorar las caracter\u00edsticas \u00fanicas de la lengua. Tanto si te interesa sumergirte en la cultura noruega como si quieres aprender un nuevo idioma, dominar la gram\u00e1tica noruega sienta las bases para una comunicaci\u00f3n satisfactoria. A medida que profundiza en los sustantivos, verbos, adjetivos y orden de palabras noruegos, recuerde disfrutar del proceso y apreciar las ricas experiencias ling\u00fc\u00edsticas que le esperan. Lykke til!<\/p>\n<\/div><\/div>\n\r\n<section class=\"learnNavigationSection\">\r\n            \r\n        <a href=\"https:\/\/talkpal.ai\/es\/aprender-noruego\/\">\r\n            <div class=\"learnNavigationWrapper\">\r\n                <div class=\"learnNavigationContent\">\r\n                    <img decoding=\"async\" src=\"https:\/\/talkpal.ai\/wp-content\/uploads\/2024\/08\/Norwegian.jpg\" alt=\"Norwegian Flag\">\r\n                    <div>\r\n                        <h4>Acerca de Norwegian Learning<\/h4>\r\n                        <p>Descubra todo sobre la gram\u00e1tica noruega.<\/p>\r\n                    <\/div>\r\n                <\/div>\r\n            <\/div>\r\n        <\/a>\r\n\r\n        \r\n        <a href=\"https:\/\/talkpal.ai\/es\/ejercicios-de-gramatica-noruega\/\">\r\n            <div class=\"learnNavigationWrapper\">\r\n                <div class=\"learnNavigationContent\">\r\n                    <img decoding=\"async\" src=\"https:\/\/talkpal.ai\/wp-content\/uploads\/2024\/08\/Norwegian.jpg\" alt=\"Norwegian Flag\">\r\n                    <div>\r\n                        <h4>Ejercicio de gram\u00e1tica noruega<\/h4>\r\n                        <p>Practica la gram\u00e1tica noruega.<\/p>\r\n                    <\/div>\r\n                <\/div>\r\n            <\/div>\r\n        <\/a>\r\n\r\n        \r\n        <a href=\"https:\/\/talkpal.ai\/vocabulary_language\/norwegian\/\">\r\n            <div class=\"learnNavigationWrapper\">\r\n                <div class=\"learnNavigationContent\">\r\n                    <img decoding=\"async\" src=\"https:\/\/talkpal.ai\/wp-content\/uploads\/2024\/08\/Norwegian.jpg\" alt=\"Norwegian Flag\">\r\n                    <div>\r\n                        <h4>Vocabulario noruego<\/h4>\r\n                        <p>Ampl\u00eda tu vocabulario de noruego.<\/p>\r\n                    <\/div>\r\n                <\/div>\r\n            <\/div>\r\n        <\/a>\r\n\r\n            <\/section>","protected":false},"excerpt":{"rendered":"<p>Sum\u00e9rgete en la gram\u00e1tica noruega: una gu\u00eda completa El noruego, un idioma fascinante y expresivo, ofrece una oportunidad \u00fanica para que los estudiantes de idiomas exploren el rico patrimonio cultural e hist\u00f3rico de Noruega. La buena noticia es que la gram\u00e1tica noruega comparte algunas similitudes con el ingl\u00e9s, por lo que es un idioma accesible [&hellip;]<\/p>\n","protected":false},"author":1,"featured_media":28548,"parent":0,"menu_order":0,"comment_status":"closed","ping_status":"closed","template":"LearningContentPage.php","meta":{"_acf_changed":false,"footnotes":""},"class_list":["post-44985","page","type-page","status-publish","has-post-thumbnail","hentry"],"acf":[],"yoast_head":"<!-- This site is optimized with the Yoast SEO Premium plugin v27.2 (Yoast SEO v27.2) - https:\/\/yoast.com\/product\/yoast-seo-premium-wordpress\/ -->\n<title>Gram\u00e1tica noruega - Talkpal<\/title>\n<meta name=\"description\" content=\"Explora los entresijos de la gram\u00e1tica noruega y eleva tus conocimientos ling\u00fc\u00edsticos al siguiente nivel.\" \/>\n<meta name=\"robots\" content=\"index, follow, max-snippet:-1, max-image-preview:large, max-video-preview:-1\" \/>\n<link rel=\"canonical\" href=\"https:\/\/talkpal.ai\/es\/gramatica-noruega\/\" \/>\n<meta property=\"og:locale\" content=\"es_ES\" \/>\n<meta property=\"og:type\" content=\"article\" \/>\n<meta property=\"og:title\" content=\"Gram\u00e1tica noruega\" \/>\n<meta property=\"og:description\" content=\"Sum\u00e9rgete en la gram\u00e1tica noruega: una gu\u00eda completa El noruego, un idioma fascinante y expresivo, ofrece una oportunidad \u00fanica para que los estudiantes\" \/>\n<meta property=\"og:url\" content=\"https:\/\/talkpal.ai\/es\/gramatica-noruega\/\" \/>\n<meta property=\"og:site_name\" content=\"Talkpal\" \/>\n<meta property=\"article:publisher\" content=\"https:\/\/www.facebook.com\/profile.php?id=100090733639311\" \/>\n<meta property=\"article:modified_time\" content=\"2025-12-17T17:01:27+00:00\" \/>\n<meta property=\"og:image\" content=\"https:\/\/talkpal.ai\/wp-content\/uploads\/2023\/05\/norway.png\" \/>\n\t<meta property=\"og:image:width\" content=\"512\" \/>\n\t<meta property=\"og:image:height\" content=\"512\" \/>\n\t<meta property=\"og:image:type\" content=\"image\/png\" \/>\n<meta name=\"twitter:card\" content=\"summary_large_image\" \/>\n<meta name=\"twitter:site\" content=\"@talkpalai\" \/>\n<meta name=\"twitter:label1\" content=\"Tiempo de lectura\" \/>\n\t<meta name=\"twitter:data1\" content=\"3 minutos\" \/>\n<script type=\"application\/ld+json\" class=\"yoast-schema-graph\">{\"@context\":\"https:\/\/schema.org\",\"@graph\":[{\"@type\":\"WebPage\",\"@id\":\"https:\/\/talkpal.ai\/es\/gramatica-noruega\/\",\"url\":\"https:\/\/talkpal.ai\/es\/gramatica-noruega\/\",\"name\":\"Gram\u00e1tica noruega - Talkpal\",\"isPartOf\":{\"@id\":\"https:\/\/talkpal.ai\/es\/#website\"},\"primaryImageOfPage\":{\"@id\":\"https:\/\/talkpal.ai\/es\/gramatica-noruega\/#primaryimage\"},\"image\":{\"@id\":\"https:\/\/talkpal.ai\/es\/gramatica-noruega\/#primaryimage\"},\"thumbnailUrl\":\"https:\/\/talkpal.ai\/wp-content\/uploads\/2023\/05\/norway.png\",\"datePublished\":\"2023-05-14T14:13:06+00:00\",\"dateModified\":\"2025-12-17T17:01:27+00:00\",\"description\":\"Explora los entresijos de la gram\u00e1tica noruega y eleva tus conocimientos ling\u00fc\u00edsticos al siguiente nivel.\",\"breadcrumb\":{\"@id\":\"https:\/\/talkpal.ai\/es\/gramatica-noruega\/#breadcrumb\"},\"inLanguage\":\"es\",\"potentialAction\":[{\"@type\":\"ReadAction\",\"target\":[\"https:\/\/talkpal.ai\/es\/gramatica-noruega\/\"]}]},{\"@type\":\"ImageObject\",\"inLanguage\":\"es\",\"@id\":\"https:\/\/talkpal.ai\/es\/gramatica-noruega\/#primaryimage\",\"url\":\"https:\/\/talkpal.ai\/wp-content\/uploads\/2023\/05\/norway.png\",\"contentUrl\":\"https:\/\/talkpal.ai\/wp-content\/uploads\/2023\/05\/norway.png\",\"width\":512,\"height\":512},{\"@type\":\"BreadcrumbList\",\"@id\":\"https:\/\/talkpal.ai\/es\/gramatica-noruega\/#breadcrumb\",\"itemListElement\":[{\"@type\":\"ListItem\",\"position\":1,\"name\":\"Homepage\",\"item\":\"https:\/\/talkpal.ai\/es\/\"},{\"@type\":\"ListItem\",\"position\":2,\"name\":\"Gram\u00e1tica noruega\"}]},{\"@type\":\"WebSite\",\"@id\":\"https:\/\/talkpal.ai\/es\/#website\",\"url\":\"https:\/\/talkpal.ai\/es\/\",\"name\":\"Talkpal\",\"description\":\"AI Language Learning\",\"publisher\":{\"@id\":\"https:\/\/talkpal.ai\/es\/#organization\"},\"alternateName\":\"Talkpal AI\",\"potentialAction\":[{\"@type\":\"SearchAction\",\"target\":{\"@type\":\"EntryPoint\",\"urlTemplate\":\"https:\/\/talkpal.ai\/es\/?s={search_term_string}\"},\"query-input\":{\"@type\":\"PropertyValueSpecification\",\"valueRequired\":true,\"valueName\":\"search_term_string\"}}],\"inLanguage\":\"es\"},{\"@type\":\"Organization\",\"@id\":\"https:\/\/talkpal.ai\/es\/#organization\",\"name\":\"Talkpal, Inc.\",\"alternateName\":\"Talkpal AI\",\"url\":\"https:\/\/talkpal.ai\/es\/\",\"logo\":{\"@type\":\"ImageObject\",\"inLanguage\":\"es\",\"@id\":\"https:\/\/talkpal.ai\/es\/#\/schema\/logo\/image\/\",\"url\":\"https:\/\/talkpal.ai\/wp-content\/uploads\/2024\/03\/Talkpal-Logo-Icon.png\",\"contentUrl\":\"https:\/\/talkpal.ai\/wp-content\/uploads\/2024\/03\/Talkpal-Logo-Icon.png\",\"width\":2880,\"height\":2880,\"caption\":\"Talkpal, Inc.\"},\"image\":{\"@id\":\"https:\/\/talkpal.ai\/es\/#\/schema\/logo\/image\/\"},\"sameAs\":[\"https:\/\/www.facebook.com\/profile.php?id=100090733639311\",\"https:\/\/x.com\/talkpalai\",\"https:\/\/www.linkedin.com\/company\/talkpal\/\",\"https:\/\/www.youtube.com\/@TalkPal\/\",\"https:\/\/www.tiktok.com\/@talkpal\",\"https:\/\/www.instagram.com\/talkpal_ai\/\",\"https:\/\/www.crunchbase.com\/organization\/talkpal-9cde\",\"https:\/\/www.g2.com\/products\/talkpal-for-business\/\",\"https:\/\/www.trustpilot.com\/review\/talkpal.ai\",\"https:\/\/www.capterra.com\/p\/10006800\/TalkPal\/\"],\"description\":\"Talkpal is a language learning web and mobile education app, powered by the latest AI technologies, that provides engaging experiences to its customers in many different languages to help them improve their language skills. Users can chat about unlimited amount of topics with the app and use other modes to practice their language learning.\",\"email\":\"support@talkpal.ai\",\"legalName\":\"Talkpal, Inc.\",\"foundingDate\":\"2023-04-03\",\"duns\":\"118989042\",\"numberOfEmployees\":{\"@type\":\"QuantitativeValue\",\"minValue\":\"11\",\"maxValue\":\"50\"},\"publishingPrinciples\":\"https:\/\/talkpal.ai\/publishing-principles\/\",\"actionableFeedbackPolicy\":\"https:\/\/talkpal.ai\/actionable-feedback-policy\/\",\"correctionsPolicy\":\"https:\/\/talkpal.ai\/corrections-policy\/\",\"ethicsPolicy\":\"https:\/\/talkpal.ai\/ethics-policy\/\",\"diversityPolicy\":\"https:\/\/talkpal.ai\/diversity-policy\/\",\"diversityStaffingReport\":\"https:\/\/talkpal.ai\/diversity-policy\/\"}]}<\/script>\n<!-- \/ Yoast SEO Premium plugin. -->","yoast_head_json":{"title":"Gram\u00e1tica noruega - Talkpal","description":"Explora los entresijos de la gram\u00e1tica noruega y eleva tus conocimientos ling\u00fc\u00edsticos al siguiente nivel.","robots":{"index":"index","follow":"follow","max-snippet":"max-snippet:-1","max-image-preview":"max-image-preview:large","max-video-preview":"max-video-preview:-1"},"canonical":"https:\/\/talkpal.ai\/es\/gramatica-noruega\/","og_locale":"es_ES","og_type":"article","og_title":"Gram\u00e1tica noruega","og_description":"Sum\u00e9rgete en la gram\u00e1tica noruega: una gu\u00eda completa El noruego, un idioma fascinante y expresivo, ofrece una oportunidad \u00fanica para que los estudiantes","og_url":"https:\/\/talkpal.ai\/es\/gramatica-noruega\/","og_site_name":"Talkpal","article_publisher":"https:\/\/www.facebook.com\/profile.php?id=100090733639311","article_modified_time":"2025-12-17T17:01:27+00:00","og_image":[{"width":512,"height":512,"url":"https:\/\/talkpal.ai\/wp-content\/uploads\/2023\/05\/norway.png","type":"image\/png"}],"twitter_card":"summary_large_image","twitter_site":"@talkpalai","twitter_misc":{"Tiempo de lectura":"3 minutos"},"schema":{"@context":"https:\/\/schema.org","@graph":[{"@type":"WebPage","@id":"https:\/\/talkpal.ai\/es\/gramatica-noruega\/","url":"https:\/\/talkpal.ai\/es\/gramatica-noruega\/","name":"Gram\u00e1tica noruega - Talkpal","isPartOf":{"@id":"https:\/\/talkpal.ai\/es\/#website"},"primaryImageOfPage":{"@id":"https:\/\/talkpal.ai\/es\/gramatica-noruega\/#primaryimage"},"image":{"@id":"https:\/\/talkpal.ai\/es\/gramatica-noruega\/#primaryimage"},"thumbnailUrl":"https:\/\/talkpal.ai\/wp-content\/uploads\/2023\/05\/norway.png","datePublished":"2023-05-14T14:13:06+00:00","dateModified":"2025-12-17T17:01:27+00:00","description":"Explora los entresijos de la gram\u00e1tica noruega y eleva tus conocimientos ling\u00fc\u00edsticos al siguiente nivel.","breadcrumb":{"@id":"https:\/\/talkpal.ai\/es\/gramatica-noruega\/#breadcrumb"},"inLanguage":"es","potentialAction":[{"@type":"ReadAction","target":["https:\/\/talkpal.ai\/es\/gramatica-noruega\/"]}]},{"@type":"ImageObject","inLanguage":"es","@id":"https:\/\/talkpal.ai\/es\/gramatica-noruega\/#primaryimage","url":"https:\/\/talkpal.ai\/wp-content\/uploads\/2023\/05\/norway.png","contentUrl":"https:\/\/talkpal.ai\/wp-content\/uploads\/2023\/05\/norway.png","width":512,"height":512},{"@type":"BreadcrumbList","@id":"https:\/\/talkpal.ai\/es\/gramatica-noruega\/#breadcrumb","itemListElement":[{"@type":"ListItem","position":1,"name":"Homepage","item":"https:\/\/talkpal.ai\/es\/"},{"@type":"ListItem","position":2,"name":"Gram\u00e1tica noruega"}]},{"@type":"WebSite","@id":"https:\/\/talkpal.ai\/es\/#website","url":"https:\/\/talkpal.ai\/es\/","name":"Talkpal","description":"AI Language Learning","publisher":{"@id":"https:\/\/talkpal.ai\/es\/#organization"},"alternateName":"Talkpal AI","potentialAction":[{"@type":"SearchAction","target":{"@type":"EntryPoint","urlTemplate":"https:\/\/talkpal.ai\/es\/?s={search_term_string}"},"query-input":{"@type":"PropertyValueSpecification","valueRequired":true,"valueName":"search_term_string"}}],"inLanguage":"es"},{"@type":"Organization","@id":"https:\/\/talkpal.ai\/es\/#organization","name":"Talkpal, Inc.","alternateName":"Talkpal AI","url":"https:\/\/talkpal.ai\/es\/","logo":{"@type":"ImageObject","inLanguage":"es","@id":"https:\/\/talkpal.ai\/es\/#\/schema\/logo\/image\/","url":"https:\/\/talkpal.ai\/wp-content\/uploads\/2024\/03\/Talkpal-Logo-Icon.png","contentUrl":"https:\/\/talkpal.ai\/wp-content\/uploads\/2024\/03\/Talkpal-Logo-Icon.png","width":2880,"height":2880,"caption":"Talkpal, Inc."},"image":{"@id":"https:\/\/talkpal.ai\/es\/#\/schema\/logo\/image\/"},"sameAs":["https:\/\/www.facebook.com\/profile.php?id=100090733639311","https:\/\/x.com\/talkpalai","https:\/\/www.linkedin.com\/company\/talkpal\/","https:\/\/www.youtube.com\/@TalkPal\/","https:\/\/www.tiktok.com\/@talkpal","https:\/\/www.instagram.com\/talkpal_ai\/","https:\/\/www.crunchbase.com\/organization\/talkpal-9cde","https:\/\/www.g2.com\/products\/talkpal-for-business\/","https:\/\/www.trustpilot.com\/review\/talkpal.ai","https:\/\/www.capterra.com\/p\/10006800\/TalkPal\/"],"description":"Talkpal is a language learning web and mobile education app, powered by the latest AI technologies, that provides engaging experiences to its customers in many different languages to help them improve their language skills. Users can chat about unlimited amount of topics with the app and use other modes to practice their language learning.","email":"support@talkpal.ai","legalName":"Talkpal, Inc.","foundingDate":"2023-04-03","duns":"118989042","numberOfEmployees":{"@type":"QuantitativeValue","minValue":"11","maxValue":"50"},"publishingPrinciples":"https:\/\/talkpal.ai\/publishing-principles\/","actionableFeedbackPolicy":"https:\/\/talkpal.ai\/actionable-feedback-policy\/","correctionsPolicy":"https:\/\/talkpal.ai\/corrections-policy\/","ethicsPolicy":"https:\/\/talkpal.ai\/ethics-policy\/","diversityPolicy":"https:\/\/talkpal.ai\/diversity-policy\/","diversityStaffingReport":"https:\/\/talkpal.ai\/diversity-policy\/"}]}},"_links":{"self":[{"href":"https:\/\/talkpal.ai\/es\/wp-json\/wp\/v2\/pages\/44985","targetHints":{"allow":["GET"]}}],"collection":[{"href":"https:\/\/talkpal.ai\/es\/wp-json\/wp\/v2\/pages"}],"about":[{"href":"https:\/\/talkpal.ai\/es\/wp-json\/wp\/v2\/types\/page"}],"author":[{"embeddable":true,"href":"https:\/\/talkpal.ai\/es\/wp-json\/wp\/v2\/users\/1"}],"replies":[{"embeddable":true,"href":"https:\/\/talkpal.ai\/es\/wp-json\/wp\/v2\/comments?post=44985"}],"version-history":[{"count":0,"href":"https:\/\/talkpal.ai\/es\/wp-json\/wp\/v2\/pages\/44985\/revisions"}],"wp:featuredmedia":[{"embeddable":true,"href":"https:\/\/talkpal.ai\/es\/wp-json\/wp\/v2\/media\/28548"}],"wp:attachment":[{"href":"https:\/\/talkpal.ai\/es\/wp-json\/wp\/v2\/media?parent=44985"}],"curies":[{"name":"wp","href":"https:\/\/api.w.org\/{rel}","templated":true}]}}