{"id":44921,"date":"2023-05-14T14:19:49","date_gmt":"2023-05-14T14:19:49","guid":{"rendered":"http:\/\/talkpal.ai\/gramatica-eslovaca\/"},"modified":"2025-12-12T11:09:29","modified_gmt":"2025-12-12T11:09:29","slug":"gramatica-eslovaca","status":"publish","type":"page","link":"https:\/\/talkpal.ai\/es\/gramatica-eslovaca\/","title":{"rendered":"Gram\u00e1tica eslovaca"},"content":{"rendered":"\r\n\r\n\r\n<section class=\"languageChallengeSection\">\r\n    <div class=\"languageInfoWrapper\">\r\n        \r\n        <h1>Gram\u00e1tica eslovaca<\/h1>\r\n        <p>Descubre la belleza de la lengua eslovaca aprendiendo sus reglas gramaticales fundamentales. Comprender la gram\u00e1tica eslovaca te ayudar\u00e1 a comunicarte con confianza y a conectar m\u00e1s profundamente con las ricas tradiciones de Eslovaquia. \u00a1Empieza tu viaje hoy y da el primer paso para dominar el <a href=\"https:\/\/talkpal.ai\/learn-slovak\/\">eslovaco<\/a>!\n\n<\/p>\r\n\r\n                            <a class=\"getStartedHidden\" href=\"https:\/\/app.talkpal.ai\/es-es\/signup?lng=\">Comenzar<\/a>\r\n        \r\n    <\/div>\r\n\r\n    <figure>\r\n    <img decoding=\"async\" width=\"768\" height=\"768\" src=\"https:\/\/talkpal.ai\/wp-content\/uploads\/2023\/06\/slovak-768x768.png\" class=\"languageImage no-lazy\" alt=\"Default alt text\" fetchpriority=\"high\" sizes=\"(max-width: 768px) 150px, 768px\" srcset=\"https:\/\/talkpal.ai\/wp-content\/uploads\/2023\/06\/slovak-768x768.png 768w, https:\/\/talkpal.ai\/wp-content\/uploads\/2023\/06\/slovak-300x300.png 300w\" \/>\r\n    \r\n\r\n    <\/figure>\r\n\r\n            <a class=\"getStartedVisible\" href=\"https:\/\/app.talkpal.ai\/es-es\/signup?lng=\">Comenzar<\/a>\r\n    \r\n<\/section>\r\n        <section class=\"grammarSection\">\r\n            <div class=\"grammarLinks\">\r\n                <a href=\"https:\/\/talkpal.ai\/es\/language\/adjetivos-gramatica-eslovaca\/\">Adjetivos <\/a><a href=\"https:\/\/talkpal.ai\/es\/language\/adverbios-gramatica-eslovaca\/\">Adverbios <\/a><a href=\"https:\/\/talkpal.ai\/es\/language\/articulos-gramatica-eslovaca\/\">Art\u00edculos <\/a><a href=\"https:\/\/talkpal.ai\/es\/language\/comparacion-de-tiempos-gramatica-eslovaca\/\">Comparaci\u00f3n de tiempos <\/a><a href=\"https:\/\/talkpal.ai\/es\/language\/condicionales-gramatica-eslovaca\/\">Condicionales <\/a><a href=\"https:\/\/talkpal.ai\/es\/language\/oraciones-gramatica-eslovaca\/\">Oraciones <\/a><a href=\"https:\/\/talkpal.ai\/es\/language\/perfecto-progresivo-gramatica-eslovaca\/\">Perfecto Progresivo <\/a><a href=\"https:\/\/talkpal.ai\/es\/language\/preposiciones-gramatica-eslovaca\/\">Preposiciones <\/a><a href=\"https:\/\/talkpal.ai\/es\/language\/progresivo-gramatica-eslovaca\/\">Progresivo <\/a><a href=\"https:\/\/talkpal.ai\/es\/language\/pronombres-determinantes-gramatica-eslovaca\/\">Pronombres\/Determinantes <\/a><a href=\"https:\/\/talkpal.ai\/es\/language\/sustantivos-gramatica-eslovaca\/\">Sustantivos <\/a><a href=\"https:\/\/talkpal.ai\/es\/language\/tiempos-verbales-gramatica-eslovaca\/\">Tiempos verbales <\/a><a href=\"https:\/\/talkpal.ai\/es\/language\/verbos-gramatica-eslovaca\/\">Verbos <\/a>            <\/div>\r\n        <\/section>\r\n    <section class=\"promotionalBanner\">\r\n    <p class=\"promotionalText\">La forma m\u00e1s eficiente de aprender un idioma<\/p>\r\n    <a class=\"promotionalLink\" href=\"https:\/\/app.talkpal.ai\/es-es\/signup?lng=\">Prueba Talkpal gratis<\/a>\r\n<\/section>\n<div class=\"wp-block-group pageContainerStyle\"><div class=\"wp-block-group__inner-container is-layout-constrained wp-block-group-is-layout-constrained\">\n<h2 class=\"wp-block-heading\" id=\"h-slovak-grammar-the-key-to-unlocking-a-beautiful-language\">Gram\u00e1tica eslovaca: la clave para desbloquear un idioma hermoso<\/h2>\n\n\n\n<p>\u00bfEst\u00e1s planeando <a href=\"https:\/\/talkpal.ai\/pt-pt\/aprender-eslovaco\/\">aprender eslovaco<\/a> o simplemente tienes curiosidad por su gram\u00e1tica \u00fanica? \u00a1Est\u00e1s en el lugar adecuado! La gram\u00e1tica eslovaca puede parecer intimidante a primera <a href=\"https:\/\/talkpal.ai\/locations\/language-courses-in-vista\/\">vista<\/a>, pero no te preocupes: en realidad es bastante l\u00f3gica y manejable. En este art\u00edculo, exploraremos los entresijos de la gram\u00e1tica eslovaca para ayudarte a comprender y apreciar <a href=\"https:\/\/talkpal.ai\/es\/la-mejor-aplicacion-de-conversacion-con-ia\/\">mejor<\/a> su belleza.<\/p>\n\n\n\n<p>En primer lugar, empecemos con <a href=\"https:\/\/talkpal.ai\/culture\/what-is-the-difference-between-un-poco-and-poco\/\">un poco<\/a> de informaci\u00f3n general. El eslovaco es una lengua eslava occidental hablada principalmente en Eslovaquia, pero tambi\u00e9n puedes encontrar hablantes en los pa\u00edses vecinos. <a href=\"https:\/\/talkpal.ai\/locations\/language-courses-in-como\/\">Como<\/a> lengua eslava, comparte muchas similitudes con otras lenguas de la regi\u00f3n, <a href=\"https:\/\/talkpal.ai\/locations\/language-courses-in-como\/\">como<\/a> el <a href=\"https:\/\/talkpal.ai\/learn-czech\/\">checo<\/a> y el <a href=\"https:\/\/talkpal.ai\/learn-polish\/\">polaco<\/a>. <a href=\"https:\/\/talkpal.ai\/culture\/how-do-i-use-the-expression-sin-embargo\/\">Sin embargo<\/a>, tiene sus propias reglas gramaticales distintas y patrones de uso que lo distinguen.<\/p>\n\n\n\n<p>Ahora, vamos a sumergirnos en algunos de los aspectos m\u00e1s importantes de la gram\u00e1tica eslovaca.<\/p>\n\n\n\n<h3 class=\"wp-block-heading\" id=\"h-1-nouns-and-their-cases\">1. Sustantivos y sus casos<\/h3>\n\n\n\n<p>Una de las caracter\u00edsticas m\u00e1s llamativas de la gram\u00e1tica eslovaca es su complejo sistema de casos. Si conoces el alem\u00e1n o el ruso, sabr\u00e1s de qu\u00e9 estamos hablando: Los sustantivos eslovacos cambian de forma seg\u00fan su funci\u00f3n en una frase. Con siete casos (nominativo, genitivo, dativo, acusativo, locativo, instrumental y vocativo), esto puede parecer abrumador al principio, \u00a1pero no te rindas! Una vez que le has cogido el truco, es incre\u00edblemente l\u00f3gico e incluso divertido.<\/p>\n\n\n\n<p>Toma como ejemplo el sustantivo \u00abchlapec\u00bb (chico). Puede cambiar a \u00abchlapca\u00bb, \u00abchlapcovi\u00bb, \u00abchlapcom\u00bb, etc., seg\u00fan sea sujeto, objeto o destinatario de una acci\u00f3n. Las terminaciones dependen tambi\u00e9n del g\u00e9nero del sustantivo (masculino, femenino o neutro), lo que da a\u00fan m\u00e1s variedad a la lengua.<\/p>\n\n\n\n<h3 class=\"wp-block-heading\" id=\"h-2-verb-conjugation-and-tenses\">2. Conjugaci\u00f3n verbal y tiempos verbales<\/h3>\n\n\n\n<p>Los verbos eslovacos cambian sus terminaciones seg\u00fan la persona y el n\u00famero (singular o plural) del sujeto. Por ejemplo, el verbo \u00abvidie\u0165\u00bb (ver) puede convertirse en \u00abvid\u00edm\u00bb (yo veo), \u00abvid\u00ed\u0161\u00bb (t\u00fa ves), \u00abvidia\u00bb (ellos ven), y otros.<\/p>\n\n\n\n<p>El eslovaco tiene tres tiempos principales: pasado, presente y futuro. Lo interesante es que, a diferencia del ingl\u00e9s, el eslovaco no suele usar verbos auxiliares para formar estos tiempos. En cambio, se forman cambiando las terminaciones verbales. Por ejemplo, \u00abveo\u00bb es \u00abvid\u00edm\u00bb, \u00abvi\u00bb es \u00abvidel som\u00bb y \u00abver\u00e9\u00bb es \u00abuvid\u00edm\u00bb.<\/p>\n\n\n\n<h3 class=\"wp-block-heading\" id=\"h-3-sentence-structure-and-word-order\">3. Estructura de las oraciones y orden de las palabras<\/h3>\n\n\n\n<p>El eslovaco tiene un orden de palabras relativamente flexible, gracias a su sistema de conjugaci\u00f3n de sustantivos y verbos. Esto significa que, a diferencia del ingl\u00e9s, puedes colocar palabras en distintas posiciones dentro de una frase sin cambiar su significado: por ejemplo, \u00abchlapec vid\u00ed psa\u00bb (el ni\u00f1o ve al perro) tambi\u00e9n puede ser \u00abpsa vid\u00ed chlapec\u00bb y seguir teniendo el mismo significado.<\/p>\n\n\n\n<p>Dicho esto, el orden de palabras m\u00e1s com\u00fan en eslovaco es sujeto-verbo-objeto o SVO. Es similar al ingl\u00e9s, y es un buen punto de partida para los estudiantes. A medida que se sienta m\u00e1s c\u00f3modo con el idioma, puede experimentar con diferentes \u00f3rdenes de palabras para agregar \u00e9nfasis o matices a sus oraciones.<\/p>\n\n\n\n<h3 class=\"wp-block-heading\" id=\"h-4-adjectives-and-adverbs\">4. Adjetivos y adverbios<\/h3>\n\n\n\n<p>Al igual que en muchos otros idiomas, los adjetivos y adverbios en eslovaco se utilizan para describir sustantivos y verbos. Sin embargo, tambi\u00e9n vienen con su propio acuerdo de caso y reglas de acuerdo de g\u00e9nero, lo que puede complicar un poco m\u00e1s las cosas. Afortunadamente, una vez que domines los casos sustantivos y las conjugaciones verbales, estas reglas ser\u00e1n m\u00e1s naturales.<\/p>\n\n\n\n<p>Entonces, \u00bfest\u00e1s listo para abordar la gram\u00e1tica eslovaca? Con la mentalidad y los recursos adecuados, aprender eslovaco es una experiencia gratificante que puede abrir las puertas a una rica cultura y un pa\u00eds hermoso. Ve paso a paso, practica con regularidad y no tengas miedo de cometer errores; al fin y al cabo, as\u00ed es como aprendemos todos. Ve\u013ea \u0161\u0165astia! (\u00a1Buena suerte!)<\/p>\n<\/div><\/div>\n\r\n<section class=\"learnNavigationSection\">\r\n            \r\n        <a href=\"https:\/\/talkpal.ai\/es\/aprender-eslovaco\/\">\r\n            <div class=\"learnNavigationWrapper\">\r\n                <div class=\"learnNavigationContent\">\r\n                    <img decoding=\"async\" src=\"https:\/\/talkpal.ai\/wp-content\/uploads\/2024\/08\/Slovak.jpg\" alt=\"Slovak Flag\">\r\n                    <div>\r\n                        <h4>Sobre el aprendizaje del eslovaco<\/h4>\r\n                        <p>Descubra todo sobre la gram\u00e1tica eslovaca.<\/p>\r\n                    <\/div>\r\n                <\/div>\r\n            <\/div>\r\n        <\/a>\r\n\r\n        \r\n        <a href=\"https:\/\/talkpal.ai\/es\/ejercicios-de-gramatica-eslovaca\/\">\r\n            <div class=\"learnNavigationWrapper\">\r\n                <div class=\"learnNavigationContent\">\r\n                    <img decoding=\"async\" src=\"https:\/\/talkpal.ai\/wp-content\/uploads\/2024\/08\/Slovak.jpg\" alt=\"Slovak Flag\">\r\n                    <div>\r\n                        <h4>Ejercicio de gram\u00e1tica eslovaca<\/h4>\r\n                        <p>Practica la gram\u00e1tica eslovaca .<\/p>\r\n                    <\/div>\r\n                <\/div>\r\n            <\/div>\r\n        <\/a>\r\n\r\n        \r\n        <a href=\"https:\/\/talkpal.ai\/vocabulary_language\/slovak\/\">\r\n            <div class=\"learnNavigationWrapper\">\r\n                <div class=\"learnNavigationContent\">\r\n                    <img decoding=\"async\" src=\"https:\/\/talkpal.ai\/wp-content\/uploads\/2024\/08\/Slovak.jpg\" alt=\"Slovak Flag\">\r\n                    <div>\r\n                        <h4>Vocabulario eslovaco<\/h4>\r\n                        <p>Ampl\u00eda tu vocabulario de eslovaco.<\/p>\r\n                    <\/div>\r\n                <\/div>\r\n            <\/div>\r\n        <\/a>\r\n\r\n            <\/section>","protected":false},"excerpt":{"rendered":"<p>Gram\u00e1tica eslovaca: la clave para desbloquear un idioma hermoso \u00bfEst\u00e1s planeando aprender eslovaco o simplemente tienes curiosidad por su gram\u00e1tica \u00fanica? \u00a1Est\u00e1s en el lugar adecuado! La gram\u00e1tica eslovaca puede parecer intimidante a primera vista, pero no te preocupes: en realidad es bastante l\u00f3gica y manejable. En este art\u00edculo, exploraremos los entresijos de la gram\u00e1tica [&hellip;]<\/p>\n","protected":false},"author":1,"featured_media":28644,"parent":0,"menu_order":0,"comment_status":"closed","ping_status":"closed","template":"LearningContentPage.php","meta":{"_acf_changed":false,"footnotes":""},"class_list":["post-44921","page","type-page","status-publish","has-post-thumbnail","hentry"],"acf":[],"yoast_head":"<!-- This site is optimized with the Yoast SEO Premium plugin v27.2 (Yoast SEO v27.2) - https:\/\/yoast.com\/product\/yoast-seo-premium-wordpress\/ -->\n<title>Gram\u00e1tica eslovaca - Talkpal<\/title>\n<meta name=\"description\" content=\"Domina la gram\u00e1tica eslovaca con explicaciones claras, ejemplos pr\u00e1cticos y ejercicios interactivos. \u00a1Mejora tus habilidades!\" \/>\n<meta name=\"robots\" content=\"index, follow, max-snippet:-1, max-image-preview:large, max-video-preview:-1\" \/>\n<link rel=\"canonical\" href=\"https:\/\/talkpal.ai\/es\/gramatica-eslovaca\/\" \/>\n<meta property=\"og:locale\" content=\"es_ES\" \/>\n<meta property=\"og:type\" content=\"article\" \/>\n<meta property=\"og:title\" content=\"Gram\u00e1tica eslovaca\" \/>\n<meta property=\"og:description\" content=\"Gram\u00e1tica eslovaca: la clave para desbloquear un idioma hermoso \u00bfEst\u00e1s planeando aprender eslovaco o simplemente tienes curiosidad por su gram\u00e1tica \u00fanica?\" \/>\n<meta property=\"og:url\" content=\"https:\/\/talkpal.ai\/es\/gramatica-eslovaca\/\" \/>\n<meta property=\"og:site_name\" content=\"Talkpal\" \/>\n<meta property=\"article:publisher\" content=\"https:\/\/www.facebook.com\/profile.php?id=100090733639311\" \/>\n<meta property=\"article:modified_time\" content=\"2025-12-12T11:09:29+00:00\" \/>\n<meta property=\"og:image\" content=\"https:\/\/talkpal.ai\/wp-content\/uploads\/2023\/05\/slovakia.png\" \/>\n\t<meta property=\"og:image:width\" content=\"512\" \/>\n\t<meta property=\"og:image:height\" content=\"512\" \/>\n\t<meta property=\"og:image:type\" content=\"image\/png\" \/>\n<meta name=\"twitter:card\" content=\"summary_large_image\" \/>\n<meta name=\"twitter:site\" content=\"@talkpalai\" \/>\n<meta name=\"twitter:label1\" content=\"Tiempo de lectura\" \/>\n\t<meta name=\"twitter:data1\" content=\"3 minutos\" \/>\n<script type=\"application\/ld+json\" class=\"yoast-schema-graph\">{\"@context\":\"https:\/\/schema.org\",\"@graph\":[{\"@type\":\"WebPage\",\"@id\":\"https:\/\/talkpal.ai\/es\/gramatica-eslovaca\/\",\"url\":\"https:\/\/talkpal.ai\/es\/gramatica-eslovaca\/\",\"name\":\"Gram\u00e1tica eslovaca - Talkpal\",\"isPartOf\":{\"@id\":\"https:\/\/talkpal.ai\/es\/#website\"},\"primaryImageOfPage\":{\"@id\":\"https:\/\/talkpal.ai\/es\/gramatica-eslovaca\/#primaryimage\"},\"image\":{\"@id\":\"https:\/\/talkpal.ai\/es\/gramatica-eslovaca\/#primaryimage\"},\"thumbnailUrl\":\"https:\/\/talkpal.ai\/wp-content\/uploads\/2023\/05\/slovakia.png\",\"datePublished\":\"2023-05-14T14:19:49+00:00\",\"dateModified\":\"2025-12-12T11:09:29+00:00\",\"description\":\"Domina la gram\u00e1tica eslovaca con explicaciones claras, ejemplos pr\u00e1cticos y ejercicios interactivos. \u00a1Mejora tus habilidades!\",\"breadcrumb\":{\"@id\":\"https:\/\/talkpal.ai\/es\/gramatica-eslovaca\/#breadcrumb\"},\"inLanguage\":\"es\",\"potentialAction\":[{\"@type\":\"ReadAction\",\"target\":[\"https:\/\/talkpal.ai\/es\/gramatica-eslovaca\/\"]}]},{\"@type\":\"ImageObject\",\"inLanguage\":\"es\",\"@id\":\"https:\/\/talkpal.ai\/es\/gramatica-eslovaca\/#primaryimage\",\"url\":\"https:\/\/talkpal.ai\/wp-content\/uploads\/2023\/05\/slovakia.png\",\"contentUrl\":\"https:\/\/talkpal.ai\/wp-content\/uploads\/2023\/05\/slovakia.png\",\"width\":512,\"height\":512},{\"@type\":\"BreadcrumbList\",\"@id\":\"https:\/\/talkpal.ai\/es\/gramatica-eslovaca\/#breadcrumb\",\"itemListElement\":[{\"@type\":\"ListItem\",\"position\":1,\"name\":\"Homepage\",\"item\":\"https:\/\/talkpal.ai\/es\/\"},{\"@type\":\"ListItem\",\"position\":2,\"name\":\"Gram\u00e1tica eslovaca\"}]},{\"@type\":\"WebSite\",\"@id\":\"https:\/\/talkpal.ai\/es\/#website\",\"url\":\"https:\/\/talkpal.ai\/es\/\",\"name\":\"Talkpal\",\"description\":\"AI Language Learning\",\"publisher\":{\"@id\":\"https:\/\/talkpal.ai\/es\/#organization\"},\"alternateName\":\"Talkpal AI\",\"potentialAction\":[{\"@type\":\"SearchAction\",\"target\":{\"@type\":\"EntryPoint\",\"urlTemplate\":\"https:\/\/talkpal.ai\/es\/?s={search_term_string}\"},\"query-input\":{\"@type\":\"PropertyValueSpecification\",\"valueRequired\":true,\"valueName\":\"search_term_string\"}}],\"inLanguage\":\"es\"},{\"@type\":\"Organization\",\"@id\":\"https:\/\/talkpal.ai\/es\/#organization\",\"name\":\"Talkpal, Inc.\",\"alternateName\":\"Talkpal AI\",\"url\":\"https:\/\/talkpal.ai\/es\/\",\"logo\":{\"@type\":\"ImageObject\",\"inLanguage\":\"es\",\"@id\":\"https:\/\/talkpal.ai\/es\/#\/schema\/logo\/image\/\",\"url\":\"https:\/\/talkpal.ai\/wp-content\/uploads\/2024\/03\/Talkpal-Logo-Icon.png\",\"contentUrl\":\"https:\/\/talkpal.ai\/wp-content\/uploads\/2024\/03\/Talkpal-Logo-Icon.png\",\"width\":2880,\"height\":2880,\"caption\":\"Talkpal, Inc.\"},\"image\":{\"@id\":\"https:\/\/talkpal.ai\/es\/#\/schema\/logo\/image\/\"},\"sameAs\":[\"https:\/\/www.facebook.com\/profile.php?id=100090733639311\",\"https:\/\/x.com\/talkpalai\",\"https:\/\/www.linkedin.com\/company\/talkpal\/\",\"https:\/\/www.youtube.com\/@TalkPal\/\",\"https:\/\/www.tiktok.com\/@talkpal\",\"https:\/\/www.instagram.com\/talkpal_ai\/\",\"https:\/\/www.crunchbase.com\/organization\/talkpal-9cde\",\"https:\/\/www.g2.com\/products\/talkpal-for-business\/\",\"https:\/\/www.trustpilot.com\/review\/talkpal.ai\",\"https:\/\/www.capterra.com\/p\/10006800\/TalkPal\/\"],\"description\":\"Talkpal is a language learning web and mobile education app, powered by the latest AI technologies, that provides engaging experiences to its customers in many different languages to help them improve their language skills. Users can chat about unlimited amount of topics with the app and use other modes to practice their language learning.\",\"email\":\"support@talkpal.ai\",\"legalName\":\"Talkpal, Inc.\",\"foundingDate\":\"2023-04-03\",\"duns\":\"118989042\",\"numberOfEmployees\":{\"@type\":\"QuantitativeValue\",\"minValue\":\"11\",\"maxValue\":\"50\"},\"publishingPrinciples\":\"https:\/\/talkpal.ai\/publishing-principles\/\",\"actionableFeedbackPolicy\":\"https:\/\/talkpal.ai\/actionable-feedback-policy\/\",\"correctionsPolicy\":\"https:\/\/talkpal.ai\/corrections-policy\/\",\"ethicsPolicy\":\"https:\/\/talkpal.ai\/ethics-policy\/\",\"diversityPolicy\":\"https:\/\/talkpal.ai\/diversity-policy\/\",\"diversityStaffingReport\":\"https:\/\/talkpal.ai\/diversity-policy\/\"}]}<\/script>\n<!-- \/ Yoast SEO Premium plugin. -->","yoast_head_json":{"title":"Gram\u00e1tica eslovaca - Talkpal","description":"Domina la gram\u00e1tica eslovaca con explicaciones claras, ejemplos pr\u00e1cticos y ejercicios interactivos. \u00a1Mejora tus habilidades!","robots":{"index":"index","follow":"follow","max-snippet":"max-snippet:-1","max-image-preview":"max-image-preview:large","max-video-preview":"max-video-preview:-1"},"canonical":"https:\/\/talkpal.ai\/es\/gramatica-eslovaca\/","og_locale":"es_ES","og_type":"article","og_title":"Gram\u00e1tica eslovaca","og_description":"Gram\u00e1tica eslovaca: la clave para desbloquear un idioma hermoso \u00bfEst\u00e1s planeando aprender eslovaco o simplemente tienes curiosidad por su gram\u00e1tica \u00fanica?","og_url":"https:\/\/talkpal.ai\/es\/gramatica-eslovaca\/","og_site_name":"Talkpal","article_publisher":"https:\/\/www.facebook.com\/profile.php?id=100090733639311","article_modified_time":"2025-12-12T11:09:29+00:00","og_image":[{"width":512,"height":512,"url":"https:\/\/talkpal.ai\/wp-content\/uploads\/2023\/05\/slovakia.png","type":"image\/png"}],"twitter_card":"summary_large_image","twitter_site":"@talkpalai","twitter_misc":{"Tiempo de lectura":"3 minutos"},"schema":{"@context":"https:\/\/schema.org","@graph":[{"@type":"WebPage","@id":"https:\/\/talkpal.ai\/es\/gramatica-eslovaca\/","url":"https:\/\/talkpal.ai\/es\/gramatica-eslovaca\/","name":"Gram\u00e1tica eslovaca - Talkpal","isPartOf":{"@id":"https:\/\/talkpal.ai\/es\/#website"},"primaryImageOfPage":{"@id":"https:\/\/talkpal.ai\/es\/gramatica-eslovaca\/#primaryimage"},"image":{"@id":"https:\/\/talkpal.ai\/es\/gramatica-eslovaca\/#primaryimage"},"thumbnailUrl":"https:\/\/talkpal.ai\/wp-content\/uploads\/2023\/05\/slovakia.png","datePublished":"2023-05-14T14:19:49+00:00","dateModified":"2025-12-12T11:09:29+00:00","description":"Domina la gram\u00e1tica eslovaca con explicaciones claras, ejemplos pr\u00e1cticos y ejercicios interactivos. \u00a1Mejora tus habilidades!","breadcrumb":{"@id":"https:\/\/talkpal.ai\/es\/gramatica-eslovaca\/#breadcrumb"},"inLanguage":"es","potentialAction":[{"@type":"ReadAction","target":["https:\/\/talkpal.ai\/es\/gramatica-eslovaca\/"]}]},{"@type":"ImageObject","inLanguage":"es","@id":"https:\/\/talkpal.ai\/es\/gramatica-eslovaca\/#primaryimage","url":"https:\/\/talkpal.ai\/wp-content\/uploads\/2023\/05\/slovakia.png","contentUrl":"https:\/\/talkpal.ai\/wp-content\/uploads\/2023\/05\/slovakia.png","width":512,"height":512},{"@type":"BreadcrumbList","@id":"https:\/\/talkpal.ai\/es\/gramatica-eslovaca\/#breadcrumb","itemListElement":[{"@type":"ListItem","position":1,"name":"Homepage","item":"https:\/\/talkpal.ai\/es\/"},{"@type":"ListItem","position":2,"name":"Gram\u00e1tica eslovaca"}]},{"@type":"WebSite","@id":"https:\/\/talkpal.ai\/es\/#website","url":"https:\/\/talkpal.ai\/es\/","name":"Talkpal","description":"AI Language Learning","publisher":{"@id":"https:\/\/talkpal.ai\/es\/#organization"},"alternateName":"Talkpal AI","potentialAction":[{"@type":"SearchAction","target":{"@type":"EntryPoint","urlTemplate":"https:\/\/talkpal.ai\/es\/?s={search_term_string}"},"query-input":{"@type":"PropertyValueSpecification","valueRequired":true,"valueName":"search_term_string"}}],"inLanguage":"es"},{"@type":"Organization","@id":"https:\/\/talkpal.ai\/es\/#organization","name":"Talkpal, Inc.","alternateName":"Talkpal AI","url":"https:\/\/talkpal.ai\/es\/","logo":{"@type":"ImageObject","inLanguage":"es","@id":"https:\/\/talkpal.ai\/es\/#\/schema\/logo\/image\/","url":"https:\/\/talkpal.ai\/wp-content\/uploads\/2024\/03\/Talkpal-Logo-Icon.png","contentUrl":"https:\/\/talkpal.ai\/wp-content\/uploads\/2024\/03\/Talkpal-Logo-Icon.png","width":2880,"height":2880,"caption":"Talkpal, Inc."},"image":{"@id":"https:\/\/talkpal.ai\/es\/#\/schema\/logo\/image\/"},"sameAs":["https:\/\/www.facebook.com\/profile.php?id=100090733639311","https:\/\/x.com\/talkpalai","https:\/\/www.linkedin.com\/company\/talkpal\/","https:\/\/www.youtube.com\/@TalkPal\/","https:\/\/www.tiktok.com\/@talkpal","https:\/\/www.instagram.com\/talkpal_ai\/","https:\/\/www.crunchbase.com\/organization\/talkpal-9cde","https:\/\/www.g2.com\/products\/talkpal-for-business\/","https:\/\/www.trustpilot.com\/review\/talkpal.ai","https:\/\/www.capterra.com\/p\/10006800\/TalkPal\/"],"description":"Talkpal is a language learning web and mobile education app, powered by the latest AI technologies, that provides engaging experiences to its customers in many different languages to help them improve their language skills. Users can chat about unlimited amount of topics with the app and use other modes to practice their language learning.","email":"support@talkpal.ai","legalName":"Talkpal, Inc.","foundingDate":"2023-04-03","duns":"118989042","numberOfEmployees":{"@type":"QuantitativeValue","minValue":"11","maxValue":"50"},"publishingPrinciples":"https:\/\/talkpal.ai\/publishing-principles\/","actionableFeedbackPolicy":"https:\/\/talkpal.ai\/actionable-feedback-policy\/","correctionsPolicy":"https:\/\/talkpal.ai\/corrections-policy\/","ethicsPolicy":"https:\/\/talkpal.ai\/ethics-policy\/","diversityPolicy":"https:\/\/talkpal.ai\/diversity-policy\/","diversityStaffingReport":"https:\/\/talkpal.ai\/diversity-policy\/"}]}},"_links":{"self":[{"href":"https:\/\/talkpal.ai\/es\/wp-json\/wp\/v2\/pages\/44921","targetHints":{"allow":["GET"]}}],"collection":[{"href":"https:\/\/talkpal.ai\/es\/wp-json\/wp\/v2\/pages"}],"about":[{"href":"https:\/\/talkpal.ai\/es\/wp-json\/wp\/v2\/types\/page"}],"author":[{"embeddable":true,"href":"https:\/\/talkpal.ai\/es\/wp-json\/wp\/v2\/users\/1"}],"replies":[{"embeddable":true,"href":"https:\/\/talkpal.ai\/es\/wp-json\/wp\/v2\/comments?post=44921"}],"version-history":[{"count":0,"href":"https:\/\/talkpal.ai\/es\/wp-json\/wp\/v2\/pages\/44921\/revisions"}],"wp:featuredmedia":[{"embeddable":true,"href":"https:\/\/talkpal.ai\/es\/wp-json\/wp\/v2\/media\/28644"}],"wp:attachment":[{"href":"https:\/\/talkpal.ai\/es\/wp-json\/wp\/v2\/media?parent=44921"}],"curies":[{"name":"wp","href":"https:\/\/api.w.org\/{rel}","templated":true}]}}