{"id":44909,"date":"2023-05-14T14:20:10","date_gmt":"2023-05-14T14:20:10","guid":{"rendered":"http:\/\/talkpal.ai\/gramatica-eslovena\/"},"modified":"2025-12-12T11:14:08","modified_gmt":"2025-12-12T11:14:08","slug":"gramatica-eslovena","status":"publish","type":"page","link":"https:\/\/talkpal.ai\/es\/gramatica-eslovena\/","title":{"rendered":"Gram\u00e1tica eslovena"},"content":{"rendered":"\r\n\r\n\r\n<section class=\"languageChallengeSection\">\r\n    <div class=\"languageInfoWrapper\">\r\n        \r\n        <h1>Gram\u00e1tica eslovena<\/h1>\r\n        <p>Desbloquea el encanto distintivo de la lengua eslovena dominando sus reglas gramaticales esenciales. Con un s\u00f3lido dominio de la gram\u00e1tica eslovena, podr\u00e1s conectar con hablantes nativos y apreciar mejor el rico patrimonio cultural del pa\u00eds. \u00a1Empieza a aprender gram\u00e1tica eslovena hoy mismo y da tu primer paso hacia la fluidez!<\/p>\r\n\r\n                            <a class=\"getStartedHidden\" href=\"https:\/\/app.talkpal.ai\/es-es\/signup?lng=\">Comenzar<\/a>\r\n        \r\n    <\/div>\r\n\r\n    <figure>\r\n    <img decoding=\"async\" width=\"768\" height=\"768\" src=\"https:\/\/talkpal.ai\/wp-content\/uploads\/2023\/06\/slovenian-768x768.png\" class=\"languageImage no-lazy\" alt=\"Default alt text\" fetchpriority=\"high\" sizes=\"(max-width: 768px) 150px, 768px\" srcset=\"https:\/\/talkpal.ai\/wp-content\/uploads\/2023\/06\/slovenian-768x768.png 768w, https:\/\/talkpal.ai\/wp-content\/uploads\/2023\/06\/slovenian-300x300.png 300w\" \/>\r\n    \r\n\r\n    <\/figure>\r\n\r\n            <a class=\"getStartedVisible\" href=\"https:\/\/app.talkpal.ai\/es-es\/signup?lng=\">Comenzar<\/a>\r\n    \r\n<\/section>\r\n        <section class=\"grammarSection\">\r\n            <div class=\"grammarLinks\">\r\n                <a href=\"https:\/\/talkpal.ai\/es\/language\/adjetivos-gramatica-eslovena\/\">Adjetivos <\/a><a href=\"https:\/\/talkpal.ai\/es\/language\/adverbios-gramatica-eslovena\/\">Adverbios <\/a><a href=\"https:\/\/talkpal.ai\/es\/language\/articulos-gramatica-eslovena\/\">Art\u00edculos <\/a><a href=\"https:\/\/talkpal.ai\/es\/language\/comparacion-de-tiempos-gramatica-eslovena\/\">Comparaci\u00f3n de tiempos <\/a><a href=\"https:\/\/talkpal.ai\/es\/language\/condicionales-gramatica-eslovena\/\">Condicionales <\/a><a href=\"https:\/\/talkpal.ai\/es\/language\/oraciones-gramatica-eslovena\/\">Oraciones <\/a><a href=\"https:\/\/talkpal.ai\/es\/language\/perfecto-progresivo-gramatica-eslovena\/\">Perfecto Progresivo <\/a><a href=\"https:\/\/talkpal.ai\/es\/language\/preposiciones-gramatica-eslovena\/\">Preposiciones <\/a><a href=\"https:\/\/talkpal.ai\/es\/language\/progresivo-gramatica-eslovena\/\">Progresivo <\/a><a href=\"https:\/\/talkpal.ai\/es\/language\/pronombres-determinantes-gramatica-eslovena\/\">Pronombres\/Determinantes <\/a><a href=\"https:\/\/talkpal.ai\/es\/language\/sustantivos-gramatica-eslovena\/\">Sustantivos <\/a><a href=\"https:\/\/talkpal.ai\/es\/language\/tiempos-verbales-gramatica-eslovena\/\">Tiempos verbales <\/a><a href=\"https:\/\/talkpal.ai\/es\/language\/verbos-gramatica-eslovena\/\">Verbos <\/a>            <\/div>\r\n        <\/section>\r\n    <section class=\"promotionalBanner\">\r\n    <p class=\"promotionalText\">La forma m\u00e1s eficiente de aprender un idioma<\/p>\r\n    <a class=\"promotionalLink\" href=\"https:\/\/app.talkpal.ai\/es-es\/signup?lng=\">Prueba Talkpal gratis<\/a>\r\n<\/section>\n<div class=\"wp-block-group pageContainerStyle\"><div class=\"wp-block-group__inner-container is-layout-constrained wp-block-group-is-layout-constrained\">\n<h1 class=\"wp-block-heading\" id=\"h-slovenian-grammar-a-short-introduction-for-language-lovers\">Gram\u00e1tica eslovena: una breve introducci\u00f3n para los amantes de los idiomas<\/h1>\n\n\n\n<p>\u00bfEst\u00e1s listo para sumergirte en el encantador mundo del <a href=\"https:\/\/talkpal.ai\/learn-slovenian\/\">esloveno<\/a>, una impresionante lengua eslava? \u00a1Est\u00e1s de suerte! Esta breve gu\u00eda le dar\u00e1 una idea de la gram\u00e1tica eslovena, que es esencial para comprender y dominar este idioma cautivador. As\u00ed pues, embarqu\u00e9monos en esta aventura ling\u00fc\u00edstica y exploremos paso a paso los entresijos de la gram\u00e1tica eslovena.<\/p>\n\n\n\n<p>El esloveno, tambi\u00e9n conocido <a href=\"https:\/\/talkpal.ai\/locations\/language-courses-in-como\/\">como<\/a> esloveno, es hablado predominantemente en Eslovenia por alrededor de 2,5 millones de personas. <a href=\"https:\/\/talkpal.ai\/locations\/language-courses-in-como\/\">Como<\/a> lengua eslava del sur, comparte varias caracter\u00edsticas con sus parientes cercanos, como el <a href=\"https:\/\/talkpal.ai\/learn-serbian\/\">serbio<\/a>, el <a href=\"https:\/\/talkpal.ai\/learn-croatian\/\">croata<\/a> y el b\u00falgaro. <a href=\"https:\/\/talkpal.ai\/culture\/how-do-i-use-the-expression-sin-embargo\/\">Sin embargo<\/a>, el esloveno cuenta con sus giros y estilo \u00fanicos.<\/p>\n\n\n\n<p>Sin m\u00e1s pre\u00e1mbulos, profundicemos en los aspectos clave de la gram\u00e1tica eslovena:<\/p>\n\n\n\n<h3 class=\"wp-block-heading\" id=\"h-1-nouns-and-cases\">1. Sustantivos y casos:<\/h3>\n\n\n\n<p>Los sustantivos eslovenos vienen en tres g\u00e9neros: masculino, femenino y neutro. Cada sustantivo se puede usar en uno de los seis casos eslovenos: nominativo, genitivo, dativo, acusativo, locativo e instrumental. Estos casos expresan diferentes funciones gramaticales o relaciones entre palabras, por <a href=\"https:\/\/talkpal.ai\/culture\/how-do-i-use-lo-que-in-a-sentence\/\">lo que<\/a> es crucial aprender su uso correcto en el contexto.<\/p>\n\n\n\n<h3 class=\"wp-block-heading\" id=\"h-2-articles\">2. Art\u00edculos:<\/h3>\n\n\n\n<p>Buenas noticias: \u00a1el esloveno no utiliza art\u00edculos como \u00abel\u00bb o \u00aba\u00bb! <a href=\"https:\/\/talkpal.ai\/culture\/how-do-i-use-the-expression-en-cambio\/\">En cambio<\/a>, el significado se transmite a trav\u00e9s del uso de casos y orden de palabras. Esto puede facilitarte <a href=\"https:\/\/talkpal.ai\/culture\/what-is-the-difference-between-un-poco-and-poco\/\">un poco<\/a> el aprendizaje del esloveno, sobre todo si no est\u00e1s acostumbrado a lenguas con sistemas de art\u00edculos complejos.<\/p>\n\n\n\n<h3 class=\"wp-block-heading\" id=\"h-3-adjectives\">3. Adjetivos:<\/h3>\n\n\n\n<p>Al igual que los sustantivos, los adjetivos en esloveno concuerdan en g\u00e9nero, n\u00famero y caso con el sustantivo que modifican. Esto hace que el uso de los adjetivos sea un poco m\u00e1s complicado que en espa\u00f1ol, pero no temas: \u00a1con la pr\u00e1ctica, dominar\u00e1s los adjetivos eslovenos en un santiam\u00e9n!<\/p>\n\n\n\n<h3 class=\"wp-block-heading\" id=\"h-4-verbs\">4. Verbos:<\/h3>\n\n\n\n<p>La lengua eslovena tiene un sistema verbal de tres niveles: tres grupos de conjugaci\u00f3n seg\u00fan la ra\u00edz del verbo que termine en infinitivo. Los verbos eslovenos tambi\u00e9n tienen varios tiempos verbales y estados de \u00e1nimo, incluida la forma dual \u00fanica, que se usa cuando se refiere a dos sujetos u objetos. Prep\u00e1rate para pasar alg\u00fan tiempo aprendiendo y practicando conjugaciones verbales eslovenas para ganar confianza en tus habilidades ling\u00fc\u00edsticas.<\/p>\n\n\n\n<h3 class=\"wp-block-heading\" id=\"h-5-word-order\">5. Orden de palabras:<\/h3>\n\n\n\n<p>El esloveno generalmente sigue un orden de palabras sujeto-verbo-objeto (SVO), que debe ser familiar para los angloparlantes. Sin embargo, el lenguaje goza de un cierto grado de flexibilidad, lo que le permite enfatizar partes espec\u00edficas de la oraci\u00f3n cambiando el orden de las palabras. Es esencial utilizar los casos correctamente para evitar confusiones y transmitir el significado deseado.<\/p>\n\n\n\n<h3 class=\"wp-block-heading\" id=\"h-6-pronouns-and-prepositions\">6. Pronombres y preposiciones:<\/h3>\n\n\n\n<p>Los pronombres eslovenos, como otros elementos de la lengua, se ven afectados por el g\u00e9nero, el n\u00famero y el caso. Vienen en varias formas, como personal, posesivo, demostrativo y reflexivo. Familiarizarse con las preposiciones eslovenas tambi\u00e9n le ayudar\u00e1 a conectar palabras y frases para crear oraciones m\u00e1s complejas.<\/p>\n\n\n\n<p>As\u00ed que ya tienes una comprensi\u00f3n b\u00e1sica de la gram\u00e1tica eslovena. Tenga en cuenta que dominar cualquier idioma requiere dedicaci\u00f3n y pr\u00e1ctica. Acepta los retos y no dudes en aprender de tus errores. Recuerde, aprender un nuevo idioma es un viaje emocionante lleno de experiencias memorables y descubrimientos gratificantes. \u00a1Sre\u010dno!<\/p>\n<\/div><\/div>\n\r\n<section class=\"learnNavigationSection\">\r\n            \r\n        <a href=\"https:\/\/talkpal.ai\/es\/aprender-esloveno\/\">\r\n            <div class=\"learnNavigationWrapper\">\r\n                <div class=\"learnNavigationContent\">\r\n                    <img decoding=\"async\" src=\"https:\/\/talkpal.ai\/wp-content\/uploads\/2024\/08\/Slovenian.jpg\" alt=\"Slovenian Flag\">\r\n                    <div>\r\n                        <h4>Sobre el aprendizaje de esloveno<\/h4>\r\n                        <p>Descubra todo sobre la gram\u00e1tica eslovena.<\/p>\r\n                    <\/div>\r\n                <\/div>\r\n            <\/div>\r\n        <\/a>\r\n\r\n        \r\n        <a href=\"https:\/\/talkpal.ai\/es\/ejercicios-de-gramatica-eslovena\/\">\r\n            <div class=\"learnNavigationWrapper\">\r\n                <div class=\"learnNavigationContent\">\r\n                    <img decoding=\"async\" src=\"https:\/\/talkpal.ai\/wp-content\/uploads\/2024\/08\/Slovenian.jpg\" alt=\"Slovenian Flag\">\r\n                    <div>\r\n                        <h4>Ejercicio de gram\u00e1tica eslovena<\/h4>\r\n                        <p>Practicar la gram\u00e1tica eslovena.<\/p>\r\n                    <\/div>\r\n                <\/div>\r\n            <\/div>\r\n        <\/a>\r\n\r\n        \r\n        <a href=\"https:\/\/talkpal.ai\/vocabulary_language\/slovenian\/\">\r\n            <div class=\"learnNavigationWrapper\">\r\n                <div class=\"learnNavigationContent\">\r\n                    <img decoding=\"async\" src=\"https:\/\/talkpal.ai\/wp-content\/uploads\/2024\/08\/Slovenian.jpg\" alt=\"Slovenian Flag\">\r\n                    <div>\r\n                        <h4>Vocabulario esloveno<\/h4>\r\n                        <p>Ampl\u00eda tu vocabulario esloveno.<\/p>\r\n                    <\/div>\r\n                <\/div>\r\n            <\/div>\r\n        <\/a>\r\n\r\n            <\/section>","protected":false},"excerpt":{"rendered":"<p>Gram\u00e1tica eslovena: una breve introducci\u00f3n para los amantes de los idiomas \u00bfEst\u00e1s listo para sumergirte en el encantador mundo del esloveno, una impresionante lengua eslava? \u00a1Est\u00e1s de suerte! Esta breve gu\u00eda le dar\u00e1 una idea de la gram\u00e1tica eslovena, que es esencial para comprender y dominar este idioma cautivador. As\u00ed pues, embarqu\u00e9monos en esta aventura [&hellip;]<\/p>\n","protected":false},"author":1,"featured_media":28660,"parent":0,"menu_order":0,"comment_status":"closed","ping_status":"closed","template":"LearningContentPage.php","meta":{"_acf_changed":false,"footnotes":""},"class_list":["post-44909","page","type-page","status-publish","has-post-thumbnail","hentry"],"acf":[],"yoast_head":"<!-- This site is optimized with the Yoast SEO Premium plugin v27.2 (Yoast SEO v27.2) - https:\/\/yoast.com\/product\/yoast-seo-premium-wordpress\/ -->\n<title>Gram\u00e1tica eslovena - Talkpal<\/title>\n<meta name=\"description\" content=\"Explora los entresijos de la gram\u00e1tica eslovena para mejorar tus habilidades y comprensi\u00f3n ling\u00fc\u00edsticas. Domina hoy el arte de la gram\u00e1tica.\" \/>\n<meta name=\"robots\" content=\"index, follow, max-snippet:-1, max-image-preview:large, max-video-preview:-1\" \/>\n<link rel=\"canonical\" href=\"https:\/\/talkpal.ai\/es\/gramatica-eslovena\/\" \/>\n<meta property=\"og:locale\" content=\"es_ES\" \/>\n<meta property=\"og:type\" content=\"article\" \/>\n<meta property=\"og:title\" content=\"Gram\u00e1tica eslovena\" \/>\n<meta property=\"og:description\" content=\"Gram\u00e1tica eslovena: una breve introducci\u00f3n para los amantes de los idiomas \u00bfEst\u00e1s listo para sumergirte en el encantador mundo del esloveno, una\" \/>\n<meta property=\"og:url\" content=\"https:\/\/talkpal.ai\/es\/gramatica-eslovena\/\" \/>\n<meta property=\"og:site_name\" content=\"Talkpal\" \/>\n<meta property=\"article:publisher\" content=\"https:\/\/www.facebook.com\/profile.php?id=100090733639311\" \/>\n<meta property=\"article:modified_time\" content=\"2025-12-12T11:14:08+00:00\" \/>\n<meta property=\"og:image\" content=\"https:\/\/talkpal.ai\/wp-content\/uploads\/2023\/05\/slovenia.png\" \/>\n\t<meta property=\"og:image:width\" content=\"512\" \/>\n\t<meta property=\"og:image:height\" content=\"512\" \/>\n\t<meta property=\"og:image:type\" content=\"image\/png\" \/>\n<meta name=\"twitter:card\" content=\"summary_large_image\" \/>\n<meta name=\"twitter:site\" content=\"@talkpalai\" \/>\n<meta name=\"twitter:label1\" content=\"Tiempo de lectura\" \/>\n\t<meta name=\"twitter:data1\" content=\"3 minutos\" \/>\n<script type=\"application\/ld+json\" class=\"yoast-schema-graph\">{\"@context\":\"https:\/\/schema.org\",\"@graph\":[{\"@type\":\"WebPage\",\"@id\":\"https:\/\/talkpal.ai\/es\/gramatica-eslovena\/\",\"url\":\"https:\/\/talkpal.ai\/es\/gramatica-eslovena\/\",\"name\":\"Gram\u00e1tica eslovena - Talkpal\",\"isPartOf\":{\"@id\":\"https:\/\/talkpal.ai\/es\/#website\"},\"primaryImageOfPage\":{\"@id\":\"https:\/\/talkpal.ai\/es\/gramatica-eslovena\/#primaryimage\"},\"image\":{\"@id\":\"https:\/\/talkpal.ai\/es\/gramatica-eslovena\/#primaryimage\"},\"thumbnailUrl\":\"https:\/\/talkpal.ai\/wp-content\/uploads\/2023\/05\/slovenia.png\",\"datePublished\":\"2023-05-14T14:20:10+00:00\",\"dateModified\":\"2025-12-12T11:14:08+00:00\",\"description\":\"Explora los entresijos de la gram\u00e1tica eslovena para mejorar tus habilidades y comprensi\u00f3n ling\u00fc\u00edsticas. Domina hoy el arte de la gram\u00e1tica.\",\"breadcrumb\":{\"@id\":\"https:\/\/talkpal.ai\/es\/gramatica-eslovena\/#breadcrumb\"},\"inLanguage\":\"es\",\"potentialAction\":[{\"@type\":\"ReadAction\",\"target\":[\"https:\/\/talkpal.ai\/es\/gramatica-eslovena\/\"]}]},{\"@type\":\"ImageObject\",\"inLanguage\":\"es\",\"@id\":\"https:\/\/talkpal.ai\/es\/gramatica-eslovena\/#primaryimage\",\"url\":\"https:\/\/talkpal.ai\/wp-content\/uploads\/2023\/05\/slovenia.png\",\"contentUrl\":\"https:\/\/talkpal.ai\/wp-content\/uploads\/2023\/05\/slovenia.png\",\"width\":512,\"height\":512},{\"@type\":\"BreadcrumbList\",\"@id\":\"https:\/\/talkpal.ai\/es\/gramatica-eslovena\/#breadcrumb\",\"itemListElement\":[{\"@type\":\"ListItem\",\"position\":1,\"name\":\"Homepage\",\"item\":\"https:\/\/talkpal.ai\/es\/\"},{\"@type\":\"ListItem\",\"position\":2,\"name\":\"Gram\u00e1tica eslovena\"}]},{\"@type\":\"WebSite\",\"@id\":\"https:\/\/talkpal.ai\/es\/#website\",\"url\":\"https:\/\/talkpal.ai\/es\/\",\"name\":\"Talkpal\",\"description\":\"AI Language Learning\",\"publisher\":{\"@id\":\"https:\/\/talkpal.ai\/es\/#organization\"},\"alternateName\":\"Talkpal AI\",\"potentialAction\":[{\"@type\":\"SearchAction\",\"target\":{\"@type\":\"EntryPoint\",\"urlTemplate\":\"https:\/\/talkpal.ai\/es\/?s={search_term_string}\"},\"query-input\":{\"@type\":\"PropertyValueSpecification\",\"valueRequired\":true,\"valueName\":\"search_term_string\"}}],\"inLanguage\":\"es\"},{\"@type\":\"Organization\",\"@id\":\"https:\/\/talkpal.ai\/es\/#organization\",\"name\":\"Talkpal, Inc.\",\"alternateName\":\"Talkpal AI\",\"url\":\"https:\/\/talkpal.ai\/es\/\",\"logo\":{\"@type\":\"ImageObject\",\"inLanguage\":\"es\",\"@id\":\"https:\/\/talkpal.ai\/es\/#\/schema\/logo\/image\/\",\"url\":\"https:\/\/talkpal.ai\/wp-content\/uploads\/2024\/03\/Talkpal-Logo-Icon.png\",\"contentUrl\":\"https:\/\/talkpal.ai\/wp-content\/uploads\/2024\/03\/Talkpal-Logo-Icon.png\",\"width\":2880,\"height\":2880,\"caption\":\"Talkpal, Inc.\"},\"image\":{\"@id\":\"https:\/\/talkpal.ai\/es\/#\/schema\/logo\/image\/\"},\"sameAs\":[\"https:\/\/www.facebook.com\/profile.php?id=100090733639311\",\"https:\/\/x.com\/talkpalai\",\"https:\/\/www.linkedin.com\/company\/talkpal\/\",\"https:\/\/www.youtube.com\/@TalkPal\/\",\"https:\/\/www.tiktok.com\/@talkpal\",\"https:\/\/www.instagram.com\/talkpal_ai\/\",\"https:\/\/www.crunchbase.com\/organization\/talkpal-9cde\",\"https:\/\/www.g2.com\/products\/talkpal-for-business\/\",\"https:\/\/www.trustpilot.com\/review\/talkpal.ai\",\"https:\/\/www.capterra.com\/p\/10006800\/TalkPal\/\"],\"description\":\"Talkpal is a language learning web and mobile education app, powered by the latest AI technologies, that provides engaging experiences to its customers in many different languages to help them improve their language skills. Users can chat about unlimited amount of topics with the app and use other modes to practice their language learning.\",\"email\":\"support@talkpal.ai\",\"legalName\":\"Talkpal, Inc.\",\"foundingDate\":\"2023-04-03\",\"duns\":\"118989042\",\"numberOfEmployees\":{\"@type\":\"QuantitativeValue\",\"minValue\":\"11\",\"maxValue\":\"50\"},\"publishingPrinciples\":\"https:\/\/talkpal.ai\/publishing-principles\/\",\"actionableFeedbackPolicy\":\"https:\/\/talkpal.ai\/actionable-feedback-policy\/\",\"correctionsPolicy\":\"https:\/\/talkpal.ai\/corrections-policy\/\",\"ethicsPolicy\":\"https:\/\/talkpal.ai\/ethics-policy\/\",\"diversityPolicy\":\"https:\/\/talkpal.ai\/diversity-policy\/\",\"diversityStaffingReport\":\"https:\/\/talkpal.ai\/diversity-policy\/\"}]}<\/script>\n<!-- \/ Yoast SEO Premium plugin. -->","yoast_head_json":{"title":"Gram\u00e1tica eslovena - Talkpal","description":"Explora los entresijos de la gram\u00e1tica eslovena para mejorar tus habilidades y comprensi\u00f3n ling\u00fc\u00edsticas. Domina hoy el arte de la gram\u00e1tica.","robots":{"index":"index","follow":"follow","max-snippet":"max-snippet:-1","max-image-preview":"max-image-preview:large","max-video-preview":"max-video-preview:-1"},"canonical":"https:\/\/talkpal.ai\/es\/gramatica-eslovena\/","og_locale":"es_ES","og_type":"article","og_title":"Gram\u00e1tica eslovena","og_description":"Gram\u00e1tica eslovena: una breve introducci\u00f3n para los amantes de los idiomas \u00bfEst\u00e1s listo para sumergirte en el encantador mundo del esloveno, una","og_url":"https:\/\/talkpal.ai\/es\/gramatica-eslovena\/","og_site_name":"Talkpal","article_publisher":"https:\/\/www.facebook.com\/profile.php?id=100090733639311","article_modified_time":"2025-12-12T11:14:08+00:00","og_image":[{"width":512,"height":512,"url":"https:\/\/talkpal.ai\/wp-content\/uploads\/2023\/05\/slovenia.png","type":"image\/png"}],"twitter_card":"summary_large_image","twitter_site":"@talkpalai","twitter_misc":{"Tiempo de lectura":"3 minutos"},"schema":{"@context":"https:\/\/schema.org","@graph":[{"@type":"WebPage","@id":"https:\/\/talkpal.ai\/es\/gramatica-eslovena\/","url":"https:\/\/talkpal.ai\/es\/gramatica-eslovena\/","name":"Gram\u00e1tica eslovena - Talkpal","isPartOf":{"@id":"https:\/\/talkpal.ai\/es\/#website"},"primaryImageOfPage":{"@id":"https:\/\/talkpal.ai\/es\/gramatica-eslovena\/#primaryimage"},"image":{"@id":"https:\/\/talkpal.ai\/es\/gramatica-eslovena\/#primaryimage"},"thumbnailUrl":"https:\/\/talkpal.ai\/wp-content\/uploads\/2023\/05\/slovenia.png","datePublished":"2023-05-14T14:20:10+00:00","dateModified":"2025-12-12T11:14:08+00:00","description":"Explora los entresijos de la gram\u00e1tica eslovena para mejorar tus habilidades y comprensi\u00f3n ling\u00fc\u00edsticas. Domina hoy el arte de la gram\u00e1tica.","breadcrumb":{"@id":"https:\/\/talkpal.ai\/es\/gramatica-eslovena\/#breadcrumb"},"inLanguage":"es","potentialAction":[{"@type":"ReadAction","target":["https:\/\/talkpal.ai\/es\/gramatica-eslovena\/"]}]},{"@type":"ImageObject","inLanguage":"es","@id":"https:\/\/talkpal.ai\/es\/gramatica-eslovena\/#primaryimage","url":"https:\/\/talkpal.ai\/wp-content\/uploads\/2023\/05\/slovenia.png","contentUrl":"https:\/\/talkpal.ai\/wp-content\/uploads\/2023\/05\/slovenia.png","width":512,"height":512},{"@type":"BreadcrumbList","@id":"https:\/\/talkpal.ai\/es\/gramatica-eslovena\/#breadcrumb","itemListElement":[{"@type":"ListItem","position":1,"name":"Homepage","item":"https:\/\/talkpal.ai\/es\/"},{"@type":"ListItem","position":2,"name":"Gram\u00e1tica eslovena"}]},{"@type":"WebSite","@id":"https:\/\/talkpal.ai\/es\/#website","url":"https:\/\/talkpal.ai\/es\/","name":"Talkpal","description":"AI Language Learning","publisher":{"@id":"https:\/\/talkpal.ai\/es\/#organization"},"alternateName":"Talkpal AI","potentialAction":[{"@type":"SearchAction","target":{"@type":"EntryPoint","urlTemplate":"https:\/\/talkpal.ai\/es\/?s={search_term_string}"},"query-input":{"@type":"PropertyValueSpecification","valueRequired":true,"valueName":"search_term_string"}}],"inLanguage":"es"},{"@type":"Organization","@id":"https:\/\/talkpal.ai\/es\/#organization","name":"Talkpal, Inc.","alternateName":"Talkpal AI","url":"https:\/\/talkpal.ai\/es\/","logo":{"@type":"ImageObject","inLanguage":"es","@id":"https:\/\/talkpal.ai\/es\/#\/schema\/logo\/image\/","url":"https:\/\/talkpal.ai\/wp-content\/uploads\/2024\/03\/Talkpal-Logo-Icon.png","contentUrl":"https:\/\/talkpal.ai\/wp-content\/uploads\/2024\/03\/Talkpal-Logo-Icon.png","width":2880,"height":2880,"caption":"Talkpal, Inc."},"image":{"@id":"https:\/\/talkpal.ai\/es\/#\/schema\/logo\/image\/"},"sameAs":["https:\/\/www.facebook.com\/profile.php?id=100090733639311","https:\/\/x.com\/talkpalai","https:\/\/www.linkedin.com\/company\/talkpal\/","https:\/\/www.youtube.com\/@TalkPal\/","https:\/\/www.tiktok.com\/@talkpal","https:\/\/www.instagram.com\/talkpal_ai\/","https:\/\/www.crunchbase.com\/organization\/talkpal-9cde","https:\/\/www.g2.com\/products\/talkpal-for-business\/","https:\/\/www.trustpilot.com\/review\/talkpal.ai","https:\/\/www.capterra.com\/p\/10006800\/TalkPal\/"],"description":"Talkpal is a language learning web and mobile education app, powered by the latest AI technologies, that provides engaging experiences to its customers in many different languages to help them improve their language skills. Users can chat about unlimited amount of topics with the app and use other modes to practice their language learning.","email":"support@talkpal.ai","legalName":"Talkpal, Inc.","foundingDate":"2023-04-03","duns":"118989042","numberOfEmployees":{"@type":"QuantitativeValue","minValue":"11","maxValue":"50"},"publishingPrinciples":"https:\/\/talkpal.ai\/publishing-principles\/","actionableFeedbackPolicy":"https:\/\/talkpal.ai\/actionable-feedback-policy\/","correctionsPolicy":"https:\/\/talkpal.ai\/corrections-policy\/","ethicsPolicy":"https:\/\/talkpal.ai\/ethics-policy\/","diversityPolicy":"https:\/\/talkpal.ai\/diversity-policy\/","diversityStaffingReport":"https:\/\/talkpal.ai\/diversity-policy\/"}]}},"_links":{"self":[{"href":"https:\/\/talkpal.ai\/es\/wp-json\/wp\/v2\/pages\/44909","targetHints":{"allow":["GET"]}}],"collection":[{"href":"https:\/\/talkpal.ai\/es\/wp-json\/wp\/v2\/pages"}],"about":[{"href":"https:\/\/talkpal.ai\/es\/wp-json\/wp\/v2\/types\/page"}],"author":[{"embeddable":true,"href":"https:\/\/talkpal.ai\/es\/wp-json\/wp\/v2\/users\/1"}],"replies":[{"embeddable":true,"href":"https:\/\/talkpal.ai\/es\/wp-json\/wp\/v2\/comments?post=44909"}],"version-history":[{"count":0,"href":"https:\/\/talkpal.ai\/es\/wp-json\/wp\/v2\/pages\/44909\/revisions"}],"wp:featuredmedia":[{"embeddable":true,"href":"https:\/\/talkpal.ai\/es\/wp-json\/wp\/v2\/media\/28660"}],"wp:attachment":[{"href":"https:\/\/talkpal.ai\/es\/wp-json\/wp\/v2\/media?parent=44909"}],"curies":[{"name":"wp","href":"https:\/\/api.w.org\/{rel}","templated":true}]}}