{"id":44872,"date":"2023-05-14T14:23:49","date_gmt":"2023-05-14T14:23:49","guid":{"rendered":"http:\/\/talkpal.ai\/gramatica-turca\/"},"modified":"2025-12-13T15:45:11","modified_gmt":"2025-12-13T15:45:11","slug":"gramatica-turca","status":"publish","type":"page","link":"https:\/\/talkpal.ai\/es\/gramatica-turca\/","title":{"rendered":"Gram\u00e1tica turca"},"content":{"rendered":"\r\n\r\n\r\n<section class=\"languageChallengeSection\">\r\n    <div class=\"languageInfoWrapper\">\r\n        \r\n        <h1>Gram\u00e1tica turca<\/h1>\r\n        <p>\u00bfTienes curiosidad por aprender <a href=\"https:\/\/talkpal.ai\/learn-turkish\/\">turco<\/a>? Explora la <a href=\"https:\/\/talkpal.ai\/pt-pt\/o-que-ha-de-especial-na-gramatica-turca\/\">gram\u00e1tica turca<\/a> y comprueba c\u00f3mo su estructura l\u00f3gica, su armon\u00eda voc\u00e1lica y sus patrones verbales f\u00e1ciles de seguir la hacen fascinante y accesible. Empieza tu viaje hoy: dominar la gram\u00e1tica turca es la clave para comunicarte con fluidez y descubrir un mundo vibrante de cultura y conexi\u00f3n.<\/p>\r\n\r\n                            <a class=\"getStartedHidden\" href=\"https:\/\/app.talkpal.ai\/es-es\/signup?lng=\">Comenzar<\/a>\r\n        \r\n    <\/div>\r\n\r\n    <figure>\r\n    <img decoding=\"async\" width=\"768\" height=\"768\" src=\"https:\/\/talkpal.ai\/wp-content\/uploads\/2023\/06\/turkish-768x768.png\" class=\"languageImage no-lazy\" alt=\"Default alt text\" fetchpriority=\"high\" sizes=\"(max-width: 768px) 150px, 768px\" srcset=\"https:\/\/talkpal.ai\/wp-content\/uploads\/2023\/06\/turkish-768x768.png 768w, https:\/\/talkpal.ai\/wp-content\/uploads\/2023\/06\/turkish-300x300.png 300w\" \/>\r\n    \r\n\r\n    <\/figure>\r\n\r\n            <a class=\"getStartedVisible\" href=\"https:\/\/app.talkpal.ai\/es-es\/signup?lng=\">Comenzar<\/a>\r\n    \r\n<\/section>\r\n        <section class=\"grammarSection\">\r\n            <div class=\"grammarLinks\">\r\n                <a href=\"https:\/\/talkpal.ai\/es\/language\/adjetivos-gramatica-turca\/\">Adjetivos <\/a><a href=\"https:\/\/talkpal.ai\/es\/language\/adverbios-gramatica-turca\/\">Adverbios <\/a><a href=\"https:\/\/talkpal.ai\/es\/language\/articulos-gramatica-turca\/\">Art\u00edculos <\/a><a href=\"https:\/\/talkpal.ai\/es\/language\/comparacion-de-tiempos-gramatica-turca\/\">Comparaci\u00f3n de tiempos <\/a><a href=\"https:\/\/talkpal.ai\/es\/language\/condicionales-gramatica-turca\/\">Condicionales <\/a><a href=\"https:\/\/talkpal.ai\/es\/language\/oraciones-gramatica-turca\/\">Oraciones <\/a><a href=\"https:\/\/talkpal.ai\/es\/language\/perfecto-progresivo-gramatica-turca\/\">Perfecto Progresivo <\/a><a href=\"https:\/\/talkpal.ai\/es\/language\/preposiciones-gramatica-turca\/\">Preposiciones <\/a><a href=\"https:\/\/talkpal.ai\/es\/language\/progresivo-gramatica-turca\/\">Progresivo <\/a><a href=\"https:\/\/talkpal.ai\/es\/language\/pronombres-determinantes-gramatica-turca\/\">Pronombres\/Determinantes <\/a><a href=\"https:\/\/talkpal.ai\/es\/language\/sustantivos-gramatica-turca\/\">Sustantivos <\/a><a href=\"https:\/\/talkpal.ai\/es\/language\/tiempos-verbales-gramatica-turca\/\">Tiempos verbales <\/a><a href=\"https:\/\/talkpal.ai\/es\/language\/verbos-gramatica-turca\/\">Verbos <\/a>            <\/div>\r\n        <\/section>\r\n    <section class=\"promotionalBanner\">\r\n    <p class=\"promotionalText\">La forma m\u00e1s eficiente de aprender un idioma<\/p>\r\n    <a class=\"promotionalLink\" href=\"https:\/\/app.talkpal.ai\/es-es\/signup?lng=\">Prueba Talkpal gratis<\/a>\r\n<\/section>\n<div class=\"wp-block-group pageContainerStyle\"><div class=\"wp-block-group__inner-container is-layout-constrained wp-block-group-is-layout-constrained\">\n<h2 class=\"wp-block-heading\" id=\"h-the-ultimate-guide-to-turkish-grammar-navigating-the-intricacies-of-a-unique-language\">La gu\u00eda definitiva de la gram\u00e1tica turca: navegando por las complejidades de un idioma \u00fanico<\/h2>\n\n\n\n<p>La gram\u00e1tica turca, <a href=\"https:\/\/talkpal.ai\/locations\/language-courses-in-como\/\">como<\/a> la lengua misma, presenta un rico y fascinante tapiz de elementos ling\u00fc\u00edsticos. <a href=\"https:\/\/talkpal.ai\/locations\/language-courses-in-como\/\">Como<\/a> miembro de la familia ling\u00fc\u00edstica t\u00farquica, el turco cautiva a los <a href=\"https:\/\/talkpal.ai\/talkpal-discount-for-students\/\">estudiantes<\/a> con sus diversas caracter\u00edsticas y desaf\u00eda incluso a los hablantes m\u00e1s competentes. En esta gu\u00eda, exploraremos los principios clave de la gram\u00e1tica turca, desmitificaremos sus complejidades y te ayudaremos en tu viaje hacia la fluidez en esta cautivadora lengua. \u00a1Empecemos!<\/p>\n\n\n\n<h3 class=\"wp-block-heading\" id=\"h-the-nuts-and-bolts-turkish-sentence-structure\">Las tuercas y tornillos: estructura de oraciones turcas<\/h3>\n\n\n\n<p>En esencia, la gram\u00e1tica turca es bastante sencilla. El idioma generalmente sigue la estructura de oraciones Sujeto-Objeto-Verbo (SOV), a diferencia del <a href=\"https:\/\/talkpal.ai\/es\/locations\/aprende-ingles-en-orange\/\">ingl\u00e9s<\/a> y muchos otros idiomas. Por ejemplo, la frase \u00abMe como una manzana\u00bb se traduce por \u00abBen elma yiyorum\u00bb (Ben=yo, elma=manzana, yiyorum=comer). Simple, \u00bfverdad? <a href=\"https:\/\/talkpal.ai\/culture\/how-do-i-use-the-expression-sin-embargo\/\">Sin embargo<\/a>, a medida que profundicemos, encontrar\u00e1s algunos rasgos intrigantes y distintivos de la gram\u00e1tica turca.<\/p>\n\n\n\n<h3 class=\"wp-block-heading\" id=\"h-meet-the-family-turkish-nouns-and-their-suffixes\">Conoce a la familia: sustantivos turcos y sus sufijos<\/h3>\n\n\n\n<p>Una de las caracter\u00edsticas m\u00e1s peculiares de la gram\u00e1tica turca es el uso de sufijos para expresar diversas relaciones gramaticales. No hay <a href=\"https:\/\/talkpal.ai\/zh-hans\/grammar_exercises\/preposiciones-%e8%a5%bf%e7%8f%ad%e7%89%99%e8%af%ad%e6%b3%95%e7%bb%83%e4%b9%a0\/\">preposiciones<\/a> en turco; En lugar de ellos, los sufijos se adjuntan a los sustantivos para indicar posesi\u00f3n, objetos directos y ubicaci\u00f3n.<\/p>\n\n\n\n<p>Por ejemplo, tomemos la palabra \u00abelma\u00bb, que significa \u00abmanzana\u00bb:<\/p>\n\n\n\n<p><strong>&#8211; Posesi\u00f3n: Benim elmam (Mi manzana)<\/strong><\/p>\n\n\n\n<p><strong>&#8211; Objeto directo: Elmay\u0131 yedim (Me com\u00ed la manzana)<\/strong><\/p>\n\n\n\n<p><strong>&#8211; Localizaci\u00f3n: Elmada (En la manzana)<\/strong><\/p>\n\n\n\n<p>Es importante que te familiarices con estos sufijos, ya que pueden cambiar radicalmente el significado de tus frases.<\/p>\n\n\n\n<h3 class=\"wp-block-heading\" id=\"h-playing-with-numbers-turkish-plurals-and-genders\">Jugando con n\u00fameros: plurales y g\u00e9neros turcos<\/h3>\n\n\n\n<p>Para formar plurales en turco, es imprescindible a\u00f1adir un solo sufijo: -ler o -lar, seg\u00fan la vocal m\u00e1s cercana de la palabra. A diferencia de muchas otras lenguas, el turco no tiene g\u00e9nero gramatical. Esto significa que no tendr\u00e1s que preocuparte por aprender diferentes terminaciones o formas para sustantivos masculinos, femeninos o neutros.<\/p>\n\n\n\n<p>Por ejemplo, \u00abk\u00f6pek\u00bb (k\u00f6pek, sustantivo que significa \u00abperro\u00bb) se convierte en \u00abk\u00f6pekler\u00bb (k\u00f6pekler, perros), y \u00abkedi\u00bb (kedi, sustantivo que significa \u00abgato\u00bb) se convierte en \u00abkediler\u00bb (kediler, gatos).<\/p>\n\n\n\n<h3 class=\"wp-block-heading\" id=\"h-the-art-of-conjugation-turkish-verbs\">El arte de la conjugaci\u00f3n: verbos turcos<\/h3>\n\n\n\n<p>Los verbos turcos pueden parecer desalentadores al principio, debido a sus numerosos tiempos, estados de \u00e1nimo y conjugaciones. Sin embargo, la clave para entenderlos es reconocer patrones comunes y practicar regularmente.<\/p>\n\n\n\n<p>En turco, los verbos usan una variedad de sufijos para indicar tiempo, estado de \u00e1nimo y persona. La ra\u00edz del verbo permanece sin cambios. Tomemos como ejemplo el verbo \u00abyemek\u00bb (yemek, \u00abcomer\u00bb):<\/p>\n\n\n\n<p><strong>Tiempo presente continuo: Yiyorum (Estoy comiendo)<\/strong><\/p>\n\n\n\n<p><strong>Tiempo pasado: Yedim (com\u00ed)<\/strong><\/p>\n\n\n\n<p><strong>Tiempo futuro: Yiyece\u011fim (Comer\u00e9)<\/strong><\/p>\n\n\n\n<p>Como puedes ver, los finales cambian seg\u00fan el tiempo y la persona. Con pr\u00e1ctica y paciencia, empezar\u00e1s a reconocer los patrones y conquistar\u00e1s este reto.<\/p>\n\n\n\n<h3 class=\"wp-block-heading\" id=\"h-the-finishing-touches-turkish-adjectives-adverbs-and-more\">Los toques finales: adjetivos turcos, adverbios y m\u00e1s<\/h3>\n\n\n\n<p>Cuando se trata de adjetivos y adverbios turcos, juegan un papel fundamental para agregar profundidad y complejidad a su discurso. En turco, los adjetivos no tienen que concordar con los sustantivos a los que modifican, por lo que son m\u00e1s f\u00e1ciles de manejar que en muchas otras lenguas.<\/p>\n\n\n\n<p>Por ejemplo, \u00abg\u00fczel\u00bb (g\u00fczel) significa \u00abhermoso\u00bb, y puedes verlo como \u00abg\u00fczel \u00e7i\u00e7ek\u00bb (g\u00fczel \u00e7i\u00e7ek, \u00abflor hermosa\u00bb) o \u00abg\u00fczel k\u00f6pek\u00bb (g\u00fczel k\u00f6pek, \u00abperro hermoso\u00bb), sin cambio de plural ni de g\u00e9nero.<\/p>\n\n\n\n<p>Los adverbios suelen seguir patrones similares, a menudo derivados de adjetivos. En turco, muchos adverbios se pueden formar agregando el sufijo -ce o -ca a los adjetivos, dependiendo de la vocal m\u00e1s cercana.<\/p>\n\n\n\n<p>En conclusi\u00f3n, las complejidades y peculiaridades de la gram\u00e1tica turca, aunque suponen un reto, confieren a la lengua su belleza y car\u00e1cter cautivadores. Con una combinaci\u00f3n de persistencia, curiosidad y aplicaci\u00f3n pr\u00e1ctica, pronto navegar\u00e1s por la gram\u00e1tica turca con facilidad y confianza. \u00a1Feliz aprendizaje!<\/p>\n<\/div><\/div>\n\r\n<section class=\"learnNavigationSection\">\r\n            \r\n        <a href=\"https:\/\/talkpal.ai\/es\/aprender-turco\/\">\r\n            <div class=\"learnNavigationWrapper\">\r\n                <div class=\"learnNavigationContent\">\r\n                    <img decoding=\"async\" src=\"https:\/\/talkpal.ai\/wp-content\/uploads\/2024\/08\/Turkish.jpg\" alt=\"Turkish Flag\">\r\n                    <div>\r\n                        <h4>Sobre el aprendizaje del turco<\/h4>\r\n                        <p>Desc\u00fabralo todo sobre la gram\u00e1tica turca.<\/p>\r\n                    <\/div>\r\n                <\/div>\r\n            <\/div>\r\n        <\/a>\r\n\r\n        \r\n        <a href=\"https:\/\/talkpal.ai\/es\/ejercicios-de-gramatica-turca\/\">\r\n            <div class=\"learnNavigationWrapper\">\r\n                <div class=\"learnNavigationContent\">\r\n                    <img decoding=\"async\" src=\"https:\/\/talkpal.ai\/wp-content\/uploads\/2024\/08\/Turkish.jpg\" alt=\"Turkish Flag\">\r\n                    <div>\r\n                        <h4>Ejercicio de gram\u00e1tica turca<\/h4>\r\n                        <p>Practica la gram\u00e1tica turca.<\/p>\r\n                    <\/div>\r\n                <\/div>\r\n            <\/div>\r\n        <\/a>\r\n\r\n        \r\n        <a href=\"https:\/\/talkpal.ai\/vocabulary_language\/turkish\/\">\r\n            <div class=\"learnNavigationWrapper\">\r\n                <div class=\"learnNavigationContent\">\r\n                    <img decoding=\"async\" src=\"https:\/\/talkpal.ai\/wp-content\/uploads\/2024\/08\/Turkish.jpg\" alt=\"Turkish Flag\">\r\n                    <div>\r\n                        <h4>Vocabulario turco<\/h4>\r\n                        <p>Ampl\u00eda tu vocabulario de turco.<\/p>\r\n                    <\/div>\r\n                <\/div>\r\n            <\/div>\r\n        <\/a>\r\n\r\n            <\/section>","protected":false},"excerpt":{"rendered":"<p>La gu\u00eda definitiva de la gram\u00e1tica turca: navegando por las complejidades de un idioma \u00fanico La gram\u00e1tica turca, como la lengua misma, presenta un rico y fascinante tapiz de elementos ling\u00fc\u00edsticos. Como miembro de la familia ling\u00fc\u00edstica t\u00farquica, el turco cautiva a los estudiantes con sus diversas caracter\u00edsticas y desaf\u00eda incluso a los hablantes m\u00e1s [&hellip;]<\/p>\n","protected":false},"author":1,"featured_media":28756,"parent":0,"menu_order":0,"comment_status":"closed","ping_status":"closed","template":"LearningContentPage.php","meta":{"_acf_changed":false,"footnotes":""},"class_list":["post-44872","page","type-page","status-publish","has-post-thumbnail","hentry"],"acf":[],"yoast_head":"<!-- This site is optimized with the Yoast SEO Premium plugin v27.2 (Yoast SEO v27.2) - https:\/\/yoast.com\/product\/yoast-seo-premium-wordpress\/ -->\n<title>Gram\u00e1tica turca - Talkpal<\/title>\n<meta name=\"description\" content=\"Desvela los secretos de la gram\u00e1tica turca con nuestra completa gu\u00eda sobre sus principios clave y la estructura de las frases.\" \/>\n<meta name=\"robots\" content=\"index, follow, max-snippet:-1, max-image-preview:large, max-video-preview:-1\" \/>\n<link rel=\"canonical\" href=\"https:\/\/talkpal.ai\/es\/gramatica-turca\/\" \/>\n<meta property=\"og:locale\" content=\"es_ES\" \/>\n<meta property=\"og:type\" content=\"article\" \/>\n<meta property=\"og:title\" content=\"Gram\u00e1tica turca\" \/>\n<meta property=\"og:description\" content=\"La gu\u00eda definitiva de la gram\u00e1tica turca: navegando por las complejidades de un idioma \u00fanico La gram\u00e1tica turca, como la lengua misma, presenta un rico y\" \/>\n<meta property=\"og:url\" content=\"https:\/\/talkpal.ai\/es\/gramatica-turca\/\" \/>\n<meta property=\"og:site_name\" content=\"Talkpal\" \/>\n<meta property=\"article:publisher\" content=\"https:\/\/www.facebook.com\/profile.php?id=100090733639311\" \/>\n<meta property=\"article:modified_time\" content=\"2025-12-13T15:45:11+00:00\" \/>\n<meta property=\"og:image\" content=\"https:\/\/talkpal.ai\/wp-content\/uploads\/2023\/05\/turkish.png\" \/>\n\t<meta property=\"og:image:width\" content=\"512\" \/>\n\t<meta property=\"og:image:height\" content=\"512\" \/>\n\t<meta property=\"og:image:type\" content=\"image\/png\" \/>\n<meta name=\"twitter:card\" content=\"summary_large_image\" \/>\n<meta name=\"twitter:site\" content=\"@talkpalai\" \/>\n<meta name=\"twitter:label1\" content=\"Tiempo de lectura\" \/>\n\t<meta name=\"twitter:data1\" content=\"3 minutos\" \/>\n<script type=\"application\/ld+json\" class=\"yoast-schema-graph\">{\"@context\":\"https:\/\/schema.org\",\"@graph\":[{\"@type\":\"WebPage\",\"@id\":\"https:\/\/talkpal.ai\/es\/gramatica-turca\/\",\"url\":\"https:\/\/talkpal.ai\/es\/gramatica-turca\/\",\"name\":\"Gram\u00e1tica turca - Talkpal\",\"isPartOf\":{\"@id\":\"https:\/\/talkpal.ai\/es\/#website\"},\"primaryImageOfPage\":{\"@id\":\"https:\/\/talkpal.ai\/es\/gramatica-turca\/#primaryimage\"},\"image\":{\"@id\":\"https:\/\/talkpal.ai\/es\/gramatica-turca\/#primaryimage\"},\"thumbnailUrl\":\"https:\/\/talkpal.ai\/wp-content\/uploads\/2023\/05\/turkish.png\",\"datePublished\":\"2023-05-14T14:23:49+00:00\",\"dateModified\":\"2025-12-13T15:45:11+00:00\",\"description\":\"Desvela los secretos de la gram\u00e1tica turca con nuestra completa gu\u00eda sobre sus principios clave y la estructura de las frases.\",\"breadcrumb\":{\"@id\":\"https:\/\/talkpal.ai\/es\/gramatica-turca\/#breadcrumb\"},\"inLanguage\":\"es\",\"potentialAction\":[{\"@type\":\"ReadAction\",\"target\":[\"https:\/\/talkpal.ai\/es\/gramatica-turca\/\"]}]},{\"@type\":\"ImageObject\",\"inLanguage\":\"es\",\"@id\":\"https:\/\/talkpal.ai\/es\/gramatica-turca\/#primaryimage\",\"url\":\"https:\/\/talkpal.ai\/wp-content\/uploads\/2023\/05\/turkish.png\",\"contentUrl\":\"https:\/\/talkpal.ai\/wp-content\/uploads\/2023\/05\/turkish.png\",\"width\":512,\"height\":512},{\"@type\":\"BreadcrumbList\",\"@id\":\"https:\/\/talkpal.ai\/es\/gramatica-turca\/#breadcrumb\",\"itemListElement\":[{\"@type\":\"ListItem\",\"position\":1,\"name\":\"Homepage\",\"item\":\"https:\/\/talkpal.ai\/es\/\"},{\"@type\":\"ListItem\",\"position\":2,\"name\":\"Gram\u00e1tica turca\"}]},{\"@type\":\"WebSite\",\"@id\":\"https:\/\/talkpal.ai\/es\/#website\",\"url\":\"https:\/\/talkpal.ai\/es\/\",\"name\":\"Talkpal\",\"description\":\"AI Language Learning\",\"publisher\":{\"@id\":\"https:\/\/talkpal.ai\/es\/#organization\"},\"alternateName\":\"Talkpal AI\",\"potentialAction\":[{\"@type\":\"SearchAction\",\"target\":{\"@type\":\"EntryPoint\",\"urlTemplate\":\"https:\/\/talkpal.ai\/es\/?s={search_term_string}\"},\"query-input\":{\"@type\":\"PropertyValueSpecification\",\"valueRequired\":true,\"valueName\":\"search_term_string\"}}],\"inLanguage\":\"es\"},{\"@type\":\"Organization\",\"@id\":\"https:\/\/talkpal.ai\/es\/#organization\",\"name\":\"Talkpal, Inc.\",\"alternateName\":\"Talkpal AI\",\"url\":\"https:\/\/talkpal.ai\/es\/\",\"logo\":{\"@type\":\"ImageObject\",\"inLanguage\":\"es\",\"@id\":\"https:\/\/talkpal.ai\/es\/#\/schema\/logo\/image\/\",\"url\":\"https:\/\/talkpal.ai\/wp-content\/uploads\/2024\/03\/Talkpal-Logo-Icon.png\",\"contentUrl\":\"https:\/\/talkpal.ai\/wp-content\/uploads\/2024\/03\/Talkpal-Logo-Icon.png\",\"width\":2880,\"height\":2880,\"caption\":\"Talkpal, Inc.\"},\"image\":{\"@id\":\"https:\/\/talkpal.ai\/es\/#\/schema\/logo\/image\/\"},\"sameAs\":[\"https:\/\/www.facebook.com\/profile.php?id=100090733639311\",\"https:\/\/x.com\/talkpalai\",\"https:\/\/www.linkedin.com\/company\/talkpal\/\",\"https:\/\/www.youtube.com\/@TalkPal\/\",\"https:\/\/www.tiktok.com\/@talkpal\",\"https:\/\/www.instagram.com\/talkpal_ai\/\",\"https:\/\/www.crunchbase.com\/organization\/talkpal-9cde\",\"https:\/\/www.g2.com\/products\/talkpal-for-business\/\",\"https:\/\/www.trustpilot.com\/review\/talkpal.ai\",\"https:\/\/www.capterra.com\/p\/10006800\/TalkPal\/\"],\"description\":\"Talkpal is a language learning web and mobile education app, powered by the latest AI technologies, that provides engaging experiences to its customers in many different languages to help them improve their language skills. Users can chat about unlimited amount of topics with the app and use other modes to practice their language learning.\",\"email\":\"support@talkpal.ai\",\"legalName\":\"Talkpal, Inc.\",\"foundingDate\":\"2023-04-03\",\"duns\":\"118989042\",\"numberOfEmployees\":{\"@type\":\"QuantitativeValue\",\"minValue\":\"11\",\"maxValue\":\"50\"},\"publishingPrinciples\":\"https:\/\/talkpal.ai\/publishing-principles\/\",\"actionableFeedbackPolicy\":\"https:\/\/talkpal.ai\/actionable-feedback-policy\/\",\"correctionsPolicy\":\"https:\/\/talkpal.ai\/corrections-policy\/\",\"ethicsPolicy\":\"https:\/\/talkpal.ai\/ethics-policy\/\",\"diversityPolicy\":\"https:\/\/talkpal.ai\/diversity-policy\/\",\"diversityStaffingReport\":\"https:\/\/talkpal.ai\/diversity-policy\/\"}]}<\/script>\n<!-- \/ Yoast SEO Premium plugin. -->","yoast_head_json":{"title":"Gram\u00e1tica turca - Talkpal","description":"Desvela los secretos de la gram\u00e1tica turca con nuestra completa gu\u00eda sobre sus principios clave y la estructura de las frases.","robots":{"index":"index","follow":"follow","max-snippet":"max-snippet:-1","max-image-preview":"max-image-preview:large","max-video-preview":"max-video-preview:-1"},"canonical":"https:\/\/talkpal.ai\/es\/gramatica-turca\/","og_locale":"es_ES","og_type":"article","og_title":"Gram\u00e1tica turca","og_description":"La gu\u00eda definitiva de la gram\u00e1tica turca: navegando por las complejidades de un idioma \u00fanico La gram\u00e1tica turca, como la lengua misma, presenta un rico y","og_url":"https:\/\/talkpal.ai\/es\/gramatica-turca\/","og_site_name":"Talkpal","article_publisher":"https:\/\/www.facebook.com\/profile.php?id=100090733639311","article_modified_time":"2025-12-13T15:45:11+00:00","og_image":[{"width":512,"height":512,"url":"https:\/\/talkpal.ai\/wp-content\/uploads\/2023\/05\/turkish.png","type":"image\/png"}],"twitter_card":"summary_large_image","twitter_site":"@talkpalai","twitter_misc":{"Tiempo de lectura":"3 minutos"},"schema":{"@context":"https:\/\/schema.org","@graph":[{"@type":"WebPage","@id":"https:\/\/talkpal.ai\/es\/gramatica-turca\/","url":"https:\/\/talkpal.ai\/es\/gramatica-turca\/","name":"Gram\u00e1tica turca - Talkpal","isPartOf":{"@id":"https:\/\/talkpal.ai\/es\/#website"},"primaryImageOfPage":{"@id":"https:\/\/talkpal.ai\/es\/gramatica-turca\/#primaryimage"},"image":{"@id":"https:\/\/talkpal.ai\/es\/gramatica-turca\/#primaryimage"},"thumbnailUrl":"https:\/\/talkpal.ai\/wp-content\/uploads\/2023\/05\/turkish.png","datePublished":"2023-05-14T14:23:49+00:00","dateModified":"2025-12-13T15:45:11+00:00","description":"Desvela los secretos de la gram\u00e1tica turca con nuestra completa gu\u00eda sobre sus principios clave y la estructura de las frases.","breadcrumb":{"@id":"https:\/\/talkpal.ai\/es\/gramatica-turca\/#breadcrumb"},"inLanguage":"es","potentialAction":[{"@type":"ReadAction","target":["https:\/\/talkpal.ai\/es\/gramatica-turca\/"]}]},{"@type":"ImageObject","inLanguage":"es","@id":"https:\/\/talkpal.ai\/es\/gramatica-turca\/#primaryimage","url":"https:\/\/talkpal.ai\/wp-content\/uploads\/2023\/05\/turkish.png","contentUrl":"https:\/\/talkpal.ai\/wp-content\/uploads\/2023\/05\/turkish.png","width":512,"height":512},{"@type":"BreadcrumbList","@id":"https:\/\/talkpal.ai\/es\/gramatica-turca\/#breadcrumb","itemListElement":[{"@type":"ListItem","position":1,"name":"Homepage","item":"https:\/\/talkpal.ai\/es\/"},{"@type":"ListItem","position":2,"name":"Gram\u00e1tica turca"}]},{"@type":"WebSite","@id":"https:\/\/talkpal.ai\/es\/#website","url":"https:\/\/talkpal.ai\/es\/","name":"Talkpal","description":"AI Language Learning","publisher":{"@id":"https:\/\/talkpal.ai\/es\/#organization"},"alternateName":"Talkpal AI","potentialAction":[{"@type":"SearchAction","target":{"@type":"EntryPoint","urlTemplate":"https:\/\/talkpal.ai\/es\/?s={search_term_string}"},"query-input":{"@type":"PropertyValueSpecification","valueRequired":true,"valueName":"search_term_string"}}],"inLanguage":"es"},{"@type":"Organization","@id":"https:\/\/talkpal.ai\/es\/#organization","name":"Talkpal, Inc.","alternateName":"Talkpal AI","url":"https:\/\/talkpal.ai\/es\/","logo":{"@type":"ImageObject","inLanguage":"es","@id":"https:\/\/talkpal.ai\/es\/#\/schema\/logo\/image\/","url":"https:\/\/talkpal.ai\/wp-content\/uploads\/2024\/03\/Talkpal-Logo-Icon.png","contentUrl":"https:\/\/talkpal.ai\/wp-content\/uploads\/2024\/03\/Talkpal-Logo-Icon.png","width":2880,"height":2880,"caption":"Talkpal, Inc."},"image":{"@id":"https:\/\/talkpal.ai\/es\/#\/schema\/logo\/image\/"},"sameAs":["https:\/\/www.facebook.com\/profile.php?id=100090733639311","https:\/\/x.com\/talkpalai","https:\/\/www.linkedin.com\/company\/talkpal\/","https:\/\/www.youtube.com\/@TalkPal\/","https:\/\/www.tiktok.com\/@talkpal","https:\/\/www.instagram.com\/talkpal_ai\/","https:\/\/www.crunchbase.com\/organization\/talkpal-9cde","https:\/\/www.g2.com\/products\/talkpal-for-business\/","https:\/\/www.trustpilot.com\/review\/talkpal.ai","https:\/\/www.capterra.com\/p\/10006800\/TalkPal\/"],"description":"Talkpal is a language learning web and mobile education app, powered by the latest AI technologies, that provides engaging experiences to its customers in many different languages to help them improve their language skills. Users can chat about unlimited amount of topics with the app and use other modes to practice their language learning.","email":"support@talkpal.ai","legalName":"Talkpal, Inc.","foundingDate":"2023-04-03","duns":"118989042","numberOfEmployees":{"@type":"QuantitativeValue","minValue":"11","maxValue":"50"},"publishingPrinciples":"https:\/\/talkpal.ai\/publishing-principles\/","actionableFeedbackPolicy":"https:\/\/talkpal.ai\/actionable-feedback-policy\/","correctionsPolicy":"https:\/\/talkpal.ai\/corrections-policy\/","ethicsPolicy":"https:\/\/talkpal.ai\/ethics-policy\/","diversityPolicy":"https:\/\/talkpal.ai\/diversity-policy\/","diversityStaffingReport":"https:\/\/talkpal.ai\/diversity-policy\/"}]}},"_links":{"self":[{"href":"https:\/\/talkpal.ai\/es\/wp-json\/wp\/v2\/pages\/44872","targetHints":{"allow":["GET"]}}],"collection":[{"href":"https:\/\/talkpal.ai\/es\/wp-json\/wp\/v2\/pages"}],"about":[{"href":"https:\/\/talkpal.ai\/es\/wp-json\/wp\/v2\/types\/page"}],"author":[{"embeddable":true,"href":"https:\/\/talkpal.ai\/es\/wp-json\/wp\/v2\/users\/1"}],"replies":[{"embeddable":true,"href":"https:\/\/talkpal.ai\/es\/wp-json\/wp\/v2\/comments?post=44872"}],"version-history":[{"count":0,"href":"https:\/\/talkpal.ai\/es\/wp-json\/wp\/v2\/pages\/44872\/revisions"}],"wp:featuredmedia":[{"embeddable":true,"href":"https:\/\/talkpal.ai\/es\/wp-json\/wp\/v2\/media\/28756"}],"wp:attachment":[{"href":"https:\/\/talkpal.ai\/es\/wp-json\/wp\/v2\/media?parent=44872"}],"curies":[{"name":"wp","href":"https:\/\/api.w.org\/{rel}","templated":true}]}}