{"id":3008,"date":"2023-03-25T16:57:06","date_gmt":"2023-03-25T16:57:06","guid":{"rendered":"http:\/\/talkpal.ai\/gramatica-inglesa\/"},"modified":"2025-05-22T19:26:06","modified_gmt":"2025-05-22T19:26:06","slug":"gramatica-inglesa","status":"publish","type":"page","link":"https:\/\/talkpal.ai\/es\/gramatica-inglesa\/","title":{"rendered":"Gram\u00e1tica inglesa"},"content":{"rendered":"\r\n\r\n\r\n<section class=\"languageChallengeSection\">\r\n    <div class=\"languageInfoWrapper\">\r\n        \r\n        <h1>Gram\u00e1tica inglesa<\/h1>\r\n        <p>\u00bfListo para empezar a aprender <a href=\"https:\/\/talkpal.ai\/es\/locations\/aprende-ingles-en-orange\/\">ingl\u00e9s<\/a>? Con s\u00f3lo un poco de gram\u00e1tica y algunas palabras nuevas, estar\u00e1s chateando y conectando con gente de todo el mundo en un santiam\u00e9n. Sum\u00e9rgete y hagamos que aprender ingl\u00e9s sea f\u00e1cil y divertido: \u00a1tu viaje hacia la fluidez empieza hoy!\n\n<\/p>\r\n\r\n                            <a class=\"getStartedHidden\" href=\"https:\/\/app.talkpal.ai\/es-es\/signup?lng=\">Comenzar<\/a>\r\n        \r\n    <\/div>\r\n\r\n    <figure>\r\n    <img decoding=\"async\" width=\"768\" height=\"768\" src=\"https:\/\/talkpal.ai\/wp-content\/uploads\/2023\/06\/English-768x768.png\" class=\"languageImage no-lazy\" alt=\"Default alt text\" fetchpriority=\"high\" sizes=\"(max-width: 768px) 150px, 768px\" srcset=\"https:\/\/talkpal.ai\/wp-content\/uploads\/2023\/06\/English-768x768.png 768w, https:\/\/talkpal.ai\/wp-content\/uploads\/2023\/06\/English-300x300.png 300w\" \/>\r\n    \r\n\r\n    <\/figure>\r\n\r\n            <a class=\"getStartedVisible\" href=\"https:\/\/app.talkpal.ai\/es-es\/signup?lng=\">Comenzar<\/a>\r\n    \r\n<\/section>\r\n        <section class=\"grammarSection\">\r\n            <div class=\"grammarLinks\">\r\n                <a href=\"https:\/\/talkpal.ai\/es\/language\/adjetivos\/\">Adjetivos <\/a><a href=\"https:\/\/talkpal.ai\/es\/language\/adverbios\/\">Adverbios <\/a><a href=\"https:\/\/talkpal.ai\/es\/language\/articulos\/\">Art\u00edculos <\/a><a href=\"https:\/\/talkpal.ai\/es\/language\/condicionales\/\">Condicionales <\/a><a href=\"https:\/\/talkpal.ai\/es\/language\/estructura-de-la-oracion\/\">Oraciones <\/a><a href=\"https:\/\/talkpal.ai\/es\/language\/preposiciones\/\">Preposiciones <\/a><a href=\"https:\/\/talkpal.ai\/es\/language\/pronombres-y-determinantes\/\">Pronombres\/Determinantes <\/a><a href=\"https:\/\/talkpal.ai\/es\/language\/sustantivos\/\">Sustantivos <\/a><a href=\"https:\/\/talkpal.ai\/es\/language\/tiempos-verbales\/\">Tiempos verbales <\/a><a href=\"https:\/\/talkpal.ai\/es\/language\/verbos\/\">Verbos <\/a>            <\/div>\r\n        <\/section>\r\n    <section class=\"promotionalBanner\">\r\n    <p class=\"promotionalText\">La forma m\u00e1s eficiente de aprender un idioma<\/p>\r\n    <a class=\"promotionalLink\" href=\"https:\/\/app.talkpal.ai\/es-es\/signup?lng=\">Prueba Talkpal gratis<\/a>\r\n<\/section>\n<div class=\"wp-block-group pageContainerStyle\"><div class=\"wp-block-group__inner-container is-layout-constrained wp-block-group-is-layout-constrained\">\n<h2 class=\"wp-block-heading\" id=\"h-the-importance-of-english-grammar-a-guide-to-mastering-the-rules-and-principles\">La importancia de la gram\u00e1tica inglesa: gu\u00eda para dominar sus reglas y principios<\/h2>\n\n\n\n<p>Siendo el ingl\u00e9s una de las lenguas m\u00e1s habladas en todo el mundo, no es de extra\u00f1ar que la gente est\u00e9 ansiosa por mejorar su fluidez y dominio de la misma. Un aspecto crucial del dominio de la lengua inglesa es la comprensi\u00f3n de su gram\u00e1tica. Pero, \u00bfpor qu\u00e9 es tan importante la gram\u00e1tica y c\u00f3mo podemos aprenderla eficazmente? En este art\u00edculo, nos sumergiremos en la importancia de la <a href=\"https:\/\/talkpal.ai\/pt-pt\/o-que-ha-de-especial-na-gramatica-inglesa\/\">gram\u00e1tica inglesa<\/a>, discutiremos sus principios clave y compartiremos algunos consejos pr\u00e1cticos para perfeccionar tus habilidades.<\/p>\n\n\n\n<h3 class=\"wp-block-heading\" id=\"h-the-role-of-grammar-in-the-english-language\">El papel de la gram\u00e1tica en la lengua inglesa:<\/h3>\n\n\n\n<p>Entonces, \u00bfcu\u00e1l es el problema con la gram\u00e1tica? En esencia, la gram\u00e1tica es la piedra angular de cualquier lengua: es el conjunto de reglas y principios que rigen c\u00f3mo utilizamos las palabras para formar frases con sentido. Si nos atenemos a estas normas, garantizaremos una comunicaci\u00f3n clara y evitaremos malentendidos. Imag\u00ednese intentar preparar una comida sin seguir una receta: \u00a1el resultado final podr\u00eda ser desagradable! Del mismo modo, descuidar la gram\u00e1tica en el habla y la escritura cotidianas puede dar lugar a confusiones y malas interpretaciones.<\/p>\n\n\n\n<h3 class=\"wp-block-heading\" id=\"h-key-principles-of-english-grammar\">Principios clave de la gram\u00e1tica inglesa:<\/h3>\n\n\n\n<p>Aunque la gram\u00e1tica inglesa abarca un amplio abanico de reglas, hay algunos principios clave que debes conocer:<\/p>\n\n\n\n<p><strong>1. Partes de la oraci\u00f3n:<\/strong> Son las funciones que desempe\u00f1an las palabras en una frase. Seg\u00fan su funci\u00f3n, las palabras pueden clasificarse en sustantivos, pronombres, verbos, adjetivos, adverbios, <a href=\"https:\/\/talkpal.ai\/zh-hans\/grammar_exercises\/preposiciones-%e8%a5%bf%e7%8f%ad%e7%89%99%e8%af%ad%e6%b3%95%e7%bb%83%e4%b9%a0\/\">preposiciones<\/a>, <a href=\"https:\/\/talkpal.ai\/zh-hans\/grammar_exercises\/conjunciones-%e8%a5%bf%e7%8f%ad%e7%89%99%e8%af%ad%e6%b3%95%e7%bb%83%e4%b9%a0\/\">conjunciones<\/a> o interjecciones.<\/p>\n\n\n\n<p><strong>2. Los tiempos:<\/strong> Los tiempos indican el tiempo de las acciones o los estados del ser. Se clasifican en pasado, <a href=\"https:\/\/talkpal.ai\/zh-hans\/grammar_exercises\/presente-%e8%a5%bf%e7%8f%ad%e7%89%99%e8%af%ad%e6%b3%95%e7%bb%83%e4%b9%a0\/\">presente<\/a> y <a href=\"https:\/\/talkpal.ai\/ja\/grammar_exercises\/futuro-%e3%82%b9%e3%83%9a%e3%82%a4%e3%83%b3%e8%aa%9e%e3%81%ae%e6%96%87%e6%b3%95%e3%81%ae%e6%bc%94%e7%bf%92\/\">futuro<\/a>, y cada tiempo tiene cuatro aspectos: simple, progresivo, perfecto y perfecto progresivo.<\/p>\n\n\n\n<p><strong>3. Concordancia sujeto-verbo:<\/strong> Esencialmente, el sujeto (sustantivo o pronombre) y el verbo de una frase deben concordar en n\u00famero &#8211; singular o plural. Por ejemplo, \u00abElla lee un libro\u00bb y \u00abEllos leen libros\u00bb son gramaticalmente correctos.<\/p>\n\n\n\n<p><strong>4. Estructura de la frase:<\/strong> Una frase bien estructurada consta de sujeto, verbo y, a menudo, objeto. Las frases pueden ser simples (una cl\u00e1usula independiente), compuestas (dos o m\u00e1s cl\u00e1usulas independientes) o complejas (una cl\u00e1usula independiente y una o m\u00e1s cl\u00e1usulas dependientes).<\/p>\n\n\n\n<p><strong>5. Puntuaci\u00f3n:<\/strong> Los signos de puntuaci\u00f3n, <a href=\"https:\/\/talkpal.ai\/locations\/language-courses-in-como\/\">como<\/a> la coma, el punto y el punto y coma, son fundamentales para organizar y aclarar el lenguaje escrito. Una puntuaci\u00f3n adecuada garantiza que sus ideas se transmitan con precisi\u00f3n y coherencia.<\/p>\n\n\n\n<h3 class=\"wp-block-heading\" id=\"h-tips-to-improve-your-english-grammar\">Consejos para mejorar la gram\u00e1tica inglesa:<\/h3>\n\n\n\n<p>Ahora que hemos hablado de los fundamentos de la gram\u00e1tica inglesa, exploremos algunas formas eficaces de perfeccionar tus habilidades:<\/p>\n\n\n\n<p><strong>1. Lee con regularidad:<\/strong> La lectura es una forma excelente de interiorizar la gram\u00e1tica adecuada. Cuanto m\u00e1s te expongas a art\u00edculos, libros o ensayos bien escritos, mejor captar\u00e1s las reglas y estructuras.<\/p>\n\n\n\n<p><strong>2. Practique la escritura:<\/strong> Escribir con regularidad te permite aplicar tus conocimientos gramaticales e identificar las \u00e1reas en las que necesitas mejorar. Considera la posibilidad de escribir un diario o un blog para desarrollar tu capacidad de redacci\u00f3n.<\/p>\n\n\n\n<p><strong>3. Estudia recursos gramaticales:<\/strong> Hazte con libros de gram\u00e1tica, p\u00e1ginas web o apps de renombre para profundizar en el conocimiento de las reglas. Repasar regularmente estos materiales le ayudar\u00e1 a consolidar sus conocimientos.<\/p>\n\n\n\n<p><strong>4. Busca feedback:<\/strong> Relaci\u00f3nate con otras personas para recibir cr\u00edticas constructivas sobre tu ingl\u00e9s escrito y hablado. Puede ser a trav\u00e9s de foros en l\u00ednea, grupos de intercambio de idiomas o amigos y colegas que dominen el ingl\u00e9s.<\/p>\n\n\n\n<p><strong>5. S\u00e9 paciente y perseverante:<\/strong> Aprender gram\u00e1tica es un proceso gradual que requiere tiempo y esfuerzo. Mant\u00e9n tu compromiso, sigue practicando y celebra tus progresos.<\/p>\n\n\n\n<h3 class=\"wp-block-heading\" id=\"h-conclusion\">Conclusi\u00f3n:<\/h3>\n\n\n\n<p>Dominar la gram\u00e1tica inglesa es un pelda\u00f1o esencial en el camino hacia la fluidez. Comprendiendo su importancia, familiariz\u00e1ndote con los principios clave y practicando activamente, pronto desarrollar\u00e1s un s\u00f3lido dominio de la lengua. Recuerda que Roma no se construy\u00f3 en un d\u00eda, as\u00ed que ten paciencia, divi\u00e9rtete y disfruta del camino hacia una gram\u00e1tica impecable.<\/p>\n<\/div><\/div>\n\r\n<section class=\"learnNavigationSection\">\r\n            \r\n        <a href=\"https:\/\/talkpal.ai\/es\/aprender-ingles\/\">\r\n            <div class=\"learnNavigationWrapper\">\r\n                <div class=\"learnNavigationContent\">\r\n                    <img decoding=\"async\" src=\"https:\/\/talkpal.ai\/wp-content\/uploads\/2024\/08\/English.jpg\" alt=\"English Flag\">\r\n                    <div>\r\n                        <h4>Sobre English Learning<\/h4>\r\n                        <p>Desc\u00fabrelo todo sobre la gram\u00e1tica inglesa.<\/p>\r\n                    <\/div>\r\n                <\/div>\r\n            <\/div>\r\n        <\/a>\r\n\r\n        \r\n        <a href=\"https:\/\/talkpal.ai\/es\/ejercicios-de-gramatica-inglesa\/\">\r\n            <div class=\"learnNavigationWrapper\">\r\n                <div class=\"learnNavigationContent\">\r\n                    <img decoding=\"async\" src=\"https:\/\/talkpal.ai\/wp-content\/uploads\/2024\/08\/English.jpg\" alt=\"English Flag\">\r\n                    <div>\r\n                        <h4>Ejercicios de gram\u00e1tica inglesa<\/h4>\r\n                        <p>Practica la gram\u00e1tica inglesa.<\/p>\r\n                    <\/div>\r\n                <\/div>\r\n            <\/div>\r\n        <\/a>\r\n\r\n        \r\n        <a href=\"https:\/\/talkpal.ai\/vocabulary_language\/english\/\">\r\n            <div class=\"learnNavigationWrapper\">\r\n                <div class=\"learnNavigationContent\">\r\n                    <img decoding=\"async\" src=\"https:\/\/talkpal.ai\/wp-content\/uploads\/2024\/08\/English.jpg\" alt=\"English Flag\">\r\n                    <div>\r\n                        <h4>Vocabulario ingl\u00e9s<\/h4>\r\n                        <p>Ampl\u00eda tu vocabulario de ingl\u00e9s.<\/p>\r\n                    <\/div>\r\n                <\/div>\r\n            <\/div>\r\n        <\/a>\r\n\r\n            <\/section>","protected":false},"excerpt":{"rendered":"<p>La importancia de la gram\u00e1tica inglesa: gu\u00eda para dominar sus reglas y principios Siendo el ingl\u00e9s una de las lenguas m\u00e1s habladas en todo el mundo, no es de extra\u00f1ar que la gente est\u00e9 ansiosa por mejorar su fluidez y dominio de la misma. Un aspecto crucial del dominio de la lengua inglesa es la [&hellip;]<\/p>\n","protected":false},"author":1,"featured_media":659,"parent":0,"menu_order":0,"comment_status":"closed","ping_status":"closed","template":"LearningContentPage.php","meta":{"_acf_changed":false,"footnotes":""},"class_list":["post-3008","page","type-page","status-publish","has-post-thumbnail","hentry"],"acf":[],"yoast_head":"<!-- This site is optimized with the Yoast SEO Premium plugin v27.2 (Yoast SEO v27.2) - https:\/\/yoast.com\/product\/yoast-seo-premium-wordpress\/ -->\n<title>Gram\u00e1tica inglesa - Talkpal<\/title>\n<meta name=\"description\" content=\"Mejora tus conocimientos de gram\u00e1tica inglesa sin esfuerzo con Talkpalla aplicaci\u00f3n de aprendizaje de idiomas con IA.\" \/>\n<meta name=\"robots\" content=\"index, follow, max-snippet:-1, max-image-preview:large, max-video-preview:-1\" \/>\n<link rel=\"canonical\" href=\"https:\/\/talkpal.ai\/es\/gramatica-inglesa\/\" \/>\n<meta property=\"og:locale\" content=\"es_ES\" \/>\n<meta property=\"og:type\" content=\"article\" \/>\n<meta property=\"og:title\" content=\"Gram\u00e1tica inglesa\" \/>\n<meta property=\"og:description\" content=\"La importancia de la gram\u00e1tica inglesa: gu\u00eda para dominar sus reglas y principios Siendo el ingl\u00e9s una de las lenguas m\u00e1s habladas en todo el mundo, no es\" \/>\n<meta property=\"og:url\" content=\"https:\/\/talkpal.ai\/es\/gramatica-inglesa\/\" \/>\n<meta property=\"og:site_name\" content=\"Talkpal\" \/>\n<meta property=\"article:publisher\" content=\"https:\/\/www.facebook.com\/profile.php?id=100090733639311\" \/>\n<meta property=\"article:modified_time\" content=\"2025-05-22T19:26:06+00:00\" \/>\n<meta property=\"og:image\" content=\"https:\/\/talkpal.ai\/wp-content\/uploads\/2023\/03\/united-kingdom.png\" \/>\n\t<meta property=\"og:image:width\" content=\"512\" \/>\n\t<meta property=\"og:image:height\" content=\"512\" \/>\n\t<meta property=\"og:image:type\" content=\"image\/png\" \/>\n<meta name=\"twitter:card\" content=\"summary_large_image\" \/>\n<meta name=\"twitter:site\" content=\"@talkpalai\" \/>\n<meta name=\"twitter:label1\" content=\"Tiempo de lectura\" \/>\n\t<meta name=\"twitter:data1\" content=\"3 minutos\" \/>\n<script type=\"application\/ld+json\" class=\"yoast-schema-graph\">{\"@context\":\"https:\/\/schema.org\",\"@graph\":[{\"@type\":\"WebPage\",\"@id\":\"https:\/\/talkpal.ai\/es\/gramatica-inglesa\/\",\"url\":\"https:\/\/talkpal.ai\/es\/gramatica-inglesa\/\",\"name\":\"Gram\u00e1tica inglesa - Talkpal\",\"isPartOf\":{\"@id\":\"https:\/\/talkpal.ai\/es\/#website\"},\"primaryImageOfPage\":{\"@id\":\"https:\/\/talkpal.ai\/es\/gramatica-inglesa\/#primaryimage\"},\"image\":{\"@id\":\"https:\/\/talkpal.ai\/es\/gramatica-inglesa\/#primaryimage\"},\"thumbnailUrl\":\"https:\/\/talkpal.ai\/wp-content\/uploads\/2023\/03\/united-kingdom.png\",\"datePublished\":\"2023-03-25T16:57:06+00:00\",\"dateModified\":\"2025-05-22T19:26:06+00:00\",\"description\":\"Mejora tus conocimientos de gram\u00e1tica inglesa sin esfuerzo con Talkpalla aplicaci\u00f3n de aprendizaje de idiomas con IA.\",\"breadcrumb\":{\"@id\":\"https:\/\/talkpal.ai\/es\/gramatica-inglesa\/#breadcrumb\"},\"inLanguage\":\"es\",\"potentialAction\":[{\"@type\":\"ReadAction\",\"target\":[\"https:\/\/talkpal.ai\/es\/gramatica-inglesa\/\"]}]},{\"@type\":\"ImageObject\",\"inLanguage\":\"es\",\"@id\":\"https:\/\/talkpal.ai\/es\/gramatica-inglesa\/#primaryimage\",\"url\":\"https:\/\/talkpal.ai\/wp-content\/uploads\/2023\/03\/united-kingdom.png\",\"contentUrl\":\"https:\/\/talkpal.ai\/wp-content\/uploads\/2023\/03\/united-kingdom.png\",\"width\":512,\"height\":512,\"caption\":\"TalkPal AI learn English\"},{\"@type\":\"BreadcrumbList\",\"@id\":\"https:\/\/talkpal.ai\/es\/gramatica-inglesa\/#breadcrumb\",\"itemListElement\":[{\"@type\":\"ListItem\",\"position\":1,\"name\":\"Homepage\",\"item\":\"https:\/\/talkpal.ai\/es\/\"},{\"@type\":\"ListItem\",\"position\":2,\"name\":\"Gram\u00e1tica inglesa\"}]},{\"@type\":\"WebSite\",\"@id\":\"https:\/\/talkpal.ai\/es\/#website\",\"url\":\"https:\/\/talkpal.ai\/es\/\",\"name\":\"Talkpal\",\"description\":\"AI Language Learning\",\"publisher\":{\"@id\":\"https:\/\/talkpal.ai\/es\/#organization\"},\"alternateName\":\"Talkpal AI\",\"potentialAction\":[{\"@type\":\"SearchAction\",\"target\":{\"@type\":\"EntryPoint\",\"urlTemplate\":\"https:\/\/talkpal.ai\/es\/?s={search_term_string}\"},\"query-input\":{\"@type\":\"PropertyValueSpecification\",\"valueRequired\":true,\"valueName\":\"search_term_string\"}}],\"inLanguage\":\"es\"},{\"@type\":\"Organization\",\"@id\":\"https:\/\/talkpal.ai\/es\/#organization\",\"name\":\"Talkpal, Inc.\",\"alternateName\":\"Talkpal AI\",\"url\":\"https:\/\/talkpal.ai\/es\/\",\"logo\":{\"@type\":\"ImageObject\",\"inLanguage\":\"es\",\"@id\":\"https:\/\/talkpal.ai\/es\/#\/schema\/logo\/image\/\",\"url\":\"https:\/\/talkpal.ai\/wp-content\/uploads\/2024\/03\/Talkpal-Logo-Icon.png\",\"contentUrl\":\"https:\/\/talkpal.ai\/wp-content\/uploads\/2024\/03\/Talkpal-Logo-Icon.png\",\"width\":2880,\"height\":2880,\"caption\":\"Talkpal, Inc.\"},\"image\":{\"@id\":\"https:\/\/talkpal.ai\/es\/#\/schema\/logo\/image\/\"},\"sameAs\":[\"https:\/\/www.facebook.com\/profile.php?id=100090733639311\",\"https:\/\/x.com\/talkpalai\",\"https:\/\/www.linkedin.com\/company\/talkpal\/\",\"https:\/\/www.youtube.com\/@TalkPal\/\",\"https:\/\/www.tiktok.com\/@talkpal\",\"https:\/\/www.instagram.com\/talkpal_ai\/\",\"https:\/\/www.crunchbase.com\/organization\/talkpal-9cde\",\"https:\/\/www.g2.com\/products\/talkpal-for-business\/\",\"https:\/\/www.trustpilot.com\/review\/talkpal.ai\",\"https:\/\/www.capterra.com\/p\/10006800\/TalkPal\/\"],\"description\":\"Talkpal is a language learning web and mobile education app, powered by the latest AI technologies, that provides engaging experiences to its customers in many different languages to help them improve their language skills. Users can chat about unlimited amount of topics with the app and use other modes to practice their language learning.\",\"email\":\"support@talkpal.ai\",\"legalName\":\"Talkpal, Inc.\",\"foundingDate\":\"2023-04-03\",\"duns\":\"118989042\",\"numberOfEmployees\":{\"@type\":\"QuantitativeValue\",\"minValue\":\"11\",\"maxValue\":\"50\"},\"publishingPrinciples\":\"https:\/\/talkpal.ai\/publishing-principles\/\",\"actionableFeedbackPolicy\":\"https:\/\/talkpal.ai\/actionable-feedback-policy\/\",\"correctionsPolicy\":\"https:\/\/talkpal.ai\/corrections-policy\/\",\"ethicsPolicy\":\"https:\/\/talkpal.ai\/ethics-policy\/\",\"diversityPolicy\":\"https:\/\/talkpal.ai\/diversity-policy\/\",\"diversityStaffingReport\":\"https:\/\/talkpal.ai\/diversity-policy\/\"}]}<\/script>\n<!-- \/ Yoast SEO Premium plugin. -->","yoast_head_json":{"title":"Gram\u00e1tica inglesa - Talkpal","description":"Mejora tus conocimientos de gram\u00e1tica inglesa sin esfuerzo con Talkpalla aplicaci\u00f3n de aprendizaje de idiomas con IA.","robots":{"index":"index","follow":"follow","max-snippet":"max-snippet:-1","max-image-preview":"max-image-preview:large","max-video-preview":"max-video-preview:-1"},"canonical":"https:\/\/talkpal.ai\/es\/gramatica-inglesa\/","og_locale":"es_ES","og_type":"article","og_title":"Gram\u00e1tica inglesa","og_description":"La importancia de la gram\u00e1tica inglesa: gu\u00eda para dominar sus reglas y principios Siendo el ingl\u00e9s una de las lenguas m\u00e1s habladas en todo el mundo, no es","og_url":"https:\/\/talkpal.ai\/es\/gramatica-inglesa\/","og_site_name":"Talkpal","article_publisher":"https:\/\/www.facebook.com\/profile.php?id=100090733639311","article_modified_time":"2025-05-22T19:26:06+00:00","og_image":[{"width":512,"height":512,"url":"https:\/\/talkpal.ai\/wp-content\/uploads\/2023\/03\/united-kingdom.png","type":"image\/png"}],"twitter_card":"summary_large_image","twitter_site":"@talkpalai","twitter_misc":{"Tiempo de lectura":"3 minutos"},"schema":{"@context":"https:\/\/schema.org","@graph":[{"@type":"WebPage","@id":"https:\/\/talkpal.ai\/es\/gramatica-inglesa\/","url":"https:\/\/talkpal.ai\/es\/gramatica-inglesa\/","name":"Gram\u00e1tica inglesa - Talkpal","isPartOf":{"@id":"https:\/\/talkpal.ai\/es\/#website"},"primaryImageOfPage":{"@id":"https:\/\/talkpal.ai\/es\/gramatica-inglesa\/#primaryimage"},"image":{"@id":"https:\/\/talkpal.ai\/es\/gramatica-inglesa\/#primaryimage"},"thumbnailUrl":"https:\/\/talkpal.ai\/wp-content\/uploads\/2023\/03\/united-kingdom.png","datePublished":"2023-03-25T16:57:06+00:00","dateModified":"2025-05-22T19:26:06+00:00","description":"Mejora tus conocimientos de gram\u00e1tica inglesa sin esfuerzo con Talkpalla aplicaci\u00f3n de aprendizaje de idiomas con IA.","breadcrumb":{"@id":"https:\/\/talkpal.ai\/es\/gramatica-inglesa\/#breadcrumb"},"inLanguage":"es","potentialAction":[{"@type":"ReadAction","target":["https:\/\/talkpal.ai\/es\/gramatica-inglesa\/"]}]},{"@type":"ImageObject","inLanguage":"es","@id":"https:\/\/talkpal.ai\/es\/gramatica-inglesa\/#primaryimage","url":"https:\/\/talkpal.ai\/wp-content\/uploads\/2023\/03\/united-kingdom.png","contentUrl":"https:\/\/talkpal.ai\/wp-content\/uploads\/2023\/03\/united-kingdom.png","width":512,"height":512,"caption":"TalkPal AI learn English"},{"@type":"BreadcrumbList","@id":"https:\/\/talkpal.ai\/es\/gramatica-inglesa\/#breadcrumb","itemListElement":[{"@type":"ListItem","position":1,"name":"Homepage","item":"https:\/\/talkpal.ai\/es\/"},{"@type":"ListItem","position":2,"name":"Gram\u00e1tica inglesa"}]},{"@type":"WebSite","@id":"https:\/\/talkpal.ai\/es\/#website","url":"https:\/\/talkpal.ai\/es\/","name":"Talkpal","description":"AI Language Learning","publisher":{"@id":"https:\/\/talkpal.ai\/es\/#organization"},"alternateName":"Talkpal AI","potentialAction":[{"@type":"SearchAction","target":{"@type":"EntryPoint","urlTemplate":"https:\/\/talkpal.ai\/es\/?s={search_term_string}"},"query-input":{"@type":"PropertyValueSpecification","valueRequired":true,"valueName":"search_term_string"}}],"inLanguage":"es"},{"@type":"Organization","@id":"https:\/\/talkpal.ai\/es\/#organization","name":"Talkpal, Inc.","alternateName":"Talkpal AI","url":"https:\/\/talkpal.ai\/es\/","logo":{"@type":"ImageObject","inLanguage":"es","@id":"https:\/\/talkpal.ai\/es\/#\/schema\/logo\/image\/","url":"https:\/\/talkpal.ai\/wp-content\/uploads\/2024\/03\/Talkpal-Logo-Icon.png","contentUrl":"https:\/\/talkpal.ai\/wp-content\/uploads\/2024\/03\/Talkpal-Logo-Icon.png","width":2880,"height":2880,"caption":"Talkpal, Inc."},"image":{"@id":"https:\/\/talkpal.ai\/es\/#\/schema\/logo\/image\/"},"sameAs":["https:\/\/www.facebook.com\/profile.php?id=100090733639311","https:\/\/x.com\/talkpalai","https:\/\/www.linkedin.com\/company\/talkpal\/","https:\/\/www.youtube.com\/@TalkPal\/","https:\/\/www.tiktok.com\/@talkpal","https:\/\/www.instagram.com\/talkpal_ai\/","https:\/\/www.crunchbase.com\/organization\/talkpal-9cde","https:\/\/www.g2.com\/products\/talkpal-for-business\/","https:\/\/www.trustpilot.com\/review\/talkpal.ai","https:\/\/www.capterra.com\/p\/10006800\/TalkPal\/"],"description":"Talkpal is a language learning web and mobile education app, powered by the latest AI technologies, that provides engaging experiences to its customers in many different languages to help them improve their language skills. Users can chat about unlimited amount of topics with the app and use other modes to practice their language learning.","email":"support@talkpal.ai","legalName":"Talkpal, Inc.","foundingDate":"2023-04-03","duns":"118989042","numberOfEmployees":{"@type":"QuantitativeValue","minValue":"11","maxValue":"50"},"publishingPrinciples":"https:\/\/talkpal.ai\/publishing-principles\/","actionableFeedbackPolicy":"https:\/\/talkpal.ai\/actionable-feedback-policy\/","correctionsPolicy":"https:\/\/talkpal.ai\/corrections-policy\/","ethicsPolicy":"https:\/\/talkpal.ai\/ethics-policy\/","diversityPolicy":"https:\/\/talkpal.ai\/diversity-policy\/","diversityStaffingReport":"https:\/\/talkpal.ai\/diversity-policy\/"}]}},"_links":{"self":[{"href":"https:\/\/talkpal.ai\/es\/wp-json\/wp\/v2\/pages\/3008","targetHints":{"allow":["GET"]}}],"collection":[{"href":"https:\/\/talkpal.ai\/es\/wp-json\/wp\/v2\/pages"}],"about":[{"href":"https:\/\/talkpal.ai\/es\/wp-json\/wp\/v2\/types\/page"}],"author":[{"embeddable":true,"href":"https:\/\/talkpal.ai\/es\/wp-json\/wp\/v2\/users\/1"}],"replies":[{"embeddable":true,"href":"https:\/\/talkpal.ai\/es\/wp-json\/wp\/v2\/comments?post=3008"}],"version-history":[{"count":0,"href":"https:\/\/talkpal.ai\/es\/wp-json\/wp\/v2\/pages\/3008\/revisions"}],"wp:featuredmedia":[{"embeddable":true,"href":"https:\/\/talkpal.ai\/es\/wp-json\/wp\/v2\/media\/659"}],"wp:attachment":[{"href":"https:\/\/talkpal.ai\/es\/wp-json\/wp\/v2\/media?parent=3008"}],"curies":[{"name":"wp","href":"https:\/\/api.w.org\/{rel}","templated":true}]}}