{"id":2927,"date":"2023-03-26T11:55:54","date_gmt":"2023-03-26T11:55:54","guid":{"rendered":"http:\/\/talkpal.ai\/gramatica-espanola\/"},"modified":"2025-05-22T18:50:10","modified_gmt":"2025-05-22T18:50:10","slug":"gramatica-espanola","status":"publish","type":"page","link":"https:\/\/talkpal.ai\/es\/gramatica-espanola\/","title":{"rendered":"Gram\u00e1tica espa\u00f1ola"},"content":{"rendered":"\r\n\r\n\r\n<section class=\"languageChallengeSection\">\r\n    <div class=\"languageInfoWrapper\">\r\n        \r\n        <h1>Gram\u00e1tica espa\u00f1ola<\/h1>\r\n        <p>Sum\u00e9rgete en el vibrante mundo del <a href=\"https:\/\/talkpal.ai\/es\/locations\/aprende-espanol-leyendo\/\">espa\u00f1ol<\/a> dominando sus reglas gramaticales esenciales. Comprender la <a href=\"https:\/\/talkpal.ai\/spanish-grammar\/\">gram\u00e1tica espa\u00f1ola<\/a> te ayudar\u00e1 a comunicarte con confianza y a establecer nuevos contactos con millones de hablantes de todo el mundo. \u00a1Empieza a <a href=\"https:\/\/talkpal.ai\/es\/aprender-gramatica-espanola-facil-y-rapido-guia-definitiva-2024\/\">aprender gram\u00e1tica espa\u00f1ola<\/a> hoy mismo y da tu primer paso hacia la fluidez!<\/p>\r\n\r\n                            <a class=\"getStartedHidden\" href=\"https:\/\/app.talkpal.ai\/es-es\/signup?lng=\">Comenzar<\/a>\r\n        \r\n    <\/div>\r\n\r\n    <figure>\r\n    <img decoding=\"async\" width=\"768\" height=\"768\" src=\"https:\/\/talkpal.ai\/wp-content\/uploads\/2023\/06\/Spanish-768x768.png\" class=\"languageImage no-lazy\" alt=\"Default alt text\" fetchpriority=\"high\" sizes=\"(max-width: 768px) 150px, 768px\" srcset=\"https:\/\/talkpal.ai\/wp-content\/uploads\/2023\/06\/Spanish-768x768.png 768w, https:\/\/talkpal.ai\/wp-content\/uploads\/2023\/06\/Spanish-300x300.png 300w\" \/>\r\n    \r\n\r\n    <\/figure>\r\n\r\n            <a class=\"getStartedVisible\" href=\"https:\/\/app.talkpal.ai\/es-es\/signup?lng=\">Comenzar<\/a>\r\n    \r\n<\/section>\r\n        <section class=\"grammarSection\">\r\n            <div class=\"grammarLinks\">\r\n                <a href=\"https:\/\/talkpal.ai\/es\/language\/adjetivos-es-3\/\">Adjetivos <\/a><a href=\"https:\/\/talkpal.ai\/es\/language\/adverbios-es-3\/\">Adverbios <\/a><a href=\"https:\/\/talkpal.ai\/es\/language\/articulos-es-2\/\">Art\u00edculos <\/a><a href=\"https:\/\/talkpal.ai\/es\/language\/estructura-de-la-oracion-es-2\/\">Estructura de la oraci\u00f3n <\/a><a href=\"https:\/\/talkpal.ai\/es\/language\/preposiciones-es-3\/\">Preposiciones <\/a><a href=\"https:\/\/talkpal.ai\/es\/language\/pronombres-y-determinantes-es-3\/\">Pronombres <\/a><a href=\"https:\/\/talkpal.ai\/es\/language\/sustantivos-es-2\/\">Sustantivos <\/a><a href=\"https:\/\/talkpal.ai\/es\/language\/tiempos-del-subjuntivo\/\">Tiempos Subjuntivo <\/a><a href=\"https:\/\/talkpal.ai\/es\/language\/tiempos-del-indicativo\/\">Tiempos Verbales Indicativos <\/a><a href=\"https:\/\/talkpal.ai\/es\/language\/verbos-es-3\/\">Verbos <\/a>            <\/div>\r\n        <\/section>\r\n    <section class=\"promotionalBanner\">\r\n    <p class=\"promotionalText\"><\/p>\r\n    <a class=\"promotionalLink\" href=\"https:\/\/app.talkpal.ai\/es-es\/signup?lng=\"><\/a>\r\n<\/section>\n<div class=\"wp-block-group pageContainerStyle\"><div class=\"wp-block-group__inner-container is-layout-constrained wp-block-group-is-layout-constrained\">\n<h2 class=\"wp-block-heading\" id=\"h-a-quick-guide-to-learning-spanish-grammar\">Gu\u00eda r\u00e1pida para aprender gram\u00e1tica espa\u00f1ola<\/h2>\n\n\n\n<p>Si alguna vez has pensado en aprender una nueva lengua, es muy probable que el espa\u00f1ol se te haya pasado por la cabeza. <a href=\"https:\/\/talkpal.ai\/locations\/language-courses-in-como\/\">Como<\/a> una de las lenguas m\u00e1s habladas en todo el mundo, el espa\u00f1ol ofrece numerosas ventajas para el crecimiento personal y profesional. <a href=\"https:\/\/talkpal.ai\/gl\/aprende-espanol\/\">Aprender espa\u00f1ol<\/a> no s\u00f3lo le dar\u00e1 acceso a nuevas culturas, sino que tambi\u00e9n mejorar\u00e1 su capacidad de comunicaci\u00f3n. Aunque mucha gente tiene miedo de enredarse con las reglas gramaticales, puedes respirar tranquilo, ya que la gram\u00e1tica espa\u00f1ola es relativamente sencilla. En este art\u00edculo, te proporcionaremos una gu\u00eda r\u00e1pida para ayudarte a navegar por el apasionante mundo de la gram\u00e1tica espa\u00f1ola <a href=\"https:\/\/talkpal.ai\/locations\/language-courses-in-como\/\">como<\/a> un profesional.<\/p>\n\n\n\n<h3 class=\"wp-block-heading\" id=\"h-1-understanding-spanish-nouns-and-articles\">1. Comprender los sustantivos y art\u00edculos en espa\u00f1ol<\/h3>\n\n\n\n<p>Los sustantivos en espa\u00f1ol, como en <a href=\"https:\/\/talkpal.ai\/es\/locations\/aprende-ingles-en-orange\/\">ingl\u00e9s<\/a>, se utilizan para identificar personas, lugares, objetos, ideas y sentimientos. La primera regla que hay que recordar sobre los sustantivos en espa\u00f1ol es que tienen g\u00e9nero. Los sustantivos espa\u00f1oles son masculinos o femeninos. Por ejemplo, \u00ablibro\u00bb es masculino, y \u00abcasa\u00bb es femenino. Muchas veces, los sustantivos acabados en \u00abo\u00bb son masculinos, mientras que los acabados en \u00aba\u00bb son femeninos.<\/p>\n\n\n\n<p>Los <a href=\"https:\/\/talkpal.ai\/da\/grammar\/articulos-i-spansk-grammatik\/\">art\u00edculos en espa\u00f1ol<\/a> son similares a los art\u00edculos en ingl\u00e9s &#8216;the&#8217;, &#8216;a&#8217; o &#8216;an&#8217;. Son una parte fundamental de la lengua, ya que deben concordar con el g\u00e9nero y el n\u00famero del sustantivo al que describen. Existen cuatro tipos de art\u00edculos en espa\u00f1ol:<\/p>\n\n\n\n<p>&#8211; <strong>Art\u00edculos definidos:<\/strong> el (masculino singular), la (femenino singular), los (masculino plural) y las (femenino plural).<br\/>&#8211; <strong>Art\u00edculos indefinidos:<\/strong> un (a\/un masculino singular), una (a\/un femenino singular), unos (algunos masculinos plurales) y unas (algunas femeninas plurales).<\/p>\n\n\n\n<h3 class=\"wp-block-heading\" id=\"h-2-slaying-spanish-verbs-conjugation-and-tenses\">2. Verbos espa\u00f1oles que matan: Conjugaci\u00f3n y tiempos<\/h3>\n\n\n\n<p>Uno de los aspectos m\u00e1s importantes del aprendizaje de la gram\u00e1tica espa\u00f1ola es la comprensi\u00f3n de la conjugaci\u00f3n verbal. La conjugaci\u00f3n consiste simplemente en modificar la ra\u00edz del verbo para adaptarla al sujeto y al tiempo. Por ejemplo, en espa\u00f1ol se dice &#8216;Yo como&#8217; (yo como) y &#8216;\u00e9l come&#8217; (\u00e9l come). Observa que el verbo comer cambia de forma cuando cambias de sujeto.<\/p>\n\n\n\n<p><strong>Algunos verbos regulares comunes en espa\u00f1ol son:<\/strong><\/p>\n\n\n\n<p>&#8211; Verbos AR: hablar, amar y bailar.<br\/>&#8211; Verbos ER: comer (comer), aprender (aprender) y vender (vender).<br\/>&#8211; Verbos IR: vivir, escribir y descubrir.<\/p>\n\n\n\n<p>Al igual que en ingl\u00e9s, el espa\u00f1ol tiene m\u00faltiples tiempos verbales para denotar el momento en que ocurre una acci\u00f3n. Las m\u00e1s fundamentales son:<\/p>\n\n\n\n<p><strong>&#8211; Presente<\/strong><br\/><strong>&#8211; Pret\u00e9rito<\/strong><br\/><strong>&#8211; Imperfecto<\/strong><br\/><strong>&#8211; El futuro<\/strong><br\/><strong>&#8211; Condicional<\/strong><br\/><strong>&#8211; Presente de subjuntivo<\/strong><br\/><strong>&#8211; Imperfecto de subjuntivo<\/strong><\/p>\n\n\n\n<p>No te estreses por aprender todos los tiempos verbales a la vez. Ab\u00f3rdalos de uno en uno y practica hasta que te sientas c\u00f3modo utiliz\u00e1ndolos.<\/p>\n\n\n\n<h3 class=\"wp-block-heading\" id=\"h-3-creating-sentences-with-spanish-adjectives-and-adverbs\">3. Crear frases con adjetivos y adverbios espa\u00f1oles<\/h3>\n\n\n\n<p>Los adjetivos y adverbios desempe\u00f1an un papel esencial a la hora de aderezar tus frases en espa\u00f1ol. Los adjetivos describen cualidades o caracter\u00edsticas de los sustantivos, mientras que los adverbios describen acciones o verbos. En espa\u00f1ol, los adjetivos deben concordar con el sustantivo que describen, tanto en g\u00e9nero como en n\u00famero.<\/p>\n\n\n\n<p>Una diferencia clave entre el espa\u00f1ol y el ingl\u00e9s es el orden de los adjetivos. Los adjetivos espa\u00f1oles suelen ir despu\u00e9s del sustantivo, por ejemplo, \u00abun coche rojo\u00bb.<\/p>\n\n\n\n<p>En cambio, los adverbios espa\u00f1oles nunca cambian de g\u00e9nero ni de n\u00famero. Al igual que en espa\u00f1ol, los adverbios suelen ir despu\u00e9s del verbo al que modifican, por ejemplo: \u00abElla habla r\u00e1pidamente\u00bb.<\/p>\n\n\n\n<h3 class=\"wp-block-heading\" id=\"h-conclusion\">Conclusi\u00f3n<\/h3>\n\n\n\n<p>\u00a1La gram\u00e1tica espa\u00f1ola no debe asustarte! Es cierto que requiere pr\u00e1ctica, pero si sigues estas sencillas pautas, estar\u00e1s en camino de convertirte en un hispanohablante excepcional. Recuerde siempre que debe relacionarse con la lengua de forma divertida y conversacional, mientras explora sustantivos, verbos, adjetivos y adverbios. Sigue practicando, abraza la cultura y deja que tu viaje en espa\u00f1ol se desarrolle. \u00a1Buena suerte!<\/p>\n<\/div><\/div>\n\r\n<section class=\"learnNavigationSection\">\r\n            \r\n        <a href=\"https:\/\/talkpal.ai\/es\/aprender-espanol\/\">\r\n            <div class=\"learnNavigationWrapper\">\r\n                <div class=\"learnNavigationContent\">\r\n                    <img decoding=\"async\" src=\"https:\/\/talkpal.ai\/wp-content\/uploads\/2024\/08\/Spanish.jpg\" alt=\"Spanish Flag\">\r\n                    <div>\r\n                        <h4>Sobre el aprendizaje del espa\u00f1ol<\/h4>\r\n                        <p>Desc\u00fabrelo todo sobre la gram\u00e1tica espa\u00f1ola.<\/p>\r\n                    <\/div>\r\n                <\/div>\r\n            <\/div>\r\n        <\/a>\r\n\r\n        \r\n        <a href=\"https:\/\/talkpal.ai\/es\/ejercicios-de-gramatica-espanola\/\">\r\n            <div class=\"learnNavigationWrapper\">\r\n                <div class=\"learnNavigationContent\">\r\n                    <img decoding=\"async\" src=\"https:\/\/talkpal.ai\/wp-content\/uploads\/2024\/08\/Spanish.jpg\" alt=\"Spanish Flag\">\r\n                    <div>\r\n                        <h4>Ejercicio de gram\u00e1tica espa\u00f1ola<\/h4>\r\n                        <p>Practicar la gram\u00e1tica espa\u00f1ola.<\/p>\r\n                    <\/div>\r\n                <\/div>\r\n            <\/div>\r\n        <\/a>\r\n\r\n        \r\n        <a href=\"https:\/\/talkpal.ai\/vocabulary_language\/spanish\/\">\r\n            <div class=\"learnNavigationWrapper\">\r\n                <div class=\"learnNavigationContent\">\r\n                    <img decoding=\"async\" src=\"https:\/\/talkpal.ai\/wp-content\/uploads\/2024\/08\/Spanish.jpg\" alt=\"Spanish Flag\">\r\n                    <div>\r\n                        <h4>Vocabulario espa\u00f1ol<\/h4>\r\n                        <p>Ampl\u00eda tu vocabulario de espa\u00f1ol.<\/p>\r\n                    <\/div>\r\n                <\/div>\r\n            <\/div>\r\n        <\/a>\r\n\r\n            <\/section>","protected":false},"excerpt":{"rendered":"<p>Gu\u00eda r\u00e1pida para aprender gram\u00e1tica espa\u00f1ola Si alguna vez has pensado en aprender una nueva lengua, es muy probable que el espa\u00f1ol se te haya pasado por la cabeza. Como una de las lenguas m\u00e1s habladas en todo el mundo, el espa\u00f1ol ofrece numerosas ventajas para el crecimiento personal y profesional. Aprender espa\u00f1ol no s\u00f3lo [&hellip;]<\/p>\n","protected":false},"author":1,"featured_media":671,"parent":0,"menu_order":0,"comment_status":"closed","ping_status":"closed","template":"LearningContentPage.php","meta":{"_acf_changed":false,"footnotes":""},"class_list":["post-2927","page","type-page","status-publish","has-post-thumbnail","hentry"],"acf":[],"yoast_head":"<!-- This site is optimized with the Yoast SEO Premium plugin v27.2 (Yoast SEO v27.2) - https:\/\/yoast.com\/product\/yoast-seo-premium-wordpress\/ -->\n<title>Gram\u00e1tica espa\u00f1ola - Talkpal<\/title>\n<meta name=\"description\" content=\"Mejora tus conocimientos de gram\u00e1tica espa\u00f1ola con ejercicios interactivos dise\u00f1ados para todos los niveles de competencia. \u00a1Practica espa\u00f1ol con eficacia!\" \/>\n<meta name=\"robots\" content=\"index, follow, max-snippet:-1, max-image-preview:large, max-video-preview:-1\" \/>\n<link rel=\"canonical\" href=\"https:\/\/talkpal.ai\/es\/gramatica-espanola\/\" \/>\n<meta property=\"og:locale\" content=\"es_ES\" \/>\n<meta property=\"og:type\" content=\"article\" \/>\n<meta property=\"og:title\" content=\"Gram\u00e1tica espa\u00f1ola\" \/>\n<meta property=\"og:description\" content=\"Gu\u00eda r\u00e1pida para aprender gram\u00e1tica espa\u00f1ola Si alguna vez has pensado en aprender una nueva lengua, es muy probable que el espa\u00f1ol se te haya pasado por\" \/>\n<meta property=\"og:url\" content=\"https:\/\/talkpal.ai\/es\/gramatica-espanola\/\" \/>\n<meta property=\"og:site_name\" content=\"Talkpal\" \/>\n<meta property=\"article:publisher\" content=\"https:\/\/www.facebook.com\/profile.php?id=100090733639311\" \/>\n<meta property=\"article:modified_time\" content=\"2025-05-22T18:50:10+00:00\" \/>\n<meta property=\"og:image\" content=\"https:\/\/talkpal.ai\/wp-content\/uploads\/2023\/03\/spain.png\" \/>\n\t<meta property=\"og:image:width\" content=\"512\" \/>\n\t<meta property=\"og:image:height\" content=\"512\" \/>\n\t<meta property=\"og:image:type\" content=\"image\/png\" \/>\n<meta name=\"twitter:card\" content=\"summary_large_image\" \/>\n<meta name=\"twitter:site\" content=\"@talkpalai\" \/>\n<meta name=\"twitter:label1\" content=\"Tiempo de lectura\" \/>\n\t<meta name=\"twitter:data1\" content=\"3 minutos\" \/>\n<script type=\"application\/ld+json\" class=\"yoast-schema-graph\">{\"@context\":\"https:\/\/schema.org\",\"@graph\":[{\"@type\":\"WebPage\",\"@id\":\"https:\/\/talkpal.ai\/es\/gramatica-espanola\/\",\"url\":\"https:\/\/talkpal.ai\/es\/gramatica-espanola\/\",\"name\":\"Gram\u00e1tica espa\u00f1ola - Talkpal\",\"isPartOf\":{\"@id\":\"https:\/\/talkpal.ai\/es\/#website\"},\"primaryImageOfPage\":{\"@id\":\"https:\/\/talkpal.ai\/es\/gramatica-espanola\/#primaryimage\"},\"image\":{\"@id\":\"https:\/\/talkpal.ai\/es\/gramatica-espanola\/#primaryimage\"},\"thumbnailUrl\":\"https:\/\/talkpal.ai\/wp-content\/uploads\/2023\/03\/spain.png\",\"datePublished\":\"2023-03-26T11:55:54+00:00\",\"dateModified\":\"2025-05-22T18:50:10+00:00\",\"description\":\"Mejora tus conocimientos de gram\u00e1tica espa\u00f1ola con ejercicios interactivos dise\u00f1ados para todos los niveles de competencia. \u00a1Practica espa\u00f1ol con eficacia!\",\"breadcrumb\":{\"@id\":\"https:\/\/talkpal.ai\/es\/gramatica-espanola\/#breadcrumb\"},\"inLanguage\":\"es\",\"potentialAction\":[{\"@type\":\"ReadAction\",\"target\":[\"https:\/\/talkpal.ai\/es\/gramatica-espanola\/\"]}]},{\"@type\":\"ImageObject\",\"inLanguage\":\"es\",\"@id\":\"https:\/\/talkpal.ai\/es\/gramatica-espanola\/#primaryimage\",\"url\":\"https:\/\/talkpal.ai\/wp-content\/uploads\/2023\/03\/spain.png\",\"contentUrl\":\"https:\/\/talkpal.ai\/wp-content\/uploads\/2023\/03\/spain.png\",\"width\":512,\"height\":512,\"caption\":\"TalkPal AI learn Spanish\"},{\"@type\":\"BreadcrumbList\",\"@id\":\"https:\/\/talkpal.ai\/es\/gramatica-espanola\/#breadcrumb\",\"itemListElement\":[{\"@type\":\"ListItem\",\"position\":1,\"name\":\"Homepage\",\"item\":\"https:\/\/talkpal.ai\/es\/\"},{\"@type\":\"ListItem\",\"position\":2,\"name\":\"Gram\u00e1tica espa\u00f1ola\"}]},{\"@type\":\"WebSite\",\"@id\":\"https:\/\/talkpal.ai\/es\/#website\",\"url\":\"https:\/\/talkpal.ai\/es\/\",\"name\":\"Talkpal\",\"description\":\"AI Language Learning\",\"publisher\":{\"@id\":\"https:\/\/talkpal.ai\/es\/#organization\"},\"alternateName\":\"Talkpal AI\",\"potentialAction\":[{\"@type\":\"SearchAction\",\"target\":{\"@type\":\"EntryPoint\",\"urlTemplate\":\"https:\/\/talkpal.ai\/es\/?s={search_term_string}\"},\"query-input\":{\"@type\":\"PropertyValueSpecification\",\"valueRequired\":true,\"valueName\":\"search_term_string\"}}],\"inLanguage\":\"es\"},{\"@type\":\"Organization\",\"@id\":\"https:\/\/talkpal.ai\/es\/#organization\",\"name\":\"Talkpal, Inc.\",\"alternateName\":\"Talkpal AI\",\"url\":\"https:\/\/talkpal.ai\/es\/\",\"logo\":{\"@type\":\"ImageObject\",\"inLanguage\":\"es\",\"@id\":\"https:\/\/talkpal.ai\/es\/#\/schema\/logo\/image\/\",\"url\":\"https:\/\/talkpal.ai\/wp-content\/uploads\/2024\/03\/Talkpal-Logo-Icon.png\",\"contentUrl\":\"https:\/\/talkpal.ai\/wp-content\/uploads\/2024\/03\/Talkpal-Logo-Icon.png\",\"width\":2880,\"height\":2880,\"caption\":\"Talkpal, Inc.\"},\"image\":{\"@id\":\"https:\/\/talkpal.ai\/es\/#\/schema\/logo\/image\/\"},\"sameAs\":[\"https:\/\/www.facebook.com\/profile.php?id=100090733639311\",\"https:\/\/x.com\/talkpalai\",\"https:\/\/www.linkedin.com\/company\/talkpal\/\",\"https:\/\/www.youtube.com\/@TalkPal\/\",\"https:\/\/www.tiktok.com\/@talkpal\",\"https:\/\/www.instagram.com\/talkpal_ai\/\",\"https:\/\/www.crunchbase.com\/organization\/talkpal-9cde\",\"https:\/\/www.g2.com\/products\/talkpal-for-business\/\",\"https:\/\/www.trustpilot.com\/review\/talkpal.ai\",\"https:\/\/www.capterra.com\/p\/10006800\/TalkPal\/\"],\"description\":\"Talkpal is a language learning web and mobile education app, powered by the latest AI technologies, that provides engaging experiences to its customers in many different languages to help them improve their language skills. Users can chat about unlimited amount of topics with the app and use other modes to practice their language learning.\",\"email\":\"support@talkpal.ai\",\"legalName\":\"Talkpal, Inc.\",\"foundingDate\":\"2023-04-03\",\"duns\":\"118989042\",\"numberOfEmployees\":{\"@type\":\"QuantitativeValue\",\"minValue\":\"11\",\"maxValue\":\"50\"},\"publishingPrinciples\":\"https:\/\/talkpal.ai\/publishing-principles\/\",\"actionableFeedbackPolicy\":\"https:\/\/talkpal.ai\/actionable-feedback-policy\/\",\"correctionsPolicy\":\"https:\/\/talkpal.ai\/corrections-policy\/\",\"ethicsPolicy\":\"https:\/\/talkpal.ai\/ethics-policy\/\",\"diversityPolicy\":\"https:\/\/talkpal.ai\/diversity-policy\/\",\"diversityStaffingReport\":\"https:\/\/talkpal.ai\/diversity-policy\/\"}]}<\/script>\n<!-- \/ Yoast SEO Premium plugin. -->","yoast_head_json":{"title":"Gram\u00e1tica espa\u00f1ola - Talkpal","description":"Mejora tus conocimientos de gram\u00e1tica espa\u00f1ola con ejercicios interactivos dise\u00f1ados para todos los niveles de competencia. \u00a1Practica espa\u00f1ol con eficacia!","robots":{"index":"index","follow":"follow","max-snippet":"max-snippet:-1","max-image-preview":"max-image-preview:large","max-video-preview":"max-video-preview:-1"},"canonical":"https:\/\/talkpal.ai\/es\/gramatica-espanola\/","og_locale":"es_ES","og_type":"article","og_title":"Gram\u00e1tica espa\u00f1ola","og_description":"Gu\u00eda r\u00e1pida para aprender gram\u00e1tica espa\u00f1ola Si alguna vez has pensado en aprender una nueva lengua, es muy probable que el espa\u00f1ol se te haya pasado por","og_url":"https:\/\/talkpal.ai\/es\/gramatica-espanola\/","og_site_name":"Talkpal","article_publisher":"https:\/\/www.facebook.com\/profile.php?id=100090733639311","article_modified_time":"2025-05-22T18:50:10+00:00","og_image":[{"width":512,"height":512,"url":"https:\/\/talkpal.ai\/wp-content\/uploads\/2023\/03\/spain.png","type":"image\/png"}],"twitter_card":"summary_large_image","twitter_site":"@talkpalai","twitter_misc":{"Tiempo de lectura":"3 minutos"},"schema":{"@context":"https:\/\/schema.org","@graph":[{"@type":"WebPage","@id":"https:\/\/talkpal.ai\/es\/gramatica-espanola\/","url":"https:\/\/talkpal.ai\/es\/gramatica-espanola\/","name":"Gram\u00e1tica espa\u00f1ola - Talkpal","isPartOf":{"@id":"https:\/\/talkpal.ai\/es\/#website"},"primaryImageOfPage":{"@id":"https:\/\/talkpal.ai\/es\/gramatica-espanola\/#primaryimage"},"image":{"@id":"https:\/\/talkpal.ai\/es\/gramatica-espanola\/#primaryimage"},"thumbnailUrl":"https:\/\/talkpal.ai\/wp-content\/uploads\/2023\/03\/spain.png","datePublished":"2023-03-26T11:55:54+00:00","dateModified":"2025-05-22T18:50:10+00:00","description":"Mejora tus conocimientos de gram\u00e1tica espa\u00f1ola con ejercicios interactivos dise\u00f1ados para todos los niveles de competencia. \u00a1Practica espa\u00f1ol con eficacia!","breadcrumb":{"@id":"https:\/\/talkpal.ai\/es\/gramatica-espanola\/#breadcrumb"},"inLanguage":"es","potentialAction":[{"@type":"ReadAction","target":["https:\/\/talkpal.ai\/es\/gramatica-espanola\/"]}]},{"@type":"ImageObject","inLanguage":"es","@id":"https:\/\/talkpal.ai\/es\/gramatica-espanola\/#primaryimage","url":"https:\/\/talkpal.ai\/wp-content\/uploads\/2023\/03\/spain.png","contentUrl":"https:\/\/talkpal.ai\/wp-content\/uploads\/2023\/03\/spain.png","width":512,"height":512,"caption":"TalkPal AI learn Spanish"},{"@type":"BreadcrumbList","@id":"https:\/\/talkpal.ai\/es\/gramatica-espanola\/#breadcrumb","itemListElement":[{"@type":"ListItem","position":1,"name":"Homepage","item":"https:\/\/talkpal.ai\/es\/"},{"@type":"ListItem","position":2,"name":"Gram\u00e1tica espa\u00f1ola"}]},{"@type":"WebSite","@id":"https:\/\/talkpal.ai\/es\/#website","url":"https:\/\/talkpal.ai\/es\/","name":"Talkpal","description":"AI Language Learning","publisher":{"@id":"https:\/\/talkpal.ai\/es\/#organization"},"alternateName":"Talkpal AI","potentialAction":[{"@type":"SearchAction","target":{"@type":"EntryPoint","urlTemplate":"https:\/\/talkpal.ai\/es\/?s={search_term_string}"},"query-input":{"@type":"PropertyValueSpecification","valueRequired":true,"valueName":"search_term_string"}}],"inLanguage":"es"},{"@type":"Organization","@id":"https:\/\/talkpal.ai\/es\/#organization","name":"Talkpal, Inc.","alternateName":"Talkpal AI","url":"https:\/\/talkpal.ai\/es\/","logo":{"@type":"ImageObject","inLanguage":"es","@id":"https:\/\/talkpal.ai\/es\/#\/schema\/logo\/image\/","url":"https:\/\/talkpal.ai\/wp-content\/uploads\/2024\/03\/Talkpal-Logo-Icon.png","contentUrl":"https:\/\/talkpal.ai\/wp-content\/uploads\/2024\/03\/Talkpal-Logo-Icon.png","width":2880,"height":2880,"caption":"Talkpal, Inc."},"image":{"@id":"https:\/\/talkpal.ai\/es\/#\/schema\/logo\/image\/"},"sameAs":["https:\/\/www.facebook.com\/profile.php?id=100090733639311","https:\/\/x.com\/talkpalai","https:\/\/www.linkedin.com\/company\/talkpal\/","https:\/\/www.youtube.com\/@TalkPal\/","https:\/\/www.tiktok.com\/@talkpal","https:\/\/www.instagram.com\/talkpal_ai\/","https:\/\/www.crunchbase.com\/organization\/talkpal-9cde","https:\/\/www.g2.com\/products\/talkpal-for-business\/","https:\/\/www.trustpilot.com\/review\/talkpal.ai","https:\/\/www.capterra.com\/p\/10006800\/TalkPal\/"],"description":"Talkpal is a language learning web and mobile education app, powered by the latest AI technologies, that provides engaging experiences to its customers in many different languages to help them improve their language skills. Users can chat about unlimited amount of topics with the app and use other modes to practice their language learning.","email":"support@talkpal.ai","legalName":"Talkpal, Inc.","foundingDate":"2023-04-03","duns":"118989042","numberOfEmployees":{"@type":"QuantitativeValue","minValue":"11","maxValue":"50"},"publishingPrinciples":"https:\/\/talkpal.ai\/publishing-principles\/","actionableFeedbackPolicy":"https:\/\/talkpal.ai\/actionable-feedback-policy\/","correctionsPolicy":"https:\/\/talkpal.ai\/corrections-policy\/","ethicsPolicy":"https:\/\/talkpal.ai\/ethics-policy\/","diversityPolicy":"https:\/\/talkpal.ai\/diversity-policy\/","diversityStaffingReport":"https:\/\/talkpal.ai\/diversity-policy\/"}]}},"_links":{"self":[{"href":"https:\/\/talkpal.ai\/es\/wp-json\/wp\/v2\/pages\/2927","targetHints":{"allow":["GET"]}}],"collection":[{"href":"https:\/\/talkpal.ai\/es\/wp-json\/wp\/v2\/pages"}],"about":[{"href":"https:\/\/talkpal.ai\/es\/wp-json\/wp\/v2\/types\/page"}],"author":[{"embeddable":true,"href":"https:\/\/talkpal.ai\/es\/wp-json\/wp\/v2\/users\/1"}],"replies":[{"embeddable":true,"href":"https:\/\/talkpal.ai\/es\/wp-json\/wp\/v2\/comments?post=2927"}],"version-history":[{"count":0,"href":"https:\/\/talkpal.ai\/es\/wp-json\/wp\/v2\/pages\/2927\/revisions"}],"wp:featuredmedia":[{"embeddable":true,"href":"https:\/\/talkpal.ai\/es\/wp-json\/wp\/v2\/media\/671"}],"wp:attachment":[{"href":"https:\/\/talkpal.ai\/es\/wp-json\/wp\/v2\/media?parent=2927"}],"curies":[{"name":"wp","href":"https:\/\/api.w.org\/{rel}","templated":true}]}}