{"id":2909,"date":"2023-03-26T11:40:15","date_gmt":"2023-03-26T11:40:15","guid":{"rendered":"http:\/\/talkpal.ai\/gramatica-alemana\/"},"modified":"2025-05-22T19:21:59","modified_gmt":"2025-05-22T19:21:59","slug":"gramatica-alemana","status":"publish","type":"page","link":"https:\/\/talkpal.ai\/es\/gramatica-alemana\/","title":{"rendered":"Gram\u00e1tica alemana"},"content":{"rendered":"\r\n\r\n\r\n<section class=\"languageChallengeSection\">\r\n    <div class=\"languageInfoWrapper\">\r\n        \r\n        <h1>Gram\u00e1tica alemana<\/h1>\r\n        <p>Desbloquea la estructura de la lengua alemana dominando sus reglas gramaticales esenciales. Comprender la <a href=\"https:\/\/talkpal.ai\/german-grammar\/\">gram\u00e1tica alemana<\/a> te ayudar\u00e1 a comunicarte con confianza y a apreciar plenamente la riqueza de las culturas germanoparlantes. \u00a1Empieza a aprender gram\u00e1tica alemana hoy mismo y da el primer paso hacia la fluidez!\n\n<\/p>\r\n\r\n                            <a class=\"getStartedHidden\" href=\"https:\/\/app.talkpal.ai\/es-es\/signup?lng=\">Comenzar<\/a>\r\n        \r\n    <\/div>\r\n\r\n    <figure>\r\n    <img decoding=\"async\" width=\"768\" height=\"768\" src=\"https:\/\/talkpal.ai\/wp-content\/uploads\/2023\/06\/german-768x768.png\" class=\"languageImage no-lazy\" alt=\"Default alt text\" fetchpriority=\"high\" sizes=\"(max-width: 768px) 150px, 768px\" srcset=\"https:\/\/talkpal.ai\/wp-content\/uploads\/2023\/06\/german-768x768.png 768w, https:\/\/talkpal.ai\/wp-content\/uploads\/2023\/06\/german-300x300.png 300w\" \/>\r\n    \r\n\r\n    <\/figure>\r\n\r\n            <a class=\"getStartedVisible\" href=\"https:\/\/app.talkpal.ai\/es-es\/signup?lng=\">Comenzar<\/a>\r\n    \r\n<\/section>\r\n        <section class=\"grammarSection\">\r\n            <div class=\"grammarLinks\">\r\n                <a href=\"https:\/\/talkpal.ai\/es\/language\/adjetivos-es\/\">Adjetivos <\/a><a href=\"https:\/\/talkpal.ai\/es\/language\/adverbios-es\/\">Adverbios <\/a><a href=\"https:\/\/talkpal.ai\/es\/language\/declinacion\/\">Declinaci\u00f3n <\/a><a href=\"https:\/\/talkpal.ai\/es\/language\/estructura-de-la-oracion-es\/\">Estructura de las oraciones <\/a><a href=\"https:\/\/talkpal.ai\/es\/language\/preposiciones-es\/\">Preposiciones <\/a><a href=\"https:\/\/talkpal.ai\/es\/language\/pronombres-y-determinantes-es\/\">Pronombres <\/a><a href=\"https:\/\/talkpal.ai\/es\/language\/sustantivos-y-articulos\/\">Sustantivos y art\u00edculos <\/a><a href=\"https:\/\/talkpal.ai\/es\/language\/tiempos-verbales-es\/\">Tiempos verbales <\/a><a href=\"https:\/\/talkpal.ai\/es\/language\/verbos-es\/\">Verbos <\/a>            <\/div>\r\n        <\/section>\r\n    <section class=\"promotionalBanner\">\r\n    <p class=\"promotionalText\">La forma m\u00e1s eficiente de aprender un idioma<\/p>\r\n    <a class=\"promotionalLink\" href=\"https:\/\/app.talkpal.ai\/es-es\/signup?lng=\">Prueba Talkpal gratis<\/a>\r\n<\/section>\n<div class=\"wp-block-group pageContainerStyle\"><div class=\"wp-block-group__inner-container is-layout-constrained wp-block-group-is-layout-constrained\">\n<h2 class=\"wp-block-heading\" id=\"h-unraveling-the-intricacies-of-german-grammar\">Desentra\u00f1ar las complejidades de la gram\u00e1tica alemana<\/h2>\n\n\n\n<p><a href=\"https:\/\/talkpal.ai\/gl\/aprende-aleman\/\">Aprender alem\u00e1n<\/a> puede ser una tarea apasionante y gratificante. No s\u00f3lo podr\u00e1s hablar con m\u00e1s de 130 millones de personas de todo el mundo, sino que tambi\u00e9n tendr\u00e1s acceso a una gran cantidad de literatura, m\u00fasica e historia cultural. <a href=\"https:\/\/talkpal.ai\/locations\/language-courses-in-como\/\">Como<\/a> con cualquier otro idioma, dominar el <a href=\"https:\/\/talkpal.ai\/learn-german\/\">alem\u00e1n<\/a> requiere dedicaci\u00f3n y paciencia, sobre todo en <a href=\"https:\/\/talkpal.ai\/culture\/how-do-i-use-lo-que-in-a-sentence\/\">lo que<\/a> se refiere a su gram\u00e1tica. La buena noticia es que muchos aspectos de la gram\u00e1tica alemana son bastante similares a los de la inglesa, lo que facilita su comprensi\u00f3n por parte de los angloparlantes. En este art\u00edculo exploraremos algunas de las caracter\u00edsticas clave de la gram\u00e1tica alemana, proporcion\u00e1ndote consejos y trucos \u00fatiles que te ayudar\u00e1n a dominar esta hermosa y compleja lengua.<\/p>\n\n\n\n<h3 class=\"wp-block-heading\" id=\"h-1-nouns-and-articles-get-your-cases-right\">1. Sustantivos y art\u00edculos &#8211; \u00a1Comprueba los casos!<\/h3>\n\n\n\n<p>Uno de los primeros obst\u00e1culos para los angloparlantes que aprenden alem\u00e1n es comprender los cuatro casos: nominativo, acusativo, dativo y genitivo. Cada caso indica una funci\u00f3n diferente de un sustantivo en una frase, <a href=\"https:\/\/talkpal.ai\/locations\/language-courses-in-como\/\">como<\/a> sujeto, objeto directo u objeto indirecto. Adem\u00e1s, el alem\u00e1n tiene tres g\u00e9neros gramaticales (masculino, femenino y neutro) y los art\u00edculos de cada g\u00e9nero cambian seg\u00fan el caso. \u00bfSuena confuso? No te preocupes. A medida que te familiarices con el alem\u00e1n, empezar\u00e1s a reconocer patrones y a anticipar qu\u00e9 may\u00fasculas y qu\u00e9 g\u00e9nero utilizar.<\/p>\n\n\n\n<p>Consejo: Haz una tabla con los <a href=\"https:\/\/talkpal.ai\/es\/grammar\/articulos-definidos-en-gramatica-china\/\">art\u00edculos definidos<\/a> (der, die, das) e indefinidos (ein, eine, ein) para cada g\u00e9nero y caso. Memor\u00edcelas primero, ya que le servir\u00e1n de base para comprender la estructura de las frases en alem\u00e1n.<\/p>\n\n\n\n<h3 class=\"wp-block-heading\" id=\"h-2-verbs-conjugate-and-dominate\">2. Verbos &#8211; \u00a1Conjuga y domina!<\/h3>\n\n\n\n<p>En alem\u00e1n, los verbos son esenciales no s\u00f3lo para expresar la acci\u00f3n, sino tambi\u00e9n para indicar el tiempo y el estado de \u00e1nimo. Al igual que en ingl\u00e9s, los verbos alemanes deben conjugarse con el sujeto de la frase. Sin embargo, existen algunas diferencias clave, como el uso de verbos regulares (d\u00e9biles) e irregulares (fuertes), as\u00ed como el empleo de verbos de ayuda para determinados tiempos verbales. La buena noticia es que algunos aspectos de la conjugaci\u00f3n de los verbos alemanes son m\u00e1s sencillos que en espa\u00f1ol, como el hecho de no requerir el uso de \u00abdo\u00bb para preguntas o negaciones.<\/p>\n\n\n\n<p>Consejo: Empiece por dominar la conjugaci\u00f3n de los verbos regulares y, a continuaci\u00f3n, aborde los verbos irregulares m\u00e1s comunes. Practica el uso de verbos de ayuda con los tiempos pasado y futuro, y pronto ser\u00e1s capaz de construir frases m\u00e1s complejas.<\/p>\n\n\n\n<h3 class=\"wp-block-heading\" id=\"h-3-adjectives-show-your-agreement\">3. Adjetivos &#8211; \u00a1Muestra tu acuerdo!<\/h3>\n\n\n\n<p>Al utilizar adjetivos para describir sustantivos en alem\u00e1n, es esencial comprender la concordancia adjetiva. Esto significa que los adjetivos deben concordar con el g\u00e9nero y el caso del sustantivo. En algunos casos, esto requerir\u00e1 a\u00f1adir una terminaci\u00f3n al adjetivo, seg\u00fan el art\u00edculo y el caso del sustantivo.<\/p>\n\n\n\n<p>Consejo: Utiliza la tabla de art\u00edculos para recordar las terminaciones correctas de los adjetivos. Cuando practiques el uso de adjetivos en las frases, anota mentalmente las terminaciones y su relaci\u00f3n con el g\u00e9nero y el caso del sustantivo.<\/p>\n\n\n\n<h3 class=\"wp-block-heading\" id=\"h-4-word-order-embrace-the-flexibility\">4. Orden de las palabras &#8211; \u00a1Abraza la flexibilidad!<\/h3>\n\n\n\n<p>Una de las muchas ventajas de la gram\u00e1tica alemana es la flexibilidad del orden de las palabras. A diferencia del ingl\u00e9s, que suele seguir un patr\u00f3n estricto sujeto-verbo-objeto, las frases alemanas pueden variar en su estructura. La clave est\u00e1 en comprender la importancia de la posici\u00f3n del verbo, que suele ocupar el segundo lugar en una oraci\u00f3n principal y el \u00faltimo en una subordinada.<\/p>\n\n\n\n<p>Consejo: Para familiarizarse con el orden de las palabras, intente traducir al alem\u00e1n frases sencillas en ingl\u00e9s y reord\u00e9nelas manteniendo el verbo en su lugar. Esto le ayudar\u00e1 a ser m\u00e1s h\u00e1bil en la elaboraci\u00f3n de frases matizadas y expresivas en alem\u00e1n.<\/p>\n\n\n\n<h3 class=\"wp-block-heading\" id=\"h-5-prepositions-think-in-german\">5. Preposiciones &#8211; \u00a1Piensa en alem\u00e1n!<\/h3>\n\n\n\n<p>Sin duda, la parte m\u00e1s complicada del aprendizaje de la gram\u00e1tica alemana es el dominio de las preposiciones. Aunque las preposiciones existen en espa\u00f1ol y tienen una funci\u00f3n similar, su uso en alem\u00e1n es diferente y a menudo requiere que \u00abpienses en alem\u00e1n\u00bb para seleccionar la correcta. Por ejemplo, la preposici\u00f3n inglesa \u00abin\u00bb puede traducirse a \u00aben\u00bb, \u00aban\u00bb o \u00abauf\u00bb en alem\u00e1n, seg\u00fan el contexto.<\/p>\n\n\n\n<p>Consejo: Crea fichas con preposiciones comunes y sus equivalentes en ingl\u00e9s. Practica su uso en frases y conc\u00e9ntrate en los contextos espec\u00edficos en los que se utiliza cada preposici\u00f3n.<\/p>\n\n\n\n<h3 class=\"wp-block-heading\" id=\"h-conclusion\">Conclusi\u00f3n:<\/h3>\n\n\n\n<p>La gram\u00e1tica alemana puede parecer desalentadora al principio, pero con pr\u00e1ctica dedicada, paciencia y concentraci\u00f3n en la comprensi\u00f3n de las reglas y patrones subyacentes, pronto construir\u00e1s frases sofisticadas con facilidad. Al comprender los entresijos de la gram\u00e1tica alemana, los angloparlantes no s\u00f3lo mejorar\u00e1n sus conocimientos ling\u00fc\u00edsticos, sino que tambi\u00e9n desarrollar\u00e1n un nuevo aprecio por esta hermosa y compleja lengua. \u00a1Ahora, auf geht&#8217;s! Es hora de sumergirse en el mundo de la gram\u00e1tica alemana y liberar todo su potencial de aprendizaje de idiomas.<\/p>\n<\/div><\/div>\n\r\n<section class=\"learnNavigationSection\">\r\n            \r\n        <a href=\"https:\/\/talkpal.ai\/es\/aprender-aleman\/\">\r\n            <div class=\"learnNavigationWrapper\">\r\n                <div class=\"learnNavigationContent\">\r\n                    <img decoding=\"async\" src=\"https:\/\/talkpal.ai\/wp-content\/uploads\/2024\/08\/German.jpg\" alt=\"German Flag\">\r\n                    <div>\r\n                        <h4>Sobre el aprendizaje del alem\u00e1n<\/h4>\r\n                        <p>Desc\u00fabrelo todo sobre la gram\u00e1tica alemana.<\/p>\r\n                    <\/div>\r\n                <\/div>\r\n            <\/div>\r\n        <\/a>\r\n\r\n        \r\n        <a href=\"https:\/\/talkpal.ai\/es\/ejercicios-de-gramatica-alemana\/\">\r\n            <div class=\"learnNavigationWrapper\">\r\n                <div class=\"learnNavigationContent\">\r\n                    <img decoding=\"async\" src=\"https:\/\/talkpal.ai\/wp-content\/uploads\/2024\/08\/German.jpg\" alt=\"German Flag\">\r\n                    <div>\r\n                        <h4>Ejercicio de gram\u00e1tica alemana<\/h4>\r\n                        <p>Practicar la gram\u00e1tica alemana.<\/p>\r\n                    <\/div>\r\n                <\/div>\r\n            <\/div>\r\n        <\/a>\r\n\r\n        \r\n        <a href=\"https:\/\/talkpal.ai\/vocabulary_language\/german\/\">\r\n            <div class=\"learnNavigationWrapper\">\r\n                <div class=\"learnNavigationContent\">\r\n                    <img decoding=\"async\" src=\"https:\/\/talkpal.ai\/wp-content\/uploads\/2024\/08\/German.jpg\" alt=\"German Flag\">\r\n                    <div>\r\n                        <h4>Vocabulario alem\u00e1n<\/h4>\r\n                        <p>Ampl\u00eda tu vocabulario de alem\u00e1n.<\/p>\r\n                    <\/div>\r\n                <\/div>\r\n            <\/div>\r\n        <\/a>\r\n\r\n            <\/section>","protected":false},"excerpt":{"rendered":"<p>Desentra\u00f1ar las complejidades de la gram\u00e1tica alemana Aprender alem\u00e1n puede ser una tarea apasionante y gratificante. No s\u00f3lo podr\u00e1s hablar con m\u00e1s de 130 millones de personas de todo el mundo, sino que tambi\u00e9n tendr\u00e1s acceso a una gran cantidad de literatura, m\u00fasica e historia cultural. Como con cualquier otro idioma, dominar el alem\u00e1n requiere [&hellip;]<\/p>\n","protected":false},"author":1,"featured_media":665,"parent":0,"menu_order":0,"comment_status":"closed","ping_status":"closed","template":"LearningContentPage.php","meta":{"_acf_changed":false,"footnotes":""},"class_list":["post-2909","page","type-page","status-publish","has-post-thumbnail","hentry"],"acf":[],"yoast_head":"<!-- This site is optimized with the Yoast SEO Premium plugin v27.2 (Yoast SEO v27.2) - https:\/\/yoast.com\/product\/yoast-seo-premium-wordpress\/ -->\n<title>Gram\u00e1tica alemana - Talkpal<\/title>\n<meta name=\"description\" content=\"Aprende gram\u00e1tica alemana f\u00e1cilmente: comprende las reglas esenciales, practica la construcci\u00f3n de frases y habla con claridad con la ayuda de la IA de Talkpalcon la ayuda de la IA.\" \/>\n<meta name=\"robots\" content=\"index, follow, max-snippet:-1, max-image-preview:large, max-video-preview:-1\" \/>\n<link rel=\"canonical\" href=\"https:\/\/talkpal.ai\/es\/gramatica-alemana\/\" \/>\n<meta property=\"og:locale\" content=\"es_ES\" \/>\n<meta property=\"og:type\" content=\"article\" \/>\n<meta property=\"og:title\" content=\"Gram\u00e1tica alemana\" \/>\n<meta property=\"og:description\" content=\"Desentra\u00f1ar las complejidades de la gram\u00e1tica alemana Aprender alem\u00e1n puede ser una tarea apasionante y gratificante. No s\u00f3lo podr\u00e1s hablar con m\u00e1s de 130\" \/>\n<meta property=\"og:url\" content=\"https:\/\/talkpal.ai\/es\/gramatica-alemana\/\" \/>\n<meta property=\"og:site_name\" content=\"Talkpal\" \/>\n<meta property=\"article:publisher\" content=\"https:\/\/www.facebook.com\/profile.php?id=100090733639311\" \/>\n<meta property=\"article:modified_time\" content=\"2025-05-22T19:21:59+00:00\" \/>\n<meta property=\"og:image\" content=\"https:\/\/talkpal.ai\/wp-content\/uploads\/2023\/03\/germany.png\" \/>\n\t<meta property=\"og:image:width\" content=\"512\" \/>\n\t<meta property=\"og:image:height\" content=\"512\" \/>\n\t<meta property=\"og:image:type\" content=\"image\/png\" \/>\n<meta name=\"twitter:card\" content=\"summary_large_image\" \/>\n<meta name=\"twitter:site\" content=\"@talkpalai\" \/>\n<meta name=\"twitter:label1\" content=\"Tiempo de lectura\" \/>\n\t<meta name=\"twitter:data1\" content=\"4 minutos\" \/>\n<script type=\"application\/ld+json\" class=\"yoast-schema-graph\">{\"@context\":\"https:\/\/schema.org\",\"@graph\":[{\"@type\":\"WebPage\",\"@id\":\"https:\/\/talkpal.ai\/es\/gramatica-alemana\/\",\"url\":\"https:\/\/talkpal.ai\/es\/gramatica-alemana\/\",\"name\":\"Gram\u00e1tica alemana - Talkpal\",\"isPartOf\":{\"@id\":\"https:\/\/talkpal.ai\/es\/#website\"},\"primaryImageOfPage\":{\"@id\":\"https:\/\/talkpal.ai\/es\/gramatica-alemana\/#primaryimage\"},\"image\":{\"@id\":\"https:\/\/talkpal.ai\/es\/gramatica-alemana\/#primaryimage\"},\"thumbnailUrl\":\"https:\/\/talkpal.ai\/wp-content\/uploads\/2023\/03\/germany.png\",\"datePublished\":\"2023-03-26T11:40:15+00:00\",\"dateModified\":\"2025-05-22T19:21:59+00:00\",\"description\":\"Aprende gram\u00e1tica alemana f\u00e1cilmente: comprende las reglas esenciales, practica la construcci\u00f3n de frases y habla con claridad con la ayuda de la IA de Talkpalcon la ayuda de la IA.\",\"breadcrumb\":{\"@id\":\"https:\/\/talkpal.ai\/es\/gramatica-alemana\/#breadcrumb\"},\"inLanguage\":\"es\",\"potentialAction\":[{\"@type\":\"ReadAction\",\"target\":[\"https:\/\/talkpal.ai\/es\/gramatica-alemana\/\"]}]},{\"@type\":\"ImageObject\",\"inLanguage\":\"es\",\"@id\":\"https:\/\/talkpal.ai\/es\/gramatica-alemana\/#primaryimage\",\"url\":\"https:\/\/talkpal.ai\/wp-content\/uploads\/2023\/03\/germany.png\",\"contentUrl\":\"https:\/\/talkpal.ai\/wp-content\/uploads\/2023\/03\/germany.png\",\"width\":512,\"height\":512,\"caption\":\"TalkPal AI learn German\"},{\"@type\":\"BreadcrumbList\",\"@id\":\"https:\/\/talkpal.ai\/es\/gramatica-alemana\/#breadcrumb\",\"itemListElement\":[{\"@type\":\"ListItem\",\"position\":1,\"name\":\"Homepage\",\"item\":\"https:\/\/talkpal.ai\/es\/\"},{\"@type\":\"ListItem\",\"position\":2,\"name\":\"Gram\u00e1tica alemana\"}]},{\"@type\":\"WebSite\",\"@id\":\"https:\/\/talkpal.ai\/es\/#website\",\"url\":\"https:\/\/talkpal.ai\/es\/\",\"name\":\"Talkpal\",\"description\":\"AI Language Learning\",\"publisher\":{\"@id\":\"https:\/\/talkpal.ai\/es\/#organization\"},\"alternateName\":\"Talkpal AI\",\"potentialAction\":[{\"@type\":\"SearchAction\",\"target\":{\"@type\":\"EntryPoint\",\"urlTemplate\":\"https:\/\/talkpal.ai\/es\/?s={search_term_string}\"},\"query-input\":{\"@type\":\"PropertyValueSpecification\",\"valueRequired\":true,\"valueName\":\"search_term_string\"}}],\"inLanguage\":\"es\"},{\"@type\":\"Organization\",\"@id\":\"https:\/\/talkpal.ai\/es\/#organization\",\"name\":\"Talkpal, Inc.\",\"alternateName\":\"Talkpal AI\",\"url\":\"https:\/\/talkpal.ai\/es\/\",\"logo\":{\"@type\":\"ImageObject\",\"inLanguage\":\"es\",\"@id\":\"https:\/\/talkpal.ai\/es\/#\/schema\/logo\/image\/\",\"url\":\"https:\/\/talkpal.ai\/wp-content\/uploads\/2024\/03\/Talkpal-Logo-Icon.png\",\"contentUrl\":\"https:\/\/talkpal.ai\/wp-content\/uploads\/2024\/03\/Talkpal-Logo-Icon.png\",\"width\":2880,\"height\":2880,\"caption\":\"Talkpal, Inc.\"},\"image\":{\"@id\":\"https:\/\/talkpal.ai\/es\/#\/schema\/logo\/image\/\"},\"sameAs\":[\"https:\/\/www.facebook.com\/profile.php?id=100090733639311\",\"https:\/\/x.com\/talkpalai\",\"https:\/\/www.linkedin.com\/company\/talkpal\/\",\"https:\/\/www.youtube.com\/@TalkPal\/\",\"https:\/\/www.tiktok.com\/@talkpal\",\"https:\/\/www.instagram.com\/talkpal_ai\/\",\"https:\/\/www.crunchbase.com\/organization\/talkpal-9cde\",\"https:\/\/www.g2.com\/products\/talkpal-for-business\/\",\"https:\/\/www.trustpilot.com\/review\/talkpal.ai\",\"https:\/\/www.capterra.com\/p\/10006800\/TalkPal\/\"],\"description\":\"Talkpal is a language learning web and mobile education app, powered by the latest AI technologies, that provides engaging experiences to its customers in many different languages to help them improve their language skills. Users can chat about unlimited amount of topics with the app and use other modes to practice their language learning.\",\"email\":\"support@talkpal.ai\",\"legalName\":\"Talkpal, Inc.\",\"foundingDate\":\"2023-04-03\",\"duns\":\"118989042\",\"numberOfEmployees\":{\"@type\":\"QuantitativeValue\",\"minValue\":\"11\",\"maxValue\":\"50\"},\"publishingPrinciples\":\"https:\/\/talkpal.ai\/publishing-principles\/\",\"actionableFeedbackPolicy\":\"https:\/\/talkpal.ai\/actionable-feedback-policy\/\",\"correctionsPolicy\":\"https:\/\/talkpal.ai\/corrections-policy\/\",\"ethicsPolicy\":\"https:\/\/talkpal.ai\/ethics-policy\/\",\"diversityPolicy\":\"https:\/\/talkpal.ai\/diversity-policy\/\",\"diversityStaffingReport\":\"https:\/\/talkpal.ai\/diversity-policy\/\"}]}<\/script>\n<!-- \/ Yoast SEO Premium plugin. -->","yoast_head_json":{"title":"Gram\u00e1tica alemana - Talkpal","description":"Aprende gram\u00e1tica alemana f\u00e1cilmente: comprende las reglas esenciales, practica la construcci\u00f3n de frases y habla con claridad con la ayuda de la IA de Talkpalcon la ayuda de la IA.","robots":{"index":"index","follow":"follow","max-snippet":"max-snippet:-1","max-image-preview":"max-image-preview:large","max-video-preview":"max-video-preview:-1"},"canonical":"https:\/\/talkpal.ai\/es\/gramatica-alemana\/","og_locale":"es_ES","og_type":"article","og_title":"Gram\u00e1tica alemana","og_description":"Desentra\u00f1ar las complejidades de la gram\u00e1tica alemana Aprender alem\u00e1n puede ser una tarea apasionante y gratificante. No s\u00f3lo podr\u00e1s hablar con m\u00e1s de 130","og_url":"https:\/\/talkpal.ai\/es\/gramatica-alemana\/","og_site_name":"Talkpal","article_publisher":"https:\/\/www.facebook.com\/profile.php?id=100090733639311","article_modified_time":"2025-05-22T19:21:59+00:00","og_image":[{"width":512,"height":512,"url":"https:\/\/talkpal.ai\/wp-content\/uploads\/2023\/03\/germany.png","type":"image\/png"}],"twitter_card":"summary_large_image","twitter_site":"@talkpalai","twitter_misc":{"Tiempo de lectura":"4 minutos"},"schema":{"@context":"https:\/\/schema.org","@graph":[{"@type":"WebPage","@id":"https:\/\/talkpal.ai\/es\/gramatica-alemana\/","url":"https:\/\/talkpal.ai\/es\/gramatica-alemana\/","name":"Gram\u00e1tica alemana - Talkpal","isPartOf":{"@id":"https:\/\/talkpal.ai\/es\/#website"},"primaryImageOfPage":{"@id":"https:\/\/talkpal.ai\/es\/gramatica-alemana\/#primaryimage"},"image":{"@id":"https:\/\/talkpal.ai\/es\/gramatica-alemana\/#primaryimage"},"thumbnailUrl":"https:\/\/talkpal.ai\/wp-content\/uploads\/2023\/03\/germany.png","datePublished":"2023-03-26T11:40:15+00:00","dateModified":"2025-05-22T19:21:59+00:00","description":"Aprende gram\u00e1tica alemana f\u00e1cilmente: comprende las reglas esenciales, practica la construcci\u00f3n de frases y habla con claridad con la ayuda de la IA de Talkpalcon la ayuda de la IA.","breadcrumb":{"@id":"https:\/\/talkpal.ai\/es\/gramatica-alemana\/#breadcrumb"},"inLanguage":"es","potentialAction":[{"@type":"ReadAction","target":["https:\/\/talkpal.ai\/es\/gramatica-alemana\/"]}]},{"@type":"ImageObject","inLanguage":"es","@id":"https:\/\/talkpal.ai\/es\/gramatica-alemana\/#primaryimage","url":"https:\/\/talkpal.ai\/wp-content\/uploads\/2023\/03\/germany.png","contentUrl":"https:\/\/talkpal.ai\/wp-content\/uploads\/2023\/03\/germany.png","width":512,"height":512,"caption":"TalkPal AI learn German"},{"@type":"BreadcrumbList","@id":"https:\/\/talkpal.ai\/es\/gramatica-alemana\/#breadcrumb","itemListElement":[{"@type":"ListItem","position":1,"name":"Homepage","item":"https:\/\/talkpal.ai\/es\/"},{"@type":"ListItem","position":2,"name":"Gram\u00e1tica alemana"}]},{"@type":"WebSite","@id":"https:\/\/talkpal.ai\/es\/#website","url":"https:\/\/talkpal.ai\/es\/","name":"Talkpal","description":"AI Language Learning","publisher":{"@id":"https:\/\/talkpal.ai\/es\/#organization"},"alternateName":"Talkpal AI","potentialAction":[{"@type":"SearchAction","target":{"@type":"EntryPoint","urlTemplate":"https:\/\/talkpal.ai\/es\/?s={search_term_string}"},"query-input":{"@type":"PropertyValueSpecification","valueRequired":true,"valueName":"search_term_string"}}],"inLanguage":"es"},{"@type":"Organization","@id":"https:\/\/talkpal.ai\/es\/#organization","name":"Talkpal, Inc.","alternateName":"Talkpal AI","url":"https:\/\/talkpal.ai\/es\/","logo":{"@type":"ImageObject","inLanguage":"es","@id":"https:\/\/talkpal.ai\/es\/#\/schema\/logo\/image\/","url":"https:\/\/talkpal.ai\/wp-content\/uploads\/2024\/03\/Talkpal-Logo-Icon.png","contentUrl":"https:\/\/talkpal.ai\/wp-content\/uploads\/2024\/03\/Talkpal-Logo-Icon.png","width":2880,"height":2880,"caption":"Talkpal, Inc."},"image":{"@id":"https:\/\/talkpal.ai\/es\/#\/schema\/logo\/image\/"},"sameAs":["https:\/\/www.facebook.com\/profile.php?id=100090733639311","https:\/\/x.com\/talkpalai","https:\/\/www.linkedin.com\/company\/talkpal\/","https:\/\/www.youtube.com\/@TalkPal\/","https:\/\/www.tiktok.com\/@talkpal","https:\/\/www.instagram.com\/talkpal_ai\/","https:\/\/www.crunchbase.com\/organization\/talkpal-9cde","https:\/\/www.g2.com\/products\/talkpal-for-business\/","https:\/\/www.trustpilot.com\/review\/talkpal.ai","https:\/\/www.capterra.com\/p\/10006800\/TalkPal\/"],"description":"Talkpal is a language learning web and mobile education app, powered by the latest AI technologies, that provides engaging experiences to its customers in many different languages to help them improve their language skills. Users can chat about unlimited amount of topics with the app and use other modes to practice their language learning.","email":"support@talkpal.ai","legalName":"Talkpal, Inc.","foundingDate":"2023-04-03","duns":"118989042","numberOfEmployees":{"@type":"QuantitativeValue","minValue":"11","maxValue":"50"},"publishingPrinciples":"https:\/\/talkpal.ai\/publishing-principles\/","actionableFeedbackPolicy":"https:\/\/talkpal.ai\/actionable-feedback-policy\/","correctionsPolicy":"https:\/\/talkpal.ai\/corrections-policy\/","ethicsPolicy":"https:\/\/talkpal.ai\/ethics-policy\/","diversityPolicy":"https:\/\/talkpal.ai\/diversity-policy\/","diversityStaffingReport":"https:\/\/talkpal.ai\/diversity-policy\/"}]}},"_links":{"self":[{"href":"https:\/\/talkpal.ai\/es\/wp-json\/wp\/v2\/pages\/2909","targetHints":{"allow":["GET"]}}],"collection":[{"href":"https:\/\/talkpal.ai\/es\/wp-json\/wp\/v2\/pages"}],"about":[{"href":"https:\/\/talkpal.ai\/es\/wp-json\/wp\/v2\/types\/page"}],"author":[{"embeddable":true,"href":"https:\/\/talkpal.ai\/es\/wp-json\/wp\/v2\/users\/1"}],"replies":[{"embeddable":true,"href":"https:\/\/talkpal.ai\/es\/wp-json\/wp\/v2\/comments?post=2909"}],"version-history":[{"count":0,"href":"https:\/\/talkpal.ai\/es\/wp-json\/wp\/v2\/pages\/2909\/revisions"}],"wp:featuredmedia":[{"embeddable":true,"href":"https:\/\/talkpal.ai\/es\/wp-json\/wp\/v2\/media\/665"}],"wp:attachment":[{"href":"https:\/\/talkpal.ai\/es\/wp-json\/wp\/v2\/media?parent=2909"}],"curies":[{"name":"wp","href":"https:\/\/api.w.org\/{rel}","templated":true}]}}